{"id":1002,"date":"2024-12-04T09:35:56","date_gmt":"2024-12-04T09:35:56","guid":{"rendered":"https:\/\/vitaminai.lt\/?post_type=product&#038;p=1002"},"modified":"2026-04-02T15:04:37","modified_gmt":"2026-04-02T13:04:37","slug":"collagen-10-000hialiurono-rugstisvitaminas-c-n14n14","status":"publish","type":"product","link":"https:\/\/vitaminai.lt\/en\/produktas\/collagen-10-000hialiurono-rugstisvitaminas-c-n14n14\/","title":{"rendered":"1+1 Collagen 10 000 (su hialiurono r\u016bg\u0161timi ir vitaminu C) N14+N14"},"content":{"rendered":"<h3 data-start=\"205\" data-end=\"230\"><strong data-start=\"209\" data-end=\"228\">COLLAGEN 10 000<\/strong><\/h3>\n<p data-start=\"231\" data-end=\"344\"><strong data-start=\"231\" data-end=\"344\">Maisto papildas | 28 buteliukai po 25 ml (dvi pakuot\u0117s po 14 buteliuk\u0173) | Skystas maisto papildas su saldikliais, ananas\u0173 skonio<\/strong><\/p>\n<hr data-start=\"346\" data-end=\"349\" \/>\n<p data-start=\"269\" data-end=\"388\"><strong>Kolagenas \u2013<\/strong>\u00a0baltymin\u0117s kilm\u0117s med\u017eiaga, nat\u016braliai randama \u017emogaus organizme. Hidrolizuotas kolagenas naudojamas maisto papild\u0173 sud\u0117tyje kaip baltym\u0173 \u0161altinis.<\/p>\n<hr data-start=\"390\" data-end=\"393\" \/>\n<p data-start=\"395\" data-end=\"449\"><strong data-start=\"399\" data-end=\"449\">Pagrindin\u0117s sudedamosios dalys ir j\u0173 poveikis:<\/strong><\/p>\n<p data-start=\"451\" data-end=\"590\"><strong data-start=\"451\" data-end=\"495\">Hidrolizuotas \u017euv\u0173 kolagenas (10 000 mg)<\/strong>\u00a0\u2013 baltymin\u0117s kilm\u0117s med\u017eiaga, nat\u016braliai randama \u017emogaus organizme. Hidrolizuotas kolagenas naudojamas maisto papild\u0173 sud\u0117tyje kaip baltym\u0173 \u0161altinis.<\/p>\n<p data-start=\"592\" data-end=\"684\"><strong data-start=\"592\" data-end=\"620\">Hialurono r\u016bg\u0161tis (5 mg)<\/strong>\u00a0\u2013 hialurono r\u016bg\u0161tis yra nat\u016braliai organizme randama med\u017eiaga, da\u017enai naudojama maisto papild\u0173 sud\u0117ty<\/p>\n<p data-start=\"686\" data-end=\"842\"><strong data-start=\"686\" data-end=\"721\">Vitaminas C (80 mg | 100 % RMV)<\/strong>\u00a0\u2013 prisideda prie normalaus kolageno susidarymo, reikalingo normaliai odos, kaul\u0173, kremzli\u0173, dant\u0173 ir kraujagysli\u0173 funkcijai. Taip pat jis padeda apsaugoti l\u0105steles nuo oksidacin\u0117s pa\u017eaidos ir prisideda prie normalios energijos apykaitos.<\/p>\n<hr data-start=\"844\" data-end=\"847\" \/>\n<p data-start=\"849\" data-end=\"882\"><strong data-start=\"853\" data-end=\"882\">Kam skirtas \u0161is papildas?<\/strong><\/p>\n<p data-start=\"884\" data-end=\"1099\">Tiems, kurie siekia papildyti kasdien\u0119 mityb\u0105 kolagenu ir vitaminu C;<\/p>\n<p data-start=\"884\" data-end=\"1099\">Asmenims, norintiems skatinti kolageno gamyb\u0105 ir i\u0161saugoti odos jaunyst\u0119;<\/p>\n<p data-start=\"884\" data-end=\"1099\">\u017dmon\u0117ms, kuriems svarbi energijos apykaita ir visapusi\u0161ka l\u0105steli\u0173 apsauga.<\/p>\n","protected":false},"excerpt":{"rendered":"<p>COLLAGEN 10 000 Maisto papildas | 28 buteliukai po 25 ml (dvi pakuot\u0117s po 14 buteliuk\u0173) | Skystas maisto papildas su saldikliais, ananas\u0173 skonio Kolagenas \u2013\u00a0baltymin\u0117s kilm\u0117s med\u017eiaga, nat\u016braliai randama \u017emogaus organizme. Hidrolizuotas kolagenas naudojamas maisto papild\u0173 sud\u0117tyje kaip baltym\u0173 \u0161altinis. Pagrindin\u0117s sudedamosios dalys ir j\u0173 poveikis: Hidrolizuotas \u017euv\u0173 kolagenas (10 000 mg)\u00a0\u2013 baltymin\u0117s kilm\u0117s [&hellip;]<\/p>\n","protected":false},"featured_media":1043,"comment_status":"open","ping_status":"closed","template":"","meta":[],"product_brand":[],"product_cat":[394,287,398,286,280,261,371,283,314,376,257,367,368,33,41,243,244,245,246,247,249,250,252,253,20,47,177,172,52,54,55,18,29,23,31,30,34,73,80,96],"product_tag":[],"class_list":{"0":"post-1002","1":"product","2":"type-product","3":"status-publish","4":"has-post-thumbnail","6":"product_cat-11-pasiulymai","7":"product_cat-baltymu-sintezei-privalumai","8":"product_cat-kolagenai","9":"product_cat-kolageno-sintezei-privalumai","10":"product_cat-medziagu-apykaitai-privalumai","11":"product_cat-nagams-privalumai","12":"product_cat-nagams-pagrindines-kategorijos","13":"product_cat-odos-buklei","14":"product_cat-plaukams-privalumai","15":"product_cat-populiariausi-produktai","16":"product_cat-privalumai","17":"product_cat-sanariams-pagrindines-kategorijos","18":"product_cat-sportuojantiems-pagrindines-kategorijos","19":"product_cat-maisto-papildo-forma","20":"product_cat-skystieji-maisto-papildai","21":"product_cat-pagrindines-kategorijos","22":"product_cat-moterims","23":"product_cat-vyrams","24":"product_cat-groziui-2","25":"product_cat-energijai-pagrindines-kategorijos","26":"product_cat-nervu-sistemai-pagrindines-kategorijos","27":"product_cat-sirdziai","28":"product_cat-odai-pagrindines-kategorijos","29":"product_cat-plaukams-pagrindines-kategorijos","30":"product_cat-paskirtis","31":"product_cat-groziui","32":"product_cat-kolageno-susidarymui","33":"product_cat-medziagu-apykaitai","34":"product_cat-nagams","35":"product_cat-odai","36":"product_cat-plaukams","37":"product_cat-vartotojas","38":"product_cat-moterys","39":"product_cat-paaugliai","40":"product_cat-senjorai","41":"product_cat-vyrai","42":"product_cat-veiklioji-medziaga","43":"product_cat-hialurono-rugst","44":"product_cat-kolagenas","45":"product_cat-vitaminas-c","47":"first","48":"instock","49":"sale","50":"shipping-taxable","51":"purchasable","52":"product-type-simple"},"yoast_head":"<!-- This site is optimized with the Yoast SEO plugin v26.6 - https:\/\/yoast.com\/wordpress\/plugins\/seo\/ -->\n<title>1+1 Collagen 10 000 (su hialiurono r\u016bg\u0161timi ir vitaminu C) N14+N14 - Vitaminai ir maisto papildai internetu | Vitaminai.lt<\/title>\n<meta name=\"robots\" content=\"index, follow, max-snippet:-1, max-image-preview:large, max-video-preview:-1\" \/>\n<link rel=\"canonical\" href=\"https:\/\/vitaminai.lt\/produktas\/collagen-10-000hialiurono-rugstisvitaminas-c-n14n14\/\" \/>\n<meta property=\"og:locale\" content=\"en_US\" \/>\n<meta property=\"og:type\" content=\"article\" \/>\n<meta property=\"og:title\" content=\"1+1 Collagen 10 000 (su hialiurono r\u016bg\u0161timi ir vitaminu C) N14+N14 - Vitaminai ir maisto papildai internetu | Vitaminai.lt\" \/>\n<meta property=\"og:description\" content=\"COLLAGEN 10 000 Maisto papildas | 28 buteliukai po 25 ml (dvi pakuot\u0117s po 14 buteliuk\u0173) | Skystas maisto papildas su saldikliais, ananas\u0173 skonio Kolagenas \u2013\u00a0baltymin\u0117s kilm\u0117s med\u017eiaga, nat\u016braliai randama \u017emogaus organizme. Hidrolizuotas kolagenas naudojamas maisto papild\u0173 sud\u0117tyje kaip baltym\u0173 \u0161altinis. Pagrindin\u0117s sudedamosios dalys ir j\u0173 poveikis: Hidrolizuotas \u017euv\u0173 kolagenas (10 000 mg)\u00a0\u2013 baltymin\u0117s kilm\u0117s [&hellip;]\" \/>\n<meta property=\"og:url\" content=\"https:\/\/vitaminai.lt\/produktas\/collagen-10-000hialiurono-rugstisvitaminas-c-n14n14\/\" \/>\n<meta property=\"og:site_name\" content=\"Vitaminai ir maisto papildai internetu | Vitaminai.lt\" \/>\n<meta property=\"article:publisher\" content=\"https:\/\/www.facebook.com\/vitaminai\/\" \/>\n<meta property=\"article:modified_time\" content=\"2026-04-02T13:04:37+00:00\" \/>\n<meta property=\"og:image\" content=\"https:\/\/vitaminai.lt\/wp-content\/uploads\/2024\/12\/Rinkiniai-05-1024x999.png\" \/>\n\t<meta property=\"og:image:width\" content=\"1024\" \/>\n\t<meta property=\"og:image:height\" content=\"999\" \/>\n\t<meta property=\"og:image:type\" content=\"image\/png\" \/>\n<meta name=\"twitter:card\" content=\"summary_large_image\" \/>\n<meta name=\"twitter:label1\" content=\"Est. reading time\" \/>\n\t<meta name=\"twitter:data1\" content=\"2 minutes\" \/>\n<script type=\"application\/ld+json\" class=\"yoast-schema-graph\">{\"@context\":\"https:\/\/schema.org\",\"@graph\":[{\"@type\":\"WebPage\",\"@id\":\"https:\/\/vitaminai.lt\/produktas\/collagen-10-000hialiurono-rugstisvitaminas-c-n14n14\/\",\"url\":\"https:\/\/vitaminai.lt\/produktas\/collagen-10-000hialiurono-rugstisvitaminas-c-n14n14\/\",\"name\":\"1+1 Collagen 10 000 (su hialiurono r\u016bg\u0161timi ir vitaminu C) N14+N14 - Vitaminai ir maisto papildai internetu | Vitaminai.lt\",\"isPartOf\":{\"@id\":\"https:\/\/vitaminai.lt\/#website\"},\"primaryImageOfPage\":{\"@id\":\"https:\/\/vitaminai.lt\/produktas\/collagen-10-000hialiurono-rugstisvitaminas-c-n14n14\/#primaryimage\"},\"image\":{\"@id\":\"https:\/\/vitaminai.lt\/produktas\/collagen-10-000hialiurono-rugstisvitaminas-c-n14n14\/#primaryimage\"},\"thumbnailUrl\":\"https:\/\/vitaminai.lt\/wp-content\/uploads\/2024\/12\/Rinkiniai-05.png\",\"datePublished\":\"2024-12-04T09:35:56+00:00\",\"dateModified\":\"2026-04-02T13:04:37+00:00\",\"breadcrumb\":{\"@id\":\"https:\/\/vitaminai.lt\/produktas\/collagen-10-000hialiurono-rugstisvitaminas-c-n14n14\/#breadcrumb\"},\"inLanguage\":\"en-US\",\"potentialAction\":[{\"@type\":\"ReadAction\",\"target\":[\"https:\/\/vitaminai.lt\/produktas\/collagen-10-000hialiurono-rugstisvitaminas-c-n14n14\/\"]}]},{\"@type\":\"ImageObject\",\"inLanguage\":\"en-US\",\"@id\":\"https:\/\/vitaminai.lt\/produktas\/collagen-10-000hialiurono-rugstisvitaminas-c-n14n14\/#primaryimage\",\"url\":\"https:\/\/vitaminai.lt\/wp-content\/uploads\/2024\/12\/Rinkiniai-05.png\",\"contentUrl\":\"https:\/\/vitaminai.lt\/wp-content\/uploads\/2024\/12\/Rinkiniai-05.png\",\"width\":4594,\"height\":4483},{\"@type\":\"BreadcrumbList\",\"@id\":\"https:\/\/vitaminai.lt\/produktas\/collagen-10-000hialiurono-rugstisvitaminas-c-n14n14\/#breadcrumb\",\"itemListElement\":[{\"@type\":\"ListItem\",\"position\":1,\"name\":\"Home\",\"item\":\"https:\/\/vitaminai.lt\/\"},{\"@type\":\"ListItem\",\"position\":2,\"name\":\"Produktai\",\"item\":\"https:\/\/vitaminai.lt\/produktai\/\"},{\"@type\":\"ListItem\",\"position\":3,\"name\":\"1+1 Collagen 10 000 (su hialiurono r\u016bg\u0161timi ir vitaminu C) N14+N14\"}]},{\"@type\":\"WebSite\",\"@id\":\"https:\/\/vitaminai.lt\/#website\",\"url\":\"https:\/\/vitaminai.lt\/\",\"name\":\"Vitaminai ir maisto papildai internetu | Vitaminai.lt\",\"description\":\"\",\"publisher\":{\"@id\":\"https:\/\/vitaminai.lt\/#organization\"},\"potentialAction\":[{\"@type\":\"SearchAction\",\"target\":{\"@type\":\"EntryPoint\",\"urlTemplate\":\"https:\/\/vitaminai.lt\/?s={search_term_string}\"},\"query-input\":{\"@type\":\"PropertyValueSpecification\",\"valueRequired\":true,\"valueName\":\"search_term_string\"}}],\"inLanguage\":\"en-US\"},{\"@type\":\"Organization\",\"@id\":\"https:\/\/vitaminai.lt\/#organization\",\"name\":\"Vitaminai ir maisto papildai internetu | Vitaminai.lt\",\"url\":\"https:\/\/vitaminai.lt\/\",\"logo\":{\"@type\":\"ImageObject\",\"inLanguage\":\"en-US\",\"@id\":\"https:\/\/vitaminai.lt\/#\/schema\/logo\/image\/\",\"url\":\"https:\/\/vitaminai.lt\/wp-content\/uploads\/2025\/01\/g212.png\",\"contentUrl\":\"https:\/\/vitaminai.lt\/wp-content\/uploads\/2025\/01\/g212.png\",\"width\":313,\"height\":74,\"caption\":\"Vitaminai ir maisto papildai internetu | Vitaminai.lt\"},\"image\":{\"@id\":\"https:\/\/vitaminai.lt\/#\/schema\/logo\/image\/\"},\"sameAs\":[\"https:\/\/www.facebook.com\/vitaminai\/\"]}]}<\/script>\n<!-- \/ Yoast SEO plugin. -->","yoast_head_json":{"title":"1+1 Collagen 10 000 (su hialiurono r\u016bg\u0161timi ir vitaminu C) N14+N14 - Vitaminai ir maisto papildai internetu | Vitaminai.lt","robots":{"index":"index","follow":"follow","max-snippet":"max-snippet:-1","max-image-preview":"max-image-preview:large","max-video-preview":"max-video-preview:-1"},"canonical":"https:\/\/vitaminai.lt\/produktas\/collagen-10-000hialiurono-rugstisvitaminas-c-n14n14\/","og_locale":"en_US","og_type":"article","og_title":"1+1 Collagen 10 000 (su hialiurono r\u016bg\u0161timi ir vitaminu C) N14+N14 - Vitaminai ir maisto papildai internetu | Vitaminai.lt","og_description":"COLLAGEN 10 000 Maisto papildas | 28 buteliukai po 25 ml (dvi pakuot\u0117s po 14 buteliuk\u0173) | Skystas maisto papildas su saldikliais, ananas\u0173 skonio Kolagenas \u2013\u00a0baltymin\u0117s kilm\u0117s med\u017eiaga, nat\u016braliai randama \u017emogaus organizme. Hidrolizuotas kolagenas naudojamas maisto papild\u0173 sud\u0117tyje kaip baltym\u0173 \u0161altinis. Pagrindin\u0117s sudedamosios dalys ir j\u0173 poveikis: Hidrolizuotas \u017euv\u0173 kolagenas (10 000 mg)\u00a0\u2013 baltymin\u0117s kilm\u0117s [&hellip;]","og_url":"https:\/\/vitaminai.lt\/produktas\/collagen-10-000hialiurono-rugstisvitaminas-c-n14n14\/","og_site_name":"Vitaminai ir maisto papildai internetu | Vitaminai.lt","article_publisher":"https:\/\/www.facebook.com\/vitaminai\/","article_modified_time":"2026-04-02T13:04:37+00:00","og_image":[{"width":1024,"height":999,"url":"https:\/\/vitaminai.lt\/wp-content\/uploads\/2024\/12\/Rinkiniai-05-1024x999.png","type":"image\/png"}],"twitter_card":"summary_large_image","twitter_misc":{"Est. reading time":"2 minutes"},"schema":{"@context":"https:\/\/schema.org","@graph":[{"@type":"WebPage","@id":"https:\/\/vitaminai.lt\/produktas\/collagen-10-000hialiurono-rugstisvitaminas-c-n14n14\/","url":"https:\/\/vitaminai.lt\/produktas\/collagen-10-000hialiurono-rugstisvitaminas-c-n14n14\/","name":"1+1 Collagen 10 000 (su hialiurono r\u016bg\u0161timi ir vitaminu C) N14+N14 - Vitaminai ir maisto papildai internetu | Vitaminai.lt","isPartOf":{"@id":"https:\/\/vitaminai.lt\/#website"},"primaryImageOfPage":{"@id":"https:\/\/vitaminai.lt\/produktas\/collagen-10-000hialiurono-rugstisvitaminas-c-n14n14\/#primaryimage"},"image":{"@id":"https:\/\/vitaminai.lt\/produktas\/collagen-10-000hialiurono-rugstisvitaminas-c-n14n14\/#primaryimage"},"thumbnailUrl":"https:\/\/vitaminai.lt\/wp-content\/uploads\/2024\/12\/Rinkiniai-05.png","datePublished":"2024-12-04T09:35:56+00:00","dateModified":"2026-04-02T13:04:37+00:00","breadcrumb":{"@id":"https:\/\/vitaminai.lt\/produktas\/collagen-10-000hialiurono-rugstisvitaminas-c-n14n14\/#breadcrumb"},"inLanguage":"en-US","potentialAction":[{"@type":"ReadAction","target":["https:\/\/vitaminai.lt\/produktas\/collagen-10-000hialiurono-rugstisvitaminas-c-n14n14\/"]}]},{"@type":"ImageObject","inLanguage":"en-US","@id":"https:\/\/vitaminai.lt\/produktas\/collagen-10-000hialiurono-rugstisvitaminas-c-n14n14\/#primaryimage","url":"https:\/\/vitaminai.lt\/wp-content\/uploads\/2024\/12\/Rinkiniai-05.png","contentUrl":"https:\/\/vitaminai.lt\/wp-content\/uploads\/2024\/12\/Rinkiniai-05.png","width":4594,"height":4483},{"@type":"BreadcrumbList","@id":"https:\/\/vitaminai.lt\/produktas\/collagen-10-000hialiurono-rugstisvitaminas-c-n14n14\/#breadcrumb","itemListElement":[{"@type":"ListItem","position":1,"name":"Home","item":"https:\/\/vitaminai.lt\/"},{"@type":"ListItem","position":2,"name":"Produktai","item":"https:\/\/vitaminai.lt\/produktai\/"},{"@type":"ListItem","position":3,"name":"1+1 Collagen 10 000 (su hialiurono r\u016bg\u0161timi ir vitaminu C) N14+N14"}]},{"@type":"WebSite","@id":"https:\/\/vitaminai.lt\/#website","url":"https:\/\/vitaminai.lt\/","name":"Vitaminai ir maisto papildai internetu | Vitaminai.lt","description":"","publisher":{"@id":"https:\/\/vitaminai.lt\/#organization"},"potentialAction":[{"@type":"SearchAction","target":{"@type":"EntryPoint","urlTemplate":"https:\/\/vitaminai.lt\/?s={search_term_string}"},"query-input":{"@type":"PropertyValueSpecification","valueRequired":true,"valueName":"search_term_string"}}],"inLanguage":"en-US"},{"@type":"Organization","@id":"https:\/\/vitaminai.lt\/#organization","name":"Vitaminai ir maisto papildai internetu | Vitaminai.lt","url":"https:\/\/vitaminai.lt\/","logo":{"@type":"ImageObject","inLanguage":"en-US","@id":"https:\/\/vitaminai.lt\/#\/schema\/logo\/image\/","url":"https:\/\/vitaminai.lt\/wp-content\/uploads\/2025\/01\/g212.png","contentUrl":"https:\/\/vitaminai.lt\/wp-content\/uploads\/2025\/01\/g212.png","width":313,"height":74,"caption":"Vitaminai ir maisto papildai internetu | Vitaminai.lt"},"image":{"@id":"https:\/\/vitaminai.lt\/#\/schema\/logo\/image\/"},"sameAs":["https:\/\/www.facebook.com\/vitaminai\/"]}]}},"_links":{"self":[{"href":"https:\/\/vitaminai.lt\/en\/wp-json\/wp\/v2\/product\/1002","targetHints":{"allow":["GET"]}}],"collection":[{"href":"https:\/\/vitaminai.lt\/en\/wp-json\/wp\/v2\/product"}],"about":[{"href":"https:\/\/vitaminai.lt\/en\/wp-json\/wp\/v2\/types\/product"}],"replies":[{"embeddable":true,"href":"https:\/\/vitaminai.lt\/en\/wp-json\/wp\/v2\/comments?post=1002"}],"wp:featuredmedia":[{"embeddable":true,"href":"https:\/\/vitaminai.lt\/en\/wp-json\/wp\/v2\/media\/1043"}],"wp:attachment":[{"href":"https:\/\/vitaminai.lt\/en\/wp-json\/wp\/v2\/media?parent=1002"}],"wp:term":[{"taxonomy":"product_brand","embeddable":true,"href":"https:\/\/vitaminai.lt\/en\/wp-json\/wp\/v2\/product_brand?post=1002"},{"taxonomy":"product_cat","embeddable":true,"href":"https:\/\/vitaminai.lt\/en\/wp-json\/wp\/v2\/product_cat?post=1002"},{"taxonomy":"product_tag","embeddable":true,"href":"https:\/\/vitaminai.lt\/en\/wp-json\/wp\/v2\/product_tag?post=1002"}],"curies":[{"name":"wp","href":"https:\/\/api.w.org\/{rel}","templated":true}]}}