{"id":1003,"date":"2024-12-04T09:39:47","date_gmt":"2024-12-04T09:39:47","guid":{"rendered":"https:\/\/vitaminai.lt\/?post_type=product&#038;p=1003"},"modified":"2026-04-02T15:04:37","modified_gmt":"2026-04-02T13:04:37","slug":"skystasis-maisto-papildas-memory-shots-n14n14","status":"publish","type":"product","link":"https:\/\/vitaminai.lt\/en\/produktas\/skystasis-maisto-papildas-memory-shots-n14n14\/","title":{"rendered":"1+1 Skystasis maisto papildas MEMORY SHOTS N14+N14"},"content":{"rendered":"<h3 data-start=\"71\" data-end=\"87\"><strong data-start=\"75\" data-end=\"85\">MEMORY<\/strong><\/h3>\n<p data-start=\"88\" data-end=\"185\"><strong data-start=\"88\" data-end=\"185\">Maisto papildas | 28 buteliukai po 25 ml (dvi pakuot\u0117s po 14 buteliuk\u0173) | Skystas maisto papildas su saldikliais<\/strong><\/p>\n<hr data-start=\"187\" data-end=\"190\" \/>\n<p data-start=\"192\" data-end=\"262\"><strong data-start=\"192\" data-end=\"262\">Auk\u0161tos kokyb\u0117s sud\u0117tis j\u016bs\u0173 protinei veiklai ir atmin\u010diai gerinti<\/strong><\/p>\n<p data-start=\"264\" data-end=\"585\"><strong data-start=\"264\" data-end=\"274\">Memory<\/strong> \u2013 tai unikalus skystas maisto papildas, skirtas pad\u0117ti palaikyti normali\u0105 atminties funkcij\u0105, protin\u0119 veikl\u0105 bei bendr\u0105 savijaut\u0105. Kruop\u0161\u010diai atrinkti augaliniai ekstraktai, aminor\u016bg\u0161tys, vitaminai ir mineralai veikia sinergi\u0161kai \u2013 padeda susikoncentruoti, stiprina nerv\u0173 sistem\u0105 ir skatina pa\u017einimo funkcijas.<\/p>\n<hr data-start=\"587\" data-end=\"590\" \/>\n<h4 data-start=\"592\" data-end=\"644\"><strong data-start=\"597\" data-end=\"644\">Pagrindin\u0117s sudedamosios dalys ir j\u0173 nauda:<\/strong><\/h4>\n<p data-start=\"646\" data-end=\"1078\"><strong data-start=\"646\" data-end=\"688\">M\u0117lyn\u017eied\u0117 ta\u0161kuon\u0117 (Bacopa Monnieri):<\/strong> padeda palaikyti normali\u0105 atminties ir pa\u017einimo funkcij\u0105 bei centrin\u0117s nerv\u0173 sistemos veikl\u0105<br data-start=\"781\" data-end=\"784\" \/><strong data-start=\"784\" data-end=\"810\">Dviskiautis ginkmedis:<\/strong> skatina pa\u017einimo funkcij\u0105 ir smegen\u0173 kraujotak\u0105, padedant palaikyti ger\u0105 smegen\u0173 veikl\u0105<br data-start=\"898\" data-end=\"901\" \/><strong data-start=\"901\" data-end=\"922\">Da\u017ein\u0117 ciber\u017eol\u0117:<\/strong> stiprina nerv\u0173 sistem\u0105 bei imunin\u0119 apsaug\u0105<br data-start=\"965\" data-end=\"968\" \/><strong data-start=\"968\" data-end=\"992\">Vaistinis \u0161alavijas:<\/strong> palaiko normali\u0105 imunin\u0117s sistemos veikl\u0105, pad\u0117damas apsisaugoti nuo kasdienio streso<\/p>\n<hr data-start=\"1080\" data-end=\"1083\" \/>\n<h4 data-start=\"1085\" data-end=\"1117\"><strong data-start=\"1090\" data-end=\"1117\">Vitaminai ir mineralai:<\/strong><\/h4>\n<p data-start=\"1119\" data-end=\"1611\"><strong data-start=\"1119\" data-end=\"1139\">Cinkas, gele\u017eis:<\/strong> palaiko normali\u0105 pa\u017einimo funkcij\u0105<br data-start=\"1174\" data-end=\"1177\" \/><strong data-start=\"1177\" data-end=\"1199\">Pantoteno r\u016bg\u0161tis:<\/strong> svarbi normaliai protinei veiklai<br data-start=\"1233\" data-end=\"1236\" \/><strong data-start=\"1236\" data-end=\"1297\">Gele\u017eis, magnis, pantoteno r\u016bg\u0161tis, B6, B12, C vitaminai:<\/strong> padeda ma\u017einti nuovarg\u012f ir palaikyti energijos apykait\u0105<br data-start=\"1353\" data-end=\"1356\" \/><strong data-start=\"1356\" data-end=\"1396\">Magnis, varis, B6, B12, C vitaminai:<\/strong> padeda nerv\u0173 sistemai ir psichologinei funkcijai<br data-start=\"1445\" data-end=\"1448\" \/><strong data-start=\"1448\" data-end=\"1479\">Cinkas, varis, vitaminas C:<\/strong> saugo l\u0105steles nuo oksidacin\u0117s pa\u017eaidos, stiprina imunitet\u0105<br data-start=\"1539\" data-end=\"1542\" \/><strong data-start=\"1542\" data-end=\"1558\">Vitaminas C:<\/strong> pagerina gele\u017eies \u012fsisavinim\u0105 ir deguonies perne\u0161im\u0105<\/p>\n<hr data-start=\"1613\" data-end=\"1616\" \/>\n<h4 data-start=\"1618\" data-end=\"1639\"><strong data-start=\"1623\" data-end=\"1639\">Kaip veikia?<\/strong><\/h4>\n<p data-start=\"1641\" data-end=\"1897\"><strong data-start=\"1641\" data-end=\"1651\">Memory<\/strong> sud\u0117tyje esan\u010dios veikliosios med\u017eiagos greitai pasisavinamos, padeda palaikyti a\u0161tr\u0173 prot\u0105, koncentracij\u0105 ir protin\u012f aktyvum\u0105 visos dienos metu.<br data-start=\"1797\" data-end=\"1800\" \/><strong data-start=\"1800\" data-end=\"1897\">Atraskite geresn\u0119 atmint\u012f ir a\u0161tr\u0173 prot\u0105 su Memory \u2013 nat\u016brali parama j\u016bs\u0173 pa\u017einimo funkcijoms<\/strong><\/p>\n","protected":false},"excerpt":{"rendered":"<p>MEMORY Maisto papildas | 28 buteliukai po 25 ml (dvi pakuot\u0117s po 14 buteliuk\u0173) | Skystas maisto papildas su saldikliais Auk\u0161tos kokyb\u0117s sud\u0117tis j\u016bs\u0173 protinei veiklai ir atmin\u010diai gerinti Memory \u2013 tai unikalus skystas maisto papildas, skirtas pad\u0117ti palaikyti normali\u0105 atminties funkcij\u0105, protin\u0119 veikl\u0105 bei bendr\u0105 savijaut\u0105. Kruop\u0161\u010diai atrinkti augaliniai ekstraktai, aminor\u016bg\u0161tys, vitaminai ir mineralai [&hellip;]<\/p>\n","protected":false},"featured_media":1040,"comment_status":"open","ping_status":"closed","template":"","meta":[],"product_brand":[],"product_cat":[394,274,391,343,292,257,275,294,344,368,33,41,243,244,245,249,20,43,142,144,18,29,31,30,34,62,64,65,66,70,72,83,85,93,95,96],"product_tag":[],"class_list":{"0":"post-1003","1":"product","2":"type-product","3":"status-publish","4":"has-post-thumbnail","6":"product_cat-11-pasiulymai","7":"product_cat-antioksidacinis-poveikis","8":"product_cat-atminciai-2","9":"product_cat-atminciai-gerinti","10":"product_cat-pazinimo-funkcijai-privalumai","11":"product_cat-privalumai","12":"product_cat-protinei-veiklai-privalumai","13":"product_cat-psichologinei-funkcijai-privalumai","14":"product_cat-smegenu-ir-centrines-nervu-sistemos-veiklai","15":"product_cat-sportuojantiems-pagrindines-kategorijos","16":"product_cat-maisto-papildo-forma","17":"product_cat-skystieji-maisto-papildai","18":"product_cat-pagrindines-kategorijos","19":"product_cat-moterims","20":"product_cat-vyrams","21":"product_cat-nervu-sistemai-pagrindines-kategorijos","22":"product_cat-paskirtis","23":"product_cat-atminciai","24":"product_cat-protinei-veiklai","25":"product_cat-smegenu-veiklai","26":"product_cat-vartotojas","27":"product_cat-moterys","28":"product_cat-senjorai","29":"product_cat-vyrai","30":"product_cat-veiklioji-medziaga","31":"product_cat-antioksidantai","32":"product_cat-brokoliai","33":"product_cat-ciberzole","34":"product_cat-cinkas","35":"product_cat-gelezis","36":"product_cat-ginkmedis","37":"product_cat-magnis","38":"product_cat-multivitaminai","39":"product_cat-varis","40":"product_cat-vitaminas-b","41":"product_cat-vitaminas-c","43":"first","44":"instock","45":"sale","46":"shipping-taxable","47":"purchasable","48":"product-type-simple"},"yoast_head":"<!-- This site is optimized with the Yoast SEO plugin v26.6 - https:\/\/yoast.com\/wordpress\/plugins\/seo\/ -->\n<title>1+1 Skystasis maisto papildas MEMORY SHOTS N14+N14 - Vitaminai ir maisto papildai internetu | Vitaminai.lt<\/title>\n<meta name=\"robots\" content=\"index, follow, max-snippet:-1, max-image-preview:large, max-video-preview:-1\" \/>\n<link rel=\"canonical\" href=\"https:\/\/vitaminai.lt\/produktas\/skystasis-maisto-papildas-memory-shots-n14n14\/\" \/>\n<meta property=\"og:locale\" content=\"en_US\" \/>\n<meta property=\"og:type\" content=\"article\" \/>\n<meta property=\"og:title\" content=\"1+1 Skystasis maisto papildas MEMORY SHOTS N14+N14 - Vitaminai ir maisto papildai internetu | Vitaminai.lt\" \/>\n<meta property=\"og:description\" content=\"MEMORY Maisto papildas | 28 buteliukai po 25 ml (dvi pakuot\u0117s po 14 buteliuk\u0173) | Skystas maisto papildas su saldikliais Auk\u0161tos kokyb\u0117s sud\u0117tis j\u016bs\u0173 protinei veiklai ir atmin\u010diai gerinti Memory \u2013 tai unikalus skystas maisto papildas, skirtas pad\u0117ti palaikyti normali\u0105 atminties funkcij\u0105, protin\u0119 veikl\u0105 bei bendr\u0105 savijaut\u0105. Kruop\u0161\u010diai atrinkti augaliniai ekstraktai, aminor\u016bg\u0161tys, vitaminai ir mineralai [&hellip;]\" \/>\n<meta property=\"og:url\" content=\"https:\/\/vitaminai.lt\/produktas\/skystasis-maisto-papildas-memory-shots-n14n14\/\" \/>\n<meta property=\"og:site_name\" content=\"Vitaminai ir maisto papildai internetu | Vitaminai.lt\" \/>\n<meta property=\"article:publisher\" content=\"https:\/\/www.facebook.com\/vitaminai\/\" \/>\n<meta property=\"article:modified_time\" content=\"2026-04-02T13:04:37+00:00\" \/>\n<meta property=\"og:image\" content=\"https:\/\/vitaminai.lt\/wp-content\/uploads\/2024\/12\/Rinkiniai-02-1024x999.png\" \/>\n\t<meta property=\"og:image:width\" content=\"1024\" \/>\n\t<meta property=\"og:image:height\" content=\"999\" \/>\n\t<meta property=\"og:image:type\" content=\"image\/png\" \/>\n<meta name=\"twitter:card\" content=\"summary_large_image\" \/>\n<meta name=\"twitter:label1\" content=\"Est. reading time\" \/>\n\t<meta name=\"twitter:data1\" content=\"2 minutes\" \/>\n<script type=\"application\/ld+json\" class=\"yoast-schema-graph\">{\"@context\":\"https:\/\/schema.org\",\"@graph\":[{\"@type\":\"WebPage\",\"@id\":\"https:\/\/vitaminai.lt\/produktas\/skystasis-maisto-papildas-memory-shots-n14n14\/\",\"url\":\"https:\/\/vitaminai.lt\/produktas\/skystasis-maisto-papildas-memory-shots-n14n14\/\",\"name\":\"1+1 Skystasis maisto papildas MEMORY SHOTS N14+N14 - Vitaminai ir maisto papildai internetu | Vitaminai.lt\",\"isPartOf\":{\"@id\":\"https:\/\/vitaminai.lt\/#website\"},\"primaryImageOfPage\":{\"@id\":\"https:\/\/vitaminai.lt\/produktas\/skystasis-maisto-papildas-memory-shots-n14n14\/#primaryimage\"},\"image\":{\"@id\":\"https:\/\/vitaminai.lt\/produktas\/skystasis-maisto-papildas-memory-shots-n14n14\/#primaryimage\"},\"thumbnailUrl\":\"https:\/\/vitaminai.lt\/wp-content\/uploads\/2024\/12\/Rinkiniai-02.png\",\"datePublished\":\"2024-12-04T09:39:47+00:00\",\"dateModified\":\"2026-04-02T13:04:37+00:00\",\"breadcrumb\":{\"@id\":\"https:\/\/vitaminai.lt\/produktas\/skystasis-maisto-papildas-memory-shots-n14n14\/#breadcrumb\"},\"inLanguage\":\"en-US\",\"potentialAction\":[{\"@type\":\"ReadAction\",\"target\":[\"https:\/\/vitaminai.lt\/produktas\/skystasis-maisto-papildas-memory-shots-n14n14\/\"]}]},{\"@type\":\"ImageObject\",\"inLanguage\":\"en-US\",\"@id\":\"https:\/\/vitaminai.lt\/produktas\/skystasis-maisto-papildas-memory-shots-n14n14\/#primaryimage\",\"url\":\"https:\/\/vitaminai.lt\/wp-content\/uploads\/2024\/12\/Rinkiniai-02.png\",\"contentUrl\":\"https:\/\/vitaminai.lt\/wp-content\/uploads\/2024\/12\/Rinkiniai-02.png\",\"width\":4594,\"height\":4483},{\"@type\":\"BreadcrumbList\",\"@id\":\"https:\/\/vitaminai.lt\/produktas\/skystasis-maisto-papildas-memory-shots-n14n14\/#breadcrumb\",\"itemListElement\":[{\"@type\":\"ListItem\",\"position\":1,\"name\":\"Home\",\"item\":\"https:\/\/vitaminai.lt\/\"},{\"@type\":\"ListItem\",\"position\":2,\"name\":\"Produktai\",\"item\":\"https:\/\/vitaminai.lt\/produktai\/\"},{\"@type\":\"ListItem\",\"position\":3,\"name\":\"1+1 Skystasis maisto papildas MEMORY SHOTS N14+N14\"}]},{\"@type\":\"WebSite\",\"@id\":\"https:\/\/vitaminai.lt\/#website\",\"url\":\"https:\/\/vitaminai.lt\/\",\"name\":\"Vitaminai ir maisto papildai internetu | Vitaminai.lt\",\"description\":\"\",\"publisher\":{\"@id\":\"https:\/\/vitaminai.lt\/#organization\"},\"potentialAction\":[{\"@type\":\"SearchAction\",\"target\":{\"@type\":\"EntryPoint\",\"urlTemplate\":\"https:\/\/vitaminai.lt\/?s={search_term_string}\"},\"query-input\":{\"@type\":\"PropertyValueSpecification\",\"valueRequired\":true,\"valueName\":\"search_term_string\"}}],\"inLanguage\":\"en-US\"},{\"@type\":\"Organization\",\"@id\":\"https:\/\/vitaminai.lt\/#organization\",\"name\":\"Vitaminai ir maisto papildai internetu | Vitaminai.lt\",\"url\":\"https:\/\/vitaminai.lt\/\",\"logo\":{\"@type\":\"ImageObject\",\"inLanguage\":\"en-US\",\"@id\":\"https:\/\/vitaminai.lt\/#\/schema\/logo\/image\/\",\"url\":\"https:\/\/vitaminai.lt\/wp-content\/uploads\/2025\/01\/g212.png\",\"contentUrl\":\"https:\/\/vitaminai.lt\/wp-content\/uploads\/2025\/01\/g212.png\",\"width\":313,\"height\":74,\"caption\":\"Vitaminai ir maisto papildai internetu | Vitaminai.lt\"},\"image\":{\"@id\":\"https:\/\/vitaminai.lt\/#\/schema\/logo\/image\/\"},\"sameAs\":[\"https:\/\/www.facebook.com\/vitaminai\/\"]}]}<\/script>\n<!-- \/ Yoast SEO plugin. -->","yoast_head_json":{"title":"1+1 Skystasis maisto papildas MEMORY SHOTS N14+N14 - Vitaminai ir maisto papildai internetu | Vitaminai.lt","robots":{"index":"index","follow":"follow","max-snippet":"max-snippet:-1","max-image-preview":"max-image-preview:large","max-video-preview":"max-video-preview:-1"},"canonical":"https:\/\/vitaminai.lt\/produktas\/skystasis-maisto-papildas-memory-shots-n14n14\/","og_locale":"en_US","og_type":"article","og_title":"1+1 Skystasis maisto papildas MEMORY SHOTS N14+N14 - Vitaminai ir maisto papildai internetu | Vitaminai.lt","og_description":"MEMORY Maisto papildas | 28 buteliukai po 25 ml (dvi pakuot\u0117s po 14 buteliuk\u0173) | Skystas maisto papildas su saldikliais Auk\u0161tos kokyb\u0117s sud\u0117tis j\u016bs\u0173 protinei veiklai ir atmin\u010diai gerinti Memory \u2013 tai unikalus skystas maisto papildas, skirtas pad\u0117ti palaikyti normali\u0105 atminties funkcij\u0105, protin\u0119 veikl\u0105 bei bendr\u0105 savijaut\u0105. Kruop\u0161\u010diai atrinkti augaliniai ekstraktai, aminor\u016bg\u0161tys, vitaminai ir mineralai [&hellip;]","og_url":"https:\/\/vitaminai.lt\/produktas\/skystasis-maisto-papildas-memory-shots-n14n14\/","og_site_name":"Vitaminai ir maisto papildai internetu | Vitaminai.lt","article_publisher":"https:\/\/www.facebook.com\/vitaminai\/","article_modified_time":"2026-04-02T13:04:37+00:00","og_image":[{"width":1024,"height":999,"url":"https:\/\/vitaminai.lt\/wp-content\/uploads\/2024\/12\/Rinkiniai-02-1024x999.png","type":"image\/png"}],"twitter_card":"summary_large_image","twitter_misc":{"Est. reading time":"2 minutes"},"schema":{"@context":"https:\/\/schema.org","@graph":[{"@type":"WebPage","@id":"https:\/\/vitaminai.lt\/produktas\/skystasis-maisto-papildas-memory-shots-n14n14\/","url":"https:\/\/vitaminai.lt\/produktas\/skystasis-maisto-papildas-memory-shots-n14n14\/","name":"1+1 Skystasis maisto papildas MEMORY SHOTS N14+N14 - Vitaminai ir maisto papildai internetu | Vitaminai.lt","isPartOf":{"@id":"https:\/\/vitaminai.lt\/#website"},"primaryImageOfPage":{"@id":"https:\/\/vitaminai.lt\/produktas\/skystasis-maisto-papildas-memory-shots-n14n14\/#primaryimage"},"image":{"@id":"https:\/\/vitaminai.lt\/produktas\/skystasis-maisto-papildas-memory-shots-n14n14\/#primaryimage"},"thumbnailUrl":"https:\/\/vitaminai.lt\/wp-content\/uploads\/2024\/12\/Rinkiniai-02.png","datePublished":"2024-12-04T09:39:47+00:00","dateModified":"2026-04-02T13:04:37+00:00","breadcrumb":{"@id":"https:\/\/vitaminai.lt\/produktas\/skystasis-maisto-papildas-memory-shots-n14n14\/#breadcrumb"},"inLanguage":"en-US","potentialAction":[{"@type":"ReadAction","target":["https:\/\/vitaminai.lt\/produktas\/skystasis-maisto-papildas-memory-shots-n14n14\/"]}]},{"@type":"ImageObject","inLanguage":"en-US","@id":"https:\/\/vitaminai.lt\/produktas\/skystasis-maisto-papildas-memory-shots-n14n14\/#primaryimage","url":"https:\/\/vitaminai.lt\/wp-content\/uploads\/2024\/12\/Rinkiniai-02.png","contentUrl":"https:\/\/vitaminai.lt\/wp-content\/uploads\/2024\/12\/Rinkiniai-02.png","width":4594,"height":4483},{"@type":"BreadcrumbList","@id":"https:\/\/vitaminai.lt\/produktas\/skystasis-maisto-papildas-memory-shots-n14n14\/#breadcrumb","itemListElement":[{"@type":"ListItem","position":1,"name":"Home","item":"https:\/\/vitaminai.lt\/"},{"@type":"ListItem","position":2,"name":"Produktai","item":"https:\/\/vitaminai.lt\/produktai\/"},{"@type":"ListItem","position":3,"name":"1+1 Skystasis maisto papildas MEMORY SHOTS N14+N14"}]},{"@type":"WebSite","@id":"https:\/\/vitaminai.lt\/#website","url":"https:\/\/vitaminai.lt\/","name":"Vitaminai ir maisto papildai internetu | Vitaminai.lt","description":"","publisher":{"@id":"https:\/\/vitaminai.lt\/#organization"},"potentialAction":[{"@type":"SearchAction","target":{"@type":"EntryPoint","urlTemplate":"https:\/\/vitaminai.lt\/?s={search_term_string}"},"query-input":{"@type":"PropertyValueSpecification","valueRequired":true,"valueName":"search_term_string"}}],"inLanguage":"en-US"},{"@type":"Organization","@id":"https:\/\/vitaminai.lt\/#organization","name":"Vitaminai ir maisto papildai internetu | Vitaminai.lt","url":"https:\/\/vitaminai.lt\/","logo":{"@type":"ImageObject","inLanguage":"en-US","@id":"https:\/\/vitaminai.lt\/#\/schema\/logo\/image\/","url":"https:\/\/vitaminai.lt\/wp-content\/uploads\/2025\/01\/g212.png","contentUrl":"https:\/\/vitaminai.lt\/wp-content\/uploads\/2025\/01\/g212.png","width":313,"height":74,"caption":"Vitaminai ir maisto papildai internetu | Vitaminai.lt"},"image":{"@id":"https:\/\/vitaminai.lt\/#\/schema\/logo\/image\/"},"sameAs":["https:\/\/www.facebook.com\/vitaminai\/"]}]}},"_links":{"self":[{"href":"https:\/\/vitaminai.lt\/en\/wp-json\/wp\/v2\/product\/1003","targetHints":{"allow":["GET"]}}],"collection":[{"href":"https:\/\/vitaminai.lt\/en\/wp-json\/wp\/v2\/product"}],"about":[{"href":"https:\/\/vitaminai.lt\/en\/wp-json\/wp\/v2\/types\/product"}],"replies":[{"embeddable":true,"href":"https:\/\/vitaminai.lt\/en\/wp-json\/wp\/v2\/comments?post=1003"}],"wp:featuredmedia":[{"embeddable":true,"href":"https:\/\/vitaminai.lt\/en\/wp-json\/wp\/v2\/media\/1040"}],"wp:attachment":[{"href":"https:\/\/vitaminai.lt\/en\/wp-json\/wp\/v2\/media?parent=1003"}],"wp:term":[{"taxonomy":"product_brand","embeddable":true,"href":"https:\/\/vitaminai.lt\/en\/wp-json\/wp\/v2\/product_brand?post=1003"},{"taxonomy":"product_cat","embeddable":true,"href":"https:\/\/vitaminai.lt\/en\/wp-json\/wp\/v2\/product_cat?post=1003"},{"taxonomy":"product_tag","embeddable":true,"href":"https:\/\/vitaminai.lt\/en\/wp-json\/wp\/v2\/product_tag?post=1003"}],"curies":[{"name":"wp","href":"https:\/\/api.w.org\/{rel}","templated":true}]}}