{"id":1004,"date":"2024-12-04T11:52:48","date_gmt":"2024-12-04T11:52:48","guid":{"rendered":"https:\/\/vitaminai.lt\/?post_type=product&#038;p=1004"},"modified":"2026-04-02T15:04:36","modified_gmt":"2026-04-02T13:04:36","slug":"skystasis-maisto-papildas-joints-shots-n14-kopija","status":"publish","type":"product","link":"https:\/\/vitaminai.lt\/en\/produktas\/skystasis-maisto-papildas-joints-shots-n14-kopija\/","title":{"rendered":"1+1 Skystasis maisto papildas JOINTS SHOTS N14+N14"},"content":{"rendered":"<h3 data-start=\"219\" data-end=\"235\"><strong data-start=\"223\" data-end=\"233\">JOINTS<\/strong><\/h3>\n<p data-start=\"236\" data-end=\"321\"><strong data-start=\"236\" data-end=\"321\">Maisto papildas | 28 buteliukai po 25 ml (dvi pakuot\u0117s po 14 buteliuk\u0173)\u00a0| Skystas maisto papildas su saldikliais<\/strong><\/p>\n<hr data-start=\"323\" data-end=\"326\" \/>\n<p data-start=\"199\" data-end=\"567\"><strong data-start=\"199\" data-end=\"211\">\u201eJoints\u201c<\/strong>\u00a0\u2013 tai pa\u017eangus skystas maisto papildas, sukurtas kasdieniam organizmo apr\u016bpinimui svarbiomis maistin\u0117mis med\u017eiagomis, reikalingomis aktyviam gyvenimo b\u016bdui.<\/p>\n<hr data-start=\"1317\" data-end=\"1320\" \/>\n<p data-start=\"1322\" data-end=\"1354\"><strong>Vitaminai ir mineralai:<\/strong><\/p>\n<p><strong>Manganas<\/strong>\u00a0padeda palaikyti normal\u0173 jungiamojo audinio formavim\u0105si bei normali\u0105 energijos apykait\u0105;<\/p>\n<p><strong>Vitaminas C<\/strong>\u00a0padeda palaikyti normal\u0173 kolageno, kuris reikalingas normaliai kremzli\u0173, kaul\u0173 ir kraujagysli\u0173 funkcijai, susidarym\u0105;<\/p>\n<p><strong>Vitaminai B<sub>12<\/sub><\/strong>\u00a0ir\u00a0<strong>C<\/strong>\u00a0normali\u0105 energijos apykait\u0105 ir padeda ma\u017einti pavargimo jausm\u0105 ir nuovarg\u012f;<\/p>\n<p><strong>Cinkas, manganas, selenas\u00a0<\/strong>ir\u00a0<strong>vitaminas C\u00a0<\/strong>padeda apsaugoti l\u0105steles nuo oksidacin\u0117s pa\u017eaidos;<\/p>\n<p><strong>Cinkas, vitaminai B<sub>12<\/sub>, C\u00a0<\/strong>ir<strong>\u00a0D, selenas\u00a0<\/strong>padeda palaikyti normali\u0105 imunin\u0117s sistemos veikl\u0105;<\/p>\n<p><strong>Cinkas, manganas, vitaminas D<\/strong>\u00a0padeda palaikyti normali\u0105 kaul\u0173 b\u016bkl\u0119;<\/p>\n<p><strong>Cinkas<\/strong>\u00a0padeda palaikyti normali\u0105 plauk\u0173, nag\u0173 ir odos b\u016bkl\u0119;<\/p>\n<p><strong>Cinkas, vitaminai B<sub>12<\/sub>,\u00a0<\/strong>ir\u00a0<strong>D<\/strong>\u00a0atlieka tam tikr\u0105 funkcij\u0105 l\u0105steli\u0173 dalijimosi procese;<\/p>\n<p><strong>Vitaminas D<\/strong>\u00a0padeda palaikyti normali\u0105 kalcio koncentracij\u0105 kraujyje, raumen\u0173 funkcij\u0105 ir dant\u0173 b\u016bkl\u0119.<\/p>\n<hr \/>\n<p>Sud\u0117tyje esantis hidrolizuotas kolagenas, gliukozaminas, chondroitinas ir MSM (metilsulfonilmetanas) papildo mityb\u0105 strukt\u016brin\u0117mis med\u017eiagomis, kurios nat\u016braliai randamos \u017emogaus organizme. Formul\u0117 praturtinta tikr\u0173j\u0173 bambuk\u0173 \u016bgli\u0173 ekstraktu, kuris yra nat\u016bralus silicio \u0161altinis, taip pat imbiero ir ciber\u017eol\u0117s ekstraktais, tradici\u0161kai vertinamais d\u0117l j\u0173 vaidmens palaikant normali\u0105 jud\u0117jimo funkcij\u0105 ir organizmo apsaug\u0105 nuo oksidacin\u0117s pa\u017eaidos.<\/p>\n<hr data-start=\"1750\" data-end=\"1753\" \/>\n<p data-start=\"1755\" data-end=\"1869\"><strong data-start=\"1755\" data-end=\"1867\">\u201eJoints\u201c\u00a0\u2013 tiems, kurie nori jaustis gerai ir i\u0161likti aktyv\u016bs kiekvien\u0105 dien\u0105.<\/strong><\/p>\n","protected":false},"excerpt":{"rendered":"<p>JOINTS Maisto papildas | 28 buteliukai po 25 ml (dvi pakuot\u0117s po 14 buteliuk\u0173)\u00a0| Skystas maisto papildas su saldikliais \u201eJoints\u201c\u00a0\u2013 tai pa\u017eangus skystas maisto papildas, sukurtas kasdieniam organizmo apr\u016bpinimui svarbiomis maistin\u0117mis med\u017eiagomis, reikalingomis aktyviam gyvenimo b\u016bdui. Vitaminai ir mineralai: Manganas\u00a0padeda palaikyti normal\u0173 jungiamojo audinio formavim\u0105si bei normali\u0105 energijos apykait\u0105; Vitaminas C\u00a0padeda palaikyti normal\u0173 kolageno, kuris [&hellip;]<\/p>\n","protected":false},"featured_media":1044,"comment_status":"open","ping_status":"closed","template":"","meta":[],"product_brand":[],"product_cat":[394,278,295,317,346,307,257,367,345,368,33,41,243,244,245,20,26,48,177,171,56,57,59,18,29,23,31,30,34,62,65,66,74,80,85,92,95,96,97],"product_tag":[],"class_list":{"0":"post-1004","1":"product","2":"type-product","3":"status-publish","4":"has-post-thumbnail","6":"product_cat-11-pasiulymai","7":"product_cat-energijos-apykaitai","8":"product_cat-judejimui","9":"product_cat-kaulams-privalumai","10":"product_cat-kolageno-formavimuisi","11":"product_cat-nuovargio-mazinimui-privalumai-2","12":"product_cat-privalumai","13":"product_cat-sanariams-pagrindines-kategorijos","14":"product_cat-sanariu-buklei-palaikyti","15":"product_cat-sportuojantiems-pagrindines-kategorijos","16":"product_cat-maisto-papildo-forma","17":"product_cat-skystieji-maisto-papildai","18":"product_cat-pagrindines-kategorijos","19":"product_cat-moterims","20":"product_cat-vyrams","21":"product_cat-paskirtis","22":"product_cat-energijai","23":"product_cat-kaulams","24":"product_cat-kolageno-susidarymui","25":"product_cat-nuovargio-mazinimui","26":"product_cat-raumenims","27":"product_cat-sanariams","28":"product_cat-sportuojantiems","29":"product_cat-vartotojas","30":"product_cat-moterys","31":"product_cat-paaugliai","32":"product_cat-senjorai","33":"product_cat-vyrai","34":"product_cat-veiklioji-medziaga","35":"product_cat-antioksidantai","36":"product_cat-ciberzole","37":"product_cat-cinkas","38":"product_cat-gliukozaminas","39":"product_cat-kolagenas","40":"product_cat-multivitaminai","41":"product_cat-selenas","42":"product_cat-vitaminas-b","43":"product_cat-vitaminas-c","44":"product_cat-vitaminas-d","46":"first","47":"instock","48":"sale","49":"shipping-taxable","50":"purchasable","51":"product-type-simple"},"yoast_head":"<!-- This site is optimized with the Yoast SEO plugin v26.6 - https:\/\/yoast.com\/wordpress\/plugins\/seo\/ -->\n<title>1+1 Skystasis maisto papildas JOINTS SHOTS N14+N14 - Vitaminai ir maisto papildai internetu | Vitaminai.lt<\/title>\n<meta name=\"robots\" content=\"index, follow, max-snippet:-1, max-image-preview:large, max-video-preview:-1\" \/>\n<link rel=\"canonical\" href=\"https:\/\/vitaminai.lt\/produktas\/skystasis-maisto-papildas-joints-shots-n14-kopija\/\" \/>\n<meta property=\"og:locale\" content=\"en_US\" \/>\n<meta property=\"og:type\" content=\"article\" \/>\n<meta property=\"og:title\" content=\"1+1 Skystasis maisto papildas JOINTS SHOTS N14+N14 - Vitaminai ir maisto papildai internetu | Vitaminai.lt\" \/>\n<meta property=\"og:description\" content=\"JOINTS Maisto papildas | 28 buteliukai po 25 ml (dvi pakuot\u0117s po 14 buteliuk\u0173)\u00a0| Skystas maisto papildas su saldikliais \u201eJoints\u201c\u00a0\u2013 tai pa\u017eangus skystas maisto papildas, sukurtas kasdieniam organizmo apr\u016bpinimui svarbiomis maistin\u0117mis med\u017eiagomis, reikalingomis aktyviam gyvenimo b\u016bdui. Vitaminai ir mineralai: Manganas\u00a0padeda palaikyti normal\u0173 jungiamojo audinio formavim\u0105si bei normali\u0105 energijos apykait\u0105; Vitaminas C\u00a0padeda palaikyti normal\u0173 kolageno, kuris [&hellip;]\" \/>\n<meta property=\"og:url\" content=\"https:\/\/vitaminai.lt\/produktas\/skystasis-maisto-papildas-joints-shots-n14-kopija\/\" \/>\n<meta property=\"og:site_name\" content=\"Vitaminai ir maisto papildai internetu | Vitaminai.lt\" \/>\n<meta property=\"article:publisher\" content=\"https:\/\/www.facebook.com\/vitaminai\/\" \/>\n<meta property=\"article:modified_time\" content=\"2026-04-02T13:04:36+00:00\" \/>\n<meta property=\"og:image\" content=\"https:\/\/vitaminai.lt\/wp-content\/uploads\/2024\/12\/Rinkiniai-06-1024x999.png\" \/>\n\t<meta property=\"og:image:width\" content=\"1024\" \/>\n\t<meta property=\"og:image:height\" content=\"999\" \/>\n\t<meta property=\"og:image:type\" content=\"image\/png\" \/>\n<meta name=\"twitter:card\" content=\"summary_large_image\" \/>\n<meta name=\"twitter:label1\" content=\"Est. reading time\" \/>\n\t<meta name=\"twitter:data1\" content=\"2 minutes\" \/>\n<script type=\"application\/ld+json\" class=\"yoast-schema-graph\">{\"@context\":\"https:\/\/schema.org\",\"@graph\":[{\"@type\":\"WebPage\",\"@id\":\"https:\/\/vitaminai.lt\/produktas\/skystasis-maisto-papildas-joints-shots-n14-kopija\/\",\"url\":\"https:\/\/vitaminai.lt\/produktas\/skystasis-maisto-papildas-joints-shots-n14-kopija\/\",\"name\":\"1+1 Skystasis maisto papildas JOINTS SHOTS N14+N14 - Vitaminai ir maisto papildai internetu | Vitaminai.lt\",\"isPartOf\":{\"@id\":\"https:\/\/vitaminai.lt\/#website\"},\"primaryImageOfPage\":{\"@id\":\"https:\/\/vitaminai.lt\/produktas\/skystasis-maisto-papildas-joints-shots-n14-kopija\/#primaryimage\"},\"image\":{\"@id\":\"https:\/\/vitaminai.lt\/produktas\/skystasis-maisto-papildas-joints-shots-n14-kopija\/#primaryimage\"},\"thumbnailUrl\":\"https:\/\/vitaminai.lt\/wp-content\/uploads\/2024\/12\/Rinkiniai-06.png\",\"datePublished\":\"2024-12-04T11:52:48+00:00\",\"dateModified\":\"2026-04-02T13:04:36+00:00\",\"breadcrumb\":{\"@id\":\"https:\/\/vitaminai.lt\/produktas\/skystasis-maisto-papildas-joints-shots-n14-kopija\/#breadcrumb\"},\"inLanguage\":\"en-US\",\"potentialAction\":[{\"@type\":\"ReadAction\",\"target\":[\"https:\/\/vitaminai.lt\/produktas\/skystasis-maisto-papildas-joints-shots-n14-kopija\/\"]}]},{\"@type\":\"ImageObject\",\"inLanguage\":\"en-US\",\"@id\":\"https:\/\/vitaminai.lt\/produktas\/skystasis-maisto-papildas-joints-shots-n14-kopija\/#primaryimage\",\"url\":\"https:\/\/vitaminai.lt\/wp-content\/uploads\/2024\/12\/Rinkiniai-06.png\",\"contentUrl\":\"https:\/\/vitaminai.lt\/wp-content\/uploads\/2024\/12\/Rinkiniai-06.png\",\"width\":4594,\"height\":4483},{\"@type\":\"BreadcrumbList\",\"@id\":\"https:\/\/vitaminai.lt\/produktas\/skystasis-maisto-papildas-joints-shots-n14-kopija\/#breadcrumb\",\"itemListElement\":[{\"@type\":\"ListItem\",\"position\":1,\"name\":\"Home\",\"item\":\"https:\/\/vitaminai.lt\/\"},{\"@type\":\"ListItem\",\"position\":2,\"name\":\"Produktai\",\"item\":\"https:\/\/vitaminai.lt\/produktai\/\"},{\"@type\":\"ListItem\",\"position\":3,\"name\":\"1+1 Skystasis maisto papildas JOINTS SHOTS N14+N14\"}]},{\"@type\":\"WebSite\",\"@id\":\"https:\/\/vitaminai.lt\/#website\",\"url\":\"https:\/\/vitaminai.lt\/\",\"name\":\"Vitaminai ir maisto papildai internetu | Vitaminai.lt\",\"description\":\"\",\"publisher\":{\"@id\":\"https:\/\/vitaminai.lt\/#organization\"},\"potentialAction\":[{\"@type\":\"SearchAction\",\"target\":{\"@type\":\"EntryPoint\",\"urlTemplate\":\"https:\/\/vitaminai.lt\/?s={search_term_string}\"},\"query-input\":{\"@type\":\"PropertyValueSpecification\",\"valueRequired\":true,\"valueName\":\"search_term_string\"}}],\"inLanguage\":\"en-US\"},{\"@type\":\"Organization\",\"@id\":\"https:\/\/vitaminai.lt\/#organization\",\"name\":\"Vitaminai ir maisto papildai internetu | Vitaminai.lt\",\"url\":\"https:\/\/vitaminai.lt\/\",\"logo\":{\"@type\":\"ImageObject\",\"inLanguage\":\"en-US\",\"@id\":\"https:\/\/vitaminai.lt\/#\/schema\/logo\/image\/\",\"url\":\"https:\/\/vitaminai.lt\/wp-content\/uploads\/2025\/01\/g212.png\",\"contentUrl\":\"https:\/\/vitaminai.lt\/wp-content\/uploads\/2025\/01\/g212.png\",\"width\":313,\"height\":74,\"caption\":\"Vitaminai ir maisto papildai internetu | Vitaminai.lt\"},\"image\":{\"@id\":\"https:\/\/vitaminai.lt\/#\/schema\/logo\/image\/\"},\"sameAs\":[\"https:\/\/www.facebook.com\/vitaminai\/\"]}]}<\/script>\n<!-- \/ Yoast SEO plugin. -->","yoast_head_json":{"title":"1+1 Skystasis maisto papildas JOINTS SHOTS N14+N14 - Vitaminai ir maisto papildai internetu | Vitaminai.lt","robots":{"index":"index","follow":"follow","max-snippet":"max-snippet:-1","max-image-preview":"max-image-preview:large","max-video-preview":"max-video-preview:-1"},"canonical":"https:\/\/vitaminai.lt\/produktas\/skystasis-maisto-papildas-joints-shots-n14-kopija\/","og_locale":"en_US","og_type":"article","og_title":"1+1 Skystasis maisto papildas JOINTS SHOTS N14+N14 - Vitaminai ir maisto papildai internetu | Vitaminai.lt","og_description":"JOINTS Maisto papildas | 28 buteliukai po 25 ml (dvi pakuot\u0117s po 14 buteliuk\u0173)\u00a0| Skystas maisto papildas su saldikliais \u201eJoints\u201c\u00a0\u2013 tai pa\u017eangus skystas maisto papildas, sukurtas kasdieniam organizmo apr\u016bpinimui svarbiomis maistin\u0117mis med\u017eiagomis, reikalingomis aktyviam gyvenimo b\u016bdui. Vitaminai ir mineralai: Manganas\u00a0padeda palaikyti normal\u0173 jungiamojo audinio formavim\u0105si bei normali\u0105 energijos apykait\u0105; Vitaminas C\u00a0padeda palaikyti normal\u0173 kolageno, kuris [&hellip;]","og_url":"https:\/\/vitaminai.lt\/produktas\/skystasis-maisto-papildas-joints-shots-n14-kopija\/","og_site_name":"Vitaminai ir maisto papildai internetu | Vitaminai.lt","article_publisher":"https:\/\/www.facebook.com\/vitaminai\/","article_modified_time":"2026-04-02T13:04:36+00:00","og_image":[{"width":1024,"height":999,"url":"https:\/\/vitaminai.lt\/wp-content\/uploads\/2024\/12\/Rinkiniai-06-1024x999.png","type":"image\/png"}],"twitter_card":"summary_large_image","twitter_misc":{"Est. reading time":"2 minutes"},"schema":{"@context":"https:\/\/schema.org","@graph":[{"@type":"WebPage","@id":"https:\/\/vitaminai.lt\/produktas\/skystasis-maisto-papildas-joints-shots-n14-kopija\/","url":"https:\/\/vitaminai.lt\/produktas\/skystasis-maisto-papildas-joints-shots-n14-kopija\/","name":"1+1 Skystasis maisto papildas JOINTS SHOTS N14+N14 - Vitaminai ir maisto papildai internetu | Vitaminai.lt","isPartOf":{"@id":"https:\/\/vitaminai.lt\/#website"},"primaryImageOfPage":{"@id":"https:\/\/vitaminai.lt\/produktas\/skystasis-maisto-papildas-joints-shots-n14-kopija\/#primaryimage"},"image":{"@id":"https:\/\/vitaminai.lt\/produktas\/skystasis-maisto-papildas-joints-shots-n14-kopija\/#primaryimage"},"thumbnailUrl":"https:\/\/vitaminai.lt\/wp-content\/uploads\/2024\/12\/Rinkiniai-06.png","datePublished":"2024-12-04T11:52:48+00:00","dateModified":"2026-04-02T13:04:36+00:00","breadcrumb":{"@id":"https:\/\/vitaminai.lt\/produktas\/skystasis-maisto-papildas-joints-shots-n14-kopija\/#breadcrumb"},"inLanguage":"en-US","potentialAction":[{"@type":"ReadAction","target":["https:\/\/vitaminai.lt\/produktas\/skystasis-maisto-papildas-joints-shots-n14-kopija\/"]}]},{"@type":"ImageObject","inLanguage":"en-US","@id":"https:\/\/vitaminai.lt\/produktas\/skystasis-maisto-papildas-joints-shots-n14-kopija\/#primaryimage","url":"https:\/\/vitaminai.lt\/wp-content\/uploads\/2024\/12\/Rinkiniai-06.png","contentUrl":"https:\/\/vitaminai.lt\/wp-content\/uploads\/2024\/12\/Rinkiniai-06.png","width":4594,"height":4483},{"@type":"BreadcrumbList","@id":"https:\/\/vitaminai.lt\/produktas\/skystasis-maisto-papildas-joints-shots-n14-kopija\/#breadcrumb","itemListElement":[{"@type":"ListItem","position":1,"name":"Home","item":"https:\/\/vitaminai.lt\/"},{"@type":"ListItem","position":2,"name":"Produktai","item":"https:\/\/vitaminai.lt\/produktai\/"},{"@type":"ListItem","position":3,"name":"1+1 Skystasis maisto papildas JOINTS SHOTS N14+N14"}]},{"@type":"WebSite","@id":"https:\/\/vitaminai.lt\/#website","url":"https:\/\/vitaminai.lt\/","name":"Vitaminai ir maisto papildai internetu | Vitaminai.lt","description":"","publisher":{"@id":"https:\/\/vitaminai.lt\/#organization"},"potentialAction":[{"@type":"SearchAction","target":{"@type":"EntryPoint","urlTemplate":"https:\/\/vitaminai.lt\/?s={search_term_string}"},"query-input":{"@type":"PropertyValueSpecification","valueRequired":true,"valueName":"search_term_string"}}],"inLanguage":"en-US"},{"@type":"Organization","@id":"https:\/\/vitaminai.lt\/#organization","name":"Vitaminai ir maisto papildai internetu | Vitaminai.lt","url":"https:\/\/vitaminai.lt\/","logo":{"@type":"ImageObject","inLanguage":"en-US","@id":"https:\/\/vitaminai.lt\/#\/schema\/logo\/image\/","url":"https:\/\/vitaminai.lt\/wp-content\/uploads\/2025\/01\/g212.png","contentUrl":"https:\/\/vitaminai.lt\/wp-content\/uploads\/2025\/01\/g212.png","width":313,"height":74,"caption":"Vitaminai ir maisto papildai internetu | Vitaminai.lt"},"image":{"@id":"https:\/\/vitaminai.lt\/#\/schema\/logo\/image\/"},"sameAs":["https:\/\/www.facebook.com\/vitaminai\/"]}]}},"_links":{"self":[{"href":"https:\/\/vitaminai.lt\/en\/wp-json\/wp\/v2\/product\/1004","targetHints":{"allow":["GET"]}}],"collection":[{"href":"https:\/\/vitaminai.lt\/en\/wp-json\/wp\/v2\/product"}],"about":[{"href":"https:\/\/vitaminai.lt\/en\/wp-json\/wp\/v2\/types\/product"}],"replies":[{"embeddable":true,"href":"https:\/\/vitaminai.lt\/en\/wp-json\/wp\/v2\/comments?post=1004"}],"wp:featuredmedia":[{"embeddable":true,"href":"https:\/\/vitaminai.lt\/en\/wp-json\/wp\/v2\/media\/1044"}],"wp:attachment":[{"href":"https:\/\/vitaminai.lt\/en\/wp-json\/wp\/v2\/media?parent=1004"}],"wp:term":[{"taxonomy":"product_brand","embeddable":true,"href":"https:\/\/vitaminai.lt\/en\/wp-json\/wp\/v2\/product_brand?post=1004"},{"taxonomy":"product_cat","embeddable":true,"href":"https:\/\/vitaminai.lt\/en\/wp-json\/wp\/v2\/product_cat?post=1004"},{"taxonomy":"product_tag","embeddable":true,"href":"https:\/\/vitaminai.lt\/en\/wp-json\/wp\/v2\/product_tag?post=1004"}],"curies":[{"name":"wp","href":"https:\/\/api.w.org\/{rel}","templated":true}]}}