{"id":1005,"date":"2024-12-04T12:27:44","date_gmt":"2024-12-04T12:27:44","guid":{"rendered":"https:\/\/vitaminai.lt\/?post_type=product&#038;p=1005"},"modified":"2026-04-07T12:51:11","modified_gmt":"2026-04-07T10:51:11","slug":"skystasis-maisto-papildas-immunity-shots-n14n14","status":"publish","type":"product","link":"https:\/\/vitaminai.lt\/en\/produktas\/skystasis-maisto-papildas-immunity-shots-n14n14\/","title":{"rendered":"1+1 Skystasis maisto papildas IMMUNITY SHOTS N14+N14"},"content":{"rendered":"<h3 data-start=\"208\" data-end=\"226\"><strong data-start=\"212\" data-end=\"224\">IMMUNITY<\/strong><\/h3>\n<p data-start=\"227\" data-end=\"312\"><strong data-start=\"227\" data-end=\"312\">Maisto papildas | 28 buteliukai po 25 ml (dvi pakuot\u0117s po 14 buteliuk\u0173) | Skystas maisto papildas su saldikliais<\/strong><\/p>\n<hr data-start=\"314\" data-end=\"317\" \/>\n<p data-start=\"239\" data-end=\"302\"><strong data-start=\"239\" data-end=\"302\">Auk\u0161\u010diausios kokyb\u0117s ingredientai j\u016bs\u0173 imunitetui stiprinti<\/strong><\/p>\n<p data-start=\"304\" data-end=\"673\"><strong data-start=\"246\" data-end=\"260\">\u201eImmunity\u201c<\/strong>\u00a0\u2013 tai skystas maisto papildas, sukurtas prisid\u0117ti prie normalios imunin\u0117s sistemos veiklos palaikymo. Produkto sud\u0117tyje derinami vitaminai, mineralai, augaliniai ekstraktai ir gryb\u0173 kilm\u0117s ingredientai, skirti vartoti kaip subalansuotos mitybos ir sveiko gyvenimo b\u016bdo dalis.<\/p>\n<hr data-start=\"1104\" data-end=\"1107\" \/>\n<p data-start=\"1109\" data-end=\"1141\"><strong>Vitaminai ir mineralai:<\/strong><\/p>\n<p data-start=\"198\" data-end=\"316\"><strong data-start=\"198\" data-end=\"208\">Cinkas<\/strong>\u00a0\u2013 prisideda prie normalios imunin\u0117s sistemos veiklos ir padeda apsaugoti l\u0105steles nuo oksidacin\u0117s pa\u017eaidos.<\/p>\n<p data-start=\"318\" data-end=\"460\"><strong data-start=\"318\" data-end=\"329\">Selenas<\/strong>\u00a0\u2013 prisideda prie normalios skydliauk\u0117s veiklos, normalios imunin\u0117s sistemos veiklos bei normalios plauk\u0173 ir nag\u0173 b\u016bkl\u0117s palaikymo.<\/p>\n<p data-start=\"462\" data-end=\"612\"><strong data-start=\"462\" data-end=\"477\">Vitaminas A<\/strong>\u00a0\u2013 prisideda prie normalios gleivini\u0173 b\u016bkl\u0117s palaikymo, padeda i\u0161saugoti normal\u0173 reg\u0117jim\u0105 ir palaiko normali\u0105 imunin\u0117s sistemos veikl\u0105.<\/p>\n<p data-start=\"614\" data-end=\"792\"><strong data-start=\"614\" data-end=\"629\">Vitaminas C<\/strong>\u00a0\u2013 prisideda prie normalios imunin\u0117s sistemos veiklos, normalaus kolageno susidarymo organizme, normalios energijos apykaitos ir normalios psichologin\u0117s funkcijos.<\/p>\n<p data-start=\"794\" data-end=\"943\"><strong data-start=\"794\" data-end=\"809\">Vitaminas D<\/strong>\u00a0\u2013 prisideda prie normalios kalcio koncentracijos kraujyje palaikymo, normalios kaul\u0173 ir dant\u0173 b\u016bkl\u0117s bei normalios raumen\u0173 funkcijos.<\/p>\n<p data-start=\"945\" data-end=\"1054\"><strong data-start=\"945\" data-end=\"956\">Bendrai<\/strong>\u00a0visi \u0161ie vitaminai ir mineralai prisideda prie\u00a0<strong data-start=\"1004\" data-end=\"1053\">normalios imunin\u0117s sistemos veiklos palaikymo<\/strong>.<\/p>\n<hr \/>\n<p><strong>Augaliniai ir gryb\u0173 kilm\u0117s ingridientai:<\/strong><\/p>\n<p data-start=\"221\" data-end=\"421\"><strong>Valgom\u0173j\u0173 danteni\u0173 (Shiitake) ir tikrini\u0173 blizgu\u010di\u0173 (Reishi) gryb\u0173 ekstraktai\u00a0<\/strong>\u2013 gryb\u0173 kilm\u0117s ingredientai, tradici\u0161kai naudojami Ryt\u0173 Azijos kult\u016brose ir da\u017enai \u012ftraukiami \u012f maisto papild\u0173 sud\u0117t\u012f.<\/p>\n<p data-start=\"221\" data-end=\"421\"><strong>Vaistini\u0173 \u010diobreli\u0173 (Thymus vulgaris) lap\u0173, juod\u0173j\u0173 serbent\u0173 (Ribes nigrum) lap\u0173, rausva\u017eied\u017ei\u0173 e\u017eiuoli\u0173 (Echinacea purpurea), s\u0117jam\u0173j\u0173 avi\u017e\u0173 (Avena sativa) ir paprast\u0173j\u0173 er\u0161k\u0117\u010di\u0173 (Rosa canina) uog\u0173 ekstraktai\u00a0<\/strong>\u2013 augalin\u0117s kilm\u0117s ingredient\u0173 kompleksas, naudojamas maisto papild\u0173 sud\u0117tyje.<\/p>\n<p data-start=\"423\" data-end=\"548\"><strong data-start=\"423\" data-end=\"438\">Kvercetinas<\/strong>\u00a0\u2013 augalin\u0117s kilm\u0117s flavonoidas, nat\u016braliai randamas \u012fvairiuose augaluose, naudojamas maisto papild\u0173 sud\u0117tyje.<\/p>\n","protected":false},"excerpt":{"rendered":"<p>IMMUNITY Maisto papildas | 28 buteliukai po 25 ml (dvi pakuot\u0117s po 14 buteliuk\u0173) | Skystas maisto papildas su saldikliais Auk\u0161\u010diausios kokyb\u0117s ingredientai j\u016bs\u0173 imunitetui stiprinti \u201eImmunity\u201c\u00a0\u2013 tai skystas maisto papildas, sukurtas prisid\u0117ti prie normalios imunin\u0117s sistemos veiklos palaikymo. Produkto sud\u0117tyje derinami vitaminai, mineralai, augaliniai ekstraktai ir gryb\u0173 kilm\u0117s ingredientai, skirti vartoti kaip subalansuotos mitybos [&hellip;]<\/p>\n","protected":false},"featured_media":1042,"comment_status":"open","ping_status":"closed","template":"","meta":[],"product_brand":[],"product_cat":[394,272,303,273,293,280,257,368,342,33,41,243,244,245,20,32,173,172,174,152,18,29,23,31,30,34,62,66,68,81,85,92,94,96,97,98],"product_tag":[],"class_list":{"0":"post-1005","1":"product","2":"type-product","3":"status-publish","4":"has-post-thumbnail","6":"product_cat-11-pasiulymai","7":"product_cat-imuninei-sistemai","8":"product_cat-kvepavimo-sistemai","9":"product_cat-lasteliu-apsaugai-privalumai","10":"product_cat-makromedziagu-apykaitai","11":"product_cat-medziagu-apykaitai-privalumai","12":"product_cat-privalumai","13":"product_cat-sportuojantiems-pagrindines-kategorijos","14":"product_cat-virsutiniu-kvepavimo-taku-buklei-palaikyti","15":"product_cat-maisto-papildo-forma","16":"product_cat-skystieji-maisto-papildai","17":"product_cat-pagrindines-kategorijos","18":"product_cat-moterims","19":"product_cat-vyrams","20":"product_cat-paskirtis","21":"product_cat-imunitetui","22":"product_cat-lasteliu-apsaugai","23":"product_cat-medziagu-apykaitai","24":"product_cat-organizmo-apsaugai","25":"product_cat-susirgus","26":"product_cat-vartotojas","27":"product_cat-moterys","28":"product_cat-paaugliai","29":"product_cat-senjorai","30":"product_cat-vyrai","31":"product_cat-veiklioji-medziaga","32":"product_cat-antioksidantai","33":"product_cat-cinkas","34":"product_cat-eziuole","35":"product_cat-kvercetinas","36":"product_cat-multivitaminai","37":"product_cat-selenas","38":"product_cat-vitaminas-a","39":"product_cat-vitaminas-c","40":"product_cat-vitaminas-d","41":"product_cat-vitaminas-e","43":"first","44":"instock","45":"sale","46":"shipping-taxable","47":"purchasable","48":"product-type-simple"},"yoast_head":"<!-- This site is optimized with the Yoast SEO plugin v26.6 - https:\/\/yoast.com\/wordpress\/plugins\/seo\/ -->\n<title>1+1 Skystasis maisto papildas IMMUNITY SHOTS N14+N14 - Vitaminai ir maisto papildai internetu | Vitaminai.lt<\/title>\n<meta name=\"robots\" content=\"index, follow, max-snippet:-1, max-image-preview:large, max-video-preview:-1\" \/>\n<link rel=\"canonical\" href=\"https:\/\/vitaminai.lt\/produktas\/skystasis-maisto-papildas-immunity-shots-n14n14\/\" \/>\n<meta property=\"og:locale\" content=\"en_US\" \/>\n<meta property=\"og:type\" content=\"article\" \/>\n<meta property=\"og:title\" content=\"1+1 Skystasis maisto papildas IMMUNITY SHOTS N14+N14 - Vitaminai ir maisto papildai internetu | Vitaminai.lt\" \/>\n<meta property=\"og:description\" content=\"IMMUNITY Maisto papildas | 28 buteliukai po 25 ml (dvi pakuot\u0117s po 14 buteliuk\u0173) | Skystas maisto papildas su saldikliais Auk\u0161\u010diausios kokyb\u0117s ingredientai j\u016bs\u0173 imunitetui stiprinti \u201eImmunity\u201c\u00a0\u2013 tai skystas maisto papildas, sukurtas prisid\u0117ti prie normalios imunin\u0117s sistemos veiklos palaikymo. Produkto sud\u0117tyje derinami vitaminai, mineralai, augaliniai ekstraktai ir gryb\u0173 kilm\u0117s ingredientai, skirti vartoti kaip subalansuotos mitybos [&hellip;]\" \/>\n<meta property=\"og:url\" content=\"https:\/\/vitaminai.lt\/produktas\/skystasis-maisto-papildas-immunity-shots-n14n14\/\" \/>\n<meta property=\"og:site_name\" content=\"Vitaminai ir maisto papildai internetu | Vitaminai.lt\" \/>\n<meta property=\"article:publisher\" content=\"https:\/\/www.facebook.com\/vitaminai\/\" \/>\n<meta property=\"article:modified_time\" content=\"2026-04-07T10:51:11+00:00\" \/>\n<meta property=\"og:image\" content=\"https:\/\/vitaminai.lt\/wp-content\/uploads\/2024\/12\/Rinkiniai-04-1024x999.png\" \/>\n\t<meta property=\"og:image:width\" content=\"1024\" \/>\n\t<meta property=\"og:image:height\" content=\"999\" \/>\n\t<meta property=\"og:image:type\" content=\"image\/png\" \/>\n<meta name=\"twitter:card\" content=\"summary_large_image\" \/>\n<meta name=\"twitter:label1\" content=\"Est. reading time\" \/>\n\t<meta name=\"twitter:data1\" content=\"2 minutes\" \/>\n<script type=\"application\/ld+json\" class=\"yoast-schema-graph\">{\"@context\":\"https:\/\/schema.org\",\"@graph\":[{\"@type\":\"WebPage\",\"@id\":\"https:\/\/vitaminai.lt\/produktas\/skystasis-maisto-papildas-immunity-shots-n14n14\/\",\"url\":\"https:\/\/vitaminai.lt\/produktas\/skystasis-maisto-papildas-immunity-shots-n14n14\/\",\"name\":\"1+1 Skystasis maisto papildas IMMUNITY SHOTS N14+N14 - Vitaminai ir maisto papildai internetu | Vitaminai.lt\",\"isPartOf\":{\"@id\":\"https:\/\/vitaminai.lt\/#website\"},\"primaryImageOfPage\":{\"@id\":\"https:\/\/vitaminai.lt\/produktas\/skystasis-maisto-papildas-immunity-shots-n14n14\/#primaryimage\"},\"image\":{\"@id\":\"https:\/\/vitaminai.lt\/produktas\/skystasis-maisto-papildas-immunity-shots-n14n14\/#primaryimage\"},\"thumbnailUrl\":\"https:\/\/vitaminai.lt\/wp-content\/uploads\/2024\/12\/Rinkiniai-04.png\",\"datePublished\":\"2024-12-04T12:27:44+00:00\",\"dateModified\":\"2026-04-07T10:51:11+00:00\",\"breadcrumb\":{\"@id\":\"https:\/\/vitaminai.lt\/produktas\/skystasis-maisto-papildas-immunity-shots-n14n14\/#breadcrumb\"},\"inLanguage\":\"en-US\",\"potentialAction\":[{\"@type\":\"ReadAction\",\"target\":[\"https:\/\/vitaminai.lt\/produktas\/skystasis-maisto-papildas-immunity-shots-n14n14\/\"]}]},{\"@type\":\"ImageObject\",\"inLanguage\":\"en-US\",\"@id\":\"https:\/\/vitaminai.lt\/produktas\/skystasis-maisto-papildas-immunity-shots-n14n14\/#primaryimage\",\"url\":\"https:\/\/vitaminai.lt\/wp-content\/uploads\/2024\/12\/Rinkiniai-04.png\",\"contentUrl\":\"https:\/\/vitaminai.lt\/wp-content\/uploads\/2024\/12\/Rinkiniai-04.png\",\"width\":4594,\"height\":4483},{\"@type\":\"BreadcrumbList\",\"@id\":\"https:\/\/vitaminai.lt\/produktas\/skystasis-maisto-papildas-immunity-shots-n14n14\/#breadcrumb\",\"itemListElement\":[{\"@type\":\"ListItem\",\"position\":1,\"name\":\"Home\",\"item\":\"https:\/\/vitaminai.lt\/\"},{\"@type\":\"ListItem\",\"position\":2,\"name\":\"Produktai\",\"item\":\"https:\/\/vitaminai.lt\/produktai\/\"},{\"@type\":\"ListItem\",\"position\":3,\"name\":\"1+1 Skystasis maisto papildas IMMUNITY SHOTS N14+N14\"}]},{\"@type\":\"WebSite\",\"@id\":\"https:\/\/vitaminai.lt\/#website\",\"url\":\"https:\/\/vitaminai.lt\/\",\"name\":\"Vitaminai ir maisto papildai internetu | Vitaminai.lt\",\"description\":\"\",\"publisher\":{\"@id\":\"https:\/\/vitaminai.lt\/#organization\"},\"potentialAction\":[{\"@type\":\"SearchAction\",\"target\":{\"@type\":\"EntryPoint\",\"urlTemplate\":\"https:\/\/vitaminai.lt\/?s={search_term_string}\"},\"query-input\":{\"@type\":\"PropertyValueSpecification\",\"valueRequired\":true,\"valueName\":\"search_term_string\"}}],\"inLanguage\":\"en-US\"},{\"@type\":\"Organization\",\"@id\":\"https:\/\/vitaminai.lt\/#organization\",\"name\":\"Vitaminai ir maisto papildai internetu | Vitaminai.lt\",\"url\":\"https:\/\/vitaminai.lt\/\",\"logo\":{\"@type\":\"ImageObject\",\"inLanguage\":\"en-US\",\"@id\":\"https:\/\/vitaminai.lt\/#\/schema\/logo\/image\/\",\"url\":\"https:\/\/vitaminai.lt\/wp-content\/uploads\/2025\/01\/g212.png\",\"contentUrl\":\"https:\/\/vitaminai.lt\/wp-content\/uploads\/2025\/01\/g212.png\",\"width\":313,\"height\":74,\"caption\":\"Vitaminai ir maisto papildai internetu | Vitaminai.lt\"},\"image\":{\"@id\":\"https:\/\/vitaminai.lt\/#\/schema\/logo\/image\/\"},\"sameAs\":[\"https:\/\/www.facebook.com\/vitaminai\/\"]}]}<\/script>\n<!-- \/ Yoast SEO plugin. -->","yoast_head_json":{"title":"1+1 Skystasis maisto papildas IMMUNITY SHOTS N14+N14 - Vitaminai ir maisto papildai internetu | Vitaminai.lt","robots":{"index":"index","follow":"follow","max-snippet":"max-snippet:-1","max-image-preview":"max-image-preview:large","max-video-preview":"max-video-preview:-1"},"canonical":"https:\/\/vitaminai.lt\/produktas\/skystasis-maisto-papildas-immunity-shots-n14n14\/","og_locale":"en_US","og_type":"article","og_title":"1+1 Skystasis maisto papildas IMMUNITY SHOTS N14+N14 - Vitaminai ir maisto papildai internetu | Vitaminai.lt","og_description":"IMMUNITY Maisto papildas | 28 buteliukai po 25 ml (dvi pakuot\u0117s po 14 buteliuk\u0173) | Skystas maisto papildas su saldikliais Auk\u0161\u010diausios kokyb\u0117s ingredientai j\u016bs\u0173 imunitetui stiprinti \u201eImmunity\u201c\u00a0\u2013 tai skystas maisto papildas, sukurtas prisid\u0117ti prie normalios imunin\u0117s sistemos veiklos palaikymo. Produkto sud\u0117tyje derinami vitaminai, mineralai, augaliniai ekstraktai ir gryb\u0173 kilm\u0117s ingredientai, skirti vartoti kaip subalansuotos mitybos [&hellip;]","og_url":"https:\/\/vitaminai.lt\/produktas\/skystasis-maisto-papildas-immunity-shots-n14n14\/","og_site_name":"Vitaminai ir maisto papildai internetu | Vitaminai.lt","article_publisher":"https:\/\/www.facebook.com\/vitaminai\/","article_modified_time":"2026-04-07T10:51:11+00:00","og_image":[{"width":1024,"height":999,"url":"https:\/\/vitaminai.lt\/wp-content\/uploads\/2024\/12\/Rinkiniai-04-1024x999.png","type":"image\/png"}],"twitter_card":"summary_large_image","twitter_misc":{"Est. reading time":"2 minutes"},"schema":{"@context":"https:\/\/schema.org","@graph":[{"@type":"WebPage","@id":"https:\/\/vitaminai.lt\/produktas\/skystasis-maisto-papildas-immunity-shots-n14n14\/","url":"https:\/\/vitaminai.lt\/produktas\/skystasis-maisto-papildas-immunity-shots-n14n14\/","name":"1+1 Skystasis maisto papildas IMMUNITY SHOTS N14+N14 - Vitaminai ir maisto papildai internetu | Vitaminai.lt","isPartOf":{"@id":"https:\/\/vitaminai.lt\/#website"},"primaryImageOfPage":{"@id":"https:\/\/vitaminai.lt\/produktas\/skystasis-maisto-papildas-immunity-shots-n14n14\/#primaryimage"},"image":{"@id":"https:\/\/vitaminai.lt\/produktas\/skystasis-maisto-papildas-immunity-shots-n14n14\/#primaryimage"},"thumbnailUrl":"https:\/\/vitaminai.lt\/wp-content\/uploads\/2024\/12\/Rinkiniai-04.png","datePublished":"2024-12-04T12:27:44+00:00","dateModified":"2026-04-07T10:51:11+00:00","breadcrumb":{"@id":"https:\/\/vitaminai.lt\/produktas\/skystasis-maisto-papildas-immunity-shots-n14n14\/#breadcrumb"},"inLanguage":"en-US","potentialAction":[{"@type":"ReadAction","target":["https:\/\/vitaminai.lt\/produktas\/skystasis-maisto-papildas-immunity-shots-n14n14\/"]}]},{"@type":"ImageObject","inLanguage":"en-US","@id":"https:\/\/vitaminai.lt\/produktas\/skystasis-maisto-papildas-immunity-shots-n14n14\/#primaryimage","url":"https:\/\/vitaminai.lt\/wp-content\/uploads\/2024\/12\/Rinkiniai-04.png","contentUrl":"https:\/\/vitaminai.lt\/wp-content\/uploads\/2024\/12\/Rinkiniai-04.png","width":4594,"height":4483},{"@type":"BreadcrumbList","@id":"https:\/\/vitaminai.lt\/produktas\/skystasis-maisto-papildas-immunity-shots-n14n14\/#breadcrumb","itemListElement":[{"@type":"ListItem","position":1,"name":"Home","item":"https:\/\/vitaminai.lt\/"},{"@type":"ListItem","position":2,"name":"Produktai","item":"https:\/\/vitaminai.lt\/produktai\/"},{"@type":"ListItem","position":3,"name":"1+1 Skystasis maisto papildas IMMUNITY SHOTS N14+N14"}]},{"@type":"WebSite","@id":"https:\/\/vitaminai.lt\/#website","url":"https:\/\/vitaminai.lt\/","name":"Vitaminai ir maisto papildai internetu | Vitaminai.lt","description":"","publisher":{"@id":"https:\/\/vitaminai.lt\/#organization"},"potentialAction":[{"@type":"SearchAction","target":{"@type":"EntryPoint","urlTemplate":"https:\/\/vitaminai.lt\/?s={search_term_string}"},"query-input":{"@type":"PropertyValueSpecification","valueRequired":true,"valueName":"search_term_string"}}],"inLanguage":"en-US"},{"@type":"Organization","@id":"https:\/\/vitaminai.lt\/#organization","name":"Vitaminai ir maisto papildai internetu | Vitaminai.lt","url":"https:\/\/vitaminai.lt\/","logo":{"@type":"ImageObject","inLanguage":"en-US","@id":"https:\/\/vitaminai.lt\/#\/schema\/logo\/image\/","url":"https:\/\/vitaminai.lt\/wp-content\/uploads\/2025\/01\/g212.png","contentUrl":"https:\/\/vitaminai.lt\/wp-content\/uploads\/2025\/01\/g212.png","width":313,"height":74,"caption":"Vitaminai ir maisto papildai internetu | Vitaminai.lt"},"image":{"@id":"https:\/\/vitaminai.lt\/#\/schema\/logo\/image\/"},"sameAs":["https:\/\/www.facebook.com\/vitaminai\/"]}]}},"_links":{"self":[{"href":"https:\/\/vitaminai.lt\/en\/wp-json\/wp\/v2\/product\/1005","targetHints":{"allow":["GET"]}}],"collection":[{"href":"https:\/\/vitaminai.lt\/en\/wp-json\/wp\/v2\/product"}],"about":[{"href":"https:\/\/vitaminai.lt\/en\/wp-json\/wp\/v2\/types\/product"}],"replies":[{"embeddable":true,"href":"https:\/\/vitaminai.lt\/en\/wp-json\/wp\/v2\/comments?post=1005"}],"wp:featuredmedia":[{"embeddable":true,"href":"https:\/\/vitaminai.lt\/en\/wp-json\/wp\/v2\/media\/1042"}],"wp:attachment":[{"href":"https:\/\/vitaminai.lt\/en\/wp-json\/wp\/v2\/media?parent=1005"}],"wp:term":[{"taxonomy":"product_brand","embeddable":true,"href":"https:\/\/vitaminai.lt\/en\/wp-json\/wp\/v2\/product_brand?post=1005"},{"taxonomy":"product_cat","embeddable":true,"href":"https:\/\/vitaminai.lt\/en\/wp-json\/wp\/v2\/product_cat?post=1005"},{"taxonomy":"product_tag","embeddable":true,"href":"https:\/\/vitaminai.lt\/en\/wp-json\/wp\/v2\/product_tag?post=1005"}],"curies":[{"name":"wp","href":"https:\/\/api.w.org\/{rel}","templated":true}]}}