{"id":1006,"date":"2024-12-04T12:30:37","date_gmt":"2024-12-04T12:30:37","guid":{"rendered":"https:\/\/vitaminai.lt\/?post_type=product&#038;p=1006"},"modified":"2026-04-07T12:51:11","modified_gmt":"2026-04-07T10:51:11","slug":"skystasis-maisto-papildas-energy-shots-n14n14","status":"publish","type":"product","link":"https:\/\/vitaminai.lt\/en\/produktas\/skystasis-maisto-papildas-energy-shots-n14n14\/","title":{"rendered":"1+1 Skystasis maisto papildas ENERGY SHOTS N14+N14"},"content":{"rendered":"<div class=\"flex-shrink-0 flex flex-col relative items-end\">\n<div class=\"pt-0\">\n<div class=\"gizmo-bot-avatar flex h-8 w-8 items-center justify-center overflow-hidden rounded-full\">\n<div class=\"relative p-1 rounded-sm flex items-center justify-center bg-token-main-surface-primary text-token-text-primary h-8 w-8\">\n<h3 data-start=\"209\" data-end=\"313\"><strong data-start=\"209\" data-end=\"225\">ENERGY Shots<\/strong><\/h3>\n<p data-start=\"209\" data-end=\"313\"><strong data-start=\"228\" data-end=\"313\">Maisto papildas | 28 buteliukai po 25 ml (dvi pakuot\u0117s po 14 buteliuk\u0173) | Skystas maisto papildas su saldikliais<\/strong><\/p>\n<div class=\"relative p-1 rounded-sm flex items-center justify-center bg-token-main-surface-primary text-token-text-primary h-8 w-8\">\n<hr \/>\n<p data-start=\"380\" data-end=\"666\"><strong>\u201eENERGY Shots\u201c<\/strong> \u2013 tai skystas maisto papildas su kofeinu, augaliniais ekstraktais, vitaminais ir aminor\u016bg\u0161timis. Sud\u0117tyje esantys vitaminai prisideda prie normalios energijos apykaitos ir padeda ma\u017einti pavargimo jausm\u0105 bei nuovarg\u012f.<\/p>\n<hr data-start=\"1234\" data-end=\"1237\" \/>\n<p data-start=\"1239\" data-end=\"1301\"><strong data-start=\"1244\" data-end=\"1301\">Vitaminai ir mineralai energijai ir gerai savijautai:<\/strong><\/p>\n<p data-start=\"1303\" data-end=\"1722\"><strong data-start=\"1303\" data-end=\"1385\">Biotinas, manganas, niacinas, tiaminas, riboflavinas, vitaminai B6, B12 ir C <\/strong>padeda palaikyti normali\u0105 energijos apykait\u0105;<\/p>\n<p data-start=\"1303\" data-end=\"1722\"><strong data-start=\"1424\" data-end=\"1496\">Biotinas, niacinas, tiaminas, riboflavinas, vitaminai B6, B12 ir C <\/strong>padeda palaikyti normali\u0105 nerv\u0173 sistemos veikl\u0105;<\/p>\n<p data-start=\"1303\" data-end=\"1722\"><strong data-start=\"1559\" data-end=\"1607\">Foliatai, niacinas, vitaminai B6, B12 ir C <\/strong>padeda ma\u017einti pavargimo jausm\u0105 ir nuovarg\u012f;<\/p>\n<p data-start=\"1303\" data-end=\"1722\"><strong>Foliatai, <\/strong><strong>vitaminai B<sub>6 <\/sub><\/strong>ir<strong> C<\/strong> padeda palaikyti normali\u0105 imunin\u0117s sistemos veikl\u0105;<\/p>\n<p data-start=\"1303\" data-end=\"1722\"><strong>Manganas, riboflavinas <\/strong>ir <strong>vitaminas C <\/strong>padeda apsaugoti l\u0105steles nuo oksidacin\u0117s pa\u017eaidos.<\/p>\n<hr \/>\n<p data-start=\"759\" data-end=\"811\"><strong>Augalin\u0117s sudedamosios dalys:<\/strong><\/p>\n<p data-start=\"813\" data-end=\"1232\">Gvaranin\u0117 paulinija<\/p>\n<p data-start=\"813\" data-end=\"1232\">Paragvajinis bugienis<\/p>\n<p data-start=\"813\" data-end=\"1232\">Rausvoji radiol\u0117<\/p>\n<p data-start=\"813\" data-end=\"1232\">Juodasis eleuterokokas<\/p>\n<hr data-start=\"1724\" data-end=\"1727\" \/>\n<p><strong data-start=\"1734\" data-end=\"1765\">Kod\u0117l rinktis ENERGY Shots?<\/strong><\/p>\n<\/div>\n<p data-start=\"1730\" data-end=\"1823\"><strong data-start=\"1730\" data-end=\"1750\">Nat\u016brali sud\u0117tis<\/strong> \u2013 sud\u0117tyje augalini\u0173 ekstrakt\u0173, vitamin\u0173 ir aminor\u016bg\u0161\u010di\u0173.<\/p>\n<p data-start=\"1830\" data-end=\"2018\"><strong data-start=\"1830\" data-end=\"1863\">Vitaminai energijos apykaitai<\/strong> \u2013 vitaminai B6, B12, C, niacinas, riboflavinas ir tiaminas prisideda prie normalios energijos apykaitos ir padeda ma\u017einti pavargimo jausm\u0105 bei nuovarg\u012f.<\/p>\n<p data-start=\"2025\" data-end=\"2085\"><strong data-start=\"2025\" data-end=\"2041\">Patogi forma<\/strong> \u2013 skystas buteliukas patogiam vartojimui.<\/p>\n<p data-start=\"2092\" data-end=\"2173\"><strong data-start=\"2092\" data-end=\"2117\">Kasdieniam vartojimui<\/strong> \u2013 tinkamas \u017emon\u0117ms, gyvenantiems aktyviu gyvenimo b\u016bdu.<\/p>\n<\/div>\n<\/div>\n<\/div>\n<\/div>\n","protected":false},"excerpt":{"rendered":"<p>ENERGY Shots Maisto papildas | 28 buteliukai po 25 ml (dvi pakuot\u0117s po 14 buteliuk\u0173) | Skystas maisto papildas su saldikliais \u201eENERGY Shots\u201c \u2013 tai skystas maisto papildas su kofeinu, augaliniais ekstraktais, vitaminais ir aminor\u016bg\u0161timis. Sud\u0117tyje esantys vitaminai prisideda prie normalios energijos apykaitos ir padeda ma\u017einti pavargimo jausm\u0105 bei nuovarg\u012f. Vitaminai ir mineralai energijai ir [&hellip;]<\/p>\n","protected":false},"featured_media":1047,"comment_status":"open","ping_status":"closed","template":"","meta":[],"product_brand":[],"product_cat":[394,278,349,272,347,277,257,348,368,33,41,243,244,245,247,20,26,32,171,59,18,29,31,30,34,62,63,69,79,123,85,95,96],"product_tag":[],"class_list":{"0":"post-1006","1":"product","2":"type-product","3":"status-publish","4":"has-post-thumbnail","6":"product_cat-11-pasiulymai","7":"product_cat-energijos-apykaitai","8":"product_cat-gerai-psichologinei-savijautai","9":"product_cat-imuninei-sistemai","10":"product_cat-normalaus-kuno-svorio-palaikymui","11":"product_cat-nuovargio-mazinimui-privalumai","12":"product_cat-privalumai","13":"product_cat-riebalu-ir-lipidu-apykaitai","14":"product_cat-sportuojantiems-pagrindines-kategorijos","15":"product_cat-maisto-papildo-forma","16":"product_cat-skystieji-maisto-papildai","17":"product_cat-pagrindines-kategorijos","18":"product_cat-moterims","19":"product_cat-vyrams","20":"product_cat-energijai-pagrindines-kategorijos","21":"product_cat-paskirtis","22":"product_cat-energijai","23":"product_cat-imunitetui","24":"product_cat-nuovargio-mazinimui","25":"product_cat-sportuojantiems","26":"product_cat-vartotojas","27":"product_cat-moterys","28":"product_cat-senjorai","29":"product_cat-vyrai","30":"product_cat-veiklioji-medziaga","31":"product_cat-antioksidantai","32":"product_cat-biotinas","33":"product_cat-folio-rugstis","34":"product_cat-kofermentas-q10","35":"product_cat-manganas","36":"product_cat-multivitaminai","37":"product_cat-vitaminas-b","38":"product_cat-vitaminas-c","40":"first","41":"instock","42":"sale","43":"shipping-taxable","44":"purchasable","45":"product-type-simple"},"yoast_head":"<!-- This site is optimized with the Yoast SEO plugin v26.6 - https:\/\/yoast.com\/wordpress\/plugins\/seo\/ -->\n<title>1+1 Skystasis maisto papildas ENERGY SHOTS N14+N14 - Vitaminai ir maisto papildai internetu | Vitaminai.lt<\/title>\n<meta name=\"robots\" content=\"index, follow, max-snippet:-1, max-image-preview:large, max-video-preview:-1\" \/>\n<link rel=\"canonical\" href=\"https:\/\/vitaminai.lt\/produktas\/skystasis-maisto-papildas-energy-shots-n14n14\/\" \/>\n<meta property=\"og:locale\" content=\"en_US\" \/>\n<meta property=\"og:type\" content=\"article\" \/>\n<meta property=\"og:title\" content=\"1+1 Skystasis maisto papildas ENERGY SHOTS N14+N14 - Vitaminai ir maisto papildai internetu | Vitaminai.lt\" \/>\n<meta property=\"og:description\" content=\"ENERGY Shots Maisto papildas | 28 buteliukai po 25 ml (dvi pakuot\u0117s po 14 buteliuk\u0173) | Skystas maisto papildas su saldikliais \u201eENERGY Shots\u201c \u2013 tai skystas maisto papildas su kofeinu, augaliniais ekstraktais, vitaminais ir aminor\u016bg\u0161timis. Sud\u0117tyje esantys vitaminai prisideda prie normalios energijos apykaitos ir padeda ma\u017einti pavargimo jausm\u0105 bei nuovarg\u012f. Vitaminai ir mineralai energijai ir [&hellip;]\" \/>\n<meta property=\"og:url\" content=\"https:\/\/vitaminai.lt\/produktas\/skystasis-maisto-papildas-energy-shots-n14n14\/\" \/>\n<meta property=\"og:site_name\" content=\"Vitaminai ir maisto papildai internetu | Vitaminai.lt\" \/>\n<meta property=\"article:publisher\" content=\"https:\/\/www.facebook.com\/vitaminai\/\" \/>\n<meta property=\"article:modified_time\" content=\"2026-04-07T10:51:11+00:00\" \/>\n<meta property=\"og:image\" content=\"https:\/\/vitaminai.lt\/wp-content\/uploads\/2024\/12\/Rinkiniai-09-1024x999.png\" \/>\n\t<meta property=\"og:image:width\" content=\"1024\" \/>\n\t<meta property=\"og:image:height\" content=\"999\" \/>\n\t<meta property=\"og:image:type\" content=\"image\/png\" \/>\n<meta name=\"twitter:card\" content=\"summary_large_image\" \/>\n<meta name=\"twitter:label1\" content=\"Est. reading time\" \/>\n\t<meta name=\"twitter:data1\" content=\"2 minutes\" \/>\n<script type=\"application\/ld+json\" class=\"yoast-schema-graph\">{\"@context\":\"https:\/\/schema.org\",\"@graph\":[{\"@type\":\"WebPage\",\"@id\":\"https:\/\/vitaminai.lt\/produktas\/skystasis-maisto-papildas-energy-shots-n14n14\/\",\"url\":\"https:\/\/vitaminai.lt\/produktas\/skystasis-maisto-papildas-energy-shots-n14n14\/\",\"name\":\"1+1 Skystasis maisto papildas ENERGY SHOTS N14+N14 - Vitaminai ir maisto papildai internetu | Vitaminai.lt\",\"isPartOf\":{\"@id\":\"https:\/\/vitaminai.lt\/#website\"},\"primaryImageOfPage\":{\"@id\":\"https:\/\/vitaminai.lt\/produktas\/skystasis-maisto-papildas-energy-shots-n14n14\/#primaryimage\"},\"image\":{\"@id\":\"https:\/\/vitaminai.lt\/produktas\/skystasis-maisto-papildas-energy-shots-n14n14\/#primaryimage\"},\"thumbnailUrl\":\"https:\/\/vitaminai.lt\/wp-content\/uploads\/2024\/12\/Rinkiniai-09.png\",\"datePublished\":\"2024-12-04T12:30:37+00:00\",\"dateModified\":\"2026-04-07T10:51:11+00:00\",\"breadcrumb\":{\"@id\":\"https:\/\/vitaminai.lt\/produktas\/skystasis-maisto-papildas-energy-shots-n14n14\/#breadcrumb\"},\"inLanguage\":\"en-US\",\"potentialAction\":[{\"@type\":\"ReadAction\",\"target\":[\"https:\/\/vitaminai.lt\/produktas\/skystasis-maisto-papildas-energy-shots-n14n14\/\"]}]},{\"@type\":\"ImageObject\",\"inLanguage\":\"en-US\",\"@id\":\"https:\/\/vitaminai.lt\/produktas\/skystasis-maisto-papildas-energy-shots-n14n14\/#primaryimage\",\"url\":\"https:\/\/vitaminai.lt\/wp-content\/uploads\/2024\/12\/Rinkiniai-09.png\",\"contentUrl\":\"https:\/\/vitaminai.lt\/wp-content\/uploads\/2024\/12\/Rinkiniai-09.png\",\"width\":4594,\"height\":4483},{\"@type\":\"BreadcrumbList\",\"@id\":\"https:\/\/vitaminai.lt\/produktas\/skystasis-maisto-papildas-energy-shots-n14n14\/#breadcrumb\",\"itemListElement\":[{\"@type\":\"ListItem\",\"position\":1,\"name\":\"Home\",\"item\":\"https:\/\/vitaminai.lt\/\"},{\"@type\":\"ListItem\",\"position\":2,\"name\":\"Produktai\",\"item\":\"https:\/\/vitaminai.lt\/produktai\/\"},{\"@type\":\"ListItem\",\"position\":3,\"name\":\"1+1 Skystasis maisto papildas ENERGY SHOTS N14+N14\"}]},{\"@type\":\"WebSite\",\"@id\":\"https:\/\/vitaminai.lt\/#website\",\"url\":\"https:\/\/vitaminai.lt\/\",\"name\":\"Vitaminai ir maisto papildai internetu | Vitaminai.lt\",\"description\":\"\",\"publisher\":{\"@id\":\"https:\/\/vitaminai.lt\/#organization\"},\"potentialAction\":[{\"@type\":\"SearchAction\",\"target\":{\"@type\":\"EntryPoint\",\"urlTemplate\":\"https:\/\/vitaminai.lt\/?s={search_term_string}\"},\"query-input\":{\"@type\":\"PropertyValueSpecification\",\"valueRequired\":true,\"valueName\":\"search_term_string\"}}],\"inLanguage\":\"en-US\"},{\"@type\":\"Organization\",\"@id\":\"https:\/\/vitaminai.lt\/#organization\",\"name\":\"Vitaminai ir maisto papildai internetu | Vitaminai.lt\",\"url\":\"https:\/\/vitaminai.lt\/\",\"logo\":{\"@type\":\"ImageObject\",\"inLanguage\":\"en-US\",\"@id\":\"https:\/\/vitaminai.lt\/#\/schema\/logo\/image\/\",\"url\":\"https:\/\/vitaminai.lt\/wp-content\/uploads\/2025\/01\/g212.png\",\"contentUrl\":\"https:\/\/vitaminai.lt\/wp-content\/uploads\/2025\/01\/g212.png\",\"width\":313,\"height\":74,\"caption\":\"Vitaminai ir maisto papildai internetu | Vitaminai.lt\"},\"image\":{\"@id\":\"https:\/\/vitaminai.lt\/#\/schema\/logo\/image\/\"},\"sameAs\":[\"https:\/\/www.facebook.com\/vitaminai\/\"]}]}<\/script>\n<!-- \/ Yoast SEO plugin. -->","yoast_head_json":{"title":"1+1 Skystasis maisto papildas ENERGY SHOTS N14+N14 - Vitaminai ir maisto papildai internetu | Vitaminai.lt","robots":{"index":"index","follow":"follow","max-snippet":"max-snippet:-1","max-image-preview":"max-image-preview:large","max-video-preview":"max-video-preview:-1"},"canonical":"https:\/\/vitaminai.lt\/produktas\/skystasis-maisto-papildas-energy-shots-n14n14\/","og_locale":"en_US","og_type":"article","og_title":"1+1 Skystasis maisto papildas ENERGY SHOTS N14+N14 - Vitaminai ir maisto papildai internetu | Vitaminai.lt","og_description":"ENERGY Shots Maisto papildas | 28 buteliukai po 25 ml (dvi pakuot\u0117s po 14 buteliuk\u0173) | Skystas maisto papildas su saldikliais \u201eENERGY Shots\u201c \u2013 tai skystas maisto papildas su kofeinu, augaliniais ekstraktais, vitaminais ir aminor\u016bg\u0161timis. Sud\u0117tyje esantys vitaminai prisideda prie normalios energijos apykaitos ir padeda ma\u017einti pavargimo jausm\u0105 bei nuovarg\u012f. Vitaminai ir mineralai energijai ir [&hellip;]","og_url":"https:\/\/vitaminai.lt\/produktas\/skystasis-maisto-papildas-energy-shots-n14n14\/","og_site_name":"Vitaminai ir maisto papildai internetu | Vitaminai.lt","article_publisher":"https:\/\/www.facebook.com\/vitaminai\/","article_modified_time":"2026-04-07T10:51:11+00:00","og_image":[{"width":1024,"height":999,"url":"https:\/\/vitaminai.lt\/wp-content\/uploads\/2024\/12\/Rinkiniai-09-1024x999.png","type":"image\/png"}],"twitter_card":"summary_large_image","twitter_misc":{"Est. reading time":"2 minutes"},"schema":{"@context":"https:\/\/schema.org","@graph":[{"@type":"WebPage","@id":"https:\/\/vitaminai.lt\/produktas\/skystasis-maisto-papildas-energy-shots-n14n14\/","url":"https:\/\/vitaminai.lt\/produktas\/skystasis-maisto-papildas-energy-shots-n14n14\/","name":"1+1 Skystasis maisto papildas ENERGY SHOTS N14+N14 - Vitaminai ir maisto papildai internetu | Vitaminai.lt","isPartOf":{"@id":"https:\/\/vitaminai.lt\/#website"},"primaryImageOfPage":{"@id":"https:\/\/vitaminai.lt\/produktas\/skystasis-maisto-papildas-energy-shots-n14n14\/#primaryimage"},"image":{"@id":"https:\/\/vitaminai.lt\/produktas\/skystasis-maisto-papildas-energy-shots-n14n14\/#primaryimage"},"thumbnailUrl":"https:\/\/vitaminai.lt\/wp-content\/uploads\/2024\/12\/Rinkiniai-09.png","datePublished":"2024-12-04T12:30:37+00:00","dateModified":"2026-04-07T10:51:11+00:00","breadcrumb":{"@id":"https:\/\/vitaminai.lt\/produktas\/skystasis-maisto-papildas-energy-shots-n14n14\/#breadcrumb"},"inLanguage":"en-US","potentialAction":[{"@type":"ReadAction","target":["https:\/\/vitaminai.lt\/produktas\/skystasis-maisto-papildas-energy-shots-n14n14\/"]}]},{"@type":"ImageObject","inLanguage":"en-US","@id":"https:\/\/vitaminai.lt\/produktas\/skystasis-maisto-papildas-energy-shots-n14n14\/#primaryimage","url":"https:\/\/vitaminai.lt\/wp-content\/uploads\/2024\/12\/Rinkiniai-09.png","contentUrl":"https:\/\/vitaminai.lt\/wp-content\/uploads\/2024\/12\/Rinkiniai-09.png","width":4594,"height":4483},{"@type":"BreadcrumbList","@id":"https:\/\/vitaminai.lt\/produktas\/skystasis-maisto-papildas-energy-shots-n14n14\/#breadcrumb","itemListElement":[{"@type":"ListItem","position":1,"name":"Home","item":"https:\/\/vitaminai.lt\/"},{"@type":"ListItem","position":2,"name":"Produktai","item":"https:\/\/vitaminai.lt\/produktai\/"},{"@type":"ListItem","position":3,"name":"1+1 Skystasis maisto papildas ENERGY SHOTS N14+N14"}]},{"@type":"WebSite","@id":"https:\/\/vitaminai.lt\/#website","url":"https:\/\/vitaminai.lt\/","name":"Vitaminai ir maisto papildai internetu | Vitaminai.lt","description":"","publisher":{"@id":"https:\/\/vitaminai.lt\/#organization"},"potentialAction":[{"@type":"SearchAction","target":{"@type":"EntryPoint","urlTemplate":"https:\/\/vitaminai.lt\/?s={search_term_string}"},"query-input":{"@type":"PropertyValueSpecification","valueRequired":true,"valueName":"search_term_string"}}],"inLanguage":"en-US"},{"@type":"Organization","@id":"https:\/\/vitaminai.lt\/#organization","name":"Vitaminai ir maisto papildai internetu | Vitaminai.lt","url":"https:\/\/vitaminai.lt\/","logo":{"@type":"ImageObject","inLanguage":"en-US","@id":"https:\/\/vitaminai.lt\/#\/schema\/logo\/image\/","url":"https:\/\/vitaminai.lt\/wp-content\/uploads\/2025\/01\/g212.png","contentUrl":"https:\/\/vitaminai.lt\/wp-content\/uploads\/2025\/01\/g212.png","width":313,"height":74,"caption":"Vitaminai ir maisto papildai internetu | Vitaminai.lt"},"image":{"@id":"https:\/\/vitaminai.lt\/#\/schema\/logo\/image\/"},"sameAs":["https:\/\/www.facebook.com\/vitaminai\/"]}]}},"_links":{"self":[{"href":"https:\/\/vitaminai.lt\/en\/wp-json\/wp\/v2\/product\/1006","targetHints":{"allow":["GET"]}}],"collection":[{"href":"https:\/\/vitaminai.lt\/en\/wp-json\/wp\/v2\/product"}],"about":[{"href":"https:\/\/vitaminai.lt\/en\/wp-json\/wp\/v2\/types\/product"}],"replies":[{"embeddable":true,"href":"https:\/\/vitaminai.lt\/en\/wp-json\/wp\/v2\/comments?post=1006"}],"wp:featuredmedia":[{"embeddable":true,"href":"https:\/\/vitaminai.lt\/en\/wp-json\/wp\/v2\/media\/1047"}],"wp:attachment":[{"href":"https:\/\/vitaminai.lt\/en\/wp-json\/wp\/v2\/media?parent=1006"}],"wp:term":[{"taxonomy":"product_brand","embeddable":true,"href":"https:\/\/vitaminai.lt\/en\/wp-json\/wp\/v2\/product_brand?post=1006"},{"taxonomy":"product_cat","embeddable":true,"href":"https:\/\/vitaminai.lt\/en\/wp-json\/wp\/v2\/product_cat?post=1006"},{"taxonomy":"product_tag","embeddable":true,"href":"https:\/\/vitaminai.lt\/en\/wp-json\/wp\/v2\/product_tag?post=1006"}],"curies":[{"name":"wp","href":"https:\/\/api.w.org\/{rel}","templated":true}]}}