{"id":1007,"date":"2024-12-04T12:43:28","date_gmt":"2024-12-04T12:43:28","guid":{"rendered":"https:\/\/vitaminai.lt\/?post_type=product&#038;p=1007"},"modified":"2026-04-07T12:51:11","modified_gmt":"2026-04-07T10:51:11","slug":"skystas-maisto-papildas-daily-detox-n14n14","status":"publish","type":"product","link":"https:\/\/vitaminai.lt\/en\/produktas\/skystas-maisto-papildas-daily-detox-n14n14\/","title":{"rendered":"1+1 Skystas maisto papildas DAILY DETOX N14+N14"},"content":{"rendered":"<p data-start=\"112\" data-end=\"220\"><strong data-start=\"112\" data-end=\"132\">DAILY DETOX SHOT<\/strong><br data-start=\"132\" data-end=\"135\" \/><strong data-start=\"135\" data-end=\"220\">Maisto papildas | 28 buteliukai po 25 ml\u00a0 (dvi pakuot\u0117s po 14 buteliuk\u0173)| Skystas maisto papildas su saldikliais<\/strong><\/p>\n<hr data-start=\"222\" data-end=\"225\" \/>\n<p data-start=\"227\" data-end=\"390\"><strong data-start=\"227\" data-end=\"247\">Daily Detox Shot<\/strong> \u2013 tai nat\u016brali detoksikacijos formul\u0117, padedanti palaikyti <strong>optimal\u0173 vir\u0161kinimo sistemos, kepen\u0173 ir \u017earnyno veikim\u0105 bei normal\u0173 k\u016bno svor\u012f<\/strong>.<\/p>\n<hr data-start=\"392\" data-end=\"395\" \/>\n<h4 data-start=\"397\" data-end=\"448\">Pagrindin\u0117s sudedamosios dalys ir j\u0173 poveikis:<\/h4>\n<p data-start=\"450\" data-end=\"948\"><strong data-start=\"450\" data-end=\"472\">Tikrieji arti\u0161okai<\/strong> \u2013 padeda palaikyti normali\u0105 kepen\u0173, \u017earnyno ir vir\u0161kinimo sistemos veikl\u0105, taip pat kraujo lipid\u0173 apykait\u0105 ir k\u016bno svor\u012f<br data-start=\"593\" data-end=\"596\" \/><strong data-start=\"596\" data-end=\"624\">Paprastosios kiaulpien\u0117s<\/strong> \u2013 palaiko kepen\u0173, skrand\u017eio ir vir\u0161kinimo funkcijas, padeda kovoti su toksinais<br data-start=\"704\" data-end=\"707\" \/><strong data-start=\"707\" data-end=\"730\">Tikrieji margainiai<\/strong> \u2013 prisideda prie kepen\u0173 detoksikacijos ir organizmo i\u0161valymo<br data-start=\"791\" data-end=\"794\" \/><strong data-start=\"794\" data-end=\"818\">Vaistiniai \u0161alavijai<\/strong> \u2013 palaiko vir\u0161kinimo bei imunin\u0117s sistemos veikl\u0105<br data-start=\"868\" data-end=\"871\" \/><strong data-start=\"871\" data-end=\"892\">Vaistin\u0117s ramun\u0117s<\/strong> \u2013 gerina vir\u0161kinimo funkcij\u0105 ir palaiko imunin\u0119 sistem\u0105<\/p>\n<hr data-start=\"950\" data-end=\"953\" \/>\n<h4 data-start=\"955\" data-end=\"997\">Kod\u0117l verta rinktis Daily Detox Shot?<\/h4>\n<p data-start=\"999\" data-end=\"1236\"><strong data-start=\"999\" data-end=\"1022\">Nat\u016bralus i\u0161valymas<\/strong> \u2013 palaiko kepen\u0173 darb\u0105 ir padeda i\u0161valyti organizm\u0105<br data-start=\"1074\" data-end=\"1077\" \/><strong data-start=\"1077\" data-end=\"1093\">Patogi forma<\/strong> \u2013 skystas papildas u\u017etikrina greit\u0105 \u012fsisavinim\u0105 ir paprast\u0105 vartojim\u0105<br data-start=\"1163\" data-end=\"1166\" \/><strong data-start=\"1166\" data-end=\"1183\">Auk\u0161ta kokyb\u0117<\/strong> \u2013 tik nat\u016bral\u016bs ingredientai, be nereikaling\u0173 pried\u0173<\/p>\n<hr data-start=\"1238\" data-end=\"1241\" \/>\n<h4 data-start=\"1243\" data-end=\"1273\">Kam skirtas \u0161is papildas?<\/h4>\n<p data-start=\"1275\" data-end=\"1485\">Tiems, kurie nori palaikyti sveik\u0105 vir\u0161kinimo, kepen\u0173 ir \u017earnyno veikl\u0105<br data-start=\"1346\" data-end=\"1349\" \/>\u017dmon\u0117ms, siekiantiems nat\u016bralaus organizmo valymo<br data-start=\"1398\" data-end=\"1401\" \/>Asmenims, kuriems svarbus sklandus med\u017eiag\u0173 apykaitos procesas ir energijos balansas<\/p>\n<hr data-start=\"1487\" data-end=\"1490\" \/>\n<p data-start=\"1492\" data-end=\"1578\" data-is-last-node=\"\" data-is-only-node=\"\"><strong data-start=\"1492\" data-end=\"1578\" data-is-last-node=\"\">Daily Detox Shot \u2013 kasdienis pasirinkimas \u0161varesniam k\u016bnui ir geresnei savijautai.<\/strong><\/p>\n","protected":false},"excerpt":{"rendered":"<p>DAILY DETOX SHOTMaisto papildas | 28 buteliukai po 25 ml\u00a0 (dvi pakuot\u0117s po 14 buteliuk\u0173)| Skystas maisto papildas su saldikliais Daily Detox Shot \u2013 tai nat\u016brali detoksikacijos formul\u0117, padedanti palaikyti optimal\u0173 vir\u0161kinimo sistemos, kepen\u0173 ir \u017earnyno veikim\u0105 bei normal\u0173 k\u016bno svor\u012f. Pagrindin\u0117s sudedamosios dalys ir j\u0173 poveikis: Tikrieji arti\u0161okai \u2013 padeda palaikyti normali\u0105 kepen\u0173, \u017earnyno [&hellip;]<\/p>\n","protected":false},"featured_media":1046,"comment_status":"open","ping_status":"closed","template":"","meta":[],"product_brand":[],"product_cat":[394,373,282,375,371,370,376,257,290,313,312,281,369,397,310,33,41,243,244,245,252,253,20,46,47,32,22,49,52,54,55,28,150,60,139,18,29,23,31,30,34,109,107,106,112,108,113,111,110],"product_tag":[],"class_list":{"0":"post-1007","1":"product","2":"type-product","3":"status-publish","4":"has-post-thumbnail","6":"product_cat-11-pasiulymai","7":"product_cat-kepenims-pagrindines-kategorijos","8":"product_cat-kepenu-funkcijai","9":"product_cat-menesio-prekes","10":"product_cat-nagams-pagrindines-kategorijos","11":"product_cat-organizmo-valymui-pagrindines-kategorijos","12":"product_cat-populiariausi-produktai","13":"product_cat-privalumai","14":"product_cat-sirdies-veiklai","15":"product_cat-skrandzio-veiklai","16":"product_cat-svorio-mazinimui-privalumai","17":"product_cat-virskinimo-sistemai","18":"product_cat-virskinimui-pagrindines-kategorijos","19":"product_cat-virskinimui-2","20":"product_cat-zarnyno-veiklai","21":"product_cat-maisto-papildo-forma","22":"product_cat-skystieji-maisto-papildai","23":"product_cat-pagrindines-kategorijos","24":"product_cat-moterims","25":"product_cat-vyrams","26":"product_cat-odai-pagrindines-kategorijos","27":"product_cat-plaukams-pagrindines-kategorijos","28":"product_cat-paskirtis","29":"product_cat-detoksikacijai","30":"product_cat-groziui","31":"product_cat-imunitetui","32":"product_cat-kepenims","33":"product_cat-lieknejimui","34":"product_cat-nagams","35":"product_cat-odai","36":"product_cat-plaukams","37":"product_cat-sirdziai-paskirtis","38":"product_cat-svorio-mazinimui","39":"product_cat-virskinimui","40":"product_cat-zarnynui","41":"product_cat-vartotojas","42":"product_cat-moterys","43":"product_cat-paaugliai","44":"product_cat-senjorai","45":"product_cat-vyrai","46":"product_cat-veiklioji-medziaga","47":"product_cat-ananasas","48":"product_cat-juodieji-ridikai","49":"product_cat-juodieji-serbentai","50":"product_cat-paprastoji-kiaulpiene","51":"product_cat-tikrasis-artisokas","52":"product_cat-tikrasis-margainis","53":"product_cat-vaistine-ramune","54":"product_cat-vaistinis-salavijas","56":"first","57":"instock","58":"sale","59":"shipping-taxable","60":"purchasable","61":"product-type-simple"},"yoast_head":"<!-- This site is optimized with the Yoast SEO plugin v26.6 - https:\/\/yoast.com\/wordpress\/plugins\/seo\/ -->\n<title>1+1 Skystas maisto papildas DAILY DETOX N14+N14 - Vitaminai ir maisto papildai internetu | Vitaminai.lt<\/title>\n<meta name=\"robots\" content=\"index, follow, max-snippet:-1, max-image-preview:large, max-video-preview:-1\" \/>\n<link rel=\"canonical\" href=\"https:\/\/vitaminai.lt\/produktas\/skystas-maisto-papildas-daily-detox-n14n14\/\" \/>\n<meta property=\"og:locale\" content=\"en_US\" \/>\n<meta property=\"og:type\" content=\"article\" \/>\n<meta property=\"og:title\" content=\"1+1 Skystas maisto papildas DAILY DETOX N14+N14 - Vitaminai ir maisto papildai internetu | Vitaminai.lt\" \/>\n<meta property=\"og:description\" content=\"DAILY DETOX SHOTMaisto papildas | 28 buteliukai po 25 ml\u00a0 (dvi pakuot\u0117s po 14 buteliuk\u0173)| Skystas maisto papildas su saldikliais Daily Detox Shot \u2013 tai nat\u016brali detoksikacijos formul\u0117, padedanti palaikyti optimal\u0173 vir\u0161kinimo sistemos, kepen\u0173 ir \u017earnyno veikim\u0105 bei normal\u0173 k\u016bno svor\u012f. Pagrindin\u0117s sudedamosios dalys ir j\u0173 poveikis: Tikrieji arti\u0161okai \u2013 padeda palaikyti normali\u0105 kepen\u0173, \u017earnyno [&hellip;]\" \/>\n<meta property=\"og:url\" content=\"https:\/\/vitaminai.lt\/produktas\/skystas-maisto-papildas-daily-detox-n14n14\/\" \/>\n<meta property=\"og:site_name\" content=\"Vitaminai ir maisto papildai internetu | Vitaminai.lt\" \/>\n<meta property=\"article:publisher\" content=\"https:\/\/www.facebook.com\/vitaminai\/\" \/>\n<meta property=\"article:modified_time\" content=\"2026-04-07T10:51:11+00:00\" \/>\n<meta property=\"og:image\" content=\"https:\/\/vitaminai.lt\/wp-content\/uploads\/2024\/12\/Rinkiniai-08-1024x999.png\" \/>\n\t<meta property=\"og:image:width\" content=\"1024\" \/>\n\t<meta property=\"og:image:height\" content=\"999\" \/>\n\t<meta property=\"og:image:type\" content=\"image\/png\" \/>\n<meta name=\"twitter:card\" content=\"summary_large_image\" \/>\n<meta name=\"twitter:label1\" content=\"Est. reading time\" \/>\n\t<meta name=\"twitter:data1\" content=\"2 minutes\" \/>\n<script type=\"application\/ld+json\" class=\"yoast-schema-graph\">{\"@context\":\"https:\/\/schema.org\",\"@graph\":[{\"@type\":\"WebPage\",\"@id\":\"https:\/\/vitaminai.lt\/produktas\/skystas-maisto-papildas-daily-detox-n14n14\/\",\"url\":\"https:\/\/vitaminai.lt\/produktas\/skystas-maisto-papildas-daily-detox-n14n14\/\",\"name\":\"1+1 Skystas maisto papildas DAILY DETOX N14+N14 - Vitaminai ir maisto papildai internetu | Vitaminai.lt\",\"isPartOf\":{\"@id\":\"https:\/\/vitaminai.lt\/#website\"},\"primaryImageOfPage\":{\"@id\":\"https:\/\/vitaminai.lt\/produktas\/skystas-maisto-papildas-daily-detox-n14n14\/#primaryimage\"},\"image\":{\"@id\":\"https:\/\/vitaminai.lt\/produktas\/skystas-maisto-papildas-daily-detox-n14n14\/#primaryimage\"},\"thumbnailUrl\":\"https:\/\/vitaminai.lt\/wp-content\/uploads\/2024\/12\/Rinkiniai-08.png\",\"datePublished\":\"2024-12-04T12:43:28+00:00\",\"dateModified\":\"2026-04-07T10:51:11+00:00\",\"breadcrumb\":{\"@id\":\"https:\/\/vitaminai.lt\/produktas\/skystas-maisto-papildas-daily-detox-n14n14\/#breadcrumb\"},\"inLanguage\":\"en-US\",\"potentialAction\":[{\"@type\":\"ReadAction\",\"target\":[\"https:\/\/vitaminai.lt\/produktas\/skystas-maisto-papildas-daily-detox-n14n14\/\"]}]},{\"@type\":\"ImageObject\",\"inLanguage\":\"en-US\",\"@id\":\"https:\/\/vitaminai.lt\/produktas\/skystas-maisto-papildas-daily-detox-n14n14\/#primaryimage\",\"url\":\"https:\/\/vitaminai.lt\/wp-content\/uploads\/2024\/12\/Rinkiniai-08.png\",\"contentUrl\":\"https:\/\/vitaminai.lt\/wp-content\/uploads\/2024\/12\/Rinkiniai-08.png\",\"width\":4594,\"height\":4483},{\"@type\":\"BreadcrumbList\",\"@id\":\"https:\/\/vitaminai.lt\/produktas\/skystas-maisto-papildas-daily-detox-n14n14\/#breadcrumb\",\"itemListElement\":[{\"@type\":\"ListItem\",\"position\":1,\"name\":\"Home\",\"item\":\"https:\/\/vitaminai.lt\/\"},{\"@type\":\"ListItem\",\"position\":2,\"name\":\"Produktai\",\"item\":\"https:\/\/vitaminai.lt\/produktai\/\"},{\"@type\":\"ListItem\",\"position\":3,\"name\":\"1+1 Skystas maisto papildas DAILY DETOX N14+N14\"}]},{\"@type\":\"WebSite\",\"@id\":\"https:\/\/vitaminai.lt\/#website\",\"url\":\"https:\/\/vitaminai.lt\/\",\"name\":\"Vitaminai ir maisto papildai internetu | Vitaminai.lt\",\"description\":\"\",\"publisher\":{\"@id\":\"https:\/\/vitaminai.lt\/#organization\"},\"potentialAction\":[{\"@type\":\"SearchAction\",\"target\":{\"@type\":\"EntryPoint\",\"urlTemplate\":\"https:\/\/vitaminai.lt\/?s={search_term_string}\"},\"query-input\":{\"@type\":\"PropertyValueSpecification\",\"valueRequired\":true,\"valueName\":\"search_term_string\"}}],\"inLanguage\":\"en-US\"},{\"@type\":\"Organization\",\"@id\":\"https:\/\/vitaminai.lt\/#organization\",\"name\":\"Vitaminai ir maisto papildai internetu | Vitaminai.lt\",\"url\":\"https:\/\/vitaminai.lt\/\",\"logo\":{\"@type\":\"ImageObject\",\"inLanguage\":\"en-US\",\"@id\":\"https:\/\/vitaminai.lt\/#\/schema\/logo\/image\/\",\"url\":\"https:\/\/vitaminai.lt\/wp-content\/uploads\/2025\/01\/g212.png\",\"contentUrl\":\"https:\/\/vitaminai.lt\/wp-content\/uploads\/2025\/01\/g212.png\",\"width\":313,\"height\":74,\"caption\":\"Vitaminai ir maisto papildai internetu | Vitaminai.lt\"},\"image\":{\"@id\":\"https:\/\/vitaminai.lt\/#\/schema\/logo\/image\/\"},\"sameAs\":[\"https:\/\/www.facebook.com\/vitaminai\/\"]}]}<\/script>\n<!-- \/ Yoast SEO plugin. -->","yoast_head_json":{"title":"1+1 Skystas maisto papildas DAILY DETOX N14+N14 - Vitaminai ir maisto papildai internetu | Vitaminai.lt","robots":{"index":"index","follow":"follow","max-snippet":"max-snippet:-1","max-image-preview":"max-image-preview:large","max-video-preview":"max-video-preview:-1"},"canonical":"https:\/\/vitaminai.lt\/produktas\/skystas-maisto-papildas-daily-detox-n14n14\/","og_locale":"en_US","og_type":"article","og_title":"1+1 Skystas maisto papildas DAILY DETOX N14+N14 - Vitaminai ir maisto papildai internetu | Vitaminai.lt","og_description":"DAILY DETOX SHOTMaisto papildas | 28 buteliukai po 25 ml\u00a0 (dvi pakuot\u0117s po 14 buteliuk\u0173)| Skystas maisto papildas su saldikliais Daily Detox Shot \u2013 tai nat\u016brali detoksikacijos formul\u0117, padedanti palaikyti optimal\u0173 vir\u0161kinimo sistemos, kepen\u0173 ir \u017earnyno veikim\u0105 bei normal\u0173 k\u016bno svor\u012f. Pagrindin\u0117s sudedamosios dalys ir j\u0173 poveikis: Tikrieji arti\u0161okai \u2013 padeda palaikyti normali\u0105 kepen\u0173, \u017earnyno [&hellip;]","og_url":"https:\/\/vitaminai.lt\/produktas\/skystas-maisto-papildas-daily-detox-n14n14\/","og_site_name":"Vitaminai ir maisto papildai internetu | Vitaminai.lt","article_publisher":"https:\/\/www.facebook.com\/vitaminai\/","article_modified_time":"2026-04-07T10:51:11+00:00","og_image":[{"width":1024,"height":999,"url":"https:\/\/vitaminai.lt\/wp-content\/uploads\/2024\/12\/Rinkiniai-08-1024x999.png","type":"image\/png"}],"twitter_card":"summary_large_image","twitter_misc":{"Est. reading time":"2 minutes"},"schema":{"@context":"https:\/\/schema.org","@graph":[{"@type":"WebPage","@id":"https:\/\/vitaminai.lt\/produktas\/skystas-maisto-papildas-daily-detox-n14n14\/","url":"https:\/\/vitaminai.lt\/produktas\/skystas-maisto-papildas-daily-detox-n14n14\/","name":"1+1 Skystas maisto papildas DAILY DETOX N14+N14 - Vitaminai ir maisto papildai internetu | Vitaminai.lt","isPartOf":{"@id":"https:\/\/vitaminai.lt\/#website"},"primaryImageOfPage":{"@id":"https:\/\/vitaminai.lt\/produktas\/skystas-maisto-papildas-daily-detox-n14n14\/#primaryimage"},"image":{"@id":"https:\/\/vitaminai.lt\/produktas\/skystas-maisto-papildas-daily-detox-n14n14\/#primaryimage"},"thumbnailUrl":"https:\/\/vitaminai.lt\/wp-content\/uploads\/2024\/12\/Rinkiniai-08.png","datePublished":"2024-12-04T12:43:28+00:00","dateModified":"2026-04-07T10:51:11+00:00","breadcrumb":{"@id":"https:\/\/vitaminai.lt\/produktas\/skystas-maisto-papildas-daily-detox-n14n14\/#breadcrumb"},"inLanguage":"en-US","potentialAction":[{"@type":"ReadAction","target":["https:\/\/vitaminai.lt\/produktas\/skystas-maisto-papildas-daily-detox-n14n14\/"]}]},{"@type":"ImageObject","inLanguage":"en-US","@id":"https:\/\/vitaminai.lt\/produktas\/skystas-maisto-papildas-daily-detox-n14n14\/#primaryimage","url":"https:\/\/vitaminai.lt\/wp-content\/uploads\/2024\/12\/Rinkiniai-08.png","contentUrl":"https:\/\/vitaminai.lt\/wp-content\/uploads\/2024\/12\/Rinkiniai-08.png","width":4594,"height":4483},{"@type":"BreadcrumbList","@id":"https:\/\/vitaminai.lt\/produktas\/skystas-maisto-papildas-daily-detox-n14n14\/#breadcrumb","itemListElement":[{"@type":"ListItem","position":1,"name":"Home","item":"https:\/\/vitaminai.lt\/"},{"@type":"ListItem","position":2,"name":"Produktai","item":"https:\/\/vitaminai.lt\/produktai\/"},{"@type":"ListItem","position":3,"name":"1+1 Skystas maisto papildas DAILY DETOX N14+N14"}]},{"@type":"WebSite","@id":"https:\/\/vitaminai.lt\/#website","url":"https:\/\/vitaminai.lt\/","name":"Vitaminai ir maisto papildai internetu | Vitaminai.lt","description":"","publisher":{"@id":"https:\/\/vitaminai.lt\/#organization"},"potentialAction":[{"@type":"SearchAction","target":{"@type":"EntryPoint","urlTemplate":"https:\/\/vitaminai.lt\/?s={search_term_string}"},"query-input":{"@type":"PropertyValueSpecification","valueRequired":true,"valueName":"search_term_string"}}],"inLanguage":"en-US"},{"@type":"Organization","@id":"https:\/\/vitaminai.lt\/#organization","name":"Vitaminai ir maisto papildai internetu | Vitaminai.lt","url":"https:\/\/vitaminai.lt\/","logo":{"@type":"ImageObject","inLanguage":"en-US","@id":"https:\/\/vitaminai.lt\/#\/schema\/logo\/image\/","url":"https:\/\/vitaminai.lt\/wp-content\/uploads\/2025\/01\/g212.png","contentUrl":"https:\/\/vitaminai.lt\/wp-content\/uploads\/2025\/01\/g212.png","width":313,"height":74,"caption":"Vitaminai ir maisto papildai internetu | Vitaminai.lt"},"image":{"@id":"https:\/\/vitaminai.lt\/#\/schema\/logo\/image\/"},"sameAs":["https:\/\/www.facebook.com\/vitaminai\/"]}]}},"_links":{"self":[{"href":"https:\/\/vitaminai.lt\/en\/wp-json\/wp\/v2\/product\/1007","targetHints":{"allow":["GET"]}}],"collection":[{"href":"https:\/\/vitaminai.lt\/en\/wp-json\/wp\/v2\/product"}],"about":[{"href":"https:\/\/vitaminai.lt\/en\/wp-json\/wp\/v2\/types\/product"}],"replies":[{"embeddable":true,"href":"https:\/\/vitaminai.lt\/en\/wp-json\/wp\/v2\/comments?post=1007"}],"wp:featuredmedia":[{"embeddable":true,"href":"https:\/\/vitaminai.lt\/en\/wp-json\/wp\/v2\/media\/1046"}],"wp:attachment":[{"href":"https:\/\/vitaminai.lt\/en\/wp-json\/wp\/v2\/media?parent=1007"}],"wp:term":[{"taxonomy":"product_brand","embeddable":true,"href":"https:\/\/vitaminai.lt\/en\/wp-json\/wp\/v2\/product_brand?post=1007"},{"taxonomy":"product_cat","embeddable":true,"href":"https:\/\/vitaminai.lt\/en\/wp-json\/wp\/v2\/product_cat?post=1007"},{"taxonomy":"product_tag","embeddable":true,"href":"https:\/\/vitaminai.lt\/en\/wp-json\/wp\/v2\/product_tag?post=1007"}],"curies":[{"name":"wp","href":"https:\/\/api.w.org\/{rel}","templated":true}]}}