{"id":113,"date":"2024-06-11T07:54:08","date_gmt":"2024-06-11T07:54:08","guid":{"rendered":"https:\/\/vitaminai.lt\/?post_type=product&#038;p=113"},"modified":"2026-04-08T10:25:19","modified_gmt":"2026-04-08T08:25:19","slug":"ginkmedis-zensenis-n60","status":"publish","type":"product","link":"https:\/\/vitaminai.lt\/en\/produktas\/ginkmedis-zensenis-n60\/","title":{"rendered":"Maisto papildas ginkmedis + \u017een\u0161enis N60"},"content":{"rendered":"<h3 data-start=\"187\" data-end=\"264\">Ginkmedis + \u017een\u0161enis<\/h3>\n<p data-start=\"266\" data-end=\"299\"><strong data-start=\"266\" data-end=\"299\">Maisto papildas | 60 kapsuli\u0173<\/strong><\/p>\n<hr \/>\n<p data-start=\"372\" data-end=\"616\"><strong data-start=\"893\" data-end=\"919\">\u201eGinkmedis + \u017een\u0161enis\u201c<\/strong> \u2013 tai auk\u0161tos kokyb\u0117s maisto papildas, kurio sud\u0117tyje derinami dviskiau\u010dio ginkmed\u017eio (<em data-start=\"993\" data-end=\"1008\">Ginkgo biloba<\/em>) ir kinini\u0173 \u017een\u0161eni\u0173 (<em data-start=\"1031\" data-end=\"1046\">Panax ginseng<\/em>) augaliniai ekstraktai. Produktas skirtas vartoti kaip subalansuotos mitybos ir sveiko gyvenimo b\u016bdo dalis.<\/p>\n<hr \/>\n<p><strong>Kas sudaro \u0161\u012f papild\u0105?<\/strong><\/p>\n<p><strong>Dviskiau\u010dio ginkmed\u017eio (Ginkgo biloba) ekstraktas<\/strong><\/p>\n<p class=\"isSelectedEnd\">Ginkmedis yra viena seniausi\u0173 med\u017ei\u0173 r\u016b\u0161i\u0173 pasaulyje, pasi\u017eyminti ilga tradicinio naudojimo istorija. I\u0161 jo lap\u0173 i\u0161gaunamas ekstraktas vertinamas kaip augalin\u0117s kilm\u0117s ingredientas, pla\u010diai naudojamas mitybos papilduose.<br \/>\nTradici\u0161kai ginkmed\u017eio ekstraktas pasirenkamas produktuose, skirtuose <strong>palaikyti normali\u0105 protin\u0119 veikl\u0105, atmint\u012f ir koncentracij\u0105<\/strong>, taip pat vertinamas d\u0117l savo teigiamo poveikio <strong>\u0161irdies ir kraujotakos sistemai.<\/strong><\/p>\n<p><strong>Kininio \u017een\u0161enio (Panax ginseng) ekstraktas<\/strong><\/p>\n<p>\u017den\u0161enis turi gilias tradicijas Ryt\u0173 Azijos \u0161alyse, kur jis buvo laikomas svarbiu augaliniu komponentu mityboje ir kult\u016broje. I\u0161 \u0161akn\u0173 i\u0161gaunamas ekstraktas pla\u010diai naudojamas maisto papild\u0173 gamyboje ir vertinamas vartotoj\u0173, ie\u0161kan\u010di\u0173 tradicini\u0173 augalini\u0173 ingredient\u0173.<br \/>\n\u017den\u0161enis tradici\u0161kai siejamas su <strong>energijos poj\u016b\u010diu<\/strong>, <strong>nuovargio ma\u017einimu<\/strong> ir da\u017enai pasirenkamas \u017emoni\u0173, norin\u010di\u0173 palaikyti <strong>protin\u0119 veikl\u0105, imunin\u0119 sistem\u0105 bei geresn\u0119 savijaut\u0105 kasdienio streso s\u0105lygomis<\/strong>.<\/p>\n<hr data-start=\"1011\" data-end=\"1014\" \/>\n<p><strong>Kod\u0117l verta rinktis \u201eGinkmedis + \u017een\u0161enis\u201c?<\/strong><\/p>\n<p data-start=\"1599\" data-end=\"1669\">Du tradiciniai augalin\u0117s kilm\u0117s ingredientai vienoje formul\u0117je;<\/p>\n<p data-start=\"1672\" data-end=\"1705\">Paprasta ir ai\u0161ki sud\u0117tis;<\/p>\n<p data-start=\"1708\" data-end=\"1743\">Tinka kasdieniam vartojimui;<\/p>\n<p data-start=\"1746\" data-end=\"1787\">Lengvai \u012ftraukiamas \u012f kasdien\u0119 rutin\u0105.<\/p>\n<hr \/>\n<p data-start=\"2014\" data-end=\"2128\"><strong>U\u017esisakykite \u201eGinkmedis + \u017een\u0161enis\u201c jau \u0161iandien ir papildykite savo mityb\u0105 tradici\u0161kai naudojamais augalin\u0117s kilm\u0117s ingredientais.<\/strong><\/p>\n","protected":false},"excerpt":{"rendered":"<p>Ginkmedis + \u017een\u0161enis Maisto papildas | 60 kapsuli\u0173 \u201eGinkmedis + \u017een\u0161enis\u201c \u2013 tai auk\u0161tos kokyb\u0117s maisto papildas, kurio sud\u0117tyje derinami dviskiau\u010dio ginkmed\u017eio (Ginkgo biloba) ir kinini\u0173 \u017een\u0161eni\u0173 (Panax ginseng) augaliniai ekstraktai. Produktas skirtas vartoti kaip subalansuotos mitybos ir sveiko gyvenimo b\u016bdo dalis. Kas sudaro \u0161\u012f papild\u0105? Dviskiau\u010dio ginkmed\u017eio (Ginkgo biloba) ekstraktas Ginkmedis yra viena seniausi\u0173 [&hellip;]<\/p>\n","protected":false},"featured_media":93,"comment_status":"open","ping_status":"closed","template":"","meta":[],"product_brand":[],"product_cat":[403,391,272,291,289,404,292,257,290,368,288,33,37,243,244,245,247,248,250,20,43,32,168,140,167,166,18,29,23,31,19,30,34,169,170],"product_tag":[],"class_list":{"0":"post-113","1":"product","2":"type-product","3":"status-publish","4":"has-post-thumbnail","6":"product_cat-11-viskam","7":"product_cat-atminciai-2","8":"product_cat-imuninei-sistemai","9":"product_cat-istvermei-privalumai","10":"product_cat-kraujotakos-sistemai-privalumai","11":"product_cat-papildai-susikaupimui-ir-protinei-veiklai","12":"product_cat-pazinimo-funkcijai-privalumai","13":"product_cat-privalumai","14":"product_cat-sirdies-veiklai","15":"product_cat-sportuojantiems-pagrindines-kategorijos","16":"product_cat-susikaupimui-privalumai","17":"product_cat-maisto-papildo-forma","18":"product_cat-kapsules","19":"product_cat-pagrindines-kategorijos","20":"product_cat-moterims","21":"product_cat-vyrams","22":"product_cat-energijai-pagrindines-kategorijos","23":"product_cat-imunitetui-pagrindines-kategorijos","24":"product_cat-sirdziai","25":"product_cat-paskirtis","26":"product_cat-atminciai","27":"product_cat-imunitetui","28":"product_cat-istvermei","29":"product_cat-kraujotakos-sistemai","30":"product_cat-pazinimo-funkcijai","31":"product_cat-susikaupimui","32":"product_cat-vartotojas","33":"product_cat-moterys","34":"product_cat-paaugliai","35":"product_cat-senjorai","36":"product_cat-vaikai","37":"product_cat-vyrai","38":"product_cat-veiklioji-medziaga","39":"product_cat-dviskiauciai-ginkmedziai","40":"product_cat-kininiai-zenseniai","42":"first","43":"instock","44":"shipping-taxable","45":"purchasable","46":"product-type-simple"},"yoast_head":"<!-- This site is optimized with the Yoast SEO plugin v26.6 - https:\/\/yoast.com\/wordpress\/plugins\/seo\/ -->\n<title>Maisto papildas ginkmedis + \u017een\u0161enis N60 - Vitaminai ir maisto papildai internetu | Vitaminai.lt<\/title>\n<meta name=\"robots\" content=\"index, follow, max-snippet:-1, max-image-preview:large, max-video-preview:-1\" \/>\n<link rel=\"canonical\" href=\"https:\/\/vitaminai.lt\/produktas\/ginkmedis-zensenis-n60\/\" \/>\n<meta property=\"og:locale\" content=\"en_US\" \/>\n<meta property=\"og:type\" content=\"article\" \/>\n<meta property=\"og:title\" content=\"Maisto papildas ginkmedis + \u017een\u0161enis N60 - Vitaminai ir maisto papildai internetu | Vitaminai.lt\" \/>\n<meta property=\"og:description\" content=\"Ginkmedis + \u017een\u0161enis Maisto papildas | 60 kapsuli\u0173 \u201eGinkmedis + \u017een\u0161enis\u201c \u2013 tai auk\u0161tos kokyb\u0117s maisto papildas, kurio sud\u0117tyje derinami dviskiau\u010dio ginkmed\u017eio (Ginkgo biloba) ir kinini\u0173 \u017een\u0161eni\u0173 (Panax ginseng) augaliniai ekstraktai. Produktas skirtas vartoti kaip subalansuotos mitybos ir sveiko gyvenimo b\u016bdo dalis. Kas sudaro \u0161\u012f papild\u0105? Dviskiau\u010dio ginkmed\u017eio (Ginkgo biloba) ekstraktas Ginkmedis yra viena seniausi\u0173 [&hellip;]\" \/>\n<meta property=\"og:url\" content=\"https:\/\/vitaminai.lt\/produktas\/ginkmedis-zensenis-n60\/\" \/>\n<meta property=\"og:site_name\" content=\"Vitaminai ir maisto papildai internetu | Vitaminai.lt\" \/>\n<meta property=\"article:publisher\" content=\"https:\/\/www.facebook.com\/vitaminai\/\" \/>\n<meta property=\"article:modified_time\" content=\"2026-04-08T08:25:19+00:00\" \/>\n<meta property=\"og:image\" content=\"https:\/\/vitaminai.lt\/wp-content\/uploads\/2024\/06\/Ginkmedis_Zensenis.png\" \/>\n\t<meta property=\"og:image:width\" content=\"3001\" \/>\n\t<meta property=\"og:image:height\" content=\"2928\" \/>\n\t<meta property=\"og:image:type\" content=\"image\/png\" \/>\n<meta name=\"twitter:card\" content=\"summary_large_image\" \/>\n<meta name=\"twitter:label1\" content=\"Est. reading time\" \/>\n\t<meta name=\"twitter:data1\" content=\"2 minutes\" \/>\n<script type=\"application\/ld+json\" class=\"yoast-schema-graph\">{\"@context\":\"https:\/\/schema.org\",\"@graph\":[{\"@type\":\"WebPage\",\"@id\":\"https:\/\/vitaminai.lt\/produktas\/ginkmedis-zensenis-n60\/\",\"url\":\"https:\/\/vitaminai.lt\/produktas\/ginkmedis-zensenis-n60\/\",\"name\":\"Maisto papildas ginkmedis + \u017een\u0161enis N60 - Vitaminai ir maisto papildai internetu | Vitaminai.lt\",\"isPartOf\":{\"@id\":\"https:\/\/vitaminai.lt\/#website\"},\"primaryImageOfPage\":{\"@id\":\"https:\/\/vitaminai.lt\/produktas\/ginkmedis-zensenis-n60\/#primaryimage\"},\"image\":{\"@id\":\"https:\/\/vitaminai.lt\/produktas\/ginkmedis-zensenis-n60\/#primaryimage\"},\"thumbnailUrl\":\"https:\/\/vitaminai.lt\/wp-content\/uploads\/2024\/06\/Ginkmedis_Zensenis.png\",\"datePublished\":\"2024-06-11T07:54:08+00:00\",\"dateModified\":\"2026-04-08T08:25:19+00:00\",\"breadcrumb\":{\"@id\":\"https:\/\/vitaminai.lt\/produktas\/ginkmedis-zensenis-n60\/#breadcrumb\"},\"inLanguage\":\"en-US\",\"potentialAction\":[{\"@type\":\"ReadAction\",\"target\":[\"https:\/\/vitaminai.lt\/produktas\/ginkmedis-zensenis-n60\/\"]}]},{\"@type\":\"ImageObject\",\"inLanguage\":\"en-US\",\"@id\":\"https:\/\/vitaminai.lt\/produktas\/ginkmedis-zensenis-n60\/#primaryimage\",\"url\":\"https:\/\/vitaminai.lt\/wp-content\/uploads\/2024\/06\/Ginkmedis_Zensenis.png\",\"contentUrl\":\"https:\/\/vitaminai.lt\/wp-content\/uploads\/2024\/06\/Ginkmedis_Zensenis.png\",\"width\":3001,\"height\":2928},{\"@type\":\"BreadcrumbList\",\"@id\":\"https:\/\/vitaminai.lt\/produktas\/ginkmedis-zensenis-n60\/#breadcrumb\",\"itemListElement\":[{\"@type\":\"ListItem\",\"position\":1,\"name\":\"Home\",\"item\":\"https:\/\/vitaminai.lt\/\"},{\"@type\":\"ListItem\",\"position\":2,\"name\":\"Produktai\",\"item\":\"https:\/\/vitaminai.lt\/produktai\/\"},{\"@type\":\"ListItem\",\"position\":3,\"name\":\"Maisto papildas ginkmedis + \u017een\u0161enis N60\"}]},{\"@type\":\"WebSite\",\"@id\":\"https:\/\/vitaminai.lt\/#website\",\"url\":\"https:\/\/vitaminai.lt\/\",\"name\":\"Vitaminai ir maisto papildai internetu | Vitaminai.lt\",\"description\":\"\",\"publisher\":{\"@id\":\"https:\/\/vitaminai.lt\/#organization\"},\"potentialAction\":[{\"@type\":\"SearchAction\",\"target\":{\"@type\":\"EntryPoint\",\"urlTemplate\":\"https:\/\/vitaminai.lt\/?s={search_term_string}\"},\"query-input\":{\"@type\":\"PropertyValueSpecification\",\"valueRequired\":true,\"valueName\":\"search_term_string\"}}],\"inLanguage\":\"en-US\"},{\"@type\":\"Organization\",\"@id\":\"https:\/\/vitaminai.lt\/#organization\",\"name\":\"Vitaminai ir maisto papildai internetu | Vitaminai.lt\",\"url\":\"https:\/\/vitaminai.lt\/\",\"logo\":{\"@type\":\"ImageObject\",\"inLanguage\":\"en-US\",\"@id\":\"https:\/\/vitaminai.lt\/#\/schema\/logo\/image\/\",\"url\":\"https:\/\/vitaminai.lt\/wp-content\/uploads\/2025\/01\/g212.png\",\"contentUrl\":\"https:\/\/vitaminai.lt\/wp-content\/uploads\/2025\/01\/g212.png\",\"width\":313,\"height\":74,\"caption\":\"Vitaminai ir maisto papildai internetu | Vitaminai.lt\"},\"image\":{\"@id\":\"https:\/\/vitaminai.lt\/#\/schema\/logo\/image\/\"},\"sameAs\":[\"https:\/\/www.facebook.com\/vitaminai\/\"]}]}<\/script>\n<!-- \/ Yoast SEO plugin. -->","yoast_head_json":{"title":"Maisto papildas ginkmedis + \u017een\u0161enis N60 - Vitaminai ir maisto papildai internetu | Vitaminai.lt","robots":{"index":"index","follow":"follow","max-snippet":"max-snippet:-1","max-image-preview":"max-image-preview:large","max-video-preview":"max-video-preview:-1"},"canonical":"https:\/\/vitaminai.lt\/produktas\/ginkmedis-zensenis-n60\/","og_locale":"en_US","og_type":"article","og_title":"Maisto papildas ginkmedis + \u017een\u0161enis N60 - Vitaminai ir maisto papildai internetu | Vitaminai.lt","og_description":"Ginkmedis + \u017een\u0161enis Maisto papildas | 60 kapsuli\u0173 \u201eGinkmedis + \u017een\u0161enis\u201c \u2013 tai auk\u0161tos kokyb\u0117s maisto papildas, kurio sud\u0117tyje derinami dviskiau\u010dio ginkmed\u017eio (Ginkgo biloba) ir kinini\u0173 \u017een\u0161eni\u0173 (Panax ginseng) augaliniai ekstraktai. Produktas skirtas vartoti kaip subalansuotos mitybos ir sveiko gyvenimo b\u016bdo dalis. Kas sudaro \u0161\u012f papild\u0105? Dviskiau\u010dio ginkmed\u017eio (Ginkgo biloba) ekstraktas Ginkmedis yra viena seniausi\u0173 [&hellip;]","og_url":"https:\/\/vitaminai.lt\/produktas\/ginkmedis-zensenis-n60\/","og_site_name":"Vitaminai ir maisto papildai internetu | Vitaminai.lt","article_publisher":"https:\/\/www.facebook.com\/vitaminai\/","article_modified_time":"2026-04-08T08:25:19+00:00","og_image":[{"width":3001,"height":2928,"url":"https:\/\/vitaminai.lt\/wp-content\/uploads\/2024\/06\/Ginkmedis_Zensenis.png","type":"image\/png"}],"twitter_card":"summary_large_image","twitter_misc":{"Est. reading time":"2 minutes"},"schema":{"@context":"https:\/\/schema.org","@graph":[{"@type":"WebPage","@id":"https:\/\/vitaminai.lt\/produktas\/ginkmedis-zensenis-n60\/","url":"https:\/\/vitaminai.lt\/produktas\/ginkmedis-zensenis-n60\/","name":"Maisto papildas ginkmedis + \u017een\u0161enis N60 - Vitaminai ir maisto papildai internetu | Vitaminai.lt","isPartOf":{"@id":"https:\/\/vitaminai.lt\/#website"},"primaryImageOfPage":{"@id":"https:\/\/vitaminai.lt\/produktas\/ginkmedis-zensenis-n60\/#primaryimage"},"image":{"@id":"https:\/\/vitaminai.lt\/produktas\/ginkmedis-zensenis-n60\/#primaryimage"},"thumbnailUrl":"https:\/\/vitaminai.lt\/wp-content\/uploads\/2024\/06\/Ginkmedis_Zensenis.png","datePublished":"2024-06-11T07:54:08+00:00","dateModified":"2026-04-08T08:25:19+00:00","breadcrumb":{"@id":"https:\/\/vitaminai.lt\/produktas\/ginkmedis-zensenis-n60\/#breadcrumb"},"inLanguage":"en-US","potentialAction":[{"@type":"ReadAction","target":["https:\/\/vitaminai.lt\/produktas\/ginkmedis-zensenis-n60\/"]}]},{"@type":"ImageObject","inLanguage":"en-US","@id":"https:\/\/vitaminai.lt\/produktas\/ginkmedis-zensenis-n60\/#primaryimage","url":"https:\/\/vitaminai.lt\/wp-content\/uploads\/2024\/06\/Ginkmedis_Zensenis.png","contentUrl":"https:\/\/vitaminai.lt\/wp-content\/uploads\/2024\/06\/Ginkmedis_Zensenis.png","width":3001,"height":2928},{"@type":"BreadcrumbList","@id":"https:\/\/vitaminai.lt\/produktas\/ginkmedis-zensenis-n60\/#breadcrumb","itemListElement":[{"@type":"ListItem","position":1,"name":"Home","item":"https:\/\/vitaminai.lt\/"},{"@type":"ListItem","position":2,"name":"Produktai","item":"https:\/\/vitaminai.lt\/produktai\/"},{"@type":"ListItem","position":3,"name":"Maisto papildas ginkmedis + \u017een\u0161enis N60"}]},{"@type":"WebSite","@id":"https:\/\/vitaminai.lt\/#website","url":"https:\/\/vitaminai.lt\/","name":"Vitaminai ir maisto papildai internetu | Vitaminai.lt","description":"","publisher":{"@id":"https:\/\/vitaminai.lt\/#organization"},"potentialAction":[{"@type":"SearchAction","target":{"@type":"EntryPoint","urlTemplate":"https:\/\/vitaminai.lt\/?s={search_term_string}"},"query-input":{"@type":"PropertyValueSpecification","valueRequired":true,"valueName":"search_term_string"}}],"inLanguage":"en-US"},{"@type":"Organization","@id":"https:\/\/vitaminai.lt\/#organization","name":"Vitaminai ir maisto papildai internetu | Vitaminai.lt","url":"https:\/\/vitaminai.lt\/","logo":{"@type":"ImageObject","inLanguage":"en-US","@id":"https:\/\/vitaminai.lt\/#\/schema\/logo\/image\/","url":"https:\/\/vitaminai.lt\/wp-content\/uploads\/2025\/01\/g212.png","contentUrl":"https:\/\/vitaminai.lt\/wp-content\/uploads\/2025\/01\/g212.png","width":313,"height":74,"caption":"Vitaminai ir maisto papildai internetu | Vitaminai.lt"},"image":{"@id":"https:\/\/vitaminai.lt\/#\/schema\/logo\/image\/"},"sameAs":["https:\/\/www.facebook.com\/vitaminai\/"]}]}},"_links":{"self":[{"href":"https:\/\/vitaminai.lt\/en\/wp-json\/wp\/v2\/product\/113","targetHints":{"allow":["GET"]}}],"collection":[{"href":"https:\/\/vitaminai.lt\/en\/wp-json\/wp\/v2\/product"}],"about":[{"href":"https:\/\/vitaminai.lt\/en\/wp-json\/wp\/v2\/types\/product"}],"replies":[{"embeddable":true,"href":"https:\/\/vitaminai.lt\/en\/wp-json\/wp\/v2\/comments?post=113"}],"wp:featuredmedia":[{"embeddable":true,"href":"https:\/\/vitaminai.lt\/en\/wp-json\/wp\/v2\/media\/93"}],"wp:attachment":[{"href":"https:\/\/vitaminai.lt\/en\/wp-json\/wp\/v2\/media?parent=113"}],"wp:term":[{"taxonomy":"product_brand","embeddable":true,"href":"https:\/\/vitaminai.lt\/en\/wp-json\/wp\/v2\/product_brand?post=113"},{"taxonomy":"product_cat","embeddable":true,"href":"https:\/\/vitaminai.lt\/en\/wp-json\/wp\/v2\/product_cat?post=113"},{"taxonomy":"product_tag","embeddable":true,"href":"https:\/\/vitaminai.lt\/en\/wp-json\/wp\/v2\/product_tag?post=113"}],"curies":[{"name":"wp","href":"https:\/\/api.w.org\/{rel}","templated":true}]}}