{"id":115,"date":"2024-06-11T07:57:12","date_gmt":"2024-06-11T07:57:12","guid":{"rendered":"https:\/\/vitaminai.lt\/?post_type=product&#038;p=115"},"modified":"2026-04-02T15:04:46","modified_gmt":"2026-04-02T13:04:46","slug":"gliukozaminas-plius-kolagenas-chondroitinas-msm-n120","status":"publish","type":"product","link":"https:\/\/vitaminai.lt\/en\/produktas\/gliukozaminas-plius-kolagenas-chondroitinas-msm-n120\/","title":{"rendered":"Gliukozaminas, kolagenas, chondroitinas, MSM N120"},"content":{"rendered":"<h3 data-start=\"68\" data-end=\"148\">Gliukozaminas Plius Kolagenas, Chondroitinas, MSM \u2013 j\u016bs\u0173 jud\u0117jimo d\u017eiaugsmui<\/h3>\n<p data-start=\"150\" data-end=\"183\"><strong data-start=\"150\" data-end=\"183\">Maisto papildas | 120 table\u010di\u0173<\/strong><\/p>\n<p data-start=\"290\" data-end=\"543\">Atraskite\u00a0<strong data-start=\"300\" data-end=\"365\">subalansuot\u0105 keli\u0173 aktyvi\u0173j\u0173 med\u017eiag\u0173 derin\u012f viename produkte<\/strong>.<\/p>\n<hr \/>\n<p data-start=\"241\" data-end=\"428\"><strong data-start=\"241\" data-end=\"296\">\u201eGliukozaminas Plius Kolagenas, Chondroitinas, MSM\u201c<\/strong>\u00a0\u2013 tai maisto papildas, kurio sud\u0117tyje yra \u0161e\u0161ios kruop\u0161\u010diai atrinktos sudedamosios dalys, sujungtos patogiam kasdieniam vartojimui.<\/p>\n<hr data-start=\"430\" data-end=\"433\" \/>\n<p data-start=\"435\" data-end=\"465\"><strong>Sud\u0117tyje esan\u010dios med\u017eiagos:<\/strong><\/p>\n<p data-start=\"467\" data-end=\"557\"><strong data-start=\"467\" data-end=\"484\">Gliukozaminas<\/strong>\u00a0\u2013 nat\u016braliai organizme randama med\u017eiaga, priklausanti aminocukr\u0173 grupei.<\/p>\n<p data-start=\"559\" data-end=\"672\"><strong data-start=\"559\" data-end=\"576\">Chondroitinas<\/strong>\u00a0\u2013 nat\u016braliai organizme aptinkamas junginys, da\u017eniausiai i\u0161gaunamas i\u0161 gyv\u016bnin\u0117s kilm\u0117s \u017ealiav\u0173.<\/p>\n<p data-start=\"674\" data-end=\"755\"><strong data-start=\"674\" data-end=\"687\">Kolagenas<\/strong>\u00a0\u2013 baltymin\u0117s kilm\u0117s med\u017eiaga, nat\u016braliai randama \u017emogaus organizme.<\/p>\n<p data-start=\"757\" data-end=\"866\"><strong data-start=\"757\" data-end=\"787\">MSM (metilsulfonilmetanas)<\/strong>\u00a0\u2013 organinis sieros junginys, nat\u016braliai randamas nedideliais kiekiais gamtoje.<\/p>\n<p data-start=\"868\" data-end=\"978\"><strong data-start=\"868\" data-end=\"890\">Imbier\u0173 ekstraktas<\/strong>\u00a0\u2013 augalin\u0117s kilm\u0117s ingredientas, i\u0161gaunamas i\u0161 imbiero (<em data-start=\"947\" data-end=\"968\">Zingiber officinale<\/em>) \u0161aknies.<\/p>\n<p data-start=\"980\" data-end=\"1087\"><strong data-start=\"980\" data-end=\"998\">Bioflavonoidai<\/strong>\u00a0\u2013 augalin\u0117s kilm\u0117s jungini\u0173 grup\u0117, nat\u016braliai randama \u012fvairiuose vaisiuose ir augaluose.<\/p>\n<hr data-start=\"1089\" data-end=\"1092\" \/>\n<p data-start=\"1094\" data-end=\"1126\"><strong>Kuo i\u0161siskiria \u0161is produktas?<\/strong><\/p>\n<p data-start=\"1130\" data-end=\"1177\"><strong data-start=\"1130\" data-end=\"1157\">6 aktyviosios med\u017eiagos<\/strong> vienoje formul\u0117je;<\/p>\n<p data-start=\"1180\" data-end=\"1251\"><strong data-start=\"1180\" data-end=\"1203\">Kompleksin\u0117 sud\u0117tis<\/strong> \u2013 keli\u0173 ingredient\u0173 derinys vienoje tablet\u0117je;<\/p>\n<p data-start=\"1254\" data-end=\"1322\"><strong data-start=\"1254\" data-end=\"1276\">Patogus vartojimas<\/strong> \u2013 60 table\u010di\u0173 pakuot\u0117 kasdieniam naudojimui;<\/p>\n<p data-start=\"1325\" data-end=\"1368\"><strong data-start=\"1325\" data-end=\"1348\">Lengvai \u012ftraukiamas<\/strong> \u012f kasdien\u0119 rutin\u0105;<\/p>\n<hr data-start=\"1370\" data-end=\"1373\" \/>\n<p data-start=\"1375\" data-end=\"1404\"><strong>Kam skirtas \u0161is produktas?<\/strong><\/p>\n<p data-start=\"1406\" data-end=\"1537\">Produktas skirtas vartotojams, kurie ie\u0161ko\u00a0<strong data-start=\"1449\" data-end=\"1490\">kompleksi\u0161kos sud\u0117ties maisto papildo<\/strong>\u00a0ir\u00a0<strong data-start=\"1494\" data-end=\"1536\">paprasto sprendimo kasdien\u0117je rutinoje<\/strong>.<\/p>\n","protected":false},"excerpt":{"rendered":"<p>Gliukozaminas Plius Kolagenas, Chondroitinas, MSM \u2013 j\u016bs\u0173 jud\u0117jimo d\u017eiaugsmui Maisto papildas | 120 table\u010di\u0173 Atraskite\u00a0subalansuot\u0105 keli\u0173 aktyvi\u0173j\u0173 med\u017eiag\u0173 derin\u012f viename produkte. \u201eGliukozaminas Plius Kolagenas, Chondroitinas, MSM\u201c\u00a0\u2013 tai maisto papildas, kurio sud\u0117tyje yra \u0161e\u0161ios kruop\u0161\u010diai atrinktos sudedamosios dalys, sujungtos patogiam kasdieniam vartojimui. Sud\u0117tyje esan\u010dios med\u017eiagos: Gliukozaminas\u00a0\u2013 nat\u016braliai organizme randama med\u017eiaga, priklausanti aminocukr\u0173 grupei. Chondroitinas\u00a0\u2013 nat\u016braliai organizme [&hellip;]<\/p>\n","protected":false},"featured_media":94,"comment_status":"open","ping_status":"closed","template":"","meta":[],"product_brand":[],"product_cat":[403,298,296,299,295,398,297,375,300,376,257,367,377,368,33,40,243,244,245,20,151,57,28,59,18,29,23,31,30,34,74,80,122],"product_tag":[],"class_list":{"0":"post-115","1":"product","2":"type-product","3":"status-publish","4":"has-post-thumbnail","6":"product_cat-11-viskam","7":"product_cat-chondroitinas-privalumai","8":"product_cat-gliukozaminas-privalumai","9":"product_cat-imbieras","10":"product_cat-judejimui","11":"product_cat-kolagenai","12":"product_cat-kolagenas-privalumai","13":"product_cat-menesio-prekes","14":"product_cat-msm","15":"product_cat-populiariausi-produktai","16":"product_cat-privalumai","17":"product_cat-sanariams-pagrindines-kategorijos","18":"product_cat-savaites-top-pasiulymai","19":"product_cat-sportuojantiems-pagrindines-kategorijos","20":"product_cat-maisto-papildo-forma","21":"product_cat-tabletes","22":"product_cat-pagrindines-kategorijos","23":"product_cat-moterims","24":"product_cat-vyrams","25":"product_cat-paskirtis","26":"product_cat-ilgaamziskumui","27":"product_cat-sanariams","28":"product_cat-sirdziai-paskirtis","29":"product_cat-sportuojantiems","30":"product_cat-vartotojas","31":"product_cat-moterys","32":"product_cat-paaugliai","33":"product_cat-senjorai","34":"product_cat-vyrai","35":"product_cat-veiklioji-medziaga","36":"product_cat-gliukozaminas","37":"product_cat-kolagenas","38":"product_cat-msm-metilsulfonilmetanas","40":"first","41":"instock","42":"shipping-taxable","43":"purchasable","44":"product-type-simple"},"yoast_head":"<!-- This site is optimized with the Yoast SEO plugin v26.6 - https:\/\/yoast.com\/wordpress\/plugins\/seo\/ -->\n<title>Gliukozaminas, kolagenas, chondroitinas, MSM N120 - Vitaminai ir maisto papildai internetu | Vitaminai.lt<\/title>\n<meta name=\"robots\" content=\"index, follow, max-snippet:-1, max-image-preview:large, max-video-preview:-1\" \/>\n<link rel=\"canonical\" href=\"https:\/\/vitaminai.lt\/produktas\/gliukozaminas-plius-kolagenas-chondroitinas-msm-n120\/\" \/>\n<meta property=\"og:locale\" content=\"en_US\" \/>\n<meta property=\"og:type\" content=\"article\" \/>\n<meta property=\"og:title\" content=\"Gliukozaminas, kolagenas, chondroitinas, MSM N120 - Vitaminai ir maisto papildai internetu | Vitaminai.lt\" \/>\n<meta property=\"og:description\" content=\"Gliukozaminas Plius Kolagenas, Chondroitinas, MSM \u2013 j\u016bs\u0173 jud\u0117jimo d\u017eiaugsmui Maisto papildas | 120 table\u010di\u0173 Atraskite\u00a0subalansuot\u0105 keli\u0173 aktyvi\u0173j\u0173 med\u017eiag\u0173 derin\u012f viename produkte. \u201eGliukozaminas Plius Kolagenas, Chondroitinas, MSM\u201c\u00a0\u2013 tai maisto papildas, kurio sud\u0117tyje yra \u0161e\u0161ios kruop\u0161\u010diai atrinktos sudedamosios dalys, sujungtos patogiam kasdieniam vartojimui. Sud\u0117tyje esan\u010dios med\u017eiagos: Gliukozaminas\u00a0\u2013 nat\u016braliai organizme randama med\u017eiaga, priklausanti aminocukr\u0173 grupei. Chondroitinas\u00a0\u2013 nat\u016braliai organizme [&hellip;]\" \/>\n<meta property=\"og:url\" content=\"https:\/\/vitaminai.lt\/produktas\/gliukozaminas-plius-kolagenas-chondroitinas-msm-n120\/\" \/>\n<meta property=\"og:site_name\" content=\"Vitaminai ir maisto papildai internetu | Vitaminai.lt\" \/>\n<meta property=\"article:publisher\" content=\"https:\/\/www.facebook.com\/vitaminai\/\" \/>\n<meta property=\"article:modified_time\" content=\"2026-04-02T13:04:46+00:00\" \/>\n<meta property=\"og:image\" content=\"https:\/\/vitaminai.lt\/wp-content\/uploads\/2024\/06\/Gliukozaminas_Priekis.png\" \/>\n\t<meta property=\"og:image:width\" content=\"3001\" \/>\n\t<meta property=\"og:image:height\" content=\"2928\" \/>\n\t<meta property=\"og:image:type\" content=\"image\/png\" \/>\n<meta name=\"twitter:card\" content=\"summary_large_image\" \/>\n<meta name=\"twitter:label1\" content=\"Est. reading time\" \/>\n\t<meta name=\"twitter:data1\" content=\"2 minutes\" \/>\n<script type=\"application\/ld+json\" class=\"yoast-schema-graph\">{\"@context\":\"https:\/\/schema.org\",\"@graph\":[{\"@type\":\"WebPage\",\"@id\":\"https:\/\/vitaminai.lt\/produktas\/gliukozaminas-plius-kolagenas-chondroitinas-msm-n120\/\",\"url\":\"https:\/\/vitaminai.lt\/produktas\/gliukozaminas-plius-kolagenas-chondroitinas-msm-n120\/\",\"name\":\"Gliukozaminas, kolagenas, chondroitinas, MSM N120 - Vitaminai ir maisto papildai internetu | Vitaminai.lt\",\"isPartOf\":{\"@id\":\"https:\/\/vitaminai.lt\/#website\"},\"primaryImageOfPage\":{\"@id\":\"https:\/\/vitaminai.lt\/produktas\/gliukozaminas-plius-kolagenas-chondroitinas-msm-n120\/#primaryimage\"},\"image\":{\"@id\":\"https:\/\/vitaminai.lt\/produktas\/gliukozaminas-plius-kolagenas-chondroitinas-msm-n120\/#primaryimage\"},\"thumbnailUrl\":\"https:\/\/vitaminai.lt\/wp-content\/uploads\/2024\/06\/Gliukozaminas_Priekis.png\",\"datePublished\":\"2024-06-11T07:57:12+00:00\",\"dateModified\":\"2026-04-02T13:04:46+00:00\",\"breadcrumb\":{\"@id\":\"https:\/\/vitaminai.lt\/produktas\/gliukozaminas-plius-kolagenas-chondroitinas-msm-n120\/#breadcrumb\"},\"inLanguage\":\"en-US\",\"potentialAction\":[{\"@type\":\"ReadAction\",\"target\":[\"https:\/\/vitaminai.lt\/produktas\/gliukozaminas-plius-kolagenas-chondroitinas-msm-n120\/\"]}]},{\"@type\":\"ImageObject\",\"inLanguage\":\"en-US\",\"@id\":\"https:\/\/vitaminai.lt\/produktas\/gliukozaminas-plius-kolagenas-chondroitinas-msm-n120\/#primaryimage\",\"url\":\"https:\/\/vitaminai.lt\/wp-content\/uploads\/2024\/06\/Gliukozaminas_Priekis.png\",\"contentUrl\":\"https:\/\/vitaminai.lt\/wp-content\/uploads\/2024\/06\/Gliukozaminas_Priekis.png\",\"width\":3001,\"height\":2928},{\"@type\":\"BreadcrumbList\",\"@id\":\"https:\/\/vitaminai.lt\/produktas\/gliukozaminas-plius-kolagenas-chondroitinas-msm-n120\/#breadcrumb\",\"itemListElement\":[{\"@type\":\"ListItem\",\"position\":1,\"name\":\"Home\",\"item\":\"https:\/\/vitaminai.lt\/\"},{\"@type\":\"ListItem\",\"position\":2,\"name\":\"Produktai\",\"item\":\"https:\/\/vitaminai.lt\/produktai\/\"},{\"@type\":\"ListItem\",\"position\":3,\"name\":\"Gliukozaminas, kolagenas, chondroitinas, MSM N120\"}]},{\"@type\":\"WebSite\",\"@id\":\"https:\/\/vitaminai.lt\/#website\",\"url\":\"https:\/\/vitaminai.lt\/\",\"name\":\"Vitaminai ir maisto papildai internetu | Vitaminai.lt\",\"description\":\"\",\"publisher\":{\"@id\":\"https:\/\/vitaminai.lt\/#organization\"},\"potentialAction\":[{\"@type\":\"SearchAction\",\"target\":{\"@type\":\"EntryPoint\",\"urlTemplate\":\"https:\/\/vitaminai.lt\/?s={search_term_string}\"},\"query-input\":{\"@type\":\"PropertyValueSpecification\",\"valueRequired\":true,\"valueName\":\"search_term_string\"}}],\"inLanguage\":\"en-US\"},{\"@type\":\"Organization\",\"@id\":\"https:\/\/vitaminai.lt\/#organization\",\"name\":\"Vitaminai ir maisto papildai internetu | Vitaminai.lt\",\"url\":\"https:\/\/vitaminai.lt\/\",\"logo\":{\"@type\":\"ImageObject\",\"inLanguage\":\"en-US\",\"@id\":\"https:\/\/vitaminai.lt\/#\/schema\/logo\/image\/\",\"url\":\"https:\/\/vitaminai.lt\/wp-content\/uploads\/2025\/01\/g212.png\",\"contentUrl\":\"https:\/\/vitaminai.lt\/wp-content\/uploads\/2025\/01\/g212.png\",\"width\":313,\"height\":74,\"caption\":\"Vitaminai ir maisto papildai internetu | Vitaminai.lt\"},\"image\":{\"@id\":\"https:\/\/vitaminai.lt\/#\/schema\/logo\/image\/\"},\"sameAs\":[\"https:\/\/www.facebook.com\/vitaminai\/\"]}]}<\/script>\n<!-- \/ Yoast SEO plugin. -->","yoast_head_json":{"title":"Gliukozaminas, kolagenas, chondroitinas, MSM N120 - Vitaminai ir maisto papildai internetu | Vitaminai.lt","robots":{"index":"index","follow":"follow","max-snippet":"max-snippet:-1","max-image-preview":"max-image-preview:large","max-video-preview":"max-video-preview:-1"},"canonical":"https:\/\/vitaminai.lt\/produktas\/gliukozaminas-plius-kolagenas-chondroitinas-msm-n120\/","og_locale":"en_US","og_type":"article","og_title":"Gliukozaminas, kolagenas, chondroitinas, MSM N120 - Vitaminai ir maisto papildai internetu | Vitaminai.lt","og_description":"Gliukozaminas Plius Kolagenas, Chondroitinas, MSM \u2013 j\u016bs\u0173 jud\u0117jimo d\u017eiaugsmui Maisto papildas | 120 table\u010di\u0173 Atraskite\u00a0subalansuot\u0105 keli\u0173 aktyvi\u0173j\u0173 med\u017eiag\u0173 derin\u012f viename produkte. \u201eGliukozaminas Plius Kolagenas, Chondroitinas, MSM\u201c\u00a0\u2013 tai maisto papildas, kurio sud\u0117tyje yra \u0161e\u0161ios kruop\u0161\u010diai atrinktos sudedamosios dalys, sujungtos patogiam kasdieniam vartojimui. Sud\u0117tyje esan\u010dios med\u017eiagos: Gliukozaminas\u00a0\u2013 nat\u016braliai organizme randama med\u017eiaga, priklausanti aminocukr\u0173 grupei. Chondroitinas\u00a0\u2013 nat\u016braliai organizme [&hellip;]","og_url":"https:\/\/vitaminai.lt\/produktas\/gliukozaminas-plius-kolagenas-chondroitinas-msm-n120\/","og_site_name":"Vitaminai ir maisto papildai internetu | Vitaminai.lt","article_publisher":"https:\/\/www.facebook.com\/vitaminai\/","article_modified_time":"2026-04-02T13:04:46+00:00","og_image":[{"width":3001,"height":2928,"url":"https:\/\/vitaminai.lt\/wp-content\/uploads\/2024\/06\/Gliukozaminas_Priekis.png","type":"image\/png"}],"twitter_card":"summary_large_image","twitter_misc":{"Est. reading time":"2 minutes"},"schema":{"@context":"https:\/\/schema.org","@graph":[{"@type":"WebPage","@id":"https:\/\/vitaminai.lt\/produktas\/gliukozaminas-plius-kolagenas-chondroitinas-msm-n120\/","url":"https:\/\/vitaminai.lt\/produktas\/gliukozaminas-plius-kolagenas-chondroitinas-msm-n120\/","name":"Gliukozaminas, kolagenas, chondroitinas, MSM N120 - Vitaminai ir maisto papildai internetu | Vitaminai.lt","isPartOf":{"@id":"https:\/\/vitaminai.lt\/#website"},"primaryImageOfPage":{"@id":"https:\/\/vitaminai.lt\/produktas\/gliukozaminas-plius-kolagenas-chondroitinas-msm-n120\/#primaryimage"},"image":{"@id":"https:\/\/vitaminai.lt\/produktas\/gliukozaminas-plius-kolagenas-chondroitinas-msm-n120\/#primaryimage"},"thumbnailUrl":"https:\/\/vitaminai.lt\/wp-content\/uploads\/2024\/06\/Gliukozaminas_Priekis.png","datePublished":"2024-06-11T07:57:12+00:00","dateModified":"2026-04-02T13:04:46+00:00","breadcrumb":{"@id":"https:\/\/vitaminai.lt\/produktas\/gliukozaminas-plius-kolagenas-chondroitinas-msm-n120\/#breadcrumb"},"inLanguage":"en-US","potentialAction":[{"@type":"ReadAction","target":["https:\/\/vitaminai.lt\/produktas\/gliukozaminas-plius-kolagenas-chondroitinas-msm-n120\/"]}]},{"@type":"ImageObject","inLanguage":"en-US","@id":"https:\/\/vitaminai.lt\/produktas\/gliukozaminas-plius-kolagenas-chondroitinas-msm-n120\/#primaryimage","url":"https:\/\/vitaminai.lt\/wp-content\/uploads\/2024\/06\/Gliukozaminas_Priekis.png","contentUrl":"https:\/\/vitaminai.lt\/wp-content\/uploads\/2024\/06\/Gliukozaminas_Priekis.png","width":3001,"height":2928},{"@type":"BreadcrumbList","@id":"https:\/\/vitaminai.lt\/produktas\/gliukozaminas-plius-kolagenas-chondroitinas-msm-n120\/#breadcrumb","itemListElement":[{"@type":"ListItem","position":1,"name":"Home","item":"https:\/\/vitaminai.lt\/"},{"@type":"ListItem","position":2,"name":"Produktai","item":"https:\/\/vitaminai.lt\/produktai\/"},{"@type":"ListItem","position":3,"name":"Gliukozaminas, kolagenas, chondroitinas, MSM N120"}]},{"@type":"WebSite","@id":"https:\/\/vitaminai.lt\/#website","url":"https:\/\/vitaminai.lt\/","name":"Vitaminai ir maisto papildai internetu | Vitaminai.lt","description":"","publisher":{"@id":"https:\/\/vitaminai.lt\/#organization"},"potentialAction":[{"@type":"SearchAction","target":{"@type":"EntryPoint","urlTemplate":"https:\/\/vitaminai.lt\/?s={search_term_string}"},"query-input":{"@type":"PropertyValueSpecification","valueRequired":true,"valueName":"search_term_string"}}],"inLanguage":"en-US"},{"@type":"Organization","@id":"https:\/\/vitaminai.lt\/#organization","name":"Vitaminai ir maisto papildai internetu | Vitaminai.lt","url":"https:\/\/vitaminai.lt\/","logo":{"@type":"ImageObject","inLanguage":"en-US","@id":"https:\/\/vitaminai.lt\/#\/schema\/logo\/image\/","url":"https:\/\/vitaminai.lt\/wp-content\/uploads\/2025\/01\/g212.png","contentUrl":"https:\/\/vitaminai.lt\/wp-content\/uploads\/2025\/01\/g212.png","width":313,"height":74,"caption":"Vitaminai ir maisto papildai internetu | Vitaminai.lt"},"image":{"@id":"https:\/\/vitaminai.lt\/#\/schema\/logo\/image\/"},"sameAs":["https:\/\/www.facebook.com\/vitaminai\/"]}]}},"_links":{"self":[{"href":"https:\/\/vitaminai.lt\/en\/wp-json\/wp\/v2\/product\/115","targetHints":{"allow":["GET"]}}],"collection":[{"href":"https:\/\/vitaminai.lt\/en\/wp-json\/wp\/v2\/product"}],"about":[{"href":"https:\/\/vitaminai.lt\/en\/wp-json\/wp\/v2\/types\/product"}],"replies":[{"embeddable":true,"href":"https:\/\/vitaminai.lt\/en\/wp-json\/wp\/v2\/comments?post=115"}],"wp:featuredmedia":[{"embeddable":true,"href":"https:\/\/vitaminai.lt\/en\/wp-json\/wp\/v2\/media\/94"}],"wp:attachment":[{"href":"https:\/\/vitaminai.lt\/en\/wp-json\/wp\/v2\/media?parent=115"}],"wp:term":[{"taxonomy":"product_brand","embeddable":true,"href":"https:\/\/vitaminai.lt\/en\/wp-json\/wp\/v2\/product_brand?post=115"},{"taxonomy":"product_cat","embeddable":true,"href":"https:\/\/vitaminai.lt\/en\/wp-json\/wp\/v2\/product_cat?post=115"},{"taxonomy":"product_tag","embeddable":true,"href":"https:\/\/vitaminai.lt\/en\/wp-json\/wp\/v2\/product_tag?post=115"}],"curies":[{"name":"wp","href":"https:\/\/api.w.org\/{rel}","templated":true}]}}