{"id":1155,"date":"2024-12-18T09:10:47","date_gmt":"2024-12-18T09:10:47","guid":{"rendered":"https:\/\/vitaminai.lt\/?post_type=product&#038;p=1155"},"modified":"2026-04-02T14:50:29","modified_gmt":"2026-04-02T12:50:29","slug":"dovanu-kuponas","status":"publish","type":"product","link":"https:\/\/vitaminai.lt\/en\/produktas\/dovanu-kuponas\/","title":{"rendered":"Dovan\u0173 kuponas"},"content":{"rendered":"<p><strong>Dovanokite galimyb\u0119 r\u016bpintis sveikata<\/strong><\/p>\n<p>DOVAN\u0172 e-kuponas \u2013 paprastas ir prakti\u0161kas b\u016bdas prad\u017eiuginti artimuosius, i\u0161vengiant ilg\u0173 paie\u0161k\u0173 parduotuv\u0117se. Pasirinkite norim\u0105 kupono vert\u0119, o gav\u0117jas gal\u0117s pats i\u0161sirinkti jam tinkamiausius vitaminus, maisto papildus ar sveikatos stiprinimo produktus.<\/p>\n<p>Kuponas galioja visoms m\u016bs\u0173 internetin\u0117je svetain\u0117je <strong>Vitaminai.lt<\/strong> esan\u010dioms prek\u0117ms, tad pasirinkimo galimyb\u0117s \u2013 itin pla\u010dios. Nusi\u0173skite dovan\u0173 kupon\u0105 el. pa\u0161tu arba atsispausdinkite j\u012f patys.<\/p>\n<p>Pasirinkta suma galios tik m\u016bs\u0173 internetin\u0117je parduotuv\u0117je, o kupono galiojimo laikas \u2013 net 6 (\u0161e\u0161i) m\u0117nesiai. Dovanokite ne tik d\u017eiaugsm\u0105, bet ir galimyb\u0119 pasir\u016bpinti savimi!<\/p>\n<p>&nbsp;<\/p>\n<p><strong>Kaip \u012fsigyti DOVAN\u0172 e-kupon\u0105?<\/strong><\/p>\n<ul>\n<li>Pasirinkite norimos vert\u0117s e-kupon\u0105 (25 \u20ac, 50 \u20ac, 100 \u20ac) ir \u012fsid\u0117kite \u012f pirkini\u0173 krep\u0161el\u012f. Galite pirkti daugiau nei vien\u0105 e-kupon\u0105.<\/li>\n<li>\u012eveskite kontaktin\u0119 informacij\u0105 ir sumok\u0117kite naudodamiesi el. bankininkyste (atsiskaitymas grynaisiais pinigais, perkant dovan\u0173 kupon\u0105, yra negalimas).<\/li>\n<li>J\u016bs\u0173 nurodytu el. pa\u0161tu su jumis susisieks m\u016bs\u0173 vadybininkas ir atsi\u0173s kupono kod\u0105 su unikaliu kodu j\u016bs\u0173 pasirinktai sumai.<\/li>\n<li>DOVAN\u0172 e-kupon\u0105 gal\u0117site atsispausdinti ar persi\u0173sti artimajam el. pa\u0161tu.<\/li>\n<\/ul>\n<p>&nbsp;<\/p>\n<p><strong>Kaip pasinaudoti DOVAN\u0172 e-kuponu?<\/strong><\/p>\n<ol>\n<li>Apsilankykite m\u016bs\u0173 internetin\u0117je parduotuv\u0117je <a href=\"http:\/\/www.vitaminai.lt\">www.vitaminai.lt<\/a>.<\/li>\n<li>I\u0161sirinkite norimas prekes ir \u012fsid\u0117kite jas \u012f pirkini\u0173 krep\u0161el\u012f.<\/li>\n<li>Mok\u0117jimo metu specialiame laukelyje \u012fveskite unikal\u0173 dovan\u0173 e-kupono kod\u0105.<\/li>\n<li>Kuponas galioja \u0161e\u0161is m\u0117nesius nuo jo \u012fsigijimo dienos ir j\u012f galima panaudoti tik VIEN\u0104 kart\u0105.<\/li>\n<li>Jeigu turite klausim\u0173, susisiekite su Klient\u0173 aptarnavimo centru el. pa\u0161tu info@vitaminai.lt arba telefonu <a href=\"tel:8%20698%2013179\">8 698 13179<\/a><\/li>\n<\/ol>\n<p>&nbsp;<\/p>\n<p><strong>Kupono taisykl\u0117s:<\/strong><\/p>\n<ul>\n<li>Pirkdami DOVAN\u0172 e-kupon\u0105 galite \u012fsigyti ir kit\u0173 preki\u0173.<\/li>\n<li>Kuponas n\u0117ra siun\u010diamas fizi\u0161kai. El. b\u016bdu sugeneruot\u0105 kupon\u0105 gausite nurodytu el. pa\u0161tu, o kitas, kartu su kuponu \u012fsigytas prekes \u2013 pagal j\u016bs\u0173 pasirinkt\u0105 pristatymo b\u016bd\u0105.<\/li>\n<li>Kuponas gali b\u016bti i\u0161si\u0173stas tik parduotuv\u0117s darbo metu: I-V &#8211; 8-17 val.<\/li>\n<\/ul>\n","protected":false},"excerpt":{"rendered":"<p>Dovanoti \u2013 tai ne tik smagiau nei gauti dovanas, bet ir galimyb\u0117 prisid\u0117ti prie artimo \u017emogaus sveikatos ir geros savijautos. Kartais u\u017etenka ma\u017eo paskatinimo r\u016bpintis savimi.<\/p>\n","protected":false},"featured_media":1243,"comment_status":"closed","ping_status":"closed","template":"","meta":[],"product_brand":[],"product_cat":[268],"product_tag":[],"class_list":{"0":"post-1155","1":"product","2":"type-product","3":"status-publish","4":"has-post-thumbnail","6":"product_cat-dovana","8":"first","9":"instock","10":"shipping-taxable","11":"purchasable","12":"product-type-variable"},"yoast_head":"<!-- This site is optimized with the Yoast SEO plugin v26.6 - https:\/\/yoast.com\/wordpress\/plugins\/seo\/ -->\n<title>Dovan\u0173 kuponas - Vitaminai ir maisto papildai internetu | Vitaminai.lt<\/title>\n<meta name=\"robots\" content=\"index, follow, max-snippet:-1, max-image-preview:large, max-video-preview:-1\" \/>\n<link rel=\"canonical\" href=\"https:\/\/vitaminai.lt\/produktas\/dovanu-kuponas\/\" \/>\n<meta property=\"og:locale\" content=\"en_US\" \/>\n<meta property=\"og:type\" content=\"article\" \/>\n<meta property=\"og:title\" content=\"Dovan\u0173 kuponas - Vitaminai ir maisto papildai internetu | Vitaminai.lt\" \/>\n<meta property=\"og:description\" content=\"Dovanoti \u2013 tai ne tik smagiau nei gauti dovanas, bet ir galimyb\u0117 prisid\u0117ti prie artimo \u017emogaus sveikatos ir geros savijautos. Kartais u\u017etenka ma\u017eo paskatinimo r\u016bpintis savimi.\" \/>\n<meta property=\"og:url\" content=\"https:\/\/vitaminai.lt\/produktas\/dovanu-kuponas\/\" \/>\n<meta property=\"og:site_name\" content=\"Vitaminai ir maisto papildai internetu | Vitaminai.lt\" \/>\n<meta property=\"article:publisher\" content=\"https:\/\/www.facebook.com\/vitaminai\/\" \/>\n<meta property=\"article:modified_time\" content=\"2026-04-02T12:50:29+00:00\" \/>\n<meta property=\"og:image\" content=\"https:\/\/vitaminai.lt\/wp-content\/uploads\/2024\/12\/Mazintas.webp\" \/>\n\t<meta property=\"og:image:width\" content=\"1000\" \/>\n\t<meta property=\"og:image:height\" content=\"667\" \/>\n\t<meta property=\"og:image:type\" content=\"image\/webp\" \/>\n<meta name=\"twitter:card\" content=\"summary_large_image\" \/>\n<meta name=\"twitter:label1\" content=\"Est. reading time\" \/>\n\t<meta name=\"twitter:data1\" content=\"2 minutes\" \/>\n<script type=\"application\/ld+json\" class=\"yoast-schema-graph\">{\"@context\":\"https:\/\/schema.org\",\"@graph\":[{\"@type\":\"WebPage\",\"@id\":\"https:\/\/vitaminai.lt\/produktas\/dovanu-kuponas\/\",\"url\":\"https:\/\/vitaminai.lt\/produktas\/dovanu-kuponas\/\",\"name\":\"Dovan\u0173 kuponas - Vitaminai ir maisto papildai internetu | Vitaminai.lt\",\"isPartOf\":{\"@id\":\"https:\/\/vitaminai.lt\/#website\"},\"primaryImageOfPage\":{\"@id\":\"https:\/\/vitaminai.lt\/produktas\/dovanu-kuponas\/#primaryimage\"},\"image\":{\"@id\":\"https:\/\/vitaminai.lt\/produktas\/dovanu-kuponas\/#primaryimage\"},\"thumbnailUrl\":\"https:\/\/vitaminai.lt\/wp-content\/uploads\/2024\/12\/Mazintas.webp\",\"datePublished\":\"2024-12-18T09:10:47+00:00\",\"dateModified\":\"2026-04-02T12:50:29+00:00\",\"breadcrumb\":{\"@id\":\"https:\/\/vitaminai.lt\/produktas\/dovanu-kuponas\/#breadcrumb\"},\"inLanguage\":\"en-US\",\"potentialAction\":[{\"@type\":\"ReadAction\",\"target\":[\"https:\/\/vitaminai.lt\/produktas\/dovanu-kuponas\/\"]}]},{\"@type\":\"ImageObject\",\"inLanguage\":\"en-US\",\"@id\":\"https:\/\/vitaminai.lt\/produktas\/dovanu-kuponas\/#primaryimage\",\"url\":\"https:\/\/vitaminai.lt\/wp-content\/uploads\/2024\/12\/Mazintas.webp\",\"contentUrl\":\"https:\/\/vitaminai.lt\/wp-content\/uploads\/2024\/12\/Mazintas.webp\",\"width\":1000,\"height\":667},{\"@type\":\"BreadcrumbList\",\"@id\":\"https:\/\/vitaminai.lt\/produktas\/dovanu-kuponas\/#breadcrumb\",\"itemListElement\":[{\"@type\":\"ListItem\",\"position\":1,\"name\":\"Home\",\"item\":\"https:\/\/vitaminai.lt\/\"},{\"@type\":\"ListItem\",\"position\":2,\"name\":\"Produktai\",\"item\":\"https:\/\/vitaminai.lt\/produktai\/\"},{\"@type\":\"ListItem\",\"position\":3,\"name\":\"Dovan\u0173 kuponas\"}]},{\"@type\":\"WebSite\",\"@id\":\"https:\/\/vitaminai.lt\/#website\",\"url\":\"https:\/\/vitaminai.lt\/\",\"name\":\"Vitaminai ir maisto papildai internetu | Vitaminai.lt\",\"description\":\"\",\"publisher\":{\"@id\":\"https:\/\/vitaminai.lt\/#organization\"},\"potentialAction\":[{\"@type\":\"SearchAction\",\"target\":{\"@type\":\"EntryPoint\",\"urlTemplate\":\"https:\/\/vitaminai.lt\/?s={search_term_string}\"},\"query-input\":{\"@type\":\"PropertyValueSpecification\",\"valueRequired\":true,\"valueName\":\"search_term_string\"}}],\"inLanguage\":\"en-US\"},{\"@type\":\"Organization\",\"@id\":\"https:\/\/vitaminai.lt\/#organization\",\"name\":\"Vitaminai ir maisto papildai internetu | Vitaminai.lt\",\"url\":\"https:\/\/vitaminai.lt\/\",\"logo\":{\"@type\":\"ImageObject\",\"inLanguage\":\"en-US\",\"@id\":\"https:\/\/vitaminai.lt\/#\/schema\/logo\/image\/\",\"url\":\"https:\/\/vitaminai.lt\/wp-content\/uploads\/2025\/01\/g212.png\",\"contentUrl\":\"https:\/\/vitaminai.lt\/wp-content\/uploads\/2025\/01\/g212.png\",\"width\":313,\"height\":74,\"caption\":\"Vitaminai ir maisto papildai internetu | Vitaminai.lt\"},\"image\":{\"@id\":\"https:\/\/vitaminai.lt\/#\/schema\/logo\/image\/\"},\"sameAs\":[\"https:\/\/www.facebook.com\/vitaminai\/\"]}]}<\/script>\n<!-- \/ Yoast SEO plugin. -->","yoast_head_json":{"title":"Dovan\u0173 kuponas - Vitaminai ir maisto papildai internetu | Vitaminai.lt","robots":{"index":"index","follow":"follow","max-snippet":"max-snippet:-1","max-image-preview":"max-image-preview:large","max-video-preview":"max-video-preview:-1"},"canonical":"https:\/\/vitaminai.lt\/produktas\/dovanu-kuponas\/","og_locale":"en_US","og_type":"article","og_title":"Dovan\u0173 kuponas - Vitaminai ir maisto papildai internetu | Vitaminai.lt","og_description":"Dovanoti \u2013 tai ne tik smagiau nei gauti dovanas, bet ir galimyb\u0117 prisid\u0117ti prie artimo \u017emogaus sveikatos ir geros savijautos. Kartais u\u017etenka ma\u017eo paskatinimo r\u016bpintis savimi.","og_url":"https:\/\/vitaminai.lt\/produktas\/dovanu-kuponas\/","og_site_name":"Vitaminai ir maisto papildai internetu | Vitaminai.lt","article_publisher":"https:\/\/www.facebook.com\/vitaminai\/","article_modified_time":"2026-04-02T12:50:29+00:00","og_image":[{"width":1000,"height":667,"url":"https:\/\/vitaminai.lt\/wp-content\/uploads\/2024\/12\/Mazintas.webp","type":"image\/webp"}],"twitter_card":"summary_large_image","twitter_misc":{"Est. reading time":"2 minutes"},"schema":{"@context":"https:\/\/schema.org","@graph":[{"@type":"WebPage","@id":"https:\/\/vitaminai.lt\/produktas\/dovanu-kuponas\/","url":"https:\/\/vitaminai.lt\/produktas\/dovanu-kuponas\/","name":"Dovan\u0173 kuponas - Vitaminai ir maisto papildai internetu | Vitaminai.lt","isPartOf":{"@id":"https:\/\/vitaminai.lt\/#website"},"primaryImageOfPage":{"@id":"https:\/\/vitaminai.lt\/produktas\/dovanu-kuponas\/#primaryimage"},"image":{"@id":"https:\/\/vitaminai.lt\/produktas\/dovanu-kuponas\/#primaryimage"},"thumbnailUrl":"https:\/\/vitaminai.lt\/wp-content\/uploads\/2024\/12\/Mazintas.webp","datePublished":"2024-12-18T09:10:47+00:00","dateModified":"2026-04-02T12:50:29+00:00","breadcrumb":{"@id":"https:\/\/vitaminai.lt\/produktas\/dovanu-kuponas\/#breadcrumb"},"inLanguage":"en-US","potentialAction":[{"@type":"ReadAction","target":["https:\/\/vitaminai.lt\/produktas\/dovanu-kuponas\/"]}]},{"@type":"ImageObject","inLanguage":"en-US","@id":"https:\/\/vitaminai.lt\/produktas\/dovanu-kuponas\/#primaryimage","url":"https:\/\/vitaminai.lt\/wp-content\/uploads\/2024\/12\/Mazintas.webp","contentUrl":"https:\/\/vitaminai.lt\/wp-content\/uploads\/2024\/12\/Mazintas.webp","width":1000,"height":667},{"@type":"BreadcrumbList","@id":"https:\/\/vitaminai.lt\/produktas\/dovanu-kuponas\/#breadcrumb","itemListElement":[{"@type":"ListItem","position":1,"name":"Home","item":"https:\/\/vitaminai.lt\/"},{"@type":"ListItem","position":2,"name":"Produktai","item":"https:\/\/vitaminai.lt\/produktai\/"},{"@type":"ListItem","position":3,"name":"Dovan\u0173 kuponas"}]},{"@type":"WebSite","@id":"https:\/\/vitaminai.lt\/#website","url":"https:\/\/vitaminai.lt\/","name":"Vitaminai ir maisto papildai internetu | Vitaminai.lt","description":"","publisher":{"@id":"https:\/\/vitaminai.lt\/#organization"},"potentialAction":[{"@type":"SearchAction","target":{"@type":"EntryPoint","urlTemplate":"https:\/\/vitaminai.lt\/?s={search_term_string}"},"query-input":{"@type":"PropertyValueSpecification","valueRequired":true,"valueName":"search_term_string"}}],"inLanguage":"en-US"},{"@type":"Organization","@id":"https:\/\/vitaminai.lt\/#organization","name":"Vitaminai ir maisto papildai internetu | Vitaminai.lt","url":"https:\/\/vitaminai.lt\/","logo":{"@type":"ImageObject","inLanguage":"en-US","@id":"https:\/\/vitaminai.lt\/#\/schema\/logo\/image\/","url":"https:\/\/vitaminai.lt\/wp-content\/uploads\/2025\/01\/g212.png","contentUrl":"https:\/\/vitaminai.lt\/wp-content\/uploads\/2025\/01\/g212.png","width":313,"height":74,"caption":"Vitaminai ir maisto papildai internetu | Vitaminai.lt"},"image":{"@id":"https:\/\/vitaminai.lt\/#\/schema\/logo\/image\/"},"sameAs":["https:\/\/www.facebook.com\/vitaminai\/"]}]}},"_links":{"self":[{"href":"https:\/\/vitaminai.lt\/en\/wp-json\/wp\/v2\/product\/1155","targetHints":{"allow":["GET"]}}],"collection":[{"href":"https:\/\/vitaminai.lt\/en\/wp-json\/wp\/v2\/product"}],"about":[{"href":"https:\/\/vitaminai.lt\/en\/wp-json\/wp\/v2\/types\/product"}],"replies":[{"embeddable":true,"href":"https:\/\/vitaminai.lt\/en\/wp-json\/wp\/v2\/comments?post=1155"}],"wp:featuredmedia":[{"embeddable":true,"href":"https:\/\/vitaminai.lt\/en\/wp-json\/wp\/v2\/media\/1243"}],"wp:attachment":[{"href":"https:\/\/vitaminai.lt\/en\/wp-json\/wp\/v2\/media?parent=1155"}],"wp:term":[{"taxonomy":"product_brand","embeddable":true,"href":"https:\/\/vitaminai.lt\/en\/wp-json\/wp\/v2\/product_brand?post=1155"},{"taxonomy":"product_cat","embeddable":true,"href":"https:\/\/vitaminai.lt\/en\/wp-json\/wp\/v2\/product_cat?post=1155"},{"taxonomy":"product_tag","embeddable":true,"href":"https:\/\/vitaminai.lt\/en\/wp-json\/wp\/v2\/product_tag?post=1155"}],"curies":[{"name":"wp","href":"https:\/\/api.w.org\/{rel}","templated":true}]}}