{"id":116,"date":"2024-06-11T07:59:09","date_gmt":"2024-06-11T07:59:09","guid":{"rendered":"https:\/\/vitaminai.lt\/?post_type=product&#038;p=116"},"modified":"2026-04-02T15:04:46","modified_gmt":"2026-04-02T13:04:46","slug":"cholesterolio-balansui-n60","status":"publish","type":"product","link":"https:\/\/vitaminai.lt\/en\/produktas\/cholesterolio-balansui-n60\/","title":{"rendered":"Kompleksas cholesterolio balansui N60"},"content":{"rendered":"<h3 data-start=\"50\" data-end=\"76\">Cholesterolio Balansui<\/h3>\n<p data-start=\"78\" data-end=\"107\"><strong>Maisto papildas | 60 kapsuli\u0173<\/strong><\/p>\n<hr \/>\n<p data-start=\"293\" data-end=\"505\"><strong>\u201eCholesterolio balansui\u201c<\/strong> \u2013 tai maisto papildas su augalin\u0117s kilm\u0117s sudedamosiomis dalimis, sukurtas kaip kasdien\u0117s mitybos papildymas, skirtas \u017emon\u0117ms, kurie siekia palaikyti normal\u0173 cholesterolio kiek\u012f kraujyje.<\/p>\n<hr \/>\n<p data-start=\"507\" data-end=\"542\"><strong data-start=\"507\" data-end=\"542\">Pagrindin\u0117s sudedamosios dalys:<\/strong><\/p>\n<p data-start=\"544\" data-end=\"784\"><strong data-start=\"544\" data-end=\"568\">Balk\u0161vieji gyslo\u010diai<\/strong> \u2013 nat\u016bralus skaidul\u0173 \u0161altinis, tradici\u0161kai vartojamas mityboje ir vertinamas kaip galintis prisid\u0117ti prie subalansuotos mitybos, kurioje svarbus d\u0117mesys skiriamas cholesterolio ir cukraus kiekio palaikymui kraujyje.<\/p>\n<p data-start=\"786\" data-end=\"1150\"><strong data-start=\"786\" data-end=\"815\">Ciber\u017eol\u0117s \u0161akniastiebiai<\/strong> \u2013 pla\u010diai naudojami Piet\u0173 Azijos kult\u016broje kaip prieskonis ir nuo seno vertinami liaudies medicinoje. Ciber\u017eol\u0117 da\u017enai siejama su antioksidacin\u0117mis, imunitet\u0105 stiprinan\u010diomis, prie\u0161u\u017edegimin\u0117mis ir normal\u0173 vir\u0161kinim\u0105 palaikan\u010diomis savyb\u0117mis bei naudojama \u012fvairiuose maisto papilduose, skirtuose normaliai organizmo veiklai palaikyti.<\/p>\n<p data-start=\"1152\" data-end=\"1350\"><strong data-start=\"1152\" data-end=\"1190\">Indinio miramed\u017eio sak\u0173 ekstraktas<\/strong> \u2013 augalin\u0117s kilm\u0117s sudedamoji dalis, tradici\u0161kai naudojama \u012fvairiose kult\u016brose ir da\u017enai siejama su lipid\u0173 (cholesterolio ir triglicerid\u0173) apykaitos palaikymu.<\/p>\n<hr \/>\n<p><strong>Kod\u0117l verta rinktis \u201eCholesterolio balansui\u201c?<\/strong><\/p>\n<p data-start=\"1403\" data-end=\"1675\">\u0160is maisto papildas veikia kompleksi\u0161kai, derindamas \u012fvairi\u0173 nat\u016brali\u0173 ingredient\u0173 savybes, siekiant u\u017etikrinti optimal\u0173 cholesterolio lyg\u012f kraujyje. Kiekvienas komponentas turi konkret\u0173 poveik\u012f, kuris kartu su kitais ingredientais gali pad\u0117ti pasiekti norimus rezultatus.<\/p>\n","protected":false},"excerpt":{"rendered":"<p>&nbsp;<\/p>\n<p>&nbsp;<\/p>\n","protected":false},"featured_media":117,"comment_status":"open","ping_status":"closed","template":"","meta":[],"product_brand":[],"product_cat":[403,302,373,282,289,375,257,377,290,33,37,243,244,245,250,20,45,48,22,156,140,28,18,29,23,31,30,34,133,65,164,132,134],"product_tag":[],"class_list":{"0":"post-116","1":"product","2":"type-product","3":"status-publish","4":"has-post-thumbnail","6":"product_cat-11-viskam","7":"product_cat-cholesteroliui-privalumai","8":"product_cat-kepenims-pagrindines-kategorijos","9":"product_cat-kepenu-funkcijai","10":"product_cat-kraujotakos-sistemai-privalumai","11":"product_cat-menesio-prekes","12":"product_cat-privalumai","13":"product_cat-savaites-top-pasiulymai","14":"product_cat-sirdies-veiklai","15":"product_cat-maisto-papildo-forma","16":"product_cat-kapsules","17":"product_cat-pagrindines-kategorijos","18":"product_cat-moterims","19":"product_cat-vyrams","20":"product_cat-sirdziai","21":"product_cat-paskirtis","22":"product_cat-cholesteroliui","23":"product_cat-kaulams","24":"product_cat-kepenims","25":"product_cat-kraujagyslems","26":"product_cat-kraujotakos-sistemai","27":"product_cat-sirdziai-paskirtis","28":"product_cat-vartotojas","29":"product_cat-moterys","30":"product_cat-paaugliai","31":"product_cat-senjorai","32":"product_cat-vyrai","33":"product_cat-veiklioji-medziaga","34":"product_cat-balksvasis-gyslotis","35":"product_cat-ciberzole","36":"product_cat-fitosteroliai","37":"product_cat-indinis-miramedis","38":"product_cat-paprastasis-apynys","40":"first","41":"instock","42":"shipping-taxable","43":"purchasable","44":"product-type-simple"},"yoast_head":"<!-- This site is optimized with the Yoast SEO plugin v26.6 - https:\/\/yoast.com\/wordpress\/plugins\/seo\/ -->\n<title>Kompleksas cholesterolio balansui N60 - Vitaminai ir maisto papildai internetu | Vitaminai.lt<\/title>\n<meta name=\"robots\" content=\"index, follow, max-snippet:-1, max-image-preview:large, max-video-preview:-1\" \/>\n<link rel=\"canonical\" href=\"https:\/\/vitaminai.lt\/produktas\/cholesterolio-balansui-n60\/\" \/>\n<meta property=\"og:locale\" content=\"en_US\" \/>\n<meta property=\"og:type\" content=\"article\" \/>\n<meta property=\"og:title\" content=\"Kompleksas cholesterolio balansui N60 - Vitaminai ir maisto papildai internetu | Vitaminai.lt\" \/>\n<meta property=\"og:description\" content=\"&nbsp;  &nbsp;\" \/>\n<meta property=\"og:url\" content=\"https:\/\/vitaminai.lt\/produktas\/cholesterolio-balansui-n60\/\" \/>\n<meta property=\"og:site_name\" content=\"Vitaminai ir maisto papildai internetu | Vitaminai.lt\" \/>\n<meta property=\"article:publisher\" content=\"https:\/\/www.facebook.com\/vitaminai\/\" \/>\n<meta property=\"article:modified_time\" content=\"2026-04-02T13:04:46+00:00\" \/>\n<meta property=\"og:image\" content=\"https:\/\/vitaminai.lt\/wp-content\/uploads\/2024\/06\/Cholesterolio-balansui-1.png\" \/>\n\t<meta property=\"og:image:width\" content=\"3001\" \/>\n\t<meta property=\"og:image:height\" content=\"2928\" \/>\n\t<meta property=\"og:image:type\" content=\"image\/png\" \/>\n<meta name=\"twitter:card\" content=\"summary_large_image\" \/>\n<meta name=\"twitter:label1\" content=\"Est. reading time\" \/>\n\t<meta name=\"twitter:data1\" content=\"2 minutes\" \/>\n<script type=\"application\/ld+json\" class=\"yoast-schema-graph\">{\"@context\":\"https:\/\/schema.org\",\"@graph\":[{\"@type\":\"WebPage\",\"@id\":\"https:\/\/vitaminai.lt\/produktas\/cholesterolio-balansui-n60\/\",\"url\":\"https:\/\/vitaminai.lt\/produktas\/cholesterolio-balansui-n60\/\",\"name\":\"Kompleksas cholesterolio balansui N60 - Vitaminai ir maisto papildai internetu | Vitaminai.lt\",\"isPartOf\":{\"@id\":\"https:\/\/vitaminai.lt\/#website\"},\"primaryImageOfPage\":{\"@id\":\"https:\/\/vitaminai.lt\/produktas\/cholesterolio-balansui-n60\/#primaryimage\"},\"image\":{\"@id\":\"https:\/\/vitaminai.lt\/produktas\/cholesterolio-balansui-n60\/#primaryimage\"},\"thumbnailUrl\":\"https:\/\/vitaminai.lt\/wp-content\/uploads\/2024\/06\/Cholesterolio-balansui-1.png\",\"datePublished\":\"2024-06-11T07:59:09+00:00\",\"dateModified\":\"2026-04-02T13:04:46+00:00\",\"breadcrumb\":{\"@id\":\"https:\/\/vitaminai.lt\/produktas\/cholesterolio-balansui-n60\/#breadcrumb\"},\"inLanguage\":\"en-US\",\"potentialAction\":[{\"@type\":\"ReadAction\",\"target\":[\"https:\/\/vitaminai.lt\/produktas\/cholesterolio-balansui-n60\/\"]}]},{\"@type\":\"ImageObject\",\"inLanguage\":\"en-US\",\"@id\":\"https:\/\/vitaminai.lt\/produktas\/cholesterolio-balansui-n60\/#primaryimage\",\"url\":\"https:\/\/vitaminai.lt\/wp-content\/uploads\/2024\/06\/Cholesterolio-balansui-1.png\",\"contentUrl\":\"https:\/\/vitaminai.lt\/wp-content\/uploads\/2024\/06\/Cholesterolio-balansui-1.png\",\"width\":3001,\"height\":2928},{\"@type\":\"BreadcrumbList\",\"@id\":\"https:\/\/vitaminai.lt\/produktas\/cholesterolio-balansui-n60\/#breadcrumb\",\"itemListElement\":[{\"@type\":\"ListItem\",\"position\":1,\"name\":\"Home\",\"item\":\"https:\/\/vitaminai.lt\/\"},{\"@type\":\"ListItem\",\"position\":2,\"name\":\"Produktai\",\"item\":\"https:\/\/vitaminai.lt\/produktai\/\"},{\"@type\":\"ListItem\",\"position\":3,\"name\":\"Kompleksas cholesterolio balansui N60\"}]},{\"@type\":\"WebSite\",\"@id\":\"https:\/\/vitaminai.lt\/#website\",\"url\":\"https:\/\/vitaminai.lt\/\",\"name\":\"Vitaminai ir maisto papildai internetu | Vitaminai.lt\",\"description\":\"\",\"publisher\":{\"@id\":\"https:\/\/vitaminai.lt\/#organization\"},\"potentialAction\":[{\"@type\":\"SearchAction\",\"target\":{\"@type\":\"EntryPoint\",\"urlTemplate\":\"https:\/\/vitaminai.lt\/?s={search_term_string}\"},\"query-input\":{\"@type\":\"PropertyValueSpecification\",\"valueRequired\":true,\"valueName\":\"search_term_string\"}}],\"inLanguage\":\"en-US\"},{\"@type\":\"Organization\",\"@id\":\"https:\/\/vitaminai.lt\/#organization\",\"name\":\"Vitaminai ir maisto papildai internetu | Vitaminai.lt\",\"url\":\"https:\/\/vitaminai.lt\/\",\"logo\":{\"@type\":\"ImageObject\",\"inLanguage\":\"en-US\",\"@id\":\"https:\/\/vitaminai.lt\/#\/schema\/logo\/image\/\",\"url\":\"https:\/\/vitaminai.lt\/wp-content\/uploads\/2025\/01\/g212.png\",\"contentUrl\":\"https:\/\/vitaminai.lt\/wp-content\/uploads\/2025\/01\/g212.png\",\"width\":313,\"height\":74,\"caption\":\"Vitaminai ir maisto papildai internetu | Vitaminai.lt\"},\"image\":{\"@id\":\"https:\/\/vitaminai.lt\/#\/schema\/logo\/image\/\"},\"sameAs\":[\"https:\/\/www.facebook.com\/vitaminai\/\"]}]}<\/script>\n<!-- \/ Yoast SEO plugin. -->","yoast_head_json":{"title":"Kompleksas cholesterolio balansui N60 - Vitaminai ir maisto papildai internetu | Vitaminai.lt","robots":{"index":"index","follow":"follow","max-snippet":"max-snippet:-1","max-image-preview":"max-image-preview:large","max-video-preview":"max-video-preview:-1"},"canonical":"https:\/\/vitaminai.lt\/produktas\/cholesterolio-balansui-n60\/","og_locale":"en_US","og_type":"article","og_title":"Kompleksas cholesterolio balansui N60 - Vitaminai ir maisto papildai internetu | Vitaminai.lt","og_description":"&nbsp;  &nbsp;","og_url":"https:\/\/vitaminai.lt\/produktas\/cholesterolio-balansui-n60\/","og_site_name":"Vitaminai ir maisto papildai internetu | Vitaminai.lt","article_publisher":"https:\/\/www.facebook.com\/vitaminai\/","article_modified_time":"2026-04-02T13:04:46+00:00","og_image":[{"width":3001,"height":2928,"url":"https:\/\/vitaminai.lt\/wp-content\/uploads\/2024\/06\/Cholesterolio-balansui-1.png","type":"image\/png"}],"twitter_card":"summary_large_image","twitter_misc":{"Est. reading time":"2 minutes"},"schema":{"@context":"https:\/\/schema.org","@graph":[{"@type":"WebPage","@id":"https:\/\/vitaminai.lt\/produktas\/cholesterolio-balansui-n60\/","url":"https:\/\/vitaminai.lt\/produktas\/cholesterolio-balansui-n60\/","name":"Kompleksas cholesterolio balansui N60 - Vitaminai ir maisto papildai internetu | Vitaminai.lt","isPartOf":{"@id":"https:\/\/vitaminai.lt\/#website"},"primaryImageOfPage":{"@id":"https:\/\/vitaminai.lt\/produktas\/cholesterolio-balansui-n60\/#primaryimage"},"image":{"@id":"https:\/\/vitaminai.lt\/produktas\/cholesterolio-balansui-n60\/#primaryimage"},"thumbnailUrl":"https:\/\/vitaminai.lt\/wp-content\/uploads\/2024\/06\/Cholesterolio-balansui-1.png","datePublished":"2024-06-11T07:59:09+00:00","dateModified":"2026-04-02T13:04:46+00:00","breadcrumb":{"@id":"https:\/\/vitaminai.lt\/produktas\/cholesterolio-balansui-n60\/#breadcrumb"},"inLanguage":"en-US","potentialAction":[{"@type":"ReadAction","target":["https:\/\/vitaminai.lt\/produktas\/cholesterolio-balansui-n60\/"]}]},{"@type":"ImageObject","inLanguage":"en-US","@id":"https:\/\/vitaminai.lt\/produktas\/cholesterolio-balansui-n60\/#primaryimage","url":"https:\/\/vitaminai.lt\/wp-content\/uploads\/2024\/06\/Cholesterolio-balansui-1.png","contentUrl":"https:\/\/vitaminai.lt\/wp-content\/uploads\/2024\/06\/Cholesterolio-balansui-1.png","width":3001,"height":2928},{"@type":"BreadcrumbList","@id":"https:\/\/vitaminai.lt\/produktas\/cholesterolio-balansui-n60\/#breadcrumb","itemListElement":[{"@type":"ListItem","position":1,"name":"Home","item":"https:\/\/vitaminai.lt\/"},{"@type":"ListItem","position":2,"name":"Produktai","item":"https:\/\/vitaminai.lt\/produktai\/"},{"@type":"ListItem","position":3,"name":"Kompleksas cholesterolio balansui N60"}]},{"@type":"WebSite","@id":"https:\/\/vitaminai.lt\/#website","url":"https:\/\/vitaminai.lt\/","name":"Vitaminai ir maisto papildai internetu | Vitaminai.lt","description":"","publisher":{"@id":"https:\/\/vitaminai.lt\/#organization"},"potentialAction":[{"@type":"SearchAction","target":{"@type":"EntryPoint","urlTemplate":"https:\/\/vitaminai.lt\/?s={search_term_string}"},"query-input":{"@type":"PropertyValueSpecification","valueRequired":true,"valueName":"search_term_string"}}],"inLanguage":"en-US"},{"@type":"Organization","@id":"https:\/\/vitaminai.lt\/#organization","name":"Vitaminai ir maisto papildai internetu | Vitaminai.lt","url":"https:\/\/vitaminai.lt\/","logo":{"@type":"ImageObject","inLanguage":"en-US","@id":"https:\/\/vitaminai.lt\/#\/schema\/logo\/image\/","url":"https:\/\/vitaminai.lt\/wp-content\/uploads\/2025\/01\/g212.png","contentUrl":"https:\/\/vitaminai.lt\/wp-content\/uploads\/2025\/01\/g212.png","width":313,"height":74,"caption":"Vitaminai ir maisto papildai internetu | Vitaminai.lt"},"image":{"@id":"https:\/\/vitaminai.lt\/#\/schema\/logo\/image\/"},"sameAs":["https:\/\/www.facebook.com\/vitaminai\/"]}]}},"_links":{"self":[{"href":"https:\/\/vitaminai.lt\/en\/wp-json\/wp\/v2\/product\/116","targetHints":{"allow":["GET"]}}],"collection":[{"href":"https:\/\/vitaminai.lt\/en\/wp-json\/wp\/v2\/product"}],"about":[{"href":"https:\/\/vitaminai.lt\/en\/wp-json\/wp\/v2\/types\/product"}],"replies":[{"embeddable":true,"href":"https:\/\/vitaminai.lt\/en\/wp-json\/wp\/v2\/comments?post=116"}],"wp:featuredmedia":[{"embeddable":true,"href":"https:\/\/vitaminai.lt\/en\/wp-json\/wp\/v2\/media\/117"}],"wp:attachment":[{"href":"https:\/\/vitaminai.lt\/en\/wp-json\/wp\/v2\/media?parent=116"}],"wp:term":[{"taxonomy":"product_brand","embeddable":true,"href":"https:\/\/vitaminai.lt\/en\/wp-json\/wp\/v2\/product_brand?post=116"},{"taxonomy":"product_cat","embeddable":true,"href":"https:\/\/vitaminai.lt\/en\/wp-json\/wp\/v2\/product_cat?post=116"},{"taxonomy":"product_tag","embeddable":true,"href":"https:\/\/vitaminai.lt\/en\/wp-json\/wp\/v2\/product_tag?post=116"}],"curies":[{"name":"wp","href":"https:\/\/api.w.org\/{rel}","templated":true}]}}