{"id":119,"date":"2024-06-11T08:02:16","date_gmt":"2024-06-11T08:02:16","guid":{"rendered":"https:\/\/vitaminai.lt\/?post_type=product&#038;p=119"},"modified":"2026-04-08T10:25:16","modified_gmt":"2026-04-08T08:25:16","slug":"imuno-safe-n60","status":"publish","type":"product","link":"https:\/\/vitaminai.lt\/en\/produktas\/imuno-safe-n60\/","title":{"rendered":"Kompleksas imuninei sistemai IMUNO SAFE N60"},"content":{"rendered":"<h3 data-start=\"0\" data-end=\"61\"><strong data-start=\"0\" data-end=\"61\">Imuno Safe \u2013 Stipri imunin\u0117 sistema ir bendroji savijauta<\/strong><\/h3>\n<p data-start=\"63\" data-end=\"96\"><strong data-start=\"63\" data-end=\"96\">Maisto papildas | 60 kapsuli\u0173<\/strong><\/p>\n<hr \/>\n<p data-start=\"63\" data-end=\"96\"><strong>Pilnavertis vitamin\u0173, mineral\u0173 ir augalini\u0173 komponent\u0173 kompleksas j\u016bs\u0173 imunin\u0117s sistemos funkcijai palaikyti.<\/strong><\/p>\n<hr \/>\n<p data-start=\"197\" data-end=\"462\"><strong>Imuno Safe<\/strong> yra auk\u0161tos kokyb\u0117s maisto papildas, specialiai sukurtas norintiems i\u0161laikyti stipri\u0105 imunin\u0119 sistem\u0105. \u0160is kompleksas su vitaminais ir mineralin\u0117mis med\u017eiagomis imunin\u0117s sistemos funkcijai palaikyti, papildytas kruop\u0161\u010diai atrinktais augaliniais komponentais.<\/p>\n<hr data-start=\"464\" data-end=\"467\" \/>\n<p data-start=\"469\" data-end=\"504\"><strong data-start=\"469\" data-end=\"504\">Kod\u0117l verta rinktis Imuno Safe?<\/strong><\/p>\n<p data-start=\"506\" data-end=\"1626\"><strong data-start=\"506\" data-end=\"528\">Stiprus imunitetas<\/strong> \u2013 Dygliuotieji \u0161altalankiai, did\u017eiosios dilg\u0117l\u0117s, cinkas, selenas, vitaminai A ir C \u2013 visi \u0161ie komponentai padeda palaikyti normali\u0105 imunin\u0117s sistemos veikl\u0105, u\u017etikrindami j\u016bs\u0173 organizmo atsparum\u0105.<br data-start=\"726\" data-end=\"729\" \/><strong data-start=\"729\" data-end=\"765\">Apsauga nuo oksidacin\u0117s pa\u017eaidos<\/strong> \u2013 Tikrieji vynmed\u017eiai, riboflavinas, cinkas, selenas ir vitaminas C padeda apsaugoti l\u0105steles nuo oksidacin\u0117s pa\u017eaidos, pad\u0117dami i\u0161vengti neigiamo laisv\u0173j\u0173 radikal\u0173 poveikio.<br data-start=\"940\" data-end=\"943\" \/><strong data-start=\"943\" data-end=\"979\">\u0160irdies ir kraujagysli\u0173 sveikata<\/strong> \u2013 Dirviniai asi\u016bkliai, did\u017eiosios dilg\u0117l\u0117s ir dygliuotieji \u0161altalankiai padeda palaikyti normali\u0105 \u0161irdies ir kraujagysli\u0173 funkcij\u0105.<br data-start=\"1111\" data-end=\"1114\" \/><strong data-start=\"1114\" data-end=\"1135\">Kv\u0117pavimo sistema<\/strong> \u2013 Did\u017eiosios dilg\u0117l\u0117s ir vaistin\u0117s medetkos padeda palaikyti normali\u0105 kv\u0117pavimo sistemos funkcij\u0105.<br data-start=\"1234\" data-end=\"1237\" \/><strong data-start=\"1237\" data-end=\"1250\">Gleivin\u0117s<\/strong> \u2013 Biotinas, niacinas, riboflavinas, vitaminai A ir C padeda palaikyti normali\u0105 gleivini\u0173 b\u016bkl\u0119, u\u017etikrindami sveik\u0105 kv\u0117pavimo ir vir\u0161kinimo sistem\u0173 funkcionavim\u0105.<br data-start=\"1413\" data-end=\"1416\" \/><strong data-start=\"1416\" data-end=\"1451\">Energija ir nuovargio ma\u017einimas<\/strong> \u2013 Niacinas, riboflavinas ir vitaminas C palaiko normali\u0105 energijos apykait\u0105 ir padeda ma\u017einti pavargimo jausm\u0105 bei nuovarg\u012f, suteikiant jums daugiau j\u0117g\u0173 kasdien\u0117ms veikloms.<\/p>\n<hr \/>\n<p data-start=\"2889\" data-end=\"3099\"><strong> Imuno Safe<\/strong> \u2013 maisto papildas su vitaminais ir mineralin\u0117mis med\u017eiagomis, kurios padeda palaikyti normali\u0105 imunin\u0117s sistemos veikl\u0105.<\/p>\n","protected":false},"excerpt":{"rendered":"<p>Imuno Safe \u2013 Stipri imunin\u0117 sistema ir bendroji savijauta Maisto papildas | 60 kapsuli\u0173 Pilnavertis vitamin\u0173, mineral\u0173 ir augalini\u0173 komponent\u0173 kompleksas j\u016bs\u0173 imunin\u0117s sistemos funkcijai palaikyti. Imuno Safe yra auk\u0161tos kokyb\u0117s maisto papildas, specialiai sukurtas norintiems i\u0161laikyti stipri\u0105 imunin\u0119 sistem\u0105. \u0160is kompleksas su vitaminais ir mineralin\u0117mis med\u017eiagomis imunin\u0117s sistemos funkcijai palaikyti, papildytas kruop\u0161\u010diai atrinktais augaliniais [&hellip;]<\/p>\n","protected":false},"featured_media":118,"comment_status":"open","ping_status":"closed","template":"","meta":[],"product_brand":[],"product_cat":[403,254,266,304,272,301,303,375,257,265,33,37,243,244,245,247,248,250,20,26,32,156,28,18,29,23,31,30,34,62,66,161,162,75,73,157,159,158,92,163,126,160,94,95,96,99],"product_tag":[],"class_list":{"0":"post-119","1":"product","2":"type-product","3":"status-publish","4":"has-post-thumbnail","6":"product_cat-11-viskam","7":"product_cat-akcijos","8":"product_cat-energijai-privalumai","9":"product_cat-gleivinems","10":"product_cat-imuninei-sistemai","11":"product_cat-kraujagyslems-privalumai","12":"product_cat-kvepavimo-sistemai","13":"product_cat-menesio-prekes","14":"product_cat-privalumai","15":"product_cat-sirdies-darbui","16":"product_cat-maisto-papildo-forma","17":"product_cat-kapsules","18":"product_cat-pagrindines-kategorijos","19":"product_cat-moterims","20":"product_cat-vyrams","21":"product_cat-energijai-pagrindines-kategorijos","22":"product_cat-imunitetui-pagrindines-kategorijos","23":"product_cat-sirdziai","24":"product_cat-paskirtis","25":"product_cat-energijai","26":"product_cat-imunitetui","27":"product_cat-kraujagyslems","28":"product_cat-sirdziai-paskirtis","29":"product_cat-vartotojas","30":"product_cat-moterys","31":"product_cat-paaugliai","32":"product_cat-senjorai","33":"product_cat-vyrai","34":"product_cat-veiklioji-medziaga","35":"product_cat-antioksidantai","36":"product_cat-cinkas","37":"product_cat-dilgeliu-ekstraktas","38":"product_cat-dirvinio-asiuklio-ekstraktas","39":"product_cat-granatai","40":"product_cat-hialurono-rugst","41":"product_cat-hidrolizuotas-zuvu-kolagenas","42":"product_cat-pomidoru-ekstraktas","43":"product_cat-saltalankio-uogos","44":"product_cat-selenas","45":"product_cat-serenciu-ziedu-ekstraktas","46":"product_cat-tikrasis-vynmedis","47":"product_cat-vaistine-medetka","48":"product_cat-vitaminas-a","49":"product_cat-vitaminas-b","50":"product_cat-vitaminas-c","51":"product_cat-vitaminas-k","53":"first","54":"instock","55":"sale","56":"shipping-taxable","57":"purchasable","58":"product-type-simple"},"yoast_head":"<!-- This site is optimized with the Yoast SEO plugin v26.6 - https:\/\/yoast.com\/wordpress\/plugins\/seo\/ -->\n<title>Kompleksas imuninei sistemai IMUNO SAFE N60 - Vitaminai ir maisto papildai internetu | Vitaminai.lt<\/title>\n<meta name=\"robots\" content=\"index, follow, max-snippet:-1, max-image-preview:large, max-video-preview:-1\" \/>\n<link rel=\"canonical\" href=\"https:\/\/vitaminai.lt\/produktas\/imuno-safe-n60\/\" \/>\n<meta property=\"og:locale\" content=\"en_US\" \/>\n<meta property=\"og:type\" content=\"article\" \/>\n<meta property=\"og:title\" content=\"Kompleksas imuninei sistemai IMUNO SAFE N60 - Vitaminai ir maisto papildai internetu | Vitaminai.lt\" \/>\n<meta property=\"og:description\" content=\"Imuno Safe \u2013 Stipri imunin\u0117 sistema ir bendroji savijauta Maisto papildas | 60 kapsuli\u0173 Pilnavertis vitamin\u0173, mineral\u0173 ir augalini\u0173 komponent\u0173 kompleksas j\u016bs\u0173 imunin\u0117s sistemos funkcijai palaikyti. Imuno Safe yra auk\u0161tos kokyb\u0117s maisto papildas, specialiai sukurtas norintiems i\u0161laikyti stipri\u0105 imunin\u0119 sistem\u0105. \u0160is kompleksas su vitaminais ir mineralin\u0117mis med\u017eiagomis imunin\u0117s sistemos funkcijai palaikyti, papildytas kruop\u0161\u010diai atrinktais augaliniais [&hellip;]\" \/>\n<meta property=\"og:url\" content=\"https:\/\/vitaminai.lt\/produktas\/imuno-safe-n60\/\" \/>\n<meta property=\"og:site_name\" content=\"Vitaminai ir maisto papildai internetu | Vitaminai.lt\" \/>\n<meta property=\"article:publisher\" content=\"https:\/\/www.facebook.com\/vitaminai\/\" \/>\n<meta property=\"article:modified_time\" content=\"2026-04-08T08:25:16+00:00\" \/>\n<meta property=\"og:image\" content=\"https:\/\/vitaminai.lt\/wp-content\/uploads\/2024\/06\/Imuno-safe-priekis.png\" \/>\n\t<meta property=\"og:image:width\" content=\"3001\" \/>\n\t<meta property=\"og:image:height\" content=\"2928\" \/>\n\t<meta property=\"og:image:type\" content=\"image\/png\" \/>\n<meta name=\"twitter:card\" content=\"summary_large_image\" \/>\n<meta name=\"twitter:label1\" content=\"Est. reading time\" \/>\n\t<meta name=\"twitter:data1\" content=\"2 minutes\" \/>\n<script type=\"application\/ld+json\" class=\"yoast-schema-graph\">{\"@context\":\"https:\/\/schema.org\",\"@graph\":[{\"@type\":\"WebPage\",\"@id\":\"https:\/\/vitaminai.lt\/produktas\/imuno-safe-n60\/\",\"url\":\"https:\/\/vitaminai.lt\/produktas\/imuno-safe-n60\/\",\"name\":\"Kompleksas imuninei sistemai IMUNO SAFE N60 - Vitaminai ir maisto papildai internetu | Vitaminai.lt\",\"isPartOf\":{\"@id\":\"https:\/\/vitaminai.lt\/#website\"},\"primaryImageOfPage\":{\"@id\":\"https:\/\/vitaminai.lt\/produktas\/imuno-safe-n60\/#primaryimage\"},\"image\":{\"@id\":\"https:\/\/vitaminai.lt\/produktas\/imuno-safe-n60\/#primaryimage\"},\"thumbnailUrl\":\"https:\/\/vitaminai.lt\/wp-content\/uploads\/2024\/06\/Imuno-safe-priekis.png\",\"datePublished\":\"2024-06-11T08:02:16+00:00\",\"dateModified\":\"2026-04-08T08:25:16+00:00\",\"breadcrumb\":{\"@id\":\"https:\/\/vitaminai.lt\/produktas\/imuno-safe-n60\/#breadcrumb\"},\"inLanguage\":\"en-US\",\"potentialAction\":[{\"@type\":\"ReadAction\",\"target\":[\"https:\/\/vitaminai.lt\/produktas\/imuno-safe-n60\/\"]}]},{\"@type\":\"ImageObject\",\"inLanguage\":\"en-US\",\"@id\":\"https:\/\/vitaminai.lt\/produktas\/imuno-safe-n60\/#primaryimage\",\"url\":\"https:\/\/vitaminai.lt\/wp-content\/uploads\/2024\/06\/Imuno-safe-priekis.png\",\"contentUrl\":\"https:\/\/vitaminai.lt\/wp-content\/uploads\/2024\/06\/Imuno-safe-priekis.png\",\"width\":3001,\"height\":2928},{\"@type\":\"BreadcrumbList\",\"@id\":\"https:\/\/vitaminai.lt\/produktas\/imuno-safe-n60\/#breadcrumb\",\"itemListElement\":[{\"@type\":\"ListItem\",\"position\":1,\"name\":\"Home\",\"item\":\"https:\/\/vitaminai.lt\/\"},{\"@type\":\"ListItem\",\"position\":2,\"name\":\"Produktai\",\"item\":\"https:\/\/vitaminai.lt\/produktai\/\"},{\"@type\":\"ListItem\",\"position\":3,\"name\":\"Kompleksas imuninei sistemai IMUNO SAFE N60\"}]},{\"@type\":\"WebSite\",\"@id\":\"https:\/\/vitaminai.lt\/#website\",\"url\":\"https:\/\/vitaminai.lt\/\",\"name\":\"Vitaminai ir maisto papildai internetu | Vitaminai.lt\",\"description\":\"\",\"publisher\":{\"@id\":\"https:\/\/vitaminai.lt\/#organization\"},\"potentialAction\":[{\"@type\":\"SearchAction\",\"target\":{\"@type\":\"EntryPoint\",\"urlTemplate\":\"https:\/\/vitaminai.lt\/?s={search_term_string}\"},\"query-input\":{\"@type\":\"PropertyValueSpecification\",\"valueRequired\":true,\"valueName\":\"search_term_string\"}}],\"inLanguage\":\"en-US\"},{\"@type\":\"Organization\",\"@id\":\"https:\/\/vitaminai.lt\/#organization\",\"name\":\"Vitaminai ir maisto papildai internetu | Vitaminai.lt\",\"url\":\"https:\/\/vitaminai.lt\/\",\"logo\":{\"@type\":\"ImageObject\",\"inLanguage\":\"en-US\",\"@id\":\"https:\/\/vitaminai.lt\/#\/schema\/logo\/image\/\",\"url\":\"https:\/\/vitaminai.lt\/wp-content\/uploads\/2025\/01\/g212.png\",\"contentUrl\":\"https:\/\/vitaminai.lt\/wp-content\/uploads\/2025\/01\/g212.png\",\"width\":313,\"height\":74,\"caption\":\"Vitaminai ir maisto papildai internetu | Vitaminai.lt\"},\"image\":{\"@id\":\"https:\/\/vitaminai.lt\/#\/schema\/logo\/image\/\"},\"sameAs\":[\"https:\/\/www.facebook.com\/vitaminai\/\"]}]}<\/script>\n<!-- \/ Yoast SEO plugin. -->","yoast_head_json":{"title":"Kompleksas imuninei sistemai IMUNO SAFE N60 - Vitaminai ir maisto papildai internetu | Vitaminai.lt","robots":{"index":"index","follow":"follow","max-snippet":"max-snippet:-1","max-image-preview":"max-image-preview:large","max-video-preview":"max-video-preview:-1"},"canonical":"https:\/\/vitaminai.lt\/produktas\/imuno-safe-n60\/","og_locale":"en_US","og_type":"article","og_title":"Kompleksas imuninei sistemai IMUNO SAFE N60 - Vitaminai ir maisto papildai internetu | Vitaminai.lt","og_description":"Imuno Safe \u2013 Stipri imunin\u0117 sistema ir bendroji savijauta Maisto papildas | 60 kapsuli\u0173 Pilnavertis vitamin\u0173, mineral\u0173 ir augalini\u0173 komponent\u0173 kompleksas j\u016bs\u0173 imunin\u0117s sistemos funkcijai palaikyti. Imuno Safe yra auk\u0161tos kokyb\u0117s maisto papildas, specialiai sukurtas norintiems i\u0161laikyti stipri\u0105 imunin\u0119 sistem\u0105. \u0160is kompleksas su vitaminais ir mineralin\u0117mis med\u017eiagomis imunin\u0117s sistemos funkcijai palaikyti, papildytas kruop\u0161\u010diai atrinktais augaliniais [&hellip;]","og_url":"https:\/\/vitaminai.lt\/produktas\/imuno-safe-n60\/","og_site_name":"Vitaminai ir maisto papildai internetu | Vitaminai.lt","article_publisher":"https:\/\/www.facebook.com\/vitaminai\/","article_modified_time":"2026-04-08T08:25:16+00:00","og_image":[{"width":3001,"height":2928,"url":"https:\/\/vitaminai.lt\/wp-content\/uploads\/2024\/06\/Imuno-safe-priekis.png","type":"image\/png"}],"twitter_card":"summary_large_image","twitter_misc":{"Est. reading time":"2 minutes"},"schema":{"@context":"https:\/\/schema.org","@graph":[{"@type":"WebPage","@id":"https:\/\/vitaminai.lt\/produktas\/imuno-safe-n60\/","url":"https:\/\/vitaminai.lt\/produktas\/imuno-safe-n60\/","name":"Kompleksas imuninei sistemai IMUNO SAFE N60 - Vitaminai ir maisto papildai internetu | Vitaminai.lt","isPartOf":{"@id":"https:\/\/vitaminai.lt\/#website"},"primaryImageOfPage":{"@id":"https:\/\/vitaminai.lt\/produktas\/imuno-safe-n60\/#primaryimage"},"image":{"@id":"https:\/\/vitaminai.lt\/produktas\/imuno-safe-n60\/#primaryimage"},"thumbnailUrl":"https:\/\/vitaminai.lt\/wp-content\/uploads\/2024\/06\/Imuno-safe-priekis.png","datePublished":"2024-06-11T08:02:16+00:00","dateModified":"2026-04-08T08:25:16+00:00","breadcrumb":{"@id":"https:\/\/vitaminai.lt\/produktas\/imuno-safe-n60\/#breadcrumb"},"inLanguage":"en-US","potentialAction":[{"@type":"ReadAction","target":["https:\/\/vitaminai.lt\/produktas\/imuno-safe-n60\/"]}]},{"@type":"ImageObject","inLanguage":"en-US","@id":"https:\/\/vitaminai.lt\/produktas\/imuno-safe-n60\/#primaryimage","url":"https:\/\/vitaminai.lt\/wp-content\/uploads\/2024\/06\/Imuno-safe-priekis.png","contentUrl":"https:\/\/vitaminai.lt\/wp-content\/uploads\/2024\/06\/Imuno-safe-priekis.png","width":3001,"height":2928},{"@type":"BreadcrumbList","@id":"https:\/\/vitaminai.lt\/produktas\/imuno-safe-n60\/#breadcrumb","itemListElement":[{"@type":"ListItem","position":1,"name":"Home","item":"https:\/\/vitaminai.lt\/"},{"@type":"ListItem","position":2,"name":"Produktai","item":"https:\/\/vitaminai.lt\/produktai\/"},{"@type":"ListItem","position":3,"name":"Kompleksas imuninei sistemai IMUNO SAFE N60"}]},{"@type":"WebSite","@id":"https:\/\/vitaminai.lt\/#website","url":"https:\/\/vitaminai.lt\/","name":"Vitaminai ir maisto papildai internetu | Vitaminai.lt","description":"","publisher":{"@id":"https:\/\/vitaminai.lt\/#organization"},"potentialAction":[{"@type":"SearchAction","target":{"@type":"EntryPoint","urlTemplate":"https:\/\/vitaminai.lt\/?s={search_term_string}"},"query-input":{"@type":"PropertyValueSpecification","valueRequired":true,"valueName":"search_term_string"}}],"inLanguage":"en-US"},{"@type":"Organization","@id":"https:\/\/vitaminai.lt\/#organization","name":"Vitaminai ir maisto papildai internetu | Vitaminai.lt","url":"https:\/\/vitaminai.lt\/","logo":{"@type":"ImageObject","inLanguage":"en-US","@id":"https:\/\/vitaminai.lt\/#\/schema\/logo\/image\/","url":"https:\/\/vitaminai.lt\/wp-content\/uploads\/2025\/01\/g212.png","contentUrl":"https:\/\/vitaminai.lt\/wp-content\/uploads\/2025\/01\/g212.png","width":313,"height":74,"caption":"Vitaminai ir maisto papildai internetu | Vitaminai.lt"},"image":{"@id":"https:\/\/vitaminai.lt\/#\/schema\/logo\/image\/"},"sameAs":["https:\/\/www.facebook.com\/vitaminai\/"]}]}},"_links":{"self":[{"href":"https:\/\/vitaminai.lt\/en\/wp-json\/wp\/v2\/product\/119","targetHints":{"allow":["GET"]}}],"collection":[{"href":"https:\/\/vitaminai.lt\/en\/wp-json\/wp\/v2\/product"}],"about":[{"href":"https:\/\/vitaminai.lt\/en\/wp-json\/wp\/v2\/types\/product"}],"replies":[{"embeddable":true,"href":"https:\/\/vitaminai.lt\/en\/wp-json\/wp\/v2\/comments?post=119"}],"wp:featuredmedia":[{"embeddable":true,"href":"https:\/\/vitaminai.lt\/en\/wp-json\/wp\/v2\/media\/118"}],"wp:attachment":[{"href":"https:\/\/vitaminai.lt\/en\/wp-json\/wp\/v2\/media?parent=119"}],"wp:term":[{"taxonomy":"product_brand","embeddable":true,"href":"https:\/\/vitaminai.lt\/en\/wp-json\/wp\/v2\/product_brand?post=119"},{"taxonomy":"product_cat","embeddable":true,"href":"https:\/\/vitaminai.lt\/en\/wp-json\/wp\/v2\/product_cat?post=119"},{"taxonomy":"product_tag","embeddable":true,"href":"https:\/\/vitaminai.lt\/en\/wp-json\/wp\/v2\/product_tag?post=119"}],"curies":[{"name":"wp","href":"https:\/\/api.w.org\/{rel}","templated":true}]}}