{"id":120,"date":"2024-06-11T08:02:49","date_gmt":"2024-06-11T08:02:49","guid":{"rendered":"https:\/\/vitaminai.lt\/?post_type=product&#038;p=120"},"modified":"2026-04-07T13:13:17","modified_gmt":"2026-04-07T11:13:17","slug":"kofermentas-q10-n60","status":"publish","type":"product","link":"https:\/\/vitaminai.lt\/en\/produktas\/kofermentas-q10-n60\/","title":{"rendered":"Maisto papildas kofermentas Q10 100 mg N60"},"content":{"rendered":"<div class=\"flex flex-grow flex-col max-w-full\">\n<div class=\"min-h-[20px] text-message flex w-full flex-col items-end gap-2 whitespace-pre-wrap break-words [.text-message+&amp;]:mt-5 overflow-x-auto\" dir=\"auto\" data-message-author-role=\"assistant\" data-message-id=\"4be27c0d-1c25-46b9-bbe0-a91bc936f735\">\n<div class=\"flex w-full flex-col gap-1 empty:hidden first:pt-[3px]\">\n<div class=\"markdown prose w-full break-words dark:prose-invert light\">\n<h3 data-start=\"98\" data-end=\"158\"><strong data-start=\"98\" data-end=\"158\">Kofermentas Q10 \u2013 Energingas gyvenimas ir jaunatvi\u0161kumas<\/strong><\/h3>\n<p data-start=\"160\" data-end=\"193\"><strong data-start=\"160\" data-end=\"193\">Maisto papildas | 60 kapsuli\u0173<\/strong><\/p>\n<p data-start=\"195\" data-end=\"247\"><strong data-start=\"195\" data-end=\"247\">Auk\u0161tos kokyb\u0117s palaikymas j\u016bs\u0173 kasdienei b\u016bklei<\/strong><\/p>\n<p data-start=\"249\" data-end=\"553\">\u201eGamtos Nam\u0173\u201c maisto papildas \u201eKofermentas Q10\u201c yra auk\u0161tos kokyb\u0117s produktas, skirtas j\u016bs\u0173 fizinei ir energinei b\u016bklei palaikyti. Kofermentas Q10 yra nat\u016braliai organizme gaminama med\u017eiaga, b\u016btina m\u016bs\u0173 l\u0105stel\u0117ms energijai gaminti ir veikia kaip stiprus antioksidantas, apsaugantis nuo laisv\u0173j\u0173 radikal\u0173.<\/p>\n<hr data-start=\"555\" data-end=\"558\" \/>\n<h4 data-start=\"560\" data-end=\"599\"><strong data-start=\"560\" data-end=\"599\">Kod\u0117l verta rinktis Koferment\u0105 Q10?<\/strong><\/h4>\n<p data-start=\"601\" data-end=\"1257\"><strong data-start=\"601\" data-end=\"621\">Energijos gamyba<\/strong> \u2013 Kofermentas Q10 dalyvauja l\u0105steli\u0173 energijos gamybos procesuose, u\u017etikrinant nuolatin\u0119 energijos tiekim\u0105 j\u016bs\u0173 k\u016bnui.<br data-start=\"740\" data-end=\"743\" \/><strong data-start=\"743\" data-end=\"761\">\u0160irdies parama<\/strong> \u2013 Padeda palaikyti normali\u0105 \u0161irdies veikl\u0105 ir kraujo spaudim\u0105, svarbus \u0161irdies raumeniui ir bendram \u0161irdies sveikumui.<br data-start=\"880\" data-end=\"883\" \/><strong data-start=\"883\" data-end=\"903\">Raumen\u0173 funkcija<\/strong> \u2013 Skatina normali\u0105 raumen\u0173 veikl\u0105, padedant palaikyti fizin\u0119 j\u0117g\u0105 ir i\u0161tverm\u0119.<br data-start=\"982\" data-end=\"985\" \/><strong data-start=\"985\" data-end=\"1002\">Nerv\u0173 sistema<\/strong> \u2013 Palaiko normali\u0105 nerv\u0173 sistemos veikl\u0105, u\u017etikrinant ger\u0105 psichologin\u0119 funkcij\u0105 ir bendr\u0105 savijaut\u0105.<br data-start=\"1104\" data-end=\"1107\" \/><strong data-start=\"1107\" data-end=\"1133\">Antioksidacin\u0117 apsauga<\/strong> \u2013 Veikia kaip galingas antioksidantas, apsaugantis l\u0105steles nuo oksidacin\u0117s pa\u017eaidos ir padedantis i\u0161saugoti jaunatvi\u0161kum\u0105.<\/p>\n<hr data-start=\"1259\" data-end=\"1262\" \/>\n<h4 data-start=\"1264\" data-end=\"1296\"><strong data-start=\"1264\" data-end=\"1296\">Unikali Kofermento Q10 nauda:<\/strong><\/h4>\n<p data-start=\"1298\" data-end=\"2250\"><strong data-start=\"1298\" data-end=\"1351\">Palaiko \u0161irdies veikl\u0105 ir normal\u0173 kraujo spaudim\u0105<\/strong> \u2013 Kofermentas Q10 yra svarbus \u0161irdies raumeniui, padedant palaikyti jo sveik\u0105 funkcij\u0105 ir normal\u0173 kraujo spaudim\u0105, taip u\u017etikrinant skland\u0173 visos \u0161irdies ir kraujotakos sistemos darb\u0105.<br data-start=\"1536\" data-end=\"1539\" \/><strong data-start=\"1539\" data-end=\"1569\">Skatina energijos apykait\u0105<\/strong> \u2013 Padeda l\u0105stel\u0117ms gaminti energij\u0105, u\u017etikrinant nuolatin\u012f energijos tiekim\u0105 j\u016bs\u0173 kasdien\u0117ms veikloms ir aktyviam gyvenimo b\u016bdui.<br data-start=\"1699\" data-end=\"1702\" \/><strong data-start=\"1702\" data-end=\"1730\">Palaiko raumen\u0173 funkcij\u0105<\/strong> \u2013 Svarbus raumen\u0173 veiklai, padedant i\u0161laikyti fizin\u0119 j\u0117g\u0105 ir i\u0161tverm\u0119, tod\u0117l galite lengviau atlikti kasdienius darbus ir m\u0117gautis fizine veikla.<br data-start=\"1876\" data-end=\"1879\" \/><strong data-start=\"1879\" data-end=\"1905\">R\u016bpinasi nerv\u0173 sistema<\/strong> \u2013 Palaiko sveik\u0105 nerv\u0173 sistemos veikl\u0105, padedant i\u0161laikyti ger\u0105 psichologin\u0119 savijaut\u0105 ir bendr\u0105 emocin\u0119 pusiausvyr\u0105.<br data-start=\"2023\" data-end=\"2026\" \/><strong data-start=\"2026\" data-end=\"2071\">Apsaugo l\u0105steles nuo oksidacin\u0117s pa\u017eaidos<\/strong> \u2013 Veikia kaip galingas antioksidantas, padedantis apsaugoti j\u016bs\u0173 k\u016bno l\u0105steles nuo laisv\u0173j\u0173 radikal\u0173 daromos \u017ealos, taip i\u0161saugant jaunatvi\u0161kum\u0105 ir ilgalaik\u012f sveikatos palaikym\u0105.<\/p>\n<hr data-start=\"2252\" data-end=\"2255\" \/>\n<h4 data-start=\"2257\" data-end=\"2297\"><strong data-start=\"2257\" data-end=\"2297\">Kam rekomenduojamas Kofermentas Q10?<\/strong><\/h4>\n<p data-start=\"2299\" data-end=\"2630\">Kofermentas Q10 ypa\u010d rekomenduojamas vyresnio am\u017eiaus \u017emon\u0117ms, kuri\u0173 organizme nat\u016brali kofermento Q10 gamyba ma\u017e\u0117ja. Taip pat tinka visiems, norintiems tur\u0117ti daugiau energijos kasdien\u0117ms veikloms, palaikyti \u0161irdies sveikat\u0105 ir i\u0161saugoti jaunatvi\u0161kum\u0105. Atraskite daugiau j\u0117g\u0173 ir energijos, kad gal\u0117tum\u0117te m\u0117gautis kiekviena diena.<\/p>\n<hr data-start=\"2632\" data-end=\"2635\" \/>\n<p data-start=\"2637\" data-end=\"2686\"><strong>Tonizuokite savo organizm\u0105 su Kofermentu Q10 ir\u00a0patirkite energijos antpl\u016bd\u012f bei geresn\u0119 kasdien\u0119 savijaut\u0105!<\/strong><\/p>\n<\/div>\n<\/div>\n<\/div>\n<\/div>\n","protected":false},"excerpt":{"rendered":"<p>Kofermentas Q10 \u2013 Energingas gyvenimas ir jaunatvi\u0161kumas Maisto papildas | 60 kapsuli\u0173 Auk\u0161tos kokyb\u0117s palaikymas j\u016bs\u0173 kasdienei b\u016bklei \u201eGamtos Nam\u0173\u201c maisto papildas \u201eKofermentas Q10\u201c yra auk\u0161tos kokyb\u0117s produktas, skirtas j\u016bs\u0173 fizinei ir energinei b\u016bklei palaikyti. Kofermentas Q10 yra nat\u016braliai organizme gaminama med\u017eiaga, b\u016btina m\u016bs\u0173 l\u0105stel\u0117ms energijai gaminti ir veikia kaip stiprus antioksidantas, apsaugantis nuo laisv\u0173j\u0173 [&hellip;]<\/p>\n","protected":false},"featured_media":96,"comment_status":"open","ping_status":"closed","template":"","meta":[],"product_brand":[],"product_cat":[403,266,305,273,276,404,257,306,290,33,37,243,244,245,247,249,250,20,47,151,54,56,28,59,18,29,23,31,19,30,34,79],"product_tag":[],"class_list":{"0":"post-120","1":"product","2":"type-product","3":"status-publish","4":"has-post-thumbnail","6":"product_cat-11-viskam","7":"product_cat-energijai-privalumai","8":"product_cat-kraujo-spaudimui","9":"product_cat-lasteliu-apsaugai-privalumai","10":"product_cat-nervu-sistemai-privalumai","11":"product_cat-papildai-susikaupimui-ir-protinei-veiklai","12":"product_cat-privalumai","13":"product_cat-raumenims-privalumai","14":"product_cat-sirdies-veiklai","15":"product_cat-maisto-papildo-forma","16":"product_cat-kapsules","17":"product_cat-pagrindines-kategorijos","18":"product_cat-moterims","19":"product_cat-vyrams","20":"product_cat-energijai-pagrindines-kategorijos","21":"product_cat-nervu-sistemai-pagrindines-kategorijos","22":"product_cat-sirdziai","23":"product_cat-paskirtis","24":"product_cat-groziui","25":"product_cat-ilgaamziskumui","26":"product_cat-odai","27":"product_cat-raumenims","28":"product_cat-sirdziai-paskirtis","29":"product_cat-sportuojantiems","30":"product_cat-vartotojas","31":"product_cat-moterys","32":"product_cat-paaugliai","33":"product_cat-senjorai","34":"product_cat-vaikai","35":"product_cat-vyrai","36":"product_cat-veiklioji-medziaga","37":"product_cat-kofermentas-q10","39":"first","40":"instock","41":"shipping-taxable","42":"purchasable","43":"product-type-simple"},"yoast_head":"<!-- This site is optimized with the Yoast SEO plugin v26.6 - https:\/\/yoast.com\/wordpress\/plugins\/seo\/ -->\n<title>Maisto papildas kofermentas Q10 100 mg N60 - Vitaminai ir maisto papildai internetu | Vitaminai.lt<\/title>\n<meta name=\"robots\" content=\"index, follow, max-snippet:-1, max-image-preview:large, max-video-preview:-1\" \/>\n<link rel=\"canonical\" href=\"https:\/\/vitaminai.lt\/produktas\/kofermentas-q10-n60\/\" \/>\n<meta property=\"og:locale\" content=\"en_US\" \/>\n<meta property=\"og:type\" content=\"article\" \/>\n<meta property=\"og:title\" content=\"Maisto papildas kofermentas Q10 100 mg N60 - Vitaminai ir maisto papildai internetu | Vitaminai.lt\" \/>\n<meta property=\"og:description\" content=\"Kofermentas Q10 \u2013 Energingas gyvenimas ir jaunatvi\u0161kumas Maisto papildas | 60 kapsuli\u0173 Auk\u0161tos kokyb\u0117s palaikymas j\u016bs\u0173 kasdienei b\u016bklei \u201eGamtos Nam\u0173\u201c maisto papildas \u201eKofermentas Q10\u201c yra auk\u0161tos kokyb\u0117s produktas, skirtas j\u016bs\u0173 fizinei ir energinei b\u016bklei palaikyti. Kofermentas Q10 yra nat\u016braliai organizme gaminama med\u017eiaga, b\u016btina m\u016bs\u0173 l\u0105stel\u0117ms energijai gaminti ir veikia kaip stiprus antioksidantas, apsaugantis nuo laisv\u0173j\u0173 [&hellip;]\" \/>\n<meta property=\"og:url\" content=\"https:\/\/vitaminai.lt\/produktas\/kofermentas-q10-n60\/\" \/>\n<meta property=\"og:site_name\" content=\"Vitaminai ir maisto papildai internetu | Vitaminai.lt\" \/>\n<meta property=\"article:publisher\" content=\"https:\/\/www.facebook.com\/vitaminai\/\" \/>\n<meta property=\"article:modified_time\" content=\"2026-04-07T11:13:17+00:00\" \/>\n<meta property=\"og:image\" content=\"https:\/\/vitaminai.lt\/wp-content\/uploads\/2024\/06\/Kofermentas-Q10_priekis.png\" \/>\n\t<meta property=\"og:image:width\" content=\"3001\" \/>\n\t<meta property=\"og:image:height\" content=\"2928\" \/>\n\t<meta property=\"og:image:type\" content=\"image\/png\" \/>\n<meta name=\"twitter:card\" content=\"summary_large_image\" \/>\n<meta name=\"twitter:label1\" content=\"Est. reading time\" \/>\n\t<meta name=\"twitter:data1\" content=\"2 minutes\" \/>\n<script type=\"application\/ld+json\" class=\"yoast-schema-graph\">{\"@context\":\"https:\/\/schema.org\",\"@graph\":[{\"@type\":\"WebPage\",\"@id\":\"https:\/\/vitaminai.lt\/produktas\/kofermentas-q10-n60\/\",\"url\":\"https:\/\/vitaminai.lt\/produktas\/kofermentas-q10-n60\/\",\"name\":\"Maisto papildas kofermentas Q10 100 mg N60 - Vitaminai ir maisto papildai internetu | Vitaminai.lt\",\"isPartOf\":{\"@id\":\"https:\/\/vitaminai.lt\/#website\"},\"primaryImageOfPage\":{\"@id\":\"https:\/\/vitaminai.lt\/produktas\/kofermentas-q10-n60\/#primaryimage\"},\"image\":{\"@id\":\"https:\/\/vitaminai.lt\/produktas\/kofermentas-q10-n60\/#primaryimage\"},\"thumbnailUrl\":\"https:\/\/vitaminai.lt\/wp-content\/uploads\/2024\/06\/Kofermentas-Q10_priekis.png\",\"datePublished\":\"2024-06-11T08:02:49+00:00\",\"dateModified\":\"2026-04-07T11:13:17+00:00\",\"breadcrumb\":{\"@id\":\"https:\/\/vitaminai.lt\/produktas\/kofermentas-q10-n60\/#breadcrumb\"},\"inLanguage\":\"en-US\",\"potentialAction\":[{\"@type\":\"ReadAction\",\"target\":[\"https:\/\/vitaminai.lt\/produktas\/kofermentas-q10-n60\/\"]}]},{\"@type\":\"ImageObject\",\"inLanguage\":\"en-US\",\"@id\":\"https:\/\/vitaminai.lt\/produktas\/kofermentas-q10-n60\/#primaryimage\",\"url\":\"https:\/\/vitaminai.lt\/wp-content\/uploads\/2024\/06\/Kofermentas-Q10_priekis.png\",\"contentUrl\":\"https:\/\/vitaminai.lt\/wp-content\/uploads\/2024\/06\/Kofermentas-Q10_priekis.png\",\"width\":3001,\"height\":2928},{\"@type\":\"BreadcrumbList\",\"@id\":\"https:\/\/vitaminai.lt\/produktas\/kofermentas-q10-n60\/#breadcrumb\",\"itemListElement\":[{\"@type\":\"ListItem\",\"position\":1,\"name\":\"Home\",\"item\":\"https:\/\/vitaminai.lt\/\"},{\"@type\":\"ListItem\",\"position\":2,\"name\":\"Produktai\",\"item\":\"https:\/\/vitaminai.lt\/produktai\/\"},{\"@type\":\"ListItem\",\"position\":3,\"name\":\"Maisto papildas kofermentas Q10 100 mg N60\"}]},{\"@type\":\"WebSite\",\"@id\":\"https:\/\/vitaminai.lt\/#website\",\"url\":\"https:\/\/vitaminai.lt\/\",\"name\":\"Vitaminai ir maisto papildai internetu | Vitaminai.lt\",\"description\":\"\",\"publisher\":{\"@id\":\"https:\/\/vitaminai.lt\/#organization\"},\"potentialAction\":[{\"@type\":\"SearchAction\",\"target\":{\"@type\":\"EntryPoint\",\"urlTemplate\":\"https:\/\/vitaminai.lt\/?s={search_term_string}\"},\"query-input\":{\"@type\":\"PropertyValueSpecification\",\"valueRequired\":true,\"valueName\":\"search_term_string\"}}],\"inLanguage\":\"en-US\"},{\"@type\":\"Organization\",\"@id\":\"https:\/\/vitaminai.lt\/#organization\",\"name\":\"Vitaminai ir maisto papildai internetu | Vitaminai.lt\",\"url\":\"https:\/\/vitaminai.lt\/\",\"logo\":{\"@type\":\"ImageObject\",\"inLanguage\":\"en-US\",\"@id\":\"https:\/\/vitaminai.lt\/#\/schema\/logo\/image\/\",\"url\":\"https:\/\/vitaminai.lt\/wp-content\/uploads\/2025\/01\/g212.png\",\"contentUrl\":\"https:\/\/vitaminai.lt\/wp-content\/uploads\/2025\/01\/g212.png\",\"width\":313,\"height\":74,\"caption\":\"Vitaminai ir maisto papildai internetu | Vitaminai.lt\"},\"image\":{\"@id\":\"https:\/\/vitaminai.lt\/#\/schema\/logo\/image\/\"},\"sameAs\":[\"https:\/\/www.facebook.com\/vitaminai\/\"]}]}<\/script>\n<!-- \/ Yoast SEO plugin. -->","yoast_head_json":{"title":"Maisto papildas kofermentas Q10 100 mg N60 - Vitaminai ir maisto papildai internetu | Vitaminai.lt","robots":{"index":"index","follow":"follow","max-snippet":"max-snippet:-1","max-image-preview":"max-image-preview:large","max-video-preview":"max-video-preview:-1"},"canonical":"https:\/\/vitaminai.lt\/produktas\/kofermentas-q10-n60\/","og_locale":"en_US","og_type":"article","og_title":"Maisto papildas kofermentas Q10 100 mg N60 - Vitaminai ir maisto papildai internetu | Vitaminai.lt","og_description":"Kofermentas Q10 \u2013 Energingas gyvenimas ir jaunatvi\u0161kumas Maisto papildas | 60 kapsuli\u0173 Auk\u0161tos kokyb\u0117s palaikymas j\u016bs\u0173 kasdienei b\u016bklei \u201eGamtos Nam\u0173\u201c maisto papildas \u201eKofermentas Q10\u201c yra auk\u0161tos kokyb\u0117s produktas, skirtas j\u016bs\u0173 fizinei ir energinei b\u016bklei palaikyti. Kofermentas Q10 yra nat\u016braliai organizme gaminama med\u017eiaga, b\u016btina m\u016bs\u0173 l\u0105stel\u0117ms energijai gaminti ir veikia kaip stiprus antioksidantas, apsaugantis nuo laisv\u0173j\u0173 [&hellip;]","og_url":"https:\/\/vitaminai.lt\/produktas\/kofermentas-q10-n60\/","og_site_name":"Vitaminai ir maisto papildai internetu | Vitaminai.lt","article_publisher":"https:\/\/www.facebook.com\/vitaminai\/","article_modified_time":"2026-04-07T11:13:17+00:00","og_image":[{"width":3001,"height":2928,"url":"https:\/\/vitaminai.lt\/wp-content\/uploads\/2024\/06\/Kofermentas-Q10_priekis.png","type":"image\/png"}],"twitter_card":"summary_large_image","twitter_misc":{"Est. reading time":"2 minutes"},"schema":{"@context":"https:\/\/schema.org","@graph":[{"@type":"WebPage","@id":"https:\/\/vitaminai.lt\/produktas\/kofermentas-q10-n60\/","url":"https:\/\/vitaminai.lt\/produktas\/kofermentas-q10-n60\/","name":"Maisto papildas kofermentas Q10 100 mg N60 - Vitaminai ir maisto papildai internetu | Vitaminai.lt","isPartOf":{"@id":"https:\/\/vitaminai.lt\/#website"},"primaryImageOfPage":{"@id":"https:\/\/vitaminai.lt\/produktas\/kofermentas-q10-n60\/#primaryimage"},"image":{"@id":"https:\/\/vitaminai.lt\/produktas\/kofermentas-q10-n60\/#primaryimage"},"thumbnailUrl":"https:\/\/vitaminai.lt\/wp-content\/uploads\/2024\/06\/Kofermentas-Q10_priekis.png","datePublished":"2024-06-11T08:02:49+00:00","dateModified":"2026-04-07T11:13:17+00:00","breadcrumb":{"@id":"https:\/\/vitaminai.lt\/produktas\/kofermentas-q10-n60\/#breadcrumb"},"inLanguage":"en-US","potentialAction":[{"@type":"ReadAction","target":["https:\/\/vitaminai.lt\/produktas\/kofermentas-q10-n60\/"]}]},{"@type":"ImageObject","inLanguage":"en-US","@id":"https:\/\/vitaminai.lt\/produktas\/kofermentas-q10-n60\/#primaryimage","url":"https:\/\/vitaminai.lt\/wp-content\/uploads\/2024\/06\/Kofermentas-Q10_priekis.png","contentUrl":"https:\/\/vitaminai.lt\/wp-content\/uploads\/2024\/06\/Kofermentas-Q10_priekis.png","width":3001,"height":2928},{"@type":"BreadcrumbList","@id":"https:\/\/vitaminai.lt\/produktas\/kofermentas-q10-n60\/#breadcrumb","itemListElement":[{"@type":"ListItem","position":1,"name":"Home","item":"https:\/\/vitaminai.lt\/"},{"@type":"ListItem","position":2,"name":"Produktai","item":"https:\/\/vitaminai.lt\/produktai\/"},{"@type":"ListItem","position":3,"name":"Maisto papildas kofermentas Q10 100 mg N60"}]},{"@type":"WebSite","@id":"https:\/\/vitaminai.lt\/#website","url":"https:\/\/vitaminai.lt\/","name":"Vitaminai ir maisto papildai internetu | Vitaminai.lt","description":"","publisher":{"@id":"https:\/\/vitaminai.lt\/#organization"},"potentialAction":[{"@type":"SearchAction","target":{"@type":"EntryPoint","urlTemplate":"https:\/\/vitaminai.lt\/?s={search_term_string}"},"query-input":{"@type":"PropertyValueSpecification","valueRequired":true,"valueName":"search_term_string"}}],"inLanguage":"en-US"},{"@type":"Organization","@id":"https:\/\/vitaminai.lt\/#organization","name":"Vitaminai ir maisto papildai internetu | Vitaminai.lt","url":"https:\/\/vitaminai.lt\/","logo":{"@type":"ImageObject","inLanguage":"en-US","@id":"https:\/\/vitaminai.lt\/#\/schema\/logo\/image\/","url":"https:\/\/vitaminai.lt\/wp-content\/uploads\/2025\/01\/g212.png","contentUrl":"https:\/\/vitaminai.lt\/wp-content\/uploads\/2025\/01\/g212.png","width":313,"height":74,"caption":"Vitaminai ir maisto papildai internetu | Vitaminai.lt"},"image":{"@id":"https:\/\/vitaminai.lt\/#\/schema\/logo\/image\/"},"sameAs":["https:\/\/www.facebook.com\/vitaminai\/"]}]}},"_links":{"self":[{"href":"https:\/\/vitaminai.lt\/en\/wp-json\/wp\/v2\/product\/120","targetHints":{"allow":["GET"]}}],"collection":[{"href":"https:\/\/vitaminai.lt\/en\/wp-json\/wp\/v2\/product"}],"about":[{"href":"https:\/\/vitaminai.lt\/en\/wp-json\/wp\/v2\/types\/product"}],"replies":[{"embeddable":true,"href":"https:\/\/vitaminai.lt\/en\/wp-json\/wp\/v2\/comments?post=120"}],"wp:featuredmedia":[{"embeddable":true,"href":"https:\/\/vitaminai.lt\/en\/wp-json\/wp\/v2\/media\/96"}],"wp:attachment":[{"href":"https:\/\/vitaminai.lt\/en\/wp-json\/wp\/v2\/media?parent=120"}],"wp:term":[{"taxonomy":"product_brand","embeddable":true,"href":"https:\/\/vitaminai.lt\/en\/wp-json\/wp\/v2\/product_brand?post=120"},{"taxonomy":"product_cat","embeddable":true,"href":"https:\/\/vitaminai.lt\/en\/wp-json\/wp\/v2\/product_cat?post=120"},{"taxonomy":"product_tag","embeddable":true,"href":"https:\/\/vitaminai.lt\/en\/wp-json\/wp\/v2\/product_tag?post=120"}],"curies":[{"name":"wp","href":"https:\/\/api.w.org\/{rel}","templated":true}]}}