{"id":121,"date":"2024-06-11T08:03:43","date_gmt":"2024-06-11T08:03:43","guid":{"rendered":"https:\/\/vitaminai.lt\/?post_type=product&#038;p=121"},"modified":"2026-04-02T15:04:45","modified_gmt":"2026-04-02T13:04:45","slug":"kardiokalis-n120","status":"publish","type":"product","link":"https:\/\/vitaminai.lt\/en\/produktas\/kardiokalis-n120\/","title":{"rendered":"Kalio ir magnio kompleksas KARDIOKALIS N120"},"content":{"rendered":"<h3 data-start=\"73\" data-end=\"90\">KARDIOKALIS<\/h3>\n<p data-start=\"91\" data-end=\"125\"><strong data-start=\"91\" data-end=\"125\">Maisto papildas | 120 table\u010di\u0173<\/strong><\/p>\n<hr \/>\n<p data-start=\"91\" data-end=\"125\"><strong>KARDIOKALIO<\/strong> tablet\u0117s skirtos papildyti kalio ir magnio kiek\u012f organizme. Apvalkal\u0117liu dengtoje tablet\u0117je esan\u010dios mineralin\u0117s med\u017eiagos i\u0161siskiria l\u0117tai, d\u0117l to yra u\u017etikrinamas ilgalaikis ir tolygus j\u0173 pasisavinimas.<\/p>\n<hr \/>\n<p data-start=\"91\" data-end=\"125\"><strong>KARDIOKALYJE esan\u010dios mineralin\u0117s med\u017eiagos:<\/strong><\/p>\n<p><strong>Kalis <\/strong>padeda palaikyti:<\/p>\n<p>normal\u0173 kraujosp\u016bd\u012f;<\/p>\n<p>normali\u0105 raumen\u0173 veikl\u0105;<\/p>\n<p>normali\u0105 nerv\u0173 sistemos veikl\u0105.<\/p>\n<p><strong>Magnis <\/strong>padeda palaikyti:<\/p>\n<p>normali\u0105 raumen\u0173 funkcij\u0105;<\/p>\n<p>normali\u0105 energijos apykait\u0105 bei ma\u017einti pavargimo jausm\u0105, nuovarg\u012f;<\/p>\n<p>normali\u0105 nerv\u0173 sistemos veikl\u0105 bei psichologin\u0119 funkcij\u0105.<\/p>\n<hr \/>\n<p><strong>Kalis ir magnis \u2013 l\u0117tai pasisavinamas mineral\u0173 kompleksas, padedantis palaikyti normali\u0105 raumen\u0173 funkcij\u0105 ir normali\u0105 nerv\u0173 sistemos veikl\u0105.<\/strong><\/p>\n","protected":false},"excerpt":{"rendered":"<p>KARDIOKALIS Maisto papildas | 120 table\u010di\u0173 KARDIOKALIO tablet\u0117s skirtos papildyti kalio ir magnio kiek\u012f organizme. Apvalkal\u0117liu dengtoje tablet\u0117je esan\u010dios mineralin\u0117s med\u017eiagos i\u0161siskiria l\u0117tai, d\u0117l to yra u\u017etikrinamas ilgalaikis ir tolygus j\u0173 pasisavinimas. KARDIOKALYJE esan\u010dios mineralin\u0117s med\u017eiagos: Kalis padeda palaikyti: normal\u0173 kraujosp\u016bd\u012f; normali\u0105 raumen\u0173 veikl\u0105; normali\u0105 nerv\u0173 sistemos veikl\u0105. Magnis padeda palaikyti: normali\u0105 raumen\u0173 funkcij\u0105; normali\u0105 [&hellip;]<\/p>\n","protected":false},"featured_media":95,"comment_status":"open","ping_status":"closed","template":"","meta":[],"product_brand":[],"product_cat":[403,278,305,375,276,277,257,294,306,368,33,40,243,244,245,249,250,20,151,28,59,18,29,23,31,19,30,34,78,83],"product_tag":[],"class_list":{"0":"post-121","1":"product","2":"type-product","3":"status-publish","4":"has-post-thumbnail","6":"product_cat-11-viskam","7":"product_cat-energijos-apykaitai","8":"product_cat-kraujo-spaudimui","9":"product_cat-menesio-prekes","10":"product_cat-nervu-sistemai-privalumai","11":"product_cat-nuovargio-mazinimui-privalumai","12":"product_cat-privalumai","13":"product_cat-psichologinei-funkcijai-privalumai","14":"product_cat-raumenims-privalumai","15":"product_cat-sportuojantiems-pagrindines-kategorijos","16":"product_cat-maisto-papildo-forma","17":"product_cat-tabletes","18":"product_cat-pagrindines-kategorijos","19":"product_cat-moterims","20":"product_cat-vyrams","21":"product_cat-nervu-sistemai-pagrindines-kategorijos","22":"product_cat-sirdziai","23":"product_cat-paskirtis","24":"product_cat-ilgaamziskumui","25":"product_cat-sirdziai-paskirtis","26":"product_cat-sportuojantiems","27":"product_cat-vartotojas","28":"product_cat-moterys","29":"product_cat-paaugliai","30":"product_cat-senjorai","31":"product_cat-vaikai","32":"product_cat-vyrai","33":"product_cat-veiklioji-medziaga","34":"product_cat-kalis","35":"product_cat-magnis","37":"first","38":"instock","39":"shipping-taxable","40":"purchasable","41":"product-type-simple"},"yoast_head":"<!-- This site is optimized with the Yoast SEO plugin v26.6 - https:\/\/yoast.com\/wordpress\/plugins\/seo\/ -->\n<title>Kalio ir magnio kompleksas KARDIOKALIS N120 - Vitaminai ir maisto papildai internetu | Vitaminai.lt<\/title>\n<meta name=\"robots\" content=\"index, follow, max-snippet:-1, max-image-preview:large, max-video-preview:-1\" \/>\n<link rel=\"canonical\" href=\"https:\/\/vitaminai.lt\/produktas\/kardiokalis-n120\/\" \/>\n<meta property=\"og:locale\" content=\"en_US\" \/>\n<meta property=\"og:type\" content=\"article\" \/>\n<meta property=\"og:title\" content=\"Kalio ir magnio kompleksas KARDIOKALIS N120 - Vitaminai ir maisto papildai internetu | Vitaminai.lt\" \/>\n<meta property=\"og:description\" content=\"KARDIOKALIS Maisto papildas | 120 table\u010di\u0173 KARDIOKALIO tablet\u0117s skirtos papildyti kalio ir magnio kiek\u012f organizme. Apvalkal\u0117liu dengtoje tablet\u0117je esan\u010dios mineralin\u0117s med\u017eiagos i\u0161siskiria l\u0117tai, d\u0117l to yra u\u017etikrinamas ilgalaikis ir tolygus j\u0173 pasisavinimas. KARDIOKALYJE esan\u010dios mineralin\u0117s med\u017eiagos: Kalis padeda palaikyti: normal\u0173 kraujosp\u016bd\u012f; normali\u0105 raumen\u0173 veikl\u0105; normali\u0105 nerv\u0173 sistemos veikl\u0105. Magnis padeda palaikyti: normali\u0105 raumen\u0173 funkcij\u0105; normali\u0105 [&hellip;]\" \/>\n<meta property=\"og:url\" content=\"https:\/\/vitaminai.lt\/produktas\/kardiokalis-n120\/\" \/>\n<meta property=\"og:site_name\" content=\"Vitaminai ir maisto papildai internetu | Vitaminai.lt\" \/>\n<meta property=\"article:publisher\" content=\"https:\/\/www.facebook.com\/vitaminai\/\" \/>\n<meta property=\"article:modified_time\" content=\"2026-04-02T13:04:45+00:00\" \/>\n<meta property=\"og:image\" content=\"https:\/\/vitaminai.lt\/wp-content\/uploads\/2024\/06\/Kariokalis_Priekis.png\" \/>\n\t<meta property=\"og:image:width\" content=\"3001\" \/>\n\t<meta property=\"og:image:height\" content=\"2928\" \/>\n\t<meta property=\"og:image:type\" content=\"image\/png\" \/>\n<meta name=\"twitter:card\" content=\"summary_large_image\" \/>\n<meta name=\"twitter:label1\" content=\"Est. reading time\" \/>\n\t<meta name=\"twitter:data1\" content=\"1 minute\" \/>\n<script type=\"application\/ld+json\" class=\"yoast-schema-graph\">{\"@context\":\"https:\/\/schema.org\",\"@graph\":[{\"@type\":\"WebPage\",\"@id\":\"https:\/\/vitaminai.lt\/produktas\/kardiokalis-n120\/\",\"url\":\"https:\/\/vitaminai.lt\/produktas\/kardiokalis-n120\/\",\"name\":\"Kalio ir magnio kompleksas KARDIOKALIS N120 - Vitaminai ir maisto papildai internetu | Vitaminai.lt\",\"isPartOf\":{\"@id\":\"https:\/\/vitaminai.lt\/#website\"},\"primaryImageOfPage\":{\"@id\":\"https:\/\/vitaminai.lt\/produktas\/kardiokalis-n120\/#primaryimage\"},\"image\":{\"@id\":\"https:\/\/vitaminai.lt\/produktas\/kardiokalis-n120\/#primaryimage\"},\"thumbnailUrl\":\"https:\/\/vitaminai.lt\/wp-content\/uploads\/2024\/06\/Kariokalis_Priekis.png\",\"datePublished\":\"2024-06-11T08:03:43+00:00\",\"dateModified\":\"2026-04-02T13:04:45+00:00\",\"breadcrumb\":{\"@id\":\"https:\/\/vitaminai.lt\/produktas\/kardiokalis-n120\/#breadcrumb\"},\"inLanguage\":\"en-US\",\"potentialAction\":[{\"@type\":\"ReadAction\",\"target\":[\"https:\/\/vitaminai.lt\/produktas\/kardiokalis-n120\/\"]}]},{\"@type\":\"ImageObject\",\"inLanguage\":\"en-US\",\"@id\":\"https:\/\/vitaminai.lt\/produktas\/kardiokalis-n120\/#primaryimage\",\"url\":\"https:\/\/vitaminai.lt\/wp-content\/uploads\/2024\/06\/Kariokalis_Priekis.png\",\"contentUrl\":\"https:\/\/vitaminai.lt\/wp-content\/uploads\/2024\/06\/Kariokalis_Priekis.png\",\"width\":3001,\"height\":2928},{\"@type\":\"BreadcrumbList\",\"@id\":\"https:\/\/vitaminai.lt\/produktas\/kardiokalis-n120\/#breadcrumb\",\"itemListElement\":[{\"@type\":\"ListItem\",\"position\":1,\"name\":\"Home\",\"item\":\"https:\/\/vitaminai.lt\/\"},{\"@type\":\"ListItem\",\"position\":2,\"name\":\"Produktai\",\"item\":\"https:\/\/vitaminai.lt\/produktai\/\"},{\"@type\":\"ListItem\",\"position\":3,\"name\":\"Kalio ir magnio kompleksas KARDIOKALIS N120\"}]},{\"@type\":\"WebSite\",\"@id\":\"https:\/\/vitaminai.lt\/#website\",\"url\":\"https:\/\/vitaminai.lt\/\",\"name\":\"Vitaminai ir maisto papildai internetu | Vitaminai.lt\",\"description\":\"\",\"publisher\":{\"@id\":\"https:\/\/vitaminai.lt\/#organization\"},\"potentialAction\":[{\"@type\":\"SearchAction\",\"target\":{\"@type\":\"EntryPoint\",\"urlTemplate\":\"https:\/\/vitaminai.lt\/?s={search_term_string}\"},\"query-input\":{\"@type\":\"PropertyValueSpecification\",\"valueRequired\":true,\"valueName\":\"search_term_string\"}}],\"inLanguage\":\"en-US\"},{\"@type\":\"Organization\",\"@id\":\"https:\/\/vitaminai.lt\/#organization\",\"name\":\"Vitaminai ir maisto papildai internetu | Vitaminai.lt\",\"url\":\"https:\/\/vitaminai.lt\/\",\"logo\":{\"@type\":\"ImageObject\",\"inLanguage\":\"en-US\",\"@id\":\"https:\/\/vitaminai.lt\/#\/schema\/logo\/image\/\",\"url\":\"https:\/\/vitaminai.lt\/wp-content\/uploads\/2025\/01\/g212.png\",\"contentUrl\":\"https:\/\/vitaminai.lt\/wp-content\/uploads\/2025\/01\/g212.png\",\"width\":313,\"height\":74,\"caption\":\"Vitaminai ir maisto papildai internetu | Vitaminai.lt\"},\"image\":{\"@id\":\"https:\/\/vitaminai.lt\/#\/schema\/logo\/image\/\"},\"sameAs\":[\"https:\/\/www.facebook.com\/vitaminai\/\"]}]}<\/script>\n<!-- \/ Yoast SEO plugin. -->","yoast_head_json":{"title":"Kalio ir magnio kompleksas KARDIOKALIS N120 - Vitaminai ir maisto papildai internetu | Vitaminai.lt","robots":{"index":"index","follow":"follow","max-snippet":"max-snippet:-1","max-image-preview":"max-image-preview:large","max-video-preview":"max-video-preview:-1"},"canonical":"https:\/\/vitaminai.lt\/produktas\/kardiokalis-n120\/","og_locale":"en_US","og_type":"article","og_title":"Kalio ir magnio kompleksas KARDIOKALIS N120 - Vitaminai ir maisto papildai internetu | Vitaminai.lt","og_description":"KARDIOKALIS Maisto papildas | 120 table\u010di\u0173 KARDIOKALIO tablet\u0117s skirtos papildyti kalio ir magnio kiek\u012f organizme. Apvalkal\u0117liu dengtoje tablet\u0117je esan\u010dios mineralin\u0117s med\u017eiagos i\u0161siskiria l\u0117tai, d\u0117l to yra u\u017etikrinamas ilgalaikis ir tolygus j\u0173 pasisavinimas. KARDIOKALYJE esan\u010dios mineralin\u0117s med\u017eiagos: Kalis padeda palaikyti: normal\u0173 kraujosp\u016bd\u012f; normali\u0105 raumen\u0173 veikl\u0105; normali\u0105 nerv\u0173 sistemos veikl\u0105. Magnis padeda palaikyti: normali\u0105 raumen\u0173 funkcij\u0105; normali\u0105 [&hellip;]","og_url":"https:\/\/vitaminai.lt\/produktas\/kardiokalis-n120\/","og_site_name":"Vitaminai ir maisto papildai internetu | Vitaminai.lt","article_publisher":"https:\/\/www.facebook.com\/vitaminai\/","article_modified_time":"2026-04-02T13:04:45+00:00","og_image":[{"width":3001,"height":2928,"url":"https:\/\/vitaminai.lt\/wp-content\/uploads\/2024\/06\/Kariokalis_Priekis.png","type":"image\/png"}],"twitter_card":"summary_large_image","twitter_misc":{"Est. reading time":"1 minute"},"schema":{"@context":"https:\/\/schema.org","@graph":[{"@type":"WebPage","@id":"https:\/\/vitaminai.lt\/produktas\/kardiokalis-n120\/","url":"https:\/\/vitaminai.lt\/produktas\/kardiokalis-n120\/","name":"Kalio ir magnio kompleksas KARDIOKALIS N120 - Vitaminai ir maisto papildai internetu | Vitaminai.lt","isPartOf":{"@id":"https:\/\/vitaminai.lt\/#website"},"primaryImageOfPage":{"@id":"https:\/\/vitaminai.lt\/produktas\/kardiokalis-n120\/#primaryimage"},"image":{"@id":"https:\/\/vitaminai.lt\/produktas\/kardiokalis-n120\/#primaryimage"},"thumbnailUrl":"https:\/\/vitaminai.lt\/wp-content\/uploads\/2024\/06\/Kariokalis_Priekis.png","datePublished":"2024-06-11T08:03:43+00:00","dateModified":"2026-04-02T13:04:45+00:00","breadcrumb":{"@id":"https:\/\/vitaminai.lt\/produktas\/kardiokalis-n120\/#breadcrumb"},"inLanguage":"en-US","potentialAction":[{"@type":"ReadAction","target":["https:\/\/vitaminai.lt\/produktas\/kardiokalis-n120\/"]}]},{"@type":"ImageObject","inLanguage":"en-US","@id":"https:\/\/vitaminai.lt\/produktas\/kardiokalis-n120\/#primaryimage","url":"https:\/\/vitaminai.lt\/wp-content\/uploads\/2024\/06\/Kariokalis_Priekis.png","contentUrl":"https:\/\/vitaminai.lt\/wp-content\/uploads\/2024\/06\/Kariokalis_Priekis.png","width":3001,"height":2928},{"@type":"BreadcrumbList","@id":"https:\/\/vitaminai.lt\/produktas\/kardiokalis-n120\/#breadcrumb","itemListElement":[{"@type":"ListItem","position":1,"name":"Home","item":"https:\/\/vitaminai.lt\/"},{"@type":"ListItem","position":2,"name":"Produktai","item":"https:\/\/vitaminai.lt\/produktai\/"},{"@type":"ListItem","position":3,"name":"Kalio ir magnio kompleksas KARDIOKALIS N120"}]},{"@type":"WebSite","@id":"https:\/\/vitaminai.lt\/#website","url":"https:\/\/vitaminai.lt\/","name":"Vitaminai ir maisto papildai internetu | Vitaminai.lt","description":"","publisher":{"@id":"https:\/\/vitaminai.lt\/#organization"},"potentialAction":[{"@type":"SearchAction","target":{"@type":"EntryPoint","urlTemplate":"https:\/\/vitaminai.lt\/?s={search_term_string}"},"query-input":{"@type":"PropertyValueSpecification","valueRequired":true,"valueName":"search_term_string"}}],"inLanguage":"en-US"},{"@type":"Organization","@id":"https:\/\/vitaminai.lt\/#organization","name":"Vitaminai ir maisto papildai internetu | Vitaminai.lt","url":"https:\/\/vitaminai.lt\/","logo":{"@type":"ImageObject","inLanguage":"en-US","@id":"https:\/\/vitaminai.lt\/#\/schema\/logo\/image\/","url":"https:\/\/vitaminai.lt\/wp-content\/uploads\/2025\/01\/g212.png","contentUrl":"https:\/\/vitaminai.lt\/wp-content\/uploads\/2025\/01\/g212.png","width":313,"height":74,"caption":"Vitaminai ir maisto papildai internetu | Vitaminai.lt"},"image":{"@id":"https:\/\/vitaminai.lt\/#\/schema\/logo\/image\/"},"sameAs":["https:\/\/www.facebook.com\/vitaminai\/"]}]}},"_links":{"self":[{"href":"https:\/\/vitaminai.lt\/en\/wp-json\/wp\/v2\/product\/121","targetHints":{"allow":["GET"]}}],"collection":[{"href":"https:\/\/vitaminai.lt\/en\/wp-json\/wp\/v2\/product"}],"about":[{"href":"https:\/\/vitaminai.lt\/en\/wp-json\/wp\/v2\/types\/product"}],"replies":[{"embeddable":true,"href":"https:\/\/vitaminai.lt\/en\/wp-json\/wp\/v2\/comments?post=121"}],"wp:featuredmedia":[{"embeddable":true,"href":"https:\/\/vitaminai.lt\/en\/wp-json\/wp\/v2\/media\/95"}],"wp:attachment":[{"href":"https:\/\/vitaminai.lt\/en\/wp-json\/wp\/v2\/media?parent=121"}],"wp:term":[{"taxonomy":"product_brand","embeddable":true,"href":"https:\/\/vitaminai.lt\/en\/wp-json\/wp\/v2\/product_brand?post=121"},{"taxonomy":"product_cat","embeddable":true,"href":"https:\/\/vitaminai.lt\/en\/wp-json\/wp\/v2\/product_cat?post=121"},{"taxonomy":"product_tag","embeddable":true,"href":"https:\/\/vitaminai.lt\/en\/wp-json\/wp\/v2\/product_tag?post=121"}],"curies":[{"name":"wp","href":"https:\/\/api.w.org\/{rel}","templated":true}]}}