{"id":122,"date":"2024-06-11T08:09:00","date_gmt":"2024-06-11T08:09:00","guid":{"rendered":"https:\/\/vitaminai.lt\/?post_type=product&#038;p=122"},"modified":"2026-04-02T15:04:45","modified_gmt":"2026-04-02T13:04:45","slug":"aktyvinta-anglis-su-pipirmete-n10","status":"publish","type":"product","link":"https:\/\/vitaminai.lt\/en\/produktas\/aktyvinta-anglis-su-pipirmete-n10\/","title":{"rendered":"Aktyvinta anglis su pipirm\u0117te N10"},"content":{"rendered":"<h3 data-start=\"128\" data-end=\"163\">AKTYVINTA ANGLIS SU PIPIRM\u0116TE<\/h3>\n<p data-start=\"164\" data-end=\"205\"><strong data-start=\"164\" data-end=\"205\">Maisto papildas | 10 mink\u0161t\u0173 kapsuli\u0173<\/strong><\/p>\n<hr \/>\n<p data-start=\"1388\" data-end=\"1472\">Aktyvinta anglis gali pad\u0117ti suma\u017einti per didel\u012f duj\u0173 kaupim\u0105si \u017earnyne po valgio, gali pagerinti vir\u0161kinim\u0105.<\/p>\n<hr \/>\n<p data-start=\"1479\" data-end=\"1607\"><strong data-start=\"1479\" data-end=\"1509\">Pagrindiniai ingredientai:<\/strong><br data-start=\"1509\" data-end=\"1512\" \/>Aktyvinta anglis;<br data-start=\"1531\" data-end=\"1534\" \/>Pipirm\u0117t\u0117s eterinis aliejus;<br data-start=\"1564\" data-end=\"1567\" \/>Any\u017ein\u0117s o\u017eia\u017eol\u0117s eterinis aliejus.<\/p>\n<hr \/>\n<p data-start=\"1614\" data-end=\"1743\"><strong data-start=\"1614\" data-end=\"1667\">Kod\u0117l verta rinktis Aktyvint\u0105 angl\u012f su pipirm\u0117te?<\/strong><br data-start=\"1667\" data-end=\"1670\" \/>Sud\u0117tyje gerai atrinkti ingredientai;<br data-start=\"1709\" data-end=\"1712\" \/>Patogios mink\u0161tos kapsul\u0117s.<\/p>\n<hr \/>\n<p data-start=\"1750\" data-end=\"1820\"><strong data-start=\"1750\" data-end=\"1820\">Aktyvinta anglis su pipirm\u0117te \u2013 prakti\u0161kas pasirinkimas po valgio!<\/strong><\/p>\n","protected":false},"excerpt":{"rendered":"<p>&nbsp;<\/p>\n<p>&nbsp;<\/p>\n","protected":false},"featured_media":291,"comment_status":"open","ping_status":"closed","template":"","meta":[],"product_brand":[],"product_cat":[403,308,373,309,370,257,377,397,369,33,39,243,244,245,20,22,153,60,18,29,23,31,19,30,34,154,118,155],"product_tag":[],"class_list":{"0":"post-122","1":"product","2":"type-product","3":"status-publish","4":"has-post-thumbnail","6":"product_cat-11-viskam","7":"product_cat-duju-kaupimosi-mazinimui","8":"product_cat-kepenims-pagrindines-kategorijos","9":"product_cat-lengvumui-pavalgius","10":"product_cat-organizmo-valymui-pagrindines-kategorijos","11":"product_cat-privalumai","12":"product_cat-savaites-top-pasiulymai","13":"product_cat-virskinimui-2","14":"product_cat-virskinimui-pagrindines-kategorijos","15":"product_cat-maisto-papildo-forma","16":"product_cat-minkstos-kapsules","17":"product_cat-pagrindines-kategorijos","18":"product_cat-moterims","19":"product_cat-vyrams","20":"product_cat-paskirtis","21":"product_cat-kepenims","22":"product_cat-organizmo-valymui","23":"product_cat-virskinimui","24":"product_cat-vartotojas","25":"product_cat-moterys","26":"product_cat-paaugliai","27":"product_cat-senjorai","28":"product_cat-vaikai","29":"product_cat-vyrai","30":"product_cat-veiklioji-medziaga","31":"product_cat-aktyvinta-anglis","32":"product_cat-anyzine-oziazole","33":"product_cat-pipirmeciu-eterinis-aliejus","35":"first","36":"instock","37":"shipping-taxable","38":"purchasable","39":"product-type-simple"},"yoast_head":"<!-- This site is optimized with the Yoast SEO plugin v26.6 - https:\/\/yoast.com\/wordpress\/plugins\/seo\/ -->\n<title>Aktyvinta anglis su pipirm\u0117te N10 - Vitaminai ir maisto papildai internetu | Vitaminai.lt<\/title>\n<meta name=\"robots\" content=\"index, follow, max-snippet:-1, max-image-preview:large, max-video-preview:-1\" \/>\n<link rel=\"canonical\" href=\"https:\/\/vitaminai.lt\/produktas\/aktyvinta-anglis-su-pipirmete-n10\/\" \/>\n<meta property=\"og:locale\" content=\"en_US\" \/>\n<meta property=\"og:type\" content=\"article\" \/>\n<meta property=\"og:title\" content=\"Aktyvinta anglis su pipirm\u0117te N10 - Vitaminai ir maisto papildai internetu | Vitaminai.lt\" \/>\n<meta property=\"og:description\" content=\"&nbsp;  &nbsp;\" \/>\n<meta property=\"og:url\" content=\"https:\/\/vitaminai.lt\/produktas\/aktyvinta-anglis-su-pipirmete-n10\/\" \/>\n<meta property=\"og:site_name\" content=\"Vitaminai ir maisto papildai internetu | Vitaminai.lt\" \/>\n<meta property=\"article:publisher\" content=\"https:\/\/www.facebook.com\/vitaminai\/\" \/>\n<meta property=\"article:modified_time\" content=\"2026-04-02T13:04:45+00:00\" \/>\n<meta property=\"og:image\" content=\"https:\/\/vitaminai.lt\/wp-content\/uploads\/2024\/06\/1500x1455_Anglis_kita-puse_su-fonu.png\" \/>\n\t<meta property=\"og:image:width\" content=\"1500\" \/>\n\t<meta property=\"og:image:height\" content=\"1455\" \/>\n\t<meta property=\"og:image:type\" content=\"image\/png\" \/>\n<meta name=\"twitter:card\" content=\"summary_large_image\" \/>\n<meta name=\"twitter:label1\" content=\"Est. reading time\" \/>\n\t<meta name=\"twitter:data1\" content=\"1 minute\" \/>\n<script type=\"application\/ld+json\" class=\"yoast-schema-graph\">{\"@context\":\"https:\/\/schema.org\",\"@graph\":[{\"@type\":\"WebPage\",\"@id\":\"https:\/\/vitaminai.lt\/produktas\/aktyvinta-anglis-su-pipirmete-n10\/\",\"url\":\"https:\/\/vitaminai.lt\/produktas\/aktyvinta-anglis-su-pipirmete-n10\/\",\"name\":\"Aktyvinta anglis su pipirm\u0117te N10 - Vitaminai ir maisto papildai internetu | Vitaminai.lt\",\"isPartOf\":{\"@id\":\"https:\/\/vitaminai.lt\/#website\"},\"primaryImageOfPage\":{\"@id\":\"https:\/\/vitaminai.lt\/produktas\/aktyvinta-anglis-su-pipirmete-n10\/#primaryimage\"},\"image\":{\"@id\":\"https:\/\/vitaminai.lt\/produktas\/aktyvinta-anglis-su-pipirmete-n10\/#primaryimage\"},\"thumbnailUrl\":\"https:\/\/vitaminai.lt\/wp-content\/uploads\/2024\/06\/1500x1455_Anglis_kita-puse_su-fonu.png\",\"datePublished\":\"2024-06-11T08:09:00+00:00\",\"dateModified\":\"2026-04-02T13:04:45+00:00\",\"breadcrumb\":{\"@id\":\"https:\/\/vitaminai.lt\/produktas\/aktyvinta-anglis-su-pipirmete-n10\/#breadcrumb\"},\"inLanguage\":\"en-US\",\"potentialAction\":[{\"@type\":\"ReadAction\",\"target\":[\"https:\/\/vitaminai.lt\/produktas\/aktyvinta-anglis-su-pipirmete-n10\/\"]}]},{\"@type\":\"ImageObject\",\"inLanguage\":\"en-US\",\"@id\":\"https:\/\/vitaminai.lt\/produktas\/aktyvinta-anglis-su-pipirmete-n10\/#primaryimage\",\"url\":\"https:\/\/vitaminai.lt\/wp-content\/uploads\/2024\/06\/1500x1455_Anglis_kita-puse_su-fonu.png\",\"contentUrl\":\"https:\/\/vitaminai.lt\/wp-content\/uploads\/2024\/06\/1500x1455_Anglis_kita-puse_su-fonu.png\",\"width\":1500,\"height\":1455},{\"@type\":\"BreadcrumbList\",\"@id\":\"https:\/\/vitaminai.lt\/produktas\/aktyvinta-anglis-su-pipirmete-n10\/#breadcrumb\",\"itemListElement\":[{\"@type\":\"ListItem\",\"position\":1,\"name\":\"Home\",\"item\":\"https:\/\/vitaminai.lt\/\"},{\"@type\":\"ListItem\",\"position\":2,\"name\":\"Produktai\",\"item\":\"https:\/\/vitaminai.lt\/produktai\/\"},{\"@type\":\"ListItem\",\"position\":3,\"name\":\"Aktyvinta anglis su pipirm\u0117te N10\"}]},{\"@type\":\"WebSite\",\"@id\":\"https:\/\/vitaminai.lt\/#website\",\"url\":\"https:\/\/vitaminai.lt\/\",\"name\":\"Vitaminai ir maisto papildai internetu | Vitaminai.lt\",\"description\":\"\",\"publisher\":{\"@id\":\"https:\/\/vitaminai.lt\/#organization\"},\"potentialAction\":[{\"@type\":\"SearchAction\",\"target\":{\"@type\":\"EntryPoint\",\"urlTemplate\":\"https:\/\/vitaminai.lt\/?s={search_term_string}\"},\"query-input\":{\"@type\":\"PropertyValueSpecification\",\"valueRequired\":true,\"valueName\":\"search_term_string\"}}],\"inLanguage\":\"en-US\"},{\"@type\":\"Organization\",\"@id\":\"https:\/\/vitaminai.lt\/#organization\",\"name\":\"Vitaminai ir maisto papildai internetu | Vitaminai.lt\",\"url\":\"https:\/\/vitaminai.lt\/\",\"logo\":{\"@type\":\"ImageObject\",\"inLanguage\":\"en-US\",\"@id\":\"https:\/\/vitaminai.lt\/#\/schema\/logo\/image\/\",\"url\":\"https:\/\/vitaminai.lt\/wp-content\/uploads\/2025\/01\/g212.png\",\"contentUrl\":\"https:\/\/vitaminai.lt\/wp-content\/uploads\/2025\/01\/g212.png\",\"width\":313,\"height\":74,\"caption\":\"Vitaminai ir maisto papildai internetu | Vitaminai.lt\"},\"image\":{\"@id\":\"https:\/\/vitaminai.lt\/#\/schema\/logo\/image\/\"},\"sameAs\":[\"https:\/\/www.facebook.com\/vitaminai\/\"]}]}<\/script>\n<!-- \/ Yoast SEO plugin. -->","yoast_head_json":{"title":"Aktyvinta anglis su pipirm\u0117te N10 - Vitaminai ir maisto papildai internetu | Vitaminai.lt","robots":{"index":"index","follow":"follow","max-snippet":"max-snippet:-1","max-image-preview":"max-image-preview:large","max-video-preview":"max-video-preview:-1"},"canonical":"https:\/\/vitaminai.lt\/produktas\/aktyvinta-anglis-su-pipirmete-n10\/","og_locale":"en_US","og_type":"article","og_title":"Aktyvinta anglis su pipirm\u0117te N10 - Vitaminai ir maisto papildai internetu | Vitaminai.lt","og_description":"&nbsp;  &nbsp;","og_url":"https:\/\/vitaminai.lt\/produktas\/aktyvinta-anglis-su-pipirmete-n10\/","og_site_name":"Vitaminai ir maisto papildai internetu | Vitaminai.lt","article_publisher":"https:\/\/www.facebook.com\/vitaminai\/","article_modified_time":"2026-04-02T13:04:45+00:00","og_image":[{"width":1500,"height":1455,"url":"https:\/\/vitaminai.lt\/wp-content\/uploads\/2024\/06\/1500x1455_Anglis_kita-puse_su-fonu.png","type":"image\/png"}],"twitter_card":"summary_large_image","twitter_misc":{"Est. reading time":"1 minute"},"schema":{"@context":"https:\/\/schema.org","@graph":[{"@type":"WebPage","@id":"https:\/\/vitaminai.lt\/produktas\/aktyvinta-anglis-su-pipirmete-n10\/","url":"https:\/\/vitaminai.lt\/produktas\/aktyvinta-anglis-su-pipirmete-n10\/","name":"Aktyvinta anglis su pipirm\u0117te N10 - Vitaminai ir maisto papildai internetu | Vitaminai.lt","isPartOf":{"@id":"https:\/\/vitaminai.lt\/#website"},"primaryImageOfPage":{"@id":"https:\/\/vitaminai.lt\/produktas\/aktyvinta-anglis-su-pipirmete-n10\/#primaryimage"},"image":{"@id":"https:\/\/vitaminai.lt\/produktas\/aktyvinta-anglis-su-pipirmete-n10\/#primaryimage"},"thumbnailUrl":"https:\/\/vitaminai.lt\/wp-content\/uploads\/2024\/06\/1500x1455_Anglis_kita-puse_su-fonu.png","datePublished":"2024-06-11T08:09:00+00:00","dateModified":"2026-04-02T13:04:45+00:00","breadcrumb":{"@id":"https:\/\/vitaminai.lt\/produktas\/aktyvinta-anglis-su-pipirmete-n10\/#breadcrumb"},"inLanguage":"en-US","potentialAction":[{"@type":"ReadAction","target":["https:\/\/vitaminai.lt\/produktas\/aktyvinta-anglis-su-pipirmete-n10\/"]}]},{"@type":"ImageObject","inLanguage":"en-US","@id":"https:\/\/vitaminai.lt\/produktas\/aktyvinta-anglis-su-pipirmete-n10\/#primaryimage","url":"https:\/\/vitaminai.lt\/wp-content\/uploads\/2024\/06\/1500x1455_Anglis_kita-puse_su-fonu.png","contentUrl":"https:\/\/vitaminai.lt\/wp-content\/uploads\/2024\/06\/1500x1455_Anglis_kita-puse_su-fonu.png","width":1500,"height":1455},{"@type":"BreadcrumbList","@id":"https:\/\/vitaminai.lt\/produktas\/aktyvinta-anglis-su-pipirmete-n10\/#breadcrumb","itemListElement":[{"@type":"ListItem","position":1,"name":"Home","item":"https:\/\/vitaminai.lt\/"},{"@type":"ListItem","position":2,"name":"Produktai","item":"https:\/\/vitaminai.lt\/produktai\/"},{"@type":"ListItem","position":3,"name":"Aktyvinta anglis su pipirm\u0117te N10"}]},{"@type":"WebSite","@id":"https:\/\/vitaminai.lt\/#website","url":"https:\/\/vitaminai.lt\/","name":"Vitaminai ir maisto papildai internetu | Vitaminai.lt","description":"","publisher":{"@id":"https:\/\/vitaminai.lt\/#organization"},"potentialAction":[{"@type":"SearchAction","target":{"@type":"EntryPoint","urlTemplate":"https:\/\/vitaminai.lt\/?s={search_term_string}"},"query-input":{"@type":"PropertyValueSpecification","valueRequired":true,"valueName":"search_term_string"}}],"inLanguage":"en-US"},{"@type":"Organization","@id":"https:\/\/vitaminai.lt\/#organization","name":"Vitaminai ir maisto papildai internetu | Vitaminai.lt","url":"https:\/\/vitaminai.lt\/","logo":{"@type":"ImageObject","inLanguage":"en-US","@id":"https:\/\/vitaminai.lt\/#\/schema\/logo\/image\/","url":"https:\/\/vitaminai.lt\/wp-content\/uploads\/2025\/01\/g212.png","contentUrl":"https:\/\/vitaminai.lt\/wp-content\/uploads\/2025\/01\/g212.png","width":313,"height":74,"caption":"Vitaminai ir maisto papildai internetu | Vitaminai.lt"},"image":{"@id":"https:\/\/vitaminai.lt\/#\/schema\/logo\/image\/"},"sameAs":["https:\/\/www.facebook.com\/vitaminai\/"]}]}},"_links":{"self":[{"href":"https:\/\/vitaminai.lt\/en\/wp-json\/wp\/v2\/product\/122","targetHints":{"allow":["GET"]}}],"collection":[{"href":"https:\/\/vitaminai.lt\/en\/wp-json\/wp\/v2\/product"}],"about":[{"href":"https:\/\/vitaminai.lt\/en\/wp-json\/wp\/v2\/types\/product"}],"replies":[{"embeddable":true,"href":"https:\/\/vitaminai.lt\/en\/wp-json\/wp\/v2\/comments?post=122"}],"wp:featuredmedia":[{"embeddable":true,"href":"https:\/\/vitaminai.lt\/en\/wp-json\/wp\/v2\/media\/291"}],"wp:attachment":[{"href":"https:\/\/vitaminai.lt\/en\/wp-json\/wp\/v2\/media?parent=122"}],"wp:term":[{"taxonomy":"product_brand","embeddable":true,"href":"https:\/\/vitaminai.lt\/en\/wp-json\/wp\/v2\/product_brand?post=122"},{"taxonomy":"product_cat","embeddable":true,"href":"https:\/\/vitaminai.lt\/en\/wp-json\/wp\/v2\/product_cat?post=122"},{"taxonomy":"product_tag","embeddable":true,"href":"https:\/\/vitaminai.lt\/en\/wp-json\/wp\/v2\/product_tag?post=122"}],"curies":[{"name":"wp","href":"https:\/\/api.w.org\/{rel}","templated":true}]}}