{"id":1253,"date":"2024-12-27T07:10:57","date_gmt":"2024-12-27T07:10:57","guid":{"rendered":"https:\/\/vitaminai.lt\/?post_type=product&#038;p=1253"},"modified":"2026-04-08T10:25:19","modified_gmt":"2026-04-08T08:25:19","slug":"multivitaminu-kompleksas-multivit-100-n90","status":"publish","type":"product","link":"https:\/\/vitaminai.lt\/en\/produktas\/multivitaminu-kompleksas-multivit-100-n90\/","title":{"rendered":"Multivitaminai MULTIVIT 100% N90"},"content":{"rendered":"<h3 data-start=\"199\" data-end=\"220\"><strong data-start=\"203\" data-end=\"220\">MULTIVIT 100%<\/strong><\/h3>\n<p data-start=\"222\" data-end=\"263\"><strong data-start=\"222\" data-end=\"263\">Maisto papildas | 90 mink\u0161t\u0173 kapsuli\u0173<\/strong><\/p>\n<p data-start=\"1751\" data-end=\"1814\"><strong data-start=\"1751\" data-end=\"1814\">Vitamin\u0173 ir mikroelement\u0173 kompleksas kasdieniam vartojimui.<\/strong><\/p>\n<hr \/>\n<p data-start=\"1816\" data-end=\"2029\"><strong>\u201eMULTIVIT 100 %\u201c<\/strong> \u2013 tai kasdienis maisto papildas, kurio sud\u0117tyje yra vitaminai, mineralai ir mikroelementai, padedantys papildyti mityb\u0105 svarbiomis maistin\u0117mis med\u017eiagomis ir palaikyti normali\u0105 organizmo funkcij\u0105.<\/p>\n<hr \/>\n<p data-start=\"2031\" data-end=\"2081\"><strong>Pagrindin\u0117s sudedamosios dalys ir j\u0173 poveikis:<\/strong><\/p>\n<p data-start=\"2085\" data-end=\"2213\"><strong>Vitaminai B1, B3, B6, B7, B12 ir magnis<\/strong> padeda palaikyti normali\u0105 nerv\u0173 sistemos veikl\u0105 ir normali\u0105 psichologin\u0119 funkcij\u0105.<\/p>\n<p data-start=\"2216\" data-end=\"2365\"><strong>Gele\u017eis, manganas, pantoteno r\u016bg\u0161tis ir varis<\/strong> padeda palaikyti normali\u0105 energijos apykait\u0105 ir padeda ma\u017einti pavargimo jausm\u0105 bei nuovarg\u012f.<\/p>\n<p data-start=\"2368\" data-end=\"2521\"><strong>Cinkas, selenas, varis ir vitaminas C<\/strong> padeda palaikyti normali\u0105 imunin\u0117s sistemos veikl\u0105 ir padeda apsaugoti l\u0105steles nuo oksidacin\u0117s pa\u017eaidos.<\/p>\n<p data-start=\"2524\" data-end=\"2591\"><strong>Jodas ir gele\u017eis<\/strong> padeda palaikyti normali\u0105 pa\u017einimo funkcij\u0105.<\/p>\n<p data-start=\"2594\" data-end=\"2675\"><strong>Riboflavinas (vitaminas B2) ir vitaminas A <\/strong>padeda palaikyti normal\u0173 reg\u0117jim\u0105.<\/p>\n<hr \/>\n<p data-start=\"2677\" data-end=\"2706\"><strong>Kam skirtas \u0161is papildas?<\/strong><\/p>\n<p data-start=\"2710\" data-end=\"2790\">Suaugusiesiems, norintiems papildyti kasdien\u0119 mityb\u0105 vitaminais ir mineralais;<\/p>\n<p data-start=\"2793\" data-end=\"2900\">Asmenims, kuriems svarbu palaikyti normali\u0105 energijos apykait\u0105, nerv\u0173 sistemos ir imunin\u0117s sistemos veikl\u0105.<\/p>\n<hr \/>\n<p><strong>Vitamin\u0173 ir mikroelement\u0173 kompleksas, skirtas papildyti organizm\u0105 svarbiomis med\u017eiagomis.<\/strong><\/p>\n","protected":false},"excerpt":{"rendered":"<p>MULTIVIT 100% Maisto papildas | 90 mink\u0161t\u0173 kapsuli\u0173 Vitamin\u0173 ir mikroelement\u0173 kompleksas kasdieniam vartojimui. \u201eMULTIVIT 100 %\u201c \u2013 tai kasdienis maisto papildas, kurio sud\u0117tyje yra vitaminai, mineralai ir mikroelementai, padedantys papildyti mityb\u0105 svarbiomis maistin\u0117mis med\u017eiagomis ir palaikyti normali\u0105 organizmo funkcij\u0105. Pagrindin\u0117s sudedamosios dalys ir j\u0173 poveikis: Vitaminai B1, B3, B6, B7, B12 ir magnis padeda [&hellip;]<\/p>\n","protected":false},"featured_media":329,"comment_status":"open","ping_status":"closed","template":"","meta":[],"product_brand":[],"product_cat":[372,391,395,278,326,272,289,375,371,276,325,376,257,368,33,37,243,244,245,246,247,248,249,250,252,253,20,21,43,179,26,151,48,140,173,172,25,171,167,142,165,56,144,59,152,18,29,23,31,30,34,66,70,76,83,85,92,94,95,96,97,98],"product_tag":[],"class_list":{"0":"post-1253","1":"product","2":"type-product","3":"status-publish","4":"has-post-thumbnail","6":"product_cat-akims-pagrindines-kategorijos","7":"product_cat-atminciai-2","8":"product_cat-b-grupes","9":"product_cat-energijos-apykaitai","10":"product_cat-hormonu-gamybai","11":"product_cat-imuninei-sistemai","12":"product_cat-kraujotakos-sistemai-privalumai","13":"product_cat-menesio-prekes","14":"product_cat-nagams-pagrindines-kategorijos","15":"product_cat-nervu-sistemai-privalumai","16":"product_cat-normaliam-regejimui","17":"product_cat-populiariausi-produktai","18":"product_cat-privalumai","19":"product_cat-sportuojantiems-pagrindines-kategorijos","20":"product_cat-maisto-papildo-forma","21":"product_cat-kapsules","22":"product_cat-pagrindines-kategorijos","23":"product_cat-moterims","24":"product_cat-vyrams","25":"product_cat-groziui-2","26":"product_cat-energijai-pagrindines-kategorijos","27":"product_cat-imunitetui-pagrindines-kategorijos","28":"product_cat-nervu-sistemai-pagrindines-kategorijos","29":"product_cat-sirdziai","30":"product_cat-odai-pagrindines-kategorijos","31":"product_cat-plaukams-pagrindines-kategorijos","32":"product_cat-paskirtis","33":"product_cat-akims","34":"product_cat-atminciai","35":"product_cat-dantims","36":"product_cat-energijai","37":"product_cat-ilgaamziskumui","38":"product_cat-kaulams","39":"product_cat-kraujotakos-sistemai","40":"product_cat-lasteliu-apsaugai","41":"product_cat-medziagu-apykaitai","42":"product_cat-nervu-sistemai","43":"product_cat-nuovargio-mazinimui","44":"product_cat-pazinimo-funkcijai","45":"product_cat-protinei-veiklai","46":"product_cat-psichologinei-funkcijai","47":"product_cat-raumenims","48":"product_cat-smegenu-veiklai","49":"product_cat-sportuojantiems","50":"product_cat-susirgus","51":"product_cat-vartotojas","52":"product_cat-moterys","53":"product_cat-paaugliai","54":"product_cat-senjorai","55":"product_cat-vyrai","56":"product_cat-veiklioji-medziaga","57":"product_cat-cinkas","58":"product_cat-gelezis","59":"product_cat-jodas","60":"product_cat-magnis","61":"product_cat-multivitaminai","62":"product_cat-selenas","63":"product_cat-vitaminas-a","64":"product_cat-vitaminas-b","65":"product_cat-vitaminas-c","66":"product_cat-vitaminas-d","67":"product_cat-vitaminas-e","69":"first","70":"instock","71":"shipping-taxable","72":"purchasable","73":"product-type-simple"},"yoast_head":"<!-- This site is optimized with the Yoast SEO plugin v26.6 - https:\/\/yoast.com\/wordpress\/plugins\/seo\/ -->\n<title>Multivitaminai MULTIVIT 100% N90 - Vitaminai ir maisto papildai internetu | Vitaminai.lt<\/title>\n<meta name=\"robots\" content=\"index, follow, max-snippet:-1, max-image-preview:large, max-video-preview:-1\" \/>\n<link rel=\"canonical\" href=\"https:\/\/vitaminai.lt\/produktas\/multivitaminu-kompleksas-multivit-100-n90\/\" \/>\n<meta property=\"og:locale\" content=\"en_US\" \/>\n<meta property=\"og:type\" content=\"article\" \/>\n<meta property=\"og:title\" content=\"Multivitaminai MULTIVIT 100% N90 - Vitaminai ir maisto papildai internetu | Vitaminai.lt\" \/>\n<meta property=\"og:description\" content=\"MULTIVIT 100% Maisto papildas | 90 mink\u0161t\u0173 kapsuli\u0173 Vitamin\u0173 ir mikroelement\u0173 kompleksas kasdieniam vartojimui. \u201eMULTIVIT 100 %\u201c \u2013 tai kasdienis maisto papildas, kurio sud\u0117tyje yra vitaminai, mineralai ir mikroelementai, padedantys papildyti mityb\u0105 svarbiomis maistin\u0117mis med\u017eiagomis ir palaikyti normali\u0105 organizmo funkcij\u0105. Pagrindin\u0117s sudedamosios dalys ir j\u0173 poveikis: Vitaminai B1, B3, B6, B7, B12 ir magnis padeda [&hellip;]\" \/>\n<meta property=\"og:url\" content=\"https:\/\/vitaminai.lt\/produktas\/multivitaminu-kompleksas-multivit-100-n90\/\" \/>\n<meta property=\"og:site_name\" content=\"Vitaminai ir maisto papildai internetu | Vitaminai.lt\" \/>\n<meta property=\"article:publisher\" content=\"https:\/\/www.facebook.com\/vitaminai\/\" \/>\n<meta property=\"article:modified_time\" content=\"2026-04-08T08:25:19+00:00\" \/>\n<meta property=\"og:image\" content=\"https:\/\/vitaminai.lt\/wp-content\/uploads\/2024\/08\/Multivit-100_Priekis.png\" \/>\n\t<meta property=\"og:image:width\" content=\"3001\" \/>\n\t<meta property=\"og:image:height\" content=\"2928\" \/>\n\t<meta property=\"og:image:type\" content=\"image\/png\" \/>\n<meta name=\"twitter:card\" content=\"summary_large_image\" \/>\n<meta name=\"twitter:label1\" content=\"Est. reading time\" \/>\n\t<meta name=\"twitter:data1\" content=\"2 minutes\" \/>\n<script type=\"application\/ld+json\" class=\"yoast-schema-graph\">{\"@context\":\"https:\/\/schema.org\",\"@graph\":[{\"@type\":\"WebPage\",\"@id\":\"https:\/\/vitaminai.lt\/produktas\/multivitaminu-kompleksas-multivit-100-n90\/\",\"url\":\"https:\/\/vitaminai.lt\/produktas\/multivitaminu-kompleksas-multivit-100-n90\/\",\"name\":\"Multivitaminai MULTIVIT 100% N90 - Vitaminai ir maisto papildai internetu | Vitaminai.lt\",\"isPartOf\":{\"@id\":\"https:\/\/vitaminai.lt\/#website\"},\"primaryImageOfPage\":{\"@id\":\"https:\/\/vitaminai.lt\/produktas\/multivitaminu-kompleksas-multivit-100-n90\/#primaryimage\"},\"image\":{\"@id\":\"https:\/\/vitaminai.lt\/produktas\/multivitaminu-kompleksas-multivit-100-n90\/#primaryimage\"},\"thumbnailUrl\":\"https:\/\/vitaminai.lt\/wp-content\/uploads\/2024\/08\/Multivit-100_Priekis.png\",\"datePublished\":\"2024-12-27T07:10:57+00:00\",\"dateModified\":\"2026-04-08T08:25:19+00:00\",\"breadcrumb\":{\"@id\":\"https:\/\/vitaminai.lt\/produktas\/multivitaminu-kompleksas-multivit-100-n90\/#breadcrumb\"},\"inLanguage\":\"en-US\",\"potentialAction\":[{\"@type\":\"ReadAction\",\"target\":[\"https:\/\/vitaminai.lt\/produktas\/multivitaminu-kompleksas-multivit-100-n90\/\"]}]},{\"@type\":\"ImageObject\",\"inLanguage\":\"en-US\",\"@id\":\"https:\/\/vitaminai.lt\/produktas\/multivitaminu-kompleksas-multivit-100-n90\/#primaryimage\",\"url\":\"https:\/\/vitaminai.lt\/wp-content\/uploads\/2024\/08\/Multivit-100_Priekis.png\",\"contentUrl\":\"https:\/\/vitaminai.lt\/wp-content\/uploads\/2024\/08\/Multivit-100_Priekis.png\",\"width\":3001,\"height\":2928},{\"@type\":\"BreadcrumbList\",\"@id\":\"https:\/\/vitaminai.lt\/produktas\/multivitaminu-kompleksas-multivit-100-n90\/#breadcrumb\",\"itemListElement\":[{\"@type\":\"ListItem\",\"position\":1,\"name\":\"Home\",\"item\":\"https:\/\/vitaminai.lt\/\"},{\"@type\":\"ListItem\",\"position\":2,\"name\":\"Produktai\",\"item\":\"https:\/\/vitaminai.lt\/produktai\/\"},{\"@type\":\"ListItem\",\"position\":3,\"name\":\"Multivitaminai MULTIVIT 100% N90\"}]},{\"@type\":\"WebSite\",\"@id\":\"https:\/\/vitaminai.lt\/#website\",\"url\":\"https:\/\/vitaminai.lt\/\",\"name\":\"Vitaminai ir maisto papildai internetu | Vitaminai.lt\",\"description\":\"\",\"publisher\":{\"@id\":\"https:\/\/vitaminai.lt\/#organization\"},\"potentialAction\":[{\"@type\":\"SearchAction\",\"target\":{\"@type\":\"EntryPoint\",\"urlTemplate\":\"https:\/\/vitaminai.lt\/?s={search_term_string}\"},\"query-input\":{\"@type\":\"PropertyValueSpecification\",\"valueRequired\":true,\"valueName\":\"search_term_string\"}}],\"inLanguage\":\"en-US\"},{\"@type\":\"Organization\",\"@id\":\"https:\/\/vitaminai.lt\/#organization\",\"name\":\"Vitaminai ir maisto papildai internetu | Vitaminai.lt\",\"url\":\"https:\/\/vitaminai.lt\/\",\"logo\":{\"@type\":\"ImageObject\",\"inLanguage\":\"en-US\",\"@id\":\"https:\/\/vitaminai.lt\/#\/schema\/logo\/image\/\",\"url\":\"https:\/\/vitaminai.lt\/wp-content\/uploads\/2025\/01\/g212.png\",\"contentUrl\":\"https:\/\/vitaminai.lt\/wp-content\/uploads\/2025\/01\/g212.png\",\"width\":313,\"height\":74,\"caption\":\"Vitaminai ir maisto papildai internetu | Vitaminai.lt\"},\"image\":{\"@id\":\"https:\/\/vitaminai.lt\/#\/schema\/logo\/image\/\"},\"sameAs\":[\"https:\/\/www.facebook.com\/vitaminai\/\"]}]}<\/script>\n<!-- \/ Yoast SEO plugin. -->","yoast_head_json":{"title":"Multivitaminai MULTIVIT 100% N90 - Vitaminai ir maisto papildai internetu | Vitaminai.lt","robots":{"index":"index","follow":"follow","max-snippet":"max-snippet:-1","max-image-preview":"max-image-preview:large","max-video-preview":"max-video-preview:-1"},"canonical":"https:\/\/vitaminai.lt\/produktas\/multivitaminu-kompleksas-multivit-100-n90\/","og_locale":"en_US","og_type":"article","og_title":"Multivitaminai MULTIVIT 100% N90 - Vitaminai ir maisto papildai internetu | Vitaminai.lt","og_description":"MULTIVIT 100% Maisto papildas | 90 mink\u0161t\u0173 kapsuli\u0173 Vitamin\u0173 ir mikroelement\u0173 kompleksas kasdieniam vartojimui. \u201eMULTIVIT 100 %\u201c \u2013 tai kasdienis maisto papildas, kurio sud\u0117tyje yra vitaminai, mineralai ir mikroelementai, padedantys papildyti mityb\u0105 svarbiomis maistin\u0117mis med\u017eiagomis ir palaikyti normali\u0105 organizmo funkcij\u0105. Pagrindin\u0117s sudedamosios dalys ir j\u0173 poveikis: Vitaminai B1, B3, B6, B7, B12 ir magnis padeda [&hellip;]","og_url":"https:\/\/vitaminai.lt\/produktas\/multivitaminu-kompleksas-multivit-100-n90\/","og_site_name":"Vitaminai ir maisto papildai internetu | Vitaminai.lt","article_publisher":"https:\/\/www.facebook.com\/vitaminai\/","article_modified_time":"2026-04-08T08:25:19+00:00","og_image":[{"width":3001,"height":2928,"url":"https:\/\/vitaminai.lt\/wp-content\/uploads\/2024\/08\/Multivit-100_Priekis.png","type":"image\/png"}],"twitter_card":"summary_large_image","twitter_misc":{"Est. reading time":"2 minutes"},"schema":{"@context":"https:\/\/schema.org","@graph":[{"@type":"WebPage","@id":"https:\/\/vitaminai.lt\/produktas\/multivitaminu-kompleksas-multivit-100-n90\/","url":"https:\/\/vitaminai.lt\/produktas\/multivitaminu-kompleksas-multivit-100-n90\/","name":"Multivitaminai MULTIVIT 100% N90 - Vitaminai ir maisto papildai internetu | Vitaminai.lt","isPartOf":{"@id":"https:\/\/vitaminai.lt\/#website"},"primaryImageOfPage":{"@id":"https:\/\/vitaminai.lt\/produktas\/multivitaminu-kompleksas-multivit-100-n90\/#primaryimage"},"image":{"@id":"https:\/\/vitaminai.lt\/produktas\/multivitaminu-kompleksas-multivit-100-n90\/#primaryimage"},"thumbnailUrl":"https:\/\/vitaminai.lt\/wp-content\/uploads\/2024\/08\/Multivit-100_Priekis.png","datePublished":"2024-12-27T07:10:57+00:00","dateModified":"2026-04-08T08:25:19+00:00","breadcrumb":{"@id":"https:\/\/vitaminai.lt\/produktas\/multivitaminu-kompleksas-multivit-100-n90\/#breadcrumb"},"inLanguage":"en-US","potentialAction":[{"@type":"ReadAction","target":["https:\/\/vitaminai.lt\/produktas\/multivitaminu-kompleksas-multivit-100-n90\/"]}]},{"@type":"ImageObject","inLanguage":"en-US","@id":"https:\/\/vitaminai.lt\/produktas\/multivitaminu-kompleksas-multivit-100-n90\/#primaryimage","url":"https:\/\/vitaminai.lt\/wp-content\/uploads\/2024\/08\/Multivit-100_Priekis.png","contentUrl":"https:\/\/vitaminai.lt\/wp-content\/uploads\/2024\/08\/Multivit-100_Priekis.png","width":3001,"height":2928},{"@type":"BreadcrumbList","@id":"https:\/\/vitaminai.lt\/produktas\/multivitaminu-kompleksas-multivit-100-n90\/#breadcrumb","itemListElement":[{"@type":"ListItem","position":1,"name":"Home","item":"https:\/\/vitaminai.lt\/"},{"@type":"ListItem","position":2,"name":"Produktai","item":"https:\/\/vitaminai.lt\/produktai\/"},{"@type":"ListItem","position":3,"name":"Multivitaminai MULTIVIT 100% N90"}]},{"@type":"WebSite","@id":"https:\/\/vitaminai.lt\/#website","url":"https:\/\/vitaminai.lt\/","name":"Vitaminai ir maisto papildai internetu | Vitaminai.lt","description":"","publisher":{"@id":"https:\/\/vitaminai.lt\/#organization"},"potentialAction":[{"@type":"SearchAction","target":{"@type":"EntryPoint","urlTemplate":"https:\/\/vitaminai.lt\/?s={search_term_string}"},"query-input":{"@type":"PropertyValueSpecification","valueRequired":true,"valueName":"search_term_string"}}],"inLanguage":"en-US"},{"@type":"Organization","@id":"https:\/\/vitaminai.lt\/#organization","name":"Vitaminai ir maisto papildai internetu | Vitaminai.lt","url":"https:\/\/vitaminai.lt\/","logo":{"@type":"ImageObject","inLanguage":"en-US","@id":"https:\/\/vitaminai.lt\/#\/schema\/logo\/image\/","url":"https:\/\/vitaminai.lt\/wp-content\/uploads\/2025\/01\/g212.png","contentUrl":"https:\/\/vitaminai.lt\/wp-content\/uploads\/2025\/01\/g212.png","width":313,"height":74,"caption":"Vitaminai ir maisto papildai internetu | Vitaminai.lt"},"image":{"@id":"https:\/\/vitaminai.lt\/#\/schema\/logo\/image\/"},"sameAs":["https:\/\/www.facebook.com\/vitaminai\/"]}]}},"_links":{"self":[{"href":"https:\/\/vitaminai.lt\/en\/wp-json\/wp\/v2\/product\/1253","targetHints":{"allow":["GET"]}}],"collection":[{"href":"https:\/\/vitaminai.lt\/en\/wp-json\/wp\/v2\/product"}],"about":[{"href":"https:\/\/vitaminai.lt\/en\/wp-json\/wp\/v2\/types\/product"}],"replies":[{"embeddable":true,"href":"https:\/\/vitaminai.lt\/en\/wp-json\/wp\/v2\/comments?post=1253"}],"wp:featuredmedia":[{"embeddable":true,"href":"https:\/\/vitaminai.lt\/en\/wp-json\/wp\/v2\/media\/329"}],"wp:attachment":[{"href":"https:\/\/vitaminai.lt\/en\/wp-json\/wp\/v2\/media?parent=1253"}],"wp:term":[{"taxonomy":"product_brand","embeddable":true,"href":"https:\/\/vitaminai.lt\/en\/wp-json\/wp\/v2\/product_brand?post=1253"},{"taxonomy":"product_cat","embeddable":true,"href":"https:\/\/vitaminai.lt\/en\/wp-json\/wp\/v2\/product_cat?post=1253"},{"taxonomy":"product_tag","embeddable":true,"href":"https:\/\/vitaminai.lt\/en\/wp-json\/wp\/v2\/product_tag?post=1253"}],"curies":[{"name":"wp","href":"https:\/\/api.w.org\/{rel}","templated":true}]}}