{"id":132,"date":"2024-06-11T08:09:26","date_gmt":"2024-06-11T08:09:26","guid":{"rendered":"https:\/\/vitaminai.lt\/?post_type=product&#038;p=132"},"modified":"2026-04-08T10:25:18","modified_gmt":"2026-04-08T08:25:18","slug":"top-4-herbs-n30","status":"publish","type":"product","link":"https:\/\/vitaminai.lt\/en\/produktas\/top-4-herbs-n30\/","title":{"rendered":"Augalini\u0173 polifenoli\u0173 kompleksas TOP 4 HERBS N30"},"content":{"rendered":"<article class=\"text-token-text-primary w-full\" dir=\"auto\" data-testid=\"conversation-turn-304\" data-scroll-anchor=\"true\">\n<div class=\"text-base my-auto mx-auto py-5 [--thread-content-margin:--spacing(4)] @[37rem]:[--thread-content-margin:--spacing(6)] @[72rem]:[--thread-content-margin:--spacing(16)] px-(--thread-content-margin)\">\n<div class=\"[--thread-content-max-width:32rem] @[34rem]:[--thread-content-max-width:40rem] @[64rem]:[--thread-content-max-width:48rem] mx-auto flex max-w-(--thread-content-max-width) flex-1 text-base gap-4 md:gap-5 lg:gap-6 group\/turn-messages focus-visible:outline-hidden\" tabindex=\"-1\">\n<div class=\"group\/conversation-turn relative flex w-full min-w-0 flex-col agent-turn\">\n<div class=\"relative flex-col gap-1 md:gap-3\">\n<div class=\"flex max-w-full flex-col grow\">\n<div class=\"min-h-8 text-message relative flex w-full flex-col items-end gap-2 text-start break-words whitespace-normal [.text-message+&amp;]:mt-5\" dir=\"auto\" data-message-author-role=\"assistant\" data-message-id=\"4f2174f7-e590-4ff8-bf20-c80cb8a07172\" data-message-model-slug=\"gpt-4o\">\n<div class=\"flex w-full flex-col gap-1 empty:hidden first:pt-[3px]\">\n<div class=\"markdown prose dark:prose-invert w-full break-words light\">\n<h3 data-start=\"176\" data-end=\"193\">TOP 4 HERBS<\/h3>\n<p data-start=\"194\" data-end=\"227\"><strong data-start=\"194\" data-end=\"227\">Maisto papildas | 30 table\u010di\u0173 | Nat\u016bralus augalini\u0173 polifenoli\u0173 kompleksas<\/strong><\/p>\n<hr \/>\n<p data-start=\"359\" data-end=\"735\"><strong>TOP 4 HERBS<\/strong> \u2013 tai maisto papildas, kurio sud\u0117tyje derinami keturi augalin\u0117s kilm\u0117s ingredientai: brokoli\u0173 \u017eiedyn\u0173 ir \u017eiedko\u010di\u0173 ekstraktas, paprast\u0173j\u0173 granatmed\u017ei\u0173 vaisi\u0173 \u017eieveli\u0173 ekstraktas, da\u017eini\u0173 ciber\u017eoli\u0173 \u0161akn\u0173 ekstraktas ir \u017ealiosios arbatos lap\u0173 ekstraktas. \u0160ie augalai tradici\u0161kai vartojami mityboje ir vertinami d\u0117l savo sud\u0117tyje esan\u010di\u0173 nat\u016brali\u0173 augalini\u0173 jungini\u0173.<\/p>\n<p data-start=\"359\" data-end=\"735\">Brokoliniai kop\u016bstai, paprastieji granatmed\u017eiai, da\u017ein\u0117s ciber\u017eol\u0117s ir kinin\u0117 arbata gali pad\u0117ti palaikyti normali\u0105 imunin\u0117s sistemos veikl\u0105. Brokoliniai kop\u016bstai ir paprastieji granatmed\u017eiai gali pad\u0117ti apsaugoti l\u0105steles nuo oksidacin\u0117s pa\u017eaidos.<\/p>\n<hr \/>\n<p data-start=\"737\" data-end=\"748\"><strong>Nat\u016brali sud\u0117tis:<\/strong><\/p>\n<p data-start=\"671\" data-end=\"833\"><strong data-start=\"671\" data-end=\"715\">Brokoli\u0173 \u017eiedyn\u0173 ir \u017eiedko\u010di\u0173 ekstraktas<\/strong> \u2013 augalin\u0117s kilm\u0117s ingredientas, pla\u010diai naudojamas mityboje ir vertinamas d\u0117l nat\u016braliai esan\u010di\u0173 augalini\u0173 jungini\u0173, \u012fskaitant polifenolius.<\/p>\n<p data-start=\"835\" data-end=\"945\"><strong data-start=\"835\" data-end=\"889\">Paprast\u0173j\u0173 granatmed\u017ei\u0173 vaisi\u0173 \u017eieveli\u0173 ekstraktas<\/strong>\u00a0\u2013 augalinis ekstraktas, turintis nat\u016brali\u0173 polifenoli\u0173.<\/p>\n<p data-start=\"947\" data-end=\"1108\"><strong data-start=\"947\" data-end=\"986\">Da\u017eini\u0173 ciber\u017eoli\u0173 \u0161akn\u0173 ekstraktas<\/strong> \u2013 tradici\u0161kai naudojamas augalinis ingredientas, pasi\u017eymintis ry\u0161kia spalva ir sud\u0117tyje esan\u010diais augaliniais junginiais, polifenoliais.<\/p>\n<p data-start=\"1110\" data-end=\"1227\"><strong data-start=\"1110\" data-end=\"1147\">\u017daliosios arbatos lap\u0173 ekstraktas<\/strong>\u00a0\u2013 augalin\u0117s kilm\u0117s ingredientas, vertinamas d\u0117l nat\u016braliai esan\u010di\u0173 polifenoli\u0173.<\/p>\n<p data-start=\"1110\" data-end=\"1227\">Kiekvienas komponentas atrinktas atsi\u017evelgiant \u012f nat\u016bral\u0173 augalini\u0173 jungini\u0173, \u012fskaitant polifenolius, kiek\u012f ir j\u0173 derin\u012f vienoje formul\u0117je.<\/p>\n<hr \/>\n<p><strong>Kas yra polifenoliai?<\/strong><\/p>\n<p>Tai yra nat\u016bral\u016bs augalin\u0117s kilm\u0117s junginiai, randami vaisiuose, dar\u017eov\u0117se, arbatoje, prieskoniuose ir kituose augaluose.\u00a0Polifenoliai padeda apsaugoti l\u0105steles nuo oksidacinio streso, kur\u012f sukelia laisvieji radikalai. Taip pat \u0161ie augaliniai junginiai prisideda prie l\u0105steli\u0173 apsaugos nuo ankstyvo pa\u017eeidimo ir padeda palaikyti normalias organizmo funkcijas. Reguliarus polifenoli\u0173 turin\u010di\u0173 augal\u0173 vartojimas siejamas su bendra organizmo pusiausvyra ir geresne savijauta.<\/p>\n<hr \/>\n<p data-start=\"1308\" data-end=\"1344\"><strong>Kod\u0117l verta rinktis TOP 4 HERBS?<\/strong><\/p>\n<p data-start=\"1269\" data-end=\"1324\">Keturi\u0173 augalini\u0173 ekstrakt\u0173 derinys vienoje tablet\u0117je.<\/p>\n<p data-start=\"1367\" data-end=\"1405\">Be dirbtini\u0173 da\u017eikli\u0173, konservant\u0173 ir GMO.<\/p>\n<p data-start=\"1408\" data-end=\"1432\">Patogu vartoti kasdien.<\/p>\n<p data-start=\"1435\" data-end=\"1511\">Tinka \u017emon\u0117ms, kurie r\u016bpinasi subalansuota mityba ir aktyviu gyvenimo b\u016bdu.<\/p>\n<hr \/>\n<p data-start=\"1514\" data-end=\"1590\"><strong>TOP 4 HERBS<\/strong>\u00a0sukurtas kaip kasdien\u0117s mitybos papildymas tiems, kurie vertina augalin\u0117s kilm\u0117s ingredientus ir s\u0105moning\u0105 gyvenimo b\u016bd\u0105.<\/p>\n<\/div>\n<\/div>\n<\/div>\n<\/div>\n<\/div>\n<\/div>\n<\/div>\n<\/div>\n<\/article>\n","protected":false},"excerpt":{"rendered":"<p>TOP 4 HERBS Maisto papildas | 30 table\u010di\u0173 | Nat\u016bralus augalini\u0173 polifenoli\u0173 kompleksas TOP 4 HERBS \u2013 tai maisto papildas, kurio sud\u0117tyje derinami keturi augalin\u0117s kilm\u0117s ingredientai: brokoli\u0173 \u017eiedyn\u0173 ir \u017eiedko\u010di\u0173 ekstraktas, paprast\u0173j\u0173 granatmed\u017ei\u0173 vaisi\u0173 \u017eieveli\u0173 ekstraktas, da\u017eini\u0173 ciber\u017eoli\u0173 \u0161akn\u0173 ekstraktas ir \u017ealiosios arbatos lap\u0173 ekstraktas. \u0160ie augalai tradici\u0161kai vartojami mityboje ir vertinami d\u0117l savo [&hellip;]<\/p>\n","protected":false},"featured_media":128,"comment_status":"open","ping_status":"closed","template":"","meta":[],"product_brand":[],"product_cat":[403,254,274,271,272,396,373,273,370,376,257,369,33,40,243,244,245,247,248,20,21,151,32,22,153,28,58,152,60,61,139,29,31,30,34,64,65,75,100],"product_tag":[],"class_list":{"0":"post-132","1":"product","2":"type-product","3":"status-publish","4":"has-post-thumbnail","6":"product_cat-11-viskam","7":"product_cat-akcijos","8":"product_cat-antioksidacinis-poveikis","9":"product_cat-augaliniai-polifenoliai","10":"product_cat-imuninei-sistemai","11":"product_cat-itampai-nusiraminimui","12":"product_cat-kepenims-pagrindines-kategorijos","13":"product_cat-lasteliu-apsaugai-privalumai","14":"product_cat-organizmo-valymui-pagrindines-kategorijos","15":"product_cat-populiariausi-produktai","16":"product_cat-privalumai","17":"product_cat-virskinimui-pagrindines-kategorijos","18":"product_cat-maisto-papildo-forma","19":"product_cat-tabletes","20":"product_cat-pagrindines-kategorijos","21":"product_cat-moterims","22":"product_cat-vyrams","23":"product_cat-energijai-pagrindines-kategorijos","24":"product_cat-imunitetui-pagrindines-kategorijos","25":"product_cat-paskirtis","26":"product_cat-akims","27":"product_cat-ilgaamziskumui","28":"product_cat-imunitetui","29":"product_cat-kepenims","30":"product_cat-organizmo-valymui","31":"product_cat-sirdziai-paskirtis","32":"product_cat-slapimtakiams","33":"product_cat-susirgus","34":"product_cat-virskinimui","35":"product_cat-vyriskumui","36":"product_cat-zarnynui","37":"product_cat-moterys","38":"product_cat-senjorai","39":"product_cat-vyrai","40":"product_cat-veiklioji-medziaga","41":"product_cat-brokoliai","42":"product_cat-ciberzole","43":"product_cat-granatai","44":"product_cat-zalioji-arbata","46":"first","47":"instock","48":"sale","49":"shipping-taxable","50":"purchasable","51":"product-type-simple"},"yoast_head":"<!-- This site is optimized with the Yoast SEO plugin v26.6 - https:\/\/yoast.com\/wordpress\/plugins\/seo\/ -->\n<title>Augalini\u0173 polifenoli\u0173 kompleksas TOP 4 HERBS N30 - Vitaminai ir maisto papildai internetu | Vitaminai.lt<\/title>\n<meta name=\"robots\" content=\"index, follow, max-snippet:-1, max-image-preview:large, max-video-preview:-1\" \/>\n<link rel=\"canonical\" href=\"https:\/\/vitaminai.lt\/produktas\/top-4-herbs-n30\/\" \/>\n<meta property=\"og:locale\" content=\"en_US\" \/>\n<meta property=\"og:type\" content=\"article\" \/>\n<meta property=\"og:title\" content=\"Augalini\u0173 polifenoli\u0173 kompleksas TOP 4 HERBS N30 - Vitaminai ir maisto papildai internetu | Vitaminai.lt\" \/>\n<meta property=\"og:description\" content=\"TOP 4 HERBS Maisto papildas | 30 table\u010di\u0173 | Nat\u016bralus augalini\u0173 polifenoli\u0173 kompleksas TOP 4 HERBS \u2013 tai maisto papildas, kurio sud\u0117tyje derinami keturi augalin\u0117s kilm\u0117s ingredientai: brokoli\u0173 \u017eiedyn\u0173 ir \u017eiedko\u010di\u0173 ekstraktas, paprast\u0173j\u0173 granatmed\u017ei\u0173 vaisi\u0173 \u017eieveli\u0173 ekstraktas, da\u017eini\u0173 ciber\u017eoli\u0173 \u0161akn\u0173 ekstraktas ir \u017ealiosios arbatos lap\u0173 ekstraktas. \u0160ie augalai tradici\u0161kai vartojami mityboje ir vertinami d\u0117l savo [&hellip;]\" \/>\n<meta property=\"og:url\" content=\"https:\/\/vitaminai.lt\/produktas\/top-4-herbs-n30\/\" \/>\n<meta property=\"og:site_name\" content=\"Vitaminai ir maisto papildai internetu | Vitaminai.lt\" \/>\n<meta property=\"article:publisher\" content=\"https:\/\/www.facebook.com\/vitaminai\/\" \/>\n<meta property=\"article:modified_time\" content=\"2026-04-08T08:25:18+00:00\" \/>\n<meta property=\"og:image\" content=\"https:\/\/vitaminai.lt\/wp-content\/uploads\/2024\/06\/Top-4-herbs_kita-puse.png\" \/>\n\t<meta property=\"og:image:width\" content=\"1500\" \/>\n\t<meta property=\"og:image:height\" content=\"1455\" \/>\n\t<meta property=\"og:image:type\" content=\"image\/png\" \/>\n<meta name=\"twitter:card\" content=\"summary_large_image\" \/>\n<meta name=\"twitter:label1\" content=\"Est. reading time\" \/>\n\t<meta name=\"twitter:data1\" content=\"2 minutes\" \/>\n<script type=\"application\/ld+json\" class=\"yoast-schema-graph\">{\"@context\":\"https:\/\/schema.org\",\"@graph\":[{\"@type\":\"WebPage\",\"@id\":\"https:\/\/vitaminai.lt\/produktas\/top-4-herbs-n30\/\",\"url\":\"https:\/\/vitaminai.lt\/produktas\/top-4-herbs-n30\/\",\"name\":\"Augalini\u0173 polifenoli\u0173 kompleksas TOP 4 HERBS N30 - Vitaminai ir maisto papildai internetu | Vitaminai.lt\",\"isPartOf\":{\"@id\":\"https:\/\/vitaminai.lt\/#website\"},\"primaryImageOfPage\":{\"@id\":\"https:\/\/vitaminai.lt\/produktas\/top-4-herbs-n30\/#primaryimage\"},\"image\":{\"@id\":\"https:\/\/vitaminai.lt\/produktas\/top-4-herbs-n30\/#primaryimage\"},\"thumbnailUrl\":\"https:\/\/vitaminai.lt\/wp-content\/uploads\/2024\/06\/Top-4-herbs_kita-puse.png\",\"datePublished\":\"2024-06-11T08:09:26+00:00\",\"dateModified\":\"2026-04-08T08:25:18+00:00\",\"breadcrumb\":{\"@id\":\"https:\/\/vitaminai.lt\/produktas\/top-4-herbs-n30\/#breadcrumb\"},\"inLanguage\":\"en-US\",\"potentialAction\":[{\"@type\":\"ReadAction\",\"target\":[\"https:\/\/vitaminai.lt\/produktas\/top-4-herbs-n30\/\"]}]},{\"@type\":\"ImageObject\",\"inLanguage\":\"en-US\",\"@id\":\"https:\/\/vitaminai.lt\/produktas\/top-4-herbs-n30\/#primaryimage\",\"url\":\"https:\/\/vitaminai.lt\/wp-content\/uploads\/2024\/06\/Top-4-herbs_kita-puse.png\",\"contentUrl\":\"https:\/\/vitaminai.lt\/wp-content\/uploads\/2024\/06\/Top-4-herbs_kita-puse.png\",\"width\":1500,\"height\":1455},{\"@type\":\"BreadcrumbList\",\"@id\":\"https:\/\/vitaminai.lt\/produktas\/top-4-herbs-n30\/#breadcrumb\",\"itemListElement\":[{\"@type\":\"ListItem\",\"position\":1,\"name\":\"Home\",\"item\":\"https:\/\/vitaminai.lt\/\"},{\"@type\":\"ListItem\",\"position\":2,\"name\":\"Produktai\",\"item\":\"https:\/\/vitaminai.lt\/produktai\/\"},{\"@type\":\"ListItem\",\"position\":3,\"name\":\"Augalini\u0173 polifenoli\u0173 kompleksas TOP 4 HERBS N30\"}]},{\"@type\":\"WebSite\",\"@id\":\"https:\/\/vitaminai.lt\/#website\",\"url\":\"https:\/\/vitaminai.lt\/\",\"name\":\"Vitaminai ir maisto papildai internetu | Vitaminai.lt\",\"description\":\"\",\"publisher\":{\"@id\":\"https:\/\/vitaminai.lt\/#organization\"},\"potentialAction\":[{\"@type\":\"SearchAction\",\"target\":{\"@type\":\"EntryPoint\",\"urlTemplate\":\"https:\/\/vitaminai.lt\/?s={search_term_string}\"},\"query-input\":{\"@type\":\"PropertyValueSpecification\",\"valueRequired\":true,\"valueName\":\"search_term_string\"}}],\"inLanguage\":\"en-US\"},{\"@type\":\"Organization\",\"@id\":\"https:\/\/vitaminai.lt\/#organization\",\"name\":\"Vitaminai ir maisto papildai internetu | Vitaminai.lt\",\"url\":\"https:\/\/vitaminai.lt\/\",\"logo\":{\"@type\":\"ImageObject\",\"inLanguage\":\"en-US\",\"@id\":\"https:\/\/vitaminai.lt\/#\/schema\/logo\/image\/\",\"url\":\"https:\/\/vitaminai.lt\/wp-content\/uploads\/2025\/01\/g212.png\",\"contentUrl\":\"https:\/\/vitaminai.lt\/wp-content\/uploads\/2025\/01\/g212.png\",\"width\":313,\"height\":74,\"caption\":\"Vitaminai ir maisto papildai internetu | Vitaminai.lt\"},\"image\":{\"@id\":\"https:\/\/vitaminai.lt\/#\/schema\/logo\/image\/\"},\"sameAs\":[\"https:\/\/www.facebook.com\/vitaminai\/\"]}]}<\/script>\n<!-- \/ Yoast SEO plugin. -->","yoast_head_json":{"title":"Augalini\u0173 polifenoli\u0173 kompleksas TOP 4 HERBS N30 - Vitaminai ir maisto papildai internetu | Vitaminai.lt","robots":{"index":"index","follow":"follow","max-snippet":"max-snippet:-1","max-image-preview":"max-image-preview:large","max-video-preview":"max-video-preview:-1"},"canonical":"https:\/\/vitaminai.lt\/produktas\/top-4-herbs-n30\/","og_locale":"en_US","og_type":"article","og_title":"Augalini\u0173 polifenoli\u0173 kompleksas TOP 4 HERBS N30 - Vitaminai ir maisto papildai internetu | Vitaminai.lt","og_description":"TOP 4 HERBS Maisto papildas | 30 table\u010di\u0173 | Nat\u016bralus augalini\u0173 polifenoli\u0173 kompleksas TOP 4 HERBS \u2013 tai maisto papildas, kurio sud\u0117tyje derinami keturi augalin\u0117s kilm\u0117s ingredientai: brokoli\u0173 \u017eiedyn\u0173 ir \u017eiedko\u010di\u0173 ekstraktas, paprast\u0173j\u0173 granatmed\u017ei\u0173 vaisi\u0173 \u017eieveli\u0173 ekstraktas, da\u017eini\u0173 ciber\u017eoli\u0173 \u0161akn\u0173 ekstraktas ir \u017ealiosios arbatos lap\u0173 ekstraktas. \u0160ie augalai tradici\u0161kai vartojami mityboje ir vertinami d\u0117l savo [&hellip;]","og_url":"https:\/\/vitaminai.lt\/produktas\/top-4-herbs-n30\/","og_site_name":"Vitaminai ir maisto papildai internetu | Vitaminai.lt","article_publisher":"https:\/\/www.facebook.com\/vitaminai\/","article_modified_time":"2026-04-08T08:25:18+00:00","og_image":[{"width":1500,"height":1455,"url":"https:\/\/vitaminai.lt\/wp-content\/uploads\/2024\/06\/Top-4-herbs_kita-puse.png","type":"image\/png"}],"twitter_card":"summary_large_image","twitter_misc":{"Est. reading time":"2 minutes"},"schema":{"@context":"https:\/\/schema.org","@graph":[{"@type":"WebPage","@id":"https:\/\/vitaminai.lt\/produktas\/top-4-herbs-n30\/","url":"https:\/\/vitaminai.lt\/produktas\/top-4-herbs-n30\/","name":"Augalini\u0173 polifenoli\u0173 kompleksas TOP 4 HERBS N30 - Vitaminai ir maisto papildai internetu | Vitaminai.lt","isPartOf":{"@id":"https:\/\/vitaminai.lt\/#website"},"primaryImageOfPage":{"@id":"https:\/\/vitaminai.lt\/produktas\/top-4-herbs-n30\/#primaryimage"},"image":{"@id":"https:\/\/vitaminai.lt\/produktas\/top-4-herbs-n30\/#primaryimage"},"thumbnailUrl":"https:\/\/vitaminai.lt\/wp-content\/uploads\/2024\/06\/Top-4-herbs_kita-puse.png","datePublished":"2024-06-11T08:09:26+00:00","dateModified":"2026-04-08T08:25:18+00:00","breadcrumb":{"@id":"https:\/\/vitaminai.lt\/produktas\/top-4-herbs-n30\/#breadcrumb"},"inLanguage":"en-US","potentialAction":[{"@type":"ReadAction","target":["https:\/\/vitaminai.lt\/produktas\/top-4-herbs-n30\/"]}]},{"@type":"ImageObject","inLanguage":"en-US","@id":"https:\/\/vitaminai.lt\/produktas\/top-4-herbs-n30\/#primaryimage","url":"https:\/\/vitaminai.lt\/wp-content\/uploads\/2024\/06\/Top-4-herbs_kita-puse.png","contentUrl":"https:\/\/vitaminai.lt\/wp-content\/uploads\/2024\/06\/Top-4-herbs_kita-puse.png","width":1500,"height":1455},{"@type":"BreadcrumbList","@id":"https:\/\/vitaminai.lt\/produktas\/top-4-herbs-n30\/#breadcrumb","itemListElement":[{"@type":"ListItem","position":1,"name":"Home","item":"https:\/\/vitaminai.lt\/"},{"@type":"ListItem","position":2,"name":"Produktai","item":"https:\/\/vitaminai.lt\/produktai\/"},{"@type":"ListItem","position":3,"name":"Augalini\u0173 polifenoli\u0173 kompleksas TOP 4 HERBS N30"}]},{"@type":"WebSite","@id":"https:\/\/vitaminai.lt\/#website","url":"https:\/\/vitaminai.lt\/","name":"Vitaminai ir maisto papildai internetu | Vitaminai.lt","description":"","publisher":{"@id":"https:\/\/vitaminai.lt\/#organization"},"potentialAction":[{"@type":"SearchAction","target":{"@type":"EntryPoint","urlTemplate":"https:\/\/vitaminai.lt\/?s={search_term_string}"},"query-input":{"@type":"PropertyValueSpecification","valueRequired":true,"valueName":"search_term_string"}}],"inLanguage":"en-US"},{"@type":"Organization","@id":"https:\/\/vitaminai.lt\/#organization","name":"Vitaminai ir maisto papildai internetu | Vitaminai.lt","url":"https:\/\/vitaminai.lt\/","logo":{"@type":"ImageObject","inLanguage":"en-US","@id":"https:\/\/vitaminai.lt\/#\/schema\/logo\/image\/","url":"https:\/\/vitaminai.lt\/wp-content\/uploads\/2025\/01\/g212.png","contentUrl":"https:\/\/vitaminai.lt\/wp-content\/uploads\/2025\/01\/g212.png","width":313,"height":74,"caption":"Vitaminai ir maisto papildai internetu | Vitaminai.lt"},"image":{"@id":"https:\/\/vitaminai.lt\/#\/schema\/logo\/image\/"},"sameAs":["https:\/\/www.facebook.com\/vitaminai\/"]}]}},"_links":{"self":[{"href":"https:\/\/vitaminai.lt\/en\/wp-json\/wp\/v2\/product\/132","targetHints":{"allow":["GET"]}}],"collection":[{"href":"https:\/\/vitaminai.lt\/en\/wp-json\/wp\/v2\/product"}],"about":[{"href":"https:\/\/vitaminai.lt\/en\/wp-json\/wp\/v2\/types\/product"}],"replies":[{"embeddable":true,"href":"https:\/\/vitaminai.lt\/en\/wp-json\/wp\/v2\/comments?post=132"}],"wp:featuredmedia":[{"embeddable":true,"href":"https:\/\/vitaminai.lt\/en\/wp-json\/wp\/v2\/media\/128"}],"wp:attachment":[{"href":"https:\/\/vitaminai.lt\/en\/wp-json\/wp\/v2\/media?parent=132"}],"wp:term":[{"taxonomy":"product_brand","embeddable":true,"href":"https:\/\/vitaminai.lt\/en\/wp-json\/wp\/v2\/product_brand?post=132"},{"taxonomy":"product_cat","embeddable":true,"href":"https:\/\/vitaminai.lt\/en\/wp-json\/wp\/v2\/product_cat?post=132"},{"taxonomy":"product_tag","embeddable":true,"href":"https:\/\/vitaminai.lt\/en\/wp-json\/wp\/v2\/product_tag?post=132"}],"curies":[{"name":"wp","href":"https:\/\/api.w.org\/{rel}","templated":true}]}}