{"id":134,"date":"2024-06-11T08:13:12","date_gmt":"2024-06-11T08:13:12","guid":{"rendered":"https:\/\/vitaminai.lt\/?post_type=product&#038;p=134"},"modified":"2026-04-08T10:25:17","modified_gmt":"2026-04-08T08:25:17","slug":"vitaminas-c-500-mg-n30","status":"publish","type":"product","link":"https:\/\/vitaminai.lt\/en\/produktas\/vitaminas-c-500-mg-n30\/","title":{"rendered":"Vitaminas C PROLONG 500 mg N30"},"content":{"rendered":"<article class=\"text-token-text-primary w-full\" dir=\"auto\" data-testid=\"conversation-turn-300\" data-scroll-anchor=\"true\">\n<div class=\"text-base my-auto mx-auto py-5 [--thread-content-margin:--spacing(4)] @[37rem]:[--thread-content-margin:--spacing(6)] @[72rem]:[--thread-content-margin:--spacing(16)] px-(--thread-content-margin)\">\n<div class=\"[--thread-content-max-width:32rem] @[34rem]:[--thread-content-max-width:40rem] @[64rem]:[--thread-content-max-width:48rem] mx-auto flex max-w-(--thread-content-max-width) flex-1 text-base gap-4 md:gap-5 lg:gap-6 group\/turn-messages focus-visible:outline-hidden\" tabindex=\"-1\">\n<div class=\"group\/conversation-turn relative flex w-full min-w-0 flex-col agent-turn\">\n<div class=\"relative flex-col gap-1 md:gap-3\">\n<div class=\"flex max-w-full flex-col grow\">\n<div class=\"min-h-8 text-message relative flex w-full flex-col items-end gap-2 text-start break-words whitespace-normal [.text-message+&amp;]:mt-5\" dir=\"auto\" data-message-author-role=\"assistant\" data-message-id=\"69bbc317-fd08-4a7c-adbc-bae337c6deac\" data-message-model-slug=\"gpt-4o\">\n<div class=\"flex w-full flex-col gap-1 empty:hidden first:pt-[3px]\">\n<div class=\"markdown prose dark:prose-invert w-full break-words light\">\n<h3 data-start=\"112\" data-end=\"147\">VITAMINAS C SU BIOFLAVONOIDAIS<\/h3>\n<p data-start=\"148\" data-end=\"181\"><strong data-start=\"148\" data-end=\"181\">Maisto papildas | 30 table\u010di\u0173<\/strong><\/p>\n<hr \/>\n<p data-start=\"188\" data-end=\"555\"><strong>Vitaminas C su bioflavonoidais<\/strong> \u2013 tai maisto papildas, skirtas kasdien\u0117s mitybos papildymui. Tablet\u0117je esantis vitaminas C i\u0161siskiria l\u0117tai, tod\u0117l yra u\u017etikrinamas ilgalaikis ir tolygus jo pasisavinimas per ne trumpesn\u012f nei 4 valand\u0173 laikotarp\u012f. Sud\u0117tyje esantis vitaminas C ir augalin\u0117s kilm\u0117s bioflavonoidai papildo produkto formul\u0119.<\/p>\n<hr data-start=\"557\" data-end=\"560\" \/>\n<p data-start=\"562\" data-end=\"591\"><strong>Pagrindiniai privalumai:<\/strong><\/p>\n<p data-start=\"2030\" data-end=\"2124\"><strong data-start=\"2030\" data-end=\"2058\">Imunin\u0117s sistemos veikla<\/strong> \u2013 vitaminas C padeda palaikyti normali\u0105 imunin\u0117s sistemos veikl\u0105.<\/p>\n<p data-start=\"2126\" data-end=\"2228\"><strong data-start=\"2126\" data-end=\"2162\">Apsauga nuo oksidacin\u0117s pa\u017eaidos<\/strong> \u2013 vitaminas C padeda apsaugoti l\u0105steles nuo oksidacin\u0117s pa\u017eaidos.<\/p>\n<p data-start=\"2230\" data-end=\"2383\"><strong data-start=\"2230\" data-end=\"2275\">Energijos apykaita ir nuovargio ma\u017einimas<\/strong> \u2013 vitaminas C padeda palaikyti normali\u0105 energijos apykait\u0105 ir padeda ma\u017einti nuovarg\u012f bei pavargimo jausm\u0105.<\/p>\n<p data-start=\"2385\" data-end=\"2524\"><strong data-start=\"2385\" data-end=\"2427\">Nerv\u0173 sistema ir psichologin\u0117 funkcija<\/strong> \u2013 vitaminas C padeda palaikyti normali\u0105 nerv\u0173 sistemos veikl\u0105 ir normali\u0105 psichologin\u0119 funkcij\u0105.<\/p>\n<p data-start=\"2526\" data-end=\"2696\"><strong data-start=\"2526\" data-end=\"2550\">Kolageno susidarymas<\/strong> \u2013 vitaminas C padeda palaikyti normal\u0173 kolageno susidarym\u0105, reikaling\u0105 normaliai odos, kraujagysli\u0173, kaul\u0173, kremzli\u0173, dant\u0173 ir danten\u0173 funkcijai.<\/p>\n<hr \/>\n<p data-start=\"2698\" data-end=\"2752\"><strong>Kod\u0117l verta rinktis Vitamin\u0105 C su bioflavonoidais?<\/strong><\/p>\n<p data-start=\"2756\" data-end=\"2806\">Vitamino C \u0161altinis kasdien\u0117s mitybos papildymui.<\/p>\n<p data-start=\"2809\" data-end=\"2853\">Papildyta augalin\u0117s kilm\u0117s bioflavonoidais.<\/p>\n<p data-start=\"2856\" data-end=\"2894\">Be dirbtini\u0173 da\u017eikli\u0173 ir konservant\u0173.<\/p>\n<p data-start=\"2897\" data-end=\"2921\">Patogu vartoti kasdien.<\/p>\n<\/div>\n<\/div>\n<\/div>\n<\/div>\n<\/div>\n<\/div>\n<\/div>\n<\/div>\n<\/article>\n","protected":false},"excerpt":{"rendered":"<p>VITAMINAS C SU BIOFLAVONOIDAIS Maisto papildas | 30 table\u010di\u0173 Vitaminas C su bioflavonoidais \u2013 tai maisto papildas, skirtas kasdien\u0117s mitybos papildymui. Tablet\u0117je esantis vitaminas C i\u0161siskiria l\u0117tai, tod\u0117l yra u\u017etikrinamas ilgalaikis ir tolygus jo pasisavinimas per ne trumpesn\u012f nei 4 valand\u0173 laikotarp\u012f. Sud\u0117tyje esantis vitaminas C ir augalin\u0117s kilm\u0117s bioflavonoidai papildo produkto formul\u0119. Pagrindiniai privalumai: [&hellip;]<\/p>\n","protected":false},"featured_media":842,"comment_status":"open","ping_status":"closed","template":"","meta":[],"product_brand":[],"product_cat":[403,254,311,278,272,276,277,257,294,368,33,40,243,244,245,247,248,249,20,26,32,25,174,165,59,152,18,29,23,31,19,30,34,62,141,96],"product_tag":[],"class_list":{"0":"post-134","1":"product","2":"type-product","3":"status-publish","4":"has-post-thumbnail","6":"product_cat-11-viskam","7":"product_cat-akcijos","8":"product_cat-antioksidantas","9":"product_cat-energijos-apykaitai","10":"product_cat-imuninei-sistemai","11":"product_cat-nervu-sistemai-privalumai","12":"product_cat-nuovargio-mazinimui-privalumai","13":"product_cat-privalumai","14":"product_cat-psichologinei-funkcijai-privalumai","15":"product_cat-sportuojantiems-pagrindines-kategorijos","16":"product_cat-maisto-papildo-forma","17":"product_cat-tabletes","18":"product_cat-pagrindines-kategorijos","19":"product_cat-moterims","20":"product_cat-vyrams","21":"product_cat-energijai-pagrindines-kategorijos","22":"product_cat-imunitetui-pagrindines-kategorijos","23":"product_cat-nervu-sistemai-pagrindines-kategorijos","24":"product_cat-paskirtis","25":"product_cat-energijai","26":"product_cat-imunitetui","27":"product_cat-nervu-sistemai","28":"product_cat-organizmo-apsaugai","29":"product_cat-psichologinei-funkcijai","30":"product_cat-sportuojantiems","31":"product_cat-susirgus","32":"product_cat-vartotojas","33":"product_cat-moterys","34":"product_cat-paaugliai","35":"product_cat-senjorai","36":"product_cat-vaikai","37":"product_cat-vyrai","38":"product_cat-veiklioji-medziaga","39":"product_cat-antioksidantai","40":"product_cat-citrusiniu-vaisiu-biflavanoidai","41":"product_cat-vitaminas-c","43":"first","44":"instock","45":"sale","46":"shipping-taxable","47":"purchasable","48":"product-type-simple"},"yoast_head":"<!-- This site is optimized with the Yoast SEO plugin v26.6 - https:\/\/yoast.com\/wordpress\/plugins\/seo\/ -->\n<title>Vitaminas C PROLONG 500 mg N30 - Vitaminai ir maisto papildai internetu | Vitaminai.lt<\/title>\n<meta name=\"robots\" content=\"index, follow, max-snippet:-1, max-image-preview:large, max-video-preview:-1\" \/>\n<link rel=\"canonical\" href=\"https:\/\/vitaminai.lt\/produktas\/vitaminas-c-500-mg-n30\/\" \/>\n<meta property=\"og:locale\" content=\"en_US\" \/>\n<meta property=\"og:type\" content=\"article\" \/>\n<meta property=\"og:title\" content=\"Vitaminas C PROLONG 500 mg N30 - Vitaminai ir maisto papildai internetu | Vitaminai.lt\" \/>\n<meta property=\"og:description\" content=\"VITAMINAS C SU BIOFLAVONOIDAIS Maisto papildas | 30 table\u010di\u0173 Vitaminas C su bioflavonoidais \u2013 tai maisto papildas, skirtas kasdien\u0117s mitybos papildymui. Tablet\u0117je esantis vitaminas C i\u0161siskiria l\u0117tai, tod\u0117l yra u\u017etikrinamas ilgalaikis ir tolygus jo pasisavinimas per ne trumpesn\u012f nei 4 valand\u0173 laikotarp\u012f. Sud\u0117tyje esantis vitaminas C ir augalin\u0117s kilm\u0117s bioflavonoidai papildo produkto formul\u0119. Pagrindiniai privalumai: [&hellip;]\" \/>\n<meta property=\"og:url\" content=\"https:\/\/vitaminai.lt\/produktas\/vitaminas-c-500-mg-n30\/\" \/>\n<meta property=\"og:site_name\" content=\"Vitaminai ir maisto papildai internetu | Vitaminai.lt\" \/>\n<meta property=\"article:publisher\" content=\"https:\/\/www.facebook.com\/vitaminai\/\" \/>\n<meta property=\"article:modified_time\" content=\"2026-04-08T08:25:17+00:00\" \/>\n<meta property=\"og:image\" content=\"https:\/\/vitaminai.lt\/wp-content\/uploads\/2024\/06\/Vitaminas-C-5pro-long_kita-puse-1.png\" \/>\n\t<meta property=\"og:image:width\" content=\"1500\" \/>\n\t<meta property=\"og:image:height\" content=\"1455\" \/>\n\t<meta property=\"og:image:type\" content=\"image\/png\" \/>\n<meta name=\"twitter:card\" content=\"summary_large_image\" \/>\n<meta name=\"twitter:label1\" content=\"Est. reading time\" \/>\n\t<meta name=\"twitter:data1\" content=\"2 minutes\" \/>\n<script type=\"application\/ld+json\" class=\"yoast-schema-graph\">{\"@context\":\"https:\/\/schema.org\",\"@graph\":[{\"@type\":\"WebPage\",\"@id\":\"https:\/\/vitaminai.lt\/produktas\/vitaminas-c-500-mg-n30\/\",\"url\":\"https:\/\/vitaminai.lt\/produktas\/vitaminas-c-500-mg-n30\/\",\"name\":\"Vitaminas C PROLONG 500 mg N30 - Vitaminai ir maisto papildai internetu | Vitaminai.lt\",\"isPartOf\":{\"@id\":\"https:\/\/vitaminai.lt\/#website\"},\"primaryImageOfPage\":{\"@id\":\"https:\/\/vitaminai.lt\/produktas\/vitaminas-c-500-mg-n30\/#primaryimage\"},\"image\":{\"@id\":\"https:\/\/vitaminai.lt\/produktas\/vitaminas-c-500-mg-n30\/#primaryimage\"},\"thumbnailUrl\":\"https:\/\/vitaminai.lt\/wp-content\/uploads\/2024\/06\/Vitaminas-C-5pro-long_kita-puse-1.png\",\"datePublished\":\"2024-06-11T08:13:12+00:00\",\"dateModified\":\"2026-04-08T08:25:17+00:00\",\"breadcrumb\":{\"@id\":\"https:\/\/vitaminai.lt\/produktas\/vitaminas-c-500-mg-n30\/#breadcrumb\"},\"inLanguage\":\"en-US\",\"potentialAction\":[{\"@type\":\"ReadAction\",\"target\":[\"https:\/\/vitaminai.lt\/produktas\/vitaminas-c-500-mg-n30\/\"]}]},{\"@type\":\"ImageObject\",\"inLanguage\":\"en-US\",\"@id\":\"https:\/\/vitaminai.lt\/produktas\/vitaminas-c-500-mg-n30\/#primaryimage\",\"url\":\"https:\/\/vitaminai.lt\/wp-content\/uploads\/2024\/06\/Vitaminas-C-5pro-long_kita-puse-1.png\",\"contentUrl\":\"https:\/\/vitaminai.lt\/wp-content\/uploads\/2024\/06\/Vitaminas-C-5pro-long_kita-puse-1.png\",\"width\":1500,\"height\":1455},{\"@type\":\"BreadcrumbList\",\"@id\":\"https:\/\/vitaminai.lt\/produktas\/vitaminas-c-500-mg-n30\/#breadcrumb\",\"itemListElement\":[{\"@type\":\"ListItem\",\"position\":1,\"name\":\"Home\",\"item\":\"https:\/\/vitaminai.lt\/\"},{\"@type\":\"ListItem\",\"position\":2,\"name\":\"Produktai\",\"item\":\"https:\/\/vitaminai.lt\/produktai\/\"},{\"@type\":\"ListItem\",\"position\":3,\"name\":\"Vitaminas C PROLONG 500 mg N30\"}]},{\"@type\":\"WebSite\",\"@id\":\"https:\/\/vitaminai.lt\/#website\",\"url\":\"https:\/\/vitaminai.lt\/\",\"name\":\"Vitaminai ir maisto papildai internetu | Vitaminai.lt\",\"description\":\"\",\"publisher\":{\"@id\":\"https:\/\/vitaminai.lt\/#organization\"},\"potentialAction\":[{\"@type\":\"SearchAction\",\"target\":{\"@type\":\"EntryPoint\",\"urlTemplate\":\"https:\/\/vitaminai.lt\/?s={search_term_string}\"},\"query-input\":{\"@type\":\"PropertyValueSpecification\",\"valueRequired\":true,\"valueName\":\"search_term_string\"}}],\"inLanguage\":\"en-US\"},{\"@type\":\"Organization\",\"@id\":\"https:\/\/vitaminai.lt\/#organization\",\"name\":\"Vitaminai ir maisto papildai internetu | Vitaminai.lt\",\"url\":\"https:\/\/vitaminai.lt\/\",\"logo\":{\"@type\":\"ImageObject\",\"inLanguage\":\"en-US\",\"@id\":\"https:\/\/vitaminai.lt\/#\/schema\/logo\/image\/\",\"url\":\"https:\/\/vitaminai.lt\/wp-content\/uploads\/2025\/01\/g212.png\",\"contentUrl\":\"https:\/\/vitaminai.lt\/wp-content\/uploads\/2025\/01\/g212.png\",\"width\":313,\"height\":74,\"caption\":\"Vitaminai ir maisto papildai internetu | Vitaminai.lt\"},\"image\":{\"@id\":\"https:\/\/vitaminai.lt\/#\/schema\/logo\/image\/\"},\"sameAs\":[\"https:\/\/www.facebook.com\/vitaminai\/\"]}]}<\/script>\n<!-- \/ Yoast SEO plugin. -->","yoast_head_json":{"title":"Vitaminas C PROLONG 500 mg N30 - Vitaminai ir maisto papildai internetu | Vitaminai.lt","robots":{"index":"index","follow":"follow","max-snippet":"max-snippet:-1","max-image-preview":"max-image-preview:large","max-video-preview":"max-video-preview:-1"},"canonical":"https:\/\/vitaminai.lt\/produktas\/vitaminas-c-500-mg-n30\/","og_locale":"en_US","og_type":"article","og_title":"Vitaminas C PROLONG 500 mg N30 - Vitaminai ir maisto papildai internetu | Vitaminai.lt","og_description":"VITAMINAS C SU BIOFLAVONOIDAIS Maisto papildas | 30 table\u010di\u0173 Vitaminas C su bioflavonoidais \u2013 tai maisto papildas, skirtas kasdien\u0117s mitybos papildymui. Tablet\u0117je esantis vitaminas C i\u0161siskiria l\u0117tai, tod\u0117l yra u\u017etikrinamas ilgalaikis ir tolygus jo pasisavinimas per ne trumpesn\u012f nei 4 valand\u0173 laikotarp\u012f. Sud\u0117tyje esantis vitaminas C ir augalin\u0117s kilm\u0117s bioflavonoidai papildo produkto formul\u0119. Pagrindiniai privalumai: [&hellip;]","og_url":"https:\/\/vitaminai.lt\/produktas\/vitaminas-c-500-mg-n30\/","og_site_name":"Vitaminai ir maisto papildai internetu | Vitaminai.lt","article_publisher":"https:\/\/www.facebook.com\/vitaminai\/","article_modified_time":"2026-04-08T08:25:17+00:00","og_image":[{"width":1500,"height":1455,"url":"https:\/\/vitaminai.lt\/wp-content\/uploads\/2024\/06\/Vitaminas-C-5pro-long_kita-puse-1.png","type":"image\/png"}],"twitter_card":"summary_large_image","twitter_misc":{"Est. reading time":"2 minutes"},"schema":{"@context":"https:\/\/schema.org","@graph":[{"@type":"WebPage","@id":"https:\/\/vitaminai.lt\/produktas\/vitaminas-c-500-mg-n30\/","url":"https:\/\/vitaminai.lt\/produktas\/vitaminas-c-500-mg-n30\/","name":"Vitaminas C PROLONG 500 mg N30 - Vitaminai ir maisto papildai internetu | Vitaminai.lt","isPartOf":{"@id":"https:\/\/vitaminai.lt\/#website"},"primaryImageOfPage":{"@id":"https:\/\/vitaminai.lt\/produktas\/vitaminas-c-500-mg-n30\/#primaryimage"},"image":{"@id":"https:\/\/vitaminai.lt\/produktas\/vitaminas-c-500-mg-n30\/#primaryimage"},"thumbnailUrl":"https:\/\/vitaminai.lt\/wp-content\/uploads\/2024\/06\/Vitaminas-C-5pro-long_kita-puse-1.png","datePublished":"2024-06-11T08:13:12+00:00","dateModified":"2026-04-08T08:25:17+00:00","breadcrumb":{"@id":"https:\/\/vitaminai.lt\/produktas\/vitaminas-c-500-mg-n30\/#breadcrumb"},"inLanguage":"en-US","potentialAction":[{"@type":"ReadAction","target":["https:\/\/vitaminai.lt\/produktas\/vitaminas-c-500-mg-n30\/"]}]},{"@type":"ImageObject","inLanguage":"en-US","@id":"https:\/\/vitaminai.lt\/produktas\/vitaminas-c-500-mg-n30\/#primaryimage","url":"https:\/\/vitaminai.lt\/wp-content\/uploads\/2024\/06\/Vitaminas-C-5pro-long_kita-puse-1.png","contentUrl":"https:\/\/vitaminai.lt\/wp-content\/uploads\/2024\/06\/Vitaminas-C-5pro-long_kita-puse-1.png","width":1500,"height":1455},{"@type":"BreadcrumbList","@id":"https:\/\/vitaminai.lt\/produktas\/vitaminas-c-500-mg-n30\/#breadcrumb","itemListElement":[{"@type":"ListItem","position":1,"name":"Home","item":"https:\/\/vitaminai.lt\/"},{"@type":"ListItem","position":2,"name":"Produktai","item":"https:\/\/vitaminai.lt\/produktai\/"},{"@type":"ListItem","position":3,"name":"Vitaminas C PROLONG 500 mg N30"}]},{"@type":"WebSite","@id":"https:\/\/vitaminai.lt\/#website","url":"https:\/\/vitaminai.lt\/","name":"Vitaminai ir maisto papildai internetu | Vitaminai.lt","description":"","publisher":{"@id":"https:\/\/vitaminai.lt\/#organization"},"potentialAction":[{"@type":"SearchAction","target":{"@type":"EntryPoint","urlTemplate":"https:\/\/vitaminai.lt\/?s={search_term_string}"},"query-input":{"@type":"PropertyValueSpecification","valueRequired":true,"valueName":"search_term_string"}}],"inLanguage":"en-US"},{"@type":"Organization","@id":"https:\/\/vitaminai.lt\/#organization","name":"Vitaminai ir maisto papildai internetu | Vitaminai.lt","url":"https:\/\/vitaminai.lt\/","logo":{"@type":"ImageObject","inLanguage":"en-US","@id":"https:\/\/vitaminai.lt\/#\/schema\/logo\/image\/","url":"https:\/\/vitaminai.lt\/wp-content\/uploads\/2025\/01\/g212.png","contentUrl":"https:\/\/vitaminai.lt\/wp-content\/uploads\/2025\/01\/g212.png","width":313,"height":74,"caption":"Vitaminai ir maisto papildai internetu | Vitaminai.lt"},"image":{"@id":"https:\/\/vitaminai.lt\/#\/schema\/logo\/image\/"},"sameAs":["https:\/\/www.facebook.com\/vitaminai\/"]}]}},"_links":{"self":[{"href":"https:\/\/vitaminai.lt\/en\/wp-json\/wp\/v2\/product\/134","targetHints":{"allow":["GET"]}}],"collection":[{"href":"https:\/\/vitaminai.lt\/en\/wp-json\/wp\/v2\/product"}],"about":[{"href":"https:\/\/vitaminai.lt\/en\/wp-json\/wp\/v2\/types\/product"}],"replies":[{"embeddable":true,"href":"https:\/\/vitaminai.lt\/en\/wp-json\/wp\/v2\/comments?post=134"}],"wp:featuredmedia":[{"embeddable":true,"href":"https:\/\/vitaminai.lt\/en\/wp-json\/wp\/v2\/media\/842"}],"wp:attachment":[{"href":"https:\/\/vitaminai.lt\/en\/wp-json\/wp\/v2\/media?parent=134"}],"wp:term":[{"taxonomy":"product_brand","embeddable":true,"href":"https:\/\/vitaminai.lt\/en\/wp-json\/wp\/v2\/product_brand?post=134"},{"taxonomy":"product_cat","embeddable":true,"href":"https:\/\/vitaminai.lt\/en\/wp-json\/wp\/v2\/product_cat?post=134"},{"taxonomy":"product_tag","embeddable":true,"href":"https:\/\/vitaminai.lt\/en\/wp-json\/wp\/v2\/product_tag?post=134"}],"curies":[{"name":"wp","href":"https:\/\/api.w.org\/{rel}","templated":true}]}}