{"id":136,"date":"2024-06-11T08:28:12","date_gmt":"2024-06-11T08:28:12","guid":{"rendered":"https:\/\/vitaminai.lt\/?post_type=product&#038;p=136"},"modified":"2026-04-07T12:51:14","modified_gmt":"2026-04-07T10:51:14","slug":"daily-detox-n14","status":"publish","type":"product","link":"https:\/\/vitaminai.lt\/en\/produktas\/daily-detox-n14\/","title":{"rendered":"Skystas maisto papildas DAILY DETOX N14"},"content":{"rendered":"<h3 data-start=\"112\" data-end=\"220\"><strong data-start=\"112\" data-end=\"132\">DAILY DETOX SHOT<\/strong><\/h3>\n<h4 data-start=\"112\" data-end=\"220\"><strong data-start=\"135\" data-end=\"220\">Maisto papildas | 14 buteliuk\u0173 po 25 ml | Skystas maisto papildas su saldikliais<\/strong><\/h4>\n<hr \/>\n<p data-start=\"161\" data-end=\"434\"><strong data-start=\"161\" data-end=\"181\">Daily Detox Shot<\/strong> \u2013 maisto papildas su augalin\u0117s kilm\u0117s ingredientais, skirtas kasdien\u0117s mitybos papildymui. Produktas sukurtas sujungiant kruop\u0161\u010diai atrinkt\u0173 augal\u0173 ekstraktus, kurie pla\u010diai naudojami maisto papild\u0173 sud\u0117tyje ir vertinami d\u0117l savo nat\u016bralios kilm\u0117s.<\/p>\n<hr \/>\n<p data-start=\"436\" data-end=\"749\">Sud\u0117tyje esantys <strong data-start=\"453\" data-end=\"568\">tikr\u0173j\u0173 arti\u0161ok\u0173, paprast\u0173j\u0173 kiaulpieni\u0173, tikr\u0173j\u0173 margaini\u0173, vaistini\u0173 \u0161alavij\u0173 ir vaistini\u0173 ramuni\u0173 ekstraktai<\/strong> papildo kasdien\u0119 mityb\u0105 augalin\u0117s kilm\u0117s komponentais. Subalansuota formul\u0117 leid\u017eia patogiai vartoti \u0161\u012f produkt\u0105 kartu su \u012fvairia ir subalansuota mityba.<\/p>\n<hr \/>\n<p data-start=\"751\" data-end=\"860\">Produktas skirtas suaugusiesiems, kurie renkasi <strong data-start=\"799\" data-end=\"832\">augalin\u0117s kilm\u0117s ingredientus<\/strong> ir s\u0105moning\u0105 gyvenimo b\u016bd\u0105.<\/p>\n","protected":false},"excerpt":{"rendered":"<p>DAILY DETOX SHOT Maisto papildas | 14 buteliuk\u0173 po 25 ml | Skystas maisto papildas su saldikliais Daily Detox Shot \u2013 maisto papildas su augalin\u0117s kilm\u0117s ingredientais, skirtas kasdien\u0117s mitybos papildymui. Produktas sukurtas sujungiant kruop\u0161\u010diai atrinkt\u0173 augal\u0173 ekstraktus, kurie pla\u010diai naudojami maisto papild\u0173 sud\u0117tyje ir vertinami d\u0117l savo nat\u016bralios kilm\u0117s. Sud\u0117tyje esantys tikr\u0173j\u0173 arti\u0161ok\u0173, paprast\u0173j\u0173 [&hellip;]<\/p>\n","protected":false},"featured_media":145,"comment_status":"open","ping_status":"closed","template":"","meta":[],"product_brand":[],"product_cat":[403,373,282,375,371,370,257,290,313,312,281,369,397,310,33,41,243,244,245,252,253,20,46,47,32,22,49,52,54,55,28,150,60,139,18,29,23,31,30,34,109,107,106,112,108,113,111,110],"product_tag":[],"class_list":{"0":"post-136","1":"product","2":"type-product","3":"status-publish","4":"has-post-thumbnail","6":"product_cat-11-viskam","7":"product_cat-kepenims-pagrindines-kategorijos","8":"product_cat-kepenu-funkcijai","9":"product_cat-menesio-prekes","10":"product_cat-nagams-pagrindines-kategorijos","11":"product_cat-organizmo-valymui-pagrindines-kategorijos","12":"product_cat-privalumai","13":"product_cat-sirdies-veiklai","14":"product_cat-skrandzio-veiklai","15":"product_cat-svorio-mazinimui-privalumai","16":"product_cat-virskinimo-sistemai","17":"product_cat-virskinimui-pagrindines-kategorijos","18":"product_cat-virskinimui-2","19":"product_cat-zarnyno-veiklai","20":"product_cat-maisto-papildo-forma","21":"product_cat-skystieji-maisto-papildai","22":"product_cat-pagrindines-kategorijos","23":"product_cat-moterims","24":"product_cat-vyrams","25":"product_cat-odai-pagrindines-kategorijos","26":"product_cat-plaukams-pagrindines-kategorijos","27":"product_cat-paskirtis","28":"product_cat-detoksikacijai","29":"product_cat-groziui","30":"product_cat-imunitetui","31":"product_cat-kepenims","32":"product_cat-lieknejimui","33":"product_cat-nagams","34":"product_cat-odai","35":"product_cat-plaukams","36":"product_cat-sirdziai-paskirtis","37":"product_cat-svorio-mazinimui","38":"product_cat-virskinimui","39":"product_cat-zarnynui","40":"product_cat-vartotojas","41":"product_cat-moterys","42":"product_cat-paaugliai","43":"product_cat-senjorai","44":"product_cat-vyrai","45":"product_cat-veiklioji-medziaga","46":"product_cat-ananasas","47":"product_cat-juodieji-ridikai","48":"product_cat-juodieji-serbentai","49":"product_cat-paprastoji-kiaulpiene","50":"product_cat-tikrasis-artisokas","51":"product_cat-tikrasis-margainis","52":"product_cat-vaistine-ramune","53":"product_cat-vaistinis-salavijas","55":"first","56":"instock","57":"shipping-taxable","58":"purchasable","59":"product-type-simple"},"yoast_head":"<!-- This site is optimized with the Yoast SEO plugin v26.6 - https:\/\/yoast.com\/wordpress\/plugins\/seo\/ -->\n<title>Skystas maisto papildas DAILY DETOX N14 - Vitaminai ir maisto papildai internetu | Vitaminai.lt<\/title>\n<meta name=\"robots\" content=\"index, follow, max-snippet:-1, max-image-preview:large, max-video-preview:-1\" \/>\n<link rel=\"canonical\" href=\"https:\/\/vitaminai.lt\/produktas\/daily-detox-n14\/\" \/>\n<meta property=\"og:locale\" content=\"en_US\" \/>\n<meta property=\"og:type\" content=\"article\" \/>\n<meta property=\"og:title\" content=\"Skystas maisto papildas DAILY DETOX N14 - Vitaminai ir maisto papildai internetu | Vitaminai.lt\" \/>\n<meta property=\"og:description\" content=\"DAILY DETOX SHOT Maisto papildas | 14 buteliuk\u0173 po 25 ml | Skystas maisto papildas su saldikliais Daily Detox Shot \u2013 maisto papildas su augalin\u0117s kilm\u0117s ingredientais, skirtas kasdien\u0117s mitybos papildymui. Produktas sukurtas sujungiant kruop\u0161\u010diai atrinkt\u0173 augal\u0173 ekstraktus, kurie pla\u010diai naudojami maisto papild\u0173 sud\u0117tyje ir vertinami d\u0117l savo nat\u016bralios kilm\u0117s. Sud\u0117tyje esantys tikr\u0173j\u0173 arti\u0161ok\u0173, paprast\u0173j\u0173 [&hellip;]\" \/>\n<meta property=\"og:url\" content=\"https:\/\/vitaminai.lt\/produktas\/daily-detox-n14\/\" \/>\n<meta property=\"og:site_name\" content=\"Vitaminai ir maisto papildai internetu | Vitaminai.lt\" \/>\n<meta property=\"article:publisher\" content=\"https:\/\/www.facebook.com\/vitaminai\/\" \/>\n<meta property=\"article:modified_time\" content=\"2026-04-07T10:51:14+00:00\" \/>\n<meta property=\"og:image\" content=\"https:\/\/vitaminai.lt\/wp-content\/uploads\/2024\/06\/1500x1455_Daily-detox-priekis.png\" \/>\n\t<meta property=\"og:image:width\" content=\"1500\" \/>\n\t<meta property=\"og:image:height\" content=\"1455\" \/>\n\t<meta property=\"og:image:type\" content=\"image\/png\" \/>\n<meta name=\"twitter:card\" content=\"summary_large_image\" \/>\n<meta name=\"twitter:label1\" content=\"Est. reading time\" \/>\n\t<meta name=\"twitter:data1\" content=\"1 minute\" \/>\n<script type=\"application\/ld+json\" class=\"yoast-schema-graph\">{\"@context\":\"https:\/\/schema.org\",\"@graph\":[{\"@type\":\"WebPage\",\"@id\":\"https:\/\/vitaminai.lt\/produktas\/daily-detox-n14\/\",\"url\":\"https:\/\/vitaminai.lt\/produktas\/daily-detox-n14\/\",\"name\":\"Skystas maisto papildas DAILY DETOX N14 - Vitaminai ir maisto papildai internetu | Vitaminai.lt\",\"isPartOf\":{\"@id\":\"https:\/\/vitaminai.lt\/#website\"},\"primaryImageOfPage\":{\"@id\":\"https:\/\/vitaminai.lt\/produktas\/daily-detox-n14\/#primaryimage\"},\"image\":{\"@id\":\"https:\/\/vitaminai.lt\/produktas\/daily-detox-n14\/#primaryimage\"},\"thumbnailUrl\":\"https:\/\/vitaminai.lt\/wp-content\/uploads\/2024\/06\/1500x1455_Daily-detox-priekis.png\",\"datePublished\":\"2024-06-11T08:28:12+00:00\",\"dateModified\":\"2026-04-07T10:51:14+00:00\",\"breadcrumb\":{\"@id\":\"https:\/\/vitaminai.lt\/produktas\/daily-detox-n14\/#breadcrumb\"},\"inLanguage\":\"en-US\",\"potentialAction\":[{\"@type\":\"ReadAction\",\"target\":[\"https:\/\/vitaminai.lt\/produktas\/daily-detox-n14\/\"]}]},{\"@type\":\"ImageObject\",\"inLanguage\":\"en-US\",\"@id\":\"https:\/\/vitaminai.lt\/produktas\/daily-detox-n14\/#primaryimage\",\"url\":\"https:\/\/vitaminai.lt\/wp-content\/uploads\/2024\/06\/1500x1455_Daily-detox-priekis.png\",\"contentUrl\":\"https:\/\/vitaminai.lt\/wp-content\/uploads\/2024\/06\/1500x1455_Daily-detox-priekis.png\",\"width\":1500,\"height\":1455},{\"@type\":\"BreadcrumbList\",\"@id\":\"https:\/\/vitaminai.lt\/produktas\/daily-detox-n14\/#breadcrumb\",\"itemListElement\":[{\"@type\":\"ListItem\",\"position\":1,\"name\":\"Home\",\"item\":\"https:\/\/vitaminai.lt\/\"},{\"@type\":\"ListItem\",\"position\":2,\"name\":\"Produktai\",\"item\":\"https:\/\/vitaminai.lt\/produktai\/\"},{\"@type\":\"ListItem\",\"position\":3,\"name\":\"Skystas maisto papildas DAILY DETOX N14\"}]},{\"@type\":\"WebSite\",\"@id\":\"https:\/\/vitaminai.lt\/#website\",\"url\":\"https:\/\/vitaminai.lt\/\",\"name\":\"Vitaminai ir maisto papildai internetu | Vitaminai.lt\",\"description\":\"\",\"publisher\":{\"@id\":\"https:\/\/vitaminai.lt\/#organization\"},\"potentialAction\":[{\"@type\":\"SearchAction\",\"target\":{\"@type\":\"EntryPoint\",\"urlTemplate\":\"https:\/\/vitaminai.lt\/?s={search_term_string}\"},\"query-input\":{\"@type\":\"PropertyValueSpecification\",\"valueRequired\":true,\"valueName\":\"search_term_string\"}}],\"inLanguage\":\"en-US\"},{\"@type\":\"Organization\",\"@id\":\"https:\/\/vitaminai.lt\/#organization\",\"name\":\"Vitaminai ir maisto papildai internetu | Vitaminai.lt\",\"url\":\"https:\/\/vitaminai.lt\/\",\"logo\":{\"@type\":\"ImageObject\",\"inLanguage\":\"en-US\",\"@id\":\"https:\/\/vitaminai.lt\/#\/schema\/logo\/image\/\",\"url\":\"https:\/\/vitaminai.lt\/wp-content\/uploads\/2025\/01\/g212.png\",\"contentUrl\":\"https:\/\/vitaminai.lt\/wp-content\/uploads\/2025\/01\/g212.png\",\"width\":313,\"height\":74,\"caption\":\"Vitaminai ir maisto papildai internetu | Vitaminai.lt\"},\"image\":{\"@id\":\"https:\/\/vitaminai.lt\/#\/schema\/logo\/image\/\"},\"sameAs\":[\"https:\/\/www.facebook.com\/vitaminai\/\"]}]}<\/script>\n<!-- \/ Yoast SEO plugin. -->","yoast_head_json":{"title":"Skystas maisto papildas DAILY DETOX N14 - Vitaminai ir maisto papildai internetu | Vitaminai.lt","robots":{"index":"index","follow":"follow","max-snippet":"max-snippet:-1","max-image-preview":"max-image-preview:large","max-video-preview":"max-video-preview:-1"},"canonical":"https:\/\/vitaminai.lt\/produktas\/daily-detox-n14\/","og_locale":"en_US","og_type":"article","og_title":"Skystas maisto papildas DAILY DETOX N14 - Vitaminai ir maisto papildai internetu | Vitaminai.lt","og_description":"DAILY DETOX SHOT Maisto papildas | 14 buteliuk\u0173 po 25 ml | Skystas maisto papildas su saldikliais Daily Detox Shot \u2013 maisto papildas su augalin\u0117s kilm\u0117s ingredientais, skirtas kasdien\u0117s mitybos papildymui. Produktas sukurtas sujungiant kruop\u0161\u010diai atrinkt\u0173 augal\u0173 ekstraktus, kurie pla\u010diai naudojami maisto papild\u0173 sud\u0117tyje ir vertinami d\u0117l savo nat\u016bralios kilm\u0117s. Sud\u0117tyje esantys tikr\u0173j\u0173 arti\u0161ok\u0173, paprast\u0173j\u0173 [&hellip;]","og_url":"https:\/\/vitaminai.lt\/produktas\/daily-detox-n14\/","og_site_name":"Vitaminai ir maisto papildai internetu | Vitaminai.lt","article_publisher":"https:\/\/www.facebook.com\/vitaminai\/","article_modified_time":"2026-04-07T10:51:14+00:00","og_image":[{"width":1500,"height":1455,"url":"https:\/\/vitaminai.lt\/wp-content\/uploads\/2024\/06\/1500x1455_Daily-detox-priekis.png","type":"image\/png"}],"twitter_card":"summary_large_image","twitter_misc":{"Est. reading time":"1 minute"},"schema":{"@context":"https:\/\/schema.org","@graph":[{"@type":"WebPage","@id":"https:\/\/vitaminai.lt\/produktas\/daily-detox-n14\/","url":"https:\/\/vitaminai.lt\/produktas\/daily-detox-n14\/","name":"Skystas maisto papildas DAILY DETOX N14 - Vitaminai ir maisto papildai internetu | Vitaminai.lt","isPartOf":{"@id":"https:\/\/vitaminai.lt\/#website"},"primaryImageOfPage":{"@id":"https:\/\/vitaminai.lt\/produktas\/daily-detox-n14\/#primaryimage"},"image":{"@id":"https:\/\/vitaminai.lt\/produktas\/daily-detox-n14\/#primaryimage"},"thumbnailUrl":"https:\/\/vitaminai.lt\/wp-content\/uploads\/2024\/06\/1500x1455_Daily-detox-priekis.png","datePublished":"2024-06-11T08:28:12+00:00","dateModified":"2026-04-07T10:51:14+00:00","breadcrumb":{"@id":"https:\/\/vitaminai.lt\/produktas\/daily-detox-n14\/#breadcrumb"},"inLanguage":"en-US","potentialAction":[{"@type":"ReadAction","target":["https:\/\/vitaminai.lt\/produktas\/daily-detox-n14\/"]}]},{"@type":"ImageObject","inLanguage":"en-US","@id":"https:\/\/vitaminai.lt\/produktas\/daily-detox-n14\/#primaryimage","url":"https:\/\/vitaminai.lt\/wp-content\/uploads\/2024\/06\/1500x1455_Daily-detox-priekis.png","contentUrl":"https:\/\/vitaminai.lt\/wp-content\/uploads\/2024\/06\/1500x1455_Daily-detox-priekis.png","width":1500,"height":1455},{"@type":"BreadcrumbList","@id":"https:\/\/vitaminai.lt\/produktas\/daily-detox-n14\/#breadcrumb","itemListElement":[{"@type":"ListItem","position":1,"name":"Home","item":"https:\/\/vitaminai.lt\/"},{"@type":"ListItem","position":2,"name":"Produktai","item":"https:\/\/vitaminai.lt\/produktai\/"},{"@type":"ListItem","position":3,"name":"Skystas maisto papildas DAILY DETOX N14"}]},{"@type":"WebSite","@id":"https:\/\/vitaminai.lt\/#website","url":"https:\/\/vitaminai.lt\/","name":"Vitaminai ir maisto papildai internetu | Vitaminai.lt","description":"","publisher":{"@id":"https:\/\/vitaminai.lt\/#organization"},"potentialAction":[{"@type":"SearchAction","target":{"@type":"EntryPoint","urlTemplate":"https:\/\/vitaminai.lt\/?s={search_term_string}"},"query-input":{"@type":"PropertyValueSpecification","valueRequired":true,"valueName":"search_term_string"}}],"inLanguage":"en-US"},{"@type":"Organization","@id":"https:\/\/vitaminai.lt\/#organization","name":"Vitaminai ir maisto papildai internetu | Vitaminai.lt","url":"https:\/\/vitaminai.lt\/","logo":{"@type":"ImageObject","inLanguage":"en-US","@id":"https:\/\/vitaminai.lt\/#\/schema\/logo\/image\/","url":"https:\/\/vitaminai.lt\/wp-content\/uploads\/2025\/01\/g212.png","contentUrl":"https:\/\/vitaminai.lt\/wp-content\/uploads\/2025\/01\/g212.png","width":313,"height":74,"caption":"Vitaminai ir maisto papildai internetu | Vitaminai.lt"},"image":{"@id":"https:\/\/vitaminai.lt\/#\/schema\/logo\/image\/"},"sameAs":["https:\/\/www.facebook.com\/vitaminai\/"]}]}},"_links":{"self":[{"href":"https:\/\/vitaminai.lt\/en\/wp-json\/wp\/v2\/product\/136","targetHints":{"allow":["GET"]}}],"collection":[{"href":"https:\/\/vitaminai.lt\/en\/wp-json\/wp\/v2\/product"}],"about":[{"href":"https:\/\/vitaminai.lt\/en\/wp-json\/wp\/v2\/types\/product"}],"replies":[{"embeddable":true,"href":"https:\/\/vitaminai.lt\/en\/wp-json\/wp\/v2\/comments?post=136"}],"wp:featuredmedia":[{"embeddable":true,"href":"https:\/\/vitaminai.lt\/en\/wp-json\/wp\/v2\/media\/145"}],"wp:attachment":[{"href":"https:\/\/vitaminai.lt\/en\/wp-json\/wp\/v2\/media?parent=136"}],"wp:term":[{"taxonomy":"product_brand","embeddable":true,"href":"https:\/\/vitaminai.lt\/en\/wp-json\/wp\/v2\/product_brand?post=136"},{"taxonomy":"product_cat","embeddable":true,"href":"https:\/\/vitaminai.lt\/en\/wp-json\/wp\/v2\/product_cat?post=136"},{"taxonomy":"product_tag","embeddable":true,"href":"https:\/\/vitaminai.lt\/en\/wp-json\/wp\/v2\/product_tag?post=136"}],"curies":[{"name":"wp","href":"https:\/\/api.w.org\/{rel}","templated":true}]}}