{"id":140,"date":"2024-06-11T08:30:14","date_gmt":"2024-06-11T08:30:14","guid":{"rendered":"https:\/\/vitaminai.lt\/?post_type=product&#038;p=140"},"modified":"2026-04-08T10:30:17","modified_gmt":"2026-04-08T08:30:17","slug":"collagen-10-000-kolagenas-n14","status":"publish","type":"product","link":"https:\/\/vitaminai.lt\/en\/produktas\/collagen-10-000-kolagenas-n14\/","title":{"rendered":"Skystas kolagenas COLLAGEN 10 000 su biotinu N14"},"content":{"rendered":"<article class=\"text-token-text-primary w-full\" dir=\"auto\" data-testid=\"conversation-turn-294\" data-scroll-anchor=\"true\">\n<div class=\"text-base my-auto mx-auto py-5 [--thread-content-margin:--spacing(4)] @[37rem]:[--thread-content-margin:--spacing(6)] @[72rem]:[--thread-content-margin:--spacing(16)] px-(--thread-content-margin)\">\n<div class=\"[--thread-content-max-width:32rem] @[34rem]:[--thread-content-max-width:40rem] @[64rem]:[--thread-content-max-width:48rem] mx-auto flex max-w-(--thread-content-max-width) flex-1 text-base gap-4 md:gap-5 lg:gap-6 group\/turn-messages focus-visible:outline-hidden\" tabindex=\"-1\">\n<div class=\"group\/conversation-turn relative flex w-full min-w-0 flex-col agent-turn\">\n<div class=\"relative flex-col gap-1 md:gap-3\">\n<div class=\"flex max-w-full flex-col grow\">\n<div class=\"min-h-8 text-message relative flex w-full flex-col items-end gap-2 text-start break-words whitespace-normal [.text-message+&amp;]:mt-5\" dir=\"auto\" data-message-author-role=\"assistant\" data-message-id=\"20060c41-ca5a-4dd7-8cdf-d6f6cb5b3f38\" data-message-model-slug=\"gpt-4o\">\n<div class=\"flex w-full flex-col gap-1 empty:hidden first:pt-[3px]\">\n<div class=\"markdown prose dark:prose-invert w-full break-words light\">\n<h3 data-start=\"177\" data-end=\"198\">COLLAGEN 10 000 su biotinu<\/h3>\n<p data-start=\"199\" data-end=\"336\"><strong data-start=\"199\" data-end=\"267\">Maisto papildas | 14 buteliuk\u0173 skystasis papildas su saldikliais<\/strong><br data-start=\"267\" data-end=\"270\" \/><strong data-start=\"270\" data-end=\"336\">Hidrolizuotas j\u016brinis kolagenas + hialurono r\u016bg\u0161tis + biotinas<\/strong><\/p>\n<hr data-start=\"338\" data-end=\"341\" \/>\n<p data-start=\"343\" data-end=\"689\"><strong data-start=\"343\" data-end=\"456\">Gro\u017eis prasideda i\u0161 vidaus \u2013 atraskite veiksming\u0105 kasdien\u0119 odos, plauk\u0173 ir nag\u0173 prie\u017ei\u016br\u0105 su Collagen 10 000.<\/strong><br data-start=\"456\" data-end=\"459\" \/>\u0160is skystasis maisto papildas yra galingas gro\u017eio eliksyras, praturtintas auk\u0161tos kokyb\u0117s j\u016briniu kolagenu ir kitomis svarbiomis med\u017eiagomis. Puikiai tinka siekiantiems i\u0161laikyti odos elastingum\u0105, plauk\u0173 spindes\u012f ir nag\u0173 tvirtum\u0105.<\/p>\n<hr data-start=\"691\" data-end=\"694\" \/>\n<h4 data-start=\"696\" data-end=\"725\">Pagrindiniai privalumai:<\/h4>\n<p data-start=\"727\" data-end=\"1331\"><strong data-start=\"727\" data-end=\"745\">Odos prie\u017ei\u016bra<\/strong> \u2013 vitaminas A, cinkas ir biotinas padeda palaikyti normali\u0105 odos b\u016bkl\u0119<br data-start=\"816\" data-end=\"819\" \/><strong data-start=\"819\" data-end=\"838\">Kolageno gamyba<\/strong> \u2013 vitaminas C skatina normal\u0173 kolageno susidarym\u0105, svarb\u0173 odos funkcijai<br data-start=\"911\" data-end=\"914\" \/><strong data-start=\"914\" data-end=\"950\">Apsauga nuo oksidacin\u0117s pa\u017eaidos<\/strong> \u2013 vitaminas C, cinkas, varis ir selenas padeda apsaugoti l\u0105steles nuo \u017ealingo oksidacinio poveikio<br data-start=\"1049\" data-end=\"1052\" \/><strong data-start=\"1052\" data-end=\"1071\">Baltym\u0173 sintez\u0117<\/strong> \u2013 cinkas prisideda prie normalios baltym\u0173 sintez\u0117s, svarbios audini\u0173 strukt\u016brai<br data-start=\"1151\" data-end=\"1154\" \/><strong data-start=\"1154\" data-end=\"1184\">Plauk\u0173 ir nag\u0173 stiprinimas<\/strong> \u2013 cinkas ir selenas padeda palaikyti normali\u0105 plauk\u0173 ir nag\u0173 b\u016bkl\u0119<br data-start=\"1251\" data-end=\"1254\" \/><strong data-start=\"1254\" data-end=\"1277\">Plauk\u0173 pigmentacija<\/strong> \u2013 varis padeda palaikyti normali\u0105 plauk\u0173 pigmentacij\u0105<\/p>\n<hr data-start=\"1333\" data-end=\"1336\" \/>\n<h4 data-start=\"1338\" data-end=\"1379\">Kod\u0117l verta rinktis Collagen 10 000?<\/h4>\n<p data-start=\"1381\" data-end=\"1701\">Efektyvi formul\u0117 \u2013 viename buteliuke: hidrolizuotas j\u016brinis kolagenas, hialurono r\u016bg\u0161tis, biotinas ir svarb\u016bs mikroelementai<br data-start=\"1505\" data-end=\"1508\" \/>Skysta forma \u2013 patogus vartojimas ir puikus \u012fsisavinimas<br data-start=\"1564\" data-end=\"1567\" \/>Gro\u017eio kompleksas \u2013 sukurtas stiprinti od\u0105, plaukus ir nagus i\u0161 vidaus<br data-start=\"1637\" data-end=\"1640\" \/>Kokyb\u0117s garantija \u2013 pagaminta laikantis auk\u0161\u010diausi\u0173 standart\u0173<\/p>\n<hr data-start=\"1703\" data-end=\"1706\" \/>\n<p data-start=\"1708\" data-end=\"1830\" data-is-last-node=\"\" data-is-only-node=\"\"><strong data-start=\"1708\" data-end=\"1830\" data-is-last-node=\"\">Collagen 10 000 \u2013 tai i\u0161skirtinis gro\u017eio papildas, kuris veikia i\u0161 vidaus ir padeda jums jaustis bei atrodyti puikiai.<\/strong><\/p>\n<\/div>\n<\/div>\n<\/div>\n<\/div>\n<\/div>\n<\/div>\n<\/div>\n<\/div>\n<\/article>\n","protected":false},"excerpt":{"rendered":"<p>&nbsp;<\/p>\n<p>&nbsp;<\/p>\n","protected":false},"featured_media":139,"comment_status":"open","ping_status":"closed","template":"","meta":[],"product_brand":[],"product_cat":[403,254,287,263,398,286,371,261,262,314,257,367,377,33,41,243,244,245,246,252,253,20,148,47,147,52,54,55,57,18,29,31,30,34,62,66,73,149,79,80,92,93,94,95,96],"product_tag":[],"class_list":{"0":"post-140","1":"product","2":"type-product","3":"status-publish","4":"has-post-thumbnail","6":"product_cat-11-viskam","7":"product_cat-akcijos","8":"product_cat-baltymu-sintezei-privalumai","9":"product_cat-groziui-privalumai","10":"product_cat-kolagenai","11":"product_cat-kolageno-sintezei-privalumai","12":"product_cat-nagams-pagrindines-kategorijos","13":"product_cat-nagams-privalumai","14":"product_cat-odai-privalumai","15":"product_cat-plaukams-privalumai","16":"product_cat-privalumai","17":"product_cat-sanariams-pagrindines-kategorijos","18":"product_cat-savaites-top-pasiulymai","19":"product_cat-maisto-papildo-forma","20":"product_cat-skystieji-maisto-papildai","21":"product_cat-pagrindines-kategorijos","22":"product_cat-moterims","23":"product_cat-vyrams","24":"product_cat-groziui-2","25":"product_cat-odai-pagrindines-kategorijos","26":"product_cat-plaukams-pagrindines-kategorijos","27":"product_cat-paskirtis","28":"product_cat-baltymu-sintezei","29":"product_cat-groziui","30":"product_cat-kolageno-sintezei","31":"product_cat-nagams","32":"product_cat-odai","33":"product_cat-plaukams","34":"product_cat-sanariams","35":"product_cat-vartotojas","36":"product_cat-moterys","37":"product_cat-senjorai","38":"product_cat-vyrai","39":"product_cat-veiklioji-medziaga","40":"product_cat-antioksidantai","41":"product_cat-cinkas","42":"product_cat-hialurono-rugst","43":"product_cat-hidrolizuotas-jurinis-kolagenas","44":"product_cat-kofermentas-q10","45":"product_cat-kolagenas","46":"product_cat-selenas","47":"product_cat-varis","48":"product_cat-vitaminas-a","49":"product_cat-vitaminas-b","50":"product_cat-vitaminas-c","52":"first","53":"instock","54":"sale","55":"shipping-taxable","56":"purchasable","57":"product-type-simple"},"yoast_head":"<!-- This site is optimized with the Yoast SEO plugin v26.6 - https:\/\/yoast.com\/wordpress\/plugins\/seo\/ -->\n<title>Skystas kolagenas COLLAGEN 10 000 su biotinu N14 - Vitaminai ir maisto papildai internetu | Vitaminai.lt<\/title>\n<meta name=\"robots\" content=\"index, follow, max-snippet:-1, max-image-preview:large, max-video-preview:-1\" \/>\n<link rel=\"canonical\" href=\"https:\/\/vitaminai.lt\/produktas\/collagen-10-000-kolagenas-n14\/\" \/>\n<meta property=\"og:locale\" content=\"en_US\" \/>\n<meta property=\"og:type\" content=\"article\" \/>\n<meta property=\"og:title\" content=\"Skystas kolagenas COLLAGEN 10 000 su biotinu N14 - Vitaminai ir maisto papildai internetu | Vitaminai.lt\" \/>\n<meta property=\"og:description\" content=\"&nbsp;  &nbsp;\" \/>\n<meta property=\"og:url\" content=\"https:\/\/vitaminai.lt\/produktas\/collagen-10-000-kolagenas-n14\/\" \/>\n<meta property=\"og:site_name\" content=\"Vitaminai ir maisto papildai internetu | Vitaminai.lt\" \/>\n<meta property=\"article:publisher\" content=\"https:\/\/www.facebook.com\/vitaminai\/\" \/>\n<meta property=\"article:modified_time\" content=\"2026-04-08T08:30:17+00:00\" \/>\n<meta property=\"og:image\" content=\"https:\/\/vitaminai.lt\/wp-content\/uploads\/2024\/06\/Collagen-10-000-jpg.jpg\" \/>\n\t<meta property=\"og:image:width\" content=\"1646\" \/>\n\t<meta property=\"og:image:height\" content=\"1351\" \/>\n\t<meta property=\"og:image:type\" content=\"image\/jpeg\" \/>\n<meta name=\"twitter:card\" content=\"summary_large_image\" \/>\n<meta name=\"twitter:label1\" content=\"Est. reading time\" \/>\n\t<meta name=\"twitter:data1\" content=\"2 minutes\" \/>\n<script type=\"application\/ld+json\" class=\"yoast-schema-graph\">{\"@context\":\"https:\/\/schema.org\",\"@graph\":[{\"@type\":\"WebPage\",\"@id\":\"https:\/\/vitaminai.lt\/produktas\/collagen-10-000-kolagenas-n14\/\",\"url\":\"https:\/\/vitaminai.lt\/produktas\/collagen-10-000-kolagenas-n14\/\",\"name\":\"Skystas kolagenas COLLAGEN 10 000 su biotinu N14 - Vitaminai ir maisto papildai internetu | Vitaminai.lt\",\"isPartOf\":{\"@id\":\"https:\/\/vitaminai.lt\/#website\"},\"primaryImageOfPage\":{\"@id\":\"https:\/\/vitaminai.lt\/produktas\/collagen-10-000-kolagenas-n14\/#primaryimage\"},\"image\":{\"@id\":\"https:\/\/vitaminai.lt\/produktas\/collagen-10-000-kolagenas-n14\/#primaryimage\"},\"thumbnailUrl\":\"https:\/\/vitaminai.lt\/wp-content\/uploads\/2024\/06\/Collagen-10-000-jpg.jpg\",\"datePublished\":\"2024-06-11T08:30:14+00:00\",\"dateModified\":\"2026-04-08T08:30:17+00:00\",\"breadcrumb\":{\"@id\":\"https:\/\/vitaminai.lt\/produktas\/collagen-10-000-kolagenas-n14\/#breadcrumb\"},\"inLanguage\":\"en-US\",\"potentialAction\":[{\"@type\":\"ReadAction\",\"target\":[\"https:\/\/vitaminai.lt\/produktas\/collagen-10-000-kolagenas-n14\/\"]}]},{\"@type\":\"ImageObject\",\"inLanguage\":\"en-US\",\"@id\":\"https:\/\/vitaminai.lt\/produktas\/collagen-10-000-kolagenas-n14\/#primaryimage\",\"url\":\"https:\/\/vitaminai.lt\/wp-content\/uploads\/2024\/06\/Collagen-10-000-jpg.jpg\",\"contentUrl\":\"https:\/\/vitaminai.lt\/wp-content\/uploads\/2024\/06\/Collagen-10-000-jpg.jpg\",\"width\":1646,\"height\":1351},{\"@type\":\"BreadcrumbList\",\"@id\":\"https:\/\/vitaminai.lt\/produktas\/collagen-10-000-kolagenas-n14\/#breadcrumb\",\"itemListElement\":[{\"@type\":\"ListItem\",\"position\":1,\"name\":\"Home\",\"item\":\"https:\/\/vitaminai.lt\/\"},{\"@type\":\"ListItem\",\"position\":2,\"name\":\"Produktai\",\"item\":\"https:\/\/vitaminai.lt\/produktai\/\"},{\"@type\":\"ListItem\",\"position\":3,\"name\":\"Skystas kolagenas COLLAGEN 10 000 su biotinu N14\"}]},{\"@type\":\"WebSite\",\"@id\":\"https:\/\/vitaminai.lt\/#website\",\"url\":\"https:\/\/vitaminai.lt\/\",\"name\":\"Vitaminai ir maisto papildai internetu | Vitaminai.lt\",\"description\":\"\",\"publisher\":{\"@id\":\"https:\/\/vitaminai.lt\/#organization\"},\"potentialAction\":[{\"@type\":\"SearchAction\",\"target\":{\"@type\":\"EntryPoint\",\"urlTemplate\":\"https:\/\/vitaminai.lt\/?s={search_term_string}\"},\"query-input\":{\"@type\":\"PropertyValueSpecification\",\"valueRequired\":true,\"valueName\":\"search_term_string\"}}],\"inLanguage\":\"en-US\"},{\"@type\":\"Organization\",\"@id\":\"https:\/\/vitaminai.lt\/#organization\",\"name\":\"Vitaminai ir maisto papildai internetu | Vitaminai.lt\",\"url\":\"https:\/\/vitaminai.lt\/\",\"logo\":{\"@type\":\"ImageObject\",\"inLanguage\":\"en-US\",\"@id\":\"https:\/\/vitaminai.lt\/#\/schema\/logo\/image\/\",\"url\":\"https:\/\/vitaminai.lt\/wp-content\/uploads\/2025\/01\/g212.png\",\"contentUrl\":\"https:\/\/vitaminai.lt\/wp-content\/uploads\/2025\/01\/g212.png\",\"width\":313,\"height\":74,\"caption\":\"Vitaminai ir maisto papildai internetu | Vitaminai.lt\"},\"image\":{\"@id\":\"https:\/\/vitaminai.lt\/#\/schema\/logo\/image\/\"},\"sameAs\":[\"https:\/\/www.facebook.com\/vitaminai\/\"]}]}<\/script>\n<!-- \/ Yoast SEO plugin. -->","yoast_head_json":{"title":"Skystas kolagenas COLLAGEN 10 000 su biotinu N14 - Vitaminai ir maisto papildai internetu | Vitaminai.lt","robots":{"index":"index","follow":"follow","max-snippet":"max-snippet:-1","max-image-preview":"max-image-preview:large","max-video-preview":"max-video-preview:-1"},"canonical":"https:\/\/vitaminai.lt\/produktas\/collagen-10-000-kolagenas-n14\/","og_locale":"en_US","og_type":"article","og_title":"Skystas kolagenas COLLAGEN 10 000 su biotinu N14 - Vitaminai ir maisto papildai internetu | Vitaminai.lt","og_description":"&nbsp;  &nbsp;","og_url":"https:\/\/vitaminai.lt\/produktas\/collagen-10-000-kolagenas-n14\/","og_site_name":"Vitaminai ir maisto papildai internetu | Vitaminai.lt","article_publisher":"https:\/\/www.facebook.com\/vitaminai\/","article_modified_time":"2026-04-08T08:30:17+00:00","og_image":[{"width":1646,"height":1351,"url":"https:\/\/vitaminai.lt\/wp-content\/uploads\/2024\/06\/Collagen-10-000-jpg.jpg","type":"image\/jpeg"}],"twitter_card":"summary_large_image","twitter_misc":{"Est. reading time":"2 minutes"},"schema":{"@context":"https:\/\/schema.org","@graph":[{"@type":"WebPage","@id":"https:\/\/vitaminai.lt\/produktas\/collagen-10-000-kolagenas-n14\/","url":"https:\/\/vitaminai.lt\/produktas\/collagen-10-000-kolagenas-n14\/","name":"Skystas kolagenas COLLAGEN 10 000 su biotinu N14 - Vitaminai ir maisto papildai internetu | Vitaminai.lt","isPartOf":{"@id":"https:\/\/vitaminai.lt\/#website"},"primaryImageOfPage":{"@id":"https:\/\/vitaminai.lt\/produktas\/collagen-10-000-kolagenas-n14\/#primaryimage"},"image":{"@id":"https:\/\/vitaminai.lt\/produktas\/collagen-10-000-kolagenas-n14\/#primaryimage"},"thumbnailUrl":"https:\/\/vitaminai.lt\/wp-content\/uploads\/2024\/06\/Collagen-10-000-jpg.jpg","datePublished":"2024-06-11T08:30:14+00:00","dateModified":"2026-04-08T08:30:17+00:00","breadcrumb":{"@id":"https:\/\/vitaminai.lt\/produktas\/collagen-10-000-kolagenas-n14\/#breadcrumb"},"inLanguage":"en-US","potentialAction":[{"@type":"ReadAction","target":["https:\/\/vitaminai.lt\/produktas\/collagen-10-000-kolagenas-n14\/"]}]},{"@type":"ImageObject","inLanguage":"en-US","@id":"https:\/\/vitaminai.lt\/produktas\/collagen-10-000-kolagenas-n14\/#primaryimage","url":"https:\/\/vitaminai.lt\/wp-content\/uploads\/2024\/06\/Collagen-10-000-jpg.jpg","contentUrl":"https:\/\/vitaminai.lt\/wp-content\/uploads\/2024\/06\/Collagen-10-000-jpg.jpg","width":1646,"height":1351},{"@type":"BreadcrumbList","@id":"https:\/\/vitaminai.lt\/produktas\/collagen-10-000-kolagenas-n14\/#breadcrumb","itemListElement":[{"@type":"ListItem","position":1,"name":"Home","item":"https:\/\/vitaminai.lt\/"},{"@type":"ListItem","position":2,"name":"Produktai","item":"https:\/\/vitaminai.lt\/produktai\/"},{"@type":"ListItem","position":3,"name":"Skystas kolagenas COLLAGEN 10 000 su biotinu N14"}]},{"@type":"WebSite","@id":"https:\/\/vitaminai.lt\/#website","url":"https:\/\/vitaminai.lt\/","name":"Vitaminai ir maisto papildai internetu | Vitaminai.lt","description":"","publisher":{"@id":"https:\/\/vitaminai.lt\/#organization"},"potentialAction":[{"@type":"SearchAction","target":{"@type":"EntryPoint","urlTemplate":"https:\/\/vitaminai.lt\/?s={search_term_string}"},"query-input":{"@type":"PropertyValueSpecification","valueRequired":true,"valueName":"search_term_string"}}],"inLanguage":"en-US"},{"@type":"Organization","@id":"https:\/\/vitaminai.lt\/#organization","name":"Vitaminai ir maisto papildai internetu | Vitaminai.lt","url":"https:\/\/vitaminai.lt\/","logo":{"@type":"ImageObject","inLanguage":"en-US","@id":"https:\/\/vitaminai.lt\/#\/schema\/logo\/image\/","url":"https:\/\/vitaminai.lt\/wp-content\/uploads\/2025\/01\/g212.png","contentUrl":"https:\/\/vitaminai.lt\/wp-content\/uploads\/2025\/01\/g212.png","width":313,"height":74,"caption":"Vitaminai ir maisto papildai internetu | Vitaminai.lt"},"image":{"@id":"https:\/\/vitaminai.lt\/#\/schema\/logo\/image\/"},"sameAs":["https:\/\/www.facebook.com\/vitaminai\/"]}]}},"_links":{"self":[{"href":"https:\/\/vitaminai.lt\/en\/wp-json\/wp\/v2\/product\/140","targetHints":{"allow":["GET"]}}],"collection":[{"href":"https:\/\/vitaminai.lt\/en\/wp-json\/wp\/v2\/product"}],"about":[{"href":"https:\/\/vitaminai.lt\/en\/wp-json\/wp\/v2\/types\/product"}],"replies":[{"embeddable":true,"href":"https:\/\/vitaminai.lt\/en\/wp-json\/wp\/v2\/comments?post=140"}],"wp:featuredmedia":[{"embeddable":true,"href":"https:\/\/vitaminai.lt\/en\/wp-json\/wp\/v2\/media\/139"}],"wp:attachment":[{"href":"https:\/\/vitaminai.lt\/en\/wp-json\/wp\/v2\/media?parent=140"}],"wp:term":[{"taxonomy":"product_brand","embeddable":true,"href":"https:\/\/vitaminai.lt\/en\/wp-json\/wp\/v2\/product_brand?post=140"},{"taxonomy":"product_cat","embeddable":true,"href":"https:\/\/vitaminai.lt\/en\/wp-json\/wp\/v2\/product_cat?post=140"},{"taxonomy":"product_tag","embeddable":true,"href":"https:\/\/vitaminai.lt\/en\/wp-json\/wp\/v2\/product_tag?post=140"}],"curies":[{"name":"wp","href":"https:\/\/api.w.org\/{rel}","templated":true}]}}