{"id":141,"date":"2024-06-11T08:59:10","date_gmt":"2024-06-11T08:59:10","guid":{"rendered":"https:\/\/vitaminai.lt\/?post_type=product&#038;p=141"},"modified":"2026-02-08T13:05:46","modified_gmt":"2026-02-08T11:05:46","slug":"imuno-pro-biotics-family-n60","status":"publish","type":"product","link":"https:\/\/vitaminai.lt\/en\/produktas\/imuno-pro-biotics-family-n60\/","title":{"rendered":"Pektininiai guminukai IMUNO PRO-BIOTICS FAMILY N60"},"content":{"rendered":"<h3 data-start=\"96\" data-end=\"126\">IMUNO PRO-BIOTICS FAMILY<\/h3>\n<p data-start=\"127\" data-end=\"180\"><strong data-start=\"127\" data-end=\"180\">Maisto papildas | 60 \u012fvairi\u0173 uog\u0173 skonio guminuk\u0173<\/strong><\/p>\n<hr \/>\n<p data-start=\"1492\" data-end=\"1755\"><strong>Imuno Pro-Biotics Family<\/strong> \u2013 tai auk\u0161tos kokyb\u0117s, uog\u0173 skonio guminukai, skirti vartoti kaip subalansuotos mitybos dalis visai \u0161eimai. Jie papildyti B grup\u0117s vitaminais ir kitomis maistin\u0117mis med\u017eiagomis, reikalingomis normaliai organizmo veiklai palaikyti.<\/p>\n<hr \/>\n<p data-start=\"1757\" data-end=\"1784\"><strong>Pagrindiniai privalumai<\/strong><\/p>\n<p data-start=\"1786\" data-end=\"1971\"><strong data-start=\"1786\" data-end=\"1831\">Energijos apykaita ir nuovargio ma\u017einimas<\/strong> \u2013 niacinas, pantoteno r\u016bg\u0161tis ir vitaminas B6 padeda palaikyti normali\u0105 energijos apykait\u0105 bei padeda ma\u017einti pavargimo jausm\u0105 ir nuovarg\u012f.<\/p>\n<p data-start=\"1973\" data-end=\"2130\"><strong data-start=\"1973\" data-end=\"2029\">Nerv\u0173 sistemos ir psichologin\u0117s funkcijos palaikymas<\/strong> \u2013 niacinas ir vitaminas B6 padeda palaikyti normali\u0105 nerv\u0173 sistemos veikl\u0105 ir psichologin\u0119 funkcij\u0105.<\/p>\n<p data-start=\"2132\" data-end=\"2212\"><strong data-start=\"2132\" data-end=\"2150\">Protin\u0117 veikla<\/strong> \u2013 pantoteno r\u016bg\u0161tis padeda palaikyti normali\u0105 protin\u0119 veikl\u0105.<\/p>\n<p data-start=\"2214\" data-end=\"2303\"><strong data-start=\"2214\" data-end=\"2241\">Odos ir gleivini\u0173 b\u016bkl\u0117<\/strong> \u2013 niacinas padeda palaikyti normali\u0105 odos ir gleivini\u0173 b\u016bkl\u0119.<\/p>\n<p data-start=\"2305\" data-end=\"2400\"><strong data-start=\"2305\" data-end=\"2333\">Imunin\u0117s sistemos veikla<\/strong> \u2013 vitaminas B6 padeda palaikyti normali\u0105 imunin\u0117s sistemos veikl\u0105.<\/p>\n<p data-start=\"2402\" data-end=\"2519\"><strong data-start=\"2402\" data-end=\"2442\">Raudon\u0173j\u0173 kraujo k\u016bneli\u0173 susidarymas<\/strong> \u2013 vitaminas B6 padeda palaikyti normal\u0173 raudon\u0173j\u0173 kraujo k\u016bneli\u0173 susidarym\u0105.<\/p>\n<hr \/>\n<p data-start=\"2521\" data-end=\"2570\"><strong>Kod\u0117l verta rinktis Imuno Pro-Biotics Family?<\/strong><\/p>\n<p data-start=\"2574\" data-end=\"2653\">Skani ir patogi forma \u2013 uog\u0173 skonio guminukai tinka vaikams ir suaugusiesiems<\/p>\n<p data-start=\"2656\" data-end=\"2719\">Auk\u0161ta kokyb\u0117 \u2013 pagaminta i\u0161 patikrint\u0173 ir saugi\u0173 ingredient\u0173<\/p>\n<p data-start=\"2722\" data-end=\"2752\">Patogu kasdieniam vartojimui<\/p>\n<hr \/>\n<p data-start=\"2754\" data-end=\"2865\"><strong data-start=\"2754\" data-end=\"2782\">Imuno Pro-Biotics Family<\/strong> \u2013 skanus ir patogus b\u016bdas papildyti kasdien\u0119 mityb\u0105 svarbiais B grup\u0117s vitaminais.<\/p>\n","protected":false},"excerpt":{"rendered":"<p>IMUNO PRO-BIOTICS FAMILY Maisto papildas | 60 \u012fvairi\u0173 uog\u0173 skonio guminuk\u0173 Imuno Pro-Biotics Family \u2013 tai auk\u0161tos kokyb\u0117s, uog\u0173 skonio guminukai, skirti vartoti kaip subalansuotos mitybos dalis visai \u0161eimai. Jie papildyti B grup\u0117s vitaminais ir kitomis maistin\u0117mis med\u017eiagomis, reikalingomis normaliai organizmo veiklai palaikyti. Pagrindiniai privalumai Energijos apykaita ir nuovargio ma\u017einimas \u2013 niacinas, pantoteno r\u016bg\u0161tis ir [&hellip;]<\/p>\n","protected":false},"featured_media":142,"comment_status":"open","ping_status":"closed","template":"","meta":[],"product_brand":[],"product_cat":[403,279,272,276,307,376,257,275,294,33,36,243,244,245,248,249,251,20,44,26,143,32,25,171,54,142,144,60,71,145,146,89,95],"product_tag":[],"class_list":{"0":"post-141","1":"product","2":"type-product","3":"status-publish","4":"has-post-thumbnail","6":"product_cat-11-viskam","7":"product_cat-hormonu-reguliavimui-privalumai","8":"product_cat-imuninei-sistemai","9":"product_cat-nervu-sistemai-privalumai","10":"product_cat-nuovargio-mazinimui-privalumai-2","11":"product_cat-populiariausi-produktai","12":"product_cat-privalumai","13":"product_cat-protinei-veiklai-privalumai","14":"product_cat-psichologinei-funkcijai-privalumai","15":"product_cat-maisto-papildo-forma","16":"product_cat-guminukai-maisto-papildo-forma","17":"product_cat-pagrindines-kategorijos","18":"product_cat-moterims","19":"product_cat-vyrams","20":"product_cat-imunitetui-pagrindines-kategorijos","21":"product_cat-nervu-sistemai-pagrindines-kategorijos","22":"product_cat-vaikams","23":"product_cat-paskirtis","24":"product_cat-augimui","25":"product_cat-energijai","26":"product_cat-hormonu-reguliavimui","27":"product_cat-imunitetui","28":"product_cat-nervu-sistemai","29":"product_cat-nuovargio-mazinimui","30":"product_cat-odai","31":"product_cat-protinei-veiklai","32":"product_cat-smegenu-veiklai","33":"product_cat-virskinimui","34":"product_cat-gerosios-bakterijos","35":"product_cat-niacinas","36":"product_cat-pantoteno-rugstis","37":"product_cat-probiotikai","38":"product_cat-vitaminas-b","40":"first","41":"outofstock","42":"sale","43":"shipping-taxable","44":"purchasable","45":"product-type-simple"},"yoast_head":"<!-- This site is optimized with the Yoast SEO plugin v26.6 - https:\/\/yoast.com\/wordpress\/plugins\/seo\/ -->\n<title>Pektininiai guminukai IMUNO PRO-BIOTICS FAMILY N60 - Vitaminai ir maisto papildai internetu | Vitaminai.lt<\/title>\n<meta name=\"robots\" content=\"index, follow, max-snippet:-1, max-image-preview:large, max-video-preview:-1\" \/>\n<link rel=\"canonical\" href=\"https:\/\/vitaminai.lt\/produktas\/imuno-pro-biotics-family-n60\/\" \/>\n<meta property=\"og:locale\" content=\"en_US\" \/>\n<meta property=\"og:type\" content=\"article\" \/>\n<meta property=\"og:title\" content=\"Pektininiai guminukai IMUNO PRO-BIOTICS FAMILY N60 - Vitaminai ir maisto papildai internetu | Vitaminai.lt\" \/>\n<meta property=\"og:description\" content=\"IMUNO PRO-BIOTICS FAMILY Maisto papildas | 60 \u012fvairi\u0173 uog\u0173 skonio guminuk\u0173 Imuno Pro-Biotics Family \u2013 tai auk\u0161tos kokyb\u0117s, uog\u0173 skonio guminukai, skirti vartoti kaip subalansuotos mitybos dalis visai \u0161eimai. Jie papildyti B grup\u0117s vitaminais ir kitomis maistin\u0117mis med\u017eiagomis, reikalingomis normaliai organizmo veiklai palaikyti. Pagrindiniai privalumai Energijos apykaita ir nuovargio ma\u017einimas \u2013 niacinas, pantoteno r\u016bg\u0161tis ir [&hellip;]\" \/>\n<meta property=\"og:url\" content=\"https:\/\/vitaminai.lt\/produktas\/imuno-pro-biotics-family-n60\/\" \/>\n<meta property=\"og:site_name\" content=\"Vitaminai ir maisto papildai internetu | Vitaminai.lt\" \/>\n<meta property=\"article:publisher\" content=\"https:\/\/www.facebook.com\/vitaminai\/\" \/>\n<meta property=\"article:modified_time\" content=\"2026-02-08T11:05:46+00:00\" \/>\n<meta property=\"og:image\" content=\"https:\/\/vitaminai.lt\/wp-content\/uploads\/2024\/06\/1500x1455_Priekis-2.png\" \/>\n\t<meta property=\"og:image:width\" content=\"1500\" \/>\n\t<meta property=\"og:image:height\" content=\"1455\" \/>\n\t<meta property=\"og:image:type\" content=\"image\/png\" \/>\n<meta name=\"twitter:card\" content=\"summary_large_image\" \/>\n<meta name=\"twitter:label1\" content=\"Est. reading time\" \/>\n\t<meta name=\"twitter:data1\" content=\"2 minutes\" \/>\n<script type=\"application\/ld+json\" class=\"yoast-schema-graph\">{\"@context\":\"https:\/\/schema.org\",\"@graph\":[{\"@type\":\"WebPage\",\"@id\":\"https:\/\/vitaminai.lt\/produktas\/imuno-pro-biotics-family-n60\/\",\"url\":\"https:\/\/vitaminai.lt\/produktas\/imuno-pro-biotics-family-n60\/\",\"name\":\"Pektininiai guminukai IMUNO PRO-BIOTICS FAMILY N60 - Vitaminai ir maisto papildai internetu | Vitaminai.lt\",\"isPartOf\":{\"@id\":\"https:\/\/vitaminai.lt\/#website\"},\"primaryImageOfPage\":{\"@id\":\"https:\/\/vitaminai.lt\/produktas\/imuno-pro-biotics-family-n60\/#primaryimage\"},\"image\":{\"@id\":\"https:\/\/vitaminai.lt\/produktas\/imuno-pro-biotics-family-n60\/#primaryimage\"},\"thumbnailUrl\":\"https:\/\/vitaminai.lt\/wp-content\/uploads\/2024\/06\/1500x1455_Priekis-2.png\",\"datePublished\":\"2024-06-11T08:59:10+00:00\",\"dateModified\":\"2026-02-08T11:05:46+00:00\",\"breadcrumb\":{\"@id\":\"https:\/\/vitaminai.lt\/produktas\/imuno-pro-biotics-family-n60\/#breadcrumb\"},\"inLanguage\":\"en-US\",\"potentialAction\":[{\"@type\":\"ReadAction\",\"target\":[\"https:\/\/vitaminai.lt\/produktas\/imuno-pro-biotics-family-n60\/\"]}]},{\"@type\":\"ImageObject\",\"inLanguage\":\"en-US\",\"@id\":\"https:\/\/vitaminai.lt\/produktas\/imuno-pro-biotics-family-n60\/#primaryimage\",\"url\":\"https:\/\/vitaminai.lt\/wp-content\/uploads\/2024\/06\/1500x1455_Priekis-2.png\",\"contentUrl\":\"https:\/\/vitaminai.lt\/wp-content\/uploads\/2024\/06\/1500x1455_Priekis-2.png\",\"width\":1500,\"height\":1455},{\"@type\":\"BreadcrumbList\",\"@id\":\"https:\/\/vitaminai.lt\/produktas\/imuno-pro-biotics-family-n60\/#breadcrumb\",\"itemListElement\":[{\"@type\":\"ListItem\",\"position\":1,\"name\":\"Home\",\"item\":\"https:\/\/vitaminai.lt\/\"},{\"@type\":\"ListItem\",\"position\":2,\"name\":\"Produktai\",\"item\":\"https:\/\/vitaminai.lt\/produktai\/\"},{\"@type\":\"ListItem\",\"position\":3,\"name\":\"Pektininiai guminukai IMUNO PRO-BIOTICS FAMILY N60\"}]},{\"@type\":\"WebSite\",\"@id\":\"https:\/\/vitaminai.lt\/#website\",\"url\":\"https:\/\/vitaminai.lt\/\",\"name\":\"Vitaminai ir maisto papildai internetu | Vitaminai.lt\",\"description\":\"\",\"publisher\":{\"@id\":\"https:\/\/vitaminai.lt\/#organization\"},\"potentialAction\":[{\"@type\":\"SearchAction\",\"target\":{\"@type\":\"EntryPoint\",\"urlTemplate\":\"https:\/\/vitaminai.lt\/?s={search_term_string}\"},\"query-input\":{\"@type\":\"PropertyValueSpecification\",\"valueRequired\":true,\"valueName\":\"search_term_string\"}}],\"inLanguage\":\"en-US\"},{\"@type\":\"Organization\",\"@id\":\"https:\/\/vitaminai.lt\/#organization\",\"name\":\"Vitaminai ir maisto papildai internetu | Vitaminai.lt\",\"url\":\"https:\/\/vitaminai.lt\/\",\"logo\":{\"@type\":\"ImageObject\",\"inLanguage\":\"en-US\",\"@id\":\"https:\/\/vitaminai.lt\/#\/schema\/logo\/image\/\",\"url\":\"https:\/\/vitaminai.lt\/wp-content\/uploads\/2025\/01\/g212.png\",\"contentUrl\":\"https:\/\/vitaminai.lt\/wp-content\/uploads\/2025\/01\/g212.png\",\"width\":313,\"height\":74,\"caption\":\"Vitaminai ir maisto papildai internetu | Vitaminai.lt\"},\"image\":{\"@id\":\"https:\/\/vitaminai.lt\/#\/schema\/logo\/image\/\"},\"sameAs\":[\"https:\/\/www.facebook.com\/vitaminai\/\"]}]}<\/script>\n<!-- \/ Yoast SEO plugin. -->","yoast_head_json":{"title":"Pektininiai guminukai IMUNO PRO-BIOTICS FAMILY N60 - Vitaminai ir maisto papildai internetu | Vitaminai.lt","robots":{"index":"index","follow":"follow","max-snippet":"max-snippet:-1","max-image-preview":"max-image-preview:large","max-video-preview":"max-video-preview:-1"},"canonical":"https:\/\/vitaminai.lt\/produktas\/imuno-pro-biotics-family-n60\/","og_locale":"en_US","og_type":"article","og_title":"Pektininiai guminukai IMUNO PRO-BIOTICS FAMILY N60 - Vitaminai ir maisto papildai internetu | Vitaminai.lt","og_description":"IMUNO PRO-BIOTICS FAMILY Maisto papildas | 60 \u012fvairi\u0173 uog\u0173 skonio guminuk\u0173 Imuno Pro-Biotics Family \u2013 tai auk\u0161tos kokyb\u0117s, uog\u0173 skonio guminukai, skirti vartoti kaip subalansuotos mitybos dalis visai \u0161eimai. Jie papildyti B grup\u0117s vitaminais ir kitomis maistin\u0117mis med\u017eiagomis, reikalingomis normaliai organizmo veiklai palaikyti. Pagrindiniai privalumai Energijos apykaita ir nuovargio ma\u017einimas \u2013 niacinas, pantoteno r\u016bg\u0161tis ir [&hellip;]","og_url":"https:\/\/vitaminai.lt\/produktas\/imuno-pro-biotics-family-n60\/","og_site_name":"Vitaminai ir maisto papildai internetu | Vitaminai.lt","article_publisher":"https:\/\/www.facebook.com\/vitaminai\/","article_modified_time":"2026-02-08T11:05:46+00:00","og_image":[{"width":1500,"height":1455,"url":"https:\/\/vitaminai.lt\/wp-content\/uploads\/2024\/06\/1500x1455_Priekis-2.png","type":"image\/png"}],"twitter_card":"summary_large_image","twitter_misc":{"Est. reading time":"2 minutes"},"schema":{"@context":"https:\/\/schema.org","@graph":[{"@type":"WebPage","@id":"https:\/\/vitaminai.lt\/produktas\/imuno-pro-biotics-family-n60\/","url":"https:\/\/vitaminai.lt\/produktas\/imuno-pro-biotics-family-n60\/","name":"Pektininiai guminukai IMUNO PRO-BIOTICS FAMILY N60 - Vitaminai ir maisto papildai internetu | Vitaminai.lt","isPartOf":{"@id":"https:\/\/vitaminai.lt\/#website"},"primaryImageOfPage":{"@id":"https:\/\/vitaminai.lt\/produktas\/imuno-pro-biotics-family-n60\/#primaryimage"},"image":{"@id":"https:\/\/vitaminai.lt\/produktas\/imuno-pro-biotics-family-n60\/#primaryimage"},"thumbnailUrl":"https:\/\/vitaminai.lt\/wp-content\/uploads\/2024\/06\/1500x1455_Priekis-2.png","datePublished":"2024-06-11T08:59:10+00:00","dateModified":"2026-02-08T11:05:46+00:00","breadcrumb":{"@id":"https:\/\/vitaminai.lt\/produktas\/imuno-pro-biotics-family-n60\/#breadcrumb"},"inLanguage":"en-US","potentialAction":[{"@type":"ReadAction","target":["https:\/\/vitaminai.lt\/produktas\/imuno-pro-biotics-family-n60\/"]}]},{"@type":"ImageObject","inLanguage":"en-US","@id":"https:\/\/vitaminai.lt\/produktas\/imuno-pro-biotics-family-n60\/#primaryimage","url":"https:\/\/vitaminai.lt\/wp-content\/uploads\/2024\/06\/1500x1455_Priekis-2.png","contentUrl":"https:\/\/vitaminai.lt\/wp-content\/uploads\/2024\/06\/1500x1455_Priekis-2.png","width":1500,"height":1455},{"@type":"BreadcrumbList","@id":"https:\/\/vitaminai.lt\/produktas\/imuno-pro-biotics-family-n60\/#breadcrumb","itemListElement":[{"@type":"ListItem","position":1,"name":"Home","item":"https:\/\/vitaminai.lt\/"},{"@type":"ListItem","position":2,"name":"Produktai","item":"https:\/\/vitaminai.lt\/produktai\/"},{"@type":"ListItem","position":3,"name":"Pektininiai guminukai IMUNO PRO-BIOTICS FAMILY N60"}]},{"@type":"WebSite","@id":"https:\/\/vitaminai.lt\/#website","url":"https:\/\/vitaminai.lt\/","name":"Vitaminai ir maisto papildai internetu | Vitaminai.lt","description":"","publisher":{"@id":"https:\/\/vitaminai.lt\/#organization"},"potentialAction":[{"@type":"SearchAction","target":{"@type":"EntryPoint","urlTemplate":"https:\/\/vitaminai.lt\/?s={search_term_string}"},"query-input":{"@type":"PropertyValueSpecification","valueRequired":true,"valueName":"search_term_string"}}],"inLanguage":"en-US"},{"@type":"Organization","@id":"https:\/\/vitaminai.lt\/#organization","name":"Vitaminai ir maisto papildai internetu | Vitaminai.lt","url":"https:\/\/vitaminai.lt\/","logo":{"@type":"ImageObject","inLanguage":"en-US","@id":"https:\/\/vitaminai.lt\/#\/schema\/logo\/image\/","url":"https:\/\/vitaminai.lt\/wp-content\/uploads\/2025\/01\/g212.png","contentUrl":"https:\/\/vitaminai.lt\/wp-content\/uploads\/2025\/01\/g212.png","width":313,"height":74,"caption":"Vitaminai ir maisto papildai internetu | Vitaminai.lt"},"image":{"@id":"https:\/\/vitaminai.lt\/#\/schema\/logo\/image\/"},"sameAs":["https:\/\/www.facebook.com\/vitaminai\/"]}]}},"_links":{"self":[{"href":"https:\/\/vitaminai.lt\/en\/wp-json\/wp\/v2\/product\/141","targetHints":{"allow":["GET"]}}],"collection":[{"href":"https:\/\/vitaminai.lt\/en\/wp-json\/wp\/v2\/product"}],"about":[{"href":"https:\/\/vitaminai.lt\/en\/wp-json\/wp\/v2\/types\/product"}],"replies":[{"embeddable":true,"href":"https:\/\/vitaminai.lt\/en\/wp-json\/wp\/v2\/comments?post=141"}],"wp:featuredmedia":[{"embeddable":true,"href":"https:\/\/vitaminai.lt\/en\/wp-json\/wp\/v2\/media\/142"}],"wp:attachment":[{"href":"https:\/\/vitaminai.lt\/en\/wp-json\/wp\/v2\/media?parent=141"}],"wp:term":[{"taxonomy":"product_brand","embeddable":true,"href":"https:\/\/vitaminai.lt\/en\/wp-json\/wp\/v2\/product_brand?post=141"},{"taxonomy":"product_cat","embeddable":true,"href":"https:\/\/vitaminai.lt\/en\/wp-json\/wp\/v2\/product_cat?post=141"},{"taxonomy":"product_tag","embeddable":true,"href":"https:\/\/vitaminai.lt\/en\/wp-json\/wp\/v2\/product_tag?post=141"}],"curies":[{"name":"wp","href":"https:\/\/api.w.org\/{rel}","templated":true}]}}