{"id":164,"date":"2024-07-17T09:07:16","date_gmt":"2024-07-17T09:07:16","guid":{"rendered":"https:\/\/vitaminai.lt\/?post_type=product&#038;p=164"},"modified":"2026-04-02T15:04:42","modified_gmt":"2026-04-02T13:04:42","slug":"slim-fit","status":"publish","type":"product","link":"https:\/\/vitaminai.lt\/en\/produktas\/slim-fit\/","title":{"rendered":"Skaidulinis mi\u0161inys SLIM FIT bra\u0161ki\u0173 skonio"},"content":{"rendered":"<article class=\"text-token-text-primary w-full\" dir=\"auto\" data-testid=\"conversation-turn-286\" data-scroll-anchor=\"true\">\n<div class=\"text-base my-auto mx-auto py-5 [--thread-content-margin:--spacing(4)] @[37rem]:[--thread-content-margin:--spacing(6)] @[72rem]:[--thread-content-margin:--spacing(16)] px-(--thread-content-margin)\">\n<div class=\"[--thread-content-max-width:32rem] @[34rem]:[--thread-content-max-width:40rem] @[64rem]:[--thread-content-max-width:48rem] mx-auto flex max-w-(--thread-content-max-width) flex-1 text-base gap-4 md:gap-5 lg:gap-6 group\/turn-messages focus-visible:outline-hidden\">\n<div class=\"group\/conversation-turn relative flex w-full min-w-0 flex-col agent-turn\">\n<div class=\"relative flex-col gap-1 md:gap-3\">\n<div class=\"flex max-w-full flex-col grow\">\n<div class=\"min-h-8 text-message relative flex w-full flex-col items-end gap-2 text-start break-words whitespace-normal [.text-message+&amp;]:mt-5\" dir=\"auto\" data-message-author-role=\"assistant\" data-message-id=\"47f20895-bbc1-49fa-aa67-1b985bfca80f\" data-message-model-slug=\"gpt-4o\">\n<div class=\"flex w-full flex-col gap-1 empty:hidden first:pt-[3px]\">\n<div class=\"markdown prose dark:prose-invert w-full break-words light\">\n<h3 data-start=\"65\" data-end=\"129\">SLIM FIT \u2013 Bra\u0161ki\u0173 skonio skaidulinis mi\u0161inys su saldikliu<\/h3>\n<p data-start=\"130\" data-end=\"165\"><strong data-start=\"130\" data-end=\"165\">Maisto papildas | 225 g pakuot\u0117<\/strong><\/p>\n<p data-start=\"167\" data-end=\"213\"><strong data-start=\"167\" data-end=\"213\">Skaidulos svorio ma\u017einimui ir cholesterolio balansui<\/strong><\/p>\n<hr \/>\n<p data-start=\"215\" data-end=\"456\">Atraskite nat\u016bral\u0173 b\u016bd\u0105 siekti savo tiksl\u0173 su <strong>SLIM FIT<\/strong> \u2013 skaiduliniu mi\u0161iniu, praturtintu bra\u0161ki\u0173 skoniu. SLIM FIT yra maisto papildas su gliukomananu ir augalin\u0117s kilm\u0117s skaidulomis, skirtas vartoti kaip subalansuotos mitybos ir sveiko gyvenimo b\u016bdo dalis.<\/p>\n<hr data-start=\"458\" data-end=\"461\" \/>\n<p data-start=\"463\" data-end=\"496\"><strong>Pagrindin\u0117s SLIM FIT savyb\u0117s:<\/strong><\/p>\n<p data-start=\"498\" data-end=\"714\"><strong>Gliukomananas (konjako mananas)<\/strong>\u00a0padeda ma\u017einti k\u016bno svor\u012f, kai vartojamas laikantis suma\u017eintos energin\u0117s vert\u0117s dietos. Tai tirpioji skaidula, kuri vartojama su skys\u010diais i\u0161brinksta ir suteikia sotumo poj\u016bt\u012f. Taip pat gliukomananas padeda palaikyti normali\u0105 cholesterolio koncentracij\u0105 kraujyje.<\/p>\n<p data-start=\"716\" data-end=\"845\"><strong>Paprastoji tr\u016bka\u017eol\u0117 (Chicorium intybus)<\/strong> &#8211; nat\u016bralus skaidul\u0173 \u0161altinis.<\/p>\n<p data-start=\"716\" data-end=\"845\"><strong>Balk\u0161vasis gyslotis (Plantago ovata)<\/strong> &#8211; nat\u016bralus skaidul\u0173 \u0161altinis.<\/p>\n<hr data-start=\"992\" data-end=\"995\" \/>\n<p data-start=\"1127\" data-end=\"1163\"><strong>Kod\u0117l verta rinktis SLIM FIT?<\/strong><\/p>\n<p data-start=\"1164\" data-end=\"1223\">Tinka vartoti laikantis suma\u017eintos energin\u0117s vert\u0117s dietos.<\/p>\n<p data-start=\"1263\" data-end=\"1315\">Padeda padidinti skaidul\u0173 kiek\u012f kasdien\u0117je mityboje.<\/p>\n<p data-start=\"1354\" data-end=\"1435\">Skirtas vartoti kartu su \u012fvairia ir subalansuota mityba bei sveiku gyvenimo b\u016bdu.<\/p>\n<hr \/>\n<p data-start=\"1351\" data-end=\"1445\" data-is-last-node=\"\" data-is-only-node=\"\"><strong>SLIM FIT \u2013 skaidulomis praturtintas maisto papildas kasdieniams mitybos pasirinkimams.<\/strong><\/p>\n<\/div>\n<\/div>\n<\/div>\n<\/div>\n<\/div>\n<\/div>\n<\/div>\n<\/div>\n<\/article>\n","protected":false},"excerpt":{"rendered":"<p>SLIM FIT \u2013 Bra\u0161ki\u0173 skonio skaidulinis mi\u0161inys su saldikliu Maisto papildas | 225 g pakuot\u0117 Skaidulos svorio ma\u017einimui ir cholesterolio balansui Atraskite nat\u016bral\u0173 b\u016bd\u0105 siekti savo tiksl\u0173 su SLIM FIT \u2013 skaiduliniu mi\u0161iniu, praturtintu bra\u0161ki\u0173 skoniu. SLIM FIT yra maisto papildas su gliukomananu ir augalin\u0117s kilm\u0117s skaidulomis, skirtas vartoti kaip subalansuotos mitybos ir sveiko gyvenimo [&hellip;]<\/p>\n","protected":false},"featured_media":158,"comment_status":"open","ping_status":"closed","template":"","meta":[],"product_brand":[],"product_cat":[403,315,373,282,289,375,370,376,257,377,290,369,397,310,33,42,243,244,245,246,250,20,45,47,22,49,139,18,29,31,30,34,133,71,104,80,105],"product_tag":[],"class_list":{"0":"post-164","1":"product","2":"type-product","3":"status-publish","4":"has-post-thumbnail","6":"product_cat-11-viskam","7":"product_cat-cholesterolio-balansui","8":"product_cat-kepenims-pagrindines-kategorijos","9":"product_cat-kepenu-funkcijai","10":"product_cat-kraujotakos-sistemai-privalumai","11":"product_cat-menesio-prekes","12":"product_cat-organizmo-valymui-pagrindines-kategorijos","13":"product_cat-populiariausi-produktai","14":"product_cat-privalumai","15":"product_cat-savaites-top-pasiulymai","16":"product_cat-sirdies-veiklai","17":"product_cat-virskinimui-pagrindines-kategorijos","18":"product_cat-virskinimui-2","19":"product_cat-zarnyno-veiklai","20":"product_cat-maisto-papildo-forma","21":"product_cat-milteliai","22":"product_cat-pagrindines-kategorijos","23":"product_cat-moterims","24":"product_cat-vyrams","25":"product_cat-groziui-2","26":"product_cat-sirdziai","27":"product_cat-paskirtis","28":"product_cat-cholesteroliui","29":"product_cat-groziui","30":"product_cat-kepenims","31":"product_cat-lieknejimui","32":"product_cat-zarnynui","33":"product_cat-vartotojas","34":"product_cat-moterys","35":"product_cat-senjorai","36":"product_cat-vyrai","37":"product_cat-veiklioji-medziaga","38":"product_cat-balksvasis-gyslotis","39":"product_cat-gerosios-bakterijos","40":"product_cat-gliukomananas","41":"product_cat-kolagenas","42":"product_cat-paprastoji-trukazole","44":"first","45":"instock","46":"shipping-taxable","47":"purchasable","48":"product-type-simple"},"yoast_head":"<!-- This site is optimized with the Yoast SEO plugin v26.6 - https:\/\/yoast.com\/wordpress\/plugins\/seo\/ -->\n<title>Skaidulinis mi\u0161inys SLIM FIT bra\u0161ki\u0173 skonio - Vitaminai ir maisto papildai internetu | Vitaminai.lt<\/title>\n<meta name=\"robots\" content=\"index, follow, max-snippet:-1, max-image-preview:large, max-video-preview:-1\" \/>\n<link rel=\"canonical\" href=\"https:\/\/vitaminai.lt\/produktas\/slim-fit\/\" \/>\n<meta property=\"og:locale\" content=\"en_US\" \/>\n<meta property=\"og:type\" content=\"article\" \/>\n<meta property=\"og:title\" content=\"Skaidulinis mi\u0161inys SLIM FIT bra\u0161ki\u0173 skonio - Vitaminai ir maisto papildai internetu | Vitaminai.lt\" \/>\n<meta property=\"og:description\" content=\"SLIM FIT \u2013 Bra\u0161ki\u0173 skonio skaidulinis mi\u0161inys su saldikliu Maisto papildas | 225 g pakuot\u0117 Skaidulos svorio ma\u017einimui ir cholesterolio balansui Atraskite nat\u016bral\u0173 b\u016bd\u0105 siekti savo tiksl\u0173 su SLIM FIT \u2013 skaiduliniu mi\u0161iniu, praturtintu bra\u0161ki\u0173 skoniu. SLIM FIT yra maisto papildas su gliukomananu ir augalin\u0117s kilm\u0117s skaidulomis, skirtas vartoti kaip subalansuotos mitybos ir sveiko gyvenimo [&hellip;]\" \/>\n<meta property=\"og:url\" content=\"https:\/\/vitaminai.lt\/produktas\/slim-fit\/\" \/>\n<meta property=\"og:site_name\" content=\"Vitaminai ir maisto papildai internetu | Vitaminai.lt\" \/>\n<meta property=\"article:publisher\" content=\"https:\/\/www.facebook.com\/vitaminai\/\" \/>\n<meta property=\"article:modified_time\" content=\"2026-04-02T13:04:42+00:00\" \/>\n<meta property=\"og:image\" content=\"https:\/\/vitaminai.lt\/wp-content\/uploads\/2024\/07\/1500x1455_Slim-Fit-priekis_new.png\" \/>\n\t<meta property=\"og:image:width\" content=\"1500\" \/>\n\t<meta property=\"og:image:height\" content=\"1455\" \/>\n\t<meta property=\"og:image:type\" content=\"image\/png\" \/>\n<meta name=\"twitter:card\" content=\"summary_large_image\" \/>\n<meta name=\"twitter:label1\" content=\"Est. reading time\" \/>\n\t<meta name=\"twitter:data1\" content=\"2 minutes\" \/>\n<script type=\"application\/ld+json\" class=\"yoast-schema-graph\">{\"@context\":\"https:\/\/schema.org\",\"@graph\":[{\"@type\":\"WebPage\",\"@id\":\"https:\/\/vitaminai.lt\/produktas\/slim-fit\/\",\"url\":\"https:\/\/vitaminai.lt\/produktas\/slim-fit\/\",\"name\":\"Skaidulinis mi\u0161inys SLIM FIT bra\u0161ki\u0173 skonio - Vitaminai ir maisto papildai internetu | Vitaminai.lt\",\"isPartOf\":{\"@id\":\"https:\/\/vitaminai.lt\/#website\"},\"primaryImageOfPage\":{\"@id\":\"https:\/\/vitaminai.lt\/produktas\/slim-fit\/#primaryimage\"},\"image\":{\"@id\":\"https:\/\/vitaminai.lt\/produktas\/slim-fit\/#primaryimage\"},\"thumbnailUrl\":\"https:\/\/vitaminai.lt\/wp-content\/uploads\/2024\/07\/1500x1455_Slim-Fit-priekis_new.png\",\"datePublished\":\"2024-07-17T09:07:16+00:00\",\"dateModified\":\"2026-04-02T13:04:42+00:00\",\"breadcrumb\":{\"@id\":\"https:\/\/vitaminai.lt\/produktas\/slim-fit\/#breadcrumb\"},\"inLanguage\":\"en-US\",\"potentialAction\":[{\"@type\":\"ReadAction\",\"target\":[\"https:\/\/vitaminai.lt\/produktas\/slim-fit\/\"]}]},{\"@type\":\"ImageObject\",\"inLanguage\":\"en-US\",\"@id\":\"https:\/\/vitaminai.lt\/produktas\/slim-fit\/#primaryimage\",\"url\":\"https:\/\/vitaminai.lt\/wp-content\/uploads\/2024\/07\/1500x1455_Slim-Fit-priekis_new.png\",\"contentUrl\":\"https:\/\/vitaminai.lt\/wp-content\/uploads\/2024\/07\/1500x1455_Slim-Fit-priekis_new.png\",\"width\":1500,\"height\":1455},{\"@type\":\"BreadcrumbList\",\"@id\":\"https:\/\/vitaminai.lt\/produktas\/slim-fit\/#breadcrumb\",\"itemListElement\":[{\"@type\":\"ListItem\",\"position\":1,\"name\":\"Home\",\"item\":\"https:\/\/vitaminai.lt\/\"},{\"@type\":\"ListItem\",\"position\":2,\"name\":\"Produktai\",\"item\":\"https:\/\/vitaminai.lt\/produktai\/\"},{\"@type\":\"ListItem\",\"position\":3,\"name\":\"Skaidulinis mi\u0161inys SLIM FIT bra\u0161ki\u0173 skonio\"}]},{\"@type\":\"WebSite\",\"@id\":\"https:\/\/vitaminai.lt\/#website\",\"url\":\"https:\/\/vitaminai.lt\/\",\"name\":\"Vitaminai ir maisto papildai internetu | Vitaminai.lt\",\"description\":\"\",\"publisher\":{\"@id\":\"https:\/\/vitaminai.lt\/#organization\"},\"potentialAction\":[{\"@type\":\"SearchAction\",\"target\":{\"@type\":\"EntryPoint\",\"urlTemplate\":\"https:\/\/vitaminai.lt\/?s={search_term_string}\"},\"query-input\":{\"@type\":\"PropertyValueSpecification\",\"valueRequired\":true,\"valueName\":\"search_term_string\"}}],\"inLanguage\":\"en-US\"},{\"@type\":\"Organization\",\"@id\":\"https:\/\/vitaminai.lt\/#organization\",\"name\":\"Vitaminai ir maisto papildai internetu | Vitaminai.lt\",\"url\":\"https:\/\/vitaminai.lt\/\",\"logo\":{\"@type\":\"ImageObject\",\"inLanguage\":\"en-US\",\"@id\":\"https:\/\/vitaminai.lt\/#\/schema\/logo\/image\/\",\"url\":\"https:\/\/vitaminai.lt\/wp-content\/uploads\/2025\/01\/g212.png\",\"contentUrl\":\"https:\/\/vitaminai.lt\/wp-content\/uploads\/2025\/01\/g212.png\",\"width\":313,\"height\":74,\"caption\":\"Vitaminai ir maisto papildai internetu | Vitaminai.lt\"},\"image\":{\"@id\":\"https:\/\/vitaminai.lt\/#\/schema\/logo\/image\/\"},\"sameAs\":[\"https:\/\/www.facebook.com\/vitaminai\/\"]}]}<\/script>\n<!-- \/ Yoast SEO plugin. -->","yoast_head_json":{"title":"Skaidulinis mi\u0161inys SLIM FIT bra\u0161ki\u0173 skonio - Vitaminai ir maisto papildai internetu | Vitaminai.lt","robots":{"index":"index","follow":"follow","max-snippet":"max-snippet:-1","max-image-preview":"max-image-preview:large","max-video-preview":"max-video-preview:-1"},"canonical":"https:\/\/vitaminai.lt\/produktas\/slim-fit\/","og_locale":"en_US","og_type":"article","og_title":"Skaidulinis mi\u0161inys SLIM FIT bra\u0161ki\u0173 skonio - Vitaminai ir maisto papildai internetu | Vitaminai.lt","og_description":"SLIM FIT \u2013 Bra\u0161ki\u0173 skonio skaidulinis mi\u0161inys su saldikliu Maisto papildas | 225 g pakuot\u0117 Skaidulos svorio ma\u017einimui ir cholesterolio balansui Atraskite nat\u016bral\u0173 b\u016bd\u0105 siekti savo tiksl\u0173 su SLIM FIT \u2013 skaiduliniu mi\u0161iniu, praturtintu bra\u0161ki\u0173 skoniu. SLIM FIT yra maisto papildas su gliukomananu ir augalin\u0117s kilm\u0117s skaidulomis, skirtas vartoti kaip subalansuotos mitybos ir sveiko gyvenimo [&hellip;]","og_url":"https:\/\/vitaminai.lt\/produktas\/slim-fit\/","og_site_name":"Vitaminai ir maisto papildai internetu | Vitaminai.lt","article_publisher":"https:\/\/www.facebook.com\/vitaminai\/","article_modified_time":"2026-04-02T13:04:42+00:00","og_image":[{"width":1500,"height":1455,"url":"https:\/\/vitaminai.lt\/wp-content\/uploads\/2024\/07\/1500x1455_Slim-Fit-priekis_new.png","type":"image\/png"}],"twitter_card":"summary_large_image","twitter_misc":{"Est. reading time":"2 minutes"},"schema":{"@context":"https:\/\/schema.org","@graph":[{"@type":"WebPage","@id":"https:\/\/vitaminai.lt\/produktas\/slim-fit\/","url":"https:\/\/vitaminai.lt\/produktas\/slim-fit\/","name":"Skaidulinis mi\u0161inys SLIM FIT bra\u0161ki\u0173 skonio - Vitaminai ir maisto papildai internetu | Vitaminai.lt","isPartOf":{"@id":"https:\/\/vitaminai.lt\/#website"},"primaryImageOfPage":{"@id":"https:\/\/vitaminai.lt\/produktas\/slim-fit\/#primaryimage"},"image":{"@id":"https:\/\/vitaminai.lt\/produktas\/slim-fit\/#primaryimage"},"thumbnailUrl":"https:\/\/vitaminai.lt\/wp-content\/uploads\/2024\/07\/1500x1455_Slim-Fit-priekis_new.png","datePublished":"2024-07-17T09:07:16+00:00","dateModified":"2026-04-02T13:04:42+00:00","breadcrumb":{"@id":"https:\/\/vitaminai.lt\/produktas\/slim-fit\/#breadcrumb"},"inLanguage":"en-US","potentialAction":[{"@type":"ReadAction","target":["https:\/\/vitaminai.lt\/produktas\/slim-fit\/"]}]},{"@type":"ImageObject","inLanguage":"en-US","@id":"https:\/\/vitaminai.lt\/produktas\/slim-fit\/#primaryimage","url":"https:\/\/vitaminai.lt\/wp-content\/uploads\/2024\/07\/1500x1455_Slim-Fit-priekis_new.png","contentUrl":"https:\/\/vitaminai.lt\/wp-content\/uploads\/2024\/07\/1500x1455_Slim-Fit-priekis_new.png","width":1500,"height":1455},{"@type":"BreadcrumbList","@id":"https:\/\/vitaminai.lt\/produktas\/slim-fit\/#breadcrumb","itemListElement":[{"@type":"ListItem","position":1,"name":"Home","item":"https:\/\/vitaminai.lt\/"},{"@type":"ListItem","position":2,"name":"Produktai","item":"https:\/\/vitaminai.lt\/produktai\/"},{"@type":"ListItem","position":3,"name":"Skaidulinis mi\u0161inys SLIM FIT bra\u0161ki\u0173 skonio"}]},{"@type":"WebSite","@id":"https:\/\/vitaminai.lt\/#website","url":"https:\/\/vitaminai.lt\/","name":"Vitaminai ir maisto papildai internetu | Vitaminai.lt","description":"","publisher":{"@id":"https:\/\/vitaminai.lt\/#organization"},"potentialAction":[{"@type":"SearchAction","target":{"@type":"EntryPoint","urlTemplate":"https:\/\/vitaminai.lt\/?s={search_term_string}"},"query-input":{"@type":"PropertyValueSpecification","valueRequired":true,"valueName":"search_term_string"}}],"inLanguage":"en-US"},{"@type":"Organization","@id":"https:\/\/vitaminai.lt\/#organization","name":"Vitaminai ir maisto papildai internetu | Vitaminai.lt","url":"https:\/\/vitaminai.lt\/","logo":{"@type":"ImageObject","inLanguage":"en-US","@id":"https:\/\/vitaminai.lt\/#\/schema\/logo\/image\/","url":"https:\/\/vitaminai.lt\/wp-content\/uploads\/2025\/01\/g212.png","contentUrl":"https:\/\/vitaminai.lt\/wp-content\/uploads\/2025\/01\/g212.png","width":313,"height":74,"caption":"Vitaminai ir maisto papildai internetu | Vitaminai.lt"},"image":{"@id":"https:\/\/vitaminai.lt\/#\/schema\/logo\/image\/"},"sameAs":["https:\/\/www.facebook.com\/vitaminai\/"]}]}},"_links":{"self":[{"href":"https:\/\/vitaminai.lt\/en\/wp-json\/wp\/v2\/product\/164","targetHints":{"allow":["GET"]}}],"collection":[{"href":"https:\/\/vitaminai.lt\/en\/wp-json\/wp\/v2\/product"}],"about":[{"href":"https:\/\/vitaminai.lt\/en\/wp-json\/wp\/v2\/types\/product"}],"replies":[{"embeddable":true,"href":"https:\/\/vitaminai.lt\/en\/wp-json\/wp\/v2\/comments?post=164"}],"wp:featuredmedia":[{"embeddable":true,"href":"https:\/\/vitaminai.lt\/en\/wp-json\/wp\/v2\/media\/158"}],"wp:attachment":[{"href":"https:\/\/vitaminai.lt\/en\/wp-json\/wp\/v2\/media?parent=164"}],"wp:term":[{"taxonomy":"product_brand","embeddable":true,"href":"https:\/\/vitaminai.lt\/en\/wp-json\/wp\/v2\/product_brand?post=164"},{"taxonomy":"product_cat","embeddable":true,"href":"https:\/\/vitaminai.lt\/en\/wp-json\/wp\/v2\/product_cat?post=164"},{"taxonomy":"product_tag","embeddable":true,"href":"https:\/\/vitaminai.lt\/en\/wp-json\/wp\/v2\/product_tag?post=164"}],"curies":[{"name":"wp","href":"https:\/\/api.w.org\/{rel}","templated":true}]}}