{"id":2068,"date":"2025-01-10T16:32:34","date_gmt":"2025-01-10T14:32:34","guid":{"rendered":"https:\/\/vitaminai.lt\/?post_type=product&#038;p=2068"},"modified":"2026-04-02T15:04:33","modified_gmt":"2026-04-02T13:04:33","slug":"margainio-atrisoko-kopleksas-detox-n90","status":"publish","type":"product","link":"https:\/\/vitaminai.lt\/en\/produktas\/margainio-atrisoko-kopleksas-detox-n90\/","title":{"rendered":"Margainio-Arti\u0161oko kompleksas DETOX N90"},"content":{"rendered":"<h3 data-start=\"127\" data-end=\"172\"><strong data-start=\"131\" data-end=\"172\">Margainio \u2013 Arti\u0161oko kompleksas Detox<\/strong><\/h3>\n<p data-start=\"174\" data-end=\"215\"><strong data-start=\"174\" data-end=\"215\">Maisto papildas | 90 mink\u0161t\u0173 kapsuli\u0173<\/strong><\/p>\n<hr \/>\n<p data-start=\"249\" data-end=\"562\"><strong>\u0160is maisto papildas sujungia keturi\u0173 augalin\u0117s kilm\u0117s ingredient\u0173 \u2013<\/strong> tikr\u0173j\u0173 margaini\u0173, tikr\u0173j\u0173 arti\u0161ok\u0173, paprast\u0173j\u0173 kiaulpieni\u0173 ir paprast\u0173j\u0173 saldymed\u017ei\u0173 \u2013 ekstraktus. Visi \u0161ie augalai pla\u010diai naudojami mityboje ir maisto papild\u0173 sud\u0117tyje d\u0117l savo nat\u016bralios kilm\u0117s ir sud\u0117tyje esan\u010di\u0173 augalini\u0173 jungini\u0173.<\/p>\n<hr data-start=\"800\" data-end=\"803\" \/>\n<p data-start=\"805\" data-end=\"831\"><strong>Sudedamosios dalys:<\/strong><\/p>\n<p class=\"isSelectedEnd\"><strong>Tikr\u0173j\u0173 margaini\u0173, tikr\u0173j\u0173 arti\u0161ok\u0173 ir paprast\u0173j\u0173 kiaulpieni\u0173<\/strong> ekstraktai tradici\u0161kai naudojami ir vertinami kaip galintys palaikyti normali\u0105 kepen\u0173 veikl\u0105.<\/p>\n<p class=\"isSelectedEnd\"><strong>Tikr\u0173j\u0173 margaini\u0173, tikr\u0173j\u0173 arti\u0161ok\u0173 ir paprast\u0173j\u0173 saldymed\u017ei\u0173<\/strong> ekstraktai nuo seno vertinami kaip galintys palaikyti normali\u0105 \u0161irdies veikl\u0105.<\/p>\n<p class=\"isSelectedEnd\"><strong>Tikr\u0173j\u0173 arti\u0161ok\u0173<\/strong> ekstraktas liaudies medicinoje vertinamas kaip galintis palaikyti normali\u0105 fiziologin\u0119 lipid\u0173 koncentracij\u0105 kraujyje.<\/p>\n<p><strong>Paprast\u0173j\u0173 kiaulpieni\u0173 ir paprast\u0173j\u0173 saldymed\u017ei\u0173<\/strong> ekstraktai tradici\u0161kai vertinami d\u0117l vir\u0161kinimo funkcijos palaikymo.<\/p>\n<hr \/>\n<p>Produktas sukurtas kaip kasdien\u0117s mitybos papildymas, skirtas suaugusiesiems, kurie renkasi augalin\u0117s kilm\u0117s ingredientus ir s\u0105moning\u0105 gyvenimo b\u016bd\u0105. Subalansuota sud\u0117tis leid\u017eia patogiai \u012ftraukti \u0161\u012f papild\u0105 \u012f kasdien\u0119 mityb\u0105.<\/p>\n","protected":false},"excerpt":{"rendered":"<p>Margainio \u2013 Arti\u0161oko kompleksas Detox Maisto papildas | 90 mink\u0161t\u0173 kapsuli\u0173 \u0160is maisto papildas sujungia keturi\u0173 augalin\u0117s kilm\u0117s ingredient\u0173 \u2013 tikr\u0173j\u0173 margaini\u0173, tikr\u0173j\u0173 arti\u0161ok\u0173, paprast\u0173j\u0173 kiaulpieni\u0173 ir paprast\u0173j\u0173 saldymed\u017ei\u0173 \u2013 ekstraktus. Visi \u0161ie augalai pla\u010diai naudojami mityboje ir maisto papild\u0173 sud\u0117tyje d\u0117l savo nat\u016bralios kilm\u0117s ir sud\u0117tyje esan\u010di\u0173 augalini\u0173 jungini\u0173. Sudedamosios dalys: Tikr\u0173j\u0173 margaini\u0173, tikr\u0173j\u0173 [&hellip;]<\/p>\n","protected":false},"featured_media":2070,"comment_status":"open","ping_status":"closed","template":"","meta":[],"product_brand":[],"product_cat":[403,387,315,373,282,389,388,386,370,257,390,385,281,397,369,324,33,39,243,244,245,20,45,46,22,153,184,185,150,60,186,18,29,23,31,30,34],"product_tag":[],"class_list":{"0":"post-2068","1":"product","2":"type-product","3":"status-publish","4":"has-post-thumbnail","6":"product_cat-11-viskam","7":"product_cat-artisokas","8":"product_cat-cholesterolio-balansui","9":"product_cat-kepenims-pagrindines-kategorijos","10":"product_cat-kepenu-funkcijai","11":"product_cat-kiaulpiene","12":"product_cat-margainis","13":"product_cat-organizmo-detoksikacijai","14":"product_cat-organizmo-valymui-pagrindines-kategorijos","15":"product_cat-privalumai","16":"product_cat-saldymedis","17":"product_cat-svorio-kontrolei","18":"product_cat-virskinimo-sistemai","19":"product_cat-virskinimui-2","20":"product_cat-virskinimui-pagrindines-kategorijos","21":"product_cat-zarnyno-mikrofloros-palaikymui","22":"product_cat-maisto-papildo-forma","23":"product_cat-minkstos-kapsules","24":"product_cat-pagrindines-kategorijos","25":"product_cat-moterims","26":"product_cat-vyrams","27":"product_cat-paskirtis","28":"product_cat-cholesteroliui","29":"product_cat-detoksikacijai","30":"product_cat-kepenims","31":"product_cat-organizmo-valymui","32":"product_cat-prostatos-funkcijai","33":"product_cat-reprodukcinei-funkcijai","34":"product_cat-svorio-mazinimui","35":"product_cat-virskinimui","36":"product_cat-vyriskumo-palaikymui","37":"product_cat-vartotojas","38":"product_cat-moterys","39":"product_cat-paaugliai","40":"product_cat-senjorai","41":"product_cat-vyrai","42":"product_cat-veiklioji-medziaga","44":"first","45":"instock","46":"shipping-taxable","47":"purchasable","48":"product-type-simple"},"yoast_head":"<!-- This site is optimized with the Yoast SEO plugin v26.6 - https:\/\/yoast.com\/wordpress\/plugins\/seo\/ -->\n<title>Margainio-Arti\u0161oko kompleksas DETOX N90 - Vitaminai ir maisto papildai internetu | Vitaminai.lt<\/title>\n<meta name=\"robots\" content=\"index, follow, max-snippet:-1, max-image-preview:large, max-video-preview:-1\" \/>\n<link rel=\"canonical\" href=\"https:\/\/vitaminai.lt\/produktas\/margainio-atrisoko-kopleksas-detox-n90\/\" \/>\n<meta property=\"og:locale\" content=\"en_US\" \/>\n<meta property=\"og:type\" content=\"article\" \/>\n<meta property=\"og:title\" content=\"Margainio-Arti\u0161oko kompleksas DETOX N90 - Vitaminai ir maisto papildai internetu | Vitaminai.lt\" \/>\n<meta property=\"og:description\" content=\"Margainio \u2013 Arti\u0161oko kompleksas Detox Maisto papildas | 90 mink\u0161t\u0173 kapsuli\u0173 \u0160is maisto papildas sujungia keturi\u0173 augalin\u0117s kilm\u0117s ingredient\u0173 \u2013 tikr\u0173j\u0173 margaini\u0173, tikr\u0173j\u0173 arti\u0161ok\u0173, paprast\u0173j\u0173 kiaulpieni\u0173 ir paprast\u0173j\u0173 saldymed\u017ei\u0173 \u2013 ekstraktus. Visi \u0161ie augalai pla\u010diai naudojami mityboje ir maisto papild\u0173 sud\u0117tyje d\u0117l savo nat\u016bralios kilm\u0117s ir sud\u0117tyje esan\u010di\u0173 augalini\u0173 jungini\u0173. Sudedamosios dalys: Tikr\u0173j\u0173 margaini\u0173, tikr\u0173j\u0173 [&hellip;]\" \/>\n<meta property=\"og:url\" content=\"https:\/\/vitaminai.lt\/produktas\/margainio-atrisoko-kopleksas-detox-n90\/\" \/>\n<meta property=\"og:site_name\" content=\"Vitaminai ir maisto papildai internetu | Vitaminai.lt\" \/>\n<meta property=\"article:publisher\" content=\"https:\/\/www.facebook.com\/vitaminai\/\" \/>\n<meta property=\"article:modified_time\" content=\"2026-04-02T13:04:33+00:00\" \/>\n<meta property=\"og:image\" content=\"https:\/\/vitaminai.lt\/wp-content\/uploads\/2025\/01\/Margainis_Priekis.png\" \/>\n\t<meta property=\"og:image:width\" content=\"3001\" \/>\n\t<meta property=\"og:image:height\" content=\"2928\" \/>\n\t<meta property=\"og:image:type\" content=\"image\/png\" \/>\n<meta name=\"twitter:card\" content=\"summary_large_image\" \/>\n<meta name=\"twitter:label1\" content=\"Est. reading time\" \/>\n\t<meta name=\"twitter:data1\" content=\"1 minute\" \/>\n<script type=\"application\/ld+json\" class=\"yoast-schema-graph\">{\"@context\":\"https:\/\/schema.org\",\"@graph\":[{\"@type\":\"WebPage\",\"@id\":\"https:\/\/vitaminai.lt\/produktas\/margainio-atrisoko-kopleksas-detox-n90\/\",\"url\":\"https:\/\/vitaminai.lt\/produktas\/margainio-atrisoko-kopleksas-detox-n90\/\",\"name\":\"Margainio-Arti\u0161oko kompleksas DETOX N90 - Vitaminai ir maisto papildai internetu | Vitaminai.lt\",\"isPartOf\":{\"@id\":\"https:\/\/vitaminai.lt\/#website\"},\"primaryImageOfPage\":{\"@id\":\"https:\/\/vitaminai.lt\/produktas\/margainio-atrisoko-kopleksas-detox-n90\/#primaryimage\"},\"image\":{\"@id\":\"https:\/\/vitaminai.lt\/produktas\/margainio-atrisoko-kopleksas-detox-n90\/#primaryimage\"},\"thumbnailUrl\":\"https:\/\/vitaminai.lt\/wp-content\/uploads\/2025\/01\/Margainis_Priekis.png\",\"datePublished\":\"2025-01-10T14:32:34+00:00\",\"dateModified\":\"2026-04-02T13:04:33+00:00\",\"breadcrumb\":{\"@id\":\"https:\/\/vitaminai.lt\/produktas\/margainio-atrisoko-kopleksas-detox-n90\/#breadcrumb\"},\"inLanguage\":\"en-US\",\"potentialAction\":[{\"@type\":\"ReadAction\",\"target\":[\"https:\/\/vitaminai.lt\/produktas\/margainio-atrisoko-kopleksas-detox-n90\/\"]}]},{\"@type\":\"ImageObject\",\"inLanguage\":\"en-US\",\"@id\":\"https:\/\/vitaminai.lt\/produktas\/margainio-atrisoko-kopleksas-detox-n90\/#primaryimage\",\"url\":\"https:\/\/vitaminai.lt\/wp-content\/uploads\/2025\/01\/Margainis_Priekis.png\",\"contentUrl\":\"https:\/\/vitaminai.lt\/wp-content\/uploads\/2025\/01\/Margainis_Priekis.png\",\"width\":3001,\"height\":2928},{\"@type\":\"BreadcrumbList\",\"@id\":\"https:\/\/vitaminai.lt\/produktas\/margainio-atrisoko-kopleksas-detox-n90\/#breadcrumb\",\"itemListElement\":[{\"@type\":\"ListItem\",\"position\":1,\"name\":\"Home\",\"item\":\"https:\/\/vitaminai.lt\/\"},{\"@type\":\"ListItem\",\"position\":2,\"name\":\"Produktai\",\"item\":\"https:\/\/vitaminai.lt\/produktai\/\"},{\"@type\":\"ListItem\",\"position\":3,\"name\":\"Margainio-Arti\u0161oko kompleksas DETOX N90\"}]},{\"@type\":\"WebSite\",\"@id\":\"https:\/\/vitaminai.lt\/#website\",\"url\":\"https:\/\/vitaminai.lt\/\",\"name\":\"Vitaminai ir maisto papildai internetu | Vitaminai.lt\",\"description\":\"\",\"publisher\":{\"@id\":\"https:\/\/vitaminai.lt\/#organization\"},\"potentialAction\":[{\"@type\":\"SearchAction\",\"target\":{\"@type\":\"EntryPoint\",\"urlTemplate\":\"https:\/\/vitaminai.lt\/?s={search_term_string}\"},\"query-input\":{\"@type\":\"PropertyValueSpecification\",\"valueRequired\":true,\"valueName\":\"search_term_string\"}}],\"inLanguage\":\"en-US\"},{\"@type\":\"Organization\",\"@id\":\"https:\/\/vitaminai.lt\/#organization\",\"name\":\"Vitaminai ir maisto papildai internetu | Vitaminai.lt\",\"url\":\"https:\/\/vitaminai.lt\/\",\"logo\":{\"@type\":\"ImageObject\",\"inLanguage\":\"en-US\",\"@id\":\"https:\/\/vitaminai.lt\/#\/schema\/logo\/image\/\",\"url\":\"https:\/\/vitaminai.lt\/wp-content\/uploads\/2025\/01\/g212.png\",\"contentUrl\":\"https:\/\/vitaminai.lt\/wp-content\/uploads\/2025\/01\/g212.png\",\"width\":313,\"height\":74,\"caption\":\"Vitaminai ir maisto papildai internetu | Vitaminai.lt\"},\"image\":{\"@id\":\"https:\/\/vitaminai.lt\/#\/schema\/logo\/image\/\"},\"sameAs\":[\"https:\/\/www.facebook.com\/vitaminai\/\"]}]}<\/script>\n<!-- \/ Yoast SEO plugin. -->","yoast_head_json":{"title":"Margainio-Arti\u0161oko kompleksas DETOX N90 - Vitaminai ir maisto papildai internetu | Vitaminai.lt","robots":{"index":"index","follow":"follow","max-snippet":"max-snippet:-1","max-image-preview":"max-image-preview:large","max-video-preview":"max-video-preview:-1"},"canonical":"https:\/\/vitaminai.lt\/produktas\/margainio-atrisoko-kopleksas-detox-n90\/","og_locale":"en_US","og_type":"article","og_title":"Margainio-Arti\u0161oko kompleksas DETOX N90 - Vitaminai ir maisto papildai internetu | Vitaminai.lt","og_description":"Margainio \u2013 Arti\u0161oko kompleksas Detox Maisto papildas | 90 mink\u0161t\u0173 kapsuli\u0173 \u0160is maisto papildas sujungia keturi\u0173 augalin\u0117s kilm\u0117s ingredient\u0173 \u2013 tikr\u0173j\u0173 margaini\u0173, tikr\u0173j\u0173 arti\u0161ok\u0173, paprast\u0173j\u0173 kiaulpieni\u0173 ir paprast\u0173j\u0173 saldymed\u017ei\u0173 \u2013 ekstraktus. Visi \u0161ie augalai pla\u010diai naudojami mityboje ir maisto papild\u0173 sud\u0117tyje d\u0117l savo nat\u016bralios kilm\u0117s ir sud\u0117tyje esan\u010di\u0173 augalini\u0173 jungini\u0173. Sudedamosios dalys: Tikr\u0173j\u0173 margaini\u0173, tikr\u0173j\u0173 [&hellip;]","og_url":"https:\/\/vitaminai.lt\/produktas\/margainio-atrisoko-kopleksas-detox-n90\/","og_site_name":"Vitaminai ir maisto papildai internetu | Vitaminai.lt","article_publisher":"https:\/\/www.facebook.com\/vitaminai\/","article_modified_time":"2026-04-02T13:04:33+00:00","og_image":[{"width":3001,"height":2928,"url":"https:\/\/vitaminai.lt\/wp-content\/uploads\/2025\/01\/Margainis_Priekis.png","type":"image\/png"}],"twitter_card":"summary_large_image","twitter_misc":{"Est. reading time":"1 minute"},"schema":{"@context":"https:\/\/schema.org","@graph":[{"@type":"WebPage","@id":"https:\/\/vitaminai.lt\/produktas\/margainio-atrisoko-kopleksas-detox-n90\/","url":"https:\/\/vitaminai.lt\/produktas\/margainio-atrisoko-kopleksas-detox-n90\/","name":"Margainio-Arti\u0161oko kompleksas DETOX N90 - Vitaminai ir maisto papildai internetu | Vitaminai.lt","isPartOf":{"@id":"https:\/\/vitaminai.lt\/#website"},"primaryImageOfPage":{"@id":"https:\/\/vitaminai.lt\/produktas\/margainio-atrisoko-kopleksas-detox-n90\/#primaryimage"},"image":{"@id":"https:\/\/vitaminai.lt\/produktas\/margainio-atrisoko-kopleksas-detox-n90\/#primaryimage"},"thumbnailUrl":"https:\/\/vitaminai.lt\/wp-content\/uploads\/2025\/01\/Margainis_Priekis.png","datePublished":"2025-01-10T14:32:34+00:00","dateModified":"2026-04-02T13:04:33+00:00","breadcrumb":{"@id":"https:\/\/vitaminai.lt\/produktas\/margainio-atrisoko-kopleksas-detox-n90\/#breadcrumb"},"inLanguage":"en-US","potentialAction":[{"@type":"ReadAction","target":["https:\/\/vitaminai.lt\/produktas\/margainio-atrisoko-kopleksas-detox-n90\/"]}]},{"@type":"ImageObject","inLanguage":"en-US","@id":"https:\/\/vitaminai.lt\/produktas\/margainio-atrisoko-kopleksas-detox-n90\/#primaryimage","url":"https:\/\/vitaminai.lt\/wp-content\/uploads\/2025\/01\/Margainis_Priekis.png","contentUrl":"https:\/\/vitaminai.lt\/wp-content\/uploads\/2025\/01\/Margainis_Priekis.png","width":3001,"height":2928},{"@type":"BreadcrumbList","@id":"https:\/\/vitaminai.lt\/produktas\/margainio-atrisoko-kopleksas-detox-n90\/#breadcrumb","itemListElement":[{"@type":"ListItem","position":1,"name":"Home","item":"https:\/\/vitaminai.lt\/"},{"@type":"ListItem","position":2,"name":"Produktai","item":"https:\/\/vitaminai.lt\/produktai\/"},{"@type":"ListItem","position":3,"name":"Margainio-Arti\u0161oko kompleksas DETOX N90"}]},{"@type":"WebSite","@id":"https:\/\/vitaminai.lt\/#website","url":"https:\/\/vitaminai.lt\/","name":"Vitaminai ir maisto papildai internetu | Vitaminai.lt","description":"","publisher":{"@id":"https:\/\/vitaminai.lt\/#organization"},"potentialAction":[{"@type":"SearchAction","target":{"@type":"EntryPoint","urlTemplate":"https:\/\/vitaminai.lt\/?s={search_term_string}"},"query-input":{"@type":"PropertyValueSpecification","valueRequired":true,"valueName":"search_term_string"}}],"inLanguage":"en-US"},{"@type":"Organization","@id":"https:\/\/vitaminai.lt\/#organization","name":"Vitaminai ir maisto papildai internetu | Vitaminai.lt","url":"https:\/\/vitaminai.lt\/","logo":{"@type":"ImageObject","inLanguage":"en-US","@id":"https:\/\/vitaminai.lt\/#\/schema\/logo\/image\/","url":"https:\/\/vitaminai.lt\/wp-content\/uploads\/2025\/01\/g212.png","contentUrl":"https:\/\/vitaminai.lt\/wp-content\/uploads\/2025\/01\/g212.png","width":313,"height":74,"caption":"Vitaminai ir maisto papildai internetu | Vitaminai.lt"},"image":{"@id":"https:\/\/vitaminai.lt\/#\/schema\/logo\/image\/"},"sameAs":["https:\/\/www.facebook.com\/vitaminai\/"]}]}},"_links":{"self":[{"href":"https:\/\/vitaminai.lt\/en\/wp-json\/wp\/v2\/product\/2068","targetHints":{"allow":["GET"]}}],"collection":[{"href":"https:\/\/vitaminai.lt\/en\/wp-json\/wp\/v2\/product"}],"about":[{"href":"https:\/\/vitaminai.lt\/en\/wp-json\/wp\/v2\/types\/product"}],"replies":[{"embeddable":true,"href":"https:\/\/vitaminai.lt\/en\/wp-json\/wp\/v2\/comments?post=2068"}],"wp:featuredmedia":[{"embeddable":true,"href":"https:\/\/vitaminai.lt\/en\/wp-json\/wp\/v2\/media\/2070"}],"wp:attachment":[{"href":"https:\/\/vitaminai.lt\/en\/wp-json\/wp\/v2\/media?parent=2068"}],"wp:term":[{"taxonomy":"product_brand","embeddable":true,"href":"https:\/\/vitaminai.lt\/en\/wp-json\/wp\/v2\/product_brand?post=2068"},{"taxonomy":"product_cat","embeddable":true,"href":"https:\/\/vitaminai.lt\/en\/wp-json\/wp\/v2\/product_cat?post=2068"},{"taxonomy":"product_tag","embeddable":true,"href":"https:\/\/vitaminai.lt\/en\/wp-json\/wp\/v2\/product_tag?post=2068"}],"curies":[{"name":"wp","href":"https:\/\/api.w.org\/{rel}","templated":true}]}}