{"id":2243,"date":"2025-01-24T10:55:49","date_gmt":"2025-01-24T08:55:49","guid":{"rendered":"https:\/\/vitaminai.lt\/?post_type=product&#038;p=2243"},"modified":"2026-04-08T10:25:18","modified_gmt":"2026-04-08T08:25:18","slug":"ciberzole-n60","status":"publish","type":"product","link":"https:\/\/vitaminai.lt\/en\/produktas\/ciberzole-n60\/","title":{"rendered":"CIBER\u017dOL\u0116 N60"},"content":{"rendered":"<p><strong>CIBER\u017dOL\u0116 SU JUODUOJU PIPIRU<\/strong><\/p>\n<p><strong data-start=\"193\" data-end=\"234\">Maisto papildas | 60 kapsuli\u0173<\/strong><\/p>\n<hr \/>\n<p data-start=\"1590\" data-end=\"1864\"><strong>Ciber\u017eol\u0117 su juoduoju pipiru<\/strong> \u2013 tai maisto papildas, kuriame derinami du augalin\u0117s kilm\u0117s ingredientai: da\u017ein\u0117s ciber\u017eol\u0117s ekstraktas ir juodojo pipiro ekstraktas. \u0160ie augalai tradici\u0161kai naudojami mityboje ir vertinami d\u0117l savo sud\u0117tyje esan\u010di\u0173 nat\u016brali\u0173 augalini\u0173 jungini\u0173.<\/p>\n<p data-start=\"1866\" data-end=\"2074\">Da\u017ein\u0117 ciber\u017eol\u0117 pla\u010diai naudojama Piet\u0173 Azijos kulinarin\u0117se tradicijose kaip prieskonis ir maisto ingredientas, nuo seno vertinama d\u0117l savo savybi\u0173 ir galimo poveikio organizmo procesams. Juodasis pipiras papildo produkto sud\u0117t\u012f kaip augalin\u0117s kilm\u0117s ingredientas, tradici\u0161kai derinamas su ciber\u017eole.<\/p>\n<hr \/>\n<p data-start=\"156\" data-end=\"188\"><strong data-start=\"156\" data-end=\"188\">Ciber\u017eol\u0117 da\u017enai siejama su:<\/strong><\/p>\n<p data-start=\"191\" data-end=\"286\">antioksidacin\u0117mis savyb\u0117mis, padedan\u010diomis apsaugoti organizmo l\u0105steles nuo oksidacinio streso,<\/p>\n<p data-start=\"289\" data-end=\"347\">imunitet\u0105 stiprinan\u010diomis ir prie\u0161u\u017edegimin\u0117mis savyb\u0117mis,<\/p>\n<p data-start=\"289\" data-end=\"347\">normaliu kepen\u0173 veiklos ir vir\u0161kinimo palaikymu,<\/p>\n<p data-start=\"419\" data-end=\"468\">bendros savijautos ir gyvenimo balanso palaikymu.<\/p>\n<hr \/>\n<p data-start=\"2307\" data-end=\"2360\"><strong>Kod\u0117l verta rinktis Ciber\u017eol\u0119 su juoduoju pipiru?<\/strong><\/p>\n<p data-start=\"2364\" data-end=\"2395\">Augalin\u0117s kilm\u0117s ingredientai.<\/p>\n<p data-start=\"2398\" data-end=\"2436\">Be dirbtini\u0173 da\u017eikli\u0173 ir konservant\u0173.<\/p>\n<p data-start=\"2439\" data-end=\"2475\">Tinka kasdien\u0117s mitybos papildymui.<\/p>\n<p data-start=\"2478\" data-end=\"2494\">Patogu vartoti.<\/p>\n<hr \/>\n<p data-start=\"2496\" data-end=\"2512\"><strong>Kaip vartoti?<\/strong><\/p>\n<p data-start=\"2514\" data-end=\"2575\">Vartoti po 1 kapsul\u0119 per dien\u0105 su maistu, u\u017egeriant vandeniu.<\/p>\n<hr \/>\n<p data-start=\"2577\" data-end=\"2593\"><strong>Kam skirtas?<\/strong><\/p>\n<p data-start=\"2595\" data-end=\"2745\">Skirtas suaugusiesiems, kurie siekia papildyti kasdien\u0119 mityb\u0105 augalin\u0117s kilm\u0117s ingredientais ir vertina subalansuot\u0105 mityb\u0105 bei sveik\u0105 gyvenimo b\u016bd\u0105.<\/p>\n","protected":false},"excerpt":{"rendered":"<p>&nbsp;<\/p>\n<p>&nbsp;<\/p>\n","protected":false},"featured_media":8893,"comment_status":"open","ping_status":"closed","template":"","meta":[],"product_brand":[],"product_cat":[254,373,282,276,262,370,257,281,369,33,37,243,248,249,250,20,151,32,22,25,28,60,18,29,23,31,30,34,62,65,125],"product_tag":[],"class_list":{"0":"post-2243","1":"product","2":"type-product","3":"status-publish","4":"has-post-thumbnail","6":"product_cat-akcijos","7":"product_cat-kepenims-pagrindines-kategorijos","8":"product_cat-kepenu-funkcijai","9":"product_cat-nervu-sistemai-privalumai","10":"product_cat-odai-privalumai","11":"product_cat-organizmo-valymui-pagrindines-kategorijos","12":"product_cat-privalumai","13":"product_cat-virskinimo-sistemai","14":"product_cat-virskinimui-pagrindines-kategorijos","15":"product_cat-maisto-papildo-forma","16":"product_cat-kapsules","17":"product_cat-pagrindines-kategorijos","18":"product_cat-imunitetui-pagrindines-kategorijos","19":"product_cat-nervu-sistemai-pagrindines-kategorijos","20":"product_cat-sirdziai","21":"product_cat-paskirtis","22":"product_cat-ilgaamziskumui","23":"product_cat-imunitetui","24":"product_cat-kepenims","25":"product_cat-nervu-sistemai","26":"product_cat-sirdziai-paskirtis","27":"product_cat-virskinimui","28":"product_cat-vartotojas","29":"product_cat-moterys","30":"product_cat-paaugliai","31":"product_cat-senjorai","32":"product_cat-vyrai","33":"product_cat-veiklioji-medziaga","34":"product_cat-antioksidantai","35":"product_cat-ciberzole","36":"product_cat-juodasis-pipiras","38":"first","39":"instock","40":"sale","41":"shipping-taxable","42":"purchasable","43":"product-type-simple"},"yoast_head":"<!-- This site is optimized with the Yoast SEO plugin v26.6 - https:\/\/yoast.com\/wordpress\/plugins\/seo\/ -->\n<title>CIBER\u017dOL\u0116 N60 - Vitaminai ir maisto papildai internetu | Vitaminai.lt<\/title>\n<meta name=\"robots\" content=\"index, follow, max-snippet:-1, max-image-preview:large, max-video-preview:-1\" \/>\n<link rel=\"canonical\" href=\"https:\/\/vitaminai.lt\/produktas\/ciberzole-n60\/\" \/>\n<meta property=\"og:locale\" content=\"en_US\" \/>\n<meta property=\"og:type\" content=\"article\" \/>\n<meta property=\"og:title\" content=\"CIBER\u017dOL\u0116 N60 - Vitaminai ir maisto papildai internetu | Vitaminai.lt\" \/>\n<meta property=\"og:description\" content=\"&nbsp;  &nbsp;\" \/>\n<meta property=\"og:url\" content=\"https:\/\/vitaminai.lt\/produktas\/ciberzole-n60\/\" \/>\n<meta property=\"og:site_name\" content=\"Vitaminai ir maisto papildai internetu | Vitaminai.lt\" \/>\n<meta property=\"article:publisher\" content=\"https:\/\/www.facebook.com\/vitaminai\/\" \/>\n<meta property=\"article:modified_time\" content=\"2026-04-08T08:25:18+00:00\" \/>\n<meta property=\"og:image\" content=\"https:\/\/vitaminai.lt\/wp-content\/uploads\/2025\/01\/Ciberzole_Priekis-scaled.png\" \/>\n\t<meta property=\"og:image:width\" content=\"2560\" \/>\n\t<meta property=\"og:image:height\" content=\"2498\" \/>\n\t<meta property=\"og:image:type\" content=\"image\/png\" \/>\n<meta name=\"twitter:card\" content=\"summary_large_image\" \/>\n<meta name=\"twitter:label1\" content=\"Est. reading time\" \/>\n\t<meta name=\"twitter:data1\" content=\"2 minutes\" \/>\n<script type=\"application\/ld+json\" class=\"yoast-schema-graph\">{\"@context\":\"https:\/\/schema.org\",\"@graph\":[{\"@type\":\"WebPage\",\"@id\":\"https:\/\/vitaminai.lt\/produktas\/ciberzole-n60\/\",\"url\":\"https:\/\/vitaminai.lt\/produktas\/ciberzole-n60\/\",\"name\":\"CIBER\u017dOL\u0116 N60 - Vitaminai ir maisto papildai internetu | Vitaminai.lt\",\"isPartOf\":{\"@id\":\"https:\/\/vitaminai.lt\/#website\"},\"primaryImageOfPage\":{\"@id\":\"https:\/\/vitaminai.lt\/produktas\/ciberzole-n60\/#primaryimage\"},\"image\":{\"@id\":\"https:\/\/vitaminai.lt\/produktas\/ciberzole-n60\/#primaryimage\"},\"thumbnailUrl\":\"https:\/\/vitaminai.lt\/wp-content\/uploads\/2025\/01\/Ciberzole_Priekis-scaled.png\",\"datePublished\":\"2025-01-24T08:55:49+00:00\",\"dateModified\":\"2026-04-08T08:25:18+00:00\",\"breadcrumb\":{\"@id\":\"https:\/\/vitaminai.lt\/produktas\/ciberzole-n60\/#breadcrumb\"},\"inLanguage\":\"en-US\",\"potentialAction\":[{\"@type\":\"ReadAction\",\"target\":[\"https:\/\/vitaminai.lt\/produktas\/ciberzole-n60\/\"]}]},{\"@type\":\"ImageObject\",\"inLanguage\":\"en-US\",\"@id\":\"https:\/\/vitaminai.lt\/produktas\/ciberzole-n60\/#primaryimage\",\"url\":\"https:\/\/vitaminai.lt\/wp-content\/uploads\/2025\/01\/Ciberzole_Priekis-scaled.png\",\"contentUrl\":\"https:\/\/vitaminai.lt\/wp-content\/uploads\/2025\/01\/Ciberzole_Priekis-scaled.png\",\"width\":2560,\"height\":2498},{\"@type\":\"BreadcrumbList\",\"@id\":\"https:\/\/vitaminai.lt\/produktas\/ciberzole-n60\/#breadcrumb\",\"itemListElement\":[{\"@type\":\"ListItem\",\"position\":1,\"name\":\"Home\",\"item\":\"https:\/\/vitaminai.lt\/\"},{\"@type\":\"ListItem\",\"position\":2,\"name\":\"Produktai\",\"item\":\"https:\/\/vitaminai.lt\/produktai\/\"},{\"@type\":\"ListItem\",\"position\":3,\"name\":\"CIBER\u017dOL\u0116 N60\"}]},{\"@type\":\"WebSite\",\"@id\":\"https:\/\/vitaminai.lt\/#website\",\"url\":\"https:\/\/vitaminai.lt\/\",\"name\":\"Vitaminai ir maisto papildai internetu | Vitaminai.lt\",\"description\":\"\",\"publisher\":{\"@id\":\"https:\/\/vitaminai.lt\/#organization\"},\"potentialAction\":[{\"@type\":\"SearchAction\",\"target\":{\"@type\":\"EntryPoint\",\"urlTemplate\":\"https:\/\/vitaminai.lt\/?s={search_term_string}\"},\"query-input\":{\"@type\":\"PropertyValueSpecification\",\"valueRequired\":true,\"valueName\":\"search_term_string\"}}],\"inLanguage\":\"en-US\"},{\"@type\":\"Organization\",\"@id\":\"https:\/\/vitaminai.lt\/#organization\",\"name\":\"Vitaminai ir maisto papildai internetu | Vitaminai.lt\",\"url\":\"https:\/\/vitaminai.lt\/\",\"logo\":{\"@type\":\"ImageObject\",\"inLanguage\":\"en-US\",\"@id\":\"https:\/\/vitaminai.lt\/#\/schema\/logo\/image\/\",\"url\":\"https:\/\/vitaminai.lt\/wp-content\/uploads\/2025\/01\/g212.png\",\"contentUrl\":\"https:\/\/vitaminai.lt\/wp-content\/uploads\/2025\/01\/g212.png\",\"width\":313,\"height\":74,\"caption\":\"Vitaminai ir maisto papildai internetu | Vitaminai.lt\"},\"image\":{\"@id\":\"https:\/\/vitaminai.lt\/#\/schema\/logo\/image\/\"},\"sameAs\":[\"https:\/\/www.facebook.com\/vitaminai\/\"]}]}<\/script>\n<!-- \/ Yoast SEO plugin. -->","yoast_head_json":{"title":"CIBER\u017dOL\u0116 N60 - Vitaminai ir maisto papildai internetu | Vitaminai.lt","robots":{"index":"index","follow":"follow","max-snippet":"max-snippet:-1","max-image-preview":"max-image-preview:large","max-video-preview":"max-video-preview:-1"},"canonical":"https:\/\/vitaminai.lt\/produktas\/ciberzole-n60\/","og_locale":"en_US","og_type":"article","og_title":"CIBER\u017dOL\u0116 N60 - Vitaminai ir maisto papildai internetu | Vitaminai.lt","og_description":"&nbsp;  &nbsp;","og_url":"https:\/\/vitaminai.lt\/produktas\/ciberzole-n60\/","og_site_name":"Vitaminai ir maisto papildai internetu | Vitaminai.lt","article_publisher":"https:\/\/www.facebook.com\/vitaminai\/","article_modified_time":"2026-04-08T08:25:18+00:00","og_image":[{"width":2560,"height":2498,"url":"https:\/\/vitaminai.lt\/wp-content\/uploads\/2025\/01\/Ciberzole_Priekis-scaled.png","type":"image\/png"}],"twitter_card":"summary_large_image","twitter_misc":{"Est. reading time":"2 minutes"},"schema":{"@context":"https:\/\/schema.org","@graph":[{"@type":"WebPage","@id":"https:\/\/vitaminai.lt\/produktas\/ciberzole-n60\/","url":"https:\/\/vitaminai.lt\/produktas\/ciberzole-n60\/","name":"CIBER\u017dOL\u0116 N60 - Vitaminai ir maisto papildai internetu | Vitaminai.lt","isPartOf":{"@id":"https:\/\/vitaminai.lt\/#website"},"primaryImageOfPage":{"@id":"https:\/\/vitaminai.lt\/produktas\/ciberzole-n60\/#primaryimage"},"image":{"@id":"https:\/\/vitaminai.lt\/produktas\/ciberzole-n60\/#primaryimage"},"thumbnailUrl":"https:\/\/vitaminai.lt\/wp-content\/uploads\/2025\/01\/Ciberzole_Priekis-scaled.png","datePublished":"2025-01-24T08:55:49+00:00","dateModified":"2026-04-08T08:25:18+00:00","breadcrumb":{"@id":"https:\/\/vitaminai.lt\/produktas\/ciberzole-n60\/#breadcrumb"},"inLanguage":"en-US","potentialAction":[{"@type":"ReadAction","target":["https:\/\/vitaminai.lt\/produktas\/ciberzole-n60\/"]}]},{"@type":"ImageObject","inLanguage":"en-US","@id":"https:\/\/vitaminai.lt\/produktas\/ciberzole-n60\/#primaryimage","url":"https:\/\/vitaminai.lt\/wp-content\/uploads\/2025\/01\/Ciberzole_Priekis-scaled.png","contentUrl":"https:\/\/vitaminai.lt\/wp-content\/uploads\/2025\/01\/Ciberzole_Priekis-scaled.png","width":2560,"height":2498},{"@type":"BreadcrumbList","@id":"https:\/\/vitaminai.lt\/produktas\/ciberzole-n60\/#breadcrumb","itemListElement":[{"@type":"ListItem","position":1,"name":"Home","item":"https:\/\/vitaminai.lt\/"},{"@type":"ListItem","position":2,"name":"Produktai","item":"https:\/\/vitaminai.lt\/produktai\/"},{"@type":"ListItem","position":3,"name":"CIBER\u017dOL\u0116 N60"}]},{"@type":"WebSite","@id":"https:\/\/vitaminai.lt\/#website","url":"https:\/\/vitaminai.lt\/","name":"Vitaminai ir maisto papildai internetu | Vitaminai.lt","description":"","publisher":{"@id":"https:\/\/vitaminai.lt\/#organization"},"potentialAction":[{"@type":"SearchAction","target":{"@type":"EntryPoint","urlTemplate":"https:\/\/vitaminai.lt\/?s={search_term_string}"},"query-input":{"@type":"PropertyValueSpecification","valueRequired":true,"valueName":"search_term_string"}}],"inLanguage":"en-US"},{"@type":"Organization","@id":"https:\/\/vitaminai.lt\/#organization","name":"Vitaminai ir maisto papildai internetu | Vitaminai.lt","url":"https:\/\/vitaminai.lt\/","logo":{"@type":"ImageObject","inLanguage":"en-US","@id":"https:\/\/vitaminai.lt\/#\/schema\/logo\/image\/","url":"https:\/\/vitaminai.lt\/wp-content\/uploads\/2025\/01\/g212.png","contentUrl":"https:\/\/vitaminai.lt\/wp-content\/uploads\/2025\/01\/g212.png","width":313,"height":74,"caption":"Vitaminai ir maisto papildai internetu | Vitaminai.lt"},"image":{"@id":"https:\/\/vitaminai.lt\/#\/schema\/logo\/image\/"},"sameAs":["https:\/\/www.facebook.com\/vitaminai\/"]}]}},"_links":{"self":[{"href":"https:\/\/vitaminai.lt\/en\/wp-json\/wp\/v2\/product\/2243","targetHints":{"allow":["GET"]}}],"collection":[{"href":"https:\/\/vitaminai.lt\/en\/wp-json\/wp\/v2\/product"}],"about":[{"href":"https:\/\/vitaminai.lt\/en\/wp-json\/wp\/v2\/types\/product"}],"replies":[{"embeddable":true,"href":"https:\/\/vitaminai.lt\/en\/wp-json\/wp\/v2\/comments?post=2243"}],"wp:featuredmedia":[{"embeddable":true,"href":"https:\/\/vitaminai.lt\/en\/wp-json\/wp\/v2\/media\/8893"}],"wp:attachment":[{"href":"https:\/\/vitaminai.lt\/en\/wp-json\/wp\/v2\/media?parent=2243"}],"wp:term":[{"taxonomy":"product_brand","embeddable":true,"href":"https:\/\/vitaminai.lt\/en\/wp-json\/wp\/v2\/product_brand?post=2243"},{"taxonomy":"product_cat","embeddable":true,"href":"https:\/\/vitaminai.lt\/en\/wp-json\/wp\/v2\/product_cat?post=2243"},{"taxonomy":"product_tag","embeddable":true,"href":"https:\/\/vitaminai.lt\/en\/wp-json\/wp\/v2\/product_tag?post=2243"}],"curies":[{"name":"wp","href":"https:\/\/api.w.org\/{rel}","templated":true}]}}