{"id":2246,"date":"2025-01-24T16:26:36","date_gmt":"2025-01-24T14:26:36","guid":{"rendered":"https:\/\/vitaminai.lt\/?post_type=product&#038;p=2246"},"modified":"2026-04-08T10:25:19","modified_gmt":"2026-04-08T08:25:19","slug":"multivit-moterims-su-omega-3-premium-n60","status":"publish","type":"product","link":"https:\/\/vitaminai.lt\/en\/produktas\/multivit-moterims-su-omega-3-premium-n60\/","title":{"rendered":"Multivitaminai MULTIVIT moterims su Omega-3 PREMIUM N60"},"content":{"rendered":"<h3 data-start=\"231\" data-end=\"276\"><strong data-start=\"234\" data-end=\"274\">Multivit moterims su Omega-3 Premium<\/strong><\/h3>\n<p data-start=\"277\" data-end=\"318\"><strong data-start=\"277\" data-end=\"318\">Maisto papildas | 60 mink\u0161t\u0173 kapsuli\u0173<del><\/del><\/strong><\/p>\n<hr \/>\n<p data-start=\"295\" data-end=\"624\"><strong data-start=\"295\" data-end=\"337\">\u201eMultivit moterims su Omega-3 Premium\u201c<\/strong> \u2013 tai subalansuotas maisto papildas, sukurtas atsi\u017evelgiant \u012f \u0161iuolaikin\u0117s moters kasdienius mitybos poreikius. Produkto sud\u0117tyje yra kruop\u0161\u010diai atrinkti vitaminai, mineralai, augaliniai ingredientai ir auk\u0161tos kokyb\u0117s \u017euv\u0173 taukai, kuri\u0173 sud\u0117tyje yra omega-3 riebal\u0173 r\u016bg\u0161\u010di\u0173 EPR ir DHR.<\/p>\n<hr \/>\n<p data-start=\"212\" data-end=\"386\"><strong data-start=\"212\" data-end=\"252\">Omega-3 riebal\u0173 r\u016bg\u0161tys (EPR ir DHR)<\/strong> \u2013 EPR ir DHR padeda palaikyti normali\u0105 \u0161irdies veikl\u0105, o DHR taip pat prisideda prie normalios smegen\u0173 veiklos ir reg\u0117jimo palaikymo.<\/p>\n<p data-start=\"388\" data-end=\"564\"><strong data-start=\"388\" data-end=\"410\">B grup\u0117s vitaminai<\/strong> \u2013 prisideda prie normalios energijos apykaitos, padeda ma\u017einti pavargimo jausm\u0105 ir nuovarg\u012f bei palaiko normali\u0105 nerv\u0173 sistemos ir psichologin\u0119 funkcij\u0105.<\/p>\n<p data-start=\"566\" data-end=\"744\"><strong data-start=\"566\" data-end=\"581\">Vitaminas C<\/strong> \u2013 prisideda prie normalios imunin\u0117s sistemos veiklos, normalaus kolageno susidarymo organizme, normalios energijos apykaitos ir normalios psichologin\u0117s funkcijos.<\/p>\n<p data-start=\"746\" data-end=\"900\"><strong data-start=\"746\" data-end=\"757\">Gele\u017eis<\/strong> \u2013 prisideda prie normalios energijos apykaitos, padeda ma\u017einti pavargimo jausm\u0105 ir nuovarg\u012f bei palaiko normal\u0173 deguonies perne\u0161im\u0105 organizme.<\/p>\n<p data-start=\"902\" data-end=\"1031\"><strong data-start=\"902\" data-end=\"912\">Cinkas<\/strong> \u2013 prisideda prie normalios angliavandeni\u0173 apykaitos, normalios pa\u017einimo funkcijos ir normalios kaul\u0173 b\u016bkl\u0117s palaikymo.<\/p>\n<p data-start=\"1033\" data-end=\"1166\"><strong data-start=\"1033\" data-end=\"1044\">Selenas<\/strong> \u2013 prisideda prie normalios plauk\u0173 b\u016bkl\u0117s palaikymo, normalios imunin\u0117s sistemos veiklos ir normalios skydliauk\u0117s veiklos.<\/p>\n<p data-start=\"1168\" data-end=\"1298\"><strong data-start=\"1168\" data-end=\"1177\">Varis<\/strong> \u2013 prisideda prie normalios imunin\u0117s sistemos veiklos, normalios nerv\u0173 sistemos veiklos ir normalios energijos apykaitos.<\/p>\n<p data-start=\"1300\" data-end=\"1446\"><strong data-start=\"1300\" data-end=\"1390\">\u0160altalanki\u0173 aliejus, bioflavonoidai, dirvinio asi\u016bklio ir \u017ealiosios arbatos ekstraktai<\/strong> \u2013 augaliniai ingredientai, papildantys produkto sud\u0117t\u012f.<\/p>\n<hr \/>\n<p data-start=\"1212\" data-end=\"1241\"><strong data-start=\"1212\" data-end=\"1241\">Kam skirtas \u0161is papildas?<\/strong><\/p>\n<p data-start=\"1245\" data-end=\"1320\">Moterims, kurios ie\u0161ko subalansuoto maisto papildo kasdieniam vartojimui.<\/p>\n<p data-start=\"1323\" data-end=\"1405\">Aktyvioms moterims, norin\u010dioms papildyti kasdien\u0119 mityb\u0105 vitaminais ir mineralais.<\/p>\n<hr \/>\n<p data-start=\"1407\" data-end=\"1537\"><strong data-start=\"1407\" data-end=\"1449\">\u201eMultivit moterims su Omega-3 Premium\u201c<\/strong> \u2013 subalansuotas maisto papildas su vitaminais, mineralais ir Omega-3 riebal\u0173 r\u016bg\u0161timis.<\/p>\n","protected":false},"excerpt":{"rendered":"<p>Multivit moterims su Omega-3 Premium Maisto papildas | 60 mink\u0161t\u0173 kapsuli\u0173 \u201eMultivit moterims su Omega-3 Premium\u201c \u2013 tai subalansuotas maisto papildas, sukurtas atsi\u017evelgiant \u012f \u0161iuolaikin\u0117s moters kasdienius mitybos poreikius. Produkto sud\u0117tyje yra kruop\u0161\u010diai atrinkti vitaminai, mineralai, augaliniai ingredientai ir auk\u0161tos kokyb\u0117s \u017euv\u0173 taukai, kuri\u0173 sud\u0117tyje yra omega-3 riebal\u0173 r\u016bg\u0161\u010di\u0173 EPR ir DHR. Omega-3 riebal\u0173 r\u016bg\u0161tys [&hellip;]<\/p>\n","protected":false},"featured_media":2257,"comment_status":"open","ping_status":"closed","template":"","meta":[],"product_brand":[],"product_cat":[403,391,395,266,349,279,371,277,376,257,275,290,33,39,244,246,247,248,249,250,252,253,20,229,26,47,143,32,147,52,25,171,54,55,184,142,185,28,144,186,18,29,34,66,69,70,88,220,92,93,95,96,97,98],"product_tag":[],"class_list":{"0":"post-2246","1":"product","2":"type-product","3":"status-publish","4":"has-post-thumbnail","6":"product_cat-11-viskam","7":"product_cat-atminciai-2","8":"product_cat-b-grupes","9":"product_cat-energijai-privalumai","10":"product_cat-gerai-psichologinei-savijautai","11":"product_cat-hormonu-reguliavimui-privalumai","12":"product_cat-nagams-pagrindines-kategorijos","13":"product_cat-nuovargio-mazinimui-privalumai","14":"product_cat-populiariausi-produktai","15":"product_cat-privalumai","16":"product_cat-protinei-veiklai-privalumai","17":"product_cat-sirdies-veiklai","18":"product_cat-maisto-papildo-forma","19":"product_cat-minkstos-kapsules","20":"product_cat-moterims","21":"product_cat-groziui-2","22":"product_cat-energijai-pagrindines-kategorijos","23":"product_cat-imunitetui-pagrindines-kategorijos","24":"product_cat-nervu-sistemai-pagrindines-kategorijos","25":"product_cat-sirdziai","26":"product_cat-odai-pagrindines-kategorijos","27":"product_cat-plaukams-pagrindines-kategorijos","28":"product_cat-paskirtis","29":"product_cat-emocinei-pusiausvyrai","30":"product_cat-energijai","31":"product_cat-groziui","32":"product_cat-hormonu-reguliavimui","33":"product_cat-imunitetui","34":"product_cat-kolageno-sintezei","35":"product_cat-nagams","36":"product_cat-nervu-sistemai","37":"product_cat-nuovargio-mazinimui","38":"product_cat-odai","39":"product_cat-plaukams","40":"product_cat-prostatos-funkcijai","41":"product_cat-protinei-veiklai","42":"product_cat-reprodukcinei-funkcijai","43":"product_cat-sirdziai-paskirtis","44":"product_cat-smegenu-veiklai","45":"product_cat-vyriskumo-palaikymui","46":"product_cat-vartotojas","47":"product_cat-moterys","48":"product_cat-veiklioji-medziaga","49":"product_cat-cinkas","50":"product_cat-folio-rugstis","51":"product_cat-gelezis","52":"product_cat-omega-3","53":"product_cat-saltalankiu-aliejus","54":"product_cat-selenas","55":"product_cat-varis","56":"product_cat-vitaminas-b","57":"product_cat-vitaminas-c","58":"product_cat-vitaminas-d","59":"product_cat-vitaminas-e","61":"first","62":"instock","63":"shipping-taxable","64":"purchasable","65":"product-type-simple"},"yoast_head":"<!-- This site is optimized with the Yoast SEO plugin v26.6 - https:\/\/yoast.com\/wordpress\/plugins\/seo\/ -->\n<title>Multivitaminai MULTIVIT moterims su Omega-3 PREMIUM N60 - Vitaminai ir maisto papildai internetu | Vitaminai.lt<\/title>\n<meta name=\"robots\" content=\"index, follow, max-snippet:-1, max-image-preview:large, max-video-preview:-1\" \/>\n<link rel=\"canonical\" href=\"https:\/\/vitaminai.lt\/produktas\/multivit-moterims-su-omega-3-premium-n60\/\" \/>\n<meta property=\"og:locale\" content=\"en_US\" \/>\n<meta property=\"og:type\" content=\"article\" \/>\n<meta property=\"og:title\" content=\"Multivitaminai MULTIVIT moterims su Omega-3 PREMIUM N60 - Vitaminai ir maisto papildai internetu | Vitaminai.lt\" \/>\n<meta property=\"og:description\" content=\"Multivit moterims su Omega-3 Premium Maisto papildas | 60 mink\u0161t\u0173 kapsuli\u0173 \u201eMultivit moterims su Omega-3 Premium\u201c \u2013 tai subalansuotas maisto papildas, sukurtas atsi\u017evelgiant \u012f \u0161iuolaikin\u0117s moters kasdienius mitybos poreikius. Produkto sud\u0117tyje yra kruop\u0161\u010diai atrinkti vitaminai, mineralai, augaliniai ingredientai ir auk\u0161tos kokyb\u0117s \u017euv\u0173 taukai, kuri\u0173 sud\u0117tyje yra omega-3 riebal\u0173 r\u016bg\u0161\u010di\u0173 EPR ir DHR. Omega-3 riebal\u0173 r\u016bg\u0161tys [&hellip;]\" \/>\n<meta property=\"og:url\" content=\"https:\/\/vitaminai.lt\/produktas\/multivit-moterims-su-omega-3-premium-n60\/\" \/>\n<meta property=\"og:site_name\" content=\"Vitaminai ir maisto papildai internetu | Vitaminai.lt\" \/>\n<meta property=\"article:publisher\" content=\"https:\/\/www.facebook.com\/vitaminai\/\" \/>\n<meta property=\"article:modified_time\" content=\"2026-04-08T08:25:19+00:00\" \/>\n<meta property=\"og:image\" content=\"https:\/\/vitaminai.lt\/wp-content\/uploads\/2025\/01\/Multivit_priekis-2.png\" \/>\n\t<meta property=\"og:image:width\" content=\"1500\" \/>\n\t<meta property=\"og:image:height\" content=\"1455\" \/>\n\t<meta property=\"og:image:type\" content=\"image\/png\" \/>\n<meta name=\"twitter:card\" content=\"summary_large_image\" \/>\n<meta name=\"twitter:label1\" content=\"Est. reading time\" \/>\n\t<meta name=\"twitter:data1\" content=\"2 minutes\" \/>\n<script type=\"application\/ld+json\" class=\"yoast-schema-graph\">{\"@context\":\"https:\/\/schema.org\",\"@graph\":[{\"@type\":\"WebPage\",\"@id\":\"https:\/\/vitaminai.lt\/produktas\/multivit-moterims-su-omega-3-premium-n60\/\",\"url\":\"https:\/\/vitaminai.lt\/produktas\/multivit-moterims-su-omega-3-premium-n60\/\",\"name\":\"Multivitaminai MULTIVIT moterims su Omega-3 PREMIUM N60 - Vitaminai ir maisto papildai internetu | Vitaminai.lt\",\"isPartOf\":{\"@id\":\"https:\/\/vitaminai.lt\/#website\"},\"primaryImageOfPage\":{\"@id\":\"https:\/\/vitaminai.lt\/produktas\/multivit-moterims-su-omega-3-premium-n60\/#primaryimage\"},\"image\":{\"@id\":\"https:\/\/vitaminai.lt\/produktas\/multivit-moterims-su-omega-3-premium-n60\/#primaryimage\"},\"thumbnailUrl\":\"https:\/\/vitaminai.lt\/wp-content\/uploads\/2025\/01\/Multivit_priekis-2.png\",\"datePublished\":\"2025-01-24T14:26:36+00:00\",\"dateModified\":\"2026-04-08T08:25:19+00:00\",\"breadcrumb\":{\"@id\":\"https:\/\/vitaminai.lt\/produktas\/multivit-moterims-su-omega-3-premium-n60\/#breadcrumb\"},\"inLanguage\":\"en-US\",\"potentialAction\":[{\"@type\":\"ReadAction\",\"target\":[\"https:\/\/vitaminai.lt\/produktas\/multivit-moterims-su-omega-3-premium-n60\/\"]}]},{\"@type\":\"ImageObject\",\"inLanguage\":\"en-US\",\"@id\":\"https:\/\/vitaminai.lt\/produktas\/multivit-moterims-su-omega-3-premium-n60\/#primaryimage\",\"url\":\"https:\/\/vitaminai.lt\/wp-content\/uploads\/2025\/01\/Multivit_priekis-2.png\",\"contentUrl\":\"https:\/\/vitaminai.lt\/wp-content\/uploads\/2025\/01\/Multivit_priekis-2.png\",\"width\":1500,\"height\":1455},{\"@type\":\"BreadcrumbList\",\"@id\":\"https:\/\/vitaminai.lt\/produktas\/multivit-moterims-su-omega-3-premium-n60\/#breadcrumb\",\"itemListElement\":[{\"@type\":\"ListItem\",\"position\":1,\"name\":\"Home\",\"item\":\"https:\/\/vitaminai.lt\/\"},{\"@type\":\"ListItem\",\"position\":2,\"name\":\"Produktai\",\"item\":\"https:\/\/vitaminai.lt\/produktai\/\"},{\"@type\":\"ListItem\",\"position\":3,\"name\":\"Multivitaminai MULTIVIT moterims su Omega-3 PREMIUM N60\"}]},{\"@type\":\"WebSite\",\"@id\":\"https:\/\/vitaminai.lt\/#website\",\"url\":\"https:\/\/vitaminai.lt\/\",\"name\":\"Vitaminai ir maisto papildai internetu | Vitaminai.lt\",\"description\":\"\",\"publisher\":{\"@id\":\"https:\/\/vitaminai.lt\/#organization\"},\"potentialAction\":[{\"@type\":\"SearchAction\",\"target\":{\"@type\":\"EntryPoint\",\"urlTemplate\":\"https:\/\/vitaminai.lt\/?s={search_term_string}\"},\"query-input\":{\"@type\":\"PropertyValueSpecification\",\"valueRequired\":true,\"valueName\":\"search_term_string\"}}],\"inLanguage\":\"en-US\"},{\"@type\":\"Organization\",\"@id\":\"https:\/\/vitaminai.lt\/#organization\",\"name\":\"Vitaminai ir maisto papildai internetu | Vitaminai.lt\",\"url\":\"https:\/\/vitaminai.lt\/\",\"logo\":{\"@type\":\"ImageObject\",\"inLanguage\":\"en-US\",\"@id\":\"https:\/\/vitaminai.lt\/#\/schema\/logo\/image\/\",\"url\":\"https:\/\/vitaminai.lt\/wp-content\/uploads\/2025\/01\/g212.png\",\"contentUrl\":\"https:\/\/vitaminai.lt\/wp-content\/uploads\/2025\/01\/g212.png\",\"width\":313,\"height\":74,\"caption\":\"Vitaminai ir maisto papildai internetu | Vitaminai.lt\"},\"image\":{\"@id\":\"https:\/\/vitaminai.lt\/#\/schema\/logo\/image\/\"},\"sameAs\":[\"https:\/\/www.facebook.com\/vitaminai\/\"]}]}<\/script>\n<!-- \/ Yoast SEO plugin. -->","yoast_head_json":{"title":"Multivitaminai MULTIVIT moterims su Omega-3 PREMIUM N60 - Vitaminai ir maisto papildai internetu | Vitaminai.lt","robots":{"index":"index","follow":"follow","max-snippet":"max-snippet:-1","max-image-preview":"max-image-preview:large","max-video-preview":"max-video-preview:-1"},"canonical":"https:\/\/vitaminai.lt\/produktas\/multivit-moterims-su-omega-3-premium-n60\/","og_locale":"en_US","og_type":"article","og_title":"Multivitaminai MULTIVIT moterims su Omega-3 PREMIUM N60 - Vitaminai ir maisto papildai internetu | Vitaminai.lt","og_description":"Multivit moterims su Omega-3 Premium Maisto papildas | 60 mink\u0161t\u0173 kapsuli\u0173 \u201eMultivit moterims su Omega-3 Premium\u201c \u2013 tai subalansuotas maisto papildas, sukurtas atsi\u017evelgiant \u012f \u0161iuolaikin\u0117s moters kasdienius mitybos poreikius. Produkto sud\u0117tyje yra kruop\u0161\u010diai atrinkti vitaminai, mineralai, augaliniai ingredientai ir auk\u0161tos kokyb\u0117s \u017euv\u0173 taukai, kuri\u0173 sud\u0117tyje yra omega-3 riebal\u0173 r\u016bg\u0161\u010di\u0173 EPR ir DHR. Omega-3 riebal\u0173 r\u016bg\u0161tys [&hellip;]","og_url":"https:\/\/vitaminai.lt\/produktas\/multivit-moterims-su-omega-3-premium-n60\/","og_site_name":"Vitaminai ir maisto papildai internetu | Vitaminai.lt","article_publisher":"https:\/\/www.facebook.com\/vitaminai\/","article_modified_time":"2026-04-08T08:25:19+00:00","og_image":[{"width":1500,"height":1455,"url":"https:\/\/vitaminai.lt\/wp-content\/uploads\/2025\/01\/Multivit_priekis-2.png","type":"image\/png"}],"twitter_card":"summary_large_image","twitter_misc":{"Est. reading time":"2 minutes"},"schema":{"@context":"https:\/\/schema.org","@graph":[{"@type":"WebPage","@id":"https:\/\/vitaminai.lt\/produktas\/multivit-moterims-su-omega-3-premium-n60\/","url":"https:\/\/vitaminai.lt\/produktas\/multivit-moterims-su-omega-3-premium-n60\/","name":"Multivitaminai MULTIVIT moterims su Omega-3 PREMIUM N60 - Vitaminai ir maisto papildai internetu | Vitaminai.lt","isPartOf":{"@id":"https:\/\/vitaminai.lt\/#website"},"primaryImageOfPage":{"@id":"https:\/\/vitaminai.lt\/produktas\/multivit-moterims-su-omega-3-premium-n60\/#primaryimage"},"image":{"@id":"https:\/\/vitaminai.lt\/produktas\/multivit-moterims-su-omega-3-premium-n60\/#primaryimage"},"thumbnailUrl":"https:\/\/vitaminai.lt\/wp-content\/uploads\/2025\/01\/Multivit_priekis-2.png","datePublished":"2025-01-24T14:26:36+00:00","dateModified":"2026-04-08T08:25:19+00:00","breadcrumb":{"@id":"https:\/\/vitaminai.lt\/produktas\/multivit-moterims-su-omega-3-premium-n60\/#breadcrumb"},"inLanguage":"en-US","potentialAction":[{"@type":"ReadAction","target":["https:\/\/vitaminai.lt\/produktas\/multivit-moterims-su-omega-3-premium-n60\/"]}]},{"@type":"ImageObject","inLanguage":"en-US","@id":"https:\/\/vitaminai.lt\/produktas\/multivit-moterims-su-omega-3-premium-n60\/#primaryimage","url":"https:\/\/vitaminai.lt\/wp-content\/uploads\/2025\/01\/Multivit_priekis-2.png","contentUrl":"https:\/\/vitaminai.lt\/wp-content\/uploads\/2025\/01\/Multivit_priekis-2.png","width":1500,"height":1455},{"@type":"BreadcrumbList","@id":"https:\/\/vitaminai.lt\/produktas\/multivit-moterims-su-omega-3-premium-n60\/#breadcrumb","itemListElement":[{"@type":"ListItem","position":1,"name":"Home","item":"https:\/\/vitaminai.lt\/"},{"@type":"ListItem","position":2,"name":"Produktai","item":"https:\/\/vitaminai.lt\/produktai\/"},{"@type":"ListItem","position":3,"name":"Multivitaminai MULTIVIT moterims su Omega-3 PREMIUM N60"}]},{"@type":"WebSite","@id":"https:\/\/vitaminai.lt\/#website","url":"https:\/\/vitaminai.lt\/","name":"Vitaminai ir maisto papildai internetu | Vitaminai.lt","description":"","publisher":{"@id":"https:\/\/vitaminai.lt\/#organization"},"potentialAction":[{"@type":"SearchAction","target":{"@type":"EntryPoint","urlTemplate":"https:\/\/vitaminai.lt\/?s={search_term_string}"},"query-input":{"@type":"PropertyValueSpecification","valueRequired":true,"valueName":"search_term_string"}}],"inLanguage":"en-US"},{"@type":"Organization","@id":"https:\/\/vitaminai.lt\/#organization","name":"Vitaminai ir maisto papildai internetu | Vitaminai.lt","url":"https:\/\/vitaminai.lt\/","logo":{"@type":"ImageObject","inLanguage":"en-US","@id":"https:\/\/vitaminai.lt\/#\/schema\/logo\/image\/","url":"https:\/\/vitaminai.lt\/wp-content\/uploads\/2025\/01\/g212.png","contentUrl":"https:\/\/vitaminai.lt\/wp-content\/uploads\/2025\/01\/g212.png","width":313,"height":74,"caption":"Vitaminai ir maisto papildai internetu | Vitaminai.lt"},"image":{"@id":"https:\/\/vitaminai.lt\/#\/schema\/logo\/image\/"},"sameAs":["https:\/\/www.facebook.com\/vitaminai\/"]}]}},"_links":{"self":[{"href":"https:\/\/vitaminai.lt\/en\/wp-json\/wp\/v2\/product\/2246","targetHints":{"allow":["GET"]}}],"collection":[{"href":"https:\/\/vitaminai.lt\/en\/wp-json\/wp\/v2\/product"}],"about":[{"href":"https:\/\/vitaminai.lt\/en\/wp-json\/wp\/v2\/types\/product"}],"replies":[{"embeddable":true,"href":"https:\/\/vitaminai.lt\/en\/wp-json\/wp\/v2\/comments?post=2246"}],"wp:featuredmedia":[{"embeddable":true,"href":"https:\/\/vitaminai.lt\/en\/wp-json\/wp\/v2\/media\/2257"}],"wp:attachment":[{"href":"https:\/\/vitaminai.lt\/en\/wp-json\/wp\/v2\/media?parent=2246"}],"wp:term":[{"taxonomy":"product_brand","embeddable":true,"href":"https:\/\/vitaminai.lt\/en\/wp-json\/wp\/v2\/product_brand?post=2246"},{"taxonomy":"product_cat","embeddable":true,"href":"https:\/\/vitaminai.lt\/en\/wp-json\/wp\/v2\/product_cat?post=2246"},{"taxonomy":"product_tag","embeddable":true,"href":"https:\/\/vitaminai.lt\/en\/wp-json\/wp\/v2\/product_tag?post=2246"}],"curies":[{"name":"wp","href":"https:\/\/api.w.org\/{rel}","templated":true}]}}