{"id":2351,"date":"2025-01-10T10:45:26","date_gmt":"2025-01-10T08:45:26","guid":{"rendered":"https:\/\/vitaminai.lt\/?post_type=product&#038;p=2351"},"modified":"2026-04-02T15:04:33","modified_gmt":"2026-04-02T13:04:33","slug":"pektininiai-guminukai-miegui-sleep-well-n60","status":"publish","type":"product","link":"https:\/\/vitaminai.lt\/en\/produktas\/pektininiai-guminukai-miegui-sleep-well-n60\/","title":{"rendered":"Pektininiai guminukai miegui SLEEP WELL N60"},"content":{"rendered":"<h3 data-start=\"193\" data-end=\"296\"><strong data-start=\"193\" data-end=\"244\">Sleep Well \u2013 ramyb\u0117s ir kokybi\u0161ko miego formul\u0117<\/strong><\/h3>\n<p data-start=\"193\" data-end=\"296\"><strong>Maisto papildas | 60 bra\u0161ki\u0173 skonio guminuk\u0173<\/strong><\/p>\n<hr \/>\n<p data-start=\"250\" data-end=\"426\"><strong>\u201eSleep Well\u201c<\/strong> \u2013 tai skan\u016bs bra\u0161ki\u0173 skonio guminukai su melatoninu ir vitaminu B6, sukurti pad\u0117ti grei\u010diau u\u017emigti ir palaikyti kokybi\u0161k\u0105 poils\u012f. Produktas pagamintas nenaudojant geneti\u0161kai modifikuot\u0173 organizm\u0173.<\/p>\n<hr \/>\n<p data-start=\"593\" data-end=\"643\"><strong>Pagrindin\u0117s sudedamosios dalys ir j\u0173 poveikis:<\/strong><\/p>\n<p data-start=\"645\" data-end=\"817\"><strong data-start=\"825\" data-end=\"840\">Melatoninas:<\/strong><\/p>\n<p data-start=\"645\" data-end=\"817\">Padeda sutrumpinti u\u017emigimo laik\u0105 ir padeda suma\u017einti subjektyv\u0173 laiko juost\u0173 skirtumo poj\u016bt\u012f. Vartojamas prie\u0161 mieg\u0105 arba kelioni\u0173 per laiko juostas metu.<\/p>\n<p data-start=\"819\" data-end=\"1060\"><strong data-start=\"819\" data-end=\"835\">Vitaminas B6:<\/strong><\/p>\n<p data-start=\"819\" data-end=\"1060\">Palaiko normali\u0105 energijos apykait\u0105 ir padeda suma\u017einti nuovarg\u012f.<br data-start=\"906\" data-end=\"909\" \/>Prisideda prie nerv\u0173 sistemos veiklos ir psichologin\u0117s funkcijos palaikymo.<br data-start=\"986\" data-end=\"989\" \/>Prisideda prie normalios hormon\u0173 aktyvumo reguliacijos.<\/p>\n<hr \/>\n<p data-start=\"1062\" data-end=\"1321\"><strong data-start=\"1062\" data-end=\"1091\">Kam skirtas \u0161is papildas?<\/strong><\/p>\n<p data-start=\"1062\" data-end=\"1321\">Asmenims, siekiantiems lengviau u\u017emigti;<br data-start=\"1980\" data-end=\"1983\" \/>Da\u017enai keliaujantiems per laiko juostas;<br data-start=\"2025\" data-end=\"2028\" \/>Siekiantiems palaikyti normali\u0105 nerv\u0173 sistemos veikl\u0105 ir energijos apykait\u0105.<\/p>\n","protected":false},"excerpt":{"rendered":"<p>Sleep Well \u2013 ramyb\u0117s ir kokybi\u0161ko miego formul\u0117 Maisto papildas | 60 bra\u0161ki\u0173 skonio guminuk\u0173 \u201eSleep Well\u201c \u2013 tai skan\u016bs bra\u0161ki\u0173 skonio guminukai su melatoninu ir vitaminu B6, sukurti pad\u0117ti grei\u010diau u\u017emigti ir palaikyti kokybi\u0161k\u0105 poils\u012f. Produktas pagamintas nenaudojant geneti\u0161kai modifikuot\u0173 organizm\u0173. Pagrindin\u0117s sudedamosios dalys ir j\u0173 poveikis: Melatoninas: Padeda sutrumpinti u\u017emigimo laik\u0105 ir padeda [&hellip;]<\/p>\n","protected":false},"featured_media":379,"comment_status":"open","ping_status":"closed","template":"","meta":[],"product_brand":[],"product_cat":[279,328,375,392,276,307,335,376,257,294,33,36,243,244,245,249,20,51,25,171,144,18,29,23,31,30,34,84,95],"product_tag":[],"class_list":{"0":"post-2351","1":"product","2":"type-product","3":"status-publish","4":"has-post-thumbnail","6":"product_cat-hormonu-reguliavimui-privalumai","7":"product_cat-kokybiskam-miegui","8":"product_cat-menesio-prekes","9":"product_cat-miegui-2","10":"product_cat-nervu-sistemai-privalumai","11":"product_cat-nuovargio-mazinimui-privalumai-2","12":"product_cat-padeda-grizt-i-ritma-po-tolimu-kelioniu","13":"product_cat-populiariausi-produktai","14":"product_cat-privalumai","15":"product_cat-psichologinei-funkcijai-privalumai","16":"product_cat-maisto-papildo-forma","17":"product_cat-guminukai-maisto-papildo-forma","18":"product_cat-pagrindines-kategorijos","19":"product_cat-moterims","20":"product_cat-vyrams","21":"product_cat-nervu-sistemai-pagrindines-kategorijos","22":"product_cat-paskirtis","23":"product_cat-miegui","24":"product_cat-nervu-sistemai","25":"product_cat-nuovargio-mazinimui","26":"product_cat-smegenu-veiklai","27":"product_cat-vartotojas","28":"product_cat-moterys","29":"product_cat-paaugliai","30":"product_cat-senjorai","31":"product_cat-vyrai","32":"product_cat-veiklioji-medziaga","33":"product_cat-melatoninas","34":"product_cat-vitaminas-b","36":"first","37":"instock","38":"shipping-taxable","39":"purchasable","40":"product-type-simple"},"yoast_head":"<!-- This site is optimized with the Yoast SEO plugin v26.6 - https:\/\/yoast.com\/wordpress\/plugins\/seo\/ -->\n<title>Pektininiai guminukai miegui SLEEP WELL N60 - Vitaminai ir maisto papildai internetu | Vitaminai.lt<\/title>\n<meta name=\"robots\" content=\"index, follow, max-snippet:-1, max-image-preview:large, max-video-preview:-1\" \/>\n<link rel=\"canonical\" href=\"https:\/\/vitaminai.lt\/produktas\/pektininiai-guminukai-miegui-sleep-well-n60\/\" \/>\n<meta property=\"og:locale\" content=\"en_US\" \/>\n<meta property=\"og:type\" content=\"article\" \/>\n<meta property=\"og:title\" content=\"Pektininiai guminukai miegui SLEEP WELL N60 - Vitaminai ir maisto papildai internetu | Vitaminai.lt\" \/>\n<meta property=\"og:description\" content=\"Sleep Well \u2013 ramyb\u0117s ir kokybi\u0161ko miego formul\u0117 Maisto papildas | 60 bra\u0161ki\u0173 skonio guminuk\u0173 \u201eSleep Well\u201c \u2013 tai skan\u016bs bra\u0161ki\u0173 skonio guminukai su melatoninu ir vitaminu B6, sukurti pad\u0117ti grei\u010diau u\u017emigti ir palaikyti kokybi\u0161k\u0105 poils\u012f. Produktas pagamintas nenaudojant geneti\u0161kai modifikuot\u0173 organizm\u0173. Pagrindin\u0117s sudedamosios dalys ir j\u0173 poveikis: Melatoninas: Padeda sutrumpinti u\u017emigimo laik\u0105 ir padeda [&hellip;]\" \/>\n<meta property=\"og:url\" content=\"https:\/\/vitaminai.lt\/produktas\/pektininiai-guminukai-miegui-sleep-well-n60\/\" \/>\n<meta property=\"og:site_name\" content=\"Vitaminai ir maisto papildai internetu | Vitaminai.lt\" \/>\n<meta property=\"article:publisher\" content=\"https:\/\/www.facebook.com\/vitaminai\/\" \/>\n<meta property=\"article:modified_time\" content=\"2026-04-02T13:04:33+00:00\" \/>\n<meta property=\"og:image\" content=\"https:\/\/vitaminai.lt\/wp-content\/uploads\/2024\/08\/Sleep-Well.jpg\" \/>\n\t<meta property=\"og:image:width\" content=\"1506\" \/>\n\t<meta property=\"og:image:height\" content=\"1455\" \/>\n\t<meta property=\"og:image:type\" content=\"image\/jpeg\" \/>\n<meta name=\"twitter:card\" content=\"summary_large_image\" \/>\n<meta name=\"twitter:label1\" content=\"Est. reading time\" \/>\n\t<meta name=\"twitter:data1\" content=\"1 minute\" \/>\n<script type=\"application\/ld+json\" class=\"yoast-schema-graph\">{\"@context\":\"https:\/\/schema.org\",\"@graph\":[{\"@type\":\"WebPage\",\"@id\":\"https:\/\/vitaminai.lt\/produktas\/pektininiai-guminukai-miegui-sleep-well-n60\/\",\"url\":\"https:\/\/vitaminai.lt\/produktas\/pektininiai-guminukai-miegui-sleep-well-n60\/\",\"name\":\"Pektininiai guminukai miegui SLEEP WELL N60 - Vitaminai ir maisto papildai internetu | Vitaminai.lt\",\"isPartOf\":{\"@id\":\"https:\/\/vitaminai.lt\/#website\"},\"primaryImageOfPage\":{\"@id\":\"https:\/\/vitaminai.lt\/produktas\/pektininiai-guminukai-miegui-sleep-well-n60\/#primaryimage\"},\"image\":{\"@id\":\"https:\/\/vitaminai.lt\/produktas\/pektininiai-guminukai-miegui-sleep-well-n60\/#primaryimage\"},\"thumbnailUrl\":\"https:\/\/vitaminai.lt\/wp-content\/uploads\/2024\/08\/Sleep-Well.jpg\",\"datePublished\":\"2025-01-10T08:45:26+00:00\",\"dateModified\":\"2026-04-02T13:04:33+00:00\",\"breadcrumb\":{\"@id\":\"https:\/\/vitaminai.lt\/produktas\/pektininiai-guminukai-miegui-sleep-well-n60\/#breadcrumb\"},\"inLanguage\":\"en-US\",\"potentialAction\":[{\"@type\":\"ReadAction\",\"target\":[\"https:\/\/vitaminai.lt\/produktas\/pektininiai-guminukai-miegui-sleep-well-n60\/\"]}]},{\"@type\":\"ImageObject\",\"inLanguage\":\"en-US\",\"@id\":\"https:\/\/vitaminai.lt\/produktas\/pektininiai-guminukai-miegui-sleep-well-n60\/#primaryimage\",\"url\":\"https:\/\/vitaminai.lt\/wp-content\/uploads\/2024\/08\/Sleep-Well.jpg\",\"contentUrl\":\"https:\/\/vitaminai.lt\/wp-content\/uploads\/2024\/08\/Sleep-Well.jpg\",\"width\":1506,\"height\":1455},{\"@type\":\"BreadcrumbList\",\"@id\":\"https:\/\/vitaminai.lt\/produktas\/pektininiai-guminukai-miegui-sleep-well-n60\/#breadcrumb\",\"itemListElement\":[{\"@type\":\"ListItem\",\"position\":1,\"name\":\"Home\",\"item\":\"https:\/\/vitaminai.lt\/\"},{\"@type\":\"ListItem\",\"position\":2,\"name\":\"Produktai\",\"item\":\"https:\/\/vitaminai.lt\/produktai\/\"},{\"@type\":\"ListItem\",\"position\":3,\"name\":\"Pektininiai guminukai miegui SLEEP WELL N60\"}]},{\"@type\":\"WebSite\",\"@id\":\"https:\/\/vitaminai.lt\/#website\",\"url\":\"https:\/\/vitaminai.lt\/\",\"name\":\"Vitaminai ir maisto papildai internetu | Vitaminai.lt\",\"description\":\"\",\"publisher\":{\"@id\":\"https:\/\/vitaminai.lt\/#organization\"},\"potentialAction\":[{\"@type\":\"SearchAction\",\"target\":{\"@type\":\"EntryPoint\",\"urlTemplate\":\"https:\/\/vitaminai.lt\/?s={search_term_string}\"},\"query-input\":{\"@type\":\"PropertyValueSpecification\",\"valueRequired\":true,\"valueName\":\"search_term_string\"}}],\"inLanguage\":\"en-US\"},{\"@type\":\"Organization\",\"@id\":\"https:\/\/vitaminai.lt\/#organization\",\"name\":\"Vitaminai ir maisto papildai internetu | Vitaminai.lt\",\"url\":\"https:\/\/vitaminai.lt\/\",\"logo\":{\"@type\":\"ImageObject\",\"inLanguage\":\"en-US\",\"@id\":\"https:\/\/vitaminai.lt\/#\/schema\/logo\/image\/\",\"url\":\"https:\/\/vitaminai.lt\/wp-content\/uploads\/2025\/01\/g212.png\",\"contentUrl\":\"https:\/\/vitaminai.lt\/wp-content\/uploads\/2025\/01\/g212.png\",\"width\":313,\"height\":74,\"caption\":\"Vitaminai ir maisto papildai internetu | Vitaminai.lt\"},\"image\":{\"@id\":\"https:\/\/vitaminai.lt\/#\/schema\/logo\/image\/\"},\"sameAs\":[\"https:\/\/www.facebook.com\/vitaminai\/\"]}]}<\/script>\n<!-- \/ Yoast SEO plugin. -->","yoast_head_json":{"title":"Pektininiai guminukai miegui SLEEP WELL N60 - Vitaminai ir maisto papildai internetu | Vitaminai.lt","robots":{"index":"index","follow":"follow","max-snippet":"max-snippet:-1","max-image-preview":"max-image-preview:large","max-video-preview":"max-video-preview:-1"},"canonical":"https:\/\/vitaminai.lt\/produktas\/pektininiai-guminukai-miegui-sleep-well-n60\/","og_locale":"en_US","og_type":"article","og_title":"Pektininiai guminukai miegui SLEEP WELL N60 - Vitaminai ir maisto papildai internetu | Vitaminai.lt","og_description":"Sleep Well \u2013 ramyb\u0117s ir kokybi\u0161ko miego formul\u0117 Maisto papildas | 60 bra\u0161ki\u0173 skonio guminuk\u0173 \u201eSleep Well\u201c \u2013 tai skan\u016bs bra\u0161ki\u0173 skonio guminukai su melatoninu ir vitaminu B6, sukurti pad\u0117ti grei\u010diau u\u017emigti ir palaikyti kokybi\u0161k\u0105 poils\u012f. Produktas pagamintas nenaudojant geneti\u0161kai modifikuot\u0173 organizm\u0173. Pagrindin\u0117s sudedamosios dalys ir j\u0173 poveikis: Melatoninas: Padeda sutrumpinti u\u017emigimo laik\u0105 ir padeda [&hellip;]","og_url":"https:\/\/vitaminai.lt\/produktas\/pektininiai-guminukai-miegui-sleep-well-n60\/","og_site_name":"Vitaminai ir maisto papildai internetu | Vitaminai.lt","article_publisher":"https:\/\/www.facebook.com\/vitaminai\/","article_modified_time":"2026-04-02T13:04:33+00:00","og_image":[{"width":1506,"height":1455,"url":"https:\/\/vitaminai.lt\/wp-content\/uploads\/2024\/08\/Sleep-Well.jpg","type":"image\/jpeg"}],"twitter_card":"summary_large_image","twitter_misc":{"Est. reading time":"1 minute"},"schema":{"@context":"https:\/\/schema.org","@graph":[{"@type":"WebPage","@id":"https:\/\/vitaminai.lt\/produktas\/pektininiai-guminukai-miegui-sleep-well-n60\/","url":"https:\/\/vitaminai.lt\/produktas\/pektininiai-guminukai-miegui-sleep-well-n60\/","name":"Pektininiai guminukai miegui SLEEP WELL N60 - Vitaminai ir maisto papildai internetu | Vitaminai.lt","isPartOf":{"@id":"https:\/\/vitaminai.lt\/#website"},"primaryImageOfPage":{"@id":"https:\/\/vitaminai.lt\/produktas\/pektininiai-guminukai-miegui-sleep-well-n60\/#primaryimage"},"image":{"@id":"https:\/\/vitaminai.lt\/produktas\/pektininiai-guminukai-miegui-sleep-well-n60\/#primaryimage"},"thumbnailUrl":"https:\/\/vitaminai.lt\/wp-content\/uploads\/2024\/08\/Sleep-Well.jpg","datePublished":"2025-01-10T08:45:26+00:00","dateModified":"2026-04-02T13:04:33+00:00","breadcrumb":{"@id":"https:\/\/vitaminai.lt\/produktas\/pektininiai-guminukai-miegui-sleep-well-n60\/#breadcrumb"},"inLanguage":"en-US","potentialAction":[{"@type":"ReadAction","target":["https:\/\/vitaminai.lt\/produktas\/pektininiai-guminukai-miegui-sleep-well-n60\/"]}]},{"@type":"ImageObject","inLanguage":"en-US","@id":"https:\/\/vitaminai.lt\/produktas\/pektininiai-guminukai-miegui-sleep-well-n60\/#primaryimage","url":"https:\/\/vitaminai.lt\/wp-content\/uploads\/2024\/08\/Sleep-Well.jpg","contentUrl":"https:\/\/vitaminai.lt\/wp-content\/uploads\/2024\/08\/Sleep-Well.jpg","width":1506,"height":1455},{"@type":"BreadcrumbList","@id":"https:\/\/vitaminai.lt\/produktas\/pektininiai-guminukai-miegui-sleep-well-n60\/#breadcrumb","itemListElement":[{"@type":"ListItem","position":1,"name":"Home","item":"https:\/\/vitaminai.lt\/"},{"@type":"ListItem","position":2,"name":"Produktai","item":"https:\/\/vitaminai.lt\/produktai\/"},{"@type":"ListItem","position":3,"name":"Pektininiai guminukai miegui SLEEP WELL N60"}]},{"@type":"WebSite","@id":"https:\/\/vitaminai.lt\/#website","url":"https:\/\/vitaminai.lt\/","name":"Vitaminai ir maisto papildai internetu | Vitaminai.lt","description":"","publisher":{"@id":"https:\/\/vitaminai.lt\/#organization"},"potentialAction":[{"@type":"SearchAction","target":{"@type":"EntryPoint","urlTemplate":"https:\/\/vitaminai.lt\/?s={search_term_string}"},"query-input":{"@type":"PropertyValueSpecification","valueRequired":true,"valueName":"search_term_string"}}],"inLanguage":"en-US"},{"@type":"Organization","@id":"https:\/\/vitaminai.lt\/#organization","name":"Vitaminai ir maisto papildai internetu | Vitaminai.lt","url":"https:\/\/vitaminai.lt\/","logo":{"@type":"ImageObject","inLanguage":"en-US","@id":"https:\/\/vitaminai.lt\/#\/schema\/logo\/image\/","url":"https:\/\/vitaminai.lt\/wp-content\/uploads\/2025\/01\/g212.png","contentUrl":"https:\/\/vitaminai.lt\/wp-content\/uploads\/2025\/01\/g212.png","width":313,"height":74,"caption":"Vitaminai ir maisto papildai internetu | Vitaminai.lt"},"image":{"@id":"https:\/\/vitaminai.lt\/#\/schema\/logo\/image\/"},"sameAs":["https:\/\/www.facebook.com\/vitaminai\/"]}]}},"_links":{"self":[{"href":"https:\/\/vitaminai.lt\/en\/wp-json\/wp\/v2\/product\/2351","targetHints":{"allow":["GET"]}}],"collection":[{"href":"https:\/\/vitaminai.lt\/en\/wp-json\/wp\/v2\/product"}],"about":[{"href":"https:\/\/vitaminai.lt\/en\/wp-json\/wp\/v2\/types\/product"}],"replies":[{"embeddable":true,"href":"https:\/\/vitaminai.lt\/en\/wp-json\/wp\/v2\/comments?post=2351"}],"wp:featuredmedia":[{"embeddable":true,"href":"https:\/\/vitaminai.lt\/en\/wp-json\/wp\/v2\/media\/379"}],"wp:attachment":[{"href":"https:\/\/vitaminai.lt\/en\/wp-json\/wp\/v2\/media?parent=2351"}],"wp:term":[{"taxonomy":"product_brand","embeddable":true,"href":"https:\/\/vitaminai.lt\/en\/wp-json\/wp\/v2\/product_brand?post=2351"},{"taxonomy":"product_cat","embeddable":true,"href":"https:\/\/vitaminai.lt\/en\/wp-json\/wp\/v2\/product_cat?post=2351"},{"taxonomy":"product_tag","embeddable":true,"href":"https:\/\/vitaminai.lt\/en\/wp-json\/wp\/v2\/product_tag?post=2351"}],"curies":[{"name":"wp","href":"https:\/\/api.w.org\/{rel}","templated":true}]}}