{"id":2787,"date":"2025-02-26T10:35:13","date_gmt":"2025-02-26T08:35:13","guid":{"rendered":"https:\/\/vitaminai.lt\/?post_type=product&#038;p=2787"},"modified":"2026-04-02T15:04:35","modified_gmt":"2026-04-02T13:04:35","slug":"magnisb6-frote-n60","status":"publish","type":"product","link":"https:\/\/vitaminai.lt\/en\/produktas\/magnisb6-frote-n60\/","title":{"rendered":"Magnis+B6 Forte N60"},"content":{"rendered":"<h3 data-start=\"184\" data-end=\"210\"><strong data-start=\"187\" data-end=\"208\">Magnis + B6 Forte<\/strong><\/h3>\n<p data-start=\"211\" data-end=\"244\"><strong data-start=\"211\" data-end=\"244\">Maisto papildas | 60 kapsuli\u0173<\/strong><\/p>\n<hr \/>\n<p><strong>Magnis + B<sub>6<\/sub> Forte<\/strong> \u2013 maisto papildas, sudarytas i\u0161 magnio ir vitamino B6, skirtas normali\u0173 nerv\u0173 sistemos funkcij\u0173 palaikymui, raumen\u0173 veiklos ir energijos apykaitos palaikymui bei pavargimo jausmo ma\u017einimui kasdien.<\/p>\n<hr \/>\n<p><strong>Magnis padeda palaikyti normali\u0105:<\/strong><\/p>\n<p>raumen\u0173 funkcij\u0105 ir energijos apykait\u0105 bei ma\u017einti pavargimo jausm\u0105 ir nuovarg\u012f;<\/p>\n<p>nerv\u0173 sistemos veikl\u0105 ir psichologin\u0119 funkcij\u0105;<\/p>\n<p>kaul\u0173 ir dant\u0173 b\u016bkl\u0119;<\/p>\n<p>baltym\u0173 sintez\u0119, i\u0161laikyti elektrolit\u0173 pusiausvyr\u0105 bei atlieka tam tikr\u0105 funkcij\u0105 l\u0105steli\u0173 dalijimosi procese.<\/p>\n<p>&nbsp;<\/p>\n<p><strong>Vitaminas B<sub>6<\/sub> padeda palaikyti normali\u0105:<\/strong><\/p>\n<p>energijos apykait\u0105 bei padeda ma\u017einti pavargimo jausm\u0105 ir nuovarg\u012f;<\/p>\n<p>nerv\u0173 sistemos veikl\u0105 bei psichologin\u0119 funkcij\u0105;<\/p>\n<p>imunin\u0117s sistemos veikl\u0105;<\/p>\n<p>bei padeda:<\/p>\n<p>palaikyti normal\u0173 raudon\u0173j\u0173 kraujo k\u016bneli\u0173 susidarym\u0105;<\/p>\n<p>reguliuoti hormon\u0173 aktyvum\u0105.<\/p>\n<p>&nbsp;<\/p>\n<p data-start=\"246\" data-end=\"345\"><strong>Subalansuota magnio bisglicinato ir vitamino B6 formul\u0117 <\/strong>nerv\u0173 sistemai, raumenims ir energijai.<\/p>\n<hr \/>\n<p data-start=\"246\" data-end=\"345\"><strong data-start=\"1300\" data-end=\"1375\">Rinkit\u0117s \u201eMagnis + B6 Forte\u201c, kai svarbi sud\u0117tis ir kokyb\u0117.<\/strong><\/p>\n","protected":false},"excerpt":{"rendered":"<p>Magnis + B6 Forte Maisto papildas | 60 kapsuli\u0173 Magnis + B6 Forte \u2013 maisto papildas, sudarytas i\u0161 magnio ir vitamino B6, skirtas normali\u0173 nerv\u0173 sistemos funkcij\u0173 palaikymui, raumen\u0173 veiklos ir energijos apykaitos palaikymui bei pavargimo jausmo ma\u017einimui kasdien. Magnis padeda palaikyti normali\u0105: raumen\u0173 funkcij\u0105 ir energijos apykait\u0105 bei ma\u017einti pavargimo jausm\u0105 ir nuovarg\u012f; nerv\u0173 [&hellip;]<\/p>\n","protected":false},"featured_media":2898,"comment_status":"open","ping_status":"closed","template":"","meta":[],"product_brand":[],"product_cat":[403,395,363,266,396,295,375,276,277,306,368,33,37,243,244,245,247,249,20,179,229,26,48,25,171,56,59,18,29,23,31,30,34,83,95],"product_tag":[],"class_list":{"0":"post-2787","1":"product","2":"type-product","3":"status-publish","4":"has-post-thumbnail","6":"product_cat-11-viskam","7":"product_cat-b-grupes","8":"product_cat-emocinei-pusiausvyrai-privalumai","9":"product_cat-energijai-privalumai","10":"product_cat-itampai-nusiraminimui","11":"product_cat-judejimui","12":"product_cat-menesio-prekes","13":"product_cat-nervu-sistemai-privalumai","14":"product_cat-nuovargio-mazinimui-privalumai","15":"product_cat-raumenims-privalumai","16":"product_cat-sportuojantiems-pagrindines-kategorijos","17":"product_cat-maisto-papildo-forma","18":"product_cat-kapsules","19":"product_cat-pagrindines-kategorijos","20":"product_cat-moterims","21":"product_cat-vyrams","22":"product_cat-energijai-pagrindines-kategorijos","23":"product_cat-nervu-sistemai-pagrindines-kategorijos","24":"product_cat-paskirtis","25":"product_cat-dantims","26":"product_cat-emocinei-pusiausvyrai","27":"product_cat-energijai","28":"product_cat-kaulams","29":"product_cat-nervu-sistemai","30":"product_cat-nuovargio-mazinimui","31":"product_cat-raumenims","32":"product_cat-sportuojantiems","33":"product_cat-vartotojas","34":"product_cat-moterys","35":"product_cat-paaugliai","36":"product_cat-senjorai","37":"product_cat-vyrai","38":"product_cat-veiklioji-medziaga","39":"product_cat-magnis","40":"product_cat-vitaminas-b","42":"first","43":"instock","44":"shipping-taxable","45":"purchasable","46":"product-type-simple"},"yoast_head":"<!-- This site is optimized with the Yoast SEO plugin v26.6 - https:\/\/yoast.com\/wordpress\/plugins\/seo\/ -->\n<title>Magnis+B6 Forte N60 - Vitaminai ir maisto papildai internetu | Vitaminai.lt<\/title>\n<meta name=\"robots\" content=\"index, follow, max-snippet:-1, max-image-preview:large, max-video-preview:-1\" \/>\n<link rel=\"canonical\" href=\"https:\/\/vitaminai.lt\/produktas\/magnisb6-frote-n60\/\" \/>\n<meta property=\"og:locale\" content=\"en_US\" \/>\n<meta property=\"og:type\" content=\"article\" \/>\n<meta property=\"og:title\" content=\"Magnis+B6 Forte N60 - Vitaminai ir maisto papildai internetu | Vitaminai.lt\" \/>\n<meta property=\"og:description\" content=\"Magnis + B6 Forte Maisto papildas | 60 kapsuli\u0173 Magnis + B6 Forte \u2013 maisto papildas, sudarytas i\u0161 magnio ir vitamino B6, skirtas normali\u0173 nerv\u0173 sistemos funkcij\u0173 palaikymui, raumen\u0173 veiklos ir energijos apykaitos palaikymui bei pavargimo jausmo ma\u017einimui kasdien. Magnis padeda palaikyti normali\u0105: raumen\u0173 funkcij\u0105 ir energijos apykait\u0105 bei ma\u017einti pavargimo jausm\u0105 ir nuovarg\u012f; nerv\u0173 [&hellip;]\" \/>\n<meta property=\"og:url\" content=\"https:\/\/vitaminai.lt\/produktas\/magnisb6-frote-n60\/\" \/>\n<meta property=\"og:site_name\" content=\"Vitaminai ir maisto papildai internetu | Vitaminai.lt\" \/>\n<meta property=\"article:publisher\" content=\"https:\/\/www.facebook.com\/vitaminai\/\" \/>\n<meta property=\"article:modified_time\" content=\"2026-04-02T13:04:35+00:00\" \/>\n<meta property=\"og:image\" content=\"https:\/\/vitaminai.lt\/wp-content\/uploads\/2025\/02\/Magnis-B6-forte_priekis.png\" \/>\n\t<meta property=\"og:image:width\" content=\"3001\" \/>\n\t<meta property=\"og:image:height\" content=\"2928\" \/>\n\t<meta property=\"og:image:type\" content=\"image\/png\" \/>\n<meta name=\"twitter:card\" content=\"summary_large_image\" \/>\n<meta name=\"twitter:label1\" content=\"Est. reading time\" \/>\n\t<meta name=\"twitter:data1\" content=\"1 minute\" \/>\n<script type=\"application\/ld+json\" class=\"yoast-schema-graph\">{\"@context\":\"https:\/\/schema.org\",\"@graph\":[{\"@type\":\"WebPage\",\"@id\":\"https:\/\/vitaminai.lt\/produktas\/magnisb6-frote-n60\/\",\"url\":\"https:\/\/vitaminai.lt\/produktas\/magnisb6-frote-n60\/\",\"name\":\"Magnis+B6 Forte N60 - Vitaminai ir maisto papildai internetu | Vitaminai.lt\",\"isPartOf\":{\"@id\":\"https:\/\/vitaminai.lt\/#website\"},\"primaryImageOfPage\":{\"@id\":\"https:\/\/vitaminai.lt\/produktas\/magnisb6-frote-n60\/#primaryimage\"},\"image\":{\"@id\":\"https:\/\/vitaminai.lt\/produktas\/magnisb6-frote-n60\/#primaryimage\"},\"thumbnailUrl\":\"https:\/\/vitaminai.lt\/wp-content\/uploads\/2025\/02\/Magnis-B6-forte_priekis.png\",\"datePublished\":\"2025-02-26T08:35:13+00:00\",\"dateModified\":\"2026-04-02T13:04:35+00:00\",\"breadcrumb\":{\"@id\":\"https:\/\/vitaminai.lt\/produktas\/magnisb6-frote-n60\/#breadcrumb\"},\"inLanguage\":\"en-US\",\"potentialAction\":[{\"@type\":\"ReadAction\",\"target\":[\"https:\/\/vitaminai.lt\/produktas\/magnisb6-frote-n60\/\"]}]},{\"@type\":\"ImageObject\",\"inLanguage\":\"en-US\",\"@id\":\"https:\/\/vitaminai.lt\/produktas\/magnisb6-frote-n60\/#primaryimage\",\"url\":\"https:\/\/vitaminai.lt\/wp-content\/uploads\/2025\/02\/Magnis-B6-forte_priekis.png\",\"contentUrl\":\"https:\/\/vitaminai.lt\/wp-content\/uploads\/2025\/02\/Magnis-B6-forte_priekis.png\",\"width\":3001,\"height\":2928},{\"@type\":\"BreadcrumbList\",\"@id\":\"https:\/\/vitaminai.lt\/produktas\/magnisb6-frote-n60\/#breadcrumb\",\"itemListElement\":[{\"@type\":\"ListItem\",\"position\":1,\"name\":\"Home\",\"item\":\"https:\/\/vitaminai.lt\/\"},{\"@type\":\"ListItem\",\"position\":2,\"name\":\"Produktai\",\"item\":\"https:\/\/vitaminai.lt\/produktai\/\"},{\"@type\":\"ListItem\",\"position\":3,\"name\":\"Magnis+B6 Forte N60\"}]},{\"@type\":\"WebSite\",\"@id\":\"https:\/\/vitaminai.lt\/#website\",\"url\":\"https:\/\/vitaminai.lt\/\",\"name\":\"Vitaminai ir maisto papildai internetu | Vitaminai.lt\",\"description\":\"\",\"publisher\":{\"@id\":\"https:\/\/vitaminai.lt\/#organization\"},\"potentialAction\":[{\"@type\":\"SearchAction\",\"target\":{\"@type\":\"EntryPoint\",\"urlTemplate\":\"https:\/\/vitaminai.lt\/?s={search_term_string}\"},\"query-input\":{\"@type\":\"PropertyValueSpecification\",\"valueRequired\":true,\"valueName\":\"search_term_string\"}}],\"inLanguage\":\"en-US\"},{\"@type\":\"Organization\",\"@id\":\"https:\/\/vitaminai.lt\/#organization\",\"name\":\"Vitaminai ir maisto papildai internetu | Vitaminai.lt\",\"url\":\"https:\/\/vitaminai.lt\/\",\"logo\":{\"@type\":\"ImageObject\",\"inLanguage\":\"en-US\",\"@id\":\"https:\/\/vitaminai.lt\/#\/schema\/logo\/image\/\",\"url\":\"https:\/\/vitaminai.lt\/wp-content\/uploads\/2025\/01\/g212.png\",\"contentUrl\":\"https:\/\/vitaminai.lt\/wp-content\/uploads\/2025\/01\/g212.png\",\"width\":313,\"height\":74,\"caption\":\"Vitaminai ir maisto papildai internetu | Vitaminai.lt\"},\"image\":{\"@id\":\"https:\/\/vitaminai.lt\/#\/schema\/logo\/image\/\"},\"sameAs\":[\"https:\/\/www.facebook.com\/vitaminai\/\"]}]}<\/script>\n<!-- \/ Yoast SEO plugin. -->","yoast_head_json":{"title":"Magnis+B6 Forte N60 - Vitaminai ir maisto papildai internetu | Vitaminai.lt","robots":{"index":"index","follow":"follow","max-snippet":"max-snippet:-1","max-image-preview":"max-image-preview:large","max-video-preview":"max-video-preview:-1"},"canonical":"https:\/\/vitaminai.lt\/produktas\/magnisb6-frote-n60\/","og_locale":"en_US","og_type":"article","og_title":"Magnis+B6 Forte N60 - Vitaminai ir maisto papildai internetu | Vitaminai.lt","og_description":"Magnis + B6 Forte Maisto papildas | 60 kapsuli\u0173 Magnis + B6 Forte \u2013 maisto papildas, sudarytas i\u0161 magnio ir vitamino B6, skirtas normali\u0173 nerv\u0173 sistemos funkcij\u0173 palaikymui, raumen\u0173 veiklos ir energijos apykaitos palaikymui bei pavargimo jausmo ma\u017einimui kasdien. Magnis padeda palaikyti normali\u0105: raumen\u0173 funkcij\u0105 ir energijos apykait\u0105 bei ma\u017einti pavargimo jausm\u0105 ir nuovarg\u012f; nerv\u0173 [&hellip;]","og_url":"https:\/\/vitaminai.lt\/produktas\/magnisb6-frote-n60\/","og_site_name":"Vitaminai ir maisto papildai internetu | Vitaminai.lt","article_publisher":"https:\/\/www.facebook.com\/vitaminai\/","article_modified_time":"2026-04-02T13:04:35+00:00","og_image":[{"width":3001,"height":2928,"url":"https:\/\/vitaminai.lt\/wp-content\/uploads\/2025\/02\/Magnis-B6-forte_priekis.png","type":"image\/png"}],"twitter_card":"summary_large_image","twitter_misc":{"Est. reading time":"1 minute"},"schema":{"@context":"https:\/\/schema.org","@graph":[{"@type":"WebPage","@id":"https:\/\/vitaminai.lt\/produktas\/magnisb6-frote-n60\/","url":"https:\/\/vitaminai.lt\/produktas\/magnisb6-frote-n60\/","name":"Magnis+B6 Forte N60 - Vitaminai ir maisto papildai internetu | Vitaminai.lt","isPartOf":{"@id":"https:\/\/vitaminai.lt\/#website"},"primaryImageOfPage":{"@id":"https:\/\/vitaminai.lt\/produktas\/magnisb6-frote-n60\/#primaryimage"},"image":{"@id":"https:\/\/vitaminai.lt\/produktas\/magnisb6-frote-n60\/#primaryimage"},"thumbnailUrl":"https:\/\/vitaminai.lt\/wp-content\/uploads\/2025\/02\/Magnis-B6-forte_priekis.png","datePublished":"2025-02-26T08:35:13+00:00","dateModified":"2026-04-02T13:04:35+00:00","breadcrumb":{"@id":"https:\/\/vitaminai.lt\/produktas\/magnisb6-frote-n60\/#breadcrumb"},"inLanguage":"en-US","potentialAction":[{"@type":"ReadAction","target":["https:\/\/vitaminai.lt\/produktas\/magnisb6-frote-n60\/"]}]},{"@type":"ImageObject","inLanguage":"en-US","@id":"https:\/\/vitaminai.lt\/produktas\/magnisb6-frote-n60\/#primaryimage","url":"https:\/\/vitaminai.lt\/wp-content\/uploads\/2025\/02\/Magnis-B6-forte_priekis.png","contentUrl":"https:\/\/vitaminai.lt\/wp-content\/uploads\/2025\/02\/Magnis-B6-forte_priekis.png","width":3001,"height":2928},{"@type":"BreadcrumbList","@id":"https:\/\/vitaminai.lt\/produktas\/magnisb6-frote-n60\/#breadcrumb","itemListElement":[{"@type":"ListItem","position":1,"name":"Home","item":"https:\/\/vitaminai.lt\/"},{"@type":"ListItem","position":2,"name":"Produktai","item":"https:\/\/vitaminai.lt\/produktai\/"},{"@type":"ListItem","position":3,"name":"Magnis+B6 Forte N60"}]},{"@type":"WebSite","@id":"https:\/\/vitaminai.lt\/#website","url":"https:\/\/vitaminai.lt\/","name":"Vitaminai ir maisto papildai internetu | Vitaminai.lt","description":"","publisher":{"@id":"https:\/\/vitaminai.lt\/#organization"},"potentialAction":[{"@type":"SearchAction","target":{"@type":"EntryPoint","urlTemplate":"https:\/\/vitaminai.lt\/?s={search_term_string}"},"query-input":{"@type":"PropertyValueSpecification","valueRequired":true,"valueName":"search_term_string"}}],"inLanguage":"en-US"},{"@type":"Organization","@id":"https:\/\/vitaminai.lt\/#organization","name":"Vitaminai ir maisto papildai internetu | Vitaminai.lt","url":"https:\/\/vitaminai.lt\/","logo":{"@type":"ImageObject","inLanguage":"en-US","@id":"https:\/\/vitaminai.lt\/#\/schema\/logo\/image\/","url":"https:\/\/vitaminai.lt\/wp-content\/uploads\/2025\/01\/g212.png","contentUrl":"https:\/\/vitaminai.lt\/wp-content\/uploads\/2025\/01\/g212.png","width":313,"height":74,"caption":"Vitaminai ir maisto papildai internetu | Vitaminai.lt"},"image":{"@id":"https:\/\/vitaminai.lt\/#\/schema\/logo\/image\/"},"sameAs":["https:\/\/www.facebook.com\/vitaminai\/"]}]}},"_links":{"self":[{"href":"https:\/\/vitaminai.lt\/en\/wp-json\/wp\/v2\/product\/2787","targetHints":{"allow":["GET"]}}],"collection":[{"href":"https:\/\/vitaminai.lt\/en\/wp-json\/wp\/v2\/product"}],"about":[{"href":"https:\/\/vitaminai.lt\/en\/wp-json\/wp\/v2\/types\/product"}],"replies":[{"embeddable":true,"href":"https:\/\/vitaminai.lt\/en\/wp-json\/wp\/v2\/comments?post=2787"}],"wp:featuredmedia":[{"embeddable":true,"href":"https:\/\/vitaminai.lt\/en\/wp-json\/wp\/v2\/media\/2898"}],"wp:attachment":[{"href":"https:\/\/vitaminai.lt\/en\/wp-json\/wp\/v2\/media?parent=2787"}],"wp:term":[{"taxonomy":"product_brand","embeddable":true,"href":"https:\/\/vitaminai.lt\/en\/wp-json\/wp\/v2\/product_brand?post=2787"},{"taxonomy":"product_cat","embeddable":true,"href":"https:\/\/vitaminai.lt\/en\/wp-json\/wp\/v2\/product_cat?post=2787"},{"taxonomy":"product_tag","embeddable":true,"href":"https:\/\/vitaminai.lt\/en\/wp-json\/wp\/v2\/product_tag?post=2787"}],"curies":[{"name":"wp","href":"https:\/\/api.w.org\/{rel}","templated":true}]}}