{"id":323,"date":"2024-08-07T10:34:13","date_gmt":"2024-08-07T10:34:13","guid":{"rendered":"https:\/\/vitaminai.lt\/?post_type=product&#038;p=323"},"modified":"2026-04-08T10:25:20","modified_gmt":"2026-04-08T08:25:20","slug":"323","status":"publish","type":"product","link":"https:\/\/vitaminai.lt\/en\/produktas\/323\/","title":{"rendered":"Antioksidant\u0173 kompleksas N60"},"content":{"rendered":"<article class=\"text-token-text-primary w-full\" dir=\"auto\" data-testid=\"conversation-turn-278\" data-scroll-anchor=\"true\">\n<div class=\"text-base my-auto mx-auto py-5 [--thread-content-margin:--spacing(4)] @[37rem]:[--thread-content-margin:--spacing(6)] @[72rem]:[--thread-content-margin:--spacing(16)] px-(--thread-content-margin)\">\n<div class=\"[--thread-content-max-width:32rem] @[34rem]:[--thread-content-max-width:40rem] @[64rem]:[--thread-content-max-width:48rem] mx-auto flex max-w-(--thread-content-max-width) flex-1 text-base gap-4 md:gap-5 lg:gap-6 group\/turn-messages focus-visible:outline-hidden\" tabindex=\"-1\">\n<div class=\"group\/conversation-turn relative flex w-full min-w-0 flex-col agent-turn\">\n<div class=\"relative flex-col gap-1 md:gap-3\">\n<div class=\"flex max-w-full flex-col grow\">\n<div class=\"min-h-8 text-message relative flex w-full flex-col items-end gap-2 text-start break-words whitespace-normal [.text-message+&amp;]:mt-5\" dir=\"auto\" data-message-author-role=\"assistant\" data-message-id=\"38759952-d121-4847-8a17-86c8a95d5832\" data-message-model-slug=\"gpt-4o\">\n<div class=\"flex w-full flex-col gap-1 empty:hidden first:pt-[3px]\">\n<h3 data-start=\"114\" data-end=\"144\">ANTIOKSIDANT\u0172 KOMPLEKSAS<\/h3>\n<p data-start=\"145\" data-end=\"178\"><strong data-start=\"145\" data-end=\"178\">Maisto papildas | 60 kapsuli\u0173<\/strong><\/p>\n<hr \/>\n<p><strong>Augalini\u0173 ekstrakt\u0173 kompleksas su vitaminais ir mineralin\u0117mis med\u017eiagomis visapusi\u0161kai organizmo apsaugai.<\/strong><\/p>\n<hr \/>\n<p data-start=\"1529\" data-end=\"1577\"><strong>Kod\u0117l verta rinktis ANTIOKSIDANT\u0172 KOMPLEKS\u0104?<\/strong><\/p>\n<p data-start=\"1579\" data-end=\"1672\"><strong data-start=\"1579\" data-end=\"1618\">Vitaminai C ir E, cinkas ir selenas<\/strong> \u2013 padeda apsaugoti l\u0105steles nuo oksidacin\u0117s pa\u017eaidos.<\/p>\n<p data-start=\"1674\" data-end=\"1767\"><strong data-start=\"1674\" data-end=\"1713\">Vitaminai A ir C, cinkas ir selenas<\/strong> \u2013 padeda palaikyti normali\u0105 imunin\u0117s sistemos veikl\u0105.<\/p>\n<p data-start=\"1769\" data-end=\"1883\"><strong data-start=\"1769\" data-end=\"1784\">Vitaminas C<\/strong> \u2013 padeda palaikyti normali\u0105 nerv\u0173 sistemos veikl\u0105 ir padeda ma\u017einti nuovarg\u012f bei pavargimo jausm\u0105.<\/p>\n<p data-start=\"1885\" data-end=\"2004\"><strong data-start=\"1885\" data-end=\"1895\">Cinkas<\/strong> \u2013 padeda palaikyti normali\u0105 vitamino A apykait\u0105 bei prisideda prie normalios regos ir odos b\u016bkl\u0117s palaikymo.<\/p>\n<p data-start=\"2006\" data-end=\"2154\">Sud\u0117tyje esantys <strong data-start=\"2023\" data-end=\"2102\">tikrojo vynmed\u017eio, \u017ealiosios arbatos ir plik\u0173j\u0173 malpigij\u0173 vaisi\u0173 ekstraktai<\/strong> papildo formul\u0119 kaip augalin\u0117s kilm\u0117s ingredientai.<\/p>\n<hr data-start=\"874\" data-end=\"877\" \/>\n<p data-start=\"879\" data-end=\"894\"><strong>Kam skirtas?<\/strong><\/p>\n<p data-start=\"896\" data-end=\"1104\">Skirtas \u017emon\u0117ms, kurie siekia papildyti kasdien\u0119 mityb\u0105 vitaminais, mineralais ir augalin\u0117s kilm\u0117s ingredientais. Tinka aktyv\u0173 gyvenimo b\u016bd\u0105 gyvenantiems asmenims bei tiems, kurie vertina subalansuot\u0105 mityb\u0105.<\/p>\n<\/div>\n<\/div>\n<\/div>\n<\/div>\n<\/div>\n<\/div>\n<\/div>\n<\/article>\n","protected":false},"excerpt":{"rendered":"<p>ANTIOKSIDANT\u0172 KOMPLEKSAS Maisto papildas | 60 kapsuli\u0173 Augalini\u0173 ekstrakt\u0173 kompleksas su vitaminais ir mineralin\u0117mis med\u017eiagomis visapusi\u0161kai organizmo apsaugai. Kod\u0117l verta rinktis ANTIOKSIDANT\u0172 KOMPLEKS\u0104? Vitaminai C ir E, cinkas ir selenas \u2013 padeda apsaugoti l\u0105steles nuo oksidacin\u0117s pa\u017eaidos. Vitaminai A ir C, cinkas ir selenas \u2013 padeda palaikyti normali\u0105 imunin\u0117s sistemos veikl\u0105. Vitaminas C \u2013 padeda [&hellip;]<\/p>\n","protected":false},"featured_media":325,"comment_status":"open","ping_status":"closed","template":"","meta":[],"product_brand":[],"product_cat":[403,372,266,260,273,276,307,316,257,368,33,37,243,244,245,247,248,249,252,20,26,47,151,32,173,25,174,28,18,29,31,30,34,62,66,81,85,91,92,94,96,98,100],"product_tag":[],"class_list":{"0":"post-323","1":"product","2":"type-product","3":"status-publish","4":"has-post-thumbnail","6":"product_cat-11-viskam","7":"product_cat-akims-pagrindines-kategorijos","8":"product_cat-energijai-privalumai","9":"product_cat-imunitetui-privalumai","10":"product_cat-lasteliu-apsaugai-privalumai","11":"product_cat-nervu-sistemai-privalumai","12":"product_cat-nuovargio-mazinimui-privalumai-2","13":"product_cat-organizmo-apsaugai-privalumai","14":"product_cat-privalumai","15":"product_cat-sportuojantiems-pagrindines-kategorijos","16":"product_cat-maisto-papildo-forma","17":"product_cat-kapsules","18":"product_cat-pagrindines-kategorijos","19":"product_cat-moterims","20":"product_cat-vyrams","21":"product_cat-energijai-pagrindines-kategorijos","22":"product_cat-imunitetui-pagrindines-kategorijos","23":"product_cat-nervu-sistemai-pagrindines-kategorijos","24":"product_cat-odai-pagrindines-kategorijos","25":"product_cat-paskirtis","26":"product_cat-energijai","27":"product_cat-groziui","28":"product_cat-ilgaamziskumui","29":"product_cat-imunitetui","30":"product_cat-lasteliu-apsaugai","31":"product_cat-nervu-sistemai","32":"product_cat-organizmo-apsaugai","33":"product_cat-sirdziai-paskirtis","34":"product_cat-vartotojas","35":"product_cat-moterys","36":"product_cat-senjorai","37":"product_cat-vyrai","38":"product_cat-veiklioji-medziaga","39":"product_cat-antioksidantai","40":"product_cat-cinkas","41":"product_cat-kvercetinas","42":"product_cat-multivitaminai","43":"product_cat-resveratrolis","44":"product_cat-selenas","45":"product_cat-vitaminas-a","46":"product_cat-vitaminas-c","47":"product_cat-vitaminas-e","48":"product_cat-zalioji-arbata","50":"first","51":"instock","52":"sale","53":"shipping-taxable","54":"purchasable","55":"product-type-simple"},"yoast_head":"<!-- This site is optimized with the Yoast SEO plugin v26.6 - https:\/\/yoast.com\/wordpress\/plugins\/seo\/ -->\n<title>Antioksidant\u0173 kompleksas N60 - Vitaminai ir maisto papildai internetu | Vitaminai.lt<\/title>\n<meta name=\"robots\" content=\"index, follow, max-snippet:-1, max-image-preview:large, max-video-preview:-1\" \/>\n<link rel=\"canonical\" href=\"https:\/\/vitaminai.lt\/produktas\/323\/\" \/>\n<meta property=\"og:locale\" content=\"en_US\" \/>\n<meta property=\"og:type\" content=\"article\" \/>\n<meta property=\"og:title\" content=\"Antioksidant\u0173 kompleksas N60 - Vitaminai ir maisto papildai internetu | Vitaminai.lt\" \/>\n<meta property=\"og:description\" content=\"ANTIOKSIDANT\u0172 KOMPLEKSAS Maisto papildas | 60 kapsuli\u0173 Augalini\u0173 ekstrakt\u0173 kompleksas su vitaminais ir mineralin\u0117mis med\u017eiagomis visapusi\u0161kai organizmo apsaugai. Kod\u0117l verta rinktis ANTIOKSIDANT\u0172 KOMPLEKS\u0104? Vitaminai C ir E, cinkas ir selenas \u2013 padeda apsaugoti l\u0105steles nuo oksidacin\u0117s pa\u017eaidos. Vitaminai A ir C, cinkas ir selenas \u2013 padeda palaikyti normali\u0105 imunin\u0117s sistemos veikl\u0105. Vitaminas C \u2013 padeda [&hellip;]\" \/>\n<meta property=\"og:url\" content=\"https:\/\/vitaminai.lt\/produktas\/323\/\" \/>\n<meta property=\"og:site_name\" content=\"Vitaminai ir maisto papildai internetu | Vitaminai.lt\" \/>\n<meta property=\"article:publisher\" content=\"https:\/\/www.facebook.com\/vitaminai\/\" \/>\n<meta property=\"article:modified_time\" content=\"2026-04-08T08:25:20+00:00\" \/>\n<meta property=\"og:image\" content=\"https:\/\/vitaminai.lt\/wp-content\/uploads\/2024\/08\/Antioksidantu-kompleksas.png\" \/>\n\t<meta property=\"og:image:width\" content=\"3001\" \/>\n\t<meta property=\"og:image:height\" content=\"2928\" \/>\n\t<meta property=\"og:image:type\" content=\"image\/png\" \/>\n<meta name=\"twitter:card\" content=\"summary_large_image\" \/>\n<meta name=\"twitter:label1\" content=\"Est. reading time\" \/>\n\t<meta name=\"twitter:data1\" content=\"1 minute\" \/>\n<script type=\"application\/ld+json\" class=\"yoast-schema-graph\">{\"@context\":\"https:\/\/schema.org\",\"@graph\":[{\"@type\":\"WebPage\",\"@id\":\"https:\/\/vitaminai.lt\/produktas\/323\/\",\"url\":\"https:\/\/vitaminai.lt\/produktas\/323\/\",\"name\":\"Antioksidant\u0173 kompleksas N60 - Vitaminai ir maisto papildai internetu | Vitaminai.lt\",\"isPartOf\":{\"@id\":\"https:\/\/vitaminai.lt\/#website\"},\"primaryImageOfPage\":{\"@id\":\"https:\/\/vitaminai.lt\/produktas\/323\/#primaryimage\"},\"image\":{\"@id\":\"https:\/\/vitaminai.lt\/produktas\/323\/#primaryimage\"},\"thumbnailUrl\":\"https:\/\/vitaminai.lt\/wp-content\/uploads\/2024\/08\/Antioksidantu-kompleksas.png\",\"datePublished\":\"2024-08-07T10:34:13+00:00\",\"dateModified\":\"2026-04-08T08:25:20+00:00\",\"breadcrumb\":{\"@id\":\"https:\/\/vitaminai.lt\/produktas\/323\/#breadcrumb\"},\"inLanguage\":\"en-US\",\"potentialAction\":[{\"@type\":\"ReadAction\",\"target\":[\"https:\/\/vitaminai.lt\/produktas\/323\/\"]}]},{\"@type\":\"ImageObject\",\"inLanguage\":\"en-US\",\"@id\":\"https:\/\/vitaminai.lt\/produktas\/323\/#primaryimage\",\"url\":\"https:\/\/vitaminai.lt\/wp-content\/uploads\/2024\/08\/Antioksidantu-kompleksas.png\",\"contentUrl\":\"https:\/\/vitaminai.lt\/wp-content\/uploads\/2024\/08\/Antioksidantu-kompleksas.png\",\"width\":3001,\"height\":2928},{\"@type\":\"BreadcrumbList\",\"@id\":\"https:\/\/vitaminai.lt\/produktas\/323\/#breadcrumb\",\"itemListElement\":[{\"@type\":\"ListItem\",\"position\":1,\"name\":\"Home\",\"item\":\"https:\/\/vitaminai.lt\/\"},{\"@type\":\"ListItem\",\"position\":2,\"name\":\"Produktai\",\"item\":\"https:\/\/vitaminai.lt\/produktai\/\"},{\"@type\":\"ListItem\",\"position\":3,\"name\":\"Antioksidant\u0173 kompleksas N60\"}]},{\"@type\":\"WebSite\",\"@id\":\"https:\/\/vitaminai.lt\/#website\",\"url\":\"https:\/\/vitaminai.lt\/\",\"name\":\"Vitaminai ir maisto papildai internetu | Vitaminai.lt\",\"description\":\"\",\"publisher\":{\"@id\":\"https:\/\/vitaminai.lt\/#organization\"},\"potentialAction\":[{\"@type\":\"SearchAction\",\"target\":{\"@type\":\"EntryPoint\",\"urlTemplate\":\"https:\/\/vitaminai.lt\/?s={search_term_string}\"},\"query-input\":{\"@type\":\"PropertyValueSpecification\",\"valueRequired\":true,\"valueName\":\"search_term_string\"}}],\"inLanguage\":\"en-US\"},{\"@type\":\"Organization\",\"@id\":\"https:\/\/vitaminai.lt\/#organization\",\"name\":\"Vitaminai ir maisto papildai internetu | Vitaminai.lt\",\"url\":\"https:\/\/vitaminai.lt\/\",\"logo\":{\"@type\":\"ImageObject\",\"inLanguage\":\"en-US\",\"@id\":\"https:\/\/vitaminai.lt\/#\/schema\/logo\/image\/\",\"url\":\"https:\/\/vitaminai.lt\/wp-content\/uploads\/2025\/01\/g212.png\",\"contentUrl\":\"https:\/\/vitaminai.lt\/wp-content\/uploads\/2025\/01\/g212.png\",\"width\":313,\"height\":74,\"caption\":\"Vitaminai ir maisto papildai internetu | Vitaminai.lt\"},\"image\":{\"@id\":\"https:\/\/vitaminai.lt\/#\/schema\/logo\/image\/\"},\"sameAs\":[\"https:\/\/www.facebook.com\/vitaminai\/\"]}]}<\/script>\n<!-- \/ Yoast SEO plugin. -->","yoast_head_json":{"title":"Antioksidant\u0173 kompleksas N60 - Vitaminai ir maisto papildai internetu | Vitaminai.lt","robots":{"index":"index","follow":"follow","max-snippet":"max-snippet:-1","max-image-preview":"max-image-preview:large","max-video-preview":"max-video-preview:-1"},"canonical":"https:\/\/vitaminai.lt\/produktas\/323\/","og_locale":"en_US","og_type":"article","og_title":"Antioksidant\u0173 kompleksas N60 - Vitaminai ir maisto papildai internetu | Vitaminai.lt","og_description":"ANTIOKSIDANT\u0172 KOMPLEKSAS Maisto papildas | 60 kapsuli\u0173 Augalini\u0173 ekstrakt\u0173 kompleksas su vitaminais ir mineralin\u0117mis med\u017eiagomis visapusi\u0161kai organizmo apsaugai. Kod\u0117l verta rinktis ANTIOKSIDANT\u0172 KOMPLEKS\u0104? Vitaminai C ir E, cinkas ir selenas \u2013 padeda apsaugoti l\u0105steles nuo oksidacin\u0117s pa\u017eaidos. Vitaminai A ir C, cinkas ir selenas \u2013 padeda palaikyti normali\u0105 imunin\u0117s sistemos veikl\u0105. Vitaminas C \u2013 padeda [&hellip;]","og_url":"https:\/\/vitaminai.lt\/produktas\/323\/","og_site_name":"Vitaminai ir maisto papildai internetu | Vitaminai.lt","article_publisher":"https:\/\/www.facebook.com\/vitaminai\/","article_modified_time":"2026-04-08T08:25:20+00:00","og_image":[{"width":3001,"height":2928,"url":"https:\/\/vitaminai.lt\/wp-content\/uploads\/2024\/08\/Antioksidantu-kompleksas.png","type":"image\/png"}],"twitter_card":"summary_large_image","twitter_misc":{"Est. reading time":"1 minute"},"schema":{"@context":"https:\/\/schema.org","@graph":[{"@type":"WebPage","@id":"https:\/\/vitaminai.lt\/produktas\/323\/","url":"https:\/\/vitaminai.lt\/produktas\/323\/","name":"Antioksidant\u0173 kompleksas N60 - Vitaminai ir maisto papildai internetu | Vitaminai.lt","isPartOf":{"@id":"https:\/\/vitaminai.lt\/#website"},"primaryImageOfPage":{"@id":"https:\/\/vitaminai.lt\/produktas\/323\/#primaryimage"},"image":{"@id":"https:\/\/vitaminai.lt\/produktas\/323\/#primaryimage"},"thumbnailUrl":"https:\/\/vitaminai.lt\/wp-content\/uploads\/2024\/08\/Antioksidantu-kompleksas.png","datePublished":"2024-08-07T10:34:13+00:00","dateModified":"2026-04-08T08:25:20+00:00","breadcrumb":{"@id":"https:\/\/vitaminai.lt\/produktas\/323\/#breadcrumb"},"inLanguage":"en-US","potentialAction":[{"@type":"ReadAction","target":["https:\/\/vitaminai.lt\/produktas\/323\/"]}]},{"@type":"ImageObject","inLanguage":"en-US","@id":"https:\/\/vitaminai.lt\/produktas\/323\/#primaryimage","url":"https:\/\/vitaminai.lt\/wp-content\/uploads\/2024\/08\/Antioksidantu-kompleksas.png","contentUrl":"https:\/\/vitaminai.lt\/wp-content\/uploads\/2024\/08\/Antioksidantu-kompleksas.png","width":3001,"height":2928},{"@type":"BreadcrumbList","@id":"https:\/\/vitaminai.lt\/produktas\/323\/#breadcrumb","itemListElement":[{"@type":"ListItem","position":1,"name":"Home","item":"https:\/\/vitaminai.lt\/"},{"@type":"ListItem","position":2,"name":"Produktai","item":"https:\/\/vitaminai.lt\/produktai\/"},{"@type":"ListItem","position":3,"name":"Antioksidant\u0173 kompleksas N60"}]},{"@type":"WebSite","@id":"https:\/\/vitaminai.lt\/#website","url":"https:\/\/vitaminai.lt\/","name":"Vitaminai ir maisto papildai internetu | Vitaminai.lt","description":"","publisher":{"@id":"https:\/\/vitaminai.lt\/#organization"},"potentialAction":[{"@type":"SearchAction","target":{"@type":"EntryPoint","urlTemplate":"https:\/\/vitaminai.lt\/?s={search_term_string}"},"query-input":{"@type":"PropertyValueSpecification","valueRequired":true,"valueName":"search_term_string"}}],"inLanguage":"en-US"},{"@type":"Organization","@id":"https:\/\/vitaminai.lt\/#organization","name":"Vitaminai ir maisto papildai internetu | Vitaminai.lt","url":"https:\/\/vitaminai.lt\/","logo":{"@type":"ImageObject","inLanguage":"en-US","@id":"https:\/\/vitaminai.lt\/#\/schema\/logo\/image\/","url":"https:\/\/vitaminai.lt\/wp-content\/uploads\/2025\/01\/g212.png","contentUrl":"https:\/\/vitaminai.lt\/wp-content\/uploads\/2025\/01\/g212.png","width":313,"height":74,"caption":"Vitaminai ir maisto papildai internetu | Vitaminai.lt"},"image":{"@id":"https:\/\/vitaminai.lt\/#\/schema\/logo\/image\/"},"sameAs":["https:\/\/www.facebook.com\/vitaminai\/"]}]}},"_links":{"self":[{"href":"https:\/\/vitaminai.lt\/en\/wp-json\/wp\/v2\/product\/323","targetHints":{"allow":["GET"]}}],"collection":[{"href":"https:\/\/vitaminai.lt\/en\/wp-json\/wp\/v2\/product"}],"about":[{"href":"https:\/\/vitaminai.lt\/en\/wp-json\/wp\/v2\/types\/product"}],"replies":[{"embeddable":true,"href":"https:\/\/vitaminai.lt\/en\/wp-json\/wp\/v2\/comments?post=323"}],"wp:featuredmedia":[{"embeddable":true,"href":"https:\/\/vitaminai.lt\/en\/wp-json\/wp\/v2\/media\/325"}],"wp:attachment":[{"href":"https:\/\/vitaminai.lt\/en\/wp-json\/wp\/v2\/media?parent=323"}],"wp:term":[{"taxonomy":"product_brand","embeddable":true,"href":"https:\/\/vitaminai.lt\/en\/wp-json\/wp\/v2\/product_brand?post=323"},{"taxonomy":"product_cat","embeddable":true,"href":"https:\/\/vitaminai.lt\/en\/wp-json\/wp\/v2\/product_cat?post=323"},{"taxonomy":"product_tag","embeddable":true,"href":"https:\/\/vitaminai.lt\/en\/wp-json\/wp\/v2\/product_tag?post=323"}],"curies":[{"name":"wp","href":"https:\/\/api.w.org\/{rel}","templated":true}]}}