{"id":3270,"date":"2025-03-28T13:33:22","date_gmt":"2025-03-28T11:33:22","guid":{"rendered":"https:\/\/vitaminai.lt\/?post_type=product&#038;p=3270"},"modified":"2026-04-08T10:25:17","modified_gmt":"2026-04-08T08:25:17","slug":"pektininiai-guminukai-vitaminas-d3-2000-family-n60","status":"publish","type":"product","link":"https:\/\/vitaminai.lt\/en\/produktas\/pektininiai-guminukai-vitaminas-d3-2000-family-n60\/","title":{"rendered":"Pektininiai guminukai vitaminas D3 2000 FAMILY N60"},"content":{"rendered":"<h3 data-start=\"251\" data-end=\"275\"><strong data-start=\"254\" data-end=\"275\">VITAMIN D3 FAMILY<\/strong><\/h3>\n<p data-start=\"277\" data-end=\"326\"><strong data-start=\"277\" data-end=\"326\">Maisto papildas | 60 apelsin\u0173 skonio guminuk\u0173<\/strong><\/p>\n<hr \/>\n<p data-start=\"321\" data-end=\"610\"><strong data-start=\"321\" data-end=\"342\">Vitamin D3 Family<\/strong> \u2013 tai apelsin\u0173 skonio guminukai, skirti papildyti kasdien\u0119 mityb\u0105 vitaminu D. Patogi ir maloni vartojimo forma padeda tiek vaikams, tiek suaugusiesiems lengvai palaikyti pakankam\u0105 vitamino D kiek\u012f organizme, ypa\u010d tais laikotarpiais, kai saul\u0117s \u0161viesos gaunama ma\u017eiau.<\/p>\n<hr data-start=\"612\" data-end=\"615\" \/>\n<p data-start=\"617\" data-end=\"647\"><strong>Vitaminas D prisideda prie:<\/strong><\/p>\n<p data-start=\"651\" data-end=\"689\">Normalios kaul\u0173 b\u016bkl\u0117s palaikymo;<\/p>\n<p data-start=\"692\" data-end=\"730\">Normalios dant\u0173 b\u016bkl\u0117s palaikymo;<\/p>\n<p data-start=\"733\" data-end=\"766\">Normalios raumen\u0173 funkcijos;<\/p>\n<p data-start=\"769\" data-end=\"812\">Normalios imunin\u0117s sistemos funkcijos;<\/p>\n<p data-start=\"815\" data-end=\"860\">Normalaus kalcio ir fosforo \u012fsisavinimo;<\/p>\n<p data-start=\"863\" data-end=\"919\">Normalios kalcio koncentracijos kraujyje palaikymo;<\/p>\n<p data-start=\"922\" data-end=\"953\">L\u0105steli\u0173 dalijimosi proceso.<\/p>\n<hr data-start=\"955\" data-end=\"958\" \/>\n<p data-start=\"960\" data-end=\"1001\"><strong>Kod\u0117l verta rinktis Vitamin D3 Family?<\/strong><\/p>\n<p data-start=\"1005\" data-end=\"1051\">Tinka vaikams nuo 3 met\u0173 ir suaugusiesiems;<\/p>\n<p data-start=\"1054\" data-end=\"1094\">Skani apelsin\u0173 skonio guminuk\u0173 forma;<\/p>\n<p data-start=\"1097\" data-end=\"1142\">Lengva \u012ftraukti \u012f kasdien\u0119 mitybos rutin\u0105;<\/p>\n<p data-start=\"1145\" data-end=\"1190\">Ypa\u010d aktualu rudens ir \u017eiemos laikotarpiu;<\/p>\n<p data-start=\"1193\" data-end=\"1231\">Pagaminta i\u0161 kokybi\u0161k\u0173 ingredient\u0173.<\/p>\n<hr \/>\n<p data-start=\"1193\" data-end=\"1231\"><strong>Vitamin D3 Family<\/strong> \u2013 kasdien\u0117 parama kaulams, dantims ir imuninei sistemai.<\/p>\n","protected":false},"excerpt":{"rendered":"<p>VITAMIN D3 FAMILY Maisto papildas | 60 apelsin\u0173 skonio guminuk\u0173 Vitamin D3 Family \u2013 tai apelsin\u0173 skonio guminukai, skirti papildyti kasdien\u0119 mityb\u0105 vitaminu D. Patogi ir maloni vartojimo forma padeda tiek vaikams, tiek suaugusiesiems lengvai palaikyti pakankam\u0105 vitamino D kiek\u012f organizme, ypa\u010d tais laikotarpiais, kai saul\u0117s \u0161viesos gaunama ma\u017eiau. Vitaminas D prisideda prie: Normalios kaul\u0173 [&hellip;]<\/p>\n","protected":false},"featured_media":854,"comment_status":"open","ping_status":"closed","template":"","meta":[],"product_brand":[],"product_cat":[319,334,272,333,317,257,306,33,36,243,244,245,247,248,249,251,20,44,179,26,32,48,56,18,29,23,31,19,30,34,85,97],"product_tag":[],"class_list":{"0":"post-3270","1":"product","2":"type-product","3":"status-publish","4":"has-post-thumbnail","6":"product_cat-dantims-privalumai","7":"product_cat-fosforo-isisavinimui","8":"product_cat-imuninei-sistemai","9":"product_cat-kalcio-isisavinimui","10":"product_cat-kaulams-privalumai","11":"product_cat-privalumai","12":"product_cat-raumenims-privalumai","13":"product_cat-maisto-papildo-forma","14":"product_cat-guminukai-maisto-papildo-forma","15":"product_cat-pagrindines-kategorijos","16":"product_cat-moterims","17":"product_cat-vyrams","18":"product_cat-energijai-pagrindines-kategorijos","19":"product_cat-imunitetui-pagrindines-kategorijos","20":"product_cat-nervu-sistemai-pagrindines-kategorijos","21":"product_cat-vaikams","22":"product_cat-paskirtis","23":"product_cat-augimui","24":"product_cat-dantims","25":"product_cat-energijai","26":"product_cat-imunitetui","27":"product_cat-kaulams","28":"product_cat-raumenims","29":"product_cat-vartotojas","30":"product_cat-moterys","31":"product_cat-paaugliai","32":"product_cat-senjorai","33":"product_cat-vaikai","34":"product_cat-vyrai","35":"product_cat-veiklioji-medziaga","36":"product_cat-multivitaminai","37":"product_cat-vitaminas-d","39":"first","40":"instock","41":"shipping-taxable","42":"purchasable","43":"product-type-simple"},"yoast_head":"<!-- This site is optimized with the Yoast SEO plugin v26.6 - https:\/\/yoast.com\/wordpress\/plugins\/seo\/ -->\n<title>Pektininiai guminukai vitaminas D3 2000 FAMILY N60 - Vitaminai ir maisto papildai internetu | Vitaminai.lt<\/title>\n<meta name=\"robots\" content=\"index, follow, max-snippet:-1, max-image-preview:large, max-video-preview:-1\" \/>\n<link rel=\"canonical\" href=\"https:\/\/vitaminai.lt\/produktas\/pektininiai-guminukai-vitaminas-d3-2000-family-n60\/\" \/>\n<meta property=\"og:locale\" content=\"en_US\" \/>\n<meta property=\"og:type\" content=\"article\" \/>\n<meta property=\"og:title\" content=\"Pektininiai guminukai vitaminas D3 2000 FAMILY N60 - Vitaminai ir maisto papildai internetu | Vitaminai.lt\" \/>\n<meta property=\"og:description\" content=\"VITAMIN D3 FAMILY Maisto papildas | 60 apelsin\u0173 skonio guminuk\u0173 Vitamin D3 Family \u2013 tai apelsin\u0173 skonio guminukai, skirti papildyti kasdien\u0119 mityb\u0105 vitaminu D. Patogi ir maloni vartojimo forma padeda tiek vaikams, tiek suaugusiesiems lengvai palaikyti pakankam\u0105 vitamino D kiek\u012f organizme, ypa\u010d tais laikotarpiais, kai saul\u0117s \u0161viesos gaunama ma\u017eiau. Vitaminas D prisideda prie: Normalios kaul\u0173 [&hellip;]\" \/>\n<meta property=\"og:url\" content=\"https:\/\/vitaminai.lt\/produktas\/pektininiai-guminukai-vitaminas-d3-2000-family-n60\/\" \/>\n<meta property=\"og:site_name\" content=\"Vitaminai ir maisto papildai internetu | Vitaminai.lt\" \/>\n<meta property=\"article:publisher\" content=\"https:\/\/www.facebook.com\/vitaminai\/\" \/>\n<meta property=\"article:modified_time\" content=\"2026-04-08T08:25:17+00:00\" \/>\n<meta property=\"og:image\" content=\"https:\/\/vitaminai.lt\/wp-content\/uploads\/2024\/08\/Vitamin-D3-Family_priekis-1024x999.png\" \/>\n\t<meta property=\"og:image:width\" content=\"1024\" \/>\n\t<meta property=\"og:image:height\" content=\"999\" \/>\n\t<meta property=\"og:image:type\" content=\"image\/png\" \/>\n<meta name=\"twitter:card\" content=\"summary_large_image\" \/>\n<meta name=\"twitter:label1\" content=\"Est. reading time\" \/>\n\t<meta name=\"twitter:data1\" content=\"1 minute\" \/>\n<script type=\"application\/ld+json\" class=\"yoast-schema-graph\">{\"@context\":\"https:\/\/schema.org\",\"@graph\":[{\"@type\":\"WebPage\",\"@id\":\"https:\/\/vitaminai.lt\/produktas\/pektininiai-guminukai-vitaminas-d3-2000-family-n60\/\",\"url\":\"https:\/\/vitaminai.lt\/produktas\/pektininiai-guminukai-vitaminas-d3-2000-family-n60\/\",\"name\":\"Pektininiai guminukai vitaminas D3 2000 FAMILY N60 - Vitaminai ir maisto papildai internetu | Vitaminai.lt\",\"isPartOf\":{\"@id\":\"https:\/\/vitaminai.lt\/#website\"},\"primaryImageOfPage\":{\"@id\":\"https:\/\/vitaminai.lt\/produktas\/pektininiai-guminukai-vitaminas-d3-2000-family-n60\/#primaryimage\"},\"image\":{\"@id\":\"https:\/\/vitaminai.lt\/produktas\/pektininiai-guminukai-vitaminas-d3-2000-family-n60\/#primaryimage\"},\"thumbnailUrl\":\"https:\/\/vitaminai.lt\/wp-content\/uploads\/2024\/08\/Vitamin-D3-Family_priekis.png\",\"datePublished\":\"2025-03-28T11:33:22+00:00\",\"dateModified\":\"2026-04-08T08:25:17+00:00\",\"breadcrumb\":{\"@id\":\"https:\/\/vitaminai.lt\/produktas\/pektininiai-guminukai-vitaminas-d3-2000-family-n60\/#breadcrumb\"},\"inLanguage\":\"en-US\",\"potentialAction\":[{\"@type\":\"ReadAction\",\"target\":[\"https:\/\/vitaminai.lt\/produktas\/pektininiai-guminukai-vitaminas-d3-2000-family-n60\/\"]}]},{\"@type\":\"ImageObject\",\"inLanguage\":\"en-US\",\"@id\":\"https:\/\/vitaminai.lt\/produktas\/pektininiai-guminukai-vitaminas-d3-2000-family-n60\/#primaryimage\",\"url\":\"https:\/\/vitaminai.lt\/wp-content\/uploads\/2024\/08\/Vitamin-D3-Family_priekis.png\",\"contentUrl\":\"https:\/\/vitaminai.lt\/wp-content\/uploads\/2024\/08\/Vitamin-D3-Family_priekis.png\",\"width\":3001,\"height\":2928},{\"@type\":\"BreadcrumbList\",\"@id\":\"https:\/\/vitaminai.lt\/produktas\/pektininiai-guminukai-vitaminas-d3-2000-family-n60\/#breadcrumb\",\"itemListElement\":[{\"@type\":\"ListItem\",\"position\":1,\"name\":\"Home\",\"item\":\"https:\/\/vitaminai.lt\/\"},{\"@type\":\"ListItem\",\"position\":2,\"name\":\"Produktai\",\"item\":\"https:\/\/vitaminai.lt\/produktai\/\"},{\"@type\":\"ListItem\",\"position\":3,\"name\":\"Pektininiai guminukai vitaminas D3 2000 FAMILY N60\"}]},{\"@type\":\"WebSite\",\"@id\":\"https:\/\/vitaminai.lt\/#website\",\"url\":\"https:\/\/vitaminai.lt\/\",\"name\":\"Vitaminai ir maisto papildai internetu | Vitaminai.lt\",\"description\":\"\",\"publisher\":{\"@id\":\"https:\/\/vitaminai.lt\/#organization\"},\"potentialAction\":[{\"@type\":\"SearchAction\",\"target\":{\"@type\":\"EntryPoint\",\"urlTemplate\":\"https:\/\/vitaminai.lt\/?s={search_term_string}\"},\"query-input\":{\"@type\":\"PropertyValueSpecification\",\"valueRequired\":true,\"valueName\":\"search_term_string\"}}],\"inLanguage\":\"en-US\"},{\"@type\":\"Organization\",\"@id\":\"https:\/\/vitaminai.lt\/#organization\",\"name\":\"Vitaminai ir maisto papildai internetu | Vitaminai.lt\",\"url\":\"https:\/\/vitaminai.lt\/\",\"logo\":{\"@type\":\"ImageObject\",\"inLanguage\":\"en-US\",\"@id\":\"https:\/\/vitaminai.lt\/#\/schema\/logo\/image\/\",\"url\":\"https:\/\/vitaminai.lt\/wp-content\/uploads\/2025\/01\/g212.png\",\"contentUrl\":\"https:\/\/vitaminai.lt\/wp-content\/uploads\/2025\/01\/g212.png\",\"width\":313,\"height\":74,\"caption\":\"Vitaminai ir maisto papildai internetu | Vitaminai.lt\"},\"image\":{\"@id\":\"https:\/\/vitaminai.lt\/#\/schema\/logo\/image\/\"},\"sameAs\":[\"https:\/\/www.facebook.com\/vitaminai\/\"]}]}<\/script>\n<!-- \/ Yoast SEO plugin. -->","yoast_head_json":{"title":"Pektininiai guminukai vitaminas D3 2000 FAMILY N60 - Vitaminai ir maisto papildai internetu | Vitaminai.lt","robots":{"index":"index","follow":"follow","max-snippet":"max-snippet:-1","max-image-preview":"max-image-preview:large","max-video-preview":"max-video-preview:-1"},"canonical":"https:\/\/vitaminai.lt\/produktas\/pektininiai-guminukai-vitaminas-d3-2000-family-n60\/","og_locale":"en_US","og_type":"article","og_title":"Pektininiai guminukai vitaminas D3 2000 FAMILY N60 - Vitaminai ir maisto papildai internetu | Vitaminai.lt","og_description":"VITAMIN D3 FAMILY Maisto papildas | 60 apelsin\u0173 skonio guminuk\u0173 Vitamin D3 Family \u2013 tai apelsin\u0173 skonio guminukai, skirti papildyti kasdien\u0119 mityb\u0105 vitaminu D. Patogi ir maloni vartojimo forma padeda tiek vaikams, tiek suaugusiesiems lengvai palaikyti pakankam\u0105 vitamino D kiek\u012f organizme, ypa\u010d tais laikotarpiais, kai saul\u0117s \u0161viesos gaunama ma\u017eiau. Vitaminas D prisideda prie: Normalios kaul\u0173 [&hellip;]","og_url":"https:\/\/vitaminai.lt\/produktas\/pektininiai-guminukai-vitaminas-d3-2000-family-n60\/","og_site_name":"Vitaminai ir maisto papildai internetu | Vitaminai.lt","article_publisher":"https:\/\/www.facebook.com\/vitaminai\/","article_modified_time":"2026-04-08T08:25:17+00:00","og_image":[{"width":1024,"height":999,"url":"https:\/\/vitaminai.lt\/wp-content\/uploads\/2024\/08\/Vitamin-D3-Family_priekis-1024x999.png","type":"image\/png"}],"twitter_card":"summary_large_image","twitter_misc":{"Est. reading time":"1 minute"},"schema":{"@context":"https:\/\/schema.org","@graph":[{"@type":"WebPage","@id":"https:\/\/vitaminai.lt\/produktas\/pektininiai-guminukai-vitaminas-d3-2000-family-n60\/","url":"https:\/\/vitaminai.lt\/produktas\/pektininiai-guminukai-vitaminas-d3-2000-family-n60\/","name":"Pektininiai guminukai vitaminas D3 2000 FAMILY N60 - Vitaminai ir maisto papildai internetu | Vitaminai.lt","isPartOf":{"@id":"https:\/\/vitaminai.lt\/#website"},"primaryImageOfPage":{"@id":"https:\/\/vitaminai.lt\/produktas\/pektininiai-guminukai-vitaminas-d3-2000-family-n60\/#primaryimage"},"image":{"@id":"https:\/\/vitaminai.lt\/produktas\/pektininiai-guminukai-vitaminas-d3-2000-family-n60\/#primaryimage"},"thumbnailUrl":"https:\/\/vitaminai.lt\/wp-content\/uploads\/2024\/08\/Vitamin-D3-Family_priekis.png","datePublished":"2025-03-28T11:33:22+00:00","dateModified":"2026-04-08T08:25:17+00:00","breadcrumb":{"@id":"https:\/\/vitaminai.lt\/produktas\/pektininiai-guminukai-vitaminas-d3-2000-family-n60\/#breadcrumb"},"inLanguage":"en-US","potentialAction":[{"@type":"ReadAction","target":["https:\/\/vitaminai.lt\/produktas\/pektininiai-guminukai-vitaminas-d3-2000-family-n60\/"]}]},{"@type":"ImageObject","inLanguage":"en-US","@id":"https:\/\/vitaminai.lt\/produktas\/pektininiai-guminukai-vitaminas-d3-2000-family-n60\/#primaryimage","url":"https:\/\/vitaminai.lt\/wp-content\/uploads\/2024\/08\/Vitamin-D3-Family_priekis.png","contentUrl":"https:\/\/vitaminai.lt\/wp-content\/uploads\/2024\/08\/Vitamin-D3-Family_priekis.png","width":3001,"height":2928},{"@type":"BreadcrumbList","@id":"https:\/\/vitaminai.lt\/produktas\/pektininiai-guminukai-vitaminas-d3-2000-family-n60\/#breadcrumb","itemListElement":[{"@type":"ListItem","position":1,"name":"Home","item":"https:\/\/vitaminai.lt\/"},{"@type":"ListItem","position":2,"name":"Produktai","item":"https:\/\/vitaminai.lt\/produktai\/"},{"@type":"ListItem","position":3,"name":"Pektininiai guminukai vitaminas D3 2000 FAMILY N60"}]},{"@type":"WebSite","@id":"https:\/\/vitaminai.lt\/#website","url":"https:\/\/vitaminai.lt\/","name":"Vitaminai ir maisto papildai internetu | Vitaminai.lt","description":"","publisher":{"@id":"https:\/\/vitaminai.lt\/#organization"},"potentialAction":[{"@type":"SearchAction","target":{"@type":"EntryPoint","urlTemplate":"https:\/\/vitaminai.lt\/?s={search_term_string}"},"query-input":{"@type":"PropertyValueSpecification","valueRequired":true,"valueName":"search_term_string"}}],"inLanguage":"en-US"},{"@type":"Organization","@id":"https:\/\/vitaminai.lt\/#organization","name":"Vitaminai ir maisto papildai internetu | Vitaminai.lt","url":"https:\/\/vitaminai.lt\/","logo":{"@type":"ImageObject","inLanguage":"en-US","@id":"https:\/\/vitaminai.lt\/#\/schema\/logo\/image\/","url":"https:\/\/vitaminai.lt\/wp-content\/uploads\/2025\/01\/g212.png","contentUrl":"https:\/\/vitaminai.lt\/wp-content\/uploads\/2025\/01\/g212.png","width":313,"height":74,"caption":"Vitaminai ir maisto papildai internetu | Vitaminai.lt"},"image":{"@id":"https:\/\/vitaminai.lt\/#\/schema\/logo\/image\/"},"sameAs":["https:\/\/www.facebook.com\/vitaminai\/"]}]}},"_links":{"self":[{"href":"https:\/\/vitaminai.lt\/en\/wp-json\/wp\/v2\/product\/3270","targetHints":{"allow":["GET"]}}],"collection":[{"href":"https:\/\/vitaminai.lt\/en\/wp-json\/wp\/v2\/product"}],"about":[{"href":"https:\/\/vitaminai.lt\/en\/wp-json\/wp\/v2\/types\/product"}],"replies":[{"embeddable":true,"href":"https:\/\/vitaminai.lt\/en\/wp-json\/wp\/v2\/comments?post=3270"}],"wp:featuredmedia":[{"embeddable":true,"href":"https:\/\/vitaminai.lt\/en\/wp-json\/wp\/v2\/media\/854"}],"wp:attachment":[{"href":"https:\/\/vitaminai.lt\/en\/wp-json\/wp\/v2\/media?parent=3270"}],"wp:term":[{"taxonomy":"product_brand","embeddable":true,"href":"https:\/\/vitaminai.lt\/en\/wp-json\/wp\/v2\/product_brand?post=3270"},{"taxonomy":"product_cat","embeddable":true,"href":"https:\/\/vitaminai.lt\/en\/wp-json\/wp\/v2\/product_cat?post=3270"},{"taxonomy":"product_tag","embeddable":true,"href":"https:\/\/vitaminai.lt\/en\/wp-json\/wp\/v2\/product_tag?post=3270"}],"curies":[{"name":"wp","href":"https:\/\/api.w.org\/{rel}","templated":true}]}}