{"id":342,"date":"2024-08-07T10:48:06","date_gmt":"2024-08-07T10:48:06","guid":{"rendered":"https:\/\/vitaminai.lt\/?post_type=product&#038;p=342"},"modified":"2026-04-02T15:04:32","modified_gmt":"2026-04-02T13:04:32","slug":"beauty-hair-skin-nails-guminukai-n60","status":"publish","type":"product","link":"https:\/\/vitaminai.lt\/en\/produktas\/beauty-hair-skin-nails-guminukai-n60\/","title":{"rendered":"Pektininiai guminukai BEAUTY HAIR SKIN NAILS N60"},"content":{"rendered":"<h3 data-start=\"238\" data-end=\"267\"><strong data-start=\"241\" data-end=\"267\">BEAUTY HAIR SKIN NAILS<\/strong><\/h3>\n<p data-start=\"269\" data-end=\"328\"><strong data-start=\"269\" data-end=\"328\">Maisto papildas | 60 avie\u010di\u0173 ir m\u0117lyni\u0173 skonio guminuk\u0173<\/strong><\/p>\n<p data-start=\"330\" data-end=\"392\">Gro\u017eiui, kuris spindi i\u0161 vidaus \u2013 lengvai ir skaniai!<\/p>\n<hr \/>\n<p data-start=\"394\" data-end=\"654\"><strong data-start=\"1843\" data-end=\"1932\">\u201eBeauty Hair Skin Nails\u201c<\/strong>\u00a0\u2013 tai auk\u0161tos kokyb\u0117s maisto papildas guminuk\u0173 formoje, praturtintas biotinu, cinku, selenu ir vitaminu C. \u0160is gro\u017eio kompleksas padeda palaikyti sveik\u0105 plauk\u0173, odos ir nag\u0173 b\u016bkl\u0119, kad j\u016bs\u0173 gro\u017eis spind\u0117t\u0173 nat\u016braliai kiekvien\u0105 dien\u0105.<\/p>\n<hr data-start=\"656\" data-end=\"659\" \/>\n<p data-start=\"661\" data-end=\"692\"><strong>Pagrindiniai privalumai:<\/strong><\/p>\n<p data-start=\"694\" data-end=\"1158\"><strong data-start=\"694\" data-end=\"719\">Plaukai, oda ir nagai<\/strong> \u2013 biotinas, cinkas ir selenas padeda palaikyti normali\u0105 plauk\u0173, odos ir nag\u0173 b\u016bkl\u0119.<\/p>\n<p data-start=\"694\" data-end=\"1158\"><strong data-start=\"806\" data-end=\"825\">Kolageno gamyba<\/strong> \u2013 vitaminas C skatina kolageno sintez\u0119, kuri svarbi odos, kaul\u0173, dant\u0173 ir kraujagysli\u0173 sveikatai.<\/p>\n<p data-start=\"694\" data-end=\"1158\"><strong data-start=\"926\" data-end=\"949\">Hormon\u0173 pusiausvyra<\/strong> \u2013 vitaminas B6 padeda reguliuoti hormon\u0173 aktyvum\u0105 ir palaikyti normali\u0105 maistini\u0173 med\u017eiag\u0173 apykait\u0105.<\/p>\n<p data-start=\"694\" data-end=\"1158\"><strong data-start=\"1053\" data-end=\"1073\">Bendra savijauta<\/strong> \u2013 vitaminai ir mineralai palaiko nat\u016brali\u0105 organizmo pusiausvyr\u0105 ir gro\u017e\u012f i\u0161 vidaus.<\/p>\n<hr data-start=\"1160\" data-end=\"1163\" \/>\n<p data-start=\"1165\" data-end=\"1216\"><strong>Kod\u0117l verta rinktis \u201eBeauty Hair Skin Nails\u201c?<\/strong><\/p>\n<p data-start=\"1165\" data-end=\"1216\"><strong>Gro\u017eiui i\u0161 vidaus \u2013<\/strong> veiksmingas kompleksas plaukams, odai ir nagams.<\/p>\n<p data-start=\"1165\" data-end=\"1216\"><strong>Skani ir patogi forma \u2013<\/strong> avie\u010di\u0173 ir m\u0117lyni\u0173 skonio guminukai, kuriuos malonu vartoti kasdien.<\/p>\n<p data-start=\"1165\" data-end=\"1216\"><strong>Tinka vegetarams ir veganams \u2013<\/strong> be gyv\u016bnin\u0117s kilm\u0117s ingredient\u0173.<\/p>\n<p data-start=\"1165\" data-end=\"1216\"><strong>Tik 1 guminukas per dien\u0105 \u2013<\/strong> paprasta ir efektyvu!<\/p>\n<hr data-start=\"1836\" data-end=\"1839\" \/>\n<p data-start=\"1841\" data-end=\"1934\"><strong data-start=\"1843\" data-end=\"1932\">Atraskite nat\u016bral\u0173 gro\u017e\u012f su \u201eBeauty Hair Skin Nails\u201c \u2013 spind\u0117kite kasdien!<\/strong><\/p>\n","protected":false},"excerpt":{"rendered":"<p>BEAUTY HAIR SKIN NAILS Maisto papildas | 60 avie\u010di\u0173 ir m\u0117lyni\u0173 skonio guminuk\u0173 Gro\u017eiui, kuris spindi i\u0161 vidaus \u2013 lengvai ir skaniai! \u201eBeauty Hair Skin Nails\u201c\u00a0\u2013 tai auk\u0161tos kokyb\u0117s maisto papildas guminuk\u0173 formoje, praturtintas biotinu, cinku, selenu ir vitaminu C. \u0160is gro\u017eio kompleksas padeda palaikyti sveik\u0105 plauk\u0173, odos ir nag\u0173 b\u016bkl\u0119, kad j\u016bs\u0173 gro\u017eis spind\u0117t\u0173 [&hellip;]<\/p>\n","protected":false},"featured_media":343,"comment_status":"open","ping_status":"closed","template":"","meta":[],"product_brand":[],"product_cat":[279,286,293,375,261,371,262,314,257,377,33,36,243,244,246,252,253,20,47,143,147,172,52,54,55,18,29,23,31,30,34,63,66,69,76,94,95,96,97],"product_tag":[],"class_list":{"0":"post-342","1":"product","2":"type-product","3":"status-publish","4":"has-post-thumbnail","6":"product_cat-hormonu-reguliavimui-privalumai","7":"product_cat-kolageno-sintezei-privalumai","8":"product_cat-makromedziagu-apykaitai","9":"product_cat-menesio-prekes","10":"product_cat-nagams-privalumai","11":"product_cat-nagams-pagrindines-kategorijos","12":"product_cat-odai-privalumai","13":"product_cat-plaukams-privalumai","14":"product_cat-privalumai","15":"product_cat-savaites-top-pasiulymai","16":"product_cat-maisto-papildo-forma","17":"product_cat-guminukai-maisto-papildo-forma","18":"product_cat-pagrindines-kategorijos","19":"product_cat-moterims","20":"product_cat-groziui-2","21":"product_cat-odai-pagrindines-kategorijos","22":"product_cat-plaukams-pagrindines-kategorijos","23":"product_cat-paskirtis","24":"product_cat-groziui","25":"product_cat-hormonu-reguliavimui","26":"product_cat-kolageno-sintezei","27":"product_cat-medziagu-apykaitai","28":"product_cat-nagams","29":"product_cat-odai","30":"product_cat-plaukams","31":"product_cat-vartotojas","32":"product_cat-moterys","33":"product_cat-paaugliai","34":"product_cat-senjorai","35":"product_cat-vyrai","36":"product_cat-veiklioji-medziaga","37":"product_cat-biotinas","38":"product_cat-cinkas","39":"product_cat-folio-rugstis","40":"product_cat-jodas","41":"product_cat-vitaminas-a","42":"product_cat-vitaminas-b","43":"product_cat-vitaminas-c","44":"product_cat-vitaminas-d","46":"first","47":"instock","48":"shipping-taxable","49":"purchasable","50":"product-type-simple"},"yoast_head":"<!-- This site is optimized with the Yoast SEO plugin v26.6 - https:\/\/yoast.com\/wordpress\/plugins\/seo\/ -->\n<title>Pektininiai guminukai BEAUTY HAIR SKIN NAILS N60 - Vitaminai ir maisto papildai internetu | Vitaminai.lt<\/title>\n<meta name=\"robots\" content=\"index, follow, max-snippet:-1, max-image-preview:large, max-video-preview:-1\" \/>\n<link rel=\"canonical\" href=\"https:\/\/vitaminai.lt\/produktas\/beauty-hair-skin-nails-guminukai-n60\/\" \/>\n<meta property=\"og:locale\" content=\"en_US\" \/>\n<meta property=\"og:type\" content=\"article\" \/>\n<meta property=\"og:title\" content=\"Pektininiai guminukai BEAUTY HAIR SKIN NAILS N60 - Vitaminai ir maisto papildai internetu | Vitaminai.lt\" \/>\n<meta property=\"og:description\" content=\"BEAUTY HAIR SKIN NAILS Maisto papildas | 60 avie\u010di\u0173 ir m\u0117lyni\u0173 skonio guminuk\u0173 Gro\u017eiui, kuris spindi i\u0161 vidaus \u2013 lengvai ir skaniai! \u201eBeauty Hair Skin Nails\u201c\u00a0\u2013 tai auk\u0161tos kokyb\u0117s maisto papildas guminuk\u0173 formoje, praturtintas biotinu, cinku, selenu ir vitaminu C. \u0160is gro\u017eio kompleksas padeda palaikyti sveik\u0105 plauk\u0173, odos ir nag\u0173 b\u016bkl\u0119, kad j\u016bs\u0173 gro\u017eis spind\u0117t\u0173 [&hellip;]\" \/>\n<meta property=\"og:url\" content=\"https:\/\/vitaminai.lt\/produktas\/beauty-hair-skin-nails-guminukai-n60\/\" \/>\n<meta property=\"og:site_name\" content=\"Vitaminai ir maisto papildai internetu | Vitaminai.lt\" \/>\n<meta property=\"article:publisher\" content=\"https:\/\/www.facebook.com\/vitaminai\/\" \/>\n<meta property=\"article:modified_time\" content=\"2026-04-02T13:04:32+00:00\" \/>\n<meta property=\"og:image\" content=\"https:\/\/vitaminai.lt\/wp-content\/uploads\/2024\/08\/Beauty-Hair-Skin-Nails.jpg\" \/>\n\t<meta property=\"og:image:width\" content=\"1506\" \/>\n\t<meta property=\"og:image:height\" content=\"1455\" \/>\n\t<meta property=\"og:image:type\" content=\"image\/jpeg\" \/>\n<meta name=\"twitter:card\" content=\"summary_large_image\" \/>\n<meta name=\"twitter:label1\" content=\"Est. reading time\" \/>\n\t<meta name=\"twitter:data1\" content=\"2 minutes\" \/>\n<script type=\"application\/ld+json\" class=\"yoast-schema-graph\">{\"@context\":\"https:\/\/schema.org\",\"@graph\":[{\"@type\":\"WebPage\",\"@id\":\"https:\/\/vitaminai.lt\/produktas\/beauty-hair-skin-nails-guminukai-n60\/\",\"url\":\"https:\/\/vitaminai.lt\/produktas\/beauty-hair-skin-nails-guminukai-n60\/\",\"name\":\"Pektininiai guminukai BEAUTY HAIR SKIN NAILS N60 - Vitaminai ir maisto papildai internetu | Vitaminai.lt\",\"isPartOf\":{\"@id\":\"https:\/\/vitaminai.lt\/#website\"},\"primaryImageOfPage\":{\"@id\":\"https:\/\/vitaminai.lt\/produktas\/beauty-hair-skin-nails-guminukai-n60\/#primaryimage\"},\"image\":{\"@id\":\"https:\/\/vitaminai.lt\/produktas\/beauty-hair-skin-nails-guminukai-n60\/#primaryimage\"},\"thumbnailUrl\":\"https:\/\/vitaminai.lt\/wp-content\/uploads\/2024\/08\/Beauty-Hair-Skin-Nails.jpg\",\"datePublished\":\"2024-08-07T10:48:06+00:00\",\"dateModified\":\"2026-04-02T13:04:32+00:00\",\"breadcrumb\":{\"@id\":\"https:\/\/vitaminai.lt\/produktas\/beauty-hair-skin-nails-guminukai-n60\/#breadcrumb\"},\"inLanguage\":\"en-US\",\"potentialAction\":[{\"@type\":\"ReadAction\",\"target\":[\"https:\/\/vitaminai.lt\/produktas\/beauty-hair-skin-nails-guminukai-n60\/\"]}]},{\"@type\":\"ImageObject\",\"inLanguage\":\"en-US\",\"@id\":\"https:\/\/vitaminai.lt\/produktas\/beauty-hair-skin-nails-guminukai-n60\/#primaryimage\",\"url\":\"https:\/\/vitaminai.lt\/wp-content\/uploads\/2024\/08\/Beauty-Hair-Skin-Nails.jpg\",\"contentUrl\":\"https:\/\/vitaminai.lt\/wp-content\/uploads\/2024\/08\/Beauty-Hair-Skin-Nails.jpg\",\"width\":1506,\"height\":1455},{\"@type\":\"BreadcrumbList\",\"@id\":\"https:\/\/vitaminai.lt\/produktas\/beauty-hair-skin-nails-guminukai-n60\/#breadcrumb\",\"itemListElement\":[{\"@type\":\"ListItem\",\"position\":1,\"name\":\"Home\",\"item\":\"https:\/\/vitaminai.lt\/\"},{\"@type\":\"ListItem\",\"position\":2,\"name\":\"Produktai\",\"item\":\"https:\/\/vitaminai.lt\/produktai\/\"},{\"@type\":\"ListItem\",\"position\":3,\"name\":\"Pektininiai guminukai BEAUTY HAIR SKIN NAILS N60\"}]},{\"@type\":\"WebSite\",\"@id\":\"https:\/\/vitaminai.lt\/#website\",\"url\":\"https:\/\/vitaminai.lt\/\",\"name\":\"Vitaminai ir maisto papildai internetu | Vitaminai.lt\",\"description\":\"\",\"publisher\":{\"@id\":\"https:\/\/vitaminai.lt\/#organization\"},\"potentialAction\":[{\"@type\":\"SearchAction\",\"target\":{\"@type\":\"EntryPoint\",\"urlTemplate\":\"https:\/\/vitaminai.lt\/?s={search_term_string}\"},\"query-input\":{\"@type\":\"PropertyValueSpecification\",\"valueRequired\":true,\"valueName\":\"search_term_string\"}}],\"inLanguage\":\"en-US\"},{\"@type\":\"Organization\",\"@id\":\"https:\/\/vitaminai.lt\/#organization\",\"name\":\"Vitaminai ir maisto papildai internetu | Vitaminai.lt\",\"url\":\"https:\/\/vitaminai.lt\/\",\"logo\":{\"@type\":\"ImageObject\",\"inLanguage\":\"en-US\",\"@id\":\"https:\/\/vitaminai.lt\/#\/schema\/logo\/image\/\",\"url\":\"https:\/\/vitaminai.lt\/wp-content\/uploads\/2025\/01\/g212.png\",\"contentUrl\":\"https:\/\/vitaminai.lt\/wp-content\/uploads\/2025\/01\/g212.png\",\"width\":313,\"height\":74,\"caption\":\"Vitaminai ir maisto papildai internetu | Vitaminai.lt\"},\"image\":{\"@id\":\"https:\/\/vitaminai.lt\/#\/schema\/logo\/image\/\"},\"sameAs\":[\"https:\/\/www.facebook.com\/vitaminai\/\"]}]}<\/script>\n<!-- \/ Yoast SEO plugin. -->","yoast_head_json":{"title":"Pektininiai guminukai BEAUTY HAIR SKIN NAILS N60 - Vitaminai ir maisto papildai internetu | Vitaminai.lt","robots":{"index":"index","follow":"follow","max-snippet":"max-snippet:-1","max-image-preview":"max-image-preview:large","max-video-preview":"max-video-preview:-1"},"canonical":"https:\/\/vitaminai.lt\/produktas\/beauty-hair-skin-nails-guminukai-n60\/","og_locale":"en_US","og_type":"article","og_title":"Pektininiai guminukai BEAUTY HAIR SKIN NAILS N60 - Vitaminai ir maisto papildai internetu | Vitaminai.lt","og_description":"BEAUTY HAIR SKIN NAILS Maisto papildas | 60 avie\u010di\u0173 ir m\u0117lyni\u0173 skonio guminuk\u0173 Gro\u017eiui, kuris spindi i\u0161 vidaus \u2013 lengvai ir skaniai! \u201eBeauty Hair Skin Nails\u201c\u00a0\u2013 tai auk\u0161tos kokyb\u0117s maisto papildas guminuk\u0173 formoje, praturtintas biotinu, cinku, selenu ir vitaminu C. \u0160is gro\u017eio kompleksas padeda palaikyti sveik\u0105 plauk\u0173, odos ir nag\u0173 b\u016bkl\u0119, kad j\u016bs\u0173 gro\u017eis spind\u0117t\u0173 [&hellip;]","og_url":"https:\/\/vitaminai.lt\/produktas\/beauty-hair-skin-nails-guminukai-n60\/","og_site_name":"Vitaminai ir maisto papildai internetu | Vitaminai.lt","article_publisher":"https:\/\/www.facebook.com\/vitaminai\/","article_modified_time":"2026-04-02T13:04:32+00:00","og_image":[{"width":1506,"height":1455,"url":"https:\/\/vitaminai.lt\/wp-content\/uploads\/2024\/08\/Beauty-Hair-Skin-Nails.jpg","type":"image\/jpeg"}],"twitter_card":"summary_large_image","twitter_misc":{"Est. reading time":"2 minutes"},"schema":{"@context":"https:\/\/schema.org","@graph":[{"@type":"WebPage","@id":"https:\/\/vitaminai.lt\/produktas\/beauty-hair-skin-nails-guminukai-n60\/","url":"https:\/\/vitaminai.lt\/produktas\/beauty-hair-skin-nails-guminukai-n60\/","name":"Pektininiai guminukai BEAUTY HAIR SKIN NAILS N60 - Vitaminai ir maisto papildai internetu | Vitaminai.lt","isPartOf":{"@id":"https:\/\/vitaminai.lt\/#website"},"primaryImageOfPage":{"@id":"https:\/\/vitaminai.lt\/produktas\/beauty-hair-skin-nails-guminukai-n60\/#primaryimage"},"image":{"@id":"https:\/\/vitaminai.lt\/produktas\/beauty-hair-skin-nails-guminukai-n60\/#primaryimage"},"thumbnailUrl":"https:\/\/vitaminai.lt\/wp-content\/uploads\/2024\/08\/Beauty-Hair-Skin-Nails.jpg","datePublished":"2024-08-07T10:48:06+00:00","dateModified":"2026-04-02T13:04:32+00:00","breadcrumb":{"@id":"https:\/\/vitaminai.lt\/produktas\/beauty-hair-skin-nails-guminukai-n60\/#breadcrumb"},"inLanguage":"en-US","potentialAction":[{"@type":"ReadAction","target":["https:\/\/vitaminai.lt\/produktas\/beauty-hair-skin-nails-guminukai-n60\/"]}]},{"@type":"ImageObject","inLanguage":"en-US","@id":"https:\/\/vitaminai.lt\/produktas\/beauty-hair-skin-nails-guminukai-n60\/#primaryimage","url":"https:\/\/vitaminai.lt\/wp-content\/uploads\/2024\/08\/Beauty-Hair-Skin-Nails.jpg","contentUrl":"https:\/\/vitaminai.lt\/wp-content\/uploads\/2024\/08\/Beauty-Hair-Skin-Nails.jpg","width":1506,"height":1455},{"@type":"BreadcrumbList","@id":"https:\/\/vitaminai.lt\/produktas\/beauty-hair-skin-nails-guminukai-n60\/#breadcrumb","itemListElement":[{"@type":"ListItem","position":1,"name":"Home","item":"https:\/\/vitaminai.lt\/"},{"@type":"ListItem","position":2,"name":"Produktai","item":"https:\/\/vitaminai.lt\/produktai\/"},{"@type":"ListItem","position":3,"name":"Pektininiai guminukai BEAUTY HAIR SKIN NAILS N60"}]},{"@type":"WebSite","@id":"https:\/\/vitaminai.lt\/#website","url":"https:\/\/vitaminai.lt\/","name":"Vitaminai ir maisto papildai internetu | Vitaminai.lt","description":"","publisher":{"@id":"https:\/\/vitaminai.lt\/#organization"},"potentialAction":[{"@type":"SearchAction","target":{"@type":"EntryPoint","urlTemplate":"https:\/\/vitaminai.lt\/?s={search_term_string}"},"query-input":{"@type":"PropertyValueSpecification","valueRequired":true,"valueName":"search_term_string"}}],"inLanguage":"en-US"},{"@type":"Organization","@id":"https:\/\/vitaminai.lt\/#organization","name":"Vitaminai ir maisto papildai internetu | Vitaminai.lt","url":"https:\/\/vitaminai.lt\/","logo":{"@type":"ImageObject","inLanguage":"en-US","@id":"https:\/\/vitaminai.lt\/#\/schema\/logo\/image\/","url":"https:\/\/vitaminai.lt\/wp-content\/uploads\/2025\/01\/g212.png","contentUrl":"https:\/\/vitaminai.lt\/wp-content\/uploads\/2025\/01\/g212.png","width":313,"height":74,"caption":"Vitaminai ir maisto papildai internetu | Vitaminai.lt"},"image":{"@id":"https:\/\/vitaminai.lt\/#\/schema\/logo\/image\/"},"sameAs":["https:\/\/www.facebook.com\/vitaminai\/"]}]}},"_links":{"self":[{"href":"https:\/\/vitaminai.lt\/en\/wp-json\/wp\/v2\/product\/342","targetHints":{"allow":["GET"]}}],"collection":[{"href":"https:\/\/vitaminai.lt\/en\/wp-json\/wp\/v2\/product"}],"about":[{"href":"https:\/\/vitaminai.lt\/en\/wp-json\/wp\/v2\/types\/product"}],"replies":[{"embeddable":true,"href":"https:\/\/vitaminai.lt\/en\/wp-json\/wp\/v2\/comments?post=342"}],"wp:featuredmedia":[{"embeddable":true,"href":"https:\/\/vitaminai.lt\/en\/wp-json\/wp\/v2\/media\/343"}],"wp:attachment":[{"href":"https:\/\/vitaminai.lt\/en\/wp-json\/wp\/v2\/media?parent=342"}],"wp:term":[{"taxonomy":"product_brand","embeddable":true,"href":"https:\/\/vitaminai.lt\/en\/wp-json\/wp\/v2\/product_brand?post=342"},{"taxonomy":"product_cat","embeddable":true,"href":"https:\/\/vitaminai.lt\/en\/wp-json\/wp\/v2\/product_cat?post=342"},{"taxonomy":"product_tag","embeddable":true,"href":"https:\/\/vitaminai.lt\/en\/wp-json\/wp\/v2\/product_tag?post=342"}],"curies":[{"name":"wp","href":"https:\/\/api.w.org\/{rel}","templated":true}]}}