{"id":345,"date":"2024-08-07T11:37:09","date_gmt":"2024-08-07T11:37:09","guid":{"rendered":"https:\/\/vitaminai.lt\/?post_type=product&#038;p=345"},"modified":"2026-04-07T09:23:40","modified_gmt":"2026-04-07T07:23:40","slug":"super-cal500-mag250-zink15-n90","status":"publish","type":"product","link":"https:\/\/vitaminai.lt\/en\/produktas\/super-cal500-mag250-zink15-n90\/","title":{"rendered":"SUPER CAL500 MAG250 ZINC15 N90"},"content":{"rendered":"<div class=\"flex-shrink-0 flex flex-col relative items-end\">\n<div class=\"pt-0\">\n<div class=\"gizmo-bot-avatar flex h-8 w-8 items-center justify-center overflow-hidden rounded-full\">\n<div class=\"relative p-1 rounded-sm flex items-center justify-center bg-token-main-surface-primary text-token-text-primary h-8 w-8\">\n<h3 data-start=\"119\" data-end=\"151\">SUPER CAL500 MAG250 ZINC15<\/h3>\n<p data-start=\"152\" data-end=\"185\"><strong data-start=\"152\" data-end=\"185\">Maisto papildas | 90 table\u010di\u0173<\/strong><\/p>\n<hr \/>\n<\/div>\n<\/div>\n<\/div>\n<\/div>\n<div class=\"flex-shrink-0 flex flex-col relative items-end\">\n<div class=\"pt-0\">\n<div class=\"gizmo-bot-avatar flex h-8 w-8 items-center justify-center overflow-hidden rounded-full\">\n<div class=\"relative p-1 rounded-sm flex items-center justify-center bg-token-main-surface-primary text-token-text-primary h-8 w-8\">\n<p data-start=\"1658\" data-end=\"1787\"><strong>SUPER CAL500 MAG250 ZINC15<\/strong> \u2013 tai kalcio, magnio ir cinko kompleksas, papildytas vitaminu D, padedantis palaikyti normali\u0105 raumen\u0173 funkcij\u0105, nerv\u0173 sistemos veik\u0105, imunin\u0119 sistem\u0105 ir odos, plauk\u0173, nag\u0173 b\u016bkl\u0119. Maisto papildas skirtas kasdien\u0117s mitybos papildymui.<\/p>\n<hr \/>\n<p data-start=\"1789\" data-end=\"1844\"><strong>Sud\u0117tyje esan\u010dios maistin\u0117s med\u017eiagos ir j\u0173 savyb\u0117s<\/strong><\/p>\n<p data-start=\"1846\" data-end=\"1857\"><strong data-start=\"1846\" data-end=\"1857\">Kalcis:<\/strong><\/p>\n<p data-start=\"1860\" data-end=\"1916\">reikalingas normaliai kaul\u0173 ir dant\u0173 b\u016bklei palaikyti;<\/p>\n<p data-start=\"1919\" data-end=\"1964\">padeda palaikyti normali\u0105 raumen\u0173 funkcij\u0105.<\/p>\n<p data-start=\"1966\" data-end=\"1977\"><strong data-start=\"1966\" data-end=\"1977\">Magnis:<\/strong><\/p>\n<p data-start=\"1980\" data-end=\"2025\">padeda palaikyti normali\u0105 raumen\u0173 funkcij\u0105;<\/p>\n<p data-start=\"2028\" data-end=\"2078\">padeda palaikyti normali\u0105 nerv\u0173 sistemos veikl\u0105.<\/p>\n<p data-start=\"2080\" data-end=\"2091\"><strong data-start=\"2080\" data-end=\"2091\">Cinkas:<\/strong><\/p>\n<p data-start=\"2094\" data-end=\"2149\">padeda palaikyti normali\u0105 odos, plauk\u0173 ir nag\u0173 b\u016bkl\u0119;<\/p>\n<p data-start=\"2152\" data-end=\"2205\">padeda palaikyti normali\u0105 imunin\u0117s sistemos veikl\u0105.<\/p>\n<p data-start=\"2207\" data-end=\"2223\"><strong data-start=\"2207\" data-end=\"2223\">Vitaminas D:<\/strong><\/p>\n<p data-start=\"2226\" data-end=\"2283\">padeda palaikyti normal\u0173 kalcio ir fosforo \u012fsisavinim\u0105;<\/p>\n<p data-start=\"2286\" data-end=\"2344\">padeda palaikyti normali\u0105 kalcio koncentracij\u0105 kraujyje.<\/p>\n<hr \/>\n<p data-start=\"2346\" data-end=\"2424\"><strong data-start=\"2346\" data-end=\"2376\">SUPER CAL500 MAG250 ZINC15<\/strong> \u2013 maisto papildas kasdien\u0117s mitybos papildymui.<\/p>\n<\/div>\n<\/div>\n<\/div>\n<\/div>\n","protected":false},"excerpt":{"rendered":"<p>SUPER CAL500 MAG250 ZINC15 Maisto papildas | 90 table\u010di\u0173 SUPER CAL500 MAG250 ZINC15 \u2013 tai kalcio, magnio ir cinko kompleksas, papildytas vitaminu D, padedantis palaikyti normali\u0105 raumen\u0173 funkcij\u0105, nerv\u0173 sistemos veik\u0105, imunin\u0119 sistem\u0105 ir odos, plauk\u0173, nag\u0173 b\u016bkl\u0119. Maisto papildas skirtas kasdien\u0117s mitybos papildymui. Sud\u0117tyje esan\u010dios maistin\u0117s med\u017eiagos ir j\u0173 savyb\u0117s Kalcis: reikalingas normaliai kaul\u0173 [&hellip;]<\/p>\n","protected":false},"featured_media":334,"comment_status":"open","ping_status":"closed","template":"","meta":[],"product_brand":[],"product_cat":[403,319,317,280,375,371,276,257,294,318,367,377,368,33,40,243,244,245,246,249,252,253,20,44,175,48,52,53,54,55,56,59,18,29,23,31,30,34,66,77,83,97],"product_tag":[],"class_list":{"0":"post-345","1":"product","2":"type-product","3":"status-publish","4":"has-post-thumbnail","6":"product_cat-11-viskam","7":"product_cat-dantims-privalumai","8":"product_cat-kaulams-privalumai","9":"product_cat-medziagu-apykaitai-privalumai","10":"product_cat-menesio-prekes","11":"product_cat-nagams-pagrindines-kategorijos","12":"product_cat-nervu-sistemai-privalumai","13":"product_cat-privalumai","14":"product_cat-psichologinei-funkcijai-privalumai","15":"product_cat-raumenims-privalumai-2","16":"product_cat-sanariams-pagrindines-kategorijos","17":"product_cat-savaites-top-pasiulymai","18":"product_cat-sportuojantiems-pagrindines-kategorijos","19":"product_cat-maisto-papildo-forma","20":"product_cat-tabletes","21":"product_cat-pagrindines-kategorijos","22":"product_cat-moterims","23":"product_cat-vyrams","24":"product_cat-groziui-2","25":"product_cat-nervu-sistemai-pagrindines-kategorijos","26":"product_cat-odai-pagrindines-kategorijos","27":"product_cat-plaukams-pagrindines-kategorijos","28":"product_cat-paskirtis","29":"product_cat-augimui","30":"product_cat-brendimui","31":"product_cat-kaulams","32":"product_cat-nagams","33":"product_cat-nestumui","34":"product_cat-odai","35":"product_cat-plaukams","36":"product_cat-raumenims","37":"product_cat-sportuojantiems","38":"product_cat-vartotojas","39":"product_cat-moterys","40":"product_cat-paaugliai","41":"product_cat-senjorai","42":"product_cat-vyrai","43":"product_cat-veiklioji-medziaga","44":"product_cat-cinkas","45":"product_cat-kalcis","46":"product_cat-magnis","47":"product_cat-vitaminas-d","49":"first","50":"instock","51":"shipping-taxable","52":"purchasable","53":"product-type-simple"},"yoast_head":"<!-- This site is optimized with the Yoast SEO plugin v26.6 - https:\/\/yoast.com\/wordpress\/plugins\/seo\/ -->\n<title>SUPER CAL500 MAG250 ZINC15 N90 - Vitaminai ir maisto papildai internetu | Vitaminai.lt<\/title>\n<meta name=\"robots\" content=\"index, follow, max-snippet:-1, max-image-preview:large, max-video-preview:-1\" \/>\n<link rel=\"canonical\" href=\"https:\/\/vitaminai.lt\/produktas\/super-cal500-mag250-zink15-n90\/\" \/>\n<meta property=\"og:locale\" content=\"en_US\" \/>\n<meta property=\"og:type\" content=\"article\" \/>\n<meta property=\"og:title\" content=\"SUPER CAL500 MAG250 ZINC15 N90 - Vitaminai ir maisto papildai internetu | Vitaminai.lt\" \/>\n<meta property=\"og:description\" content=\"SUPER CAL500 MAG250 ZINC15 Maisto papildas | 90 table\u010di\u0173 SUPER CAL500 MAG250 ZINC15 \u2013 tai kalcio, magnio ir cinko kompleksas, papildytas vitaminu D, padedantis palaikyti normali\u0105 raumen\u0173 funkcij\u0105, nerv\u0173 sistemos veik\u0105, imunin\u0119 sistem\u0105 ir odos, plauk\u0173, nag\u0173 b\u016bkl\u0119. Maisto papildas skirtas kasdien\u0117s mitybos papildymui. Sud\u0117tyje esan\u010dios maistin\u0117s med\u017eiagos ir j\u0173 savyb\u0117s Kalcis: reikalingas normaliai kaul\u0173 [&hellip;]\" \/>\n<meta property=\"og:url\" content=\"https:\/\/vitaminai.lt\/produktas\/super-cal500-mag250-zink15-n90\/\" \/>\n<meta property=\"og:site_name\" content=\"Vitaminai ir maisto papildai internetu | Vitaminai.lt\" \/>\n<meta property=\"article:publisher\" content=\"https:\/\/www.facebook.com\/vitaminai\/\" \/>\n<meta property=\"article:modified_time\" content=\"2026-04-07T07:23:40+00:00\" \/>\n<meta property=\"og:image\" content=\"https:\/\/vitaminai.lt\/wp-content\/uploads\/2024\/08\/Super-cal-500-mag-250-zinc-15.png\" \/>\n\t<meta property=\"og:image:width\" content=\"3001\" \/>\n\t<meta property=\"og:image:height\" content=\"2928\" \/>\n\t<meta property=\"og:image:type\" content=\"image\/png\" \/>\n<meta name=\"twitter:card\" content=\"summary_large_image\" \/>\n<meta name=\"twitter:label1\" content=\"Est. reading time\" \/>\n\t<meta name=\"twitter:data1\" content=\"1 minute\" \/>\n<script type=\"application\/ld+json\" class=\"yoast-schema-graph\">{\"@context\":\"https:\/\/schema.org\",\"@graph\":[{\"@type\":\"WebPage\",\"@id\":\"https:\/\/vitaminai.lt\/produktas\/super-cal500-mag250-zink15-n90\/\",\"url\":\"https:\/\/vitaminai.lt\/produktas\/super-cal500-mag250-zink15-n90\/\",\"name\":\"SUPER CAL500 MAG250 ZINC15 N90 - Vitaminai ir maisto papildai internetu | Vitaminai.lt\",\"isPartOf\":{\"@id\":\"https:\/\/vitaminai.lt\/#website\"},\"primaryImageOfPage\":{\"@id\":\"https:\/\/vitaminai.lt\/produktas\/super-cal500-mag250-zink15-n90\/#primaryimage\"},\"image\":{\"@id\":\"https:\/\/vitaminai.lt\/produktas\/super-cal500-mag250-zink15-n90\/#primaryimage\"},\"thumbnailUrl\":\"https:\/\/vitaminai.lt\/wp-content\/uploads\/2024\/08\/Super-cal-500-mag-250-zinc-15.png\",\"datePublished\":\"2024-08-07T11:37:09+00:00\",\"dateModified\":\"2026-04-07T07:23:40+00:00\",\"breadcrumb\":{\"@id\":\"https:\/\/vitaminai.lt\/produktas\/super-cal500-mag250-zink15-n90\/#breadcrumb\"},\"inLanguage\":\"en-US\",\"potentialAction\":[{\"@type\":\"ReadAction\",\"target\":[\"https:\/\/vitaminai.lt\/produktas\/super-cal500-mag250-zink15-n90\/\"]}]},{\"@type\":\"ImageObject\",\"inLanguage\":\"en-US\",\"@id\":\"https:\/\/vitaminai.lt\/produktas\/super-cal500-mag250-zink15-n90\/#primaryimage\",\"url\":\"https:\/\/vitaminai.lt\/wp-content\/uploads\/2024\/08\/Super-cal-500-mag-250-zinc-15.png\",\"contentUrl\":\"https:\/\/vitaminai.lt\/wp-content\/uploads\/2024\/08\/Super-cal-500-mag-250-zinc-15.png\",\"width\":3001,\"height\":2928},{\"@type\":\"BreadcrumbList\",\"@id\":\"https:\/\/vitaminai.lt\/produktas\/super-cal500-mag250-zink15-n90\/#breadcrumb\",\"itemListElement\":[{\"@type\":\"ListItem\",\"position\":1,\"name\":\"Home\",\"item\":\"https:\/\/vitaminai.lt\/\"},{\"@type\":\"ListItem\",\"position\":2,\"name\":\"Produktai\",\"item\":\"https:\/\/vitaminai.lt\/produktai\/\"},{\"@type\":\"ListItem\",\"position\":3,\"name\":\"SUPER CAL500 MAG250 ZINC15 N90\"}]},{\"@type\":\"WebSite\",\"@id\":\"https:\/\/vitaminai.lt\/#website\",\"url\":\"https:\/\/vitaminai.lt\/\",\"name\":\"Vitaminai ir maisto papildai internetu | Vitaminai.lt\",\"description\":\"\",\"publisher\":{\"@id\":\"https:\/\/vitaminai.lt\/#organization\"},\"potentialAction\":[{\"@type\":\"SearchAction\",\"target\":{\"@type\":\"EntryPoint\",\"urlTemplate\":\"https:\/\/vitaminai.lt\/?s={search_term_string}\"},\"query-input\":{\"@type\":\"PropertyValueSpecification\",\"valueRequired\":true,\"valueName\":\"search_term_string\"}}],\"inLanguage\":\"en-US\"},{\"@type\":\"Organization\",\"@id\":\"https:\/\/vitaminai.lt\/#organization\",\"name\":\"Vitaminai ir maisto papildai internetu | Vitaminai.lt\",\"url\":\"https:\/\/vitaminai.lt\/\",\"logo\":{\"@type\":\"ImageObject\",\"inLanguage\":\"en-US\",\"@id\":\"https:\/\/vitaminai.lt\/#\/schema\/logo\/image\/\",\"url\":\"https:\/\/vitaminai.lt\/wp-content\/uploads\/2025\/01\/g212.png\",\"contentUrl\":\"https:\/\/vitaminai.lt\/wp-content\/uploads\/2025\/01\/g212.png\",\"width\":313,\"height\":74,\"caption\":\"Vitaminai ir maisto papildai internetu | Vitaminai.lt\"},\"image\":{\"@id\":\"https:\/\/vitaminai.lt\/#\/schema\/logo\/image\/\"},\"sameAs\":[\"https:\/\/www.facebook.com\/vitaminai\/\"]}]}<\/script>\n<!-- \/ Yoast SEO plugin. -->","yoast_head_json":{"title":"SUPER CAL500 MAG250 ZINC15 N90 - Vitaminai ir maisto papildai internetu | Vitaminai.lt","robots":{"index":"index","follow":"follow","max-snippet":"max-snippet:-1","max-image-preview":"max-image-preview:large","max-video-preview":"max-video-preview:-1"},"canonical":"https:\/\/vitaminai.lt\/produktas\/super-cal500-mag250-zink15-n90\/","og_locale":"en_US","og_type":"article","og_title":"SUPER CAL500 MAG250 ZINC15 N90 - Vitaminai ir maisto papildai internetu | Vitaminai.lt","og_description":"SUPER CAL500 MAG250 ZINC15 Maisto papildas | 90 table\u010di\u0173 SUPER CAL500 MAG250 ZINC15 \u2013 tai kalcio, magnio ir cinko kompleksas, papildytas vitaminu D, padedantis palaikyti normali\u0105 raumen\u0173 funkcij\u0105, nerv\u0173 sistemos veik\u0105, imunin\u0119 sistem\u0105 ir odos, plauk\u0173, nag\u0173 b\u016bkl\u0119. Maisto papildas skirtas kasdien\u0117s mitybos papildymui. Sud\u0117tyje esan\u010dios maistin\u0117s med\u017eiagos ir j\u0173 savyb\u0117s Kalcis: reikalingas normaliai kaul\u0173 [&hellip;]","og_url":"https:\/\/vitaminai.lt\/produktas\/super-cal500-mag250-zink15-n90\/","og_site_name":"Vitaminai ir maisto papildai internetu | Vitaminai.lt","article_publisher":"https:\/\/www.facebook.com\/vitaminai\/","article_modified_time":"2026-04-07T07:23:40+00:00","og_image":[{"width":3001,"height":2928,"url":"https:\/\/vitaminai.lt\/wp-content\/uploads\/2024\/08\/Super-cal-500-mag-250-zinc-15.png","type":"image\/png"}],"twitter_card":"summary_large_image","twitter_misc":{"Est. reading time":"1 minute"},"schema":{"@context":"https:\/\/schema.org","@graph":[{"@type":"WebPage","@id":"https:\/\/vitaminai.lt\/produktas\/super-cal500-mag250-zink15-n90\/","url":"https:\/\/vitaminai.lt\/produktas\/super-cal500-mag250-zink15-n90\/","name":"SUPER CAL500 MAG250 ZINC15 N90 - Vitaminai ir maisto papildai internetu | Vitaminai.lt","isPartOf":{"@id":"https:\/\/vitaminai.lt\/#website"},"primaryImageOfPage":{"@id":"https:\/\/vitaminai.lt\/produktas\/super-cal500-mag250-zink15-n90\/#primaryimage"},"image":{"@id":"https:\/\/vitaminai.lt\/produktas\/super-cal500-mag250-zink15-n90\/#primaryimage"},"thumbnailUrl":"https:\/\/vitaminai.lt\/wp-content\/uploads\/2024\/08\/Super-cal-500-mag-250-zinc-15.png","datePublished":"2024-08-07T11:37:09+00:00","dateModified":"2026-04-07T07:23:40+00:00","breadcrumb":{"@id":"https:\/\/vitaminai.lt\/produktas\/super-cal500-mag250-zink15-n90\/#breadcrumb"},"inLanguage":"en-US","potentialAction":[{"@type":"ReadAction","target":["https:\/\/vitaminai.lt\/produktas\/super-cal500-mag250-zink15-n90\/"]}]},{"@type":"ImageObject","inLanguage":"en-US","@id":"https:\/\/vitaminai.lt\/produktas\/super-cal500-mag250-zink15-n90\/#primaryimage","url":"https:\/\/vitaminai.lt\/wp-content\/uploads\/2024\/08\/Super-cal-500-mag-250-zinc-15.png","contentUrl":"https:\/\/vitaminai.lt\/wp-content\/uploads\/2024\/08\/Super-cal-500-mag-250-zinc-15.png","width":3001,"height":2928},{"@type":"BreadcrumbList","@id":"https:\/\/vitaminai.lt\/produktas\/super-cal500-mag250-zink15-n90\/#breadcrumb","itemListElement":[{"@type":"ListItem","position":1,"name":"Home","item":"https:\/\/vitaminai.lt\/"},{"@type":"ListItem","position":2,"name":"Produktai","item":"https:\/\/vitaminai.lt\/produktai\/"},{"@type":"ListItem","position":3,"name":"SUPER CAL500 MAG250 ZINC15 N90"}]},{"@type":"WebSite","@id":"https:\/\/vitaminai.lt\/#website","url":"https:\/\/vitaminai.lt\/","name":"Vitaminai ir maisto papildai internetu | Vitaminai.lt","description":"","publisher":{"@id":"https:\/\/vitaminai.lt\/#organization"},"potentialAction":[{"@type":"SearchAction","target":{"@type":"EntryPoint","urlTemplate":"https:\/\/vitaminai.lt\/?s={search_term_string}"},"query-input":{"@type":"PropertyValueSpecification","valueRequired":true,"valueName":"search_term_string"}}],"inLanguage":"en-US"},{"@type":"Organization","@id":"https:\/\/vitaminai.lt\/#organization","name":"Vitaminai ir maisto papildai internetu | Vitaminai.lt","url":"https:\/\/vitaminai.lt\/","logo":{"@type":"ImageObject","inLanguage":"en-US","@id":"https:\/\/vitaminai.lt\/#\/schema\/logo\/image\/","url":"https:\/\/vitaminai.lt\/wp-content\/uploads\/2025\/01\/g212.png","contentUrl":"https:\/\/vitaminai.lt\/wp-content\/uploads\/2025\/01\/g212.png","width":313,"height":74,"caption":"Vitaminai ir maisto papildai internetu | Vitaminai.lt"},"image":{"@id":"https:\/\/vitaminai.lt\/#\/schema\/logo\/image\/"},"sameAs":["https:\/\/www.facebook.com\/vitaminai\/"]}]}},"_links":{"self":[{"href":"https:\/\/vitaminai.lt\/en\/wp-json\/wp\/v2\/product\/345","targetHints":{"allow":["GET"]}}],"collection":[{"href":"https:\/\/vitaminai.lt\/en\/wp-json\/wp\/v2\/product"}],"about":[{"href":"https:\/\/vitaminai.lt\/en\/wp-json\/wp\/v2\/types\/product"}],"replies":[{"embeddable":true,"href":"https:\/\/vitaminai.lt\/en\/wp-json\/wp\/v2\/comments?post=345"}],"wp:featuredmedia":[{"embeddable":true,"href":"https:\/\/vitaminai.lt\/en\/wp-json\/wp\/v2\/media\/334"}],"wp:attachment":[{"href":"https:\/\/vitaminai.lt\/en\/wp-json\/wp\/v2\/media?parent=345"}],"wp:term":[{"taxonomy":"product_brand","embeddable":true,"href":"https:\/\/vitaminai.lt\/en\/wp-json\/wp\/v2\/product_brand?post=345"},{"taxonomy":"product_cat","embeddable":true,"href":"https:\/\/vitaminai.lt\/en\/wp-json\/wp\/v2\/product_cat?post=345"},{"taxonomy":"product_tag","embeddable":true,"href":"https:\/\/vitaminai.lt\/en\/wp-json\/wp\/v2\/product_tag?post=345"}],"curies":[{"name":"wp","href":"https:\/\/api.w.org\/{rel}","templated":true}]}}