{"id":348,"date":"2024-08-07T11:53:17","date_gmt":"2024-08-07T11:53:17","guid":{"rendered":"https:\/\/vitaminai.lt\/?post_type=product&#038;p=348"},"modified":"2026-04-08T10:25:18","modified_gmt":"2026-04-08T08:25:18","slug":"cinko-bisglicinatas-n90","status":"publish","type":"product","link":"https:\/\/vitaminai.lt\/en\/produktas\/cinko-bisglicinatas-n90\/","title":{"rendered":"Biologi\u0161kai aktyvus cinko bisglicinatas 25 mg N90"},"content":{"rendered":"<div class=\"flex-shrink-0 flex flex-col relative items-end\">\n<div class=\"pt-0\">\n<div class=\"gizmo-bot-avatar flex h-8 w-8 items-center justify-center overflow-hidden rounded-full\">\n<div class=\"relative p-1 rounded-sm flex items-center justify-center bg-token-main-surface-primary text-token-text-primary h-8 w-8\">\n<article class=\"text-token-text-primary w-full\" dir=\"auto\" data-testid=\"conversation-turn-272\" data-scroll-anchor=\"true\">\n<div class=\"text-base my-auto mx-auto py-5 [--thread-content-margin:--spacing(4)] @[37rem]:[--thread-content-margin:--spacing(6)] @[72rem]:[--thread-content-margin:--spacing(16)] px-(--thread-content-margin)\">\n<div class=\"[--thread-content-max-width:32rem] @[34rem]:[--thread-content-max-width:40rem] @[64rem]:[--thread-content-max-width:48rem] mx-auto flex max-w-(--thread-content-max-width) flex-1 text-base gap-4 md:gap-5 lg:gap-6 group\/turn-messages focus-visible:outline-hidden\" tabindex=\"-1\">\n<div class=\"group\/conversation-turn relative flex w-full min-w-0 flex-col agent-turn\">\n<div class=\"relative flex-col gap-1 md:gap-3\">\n<div class=\"flex max-w-full flex-col grow\">\n<div class=\"min-h-8 text-message relative flex w-full flex-col items-end gap-2 text-start break-words whitespace-normal [.text-message+&amp;]:mt-5\" dir=\"auto\" data-message-author-role=\"assistant\" data-message-id=\"84fd00df-b433-40e8-9bc2-9f88e96995c8\" data-message-model-slug=\"gpt-4o\">\n<div class=\"flex w-full flex-col gap-1 empty:hidden first:pt-[3px]\">\n<div class=\"markdown prose dark:prose-invert w-full break-words light\">\n<h3 data-start=\"84\" data-end=\"96\">CINKAS<\/h3>\n<p data-start=\"97\" data-end=\"130\"><strong data-start=\"97\" data-end=\"130\">Maisto papildas | 90 table\u010di\u0173<\/strong><\/p>\n<hr \/>\n<p data-start=\"1953\" data-end=\"2102\"><strong>Cinkas<\/strong> \u2013 tai auk\u0161tos kokyb\u0117s maisto papildas su cinko bisglicinatu \u2013 organine cinko forma. Cinkas svarbus mikroelementas, dalyvaujantis daugelyje organizmo funkcij\u0173 ir prisidedantis prie normalios savijautos palaikymo.<\/p>\n<hr \/>\n<p data-start=\"2104\" data-end=\"2134\"><strong>Kod\u0117l verta rinktis CINK\u0104?<\/strong><\/p>\n<p data-start=\"2136\" data-end=\"2230\"><strong data-start=\"2136\" data-end=\"2167\">Odos, plauk\u0173 ir nag\u0173 b\u016bklei<\/strong> \u2013 cinkas padeda palaikyti normali\u0105 plauk\u0173, nag\u0173 ir odos b\u016bkl\u0119.<\/p>\n<p data-start=\"2232\" data-end=\"2368\"><strong data-start=\"2232\" data-end=\"2253\">Imuninei sistemai<\/strong> \u2013 cinkas padeda palaikyti normali\u0105 imunin\u0117s sistemos veikl\u0105 ir padeda apsaugoti l\u0105steles nuo oksidacin\u0117s pa\u017eaidos.<\/p>\n<p data-start=\"2370\" data-end=\"2476\"><strong data-start=\"2370\" data-end=\"2405\">Pa\u017einimo funkcijai ir reg\u0117jimui<\/strong> \u2013 cinkas padeda palaikyti normali\u0105 pa\u017einimo funkcij\u0105 ir normali\u0105 reg\u0105.<\/p>\n<p data-start=\"2478\" data-end=\"2605\"><strong data-start=\"2478\" data-end=\"2499\">Hormon\u0173 funkcijai<\/strong> \u2013 cinkas padeda palaikyti normali\u0105 testosterono koncentracij\u0105 kraujyje ir normali\u0105 reprodukcin\u0119 funkcij\u0105.<\/p>\n<p data-start=\"2607\" data-end=\"2701\"><strong data-start=\"2607\" data-end=\"2634\">Baltym\u0173 ir DNR sintezei<\/strong> \u2013 cinkas dalyvauja normaliuose baltym\u0173 ir DNR sintez\u0117s procesuose bei atlieka tam tikr\u0105 funkcij\u0105 l\u0105steli\u0173 dalijimosi procese.<\/p>\n<p data-start=\"2703\" data-end=\"2808\"><strong data-start=\"2703\" data-end=\"2725\">Med\u017eiag\u0173 apykaitai<\/strong> \u2013 cinkas padeda palaikyti normali\u0105 angliavandeni\u0173, riebal\u0173 ir vitamino A apykait\u0105.<\/p>\n<hr \/>\n<p data-start=\"2810\" data-end=\"2826\"><strong>Kam skirtas?<\/strong><\/p>\n<p data-start=\"2828\" data-end=\"2996\">Skirtas suaugusiesiems, siekiantiems papildyti kasdien\u0119 mityb\u0105 cinku. Tinka aktyv\u0173 gyvenimo b\u016bd\u0105 gyvenantiems asmenims bei tiems, kuri\u0173 organizme d\u0117l mitybos ypatum\u0173 ar gyvenimo tempo gali nepakakti \u0161io mikroelemento.<\/p>\n<\/div>\n<\/div>\n<\/div>\n<\/div>\n<\/div>\n<\/div>\n<\/div>\n<\/div>\n<\/article>\n<\/div>\n<\/div>\n<\/div>\n<\/div>\n","protected":false},"excerpt":{"rendered":"<p>CINKAS Maisto papildas | 90 table\u010di\u0173 Cinkas \u2013 tai auk\u0161tos kokyb\u0117s maisto papildas su cinko bisglicinatu \u2013 organine cinko forma. Cinkas svarbus mikroelementas, dalyvaujantis daugelyje organizmo funkcij\u0173 ir prisidedantis prie normalios savijautos palaikymo. Kod\u0117l verta rinktis CINK\u0104? Odos, plauk\u0173 ir nag\u0173 b\u016bklei \u2013 cinkas padeda palaikyti normali\u0105 plauk\u0173, nag\u0173 ir odos b\u016bkl\u0119. Imuninei sistemai \u2013 [&hellip;]<\/p>\n","protected":false},"featured_media":700,"comment_status":"open","ping_status":"closed","template":"","meta":[],"product_brand":[],"product_cat":[403,311,317,261,371,292,314,257,259,33,40,243,244,245,246,248,252,253,20,47,32,48,172,54,55,61,18,29,23,31,30,34,66,176],"product_tag":[],"class_list":{"0":"post-348","1":"product","2":"type-product","3":"status-publish","4":"has-post-thumbnail","6":"product_cat-11-viskam","7":"product_cat-antioksidantas","8":"product_cat-kaulams-privalumai","9":"product_cat-nagams-privalumai","10":"product_cat-nagams-pagrindines-kategorijos","11":"product_cat-pazinimo-funkcijai-privalumai","12":"product_cat-plaukams-privalumai","13":"product_cat-privalumai","14":"product_cat-vyriskumui-privalumai","15":"product_cat-maisto-papildo-forma","16":"product_cat-tabletes","17":"product_cat-pagrindines-kategorijos","18":"product_cat-moterims","19":"product_cat-vyrams","20":"product_cat-groziui-2","21":"product_cat-imunitetui-pagrindines-kategorijos","22":"product_cat-odai-pagrindines-kategorijos","23":"product_cat-plaukams-pagrindines-kategorijos","24":"product_cat-paskirtis","25":"product_cat-groziui","26":"product_cat-imunitetui","27":"product_cat-kaulams","28":"product_cat-medziagu-apykaitai","29":"product_cat-odai","30":"product_cat-plaukams","31":"product_cat-vyriskumui","32":"product_cat-vartotojas","33":"product_cat-moterys","34":"product_cat-paaugliai","35":"product_cat-senjorai","36":"product_cat-vyrai","37":"product_cat-veiklioji-medziaga","38":"product_cat-cinkas","39":"product_cat-cinko-bisglicinatas","41":"first","42":"instock","43":"shipping-taxable","44":"purchasable","45":"product-type-simple"},"yoast_head":"<!-- This site is optimized with the Yoast SEO plugin v26.6 - https:\/\/yoast.com\/wordpress\/plugins\/seo\/ -->\n<title>Biologi\u0161kai aktyvus cinko bisglicinatas 25 mg N90 - Vitaminai ir maisto papildai internetu | Vitaminai.lt<\/title>\n<meta name=\"robots\" content=\"index, follow, max-snippet:-1, max-image-preview:large, max-video-preview:-1\" \/>\n<link rel=\"canonical\" href=\"https:\/\/vitaminai.lt\/produktas\/cinko-bisglicinatas-n90\/\" \/>\n<meta property=\"og:locale\" content=\"en_US\" \/>\n<meta property=\"og:type\" content=\"article\" \/>\n<meta property=\"og:title\" content=\"Biologi\u0161kai aktyvus cinko bisglicinatas 25 mg N90 - Vitaminai ir maisto papildai internetu | Vitaminai.lt\" \/>\n<meta property=\"og:description\" content=\"CINKAS Maisto papildas | 90 table\u010di\u0173 Cinkas \u2013 tai auk\u0161tos kokyb\u0117s maisto papildas su cinko bisglicinatu \u2013 organine cinko forma. Cinkas svarbus mikroelementas, dalyvaujantis daugelyje organizmo funkcij\u0173 ir prisidedantis prie normalios savijautos palaikymo. Kod\u0117l verta rinktis CINK\u0104? Odos, plauk\u0173 ir nag\u0173 b\u016bklei \u2013 cinkas padeda palaikyti normali\u0105 plauk\u0173, nag\u0173 ir odos b\u016bkl\u0119. Imuninei sistemai \u2013 [&hellip;]\" \/>\n<meta property=\"og:url\" content=\"https:\/\/vitaminai.lt\/produktas\/cinko-bisglicinatas-n90\/\" \/>\n<meta property=\"og:site_name\" content=\"Vitaminai ir maisto papildai internetu | Vitaminai.lt\" \/>\n<meta property=\"article:publisher\" content=\"https:\/\/www.facebook.com\/vitaminai\/\" \/>\n<meta property=\"article:modified_time\" content=\"2026-04-08T08:25:18+00:00\" \/>\n<meta property=\"og:image\" content=\"https:\/\/vitaminai.lt\/wp-content\/uploads\/2024\/08\/Cinkas-1.png\" \/>\n\t<meta property=\"og:image:width\" content=\"3001\" \/>\n\t<meta property=\"og:image:height\" content=\"2928\" \/>\n\t<meta property=\"og:image:type\" content=\"image\/png\" \/>\n<meta name=\"twitter:card\" content=\"summary_large_image\" \/>\n<meta name=\"twitter:label1\" content=\"Est. reading time\" \/>\n\t<meta name=\"twitter:data1\" content=\"2 minutes\" \/>\n<script type=\"application\/ld+json\" class=\"yoast-schema-graph\">{\"@context\":\"https:\/\/schema.org\",\"@graph\":[{\"@type\":\"WebPage\",\"@id\":\"https:\/\/vitaminai.lt\/produktas\/cinko-bisglicinatas-n90\/\",\"url\":\"https:\/\/vitaminai.lt\/produktas\/cinko-bisglicinatas-n90\/\",\"name\":\"Biologi\u0161kai aktyvus cinko bisglicinatas 25 mg N90 - Vitaminai ir maisto papildai internetu | Vitaminai.lt\",\"isPartOf\":{\"@id\":\"https:\/\/vitaminai.lt\/#website\"},\"primaryImageOfPage\":{\"@id\":\"https:\/\/vitaminai.lt\/produktas\/cinko-bisglicinatas-n90\/#primaryimage\"},\"image\":{\"@id\":\"https:\/\/vitaminai.lt\/produktas\/cinko-bisglicinatas-n90\/#primaryimage\"},\"thumbnailUrl\":\"https:\/\/vitaminai.lt\/wp-content\/uploads\/2024\/08\/Cinkas-1.png\",\"datePublished\":\"2024-08-07T11:53:17+00:00\",\"dateModified\":\"2026-04-08T08:25:18+00:00\",\"breadcrumb\":{\"@id\":\"https:\/\/vitaminai.lt\/produktas\/cinko-bisglicinatas-n90\/#breadcrumb\"},\"inLanguage\":\"en-US\",\"potentialAction\":[{\"@type\":\"ReadAction\",\"target\":[\"https:\/\/vitaminai.lt\/produktas\/cinko-bisglicinatas-n90\/\"]}]},{\"@type\":\"ImageObject\",\"inLanguage\":\"en-US\",\"@id\":\"https:\/\/vitaminai.lt\/produktas\/cinko-bisglicinatas-n90\/#primaryimage\",\"url\":\"https:\/\/vitaminai.lt\/wp-content\/uploads\/2024\/08\/Cinkas-1.png\",\"contentUrl\":\"https:\/\/vitaminai.lt\/wp-content\/uploads\/2024\/08\/Cinkas-1.png\",\"width\":3001,\"height\":2928},{\"@type\":\"BreadcrumbList\",\"@id\":\"https:\/\/vitaminai.lt\/produktas\/cinko-bisglicinatas-n90\/#breadcrumb\",\"itemListElement\":[{\"@type\":\"ListItem\",\"position\":1,\"name\":\"Home\",\"item\":\"https:\/\/vitaminai.lt\/\"},{\"@type\":\"ListItem\",\"position\":2,\"name\":\"Produktai\",\"item\":\"https:\/\/vitaminai.lt\/produktai\/\"},{\"@type\":\"ListItem\",\"position\":3,\"name\":\"Biologi\u0161kai aktyvus cinko bisglicinatas 25 mg N90\"}]},{\"@type\":\"WebSite\",\"@id\":\"https:\/\/vitaminai.lt\/#website\",\"url\":\"https:\/\/vitaminai.lt\/\",\"name\":\"Vitaminai ir maisto papildai internetu | Vitaminai.lt\",\"description\":\"\",\"publisher\":{\"@id\":\"https:\/\/vitaminai.lt\/#organization\"},\"potentialAction\":[{\"@type\":\"SearchAction\",\"target\":{\"@type\":\"EntryPoint\",\"urlTemplate\":\"https:\/\/vitaminai.lt\/?s={search_term_string}\"},\"query-input\":{\"@type\":\"PropertyValueSpecification\",\"valueRequired\":true,\"valueName\":\"search_term_string\"}}],\"inLanguage\":\"en-US\"},{\"@type\":\"Organization\",\"@id\":\"https:\/\/vitaminai.lt\/#organization\",\"name\":\"Vitaminai ir maisto papildai internetu | Vitaminai.lt\",\"url\":\"https:\/\/vitaminai.lt\/\",\"logo\":{\"@type\":\"ImageObject\",\"inLanguage\":\"en-US\",\"@id\":\"https:\/\/vitaminai.lt\/#\/schema\/logo\/image\/\",\"url\":\"https:\/\/vitaminai.lt\/wp-content\/uploads\/2025\/01\/g212.png\",\"contentUrl\":\"https:\/\/vitaminai.lt\/wp-content\/uploads\/2025\/01\/g212.png\",\"width\":313,\"height\":74,\"caption\":\"Vitaminai ir maisto papildai internetu | Vitaminai.lt\"},\"image\":{\"@id\":\"https:\/\/vitaminai.lt\/#\/schema\/logo\/image\/\"},\"sameAs\":[\"https:\/\/www.facebook.com\/vitaminai\/\"]}]}<\/script>\n<!-- \/ Yoast SEO plugin. -->","yoast_head_json":{"title":"Biologi\u0161kai aktyvus cinko bisglicinatas 25 mg N90 - Vitaminai ir maisto papildai internetu | Vitaminai.lt","robots":{"index":"index","follow":"follow","max-snippet":"max-snippet:-1","max-image-preview":"max-image-preview:large","max-video-preview":"max-video-preview:-1"},"canonical":"https:\/\/vitaminai.lt\/produktas\/cinko-bisglicinatas-n90\/","og_locale":"en_US","og_type":"article","og_title":"Biologi\u0161kai aktyvus cinko bisglicinatas 25 mg N90 - Vitaminai ir maisto papildai internetu | Vitaminai.lt","og_description":"CINKAS Maisto papildas | 90 table\u010di\u0173 Cinkas \u2013 tai auk\u0161tos kokyb\u0117s maisto papildas su cinko bisglicinatu \u2013 organine cinko forma. Cinkas svarbus mikroelementas, dalyvaujantis daugelyje organizmo funkcij\u0173 ir prisidedantis prie normalios savijautos palaikymo. Kod\u0117l verta rinktis CINK\u0104? Odos, plauk\u0173 ir nag\u0173 b\u016bklei \u2013 cinkas padeda palaikyti normali\u0105 plauk\u0173, nag\u0173 ir odos b\u016bkl\u0119. Imuninei sistemai \u2013 [&hellip;]","og_url":"https:\/\/vitaminai.lt\/produktas\/cinko-bisglicinatas-n90\/","og_site_name":"Vitaminai ir maisto papildai internetu | Vitaminai.lt","article_publisher":"https:\/\/www.facebook.com\/vitaminai\/","article_modified_time":"2026-04-08T08:25:18+00:00","og_image":[{"width":3001,"height":2928,"url":"https:\/\/vitaminai.lt\/wp-content\/uploads\/2024\/08\/Cinkas-1.png","type":"image\/png"}],"twitter_card":"summary_large_image","twitter_misc":{"Est. reading time":"2 minutes"},"schema":{"@context":"https:\/\/schema.org","@graph":[{"@type":"WebPage","@id":"https:\/\/vitaminai.lt\/produktas\/cinko-bisglicinatas-n90\/","url":"https:\/\/vitaminai.lt\/produktas\/cinko-bisglicinatas-n90\/","name":"Biologi\u0161kai aktyvus cinko bisglicinatas 25 mg N90 - Vitaminai ir maisto papildai internetu | Vitaminai.lt","isPartOf":{"@id":"https:\/\/vitaminai.lt\/#website"},"primaryImageOfPage":{"@id":"https:\/\/vitaminai.lt\/produktas\/cinko-bisglicinatas-n90\/#primaryimage"},"image":{"@id":"https:\/\/vitaminai.lt\/produktas\/cinko-bisglicinatas-n90\/#primaryimage"},"thumbnailUrl":"https:\/\/vitaminai.lt\/wp-content\/uploads\/2024\/08\/Cinkas-1.png","datePublished":"2024-08-07T11:53:17+00:00","dateModified":"2026-04-08T08:25:18+00:00","breadcrumb":{"@id":"https:\/\/vitaminai.lt\/produktas\/cinko-bisglicinatas-n90\/#breadcrumb"},"inLanguage":"en-US","potentialAction":[{"@type":"ReadAction","target":["https:\/\/vitaminai.lt\/produktas\/cinko-bisglicinatas-n90\/"]}]},{"@type":"ImageObject","inLanguage":"en-US","@id":"https:\/\/vitaminai.lt\/produktas\/cinko-bisglicinatas-n90\/#primaryimage","url":"https:\/\/vitaminai.lt\/wp-content\/uploads\/2024\/08\/Cinkas-1.png","contentUrl":"https:\/\/vitaminai.lt\/wp-content\/uploads\/2024\/08\/Cinkas-1.png","width":3001,"height":2928},{"@type":"BreadcrumbList","@id":"https:\/\/vitaminai.lt\/produktas\/cinko-bisglicinatas-n90\/#breadcrumb","itemListElement":[{"@type":"ListItem","position":1,"name":"Home","item":"https:\/\/vitaminai.lt\/"},{"@type":"ListItem","position":2,"name":"Produktai","item":"https:\/\/vitaminai.lt\/produktai\/"},{"@type":"ListItem","position":3,"name":"Biologi\u0161kai aktyvus cinko bisglicinatas 25 mg N90"}]},{"@type":"WebSite","@id":"https:\/\/vitaminai.lt\/#website","url":"https:\/\/vitaminai.lt\/","name":"Vitaminai ir maisto papildai internetu | Vitaminai.lt","description":"","publisher":{"@id":"https:\/\/vitaminai.lt\/#organization"},"potentialAction":[{"@type":"SearchAction","target":{"@type":"EntryPoint","urlTemplate":"https:\/\/vitaminai.lt\/?s={search_term_string}"},"query-input":{"@type":"PropertyValueSpecification","valueRequired":true,"valueName":"search_term_string"}}],"inLanguage":"en-US"},{"@type":"Organization","@id":"https:\/\/vitaminai.lt\/#organization","name":"Vitaminai ir maisto papildai internetu | Vitaminai.lt","url":"https:\/\/vitaminai.lt\/","logo":{"@type":"ImageObject","inLanguage":"en-US","@id":"https:\/\/vitaminai.lt\/#\/schema\/logo\/image\/","url":"https:\/\/vitaminai.lt\/wp-content\/uploads\/2025\/01\/g212.png","contentUrl":"https:\/\/vitaminai.lt\/wp-content\/uploads\/2025\/01\/g212.png","width":313,"height":74,"caption":"Vitaminai ir maisto papildai internetu | Vitaminai.lt"},"image":{"@id":"https:\/\/vitaminai.lt\/#\/schema\/logo\/image\/"},"sameAs":["https:\/\/www.facebook.com\/vitaminai\/"]}]}},"_links":{"self":[{"href":"https:\/\/vitaminai.lt\/en\/wp-json\/wp\/v2\/product\/348","targetHints":{"allow":["GET"]}}],"collection":[{"href":"https:\/\/vitaminai.lt\/en\/wp-json\/wp\/v2\/product"}],"about":[{"href":"https:\/\/vitaminai.lt\/en\/wp-json\/wp\/v2\/types\/product"}],"replies":[{"embeddable":true,"href":"https:\/\/vitaminai.lt\/en\/wp-json\/wp\/v2\/comments?post=348"}],"wp:featuredmedia":[{"embeddable":true,"href":"https:\/\/vitaminai.lt\/en\/wp-json\/wp\/v2\/media\/700"}],"wp:attachment":[{"href":"https:\/\/vitaminai.lt\/en\/wp-json\/wp\/v2\/media?parent=348"}],"wp:term":[{"taxonomy":"product_brand","embeddable":true,"href":"https:\/\/vitaminai.lt\/en\/wp-json\/wp\/v2\/product_brand?post=348"},{"taxonomy":"product_cat","embeddable":true,"href":"https:\/\/vitaminai.lt\/en\/wp-json\/wp\/v2\/product_cat?post=348"},{"taxonomy":"product_tag","embeddable":true,"href":"https:\/\/vitaminai.lt\/en\/wp-json\/wp\/v2\/product_tag?post=348"}],"curies":[{"name":"wp","href":"https:\/\/api.w.org\/{rel}","templated":true}]}}