{"id":352,"date":"2024-08-07T12:31:57","date_gmt":"2024-08-07T12:31:57","guid":{"rendered":"https:\/\/vitaminai.lt\/?post_type=product&#038;p=352"},"modified":"2026-04-08T10:25:17","modified_gmt":"2026-04-08T08:25:17","slug":"cuminukai-vitamino-c-guminukai-n50","status":"publish","type":"product","link":"https:\/\/vitaminai.lt\/en\/produktas\/cuminukai-vitamino-c-guminukai-n50\/","title":{"rendered":"Pektininiai vitamino C guminukai CUMINUKAI N50"},"content":{"rendered":"<article class=\"text-token-text-primary w-full\" dir=\"auto\" data-testid=\"conversation-turn-262\" data-scroll-anchor=\"true\">\n<div class=\"text-base my-auto mx-auto py-5 [--thread-content-margin:--spacing(4)] @[37rem]:[--thread-content-margin:--spacing(6)] @[72rem]:[--thread-content-margin:--spacing(16)] px-(--thread-content-margin)\">\n<div class=\"[--thread-content-max-width:32rem] @[34rem]:[--thread-content-max-width:40rem] @[64rem]:[--thread-content-max-width:48rem] mx-auto flex max-w-(--thread-content-max-width) flex-1 text-base gap-4 md:gap-5 lg:gap-6 group\/turn-messages focus-visible:outline-hidden\" tabindex=\"-1\">\n<div class=\"group\/conversation-turn relative flex w-full min-w-0 flex-col agent-turn\">\n<div class=\"relative flex-col gap-1 md:gap-3\">\n<div class=\"flex max-w-full flex-col grow\">\n<div class=\"min-h-8 text-message relative flex w-full flex-col items-end gap-2 text-start break-words whitespace-normal [.text-message+&amp;]:mt-5\" dir=\"auto\" data-message-author-role=\"assistant\" data-message-id=\"933f3fc4-259d-482e-9c47-b57aae87c676\" data-message-model-slug=\"gpt-4o\">\n<div class=\"flex w-full flex-col gap-1 empty:hidden first:pt-[3px]\">\n<div class=\"markdown prose dark:prose-invert w-full break-words light\">\n<h3 data-start=\"188\" data-end=\"253\"><strong data-start=\"188\" data-end=\"201\">CUMINUKAI<\/strong><\/h3>\n<p data-start=\"188\" data-end=\"253\"><strong data-start=\"204\" data-end=\"253\">Maisto papildas | 50 apelsin\u0173 skonio guminuk\u0173<\/strong><\/p>\n<p data-start=\"1335\" data-end=\"1437\"><strong>\u201eCuminukai\u201c<\/strong> \u2013 tai skan\u016bs apelsin\u0173 skonio guminukai su vitaminu C, sukurti patogiam vartojimui kasdien.<\/p>\n<hr data-start=\"1439\" data-end=\"1442\" \/>\n<p data-start=\"1444\" data-end=\"1480\"><strong>Kod\u0117l verta rinktis \u201eCuminukus\u201c?<\/strong><\/p>\n<p data-start=\"1484\" data-end=\"1625\"><strong data-start=\"1484\" data-end=\"1503\">Imunin\u0117 sistema<\/strong> \u2013 vitaminas C prisideda prie normalios imunin\u0117s sistemos veiklos ir padeda apsaugoti l\u0105steles nuo oksidacin\u0117s pa\u017eaidos;<\/p>\n<p data-start=\"1628\" data-end=\"1740\"><strong data-start=\"1628\" data-end=\"1650\">Energijos apykaita<\/strong> \u2013 prisideda prie normalios energijos apykaitos ir padeda ma\u017einti nuovarg\u012f bei i\u0161sekim\u0105;<\/p>\n<p data-start=\"1743\" data-end=\"1865\"><strong data-start=\"1743\" data-end=\"1785\">Nerv\u0173 sistema ir psichologin\u0117 funkcija<\/strong> \u2013 prisideda prie normalios nerv\u0173 sistemos veiklos ir psichologin\u0117s funkcijos;<\/p>\n<p data-start=\"1868\" data-end=\"2028\"><strong data-start=\"1868\" data-end=\"1892\">Kolageno susidarymas<\/strong> \u2013 prisideda prie normalaus kolageno susidarymo, reikalingo normaliai odos, kaul\u0173, kremzli\u0173, dant\u0173, danten\u0173 ir kraujagysli\u0173 funkcijai;<\/p>\n<p data-start=\"2031\" data-end=\"2096\"><strong data-start=\"2031\" data-end=\"2054\">Gele\u017eies absorbcija<\/strong> \u2013 vitaminas C didina gele\u017eies absorbcij\u0105.<\/p>\n<hr data-start=\"2098\" data-end=\"2101\" \/>\n<p data-start=\"2103\" data-end=\"2130\"><strong>Kam skirti \u201eCuminukai\u201c?<\/strong><\/p>\n<p data-start=\"2134\" data-end=\"2206\">Vaikams (nuo 3 met\u0173) ir suaugusiesiems, norintiems papildyti mityb\u0105 vitaminu C;<\/p>\n<p data-start=\"2209\" data-end=\"2247\">Ie\u0161kantiems patogaus vartojimo b\u016bdo;<\/p>\n<p data-start=\"2250\" data-end=\"2293\">Vertinantiems kokyb\u0119 ir paprast\u0105 vartojim\u0105.<\/p>\n<hr \/>\n<p data-start=\"2250\" data-end=\"2293\">Smagus ir patogus b\u016bdas <strong data-start=\"1234\" data-end=\"1265\">papildyti mityb\u0105 vitaminu C<\/strong> \u2013 apelsin\u0173 skonio \u201eCuminukai\u201c tinka tiek vaikams, tiek suaugusiems.<\/p>\n<\/div>\n<\/div>\n<\/div>\n<\/div>\n<\/div>\n<\/div>\n<\/div>\n<\/div>\n<\/article>\n","protected":false},"excerpt":{"rendered":"<p>CUMINUKAI Maisto papildas | 50 apelsin\u0173 skonio guminuk\u0173 \u201eCuminukai\u201c \u2013 tai skan\u016bs apelsin\u0173 skonio guminukai su vitaminu C, sukurti patogiam vartojimui kasdien. Kod\u0117l verta rinktis \u201eCuminukus\u201c? Imunin\u0117 sistema \u2013 vitaminas C prisideda prie normalios imunin\u0117s sistemos veiklos ir padeda apsaugoti l\u0105steles nuo oksidacin\u0117s pa\u017eaidos; Energijos apykaita \u2013 prisideda prie normalios energijos apykaitos ir padeda ma\u017einti [&hellip;]<\/p>\n","protected":false},"featured_media":353,"comment_status":"open","ping_status":"closed","template":"","meta":[],"product_brand":[],"product_cat":[254,260,286,276,277,316,257,294,368,33,36,243,245,247,248,249,251,20,44,26,32,177,171,174,165,18,29,23,31,19,30,34,96],"product_tag":[],"class_list":{"0":"post-352","1":"product","2":"type-product","3":"status-publish","4":"has-post-thumbnail","6":"product_cat-akcijos","7":"product_cat-imunitetui-privalumai","8":"product_cat-kolageno-sintezei-privalumai","9":"product_cat-nervu-sistemai-privalumai","10":"product_cat-nuovargio-mazinimui-privalumai","11":"product_cat-organizmo-apsaugai-privalumai","12":"product_cat-privalumai","13":"product_cat-psichologinei-funkcijai-privalumai","14":"product_cat-sportuojantiems-pagrindines-kategorijos","15":"product_cat-maisto-papildo-forma","16":"product_cat-guminukai-maisto-papildo-forma","17":"product_cat-pagrindines-kategorijos","18":"product_cat-vyrams","19":"product_cat-energijai-pagrindines-kategorijos","20":"product_cat-imunitetui-pagrindines-kategorijos","21":"product_cat-nervu-sistemai-pagrindines-kategorijos","22":"product_cat-vaikams","23":"product_cat-paskirtis","24":"product_cat-augimui","25":"product_cat-energijai","26":"product_cat-imunitetui","27":"product_cat-kolageno-susidarymui","28":"product_cat-nuovargio-mazinimui","29":"product_cat-organizmo-apsaugai","30":"product_cat-psichologinei-funkcijai","31":"product_cat-vartotojas","32":"product_cat-moterys","33":"product_cat-paaugliai","34":"product_cat-senjorai","35":"product_cat-vaikai","36":"product_cat-vyrai","37":"product_cat-veiklioji-medziaga","38":"product_cat-vitaminas-c","40":"first","41":"instock","42":"sale","43":"shipping-taxable","44":"purchasable","45":"product-type-simple"},"yoast_head":"<!-- This site is optimized with the Yoast SEO plugin v26.6 - https:\/\/yoast.com\/wordpress\/plugins\/seo\/ -->\n<title>Pektininiai vitamino C guminukai CUMINUKAI N50 - Vitaminai ir maisto papildai internetu | Vitaminai.lt<\/title>\n<meta name=\"robots\" content=\"index, follow, max-snippet:-1, max-image-preview:large, max-video-preview:-1\" \/>\n<link rel=\"canonical\" href=\"https:\/\/vitaminai.lt\/produktas\/cuminukai-vitamino-c-guminukai-n50\/\" \/>\n<meta property=\"og:locale\" content=\"en_US\" \/>\n<meta property=\"og:type\" content=\"article\" \/>\n<meta property=\"og:title\" content=\"Pektininiai vitamino C guminukai CUMINUKAI N50 - Vitaminai ir maisto papildai internetu | Vitaminai.lt\" \/>\n<meta property=\"og:description\" content=\"CUMINUKAI Maisto papildas | 50 apelsin\u0173 skonio guminuk\u0173 \u201eCuminukai\u201c \u2013 tai skan\u016bs apelsin\u0173 skonio guminukai su vitaminu C, sukurti patogiam vartojimui kasdien. Kod\u0117l verta rinktis \u201eCuminukus\u201c? Imunin\u0117 sistema \u2013 vitaminas C prisideda prie normalios imunin\u0117s sistemos veiklos ir padeda apsaugoti l\u0105steles nuo oksidacin\u0117s pa\u017eaidos; Energijos apykaita \u2013 prisideda prie normalios energijos apykaitos ir padeda ma\u017einti [&hellip;]\" \/>\n<meta property=\"og:url\" content=\"https:\/\/vitaminai.lt\/produktas\/cuminukai-vitamino-c-guminukai-n50\/\" \/>\n<meta property=\"og:site_name\" content=\"Vitaminai ir maisto papildai internetu | Vitaminai.lt\" \/>\n<meta property=\"article:publisher\" content=\"https:\/\/www.facebook.com\/vitaminai\/\" \/>\n<meta property=\"article:modified_time\" content=\"2026-04-08T08:25:17+00:00\" \/>\n<meta property=\"og:image\" content=\"https:\/\/vitaminai.lt\/wp-content\/uploads\/2024\/08\/Cuminukai.jpg\" \/>\n\t<meta property=\"og:image:width\" content=\"1506\" \/>\n\t<meta property=\"og:image:height\" content=\"1455\" \/>\n\t<meta property=\"og:image:type\" content=\"image\/jpeg\" \/>\n<meta name=\"twitter:card\" content=\"summary_large_image\" \/>\n<meta name=\"twitter:label1\" content=\"Est. reading time\" \/>\n\t<meta name=\"twitter:data1\" content=\"1 minute\" \/>\n<script type=\"application\/ld+json\" class=\"yoast-schema-graph\">{\"@context\":\"https:\/\/schema.org\",\"@graph\":[{\"@type\":\"WebPage\",\"@id\":\"https:\/\/vitaminai.lt\/produktas\/cuminukai-vitamino-c-guminukai-n50\/\",\"url\":\"https:\/\/vitaminai.lt\/produktas\/cuminukai-vitamino-c-guminukai-n50\/\",\"name\":\"Pektininiai vitamino C guminukai CUMINUKAI N50 - Vitaminai ir maisto papildai internetu | Vitaminai.lt\",\"isPartOf\":{\"@id\":\"https:\/\/vitaminai.lt\/#website\"},\"primaryImageOfPage\":{\"@id\":\"https:\/\/vitaminai.lt\/produktas\/cuminukai-vitamino-c-guminukai-n50\/#primaryimage\"},\"image\":{\"@id\":\"https:\/\/vitaminai.lt\/produktas\/cuminukai-vitamino-c-guminukai-n50\/#primaryimage\"},\"thumbnailUrl\":\"https:\/\/vitaminai.lt\/wp-content\/uploads\/2024\/08\/Cuminukai.jpg\",\"datePublished\":\"2024-08-07T12:31:57+00:00\",\"dateModified\":\"2026-04-08T08:25:17+00:00\",\"breadcrumb\":{\"@id\":\"https:\/\/vitaminai.lt\/produktas\/cuminukai-vitamino-c-guminukai-n50\/#breadcrumb\"},\"inLanguage\":\"en-US\",\"potentialAction\":[{\"@type\":\"ReadAction\",\"target\":[\"https:\/\/vitaminai.lt\/produktas\/cuminukai-vitamino-c-guminukai-n50\/\"]}]},{\"@type\":\"ImageObject\",\"inLanguage\":\"en-US\",\"@id\":\"https:\/\/vitaminai.lt\/produktas\/cuminukai-vitamino-c-guminukai-n50\/#primaryimage\",\"url\":\"https:\/\/vitaminai.lt\/wp-content\/uploads\/2024\/08\/Cuminukai.jpg\",\"contentUrl\":\"https:\/\/vitaminai.lt\/wp-content\/uploads\/2024\/08\/Cuminukai.jpg\",\"width\":1506,\"height\":1455},{\"@type\":\"BreadcrumbList\",\"@id\":\"https:\/\/vitaminai.lt\/produktas\/cuminukai-vitamino-c-guminukai-n50\/#breadcrumb\",\"itemListElement\":[{\"@type\":\"ListItem\",\"position\":1,\"name\":\"Home\",\"item\":\"https:\/\/vitaminai.lt\/\"},{\"@type\":\"ListItem\",\"position\":2,\"name\":\"Produktai\",\"item\":\"https:\/\/vitaminai.lt\/produktai\/\"},{\"@type\":\"ListItem\",\"position\":3,\"name\":\"Pektininiai vitamino C guminukai CUMINUKAI N50\"}]},{\"@type\":\"WebSite\",\"@id\":\"https:\/\/vitaminai.lt\/#website\",\"url\":\"https:\/\/vitaminai.lt\/\",\"name\":\"Vitaminai ir maisto papildai internetu | Vitaminai.lt\",\"description\":\"\",\"publisher\":{\"@id\":\"https:\/\/vitaminai.lt\/#organization\"},\"potentialAction\":[{\"@type\":\"SearchAction\",\"target\":{\"@type\":\"EntryPoint\",\"urlTemplate\":\"https:\/\/vitaminai.lt\/?s={search_term_string}\"},\"query-input\":{\"@type\":\"PropertyValueSpecification\",\"valueRequired\":true,\"valueName\":\"search_term_string\"}}],\"inLanguage\":\"en-US\"},{\"@type\":\"Organization\",\"@id\":\"https:\/\/vitaminai.lt\/#organization\",\"name\":\"Vitaminai ir maisto papildai internetu | Vitaminai.lt\",\"url\":\"https:\/\/vitaminai.lt\/\",\"logo\":{\"@type\":\"ImageObject\",\"inLanguage\":\"en-US\",\"@id\":\"https:\/\/vitaminai.lt\/#\/schema\/logo\/image\/\",\"url\":\"https:\/\/vitaminai.lt\/wp-content\/uploads\/2025\/01\/g212.png\",\"contentUrl\":\"https:\/\/vitaminai.lt\/wp-content\/uploads\/2025\/01\/g212.png\",\"width\":313,\"height\":74,\"caption\":\"Vitaminai ir maisto papildai internetu | Vitaminai.lt\"},\"image\":{\"@id\":\"https:\/\/vitaminai.lt\/#\/schema\/logo\/image\/\"},\"sameAs\":[\"https:\/\/www.facebook.com\/vitaminai\/\"]}]}<\/script>\n<!-- \/ Yoast SEO plugin. -->","yoast_head_json":{"title":"Pektininiai vitamino C guminukai CUMINUKAI N50 - Vitaminai ir maisto papildai internetu | Vitaminai.lt","robots":{"index":"index","follow":"follow","max-snippet":"max-snippet:-1","max-image-preview":"max-image-preview:large","max-video-preview":"max-video-preview:-1"},"canonical":"https:\/\/vitaminai.lt\/produktas\/cuminukai-vitamino-c-guminukai-n50\/","og_locale":"en_US","og_type":"article","og_title":"Pektininiai vitamino C guminukai CUMINUKAI N50 - Vitaminai ir maisto papildai internetu | Vitaminai.lt","og_description":"CUMINUKAI Maisto papildas | 50 apelsin\u0173 skonio guminuk\u0173 \u201eCuminukai\u201c \u2013 tai skan\u016bs apelsin\u0173 skonio guminukai su vitaminu C, sukurti patogiam vartojimui kasdien. Kod\u0117l verta rinktis \u201eCuminukus\u201c? Imunin\u0117 sistema \u2013 vitaminas C prisideda prie normalios imunin\u0117s sistemos veiklos ir padeda apsaugoti l\u0105steles nuo oksidacin\u0117s pa\u017eaidos; Energijos apykaita \u2013 prisideda prie normalios energijos apykaitos ir padeda ma\u017einti [&hellip;]","og_url":"https:\/\/vitaminai.lt\/produktas\/cuminukai-vitamino-c-guminukai-n50\/","og_site_name":"Vitaminai ir maisto papildai internetu | Vitaminai.lt","article_publisher":"https:\/\/www.facebook.com\/vitaminai\/","article_modified_time":"2026-04-08T08:25:17+00:00","og_image":[{"width":1506,"height":1455,"url":"https:\/\/vitaminai.lt\/wp-content\/uploads\/2024\/08\/Cuminukai.jpg","type":"image\/jpeg"}],"twitter_card":"summary_large_image","twitter_misc":{"Est. reading time":"1 minute"},"schema":{"@context":"https:\/\/schema.org","@graph":[{"@type":"WebPage","@id":"https:\/\/vitaminai.lt\/produktas\/cuminukai-vitamino-c-guminukai-n50\/","url":"https:\/\/vitaminai.lt\/produktas\/cuminukai-vitamino-c-guminukai-n50\/","name":"Pektininiai vitamino C guminukai CUMINUKAI N50 - Vitaminai ir maisto papildai internetu | Vitaminai.lt","isPartOf":{"@id":"https:\/\/vitaminai.lt\/#website"},"primaryImageOfPage":{"@id":"https:\/\/vitaminai.lt\/produktas\/cuminukai-vitamino-c-guminukai-n50\/#primaryimage"},"image":{"@id":"https:\/\/vitaminai.lt\/produktas\/cuminukai-vitamino-c-guminukai-n50\/#primaryimage"},"thumbnailUrl":"https:\/\/vitaminai.lt\/wp-content\/uploads\/2024\/08\/Cuminukai.jpg","datePublished":"2024-08-07T12:31:57+00:00","dateModified":"2026-04-08T08:25:17+00:00","breadcrumb":{"@id":"https:\/\/vitaminai.lt\/produktas\/cuminukai-vitamino-c-guminukai-n50\/#breadcrumb"},"inLanguage":"en-US","potentialAction":[{"@type":"ReadAction","target":["https:\/\/vitaminai.lt\/produktas\/cuminukai-vitamino-c-guminukai-n50\/"]}]},{"@type":"ImageObject","inLanguage":"en-US","@id":"https:\/\/vitaminai.lt\/produktas\/cuminukai-vitamino-c-guminukai-n50\/#primaryimage","url":"https:\/\/vitaminai.lt\/wp-content\/uploads\/2024\/08\/Cuminukai.jpg","contentUrl":"https:\/\/vitaminai.lt\/wp-content\/uploads\/2024\/08\/Cuminukai.jpg","width":1506,"height":1455},{"@type":"BreadcrumbList","@id":"https:\/\/vitaminai.lt\/produktas\/cuminukai-vitamino-c-guminukai-n50\/#breadcrumb","itemListElement":[{"@type":"ListItem","position":1,"name":"Home","item":"https:\/\/vitaminai.lt\/"},{"@type":"ListItem","position":2,"name":"Produktai","item":"https:\/\/vitaminai.lt\/produktai\/"},{"@type":"ListItem","position":3,"name":"Pektininiai vitamino C guminukai CUMINUKAI N50"}]},{"@type":"WebSite","@id":"https:\/\/vitaminai.lt\/#website","url":"https:\/\/vitaminai.lt\/","name":"Vitaminai ir maisto papildai internetu | Vitaminai.lt","description":"","publisher":{"@id":"https:\/\/vitaminai.lt\/#organization"},"potentialAction":[{"@type":"SearchAction","target":{"@type":"EntryPoint","urlTemplate":"https:\/\/vitaminai.lt\/?s={search_term_string}"},"query-input":{"@type":"PropertyValueSpecification","valueRequired":true,"valueName":"search_term_string"}}],"inLanguage":"en-US"},{"@type":"Organization","@id":"https:\/\/vitaminai.lt\/#organization","name":"Vitaminai ir maisto papildai internetu | Vitaminai.lt","url":"https:\/\/vitaminai.lt\/","logo":{"@type":"ImageObject","inLanguage":"en-US","@id":"https:\/\/vitaminai.lt\/#\/schema\/logo\/image\/","url":"https:\/\/vitaminai.lt\/wp-content\/uploads\/2025\/01\/g212.png","contentUrl":"https:\/\/vitaminai.lt\/wp-content\/uploads\/2025\/01\/g212.png","width":313,"height":74,"caption":"Vitaminai ir maisto papildai internetu | Vitaminai.lt"},"image":{"@id":"https:\/\/vitaminai.lt\/#\/schema\/logo\/image\/"},"sameAs":["https:\/\/www.facebook.com\/vitaminai\/"]}]}},"_links":{"self":[{"href":"https:\/\/vitaminai.lt\/en\/wp-json\/wp\/v2\/product\/352","targetHints":{"allow":["GET"]}}],"collection":[{"href":"https:\/\/vitaminai.lt\/en\/wp-json\/wp\/v2\/product"}],"about":[{"href":"https:\/\/vitaminai.lt\/en\/wp-json\/wp\/v2\/types\/product"}],"replies":[{"embeddable":true,"href":"https:\/\/vitaminai.lt\/en\/wp-json\/wp\/v2\/comments?post=352"}],"wp:featuredmedia":[{"embeddable":true,"href":"https:\/\/vitaminai.lt\/en\/wp-json\/wp\/v2\/media\/353"}],"wp:attachment":[{"href":"https:\/\/vitaminai.lt\/en\/wp-json\/wp\/v2\/media?parent=352"}],"wp:term":[{"taxonomy":"product_brand","embeddable":true,"href":"https:\/\/vitaminai.lt\/en\/wp-json\/wp\/v2\/product_brand?post=352"},{"taxonomy":"product_cat","embeddable":true,"href":"https:\/\/vitaminai.lt\/en\/wp-json\/wp\/v2\/product_cat?post=352"},{"taxonomy":"product_tag","embeddable":true,"href":"https:\/\/vitaminai.lt\/en\/wp-json\/wp\/v2\/product_tag?post=352"}],"curies":[{"name":"wp","href":"https:\/\/api.w.org\/{rel}","templated":true}]}}