{"id":355,"date":"2024-08-13T05:27:56","date_gmt":"2024-08-13T05:27:56","guid":{"rendered":"https:\/\/vitaminai.lt\/?post_type=product&#038;p=355"},"modified":"2026-04-08T10:25:20","modified_gmt":"2026-04-08T08:25:20","slug":"gelezies-bisglicinatas-n60","status":"publish","type":"product","link":"https:\/\/vitaminai.lt\/en\/produktas\/gelezies-bisglicinatas-n60\/","title":{"rendered":"Gele\u017eies bisglicinatas 25 mg N60"},"content":{"rendered":"<h3 data-start=\"206\" data-end=\"268\"><strong data-start=\"206\" data-end=\"232\">GELE\u017dIES BISGLICINATAS<\/strong><\/h3>\n<p data-start=\"206\" data-end=\"268\"><strong data-start=\"235\" data-end=\"268\">Maisto papildas | 60 kapsuli\u0173<\/strong><\/p>\n<hr \/>\n<p><strong>Gele\u017eies bisglicinatas<\/strong> \u2013 tai maisto papildas, skirtas kasdien\u0117s mitybos papildymui. Gele\u017eis yra svarbus mikroelementas, dalyvaujantis daugelyje organizmo funkcij\u0173. Bisglicinato forma pasirinkta kaip <strong data-start=\"496\" data-end=\"523\">organin\u0117 gele\u017eies forma<\/strong>, tinkama kasdieniam vartojimui.<\/p>\n<hr \/>\n<p data-start=\"557\" data-end=\"925\"><strong>Gele\u017eis<\/strong> padeda palaikyti normali\u0105 pa\u017einimo funkcij\u0105, normali\u0105 energijos apykait\u0105 ir normali\u0105 imunin\u0117s sistemos veikl\u0105, palaikyti normal\u0173 raudon\u0173j\u0173 kraujo k\u016bneli\u0173 ir hemoglobino susidarym\u0105 bei normal\u0173 deguonies perne\u0161im\u0105 organizme. Be to, gele\u017eis padeda ma\u017einti pavargimo jausm\u0105 ir nuovarg\u012f bei atlieka tam tikr\u0105 funkcij\u0105 l\u0105steli\u0173 dalijimosi procese.<\/p>\n<hr \/>\n<p data-start=\"1076\" data-end=\"1126\"><strong>Kod\u0117l verta rinktis gele\u017eies bisglicinat\u0105?<\/strong><\/p>\n<p><strong data-start=\"179\" data-end=\"207\">Chelatin\u0117 gele\u017eies forma<\/strong>, kurioje gele\u017eis susijungusi su aminor\u016bg\u0161timi glicinu<\/p>\n<p><strong data-start=\"266\" data-end=\"285\">Gera absorbcija<\/strong> \u2013 bisglicinato forma pasi\u017eymi geru pasisavinimu organizme<\/p>\n<p><strong data-start=\"348\" data-end=\"380\">\u0160velni vir\u0161kinamajam traktui<\/strong> \u2013 da\u017enai pasirenkama d\u0117l geresnio toleravimo<\/p>\n<p data-start=\"1196\" data-end=\"1232\"><strong>Patogi forma<\/strong> kasdieniam vartojimui<\/p>\n<hr \/>\n<p data-start=\"1235\" data-end=\"1258\"><strong>Gele\u017eies bisglicinatas<\/strong> \u2013 tai organin\u0117 gele\u017eies forma, da\u017enai pasirenkama d\u0117l gero pasisavinimo ir \u0161velnesnio poveikio vir\u0161kinimo sistemai.<\/p>\n","protected":false},"excerpt":{"rendered":"<p>GELE\u017dIES BISGLICINATAS Maisto papildas | 60 kapsuli\u0173 Gele\u017eies bisglicinatas \u2013 tai maisto papildas, skirtas kasdien\u0117s mitybos papildymui. Gele\u017eis yra svarbus mikroelementas, dalyvaujantis daugelyje organizmo funkcij\u0173. Bisglicinato forma pasirinkta kaip organin\u0117 gele\u017eies forma, tinkama kasdieniam vartojimui. Gele\u017eis padeda palaikyti normali\u0105 pa\u017einimo funkcij\u0105, normali\u0105 energijos apykait\u0105 ir normali\u0105 imunin\u0117s sistemos veikl\u0105, palaikyti normal\u0173 raudon\u0173j\u0173 kraujo k\u016bneli\u0173 ir [&hellip;]<\/p>\n","protected":false},"featured_media":699,"comment_status":"open","ping_status":"closed","template":"","meta":[],"product_brand":[],"product_cat":[403,266,260,289,273,375,292,257,306,33,37,243,244,245,247,248,250,20,43,44,175,26,32,140,173,56,28,18,29,23,31,30,34,178,70],"product_tag":[],"class_list":{"0":"post-355","1":"product","2":"type-product","3":"status-publish","4":"has-post-thumbnail","6":"product_cat-11-viskam","7":"product_cat-energijai-privalumai","8":"product_cat-imunitetui-privalumai","9":"product_cat-kraujotakos-sistemai-privalumai","10":"product_cat-lasteliu-apsaugai-privalumai","11":"product_cat-menesio-prekes","12":"product_cat-pazinimo-funkcijai-privalumai","13":"product_cat-privalumai","14":"product_cat-raumenims-privalumai","15":"product_cat-maisto-papildo-forma","16":"product_cat-kapsules","17":"product_cat-pagrindines-kategorijos","18":"product_cat-moterims","19":"product_cat-vyrams","20":"product_cat-energijai-pagrindines-kategorijos","21":"product_cat-imunitetui-pagrindines-kategorijos","22":"product_cat-sirdziai","23":"product_cat-paskirtis","24":"product_cat-atminciai","25":"product_cat-augimui","26":"product_cat-brendimui","27":"product_cat-energijai","28":"product_cat-imunitetui","29":"product_cat-kraujotakos-sistemai","30":"product_cat-lasteliu-apsaugai","31":"product_cat-raumenims","32":"product_cat-sirdziai-paskirtis","33":"product_cat-vartotojas","34":"product_cat-moterys","35":"product_cat-paaugliai","36":"product_cat-senjorai","37":"product_cat-vyrai","38":"product_cat-veiklioji-medziaga","39":"product_cat-gelezies-bisglicinatas","40":"product_cat-gelezis","42":"first","43":"instock","44":"shipping-taxable","45":"purchasable","46":"product-type-simple"},"yoast_head":"<!-- This site is optimized with the Yoast SEO plugin v26.6 - https:\/\/yoast.com\/wordpress\/plugins\/seo\/ -->\n<title>Gele\u017eies bisglicinatas 25 mg N60 - Vitaminai ir maisto papildai internetu | Vitaminai.lt<\/title>\n<meta name=\"robots\" content=\"index, follow, max-snippet:-1, max-image-preview:large, max-video-preview:-1\" \/>\n<link rel=\"canonical\" href=\"https:\/\/vitaminai.lt\/produktas\/gelezies-bisglicinatas-n60\/\" \/>\n<meta property=\"og:locale\" content=\"en_US\" \/>\n<meta property=\"og:type\" content=\"article\" \/>\n<meta property=\"og:title\" content=\"Gele\u017eies bisglicinatas 25 mg N60 - Vitaminai ir maisto papildai internetu | Vitaminai.lt\" \/>\n<meta property=\"og:description\" content=\"GELE\u017dIES BISGLICINATAS Maisto papildas | 60 kapsuli\u0173 Gele\u017eies bisglicinatas \u2013 tai maisto papildas, skirtas kasdien\u0117s mitybos papildymui. Gele\u017eis yra svarbus mikroelementas, dalyvaujantis daugelyje organizmo funkcij\u0173. Bisglicinato forma pasirinkta kaip organin\u0117 gele\u017eies forma, tinkama kasdieniam vartojimui. Gele\u017eis padeda palaikyti normali\u0105 pa\u017einimo funkcij\u0105, normali\u0105 energijos apykait\u0105 ir normali\u0105 imunin\u0117s sistemos veikl\u0105, palaikyti normal\u0173 raudon\u0173j\u0173 kraujo k\u016bneli\u0173 ir [&hellip;]\" \/>\n<meta property=\"og:url\" content=\"https:\/\/vitaminai.lt\/produktas\/gelezies-bisglicinatas-n60\/\" \/>\n<meta property=\"og:site_name\" content=\"Vitaminai ir maisto papildai internetu | Vitaminai.lt\" \/>\n<meta property=\"article:publisher\" content=\"https:\/\/www.facebook.com\/vitaminai\/\" \/>\n<meta property=\"article:modified_time\" content=\"2026-04-08T08:25:20+00:00\" \/>\n<meta property=\"og:image\" content=\"https:\/\/vitaminai.lt\/wp-content\/uploads\/2024\/08\/Gelezis-2.png\" \/>\n\t<meta property=\"og:image:width\" content=\"3001\" \/>\n\t<meta property=\"og:image:height\" content=\"2928\" \/>\n\t<meta property=\"og:image:type\" content=\"image\/png\" \/>\n<meta name=\"twitter:card\" content=\"summary_large_image\" \/>\n<meta name=\"twitter:label1\" content=\"Est. reading time\" \/>\n\t<meta name=\"twitter:data1\" content=\"1 minute\" \/>\n<script type=\"application\/ld+json\" class=\"yoast-schema-graph\">{\"@context\":\"https:\/\/schema.org\",\"@graph\":[{\"@type\":\"WebPage\",\"@id\":\"https:\/\/vitaminai.lt\/produktas\/gelezies-bisglicinatas-n60\/\",\"url\":\"https:\/\/vitaminai.lt\/produktas\/gelezies-bisglicinatas-n60\/\",\"name\":\"Gele\u017eies bisglicinatas 25 mg N60 - Vitaminai ir maisto papildai internetu | Vitaminai.lt\",\"isPartOf\":{\"@id\":\"https:\/\/vitaminai.lt\/#website\"},\"primaryImageOfPage\":{\"@id\":\"https:\/\/vitaminai.lt\/produktas\/gelezies-bisglicinatas-n60\/#primaryimage\"},\"image\":{\"@id\":\"https:\/\/vitaminai.lt\/produktas\/gelezies-bisglicinatas-n60\/#primaryimage\"},\"thumbnailUrl\":\"https:\/\/vitaminai.lt\/wp-content\/uploads\/2024\/08\/Gelezis-2.png\",\"datePublished\":\"2024-08-13T05:27:56+00:00\",\"dateModified\":\"2026-04-08T08:25:20+00:00\",\"breadcrumb\":{\"@id\":\"https:\/\/vitaminai.lt\/produktas\/gelezies-bisglicinatas-n60\/#breadcrumb\"},\"inLanguage\":\"en-US\",\"potentialAction\":[{\"@type\":\"ReadAction\",\"target\":[\"https:\/\/vitaminai.lt\/produktas\/gelezies-bisglicinatas-n60\/\"]}]},{\"@type\":\"ImageObject\",\"inLanguage\":\"en-US\",\"@id\":\"https:\/\/vitaminai.lt\/produktas\/gelezies-bisglicinatas-n60\/#primaryimage\",\"url\":\"https:\/\/vitaminai.lt\/wp-content\/uploads\/2024\/08\/Gelezis-2.png\",\"contentUrl\":\"https:\/\/vitaminai.lt\/wp-content\/uploads\/2024\/08\/Gelezis-2.png\",\"width\":3001,\"height\":2928},{\"@type\":\"BreadcrumbList\",\"@id\":\"https:\/\/vitaminai.lt\/produktas\/gelezies-bisglicinatas-n60\/#breadcrumb\",\"itemListElement\":[{\"@type\":\"ListItem\",\"position\":1,\"name\":\"Home\",\"item\":\"https:\/\/vitaminai.lt\/\"},{\"@type\":\"ListItem\",\"position\":2,\"name\":\"Produktai\",\"item\":\"https:\/\/vitaminai.lt\/produktai\/\"},{\"@type\":\"ListItem\",\"position\":3,\"name\":\"Gele\u017eies bisglicinatas 25 mg N60\"}]},{\"@type\":\"WebSite\",\"@id\":\"https:\/\/vitaminai.lt\/#website\",\"url\":\"https:\/\/vitaminai.lt\/\",\"name\":\"Vitaminai ir maisto papildai internetu | Vitaminai.lt\",\"description\":\"\",\"publisher\":{\"@id\":\"https:\/\/vitaminai.lt\/#organization\"},\"potentialAction\":[{\"@type\":\"SearchAction\",\"target\":{\"@type\":\"EntryPoint\",\"urlTemplate\":\"https:\/\/vitaminai.lt\/?s={search_term_string}\"},\"query-input\":{\"@type\":\"PropertyValueSpecification\",\"valueRequired\":true,\"valueName\":\"search_term_string\"}}],\"inLanguage\":\"en-US\"},{\"@type\":\"Organization\",\"@id\":\"https:\/\/vitaminai.lt\/#organization\",\"name\":\"Vitaminai ir maisto papildai internetu | Vitaminai.lt\",\"url\":\"https:\/\/vitaminai.lt\/\",\"logo\":{\"@type\":\"ImageObject\",\"inLanguage\":\"en-US\",\"@id\":\"https:\/\/vitaminai.lt\/#\/schema\/logo\/image\/\",\"url\":\"https:\/\/vitaminai.lt\/wp-content\/uploads\/2025\/01\/g212.png\",\"contentUrl\":\"https:\/\/vitaminai.lt\/wp-content\/uploads\/2025\/01\/g212.png\",\"width\":313,\"height\":74,\"caption\":\"Vitaminai ir maisto papildai internetu | Vitaminai.lt\"},\"image\":{\"@id\":\"https:\/\/vitaminai.lt\/#\/schema\/logo\/image\/\"},\"sameAs\":[\"https:\/\/www.facebook.com\/vitaminai\/\"]}]}<\/script>\n<!-- \/ Yoast SEO plugin. -->","yoast_head_json":{"title":"Gele\u017eies bisglicinatas 25 mg N60 - Vitaminai ir maisto papildai internetu | Vitaminai.lt","robots":{"index":"index","follow":"follow","max-snippet":"max-snippet:-1","max-image-preview":"max-image-preview:large","max-video-preview":"max-video-preview:-1"},"canonical":"https:\/\/vitaminai.lt\/produktas\/gelezies-bisglicinatas-n60\/","og_locale":"en_US","og_type":"article","og_title":"Gele\u017eies bisglicinatas 25 mg N60 - Vitaminai ir maisto papildai internetu | Vitaminai.lt","og_description":"GELE\u017dIES BISGLICINATAS Maisto papildas | 60 kapsuli\u0173 Gele\u017eies bisglicinatas \u2013 tai maisto papildas, skirtas kasdien\u0117s mitybos papildymui. Gele\u017eis yra svarbus mikroelementas, dalyvaujantis daugelyje organizmo funkcij\u0173. Bisglicinato forma pasirinkta kaip organin\u0117 gele\u017eies forma, tinkama kasdieniam vartojimui. Gele\u017eis padeda palaikyti normali\u0105 pa\u017einimo funkcij\u0105, normali\u0105 energijos apykait\u0105 ir normali\u0105 imunin\u0117s sistemos veikl\u0105, palaikyti normal\u0173 raudon\u0173j\u0173 kraujo k\u016bneli\u0173 ir [&hellip;]","og_url":"https:\/\/vitaminai.lt\/produktas\/gelezies-bisglicinatas-n60\/","og_site_name":"Vitaminai ir maisto papildai internetu | Vitaminai.lt","article_publisher":"https:\/\/www.facebook.com\/vitaminai\/","article_modified_time":"2026-04-08T08:25:20+00:00","og_image":[{"width":3001,"height":2928,"url":"https:\/\/vitaminai.lt\/wp-content\/uploads\/2024\/08\/Gelezis-2.png","type":"image\/png"}],"twitter_card":"summary_large_image","twitter_misc":{"Est. reading time":"1 minute"},"schema":{"@context":"https:\/\/schema.org","@graph":[{"@type":"WebPage","@id":"https:\/\/vitaminai.lt\/produktas\/gelezies-bisglicinatas-n60\/","url":"https:\/\/vitaminai.lt\/produktas\/gelezies-bisglicinatas-n60\/","name":"Gele\u017eies bisglicinatas 25 mg N60 - Vitaminai ir maisto papildai internetu | Vitaminai.lt","isPartOf":{"@id":"https:\/\/vitaminai.lt\/#website"},"primaryImageOfPage":{"@id":"https:\/\/vitaminai.lt\/produktas\/gelezies-bisglicinatas-n60\/#primaryimage"},"image":{"@id":"https:\/\/vitaminai.lt\/produktas\/gelezies-bisglicinatas-n60\/#primaryimage"},"thumbnailUrl":"https:\/\/vitaminai.lt\/wp-content\/uploads\/2024\/08\/Gelezis-2.png","datePublished":"2024-08-13T05:27:56+00:00","dateModified":"2026-04-08T08:25:20+00:00","breadcrumb":{"@id":"https:\/\/vitaminai.lt\/produktas\/gelezies-bisglicinatas-n60\/#breadcrumb"},"inLanguage":"en-US","potentialAction":[{"@type":"ReadAction","target":["https:\/\/vitaminai.lt\/produktas\/gelezies-bisglicinatas-n60\/"]}]},{"@type":"ImageObject","inLanguage":"en-US","@id":"https:\/\/vitaminai.lt\/produktas\/gelezies-bisglicinatas-n60\/#primaryimage","url":"https:\/\/vitaminai.lt\/wp-content\/uploads\/2024\/08\/Gelezis-2.png","contentUrl":"https:\/\/vitaminai.lt\/wp-content\/uploads\/2024\/08\/Gelezis-2.png","width":3001,"height":2928},{"@type":"BreadcrumbList","@id":"https:\/\/vitaminai.lt\/produktas\/gelezies-bisglicinatas-n60\/#breadcrumb","itemListElement":[{"@type":"ListItem","position":1,"name":"Home","item":"https:\/\/vitaminai.lt\/"},{"@type":"ListItem","position":2,"name":"Produktai","item":"https:\/\/vitaminai.lt\/produktai\/"},{"@type":"ListItem","position":3,"name":"Gele\u017eies bisglicinatas 25 mg N60"}]},{"@type":"WebSite","@id":"https:\/\/vitaminai.lt\/#website","url":"https:\/\/vitaminai.lt\/","name":"Vitaminai ir maisto papildai internetu | Vitaminai.lt","description":"","publisher":{"@id":"https:\/\/vitaminai.lt\/#organization"},"potentialAction":[{"@type":"SearchAction","target":{"@type":"EntryPoint","urlTemplate":"https:\/\/vitaminai.lt\/?s={search_term_string}"},"query-input":{"@type":"PropertyValueSpecification","valueRequired":true,"valueName":"search_term_string"}}],"inLanguage":"en-US"},{"@type":"Organization","@id":"https:\/\/vitaminai.lt\/#organization","name":"Vitaminai ir maisto papildai internetu | Vitaminai.lt","url":"https:\/\/vitaminai.lt\/","logo":{"@type":"ImageObject","inLanguage":"en-US","@id":"https:\/\/vitaminai.lt\/#\/schema\/logo\/image\/","url":"https:\/\/vitaminai.lt\/wp-content\/uploads\/2025\/01\/g212.png","contentUrl":"https:\/\/vitaminai.lt\/wp-content\/uploads\/2025\/01\/g212.png","width":313,"height":74,"caption":"Vitaminai ir maisto papildai internetu | Vitaminai.lt"},"image":{"@id":"https:\/\/vitaminai.lt\/#\/schema\/logo\/image\/"},"sameAs":["https:\/\/www.facebook.com\/vitaminai\/"]}]}},"_links":{"self":[{"href":"https:\/\/vitaminai.lt\/en\/wp-json\/wp\/v2\/product\/355","targetHints":{"allow":["GET"]}}],"collection":[{"href":"https:\/\/vitaminai.lt\/en\/wp-json\/wp\/v2\/product"}],"about":[{"href":"https:\/\/vitaminai.lt\/en\/wp-json\/wp\/v2\/types\/product"}],"replies":[{"embeddable":true,"href":"https:\/\/vitaminai.lt\/en\/wp-json\/wp\/v2\/comments?post=355"}],"wp:featuredmedia":[{"embeddable":true,"href":"https:\/\/vitaminai.lt\/en\/wp-json\/wp\/v2\/media\/699"}],"wp:attachment":[{"href":"https:\/\/vitaminai.lt\/en\/wp-json\/wp\/v2\/media?parent=355"}],"wp:term":[{"taxonomy":"product_brand","embeddable":true,"href":"https:\/\/vitaminai.lt\/en\/wp-json\/wp\/v2\/product_brand?post=355"},{"taxonomy":"product_cat","embeddable":true,"href":"https:\/\/vitaminai.lt\/en\/wp-json\/wp\/v2\/product_cat?post=355"},{"taxonomy":"product_tag","embeddable":true,"href":"https:\/\/vitaminai.lt\/en\/wp-json\/wp\/v2\/product_tag?post=355"}],"curies":[{"name":"wp","href":"https:\/\/api.w.org\/{rel}","templated":true}]}}