{"id":359,"date":"2024-08-13T05:28:45","date_gmt":"2024-08-13T05:28:45","guid":{"rendered":"https:\/\/vitaminai.lt\/?post_type=product&#038;p=359"},"modified":"2026-04-08T10:25:20","modified_gmt":"2026-04-08T08:25:20","slug":"magnio-kompleksas-n120","status":"publish","type":"product","link":"https:\/\/vitaminai.lt\/en\/produktas\/magnio-kompleksas-n120\/","title":{"rendered":"Penki\u0173 magnio drusk\u0173 magnio kompleksas N120"},"content":{"rendered":"<article class=\"text-token-text-primary w-full\" dir=\"auto\" data-testid=\"conversation-turn-258\" data-scroll-anchor=\"true\">\n<div class=\"text-base my-auto mx-auto py-5 [--thread-content-margin:--spacing(4)] @[37rem]:[--thread-content-margin:--spacing(6)] @[72rem]:[--thread-content-margin:--spacing(16)] px-(--thread-content-margin)\">\n<div class=\"[--thread-content-max-width:32rem] @[34rem]:[--thread-content-max-width:40rem] @[64rem]:[--thread-content-max-width:48rem] mx-auto flex max-w-(--thread-content-max-width) flex-1 text-base gap-4 md:gap-5 lg:gap-6 group\/turn-messages focus-visible:outline-hidden\">\n<div class=\"group\/conversation-turn relative flex w-full min-w-0 flex-col agent-turn\">\n<div class=\"relative flex-col gap-1 md:gap-3\">\n<div class=\"flex max-w-full flex-col grow\">\n<div class=\"min-h-8 text-message relative flex w-full flex-col items-end gap-2 text-start break-words whitespace-normal [.text-message+&amp;]:mt-5\" dir=\"auto\" data-message-author-role=\"assistant\" data-message-id=\"8e429b52-e122-4e56-a6ff-bbc8a6ff1e23\" data-message-model-slug=\"gpt-4o\">\n<div class=\"flex w-full flex-col gap-1 empty:hidden first:pt-[3px]\">\n<div class=\"markdown prose dark:prose-invert w-full break-words light\">\n<h3 data-start=\"190\" data-end=\"248\"><strong data-start=\"190\" data-end=\"211\">MAGNIO KOMPLEKSAS<\/strong><\/h3>\n<p data-start=\"190\" data-end=\"248\"><strong data-start=\"214\" data-end=\"248\">Maisto papildas | 120 kapsuli\u0173<\/strong><\/p>\n<hr \/>\n<p data-start=\"250\" data-end=\"357\"><strong data-start=\"250\" data-end=\"357\">Energijai, raumenims ir nerv\u0173 sistemai \u2013 visapusi\u0161ka magnio parama kasdieniam organizmo funkcionavimui.<\/strong><\/p>\n<p data-start=\"359\" data-end=\"656\">Magnio kompleksas \u2013 tai unikalus derinys, kuriame naudojamos net penkios skirtingos magnio formos, u\u017etikrinan\u010dios ger\u0105 pasisavinim\u0105 ir plataus spektro poveik\u012f. <strong data-start=\"519\" data-end=\"656\">\u0160is papildas skirtas tiems, kurie nori palaikyti fizin\u0119 ir psichologin\u0119 gerov\u0119, ypa\u010d patiriant \u012ftamp\u0105, nuovarg\u012f ar aktyviai gyvenant.<\/strong><\/p>\n<hr data-start=\"658\" data-end=\"661\" \/>\n<p data-start=\"663\" data-end=\"705\"><strong>Kod\u0117l verta rinktis MAGNIO KOMPLEKS\u0104?<\/strong><\/p>\n<p data-start=\"707\" data-end=\"1287\"><strong data-start=\"707\" data-end=\"728\">Raumen\u0173 funkcijai<\/strong> \u2013 magnis padeda palaikyti normali\u0105 raumen\u0173 veikl\u0105, prisideda prie atsipalaidavimo ir bendro raumen\u0173 tonuso<\/p>\n<p data-start=\"707\" data-end=\"1287\"><strong data-start=\"838\" data-end=\"884\">Energijos apykaitai ir nuovargio ma\u017einimui<\/strong> \u2013 palaiko normali\u0105 energijos apykait\u0105, padeda suma\u017einti pavargimo jausm\u0105<\/p>\n<p data-start=\"707\" data-end=\"1287\"><strong data-start=\"960\" data-end=\"1005\">Nerv\u0173 sistemai ir psichologinei funkcijai<\/strong> \u2013 svarbus protinei veiklai ir emociniam balansui, ypa\u010d stresin\u0117se situacijose<\/p>\n<p data-start=\"707\" data-end=\"1287\"><strong data-start=\"1086\" data-end=\"1111\">Kaul\u0173 ir dant\u0173 b\u016bklei<\/strong> \u2013 prisideda prie tvirt\u0173 kaul\u0173 ir dant\u0173 palaikymo<\/p>\n<p data-start=\"707\" data-end=\"1287\"><strong data-start=\"1163\" data-end=\"1205\">Baltym\u0173 sintezei ir l\u0105steli\u0173 funkcijai<\/strong> \u2013 padeda u\u017etikrinti tinkam\u0105 l\u0105steli\u0173 veikl\u0105 bei palaikyti elektrolit\u0173 pusiausvyr\u0105<\/p>\n<hr data-start=\"1289\" data-end=\"1292\" \/>\n<p data-start=\"1294\" data-end=\"1426\" data-is-last-node=\"\" data-is-only-node=\"\"><strong data-start=\"1294\" data-end=\"1426\" data-is-last-node=\"\">MAGNIO KOMPLEKSAS \u2013 tai patikimas pasirinkimas norint u\u017etikrinti stabil\u0173 magnio kiek\u012f organizme ir palaikyti kasdien\u0119 savijaut\u0105.<\/strong><\/p>\n<\/div>\n<\/div>\n<\/div>\n<\/div>\n<\/div>\n<\/div>\n<\/div>\n<\/div>\n<\/article>\n","protected":false},"excerpt":{"rendered":"<p>MAGNIO KOMPLEKSAS Maisto papildas | 120 kapsuli\u0173 Energijai, raumenims ir nerv\u0173 sistemai \u2013 visapusi\u0161ka magnio parama kasdieniam organizmo funkcionavimui. Magnio kompleksas \u2013 tai unikalus derinys, kuriame naudojamos net penkios skirtingos magnio formos, u\u017etikrinan\u010dios ger\u0105 pasisavinim\u0105 ir plataus spektro poveik\u012f. \u0160is papildas skirtas tiems, kurie nori palaikyti fizin\u0119 ir psichologin\u0119 gerov\u0119, ypa\u010d patiriant \u012ftamp\u0105, nuovarg\u012f ar [&hellip;]<\/p>\n","protected":false},"featured_media":328,"comment_status":"open","ping_status":"closed","template":"","meta":[],"product_brand":[],"product_cat":[403,287,278,396,317,375,276,277,376,257,318,377,368,33,37,243,244,245,247,248,249,250,20,148,179,26,32,168,48,25,56,18,29,23,31,19,30,34,83],"product_tag":[],"class_list":{"0":"post-359","1":"product","2":"type-product","3":"status-publish","4":"has-post-thumbnail","6":"product_cat-11-viskam","7":"product_cat-baltymu-sintezei-privalumai","8":"product_cat-energijos-apykaitai","9":"product_cat-itampai-nusiraminimui","10":"product_cat-kaulams-privalumai","11":"product_cat-menesio-prekes","12":"product_cat-nervu-sistemai-privalumai","13":"product_cat-nuovargio-mazinimui-privalumai","14":"product_cat-populiariausi-produktai","15":"product_cat-privalumai","16":"product_cat-raumenims-privalumai-2","17":"product_cat-savaites-top-pasiulymai","18":"product_cat-sportuojantiems-pagrindines-kategorijos","19":"product_cat-maisto-papildo-forma","20":"product_cat-kapsules","21":"product_cat-pagrindines-kategorijos","22":"product_cat-moterims","23":"product_cat-vyrams","24":"product_cat-energijai-pagrindines-kategorijos","25":"product_cat-imunitetui-pagrindines-kategorijos","26":"product_cat-nervu-sistemai-pagrindines-kategorijos","27":"product_cat-sirdziai","28":"product_cat-paskirtis","29":"product_cat-baltymu-sintezei","30":"product_cat-dantims","31":"product_cat-energijai","32":"product_cat-imunitetui","33":"product_cat-istvermei","34":"product_cat-kaulams","35":"product_cat-nervu-sistemai","36":"product_cat-raumenims","37":"product_cat-vartotojas","38":"product_cat-moterys","39":"product_cat-paaugliai","40":"product_cat-senjorai","41":"product_cat-vaikai","42":"product_cat-vyrai","43":"product_cat-veiklioji-medziaga","44":"product_cat-magnis","46":"first","47":"instock","48":"shipping-taxable","49":"purchasable","50":"product-type-simple"},"yoast_head":"<!-- This site is optimized with the Yoast SEO plugin v26.6 - https:\/\/yoast.com\/wordpress\/plugins\/seo\/ -->\n<title>Penki\u0173 magnio drusk\u0173 magnio kompleksas N120 - Vitaminai ir maisto papildai internetu | Vitaminai.lt<\/title>\n<meta name=\"robots\" content=\"index, follow, max-snippet:-1, max-image-preview:large, max-video-preview:-1\" \/>\n<link rel=\"canonical\" href=\"https:\/\/vitaminai.lt\/produktas\/magnio-kompleksas-n120\/\" \/>\n<meta property=\"og:locale\" content=\"en_US\" \/>\n<meta property=\"og:type\" content=\"article\" \/>\n<meta property=\"og:title\" content=\"Penki\u0173 magnio drusk\u0173 magnio kompleksas N120 - Vitaminai ir maisto papildai internetu | Vitaminai.lt\" \/>\n<meta property=\"og:description\" content=\"MAGNIO KOMPLEKSAS Maisto papildas | 120 kapsuli\u0173 Energijai, raumenims ir nerv\u0173 sistemai \u2013 visapusi\u0161ka magnio parama kasdieniam organizmo funkcionavimui. Magnio kompleksas \u2013 tai unikalus derinys, kuriame naudojamos net penkios skirtingos magnio formos, u\u017etikrinan\u010dios ger\u0105 pasisavinim\u0105 ir plataus spektro poveik\u012f. \u0160is papildas skirtas tiems, kurie nori palaikyti fizin\u0119 ir psichologin\u0119 gerov\u0119, ypa\u010d patiriant \u012ftamp\u0105, nuovarg\u012f ar [&hellip;]\" \/>\n<meta property=\"og:url\" content=\"https:\/\/vitaminai.lt\/produktas\/magnio-kompleksas-n120\/\" \/>\n<meta property=\"og:site_name\" content=\"Vitaminai ir maisto papildai internetu | Vitaminai.lt\" \/>\n<meta property=\"article:publisher\" content=\"https:\/\/www.facebook.com\/vitaminai\/\" \/>\n<meta property=\"article:modified_time\" content=\"2026-04-08T08:25:20+00:00\" \/>\n<meta property=\"og:image\" content=\"https:\/\/vitaminai.lt\/wp-content\/uploads\/2024\/08\/Magnio-kompleksas.png\" \/>\n\t<meta property=\"og:image:width\" content=\"3001\" \/>\n\t<meta property=\"og:image:height\" content=\"2928\" \/>\n\t<meta property=\"og:image:type\" content=\"image\/png\" \/>\n<meta name=\"twitter:card\" content=\"summary_large_image\" \/>\n<meta name=\"twitter:label1\" content=\"Est. reading time\" \/>\n\t<meta name=\"twitter:data1\" content=\"1 minute\" \/>\n<script type=\"application\/ld+json\" class=\"yoast-schema-graph\">{\"@context\":\"https:\/\/schema.org\",\"@graph\":[{\"@type\":\"WebPage\",\"@id\":\"https:\/\/vitaminai.lt\/produktas\/magnio-kompleksas-n120\/\",\"url\":\"https:\/\/vitaminai.lt\/produktas\/magnio-kompleksas-n120\/\",\"name\":\"Penki\u0173 magnio drusk\u0173 magnio kompleksas N120 - Vitaminai ir maisto papildai internetu | Vitaminai.lt\",\"isPartOf\":{\"@id\":\"https:\/\/vitaminai.lt\/#website\"},\"primaryImageOfPage\":{\"@id\":\"https:\/\/vitaminai.lt\/produktas\/magnio-kompleksas-n120\/#primaryimage\"},\"image\":{\"@id\":\"https:\/\/vitaminai.lt\/produktas\/magnio-kompleksas-n120\/#primaryimage\"},\"thumbnailUrl\":\"https:\/\/vitaminai.lt\/wp-content\/uploads\/2024\/08\/Magnio-kompleksas.png\",\"datePublished\":\"2024-08-13T05:28:45+00:00\",\"dateModified\":\"2026-04-08T08:25:20+00:00\",\"breadcrumb\":{\"@id\":\"https:\/\/vitaminai.lt\/produktas\/magnio-kompleksas-n120\/#breadcrumb\"},\"inLanguage\":\"en-US\",\"potentialAction\":[{\"@type\":\"ReadAction\",\"target\":[\"https:\/\/vitaminai.lt\/produktas\/magnio-kompleksas-n120\/\"]}]},{\"@type\":\"ImageObject\",\"inLanguage\":\"en-US\",\"@id\":\"https:\/\/vitaminai.lt\/produktas\/magnio-kompleksas-n120\/#primaryimage\",\"url\":\"https:\/\/vitaminai.lt\/wp-content\/uploads\/2024\/08\/Magnio-kompleksas.png\",\"contentUrl\":\"https:\/\/vitaminai.lt\/wp-content\/uploads\/2024\/08\/Magnio-kompleksas.png\",\"width\":3001,\"height\":2928},{\"@type\":\"BreadcrumbList\",\"@id\":\"https:\/\/vitaminai.lt\/produktas\/magnio-kompleksas-n120\/#breadcrumb\",\"itemListElement\":[{\"@type\":\"ListItem\",\"position\":1,\"name\":\"Home\",\"item\":\"https:\/\/vitaminai.lt\/\"},{\"@type\":\"ListItem\",\"position\":2,\"name\":\"Produktai\",\"item\":\"https:\/\/vitaminai.lt\/produktai\/\"},{\"@type\":\"ListItem\",\"position\":3,\"name\":\"Penki\u0173 magnio drusk\u0173 magnio kompleksas N120\"}]},{\"@type\":\"WebSite\",\"@id\":\"https:\/\/vitaminai.lt\/#website\",\"url\":\"https:\/\/vitaminai.lt\/\",\"name\":\"Vitaminai ir maisto papildai internetu | Vitaminai.lt\",\"description\":\"\",\"publisher\":{\"@id\":\"https:\/\/vitaminai.lt\/#organization\"},\"potentialAction\":[{\"@type\":\"SearchAction\",\"target\":{\"@type\":\"EntryPoint\",\"urlTemplate\":\"https:\/\/vitaminai.lt\/?s={search_term_string}\"},\"query-input\":{\"@type\":\"PropertyValueSpecification\",\"valueRequired\":true,\"valueName\":\"search_term_string\"}}],\"inLanguage\":\"en-US\"},{\"@type\":\"Organization\",\"@id\":\"https:\/\/vitaminai.lt\/#organization\",\"name\":\"Vitaminai ir maisto papildai internetu | Vitaminai.lt\",\"url\":\"https:\/\/vitaminai.lt\/\",\"logo\":{\"@type\":\"ImageObject\",\"inLanguage\":\"en-US\",\"@id\":\"https:\/\/vitaminai.lt\/#\/schema\/logo\/image\/\",\"url\":\"https:\/\/vitaminai.lt\/wp-content\/uploads\/2025\/01\/g212.png\",\"contentUrl\":\"https:\/\/vitaminai.lt\/wp-content\/uploads\/2025\/01\/g212.png\",\"width\":313,\"height\":74,\"caption\":\"Vitaminai ir maisto papildai internetu | Vitaminai.lt\"},\"image\":{\"@id\":\"https:\/\/vitaminai.lt\/#\/schema\/logo\/image\/\"},\"sameAs\":[\"https:\/\/www.facebook.com\/vitaminai\/\"]}]}<\/script>\n<!-- \/ Yoast SEO plugin. -->","yoast_head_json":{"title":"Penki\u0173 magnio drusk\u0173 magnio kompleksas N120 - Vitaminai ir maisto papildai internetu | Vitaminai.lt","robots":{"index":"index","follow":"follow","max-snippet":"max-snippet:-1","max-image-preview":"max-image-preview:large","max-video-preview":"max-video-preview:-1"},"canonical":"https:\/\/vitaminai.lt\/produktas\/magnio-kompleksas-n120\/","og_locale":"en_US","og_type":"article","og_title":"Penki\u0173 magnio drusk\u0173 magnio kompleksas N120 - Vitaminai ir maisto papildai internetu | Vitaminai.lt","og_description":"MAGNIO KOMPLEKSAS Maisto papildas | 120 kapsuli\u0173 Energijai, raumenims ir nerv\u0173 sistemai \u2013 visapusi\u0161ka magnio parama kasdieniam organizmo funkcionavimui. Magnio kompleksas \u2013 tai unikalus derinys, kuriame naudojamos net penkios skirtingos magnio formos, u\u017etikrinan\u010dios ger\u0105 pasisavinim\u0105 ir plataus spektro poveik\u012f. \u0160is papildas skirtas tiems, kurie nori palaikyti fizin\u0119 ir psichologin\u0119 gerov\u0119, ypa\u010d patiriant \u012ftamp\u0105, nuovarg\u012f ar [&hellip;]","og_url":"https:\/\/vitaminai.lt\/produktas\/magnio-kompleksas-n120\/","og_site_name":"Vitaminai ir maisto papildai internetu | Vitaminai.lt","article_publisher":"https:\/\/www.facebook.com\/vitaminai\/","article_modified_time":"2026-04-08T08:25:20+00:00","og_image":[{"width":3001,"height":2928,"url":"https:\/\/vitaminai.lt\/wp-content\/uploads\/2024\/08\/Magnio-kompleksas.png","type":"image\/png"}],"twitter_card":"summary_large_image","twitter_misc":{"Est. reading time":"1 minute"},"schema":{"@context":"https:\/\/schema.org","@graph":[{"@type":"WebPage","@id":"https:\/\/vitaminai.lt\/produktas\/magnio-kompleksas-n120\/","url":"https:\/\/vitaminai.lt\/produktas\/magnio-kompleksas-n120\/","name":"Penki\u0173 magnio drusk\u0173 magnio kompleksas N120 - Vitaminai ir maisto papildai internetu | Vitaminai.lt","isPartOf":{"@id":"https:\/\/vitaminai.lt\/#website"},"primaryImageOfPage":{"@id":"https:\/\/vitaminai.lt\/produktas\/magnio-kompleksas-n120\/#primaryimage"},"image":{"@id":"https:\/\/vitaminai.lt\/produktas\/magnio-kompleksas-n120\/#primaryimage"},"thumbnailUrl":"https:\/\/vitaminai.lt\/wp-content\/uploads\/2024\/08\/Magnio-kompleksas.png","datePublished":"2024-08-13T05:28:45+00:00","dateModified":"2026-04-08T08:25:20+00:00","breadcrumb":{"@id":"https:\/\/vitaminai.lt\/produktas\/magnio-kompleksas-n120\/#breadcrumb"},"inLanguage":"en-US","potentialAction":[{"@type":"ReadAction","target":["https:\/\/vitaminai.lt\/produktas\/magnio-kompleksas-n120\/"]}]},{"@type":"ImageObject","inLanguage":"en-US","@id":"https:\/\/vitaminai.lt\/produktas\/magnio-kompleksas-n120\/#primaryimage","url":"https:\/\/vitaminai.lt\/wp-content\/uploads\/2024\/08\/Magnio-kompleksas.png","contentUrl":"https:\/\/vitaminai.lt\/wp-content\/uploads\/2024\/08\/Magnio-kompleksas.png","width":3001,"height":2928},{"@type":"BreadcrumbList","@id":"https:\/\/vitaminai.lt\/produktas\/magnio-kompleksas-n120\/#breadcrumb","itemListElement":[{"@type":"ListItem","position":1,"name":"Home","item":"https:\/\/vitaminai.lt\/"},{"@type":"ListItem","position":2,"name":"Produktai","item":"https:\/\/vitaminai.lt\/produktai\/"},{"@type":"ListItem","position":3,"name":"Penki\u0173 magnio drusk\u0173 magnio kompleksas N120"}]},{"@type":"WebSite","@id":"https:\/\/vitaminai.lt\/#website","url":"https:\/\/vitaminai.lt\/","name":"Vitaminai ir maisto papildai internetu | Vitaminai.lt","description":"","publisher":{"@id":"https:\/\/vitaminai.lt\/#organization"},"potentialAction":[{"@type":"SearchAction","target":{"@type":"EntryPoint","urlTemplate":"https:\/\/vitaminai.lt\/?s={search_term_string}"},"query-input":{"@type":"PropertyValueSpecification","valueRequired":true,"valueName":"search_term_string"}}],"inLanguage":"en-US"},{"@type":"Organization","@id":"https:\/\/vitaminai.lt\/#organization","name":"Vitaminai ir maisto papildai internetu | Vitaminai.lt","url":"https:\/\/vitaminai.lt\/","logo":{"@type":"ImageObject","inLanguage":"en-US","@id":"https:\/\/vitaminai.lt\/#\/schema\/logo\/image\/","url":"https:\/\/vitaminai.lt\/wp-content\/uploads\/2025\/01\/g212.png","contentUrl":"https:\/\/vitaminai.lt\/wp-content\/uploads\/2025\/01\/g212.png","width":313,"height":74,"caption":"Vitaminai ir maisto papildai internetu | Vitaminai.lt"},"image":{"@id":"https:\/\/vitaminai.lt\/#\/schema\/logo\/image\/"},"sameAs":["https:\/\/www.facebook.com\/vitaminai\/"]}]}},"_links":{"self":[{"href":"https:\/\/vitaminai.lt\/en\/wp-json\/wp\/v2\/product\/359","targetHints":{"allow":["GET"]}}],"collection":[{"href":"https:\/\/vitaminai.lt\/en\/wp-json\/wp\/v2\/product"}],"about":[{"href":"https:\/\/vitaminai.lt\/en\/wp-json\/wp\/v2\/types\/product"}],"replies":[{"embeddable":true,"href":"https:\/\/vitaminai.lt\/en\/wp-json\/wp\/v2\/comments?post=359"}],"wp:featuredmedia":[{"embeddable":true,"href":"https:\/\/vitaminai.lt\/en\/wp-json\/wp\/v2\/media\/328"}],"wp:attachment":[{"href":"https:\/\/vitaminai.lt\/en\/wp-json\/wp\/v2\/media?parent=359"}],"wp:term":[{"taxonomy":"product_brand","embeddable":true,"href":"https:\/\/vitaminai.lt\/en\/wp-json\/wp\/v2\/product_brand?post=359"},{"taxonomy":"product_cat","embeddable":true,"href":"https:\/\/vitaminai.lt\/en\/wp-json\/wp\/v2\/product_cat?post=359"},{"taxonomy":"product_tag","embeddable":true,"href":"https:\/\/vitaminai.lt\/en\/wp-json\/wp\/v2\/product_tag?post=359"}],"curies":[{"name":"wp","href":"https:\/\/api.w.org\/{rel}","templated":true}]}}