{"id":360,"date":"2024-08-13T05:30:23","date_gmt":"2024-08-13T05:30:23","guid":{"rendered":"https:\/\/vitaminai.lt\/?post_type=product&#038;p=360"},"modified":"2026-04-02T15:04:31","modified_gmt":"2026-04-02T13:04:31","slug":"meno-comfort-n60","status":"publish","type":"product","link":"https:\/\/vitaminai.lt\/en\/produktas\/meno-comfort-n60\/","title":{"rendered":"Kompleksas menopauzei MENO COMFORT N60"},"content":{"rendered":"<div class=\"flex max-w-full flex-col flex-grow\">\n<div class=\"min-h-[20px] text-message flex w-full flex-col items-end gap-2 whitespace-pre-wrap break-words [.text-message+&amp;]:mt-5 overflow-x-auto\" dir=\"auto\" data-message-author-role=\"assistant\" data-message-id=\"55afb452-f92b-4221-b62e-ca86b6c9fac7\">\n<div class=\"flex w-full flex-col gap-1 empty:hidden first:pt-[3px]\">\n<div class=\"markdown prose w-full break-words dark:prose-invert light\">\n<h3 data-start=\"195\" data-end=\"271\"><strong data-start=\"195\" data-end=\"235\">MENO COMFORT \u2013 Kompleksas menopauzei<\/strong><\/h3>\n<p data-start=\"195\" data-end=\"271\"><strong data-start=\"238\" data-end=\"271\">Maisto papildas | 60 kapsuli\u0173<\/strong><\/p>\n<p data-start=\"333\" data-end=\"461\">Nat\u016bralus palaikymas moters organizmui menopauz\u0117s laikotarpiu \u2013 fizinei savijautai, emocinei pusiausvyrai ir hormon\u0173 balansui.<\/p>\n<p data-start=\"463\" data-end=\"797\"><strong data-start=\"463\" data-end=\"481\">\u201eMeno Comfort\u201c<\/strong> \u2013 tai maisto papildas, sudarytas i\u0161 kruop\u0161\u010diai atrinkt\u0173 augalini\u0173 ekstrakt\u0173, skirtas pad\u0117ti moterims \u0161velniai pereiti menopauz\u0117s etap\u0105.\u00a0 Sud\u0117tyje esantys augaliniai komponentai veikia kompleksi\u0161kai \u2013 palaiko normali\u0105 hormonin\u0119 veikl\u0105, ramina nerv\u0173 sistem\u0105, palaiko normali\u0105 nuotaik\u0105 ir padeda i\u0161laikyti energijos balans\u0105.<\/p>\n<hr data-start=\"650\" data-end=\"653\" \/>\n<p data-start=\"655\" data-end=\"695\"><strong>Kod\u0117l verta rinktis \u201eMeno Comfort\u201c?<\/strong><\/p>\n<p data-start=\"849\" data-end=\"1167\"><strong data-start=\"849\" data-end=\"887\">Nat\u016bral\u016bs augaliniai ingredientai.<\/strong><br data-start=\"887\" data-end=\"890\" \/>Sud\u0117tyje esantys raudonieji dobilai, vaistiniai \u0161alavijai, sojos, pasifloros ir nakvi\u0161\u0173 aliejus yra augalin\u0117s kilm\u0117s junginiai, turintys fitoestrogen\u0173 ir kit\u0173 biologi\u0161kai aktyvi\u0173 med\u017eiag\u0173, nat\u016braliai padedan\u010di\u0173 organizmui prisitaikyti prie hormonini\u0173 poky\u010di\u0173 menopauz\u0117s metu.<\/p>\n<p data-start=\"1169\" data-end=\"1448\"><strong data-start=\"1169\" data-end=\"1206\">Kompleksinis poveikis organizmui.<\/strong><br data-start=\"1206\" data-end=\"1209\" \/>\u201eMeno Comfort\u201c pasi\u017eymi holistiniu veikimu \u2013 jis ne tik padeda \u0161velninti fizinius simptomus, tokius kaip kar\u0161\u010dio bangos ar naktinis prakaitavimas, bet ir prisideda prie geresn\u0117s emocin\u0117s pusiausvyros, miego kokyb\u0117s bei pa\u017einimo funkcij\u0173.<\/p>\n<p data-start=\"1450\" data-end=\"1694\"><strong data-start=\"1450\" data-end=\"1485\">Saugus ir augalinis sprendimas.<\/strong><br data-start=\"1485\" data-end=\"1488\" \/>Papildas neturi hormon\u0173, tod\u0117l yra tinkamas moterims, siekian\u010dioms nat\u016bralios pagalbos menopauz\u0117s laikotarpiu. Jo sud\u0117tis subalansuota kasdieniam vartojimui ir puikiai dera su sveikos gyvensenos principais.<\/p>\n<hr data-start=\"1030\" data-end=\"1033\" \/>\n<p data-start=\"1035\" data-end=\"1059\"><strong>Pagrindin\u0117s naudos:<\/strong><\/p>\n<p data-start=\"1748\" data-end=\"2017\"><strong data-start=\"1748\" data-end=\"1786\">Normali savijauta menopauz\u0117s metu.<\/strong><br data-start=\"1786\" data-end=\"1789\" \/>Vaistiniai \u0161alavijai, raudonieji dobilai ir nakvi\u0161\u0173 aliejus padeda palaikyti normali\u0105 b\u016bkl\u0119 menopauz\u0117s metu. \u0160ie augalai tradici\u0161kai vartojami kar\u0161\u010dio bangoms, prakaitavimui, \u0161irdies plakimui ir nuotaik\u0173 svyravimams \u0161velninti.<\/p>\n<p data-start=\"2019\" data-end=\"2256\"><strong data-start=\"2019\" data-end=\"2060\">Emocin\u0117 ramyb\u0117 ir pa\u017einimo funkcijos.<\/strong><br data-start=\"2060\" data-end=\"2063\" \/>Ispaniniai \u0161alavijai gali pad\u0117ti palaikyti ai\u0161k\u0173 m\u0105stym\u0105, geresn\u0119 atmint\u012f ir d\u0117mesio koncentracij\u0105, o pasifloros ekstraktas teigiamai veikti emocin\u0119 b\u016bsen\u0105, ma\u017einti \u012ftamp\u0105 ir pad\u0117ti\u00a0atsipalaiduoti.<\/p>\n<p data-start=\"2258\" data-end=\"2524\"><strong data-start=\"2258\" data-end=\"2305\">Hormon\u0173 ir med\u017eiag\u0173 apykaitos reguliavimas.<\/strong><br data-start=\"2305\" data-end=\"2308\" \/>Dvime\u010di\u0173 nakvi\u0161\u0173 aliejuje esanti gama-linoleno r\u016bg\u0161tis (GLA) prisideda prie hormon\u0173 aktyvumo reguliavimo ir normalaus metabolizmo. Tai ypa\u010d svarbu norint i\u0161laikyti energijos balans\u0105, normali\u0105 odos b\u016bkl\u0119 ir savijaut\u0105.<\/p>\n<hr data-start=\"1449\" data-end=\"1452\" \/>\n<p data-start=\"1454\" data-end=\"1486\"><strong>Kam skirtas \u201eMeno Comfort\u201c?<\/strong><\/p>\n<p data-start=\"1488\" data-end=\"1764\">\u201eMeno Comfort\u201c rekomenduojamas moterims, kurios pereina perimenopauz\u0117s ir menopauz\u0117s laikotarp\u012f, kai d\u0117l hormonini\u0173 poky\u010di\u0173 gali atsirasti kar\u0161\u010dio bangos, nuotaikos svyravimai, miego sutrikimai ar energijos stoka.<br data-start=\"2781\" data-end=\"2784\" \/>Tai nat\u016bralus pagalbininkas siekiant \u0161velninti \u0161iuos simptomus, atkurti vidin\u0119 pusiausvyr\u0105 ir palaikyti gyvenimo kokyb\u0119 \u0161iame etape.<\/p>\n<hr data-start=\"1766\" data-end=\"1769\" \/>\n<p data-start=\"1771\" data-end=\"1855\" data-is-last-node=\"\" data-is-only-node=\"\"><strong data-start=\"1771\" data-end=\"1855\" data-is-last-node=\"\">\u201eMeno Comfort\u201c \u2013 j\u016bs\u0173 kasdienis palaikymas moteri\u0161kam komfortui menopauz\u0117s metu.<\/strong><\/p>\n<\/div>\n<\/div>\n<\/div>\n<\/div>\n","protected":false},"excerpt":{"rendered":"<p>MENO COMFORT \u2013 Kompleksas menopauzei Maisto papildas | 60 kapsuli\u0173 Nat\u016bralus palaikymas moters organizmui menopauz\u0117s laikotarpiu \u2013 fizinei savijautai, emocinei pusiausvyrai ir hormon\u0173 balansui. \u201eMeno Comfort\u201c \u2013 tai maisto papildas, sudarytas i\u0161 kruop\u0161\u010diai atrinkt\u0173 augalini\u0173 ekstrakt\u0173, skirtas pad\u0117ti moterims \u0161velniai pereiti menopauz\u0117s etap\u0105.\u00a0 Sud\u0117tyje esantys augaliniai komponentai veikia kompleksi\u0161kai \u2013 palaiko normali\u0105 hormonin\u0119 veikl\u0105, ramina [&hellip;]<\/p>\n","protected":false},"featured_media":10915,"comment_status":"open","ping_status":"closed","template":"","meta":[],"product_brand":[],"product_cat":[403,279,396,280,320,257,294,377,33,37,243,244,20,26,143,172,50,165,18,29,31,34,183,180,182,181,110],"product_tag":[],"class_list":{"0":"post-360","1":"product","2":"type-product","3":"status-publish","4":"has-post-thumbnail","6":"product_cat-11-viskam","7":"product_cat-hormonu-reguliavimui-privalumai","8":"product_cat-itampai-nusiraminimui","9":"product_cat-medziagu-apykaitai-privalumai","10":"product_cat-gerai-buklei-menopauzes-metu","11":"product_cat-privalumai","12":"product_cat-psichologinei-funkcijai-privalumai","13":"product_cat-savaites-top-pasiulymai","14":"product_cat-maisto-papildo-forma","15":"product_cat-kapsules","16":"product_cat-pagrindines-kategorijos","17":"product_cat-moterims","18":"product_cat-paskirtis","19":"product_cat-energijai","20":"product_cat-hormonu-reguliavimui","21":"product_cat-medziagu-apykaitai","22":"product_cat-menopauzei","23":"product_cat-psichologinei-funkcijai","24":"product_cat-vartotojas","25":"product_cat-moterys","26":"product_cat-senjorai","27":"product_cat-veiklioji-medziaga","28":"product_cat-dvimetes-nakvisos","29":"product_cat-gauruotosios-sojos-seklos","30":"product_cat-raudonieji-dobilai","31":"product_cat-raudonziedziai-pasiflorai","32":"product_cat-vaistinis-salavijas","34":"first","35":"instock","36":"shipping-taxable","37":"purchasable","38":"product-type-simple"},"yoast_head":"<!-- This site is optimized with the Yoast SEO plugin v26.6 - https:\/\/yoast.com\/wordpress\/plugins\/seo\/ -->\n<title>Kompleksas menopauzei MENO COMFORT N60 - Vitaminai ir maisto papildai internetu | Vitaminai.lt<\/title>\n<meta name=\"robots\" content=\"index, follow, max-snippet:-1, max-image-preview:large, max-video-preview:-1\" \/>\n<link rel=\"canonical\" href=\"https:\/\/vitaminai.lt\/produktas\/meno-comfort-n60\/\" \/>\n<meta property=\"og:locale\" content=\"en_US\" \/>\n<meta property=\"og:type\" content=\"article\" \/>\n<meta property=\"og:title\" content=\"Kompleksas menopauzei MENO COMFORT N60 - Vitaminai ir maisto papildai internetu | Vitaminai.lt\" \/>\n<meta property=\"og:description\" content=\"MENO COMFORT \u2013 Kompleksas menopauzei Maisto papildas | 60 kapsuli\u0173 Nat\u016bralus palaikymas moters organizmui menopauz\u0117s laikotarpiu \u2013 fizinei savijautai, emocinei pusiausvyrai ir hormon\u0173 balansui. \u201eMeno Comfort\u201c \u2013 tai maisto papildas, sudarytas i\u0161 kruop\u0161\u010diai atrinkt\u0173 augalini\u0173 ekstrakt\u0173, skirtas pad\u0117ti moterims \u0161velniai pereiti menopauz\u0117s etap\u0105.\u00a0 Sud\u0117tyje esantys augaliniai komponentai veikia kompleksi\u0161kai \u2013 palaiko normali\u0105 hormonin\u0119 veikl\u0105, ramina [&hellip;]\" \/>\n<meta property=\"og:url\" content=\"https:\/\/vitaminai.lt\/produktas\/meno-comfort-n60\/\" \/>\n<meta property=\"og:site_name\" content=\"Vitaminai ir maisto papildai internetu | Vitaminai.lt\" \/>\n<meta property=\"article:publisher\" content=\"https:\/\/www.facebook.com\/vitaminai\/\" \/>\n<meta property=\"article:modified_time\" content=\"2026-04-02T13:04:31+00:00\" \/>\n<meta property=\"og:image\" content=\"https:\/\/vitaminai.lt\/wp-content\/uploads\/2024\/08\/Meno-comfort_priekis-su-fonu-scaled.png\" \/>\n\t<meta property=\"og:image:width\" content=\"2560\" \/>\n\t<meta property=\"og:image:height\" content=\"2498\" \/>\n\t<meta property=\"og:image:type\" content=\"image\/png\" \/>\n<meta name=\"twitter:card\" content=\"summary_large_image\" \/>\n<meta name=\"twitter:label1\" content=\"Est. reading time\" \/>\n\t<meta name=\"twitter:data1\" content=\"2 minutes\" \/>\n<script type=\"application\/ld+json\" class=\"yoast-schema-graph\">{\"@context\":\"https:\/\/schema.org\",\"@graph\":[{\"@type\":\"WebPage\",\"@id\":\"https:\/\/vitaminai.lt\/produktas\/meno-comfort-n60\/\",\"url\":\"https:\/\/vitaminai.lt\/produktas\/meno-comfort-n60\/\",\"name\":\"Kompleksas menopauzei MENO COMFORT N60 - Vitaminai ir maisto papildai internetu | Vitaminai.lt\",\"isPartOf\":{\"@id\":\"https:\/\/vitaminai.lt\/#website\"},\"primaryImageOfPage\":{\"@id\":\"https:\/\/vitaminai.lt\/produktas\/meno-comfort-n60\/#primaryimage\"},\"image\":{\"@id\":\"https:\/\/vitaminai.lt\/produktas\/meno-comfort-n60\/#primaryimage\"},\"thumbnailUrl\":\"https:\/\/vitaminai.lt\/wp-content\/uploads\/2024\/08\/Meno-comfort_priekis-su-fonu-scaled.png\",\"datePublished\":\"2024-08-13T05:30:23+00:00\",\"dateModified\":\"2026-04-02T13:04:31+00:00\",\"breadcrumb\":{\"@id\":\"https:\/\/vitaminai.lt\/produktas\/meno-comfort-n60\/#breadcrumb\"},\"inLanguage\":\"en-US\",\"potentialAction\":[{\"@type\":\"ReadAction\",\"target\":[\"https:\/\/vitaminai.lt\/produktas\/meno-comfort-n60\/\"]}]},{\"@type\":\"ImageObject\",\"inLanguage\":\"en-US\",\"@id\":\"https:\/\/vitaminai.lt\/produktas\/meno-comfort-n60\/#primaryimage\",\"url\":\"https:\/\/vitaminai.lt\/wp-content\/uploads\/2024\/08\/Meno-comfort_priekis-su-fonu-scaled.png\",\"contentUrl\":\"https:\/\/vitaminai.lt\/wp-content\/uploads\/2024\/08\/Meno-comfort_priekis-su-fonu-scaled.png\",\"width\":2560,\"height\":2498},{\"@type\":\"BreadcrumbList\",\"@id\":\"https:\/\/vitaminai.lt\/produktas\/meno-comfort-n60\/#breadcrumb\",\"itemListElement\":[{\"@type\":\"ListItem\",\"position\":1,\"name\":\"Home\",\"item\":\"https:\/\/vitaminai.lt\/\"},{\"@type\":\"ListItem\",\"position\":2,\"name\":\"Produktai\",\"item\":\"https:\/\/vitaminai.lt\/produktai\/\"},{\"@type\":\"ListItem\",\"position\":3,\"name\":\"Kompleksas menopauzei MENO COMFORT N60\"}]},{\"@type\":\"WebSite\",\"@id\":\"https:\/\/vitaminai.lt\/#website\",\"url\":\"https:\/\/vitaminai.lt\/\",\"name\":\"Vitaminai ir maisto papildai internetu | Vitaminai.lt\",\"description\":\"\",\"publisher\":{\"@id\":\"https:\/\/vitaminai.lt\/#organization\"},\"potentialAction\":[{\"@type\":\"SearchAction\",\"target\":{\"@type\":\"EntryPoint\",\"urlTemplate\":\"https:\/\/vitaminai.lt\/?s={search_term_string}\"},\"query-input\":{\"@type\":\"PropertyValueSpecification\",\"valueRequired\":true,\"valueName\":\"search_term_string\"}}],\"inLanguage\":\"en-US\"},{\"@type\":\"Organization\",\"@id\":\"https:\/\/vitaminai.lt\/#organization\",\"name\":\"Vitaminai ir maisto papildai internetu | Vitaminai.lt\",\"url\":\"https:\/\/vitaminai.lt\/\",\"logo\":{\"@type\":\"ImageObject\",\"inLanguage\":\"en-US\",\"@id\":\"https:\/\/vitaminai.lt\/#\/schema\/logo\/image\/\",\"url\":\"https:\/\/vitaminai.lt\/wp-content\/uploads\/2025\/01\/g212.png\",\"contentUrl\":\"https:\/\/vitaminai.lt\/wp-content\/uploads\/2025\/01\/g212.png\",\"width\":313,\"height\":74,\"caption\":\"Vitaminai ir maisto papildai internetu | Vitaminai.lt\"},\"image\":{\"@id\":\"https:\/\/vitaminai.lt\/#\/schema\/logo\/image\/\"},\"sameAs\":[\"https:\/\/www.facebook.com\/vitaminai\/\"]}]}<\/script>\n<!-- \/ Yoast SEO plugin. -->","yoast_head_json":{"title":"Kompleksas menopauzei MENO COMFORT N60 - Vitaminai ir maisto papildai internetu | Vitaminai.lt","robots":{"index":"index","follow":"follow","max-snippet":"max-snippet:-1","max-image-preview":"max-image-preview:large","max-video-preview":"max-video-preview:-1"},"canonical":"https:\/\/vitaminai.lt\/produktas\/meno-comfort-n60\/","og_locale":"en_US","og_type":"article","og_title":"Kompleksas menopauzei MENO COMFORT N60 - Vitaminai ir maisto papildai internetu | Vitaminai.lt","og_description":"MENO COMFORT \u2013 Kompleksas menopauzei Maisto papildas | 60 kapsuli\u0173 Nat\u016bralus palaikymas moters organizmui menopauz\u0117s laikotarpiu \u2013 fizinei savijautai, emocinei pusiausvyrai ir hormon\u0173 balansui. \u201eMeno Comfort\u201c \u2013 tai maisto papildas, sudarytas i\u0161 kruop\u0161\u010diai atrinkt\u0173 augalini\u0173 ekstrakt\u0173, skirtas pad\u0117ti moterims \u0161velniai pereiti menopauz\u0117s etap\u0105.\u00a0 Sud\u0117tyje esantys augaliniai komponentai veikia kompleksi\u0161kai \u2013 palaiko normali\u0105 hormonin\u0119 veikl\u0105, ramina [&hellip;]","og_url":"https:\/\/vitaminai.lt\/produktas\/meno-comfort-n60\/","og_site_name":"Vitaminai ir maisto papildai internetu | Vitaminai.lt","article_publisher":"https:\/\/www.facebook.com\/vitaminai\/","article_modified_time":"2026-04-02T13:04:31+00:00","og_image":[{"width":2560,"height":2498,"url":"https:\/\/vitaminai.lt\/wp-content\/uploads\/2024\/08\/Meno-comfort_priekis-su-fonu-scaled.png","type":"image\/png"}],"twitter_card":"summary_large_image","twitter_misc":{"Est. reading time":"2 minutes"},"schema":{"@context":"https:\/\/schema.org","@graph":[{"@type":"WebPage","@id":"https:\/\/vitaminai.lt\/produktas\/meno-comfort-n60\/","url":"https:\/\/vitaminai.lt\/produktas\/meno-comfort-n60\/","name":"Kompleksas menopauzei MENO COMFORT N60 - Vitaminai ir maisto papildai internetu | Vitaminai.lt","isPartOf":{"@id":"https:\/\/vitaminai.lt\/#website"},"primaryImageOfPage":{"@id":"https:\/\/vitaminai.lt\/produktas\/meno-comfort-n60\/#primaryimage"},"image":{"@id":"https:\/\/vitaminai.lt\/produktas\/meno-comfort-n60\/#primaryimage"},"thumbnailUrl":"https:\/\/vitaminai.lt\/wp-content\/uploads\/2024\/08\/Meno-comfort_priekis-su-fonu-scaled.png","datePublished":"2024-08-13T05:30:23+00:00","dateModified":"2026-04-02T13:04:31+00:00","breadcrumb":{"@id":"https:\/\/vitaminai.lt\/produktas\/meno-comfort-n60\/#breadcrumb"},"inLanguage":"en-US","potentialAction":[{"@type":"ReadAction","target":["https:\/\/vitaminai.lt\/produktas\/meno-comfort-n60\/"]}]},{"@type":"ImageObject","inLanguage":"en-US","@id":"https:\/\/vitaminai.lt\/produktas\/meno-comfort-n60\/#primaryimage","url":"https:\/\/vitaminai.lt\/wp-content\/uploads\/2024\/08\/Meno-comfort_priekis-su-fonu-scaled.png","contentUrl":"https:\/\/vitaminai.lt\/wp-content\/uploads\/2024\/08\/Meno-comfort_priekis-su-fonu-scaled.png","width":2560,"height":2498},{"@type":"BreadcrumbList","@id":"https:\/\/vitaminai.lt\/produktas\/meno-comfort-n60\/#breadcrumb","itemListElement":[{"@type":"ListItem","position":1,"name":"Home","item":"https:\/\/vitaminai.lt\/"},{"@type":"ListItem","position":2,"name":"Produktai","item":"https:\/\/vitaminai.lt\/produktai\/"},{"@type":"ListItem","position":3,"name":"Kompleksas menopauzei MENO COMFORT N60"}]},{"@type":"WebSite","@id":"https:\/\/vitaminai.lt\/#website","url":"https:\/\/vitaminai.lt\/","name":"Vitaminai ir maisto papildai internetu | Vitaminai.lt","description":"","publisher":{"@id":"https:\/\/vitaminai.lt\/#organization"},"potentialAction":[{"@type":"SearchAction","target":{"@type":"EntryPoint","urlTemplate":"https:\/\/vitaminai.lt\/?s={search_term_string}"},"query-input":{"@type":"PropertyValueSpecification","valueRequired":true,"valueName":"search_term_string"}}],"inLanguage":"en-US"},{"@type":"Organization","@id":"https:\/\/vitaminai.lt\/#organization","name":"Vitaminai ir maisto papildai internetu | Vitaminai.lt","url":"https:\/\/vitaminai.lt\/","logo":{"@type":"ImageObject","inLanguage":"en-US","@id":"https:\/\/vitaminai.lt\/#\/schema\/logo\/image\/","url":"https:\/\/vitaminai.lt\/wp-content\/uploads\/2025\/01\/g212.png","contentUrl":"https:\/\/vitaminai.lt\/wp-content\/uploads\/2025\/01\/g212.png","width":313,"height":74,"caption":"Vitaminai ir maisto papildai internetu | Vitaminai.lt"},"image":{"@id":"https:\/\/vitaminai.lt\/#\/schema\/logo\/image\/"},"sameAs":["https:\/\/www.facebook.com\/vitaminai\/"]}]}},"_links":{"self":[{"href":"https:\/\/vitaminai.lt\/en\/wp-json\/wp\/v2\/product\/360","targetHints":{"allow":["GET"]}}],"collection":[{"href":"https:\/\/vitaminai.lt\/en\/wp-json\/wp\/v2\/product"}],"about":[{"href":"https:\/\/vitaminai.lt\/en\/wp-json\/wp\/v2\/types\/product"}],"replies":[{"embeddable":true,"href":"https:\/\/vitaminai.lt\/en\/wp-json\/wp\/v2\/comments?post=360"}],"wp:featuredmedia":[{"embeddable":true,"href":"https:\/\/vitaminai.lt\/en\/wp-json\/wp\/v2\/media\/10915"}],"wp:attachment":[{"href":"https:\/\/vitaminai.lt\/en\/wp-json\/wp\/v2\/media?parent=360"}],"wp:term":[{"taxonomy":"product_brand","embeddable":true,"href":"https:\/\/vitaminai.lt\/en\/wp-json\/wp\/v2\/product_brand?post=360"},{"taxonomy":"product_cat","embeddable":true,"href":"https:\/\/vitaminai.lt\/en\/wp-json\/wp\/v2\/product_cat?post=360"},{"taxonomy":"product_tag","embeddable":true,"href":"https:\/\/vitaminai.lt\/en\/wp-json\/wp\/v2\/product_tag?post=360"}],"curies":[{"name":"wp","href":"https:\/\/api.w.org\/{rel}","templated":true}]}}