{"id":363,"date":"2024-08-13T05:31:43","date_gmt":"2024-08-13T05:31:43","guid":{"rendered":"https:\/\/vitaminai.lt\/?post_type=product&#038;p=363"},"modified":"2026-04-09T08:46:04","modified_gmt":"2026-04-09T06:46:04","slug":"lacto-bacto-n30","status":"publish","type":"product","link":"https:\/\/vitaminai.lt\/en\/produktas\/lacto-bacto-n30\/","title":{"rendered":"Gerosios bakterijos LACTO BACTO N30"},"content":{"rendered":"<article class=\"text-token-text-primary w-full\" dir=\"auto\" data-testid=\"conversation-turn-254\" data-scroll-anchor=\"true\">\n<div class=\"text-base my-auto mx-auto py-5 [--thread-content-margin:--spacing(4)] @[37rem]:[--thread-content-margin:--spacing(6)] @[72rem]:[--thread-content-margin:--spacing(16)] px-(--thread-content-margin)\">\n<div class=\"[--thread-content-max-width:32rem] @[34rem]:[--thread-content-max-width:40rem] @[64rem]:[--thread-content-max-width:48rem] mx-auto flex max-w-(--thread-content-max-width) flex-1 text-base gap-4 md:gap-5 lg:gap-6 group\/turn-messages focus-visible:outline-hidden\" tabindex=\"-1\">\n<div class=\"group\/conversation-turn relative flex w-full min-w-0 flex-col agent-turn\">\n<div class=\"relative flex-col gap-1 md:gap-3\">\n<div class=\"flex max-w-full flex-col grow\">\n<div class=\"min-h-8 text-message relative flex w-full flex-col items-end gap-2 text-start break-words whitespace-normal [.text-message+&amp;]:mt-5\" dir=\"auto\" data-message-author-role=\"assistant\" data-message-id=\"ad247ea9-5e82-4100-8e93-579df8ca6a74\" data-message-model-slug=\"gpt-4o\">\n<div class=\"flex w-full flex-col gap-1 empty:hidden first:pt-[3px]\">\n<div class=\"markdown prose dark:prose-invert w-full break-words light\">\n<h3 data-start=\"90\" data-end=\"165\"><strong data-start=\"90\" data-end=\"129\">Lacto Bacto 9 \u2013 gerosios bakterijos<\/strong><\/h3>\n<p data-start=\"90\" data-end=\"165\"><strong data-start=\"132\" data-end=\"165\">Maisto papildas | 30 kapsuli\u0173<\/strong><\/p>\n<hr \/>\n<p data-start=\"90\" data-end=\"165\"><strong data-start=\"132\" data-end=\"165\">P<\/strong><strong data-start=\"167\" data-end=\"240\">arama \u017earnyno mikroflorai, vir\u0161kinimui ir imuninei sistemai<\/strong><\/p>\n<p data-start=\"167\" data-end=\"240\"><strong>\u201eLacto Bacto 9\u201c<\/strong> \u2013 tai maisto papildas, kurio sud\u0117tyje yra 9 skirting\u0173 r\u016b\u0161i\u0173 gyv\u0173j\u0173 pieno r\u016bg\u0161ties bakterij\u0173. Kiekvienoje kapsul\u0117je \u2013 4,5 milijardo KSV (kolonijas sudaran\u010di\u0173 vienet\u0173) bakterij\u0173. Tinka vartoti po antibiotik\u0173, streso ar mitybos sutrikim\u0173, kai norima sustiprinti vir\u0161kinim\u0105, energij\u0105 ir imunitet\u0105.<\/p>\n<hr \/>\n<p data-start=\"69\" data-end=\"109\"><strong data-start=\"69\" data-end=\"109\">Kod\u0117l verta rinktis \u201eLacto Bacto 9\u201c?<\/strong><\/p>\n<p data-start=\"111\" data-end=\"263\">\u201eLacto Bacto 9\u201c \u2013 tai subalansuotas probiotik\u0173 kompleksas, sudarytas i\u0161 9 skirting\u0173 gyv\u0173j\u0173 pieno r\u016bg\u0161ties bakterij\u0173 r\u016b\u0161i\u0173, skirt\u0173 kasdieniam vartojimui.<\/p>\n<p data-start=\"265\" data-end=\"462\">Vienoje kapsul\u0117je yra net 4,5 mlrd. KSV, tod\u0117l u\u017etikrinama stipri ir koncentruota doz\u0117, prisidedanti prie efektyvaus poveikio. Patogios kapsul\u0117s leid\u017eia produkt\u0105 lengvai \u012ftraukti \u012f kasdien\u0119 rutin\u0105.<\/p>\n<p data-start=\"464\" data-end=\"689\">\u0160is papildas tinka \u012fvairiems mitybos re\u017eimams. Pieno r\u016bg\u0161ties bakterijos yra siejamos su vir\u0161kinimo komforto palaikymu ir<strong> gali prisid\u0117ti prie \u017earnyno mikrofloros \u012fvairov\u0117s palaikymo<\/strong>, o tai svarbu bendrai organizmo savijautai.<\/p>\n<hr data-start=\"1039\" data-end=\"1042\" \/>\n<p data-start=\"1044\" data-end=\"1077\"><strong>Kam skirtas \u201eLacto Bacto 9\u201c?<\/strong><\/p>\n<p data-start=\"1321\" data-end=\"1460\" data-is-last-node=\"\" data-is-only-node=\"\"><strong data-start=\"996\" data-end=\"1015\">\u201eLacto Bacto 9\u201c<\/strong> \u2013 tai maisto papildas, skirtas tiems, kurie nori <strong data-start=\"1065\" data-end=\"1123\">s\u0105moningai pasir\u016bpinti \u017earnyno mikrofloros pusiausvyra<\/strong>, papildyti mityb\u0105 pieno r\u016bg\u0161ties bakterijomis ir palaikyti ger\u0105 savijaut\u0105 kasdien.<\/p>\n<\/div>\n<\/div>\n<\/div>\n<\/div>\n<\/div>\n<\/div>\n<\/div>\n<\/div>\n<\/article>\n","protected":false},"excerpt":{"rendered":"<p>Lacto Bacto 9 \u2013 gerosios bakterijos Maisto papildas | 30 kapsuli\u0173 Parama \u017earnyno mikroflorai, vir\u0161kinimui ir imuninei sistemai \u201eLacto Bacto 9\u201c \u2013 tai maisto papildas, kurio sud\u0117tyje yra 9 skirting\u0173 r\u016b\u0161i\u0173 gyv\u0173j\u0173 pieno r\u016bg\u0161ties bakterij\u0173. Kiekvienoje kapsul\u0117je \u2013 4,5 milijardo KSV (kolonijas sudaran\u010di\u0173 vienet\u0173) bakterij\u0173. Tinka vartoti po antibiotik\u0173, streso ar mitybos sutrikim\u0173, kai norima [&hellip;]<\/p>\n","protected":false},"featured_media":365,"comment_status":"open","ping_status":"closed","template":"","meta":[],"product_brand":[],"product_cat":[403,321,323,322,373,370,257,397,369,324,33,37,243,244,245,20,60,139,18,29,23,31,19,30,34,71],"product_tag":[],"class_list":{"0":"post-363","1":"product","2":"type-product","3":"status-publish","4":"has-post-thumbnail","6":"product_cat-11-viskam","7":"product_cat-45-milijardo-vienetu","8":"product_cat-9-skirtingu-kulturu-misinys","9":"product_cat-gerosios-pieno-rugsties-bakterijos","10":"product_cat-kepenims-pagrindines-kategorijos","11":"product_cat-organizmo-valymui-pagrindines-kategorijos","12":"product_cat-privalumai","13":"product_cat-virskinimui-2","14":"product_cat-virskinimui-pagrindines-kategorijos","15":"product_cat-zarnyno-mikrofloros-palaikymui","16":"product_cat-maisto-papildo-forma","17":"product_cat-kapsules","18":"product_cat-pagrindines-kategorijos","19":"product_cat-moterims","20":"product_cat-vyrams","21":"product_cat-paskirtis","22":"product_cat-virskinimui","23":"product_cat-zarnynui","24":"product_cat-vartotojas","25":"product_cat-moterys","26":"product_cat-paaugliai","27":"product_cat-senjorai","28":"product_cat-vaikai","29":"product_cat-vyrai","30":"product_cat-veiklioji-medziaga","31":"product_cat-gerosios-bakterijos","33":"first","34":"instock","35":"shipping-taxable","36":"purchasable","37":"product-type-simple"},"yoast_head":"<!-- This site is optimized with the Yoast SEO plugin v26.6 - https:\/\/yoast.com\/wordpress\/plugins\/seo\/ -->\n<title>Gerosios bakterijos LACTO BACTO N30 - Vitaminai ir maisto papildai internetu | Vitaminai.lt<\/title>\n<meta name=\"robots\" content=\"index, follow, max-snippet:-1, max-image-preview:large, max-video-preview:-1\" \/>\n<link rel=\"canonical\" href=\"https:\/\/vitaminai.lt\/produktas\/lacto-bacto-n30\/\" \/>\n<meta property=\"og:locale\" content=\"en_US\" \/>\n<meta property=\"og:type\" content=\"article\" \/>\n<meta property=\"og:title\" content=\"Gerosios bakterijos LACTO BACTO N30 - Vitaminai ir maisto papildai internetu | Vitaminai.lt\" \/>\n<meta property=\"og:description\" content=\"Lacto Bacto 9 \u2013 gerosios bakterijos Maisto papildas | 30 kapsuli\u0173 Parama \u017earnyno mikroflorai, vir\u0161kinimui ir imuninei sistemai \u201eLacto Bacto 9\u201c \u2013 tai maisto papildas, kurio sud\u0117tyje yra 9 skirting\u0173 r\u016b\u0161i\u0173 gyv\u0173j\u0173 pieno r\u016bg\u0161ties bakterij\u0173. Kiekvienoje kapsul\u0117je \u2013 4,5 milijardo KSV (kolonijas sudaran\u010di\u0173 vienet\u0173) bakterij\u0173. Tinka vartoti po antibiotik\u0173, streso ar mitybos sutrikim\u0173, kai norima [&hellip;]\" \/>\n<meta property=\"og:url\" content=\"https:\/\/vitaminai.lt\/produktas\/lacto-bacto-n30\/\" \/>\n<meta property=\"og:site_name\" content=\"Vitaminai ir maisto papildai internetu | Vitaminai.lt\" \/>\n<meta property=\"article:publisher\" content=\"https:\/\/www.facebook.com\/vitaminai\/\" \/>\n<meta property=\"article:modified_time\" content=\"2026-04-09T06:46:04+00:00\" \/>\n<meta property=\"og:image\" content=\"https:\/\/vitaminai.lt\/wp-content\/uploads\/2024\/08\/Lacto-Bacto-9_kita-puse.png\" \/>\n\t<meta property=\"og:image:width\" content=\"1500\" \/>\n\t<meta property=\"og:image:height\" content=\"1455\" \/>\n\t<meta property=\"og:image:type\" content=\"image\/png\" \/>\n<meta name=\"twitter:card\" content=\"summary_large_image\" \/>\n<meta name=\"twitter:label1\" content=\"Est. reading time\" \/>\n\t<meta name=\"twitter:data1\" content=\"2 minutes\" \/>\n<script type=\"application\/ld+json\" class=\"yoast-schema-graph\">{\"@context\":\"https:\/\/schema.org\",\"@graph\":[{\"@type\":\"WebPage\",\"@id\":\"https:\/\/vitaminai.lt\/produktas\/lacto-bacto-n30\/\",\"url\":\"https:\/\/vitaminai.lt\/produktas\/lacto-bacto-n30\/\",\"name\":\"Gerosios bakterijos LACTO BACTO N30 - Vitaminai ir maisto papildai internetu | Vitaminai.lt\",\"isPartOf\":{\"@id\":\"https:\/\/vitaminai.lt\/#website\"},\"primaryImageOfPage\":{\"@id\":\"https:\/\/vitaminai.lt\/produktas\/lacto-bacto-n30\/#primaryimage\"},\"image\":{\"@id\":\"https:\/\/vitaminai.lt\/produktas\/lacto-bacto-n30\/#primaryimage\"},\"thumbnailUrl\":\"https:\/\/vitaminai.lt\/wp-content\/uploads\/2024\/08\/Lacto-Bacto-9_kita-puse.png\",\"datePublished\":\"2024-08-13T05:31:43+00:00\",\"dateModified\":\"2026-04-09T06:46:04+00:00\",\"breadcrumb\":{\"@id\":\"https:\/\/vitaminai.lt\/produktas\/lacto-bacto-n30\/#breadcrumb\"},\"inLanguage\":\"en-US\",\"potentialAction\":[{\"@type\":\"ReadAction\",\"target\":[\"https:\/\/vitaminai.lt\/produktas\/lacto-bacto-n30\/\"]}]},{\"@type\":\"ImageObject\",\"inLanguage\":\"en-US\",\"@id\":\"https:\/\/vitaminai.lt\/produktas\/lacto-bacto-n30\/#primaryimage\",\"url\":\"https:\/\/vitaminai.lt\/wp-content\/uploads\/2024\/08\/Lacto-Bacto-9_kita-puse.png\",\"contentUrl\":\"https:\/\/vitaminai.lt\/wp-content\/uploads\/2024\/08\/Lacto-Bacto-9_kita-puse.png\",\"width\":1500,\"height\":1455},{\"@type\":\"BreadcrumbList\",\"@id\":\"https:\/\/vitaminai.lt\/produktas\/lacto-bacto-n30\/#breadcrumb\",\"itemListElement\":[{\"@type\":\"ListItem\",\"position\":1,\"name\":\"Home\",\"item\":\"https:\/\/vitaminai.lt\/\"},{\"@type\":\"ListItem\",\"position\":2,\"name\":\"Produktai\",\"item\":\"https:\/\/vitaminai.lt\/produktai\/\"},{\"@type\":\"ListItem\",\"position\":3,\"name\":\"Gerosios bakterijos LACTO BACTO N30\"}]},{\"@type\":\"WebSite\",\"@id\":\"https:\/\/vitaminai.lt\/#website\",\"url\":\"https:\/\/vitaminai.lt\/\",\"name\":\"Vitaminai ir maisto papildai internetu | Vitaminai.lt\",\"description\":\"\",\"publisher\":{\"@id\":\"https:\/\/vitaminai.lt\/#organization\"},\"potentialAction\":[{\"@type\":\"SearchAction\",\"target\":{\"@type\":\"EntryPoint\",\"urlTemplate\":\"https:\/\/vitaminai.lt\/?s={search_term_string}\"},\"query-input\":{\"@type\":\"PropertyValueSpecification\",\"valueRequired\":true,\"valueName\":\"search_term_string\"}}],\"inLanguage\":\"en-US\"},{\"@type\":\"Organization\",\"@id\":\"https:\/\/vitaminai.lt\/#organization\",\"name\":\"Vitaminai ir maisto papildai internetu | Vitaminai.lt\",\"url\":\"https:\/\/vitaminai.lt\/\",\"logo\":{\"@type\":\"ImageObject\",\"inLanguage\":\"en-US\",\"@id\":\"https:\/\/vitaminai.lt\/#\/schema\/logo\/image\/\",\"url\":\"https:\/\/vitaminai.lt\/wp-content\/uploads\/2025\/01\/g212.png\",\"contentUrl\":\"https:\/\/vitaminai.lt\/wp-content\/uploads\/2025\/01\/g212.png\",\"width\":313,\"height\":74,\"caption\":\"Vitaminai ir maisto papildai internetu | Vitaminai.lt\"},\"image\":{\"@id\":\"https:\/\/vitaminai.lt\/#\/schema\/logo\/image\/\"},\"sameAs\":[\"https:\/\/www.facebook.com\/vitaminai\/\"]}]}<\/script>\n<!-- \/ Yoast SEO plugin. -->","yoast_head_json":{"title":"Gerosios bakterijos LACTO BACTO N30 - Vitaminai ir maisto papildai internetu | Vitaminai.lt","robots":{"index":"index","follow":"follow","max-snippet":"max-snippet:-1","max-image-preview":"max-image-preview:large","max-video-preview":"max-video-preview:-1"},"canonical":"https:\/\/vitaminai.lt\/produktas\/lacto-bacto-n30\/","og_locale":"en_US","og_type":"article","og_title":"Gerosios bakterijos LACTO BACTO N30 - Vitaminai ir maisto papildai internetu | Vitaminai.lt","og_description":"Lacto Bacto 9 \u2013 gerosios bakterijos Maisto papildas | 30 kapsuli\u0173 Parama \u017earnyno mikroflorai, vir\u0161kinimui ir imuninei sistemai \u201eLacto Bacto 9\u201c \u2013 tai maisto papildas, kurio sud\u0117tyje yra 9 skirting\u0173 r\u016b\u0161i\u0173 gyv\u0173j\u0173 pieno r\u016bg\u0161ties bakterij\u0173. Kiekvienoje kapsul\u0117je \u2013 4,5 milijardo KSV (kolonijas sudaran\u010di\u0173 vienet\u0173) bakterij\u0173. Tinka vartoti po antibiotik\u0173, streso ar mitybos sutrikim\u0173, kai norima [&hellip;]","og_url":"https:\/\/vitaminai.lt\/produktas\/lacto-bacto-n30\/","og_site_name":"Vitaminai ir maisto papildai internetu | Vitaminai.lt","article_publisher":"https:\/\/www.facebook.com\/vitaminai\/","article_modified_time":"2026-04-09T06:46:04+00:00","og_image":[{"width":1500,"height":1455,"url":"https:\/\/vitaminai.lt\/wp-content\/uploads\/2024\/08\/Lacto-Bacto-9_kita-puse.png","type":"image\/png"}],"twitter_card":"summary_large_image","twitter_misc":{"Est. reading time":"2 minutes"},"schema":{"@context":"https:\/\/schema.org","@graph":[{"@type":"WebPage","@id":"https:\/\/vitaminai.lt\/produktas\/lacto-bacto-n30\/","url":"https:\/\/vitaminai.lt\/produktas\/lacto-bacto-n30\/","name":"Gerosios bakterijos LACTO BACTO N30 - Vitaminai ir maisto papildai internetu | Vitaminai.lt","isPartOf":{"@id":"https:\/\/vitaminai.lt\/#website"},"primaryImageOfPage":{"@id":"https:\/\/vitaminai.lt\/produktas\/lacto-bacto-n30\/#primaryimage"},"image":{"@id":"https:\/\/vitaminai.lt\/produktas\/lacto-bacto-n30\/#primaryimage"},"thumbnailUrl":"https:\/\/vitaminai.lt\/wp-content\/uploads\/2024\/08\/Lacto-Bacto-9_kita-puse.png","datePublished":"2024-08-13T05:31:43+00:00","dateModified":"2026-04-09T06:46:04+00:00","breadcrumb":{"@id":"https:\/\/vitaminai.lt\/produktas\/lacto-bacto-n30\/#breadcrumb"},"inLanguage":"en-US","potentialAction":[{"@type":"ReadAction","target":["https:\/\/vitaminai.lt\/produktas\/lacto-bacto-n30\/"]}]},{"@type":"ImageObject","inLanguage":"en-US","@id":"https:\/\/vitaminai.lt\/produktas\/lacto-bacto-n30\/#primaryimage","url":"https:\/\/vitaminai.lt\/wp-content\/uploads\/2024\/08\/Lacto-Bacto-9_kita-puse.png","contentUrl":"https:\/\/vitaminai.lt\/wp-content\/uploads\/2024\/08\/Lacto-Bacto-9_kita-puse.png","width":1500,"height":1455},{"@type":"BreadcrumbList","@id":"https:\/\/vitaminai.lt\/produktas\/lacto-bacto-n30\/#breadcrumb","itemListElement":[{"@type":"ListItem","position":1,"name":"Home","item":"https:\/\/vitaminai.lt\/"},{"@type":"ListItem","position":2,"name":"Produktai","item":"https:\/\/vitaminai.lt\/produktai\/"},{"@type":"ListItem","position":3,"name":"Gerosios bakterijos LACTO BACTO N30"}]},{"@type":"WebSite","@id":"https:\/\/vitaminai.lt\/#website","url":"https:\/\/vitaminai.lt\/","name":"Vitaminai ir maisto papildai internetu | Vitaminai.lt","description":"","publisher":{"@id":"https:\/\/vitaminai.lt\/#organization"},"potentialAction":[{"@type":"SearchAction","target":{"@type":"EntryPoint","urlTemplate":"https:\/\/vitaminai.lt\/?s={search_term_string}"},"query-input":{"@type":"PropertyValueSpecification","valueRequired":true,"valueName":"search_term_string"}}],"inLanguage":"en-US"},{"@type":"Organization","@id":"https:\/\/vitaminai.lt\/#organization","name":"Vitaminai ir maisto papildai internetu | Vitaminai.lt","url":"https:\/\/vitaminai.lt\/","logo":{"@type":"ImageObject","inLanguage":"en-US","@id":"https:\/\/vitaminai.lt\/#\/schema\/logo\/image\/","url":"https:\/\/vitaminai.lt\/wp-content\/uploads\/2025\/01\/g212.png","contentUrl":"https:\/\/vitaminai.lt\/wp-content\/uploads\/2025\/01\/g212.png","width":313,"height":74,"caption":"Vitaminai ir maisto papildai internetu | Vitaminai.lt"},"image":{"@id":"https:\/\/vitaminai.lt\/#\/schema\/logo\/image\/"},"sameAs":["https:\/\/www.facebook.com\/vitaminai\/"]}]}},"_links":{"self":[{"href":"https:\/\/vitaminai.lt\/en\/wp-json\/wp\/v2\/product\/363","targetHints":{"allow":["GET"]}}],"collection":[{"href":"https:\/\/vitaminai.lt\/en\/wp-json\/wp\/v2\/product"}],"about":[{"href":"https:\/\/vitaminai.lt\/en\/wp-json\/wp\/v2\/types\/product"}],"replies":[{"embeddable":true,"href":"https:\/\/vitaminai.lt\/en\/wp-json\/wp\/v2\/comments?post=363"}],"wp:featuredmedia":[{"embeddable":true,"href":"https:\/\/vitaminai.lt\/en\/wp-json\/wp\/v2\/media\/365"}],"wp:attachment":[{"href":"https:\/\/vitaminai.lt\/en\/wp-json\/wp\/v2\/media?parent=363"}],"wp:term":[{"taxonomy":"product_brand","embeddable":true,"href":"https:\/\/vitaminai.lt\/en\/wp-json\/wp\/v2\/product_brand?post=363"},{"taxonomy":"product_cat","embeddable":true,"href":"https:\/\/vitaminai.lt\/en\/wp-json\/wp\/v2\/product_cat?post=363"},{"taxonomy":"product_tag","embeddable":true,"href":"https:\/\/vitaminai.lt\/en\/wp-json\/wp\/v2\/product_tag?post=363"}],"curies":[{"name":"wp","href":"https:\/\/api.w.org\/{rel}","templated":true}]}}