{"id":367,"date":"2024-08-13T05:33:37","date_gmt":"2024-08-13T05:33:37","guid":{"rendered":"https:\/\/vitaminai.lt\/?post_type=product&#038;p=367"},"modified":"2026-04-08T10:25:19","modified_gmt":"2026-04-08T08:25:19","slug":"multivit-family-guminukai-n60","status":"publish","type":"product","link":"https:\/\/vitaminai.lt\/en\/produktas\/multivit-family-guminukai-n60\/","title":{"rendered":"Pektininiai guminukai MULTIVIT FAMILY N60"},"content":{"rendered":"<h3 data-start=\"80\" data-end=\"145\"><strong data-start=\"80\" data-end=\"109\">MULTIVIT FAMILY Guminukai<\/strong><\/h3>\n<p data-start=\"80\" data-end=\"145\"><strong data-start=\"112\" data-end=\"145\">Maisto papildas | 60 guminuk\u0173<\/strong><\/p>\n<hr \/>\n<p><strong>Pilnavertis 15 vitamin\u0173 ir mineralini\u0173 med\u017eiag\u0173 kompleksas visai \u0161eimai \u2013 <\/strong>skirtas normalioms organizmo funkcijoms palaikyti, energijai, nerv\u0173 sistemai, imunitetui, reg\u0117jimui, kaulams, raumenims ir bendram organizmo atsparumui stiprinti.<\/p>\n<hr \/>\n<p data-start=\"625\" data-end=\"794\"><strong data-start=\"625\" data-end=\"690\">Niacinas, pantoteno r\u016bg\u0161tis, riboflavinas, vitaminai B12 ir C <\/strong>padeda palaikyti normali\u0105 energijos apykait\u0105 ir padeda ma\u017einti pavargimo jausm\u0105 bei nuovarg\u012f.<\/p>\n<p data-start=\"796\" data-end=\"913\"><strong data-start=\"796\" data-end=\"855\">Cinkas, foliatai, selenas, vitaminai A, B6, B12, C ir D <\/strong>padeda palaikyti normali\u0105 imunin\u0117s sistemos veikl\u0105.<\/p>\n<p data-start=\"915\" data-end=\"1064\"><strong data-start=\"915\" data-end=\"971\">Biotinas, niacinas, tiaminas, vitaminai B6, B12 ir C <\/strong>padeda palaikyti normali\u0105 nerv\u0173 sistemos veikl\u0105 ir normali\u0105 psichologin\u0119 funkcij\u0105.<\/p>\n<p data-start=\"1066\" data-end=\"1136\"><strong data-start=\"1066\" data-end=\"1085\">Cinkas ir jodas<\/strong> padeda palaikyti normali\u0105 pa\u017einimo funkcij\u0105.<\/p>\n<p data-start=\"1138\" data-end=\"1207\"><strong data-start=\"1138\" data-end=\"1159\">Pantoteno r\u016bg\u0161tis <\/strong>padeda palaikyti normali\u0105 protin\u0119 veikl\u0105.<\/p>\n<p data-start=\"1209\" data-end=\"1289\"><strong data-start=\"1209\" data-end=\"1248\">Cinkas, riboflavinas ir vitaminas A <\/strong>padeda i\u0161saugoti normal\u0173 reg\u0117jim\u0105.<\/p>\n<p data-start=\"1291\" data-end=\"1394\"><strong data-start=\"1291\" data-end=\"1306\">Vitaminas D <\/strong>padeda palaikyti normali\u0105 kaul\u0173 ir dant\u0173 b\u016bkl\u0119 bei normali\u0105 raumen\u0173 funkcij\u0105.<\/p>\n<p data-start=\"1396\" data-end=\"1469\"><strong data-start=\"1396\" data-end=\"1411\">Vitaminas E <\/strong>padeda apsaugoti l\u0105steles nuo oksidacin\u0117s pa\u017eaidos.<\/p>\n<p data-start=\"1471\" data-end=\"1574\"><strong data-start=\"1471\" data-end=\"1487\">Vitaminas K1 <\/strong>padeda palaikyti normali\u0105 kraujo kre\u0161\u0117jimo funkcij\u0105 ir normali\u0105 kaul\u0173 b\u016bkl\u0119.<\/p>\n<hr \/>\n<p data-start=\"92\" data-end=\"352\"><strong data-start=\"92\" data-end=\"111\">MULTIVIT FAMILY <\/strong>guminukai praturtinti 15 esmini\u0173 vitamin\u0173 ir mineralini\u0173 med\u017eiag\u0173, reikaling\u0173 kasdieniam organizmo funkcionavimui.<\/p>\n","protected":false},"excerpt":{"rendered":"<p>MULTIVIT FAMILY Guminukai Maisto papildas | 60 guminuk\u0173 Pilnavertis 15 vitamin\u0173 ir mineralini\u0173 med\u017eiag\u0173 kompleksas visai \u0161eimai \u2013 skirtas normalioms organizmo funkcijoms palaikyti, energijai, nerv\u0173 sistemai, imunitetui, reg\u0117jimui, kaulams, raumenims ir bendram organizmo atsparumui stiprinti. Niacinas, pantoteno r\u016bg\u0161tis, riboflavinas, vitaminai B12 ir C padeda palaikyti normali\u0105 energijos apykait\u0105 ir padeda ma\u017einti pavargimo jausm\u0105 bei nuovarg\u012f. [&hellip;]<\/p>\n","protected":false},"featured_media":697,"comment_status":"open","ping_status":"closed","template":"","meta":[],"product_brand":[],"product_cat":[372,395,260,375,276,325,307,376,257,275,318,368,33,36,243,244,245,247,248,249,250,251,252,253,20,21,44,179,26,47,32,48,25,171,174,142,56,59,18,29,23,31,19,30,34,69,76,85,92,94,95,96,97,98,99],"product_tag":[],"class_list":{"0":"post-367","1":"product","2":"type-product","3":"status-publish","4":"has-post-thumbnail","6":"product_cat-akims-pagrindines-kategorijos","7":"product_cat-b-grupes","8":"product_cat-imunitetui-privalumai","9":"product_cat-menesio-prekes","10":"product_cat-nervu-sistemai-privalumai","11":"product_cat-normaliam-regejimui","12":"product_cat-nuovargio-mazinimui-privalumai-2","13":"product_cat-populiariausi-produktai","14":"product_cat-privalumai","15":"product_cat-protinei-veiklai-privalumai","16":"product_cat-raumenims-privalumai-2","17":"product_cat-sportuojantiems-pagrindines-kategorijos","18":"product_cat-maisto-papildo-forma","19":"product_cat-guminukai-maisto-papildo-forma","20":"product_cat-pagrindines-kategorijos","21":"product_cat-moterims","22":"product_cat-vyrams","23":"product_cat-energijai-pagrindines-kategorijos","24":"product_cat-imunitetui-pagrindines-kategorijos","25":"product_cat-nervu-sistemai-pagrindines-kategorijos","26":"product_cat-sirdziai","27":"product_cat-vaikams","28":"product_cat-odai-pagrindines-kategorijos","29":"product_cat-plaukams-pagrindines-kategorijos","30":"product_cat-paskirtis","31":"product_cat-akims","32":"product_cat-augimui","33":"product_cat-dantims","34":"product_cat-energijai","35":"product_cat-groziui","36":"product_cat-imunitetui","37":"product_cat-kaulams","38":"product_cat-nervu-sistemai","39":"product_cat-nuovargio-mazinimui","40":"product_cat-organizmo-apsaugai","41":"product_cat-protinei-veiklai","42":"product_cat-raumenims","43":"product_cat-sportuojantiems","44":"product_cat-vartotojas","45":"product_cat-moterys","46":"product_cat-paaugliai","47":"product_cat-senjorai","48":"product_cat-vaikai","49":"product_cat-vyrai","50":"product_cat-veiklioji-medziaga","51":"product_cat-folio-rugstis","52":"product_cat-jodas","53":"product_cat-multivitaminai","54":"product_cat-selenas","55":"product_cat-vitaminas-a","56":"product_cat-vitaminas-b","57":"product_cat-vitaminas-c","58":"product_cat-vitaminas-d","59":"product_cat-vitaminas-e","60":"product_cat-vitaminas-k","62":"first","63":"instock","64":"shipping-taxable","65":"purchasable","66":"product-type-simple"},"yoast_head":"<!-- This site is optimized with the Yoast SEO plugin v26.6 - https:\/\/yoast.com\/wordpress\/plugins\/seo\/ -->\n<title>Pektininiai guminukai MULTIVIT FAMILY N60 - Vitaminai ir maisto papildai internetu | Vitaminai.lt<\/title>\n<meta name=\"robots\" content=\"index, follow, max-snippet:-1, max-image-preview:large, max-video-preview:-1\" \/>\n<link rel=\"canonical\" href=\"https:\/\/vitaminai.lt\/produktas\/multivit-family-guminukai-n60\/\" \/>\n<meta property=\"og:locale\" content=\"en_US\" \/>\n<meta property=\"og:type\" content=\"article\" \/>\n<meta property=\"og:title\" content=\"Pektininiai guminukai MULTIVIT FAMILY N60 - Vitaminai ir maisto papildai internetu | Vitaminai.lt\" \/>\n<meta property=\"og:description\" content=\"MULTIVIT FAMILY Guminukai Maisto papildas | 60 guminuk\u0173 Pilnavertis 15 vitamin\u0173 ir mineralini\u0173 med\u017eiag\u0173 kompleksas visai \u0161eimai \u2013 skirtas normalioms organizmo funkcijoms palaikyti, energijai, nerv\u0173 sistemai, imunitetui, reg\u0117jimui, kaulams, raumenims ir bendram organizmo atsparumui stiprinti. Niacinas, pantoteno r\u016bg\u0161tis, riboflavinas, vitaminai B12 ir C padeda palaikyti normali\u0105 energijos apykait\u0105 ir padeda ma\u017einti pavargimo jausm\u0105 bei nuovarg\u012f. [&hellip;]\" \/>\n<meta property=\"og:url\" content=\"https:\/\/vitaminai.lt\/produktas\/multivit-family-guminukai-n60\/\" \/>\n<meta property=\"og:site_name\" content=\"Vitaminai ir maisto papildai internetu | Vitaminai.lt\" \/>\n<meta property=\"article:publisher\" content=\"https:\/\/www.facebook.com\/vitaminai\/\" \/>\n<meta property=\"article:modified_time\" content=\"2026-04-08T08:25:19+00:00\" \/>\n<meta property=\"og:image\" content=\"https:\/\/vitaminai.lt\/wp-content\/uploads\/2024\/08\/1500x1455_Multivit-family_Priekis-buteliukas_GN.png\" \/>\n\t<meta property=\"og:image:width\" content=\"1500\" \/>\n\t<meta property=\"og:image:height\" content=\"1455\" \/>\n\t<meta property=\"og:image:type\" content=\"image\/png\" \/>\n<meta name=\"twitter:card\" content=\"summary_large_image\" \/>\n<meta name=\"twitter:label1\" content=\"Est. reading time\" \/>\n\t<meta name=\"twitter:data1\" content=\"2 minutes\" \/>\n<script type=\"application\/ld+json\" class=\"yoast-schema-graph\">{\"@context\":\"https:\/\/schema.org\",\"@graph\":[{\"@type\":\"WebPage\",\"@id\":\"https:\/\/vitaminai.lt\/produktas\/multivit-family-guminukai-n60\/\",\"url\":\"https:\/\/vitaminai.lt\/produktas\/multivit-family-guminukai-n60\/\",\"name\":\"Pektininiai guminukai MULTIVIT FAMILY N60 - Vitaminai ir maisto papildai internetu | Vitaminai.lt\",\"isPartOf\":{\"@id\":\"https:\/\/vitaminai.lt\/#website\"},\"primaryImageOfPage\":{\"@id\":\"https:\/\/vitaminai.lt\/produktas\/multivit-family-guminukai-n60\/#primaryimage\"},\"image\":{\"@id\":\"https:\/\/vitaminai.lt\/produktas\/multivit-family-guminukai-n60\/#primaryimage\"},\"thumbnailUrl\":\"https:\/\/vitaminai.lt\/wp-content\/uploads\/2024\/08\/1500x1455_Multivit-family_Priekis-buteliukas_GN.png\",\"datePublished\":\"2024-08-13T05:33:37+00:00\",\"dateModified\":\"2026-04-08T08:25:19+00:00\",\"breadcrumb\":{\"@id\":\"https:\/\/vitaminai.lt\/produktas\/multivit-family-guminukai-n60\/#breadcrumb\"},\"inLanguage\":\"en-US\",\"potentialAction\":[{\"@type\":\"ReadAction\",\"target\":[\"https:\/\/vitaminai.lt\/produktas\/multivit-family-guminukai-n60\/\"]}]},{\"@type\":\"ImageObject\",\"inLanguage\":\"en-US\",\"@id\":\"https:\/\/vitaminai.lt\/produktas\/multivit-family-guminukai-n60\/#primaryimage\",\"url\":\"https:\/\/vitaminai.lt\/wp-content\/uploads\/2024\/08\/1500x1455_Multivit-family_Priekis-buteliukas_GN.png\",\"contentUrl\":\"https:\/\/vitaminai.lt\/wp-content\/uploads\/2024\/08\/1500x1455_Multivit-family_Priekis-buteliukas_GN.png\",\"width\":1500,\"height\":1455},{\"@type\":\"BreadcrumbList\",\"@id\":\"https:\/\/vitaminai.lt\/produktas\/multivit-family-guminukai-n60\/#breadcrumb\",\"itemListElement\":[{\"@type\":\"ListItem\",\"position\":1,\"name\":\"Home\",\"item\":\"https:\/\/vitaminai.lt\/\"},{\"@type\":\"ListItem\",\"position\":2,\"name\":\"Produktai\",\"item\":\"https:\/\/vitaminai.lt\/produktai\/\"},{\"@type\":\"ListItem\",\"position\":3,\"name\":\"Pektininiai guminukai MULTIVIT FAMILY N60\"}]},{\"@type\":\"WebSite\",\"@id\":\"https:\/\/vitaminai.lt\/#website\",\"url\":\"https:\/\/vitaminai.lt\/\",\"name\":\"Vitaminai ir maisto papildai internetu | Vitaminai.lt\",\"description\":\"\",\"publisher\":{\"@id\":\"https:\/\/vitaminai.lt\/#organization\"},\"potentialAction\":[{\"@type\":\"SearchAction\",\"target\":{\"@type\":\"EntryPoint\",\"urlTemplate\":\"https:\/\/vitaminai.lt\/?s={search_term_string}\"},\"query-input\":{\"@type\":\"PropertyValueSpecification\",\"valueRequired\":true,\"valueName\":\"search_term_string\"}}],\"inLanguage\":\"en-US\"},{\"@type\":\"Organization\",\"@id\":\"https:\/\/vitaminai.lt\/#organization\",\"name\":\"Vitaminai ir maisto papildai internetu | Vitaminai.lt\",\"url\":\"https:\/\/vitaminai.lt\/\",\"logo\":{\"@type\":\"ImageObject\",\"inLanguage\":\"en-US\",\"@id\":\"https:\/\/vitaminai.lt\/#\/schema\/logo\/image\/\",\"url\":\"https:\/\/vitaminai.lt\/wp-content\/uploads\/2025\/01\/g212.png\",\"contentUrl\":\"https:\/\/vitaminai.lt\/wp-content\/uploads\/2025\/01\/g212.png\",\"width\":313,\"height\":74,\"caption\":\"Vitaminai ir maisto papildai internetu | Vitaminai.lt\"},\"image\":{\"@id\":\"https:\/\/vitaminai.lt\/#\/schema\/logo\/image\/\"},\"sameAs\":[\"https:\/\/www.facebook.com\/vitaminai\/\"]}]}<\/script>\n<!-- \/ Yoast SEO plugin. -->","yoast_head_json":{"title":"Pektininiai guminukai MULTIVIT FAMILY N60 - Vitaminai ir maisto papildai internetu | Vitaminai.lt","robots":{"index":"index","follow":"follow","max-snippet":"max-snippet:-1","max-image-preview":"max-image-preview:large","max-video-preview":"max-video-preview:-1"},"canonical":"https:\/\/vitaminai.lt\/produktas\/multivit-family-guminukai-n60\/","og_locale":"en_US","og_type":"article","og_title":"Pektininiai guminukai MULTIVIT FAMILY N60 - Vitaminai ir maisto papildai internetu | Vitaminai.lt","og_description":"MULTIVIT FAMILY Guminukai Maisto papildas | 60 guminuk\u0173 Pilnavertis 15 vitamin\u0173 ir mineralini\u0173 med\u017eiag\u0173 kompleksas visai \u0161eimai \u2013 skirtas normalioms organizmo funkcijoms palaikyti, energijai, nerv\u0173 sistemai, imunitetui, reg\u0117jimui, kaulams, raumenims ir bendram organizmo atsparumui stiprinti. Niacinas, pantoteno r\u016bg\u0161tis, riboflavinas, vitaminai B12 ir C padeda palaikyti normali\u0105 energijos apykait\u0105 ir padeda ma\u017einti pavargimo jausm\u0105 bei nuovarg\u012f. [&hellip;]","og_url":"https:\/\/vitaminai.lt\/produktas\/multivit-family-guminukai-n60\/","og_site_name":"Vitaminai ir maisto papildai internetu | Vitaminai.lt","article_publisher":"https:\/\/www.facebook.com\/vitaminai\/","article_modified_time":"2026-04-08T08:25:19+00:00","og_image":[{"width":1500,"height":1455,"url":"https:\/\/vitaminai.lt\/wp-content\/uploads\/2024\/08\/1500x1455_Multivit-family_Priekis-buteliukas_GN.png","type":"image\/png"}],"twitter_card":"summary_large_image","twitter_misc":{"Est. reading time":"2 minutes"},"schema":{"@context":"https:\/\/schema.org","@graph":[{"@type":"WebPage","@id":"https:\/\/vitaminai.lt\/produktas\/multivit-family-guminukai-n60\/","url":"https:\/\/vitaminai.lt\/produktas\/multivit-family-guminukai-n60\/","name":"Pektininiai guminukai MULTIVIT FAMILY N60 - Vitaminai ir maisto papildai internetu | Vitaminai.lt","isPartOf":{"@id":"https:\/\/vitaminai.lt\/#website"},"primaryImageOfPage":{"@id":"https:\/\/vitaminai.lt\/produktas\/multivit-family-guminukai-n60\/#primaryimage"},"image":{"@id":"https:\/\/vitaminai.lt\/produktas\/multivit-family-guminukai-n60\/#primaryimage"},"thumbnailUrl":"https:\/\/vitaminai.lt\/wp-content\/uploads\/2024\/08\/1500x1455_Multivit-family_Priekis-buteliukas_GN.png","datePublished":"2024-08-13T05:33:37+00:00","dateModified":"2026-04-08T08:25:19+00:00","breadcrumb":{"@id":"https:\/\/vitaminai.lt\/produktas\/multivit-family-guminukai-n60\/#breadcrumb"},"inLanguage":"en-US","potentialAction":[{"@type":"ReadAction","target":["https:\/\/vitaminai.lt\/produktas\/multivit-family-guminukai-n60\/"]}]},{"@type":"ImageObject","inLanguage":"en-US","@id":"https:\/\/vitaminai.lt\/produktas\/multivit-family-guminukai-n60\/#primaryimage","url":"https:\/\/vitaminai.lt\/wp-content\/uploads\/2024\/08\/1500x1455_Multivit-family_Priekis-buteliukas_GN.png","contentUrl":"https:\/\/vitaminai.lt\/wp-content\/uploads\/2024\/08\/1500x1455_Multivit-family_Priekis-buteliukas_GN.png","width":1500,"height":1455},{"@type":"BreadcrumbList","@id":"https:\/\/vitaminai.lt\/produktas\/multivit-family-guminukai-n60\/#breadcrumb","itemListElement":[{"@type":"ListItem","position":1,"name":"Home","item":"https:\/\/vitaminai.lt\/"},{"@type":"ListItem","position":2,"name":"Produktai","item":"https:\/\/vitaminai.lt\/produktai\/"},{"@type":"ListItem","position":3,"name":"Pektininiai guminukai MULTIVIT FAMILY N60"}]},{"@type":"WebSite","@id":"https:\/\/vitaminai.lt\/#website","url":"https:\/\/vitaminai.lt\/","name":"Vitaminai ir maisto papildai internetu | Vitaminai.lt","description":"","publisher":{"@id":"https:\/\/vitaminai.lt\/#organization"},"potentialAction":[{"@type":"SearchAction","target":{"@type":"EntryPoint","urlTemplate":"https:\/\/vitaminai.lt\/?s={search_term_string}"},"query-input":{"@type":"PropertyValueSpecification","valueRequired":true,"valueName":"search_term_string"}}],"inLanguage":"en-US"},{"@type":"Organization","@id":"https:\/\/vitaminai.lt\/#organization","name":"Vitaminai ir maisto papildai internetu | Vitaminai.lt","url":"https:\/\/vitaminai.lt\/","logo":{"@type":"ImageObject","inLanguage":"en-US","@id":"https:\/\/vitaminai.lt\/#\/schema\/logo\/image\/","url":"https:\/\/vitaminai.lt\/wp-content\/uploads\/2025\/01\/g212.png","contentUrl":"https:\/\/vitaminai.lt\/wp-content\/uploads\/2025\/01\/g212.png","width":313,"height":74,"caption":"Vitaminai ir maisto papildai internetu | Vitaminai.lt"},"image":{"@id":"https:\/\/vitaminai.lt\/#\/schema\/logo\/image\/"},"sameAs":["https:\/\/www.facebook.com\/vitaminai\/"]}]}},"_links":{"self":[{"href":"https:\/\/vitaminai.lt\/en\/wp-json\/wp\/v2\/product\/367","targetHints":{"allow":["GET"]}}],"collection":[{"href":"https:\/\/vitaminai.lt\/en\/wp-json\/wp\/v2\/product"}],"about":[{"href":"https:\/\/vitaminai.lt\/en\/wp-json\/wp\/v2\/types\/product"}],"replies":[{"embeddable":true,"href":"https:\/\/vitaminai.lt\/en\/wp-json\/wp\/v2\/comments?post=367"}],"wp:featuredmedia":[{"embeddable":true,"href":"https:\/\/vitaminai.lt\/en\/wp-json\/wp\/v2\/media\/697"}],"wp:attachment":[{"href":"https:\/\/vitaminai.lt\/en\/wp-json\/wp\/v2\/media?parent=367"}],"wp:term":[{"taxonomy":"product_brand","embeddable":true,"href":"https:\/\/vitaminai.lt\/en\/wp-json\/wp\/v2\/product_brand?post=367"},{"taxonomy":"product_cat","embeddable":true,"href":"https:\/\/vitaminai.lt\/en\/wp-json\/wp\/v2\/product_cat?post=367"},{"taxonomy":"product_tag","embeddable":true,"href":"https:\/\/vitaminai.lt\/en\/wp-json\/wp\/v2\/product_tag?post=367"}],"curies":[{"name":"wp","href":"https:\/\/api.w.org\/{rel}","templated":true}]}}