{"id":369,"date":"2024-08-13T05:35:52","date_gmt":"2024-08-13T05:35:52","guid":{"rendered":"https:\/\/vitaminai.lt\/?post_type=product&#038;p=369"},"modified":"2026-04-02T15:04:40","modified_gmt":"2026-04-02T13:04:40","slug":"neuro-balance-n60","status":"publish","type":"product","link":"https:\/\/vitaminai.lt\/en\/produktas\/neuro-balance-n60\/","title":{"rendered":"Kompleksas ramybei NEURO BALANCE N60"},"content":{"rendered":"<h3 data-start=\"72\" data-end=\"125\"><strong data-start=\"72\" data-end=\"89\">NEURO BALANCE<\/strong><\/h3>\n<p data-start=\"72\" data-end=\"125\"><strong data-start=\"92\" data-end=\"125\">Maisto papildas | 60 kapsuli\u0173<\/strong><\/p>\n<hr \/>\n<p data-start=\"209\" data-end=\"479\"><strong data-start=\"209\" data-end=\"226\">Neuro Balance<\/strong> \u2013 maisto papildas, kurio sud\u0117tyje yra augalini\u0173 ekstrakt\u0173 ir B grup\u0117s vitamin\u0173. B grup\u0117s vitaminai padeda palaikyti normali\u0105 nerv\u0173 sistemos ir psichologin\u0119 funkcij\u0105, padeda ma\u017einti pavargimo jausm\u0105 ir nuovarg\u012f bei palaikyti normali\u0105 energijos apykait\u0105.<\/p>\n<hr data-start=\"481\" data-end=\"484\" \/>\n<p data-start=\"486\" data-end=\"524\"><strong>Kod\u0117l verta rinktis Neuro Balance?<\/strong><\/p>\n<p data-start=\"486\" data-end=\"524\">Sud\u0117tyje yra valerijono, melisos, apyni\u0173 ir pasifloros augalini\u0173 ekstrakt\u0173 bei B grup\u0117s vitamin\u0173.<\/p>\n<p data-start=\"639\" data-end=\"670\"><strong data-start=\"639\" data-end=\"670\">B grup\u0117s vitamin\u0173 poveikis:<\/strong><\/p>\n<p data-start=\"674\" data-end=\"773\">Tiaminas, riboflavinas, vitaminas B6 ir niacinas <strong>padeda palaikyti normali\u0105 nerv\u0173 sistemos veikl\u0105;<\/strong><\/p>\n<p data-start=\"776\" data-end=\"861\">Tiaminas, vitaminas B6 ir niacinas <strong>padeda palaikyti normali\u0105 psichologin\u0119 funkcij\u0105;<\/strong><\/p>\n<p data-start=\"864\" data-end=\"949\">Riboflavinas, vitaminas B6 ir niacinas <strong>padeda ma\u017einti pavargimo jausm\u0105 ir nuovarg\u012f;<\/strong><\/p>\n<p data-start=\"952\" data-end=\"1046\">Tiaminas, riboflavinas, vitaminas B6 ir niacinas <strong>padeda palaikyti normali\u0105 energijos apykait\u0105.<\/strong><\/p>\n<hr data-start=\"1048\" data-end=\"1051\" \/>\n<p data-start=\"1053\" data-end=\"1078\"><strong>Kam skirtas Neuro Balance?<\/strong><\/p>\n<p data-start=\"1080\" data-end=\"1280\">Rekomenduojamas \u017emon\u0117ms, kuri\u0173 mityboje gali tr\u016bkti B grup\u0117s vitamin\u0173, ir tiems, kurie nori nat\u016bralios paramos nerv\u0173 sistemai bei psichologinei funkcijai kartu su subalansuota mityba ir sveiku gyvenimo b\u016bdu.<\/p>\n<hr \/>\n<p data-start=\"1080\" data-end=\"1280\"><strong>Neuro Balance \u2013 kasdien\u0117 parama nerv\u0173 sistemos ir energijos apykaitos palaikymui.<\/strong><\/p>\n","protected":false},"excerpt":{"rendered":"<p>NEURO BALANCE Maisto papildas | 60 kapsuli\u0173 Neuro Balance \u2013 maisto papildas, kurio sud\u0117tyje yra augalini\u0173 ekstrakt\u0173 ir B grup\u0117s vitamin\u0173. B grup\u0117s vitaminai padeda palaikyti normali\u0105 nerv\u0173 sistemos ir psichologin\u0119 funkcij\u0105, padeda ma\u017einti pavargimo jausm\u0105 ir nuovarg\u012f bei palaikyti normali\u0105 energijos apykait\u0105. Kod\u0117l verta rinktis Neuro Balance? Sud\u0117tyje yra valerijono, melisos, apyni\u0173 ir pasifloros [&hellip;]<\/p>\n","protected":false},"featured_media":696,"comment_status":"open","ping_status":"closed","template":"","meta":[],"product_brand":[],"product_cat":[403,395,278,396,392,276,307,404,257,294,33,37,243,244,245,249,20,25,171,165,18,29,23,31,30,34,188,181,116,130,95],"product_tag":[],"class_list":{"0":"post-369","1":"product","2":"type-product","3":"status-publish","4":"has-post-thumbnail","6":"product_cat-11-viskam","7":"product_cat-b-grupes","8":"product_cat-energijos-apykaitai","9":"product_cat-itampai-nusiraminimui","10":"product_cat-miegui-2","11":"product_cat-nervu-sistemai-privalumai","12":"product_cat-nuovargio-mazinimui-privalumai-2","13":"product_cat-papildai-susikaupimui-ir-protinei-veiklai","14":"product_cat-privalumai","15":"product_cat-psichologinei-funkcijai-privalumai","16":"product_cat-maisto-papildo-forma","17":"product_cat-kapsules","18":"product_cat-pagrindines-kategorijos","19":"product_cat-moterims","20":"product_cat-vyrams","21":"product_cat-nervu-sistemai-pagrindines-kategorijos","22":"product_cat-paskirtis","23":"product_cat-nervu-sistemai","24":"product_cat-nuovargio-mazinimui","25":"product_cat-psichologinei-funkcijai","26":"product_cat-vartotojas","27":"product_cat-moterys","28":"product_cat-paaugliai","29":"product_cat-senjorai","30":"product_cat-vyrai","31":"product_cat-veiklioji-medziaga","32":"product_cat-apyniai","33":"product_cat-raudonziedziai-pasiflorai","34":"product_cat-vaistine-melisa","35":"product_cat-valerijonas","36":"product_cat-vitaminas-b","38":"first","39":"instock","40":"shipping-taxable","41":"purchasable","42":"product-type-simple"},"yoast_head":"<!-- This site is optimized with the Yoast SEO plugin v26.6 - https:\/\/yoast.com\/wordpress\/plugins\/seo\/ -->\n<title>Kompleksas ramybei NEURO BALANCE N60 - Vitaminai ir maisto papildai internetu | Vitaminai.lt<\/title>\n<meta name=\"robots\" content=\"index, follow, max-snippet:-1, max-image-preview:large, max-video-preview:-1\" \/>\n<link rel=\"canonical\" href=\"https:\/\/vitaminai.lt\/produktas\/neuro-balance-n60\/\" \/>\n<meta property=\"og:locale\" content=\"en_US\" \/>\n<meta property=\"og:type\" content=\"article\" \/>\n<meta property=\"og:title\" content=\"Kompleksas ramybei NEURO BALANCE N60 - Vitaminai ir maisto papildai internetu | Vitaminai.lt\" \/>\n<meta property=\"og:description\" content=\"NEURO BALANCE Maisto papildas | 60 kapsuli\u0173 Neuro Balance \u2013 maisto papildas, kurio sud\u0117tyje yra augalini\u0173 ekstrakt\u0173 ir B grup\u0117s vitamin\u0173. B grup\u0117s vitaminai padeda palaikyti normali\u0105 nerv\u0173 sistemos ir psichologin\u0119 funkcij\u0105, padeda ma\u017einti pavargimo jausm\u0105 ir nuovarg\u012f bei palaikyti normali\u0105 energijos apykait\u0105. Kod\u0117l verta rinktis Neuro Balance? Sud\u0117tyje yra valerijono, melisos, apyni\u0173 ir pasifloros [&hellip;]\" \/>\n<meta property=\"og:url\" content=\"https:\/\/vitaminai.lt\/produktas\/neuro-balance-n60\/\" \/>\n<meta property=\"og:site_name\" content=\"Vitaminai ir maisto papildai internetu | Vitaminai.lt\" \/>\n<meta property=\"article:publisher\" content=\"https:\/\/www.facebook.com\/vitaminai\/\" \/>\n<meta property=\"article:modified_time\" content=\"2026-04-02T13:04:40+00:00\" \/>\n<meta property=\"og:image\" content=\"https:\/\/vitaminai.lt\/wp-content\/uploads\/2024\/08\/Neuro-balance-1.png\" \/>\n\t<meta property=\"og:image:width\" content=\"3001\" \/>\n\t<meta property=\"og:image:height\" content=\"2928\" \/>\n\t<meta property=\"og:image:type\" content=\"image\/png\" \/>\n<meta name=\"twitter:card\" content=\"summary_large_image\" \/>\n<meta name=\"twitter:label1\" content=\"Est. reading time\" \/>\n\t<meta name=\"twitter:data1\" content=\"2 minutes\" \/>\n<script type=\"application\/ld+json\" class=\"yoast-schema-graph\">{\"@context\":\"https:\/\/schema.org\",\"@graph\":[{\"@type\":\"WebPage\",\"@id\":\"https:\/\/vitaminai.lt\/produktas\/neuro-balance-n60\/\",\"url\":\"https:\/\/vitaminai.lt\/produktas\/neuro-balance-n60\/\",\"name\":\"Kompleksas ramybei NEURO BALANCE N60 - Vitaminai ir maisto papildai internetu | Vitaminai.lt\",\"isPartOf\":{\"@id\":\"https:\/\/vitaminai.lt\/#website\"},\"primaryImageOfPage\":{\"@id\":\"https:\/\/vitaminai.lt\/produktas\/neuro-balance-n60\/#primaryimage\"},\"image\":{\"@id\":\"https:\/\/vitaminai.lt\/produktas\/neuro-balance-n60\/#primaryimage\"},\"thumbnailUrl\":\"https:\/\/vitaminai.lt\/wp-content\/uploads\/2024\/08\/Neuro-balance-1.png\",\"datePublished\":\"2024-08-13T05:35:52+00:00\",\"dateModified\":\"2026-04-02T13:04:40+00:00\",\"breadcrumb\":{\"@id\":\"https:\/\/vitaminai.lt\/produktas\/neuro-balance-n60\/#breadcrumb\"},\"inLanguage\":\"en-US\",\"potentialAction\":[{\"@type\":\"ReadAction\",\"target\":[\"https:\/\/vitaminai.lt\/produktas\/neuro-balance-n60\/\"]}]},{\"@type\":\"ImageObject\",\"inLanguage\":\"en-US\",\"@id\":\"https:\/\/vitaminai.lt\/produktas\/neuro-balance-n60\/#primaryimage\",\"url\":\"https:\/\/vitaminai.lt\/wp-content\/uploads\/2024\/08\/Neuro-balance-1.png\",\"contentUrl\":\"https:\/\/vitaminai.lt\/wp-content\/uploads\/2024\/08\/Neuro-balance-1.png\",\"width\":3001,\"height\":2928},{\"@type\":\"BreadcrumbList\",\"@id\":\"https:\/\/vitaminai.lt\/produktas\/neuro-balance-n60\/#breadcrumb\",\"itemListElement\":[{\"@type\":\"ListItem\",\"position\":1,\"name\":\"Home\",\"item\":\"https:\/\/vitaminai.lt\/\"},{\"@type\":\"ListItem\",\"position\":2,\"name\":\"Produktai\",\"item\":\"https:\/\/vitaminai.lt\/produktai\/\"},{\"@type\":\"ListItem\",\"position\":3,\"name\":\"Kompleksas ramybei NEURO BALANCE N60\"}]},{\"@type\":\"WebSite\",\"@id\":\"https:\/\/vitaminai.lt\/#website\",\"url\":\"https:\/\/vitaminai.lt\/\",\"name\":\"Vitaminai ir maisto papildai internetu | Vitaminai.lt\",\"description\":\"\",\"publisher\":{\"@id\":\"https:\/\/vitaminai.lt\/#organization\"},\"potentialAction\":[{\"@type\":\"SearchAction\",\"target\":{\"@type\":\"EntryPoint\",\"urlTemplate\":\"https:\/\/vitaminai.lt\/?s={search_term_string}\"},\"query-input\":{\"@type\":\"PropertyValueSpecification\",\"valueRequired\":true,\"valueName\":\"search_term_string\"}}],\"inLanguage\":\"en-US\"},{\"@type\":\"Organization\",\"@id\":\"https:\/\/vitaminai.lt\/#organization\",\"name\":\"Vitaminai ir maisto papildai internetu | Vitaminai.lt\",\"url\":\"https:\/\/vitaminai.lt\/\",\"logo\":{\"@type\":\"ImageObject\",\"inLanguage\":\"en-US\",\"@id\":\"https:\/\/vitaminai.lt\/#\/schema\/logo\/image\/\",\"url\":\"https:\/\/vitaminai.lt\/wp-content\/uploads\/2025\/01\/g212.png\",\"contentUrl\":\"https:\/\/vitaminai.lt\/wp-content\/uploads\/2025\/01\/g212.png\",\"width\":313,\"height\":74,\"caption\":\"Vitaminai ir maisto papildai internetu | Vitaminai.lt\"},\"image\":{\"@id\":\"https:\/\/vitaminai.lt\/#\/schema\/logo\/image\/\"},\"sameAs\":[\"https:\/\/www.facebook.com\/vitaminai\/\"]}]}<\/script>\n<!-- \/ Yoast SEO plugin. -->","yoast_head_json":{"title":"Kompleksas ramybei NEURO BALANCE N60 - Vitaminai ir maisto papildai internetu | Vitaminai.lt","robots":{"index":"index","follow":"follow","max-snippet":"max-snippet:-1","max-image-preview":"max-image-preview:large","max-video-preview":"max-video-preview:-1"},"canonical":"https:\/\/vitaminai.lt\/produktas\/neuro-balance-n60\/","og_locale":"en_US","og_type":"article","og_title":"Kompleksas ramybei NEURO BALANCE N60 - Vitaminai ir maisto papildai internetu | Vitaminai.lt","og_description":"NEURO BALANCE Maisto papildas | 60 kapsuli\u0173 Neuro Balance \u2013 maisto papildas, kurio sud\u0117tyje yra augalini\u0173 ekstrakt\u0173 ir B grup\u0117s vitamin\u0173. B grup\u0117s vitaminai padeda palaikyti normali\u0105 nerv\u0173 sistemos ir psichologin\u0119 funkcij\u0105, padeda ma\u017einti pavargimo jausm\u0105 ir nuovarg\u012f bei palaikyti normali\u0105 energijos apykait\u0105. Kod\u0117l verta rinktis Neuro Balance? Sud\u0117tyje yra valerijono, melisos, apyni\u0173 ir pasifloros [&hellip;]","og_url":"https:\/\/vitaminai.lt\/produktas\/neuro-balance-n60\/","og_site_name":"Vitaminai ir maisto papildai internetu | Vitaminai.lt","article_publisher":"https:\/\/www.facebook.com\/vitaminai\/","article_modified_time":"2026-04-02T13:04:40+00:00","og_image":[{"width":3001,"height":2928,"url":"https:\/\/vitaminai.lt\/wp-content\/uploads\/2024\/08\/Neuro-balance-1.png","type":"image\/png"}],"twitter_card":"summary_large_image","twitter_misc":{"Est. reading time":"2 minutes"},"schema":{"@context":"https:\/\/schema.org","@graph":[{"@type":"WebPage","@id":"https:\/\/vitaminai.lt\/produktas\/neuro-balance-n60\/","url":"https:\/\/vitaminai.lt\/produktas\/neuro-balance-n60\/","name":"Kompleksas ramybei NEURO BALANCE N60 - Vitaminai ir maisto papildai internetu | Vitaminai.lt","isPartOf":{"@id":"https:\/\/vitaminai.lt\/#website"},"primaryImageOfPage":{"@id":"https:\/\/vitaminai.lt\/produktas\/neuro-balance-n60\/#primaryimage"},"image":{"@id":"https:\/\/vitaminai.lt\/produktas\/neuro-balance-n60\/#primaryimage"},"thumbnailUrl":"https:\/\/vitaminai.lt\/wp-content\/uploads\/2024\/08\/Neuro-balance-1.png","datePublished":"2024-08-13T05:35:52+00:00","dateModified":"2026-04-02T13:04:40+00:00","breadcrumb":{"@id":"https:\/\/vitaminai.lt\/produktas\/neuro-balance-n60\/#breadcrumb"},"inLanguage":"en-US","potentialAction":[{"@type":"ReadAction","target":["https:\/\/vitaminai.lt\/produktas\/neuro-balance-n60\/"]}]},{"@type":"ImageObject","inLanguage":"en-US","@id":"https:\/\/vitaminai.lt\/produktas\/neuro-balance-n60\/#primaryimage","url":"https:\/\/vitaminai.lt\/wp-content\/uploads\/2024\/08\/Neuro-balance-1.png","contentUrl":"https:\/\/vitaminai.lt\/wp-content\/uploads\/2024\/08\/Neuro-balance-1.png","width":3001,"height":2928},{"@type":"BreadcrumbList","@id":"https:\/\/vitaminai.lt\/produktas\/neuro-balance-n60\/#breadcrumb","itemListElement":[{"@type":"ListItem","position":1,"name":"Home","item":"https:\/\/vitaminai.lt\/"},{"@type":"ListItem","position":2,"name":"Produktai","item":"https:\/\/vitaminai.lt\/produktai\/"},{"@type":"ListItem","position":3,"name":"Kompleksas ramybei NEURO BALANCE N60"}]},{"@type":"WebSite","@id":"https:\/\/vitaminai.lt\/#website","url":"https:\/\/vitaminai.lt\/","name":"Vitaminai ir maisto papildai internetu | Vitaminai.lt","description":"","publisher":{"@id":"https:\/\/vitaminai.lt\/#organization"},"potentialAction":[{"@type":"SearchAction","target":{"@type":"EntryPoint","urlTemplate":"https:\/\/vitaminai.lt\/?s={search_term_string}"},"query-input":{"@type":"PropertyValueSpecification","valueRequired":true,"valueName":"search_term_string"}}],"inLanguage":"en-US"},{"@type":"Organization","@id":"https:\/\/vitaminai.lt\/#organization","name":"Vitaminai ir maisto papildai internetu | Vitaminai.lt","url":"https:\/\/vitaminai.lt\/","logo":{"@type":"ImageObject","inLanguage":"en-US","@id":"https:\/\/vitaminai.lt\/#\/schema\/logo\/image\/","url":"https:\/\/vitaminai.lt\/wp-content\/uploads\/2025\/01\/g212.png","contentUrl":"https:\/\/vitaminai.lt\/wp-content\/uploads\/2025\/01\/g212.png","width":313,"height":74,"caption":"Vitaminai ir maisto papildai internetu | Vitaminai.lt"},"image":{"@id":"https:\/\/vitaminai.lt\/#\/schema\/logo\/image\/"},"sameAs":["https:\/\/www.facebook.com\/vitaminai\/"]}]}},"_links":{"self":[{"href":"https:\/\/vitaminai.lt\/en\/wp-json\/wp\/v2\/product\/369","targetHints":{"allow":["GET"]}}],"collection":[{"href":"https:\/\/vitaminai.lt\/en\/wp-json\/wp\/v2\/product"}],"about":[{"href":"https:\/\/vitaminai.lt\/en\/wp-json\/wp\/v2\/types\/product"}],"replies":[{"embeddable":true,"href":"https:\/\/vitaminai.lt\/en\/wp-json\/wp\/v2\/comments?post=369"}],"wp:featuredmedia":[{"embeddable":true,"href":"https:\/\/vitaminai.lt\/en\/wp-json\/wp\/v2\/media\/696"}],"wp:attachment":[{"href":"https:\/\/vitaminai.lt\/en\/wp-json\/wp\/v2\/media?parent=369"}],"wp:term":[{"taxonomy":"product_brand","embeddable":true,"href":"https:\/\/vitaminai.lt\/en\/wp-json\/wp\/v2\/product_brand?post=369"},{"taxonomy":"product_cat","embeddable":true,"href":"https:\/\/vitaminai.lt\/en\/wp-json\/wp\/v2\/product_cat?post=369"},{"taxonomy":"product_tag","embeddable":true,"href":"https:\/\/vitaminai.lt\/en\/wp-json\/wp\/v2\/product_tag?post=369"}],"curies":[{"name":"wp","href":"https:\/\/api.w.org\/{rel}","templated":true}]}}