{"id":370,"date":"2024-08-13T05:36:40","date_gmt":"2024-08-13T05:36:40","guid":{"rendered":"https:\/\/vitaminai.lt\/?post_type=product&#038;p=370"},"modified":"2026-04-02T15:04:39","modified_gmt":"2026-04-02T13:04:39","slug":"relax-complexmelatonin-n90","status":"publish","type":"product","link":"https:\/\/vitaminai.lt\/en\/produktas\/relax-complexmelatonin-n90\/","title":{"rendered":"RELAX COMPLEX+MELATONIN N90"},"content":{"rendered":"<h3 data-start=\"72\" data-end=\"137\"><strong data-start=\"72\" data-end=\"101\">RELAX COMPLEX + MELATONIN<\/strong><\/h3>\n<p data-start=\"72\" data-end=\"137\"><strong data-start=\"104\" data-end=\"137\">Maisto papildas | 90 kapsuli\u0173<\/strong><\/p>\n<p data-start=\"139\" data-end=\"212\"><strong data-start=\"139\" data-end=\"212\">Sprendimas ramiam miegui ir emocinei pusiausvyrai palaikyti<\/strong><\/p>\n<hr \/>\n<p data-start=\"214\" data-end=\"466\">RELAX COMPLEX + MELATONIN \u2013 tai maisto papildas, <strong data-start=\"267\" data-end=\"371\">skirtas pad\u0117ti grei\u010diau u\u017emigti, ma\u017einti streso poj\u016bt\u012f, palaikyti nerv\u0173 sistem\u0105 ir geresn\u0119 savijaut\u0105<\/strong>. Tai idealus pasirinkimas tiems, kurie siekia nat\u016bralaus atsipalaidavimo ir kokybi\u0161ko poilsio.<\/p>\n<hr \/>\n<p><strong>Kod\u0117l verta rinktis RELAX COMPLEX + MELATONIN?<\/strong><\/p>\n<p>Melatoninas<strong> padeda sutrumpinti laik\u0105, reikaling\u0105 u\u017emigti<\/strong>, kai suvartojama 1 mg melatonino prie\u0161 mieg\u0105, ir padeda palengvinti subjektyvius laiko juost\u0173 kirtimo (jet lag) poj\u016b\u010dius, kai suvartojama ne ma\u017eiau kaip 0,5 mg melatonino.<\/p>\n<p>Riboflavinas, niacinas, vitaminas B6 ir vitaminas B12 <strong>padeda ma\u017einti pavargimo jausm\u0105 ir nuovarg\u012f.<\/strong><\/p>\n<p>Tiaminas, riboflavinas, niacinas, vitaminas B6 ir vitaminas B12 <strong>padeda palaikyti normali\u0105 energijos apykait\u0105, nerv\u0173 sistemos veikl\u0105, psichologin\u0119 funkcij\u0105.<\/strong><\/p>\n<p>Tiaminas<strong> padeda palaikyti normali\u0105 \u0161irdies veikl\u0105.<\/strong><\/p>\n<hr data-start=\"914\" data-end=\"917\" \/>\n<p data-start=\"919\" data-end=\"960\"><strong>Kasdien\u0117 nauda j\u016bs\u0173 gerai savijautai:<\/strong><\/p>\n<p data-start=\"962\" data-end=\"1183\"><strong data-start=\"962\" data-end=\"991\">RELAX COMPLEX + MELATONIN<\/strong> yra tinkamas tiems, kurie patiria \u012ftamp\u0105, da\u017enai jau\u010dia nuovarg\u012f arba nori pagerinti savo miego kokyb\u0119. Puikiai tinka ir keliaujantiems, siekiantiems grei\u010diau prisitaikyti prie laiko poky\u010di\u0173.<\/p>\n<hr \/>\n<p data-start=\"1185\" data-end=\"1270\" data-is-last-node=\"\" data-is-only-node=\"\"><strong data-start=\"1185\" data-end=\"1270\" data-is-last-node=\"\">Ramyb\u0117, poilsis ir psichologinis balansas \u2013 kasdien su RELAX COMPLEX + MELATONIN.<\/strong><\/p>\n","protected":false},"excerpt":{"rendered":"<p>RELAX COMPLEX + MELATONIN Maisto papildas | 90 kapsuli\u0173 Sprendimas ramiam miegui ir emocinei pusiausvyrai palaikyti RELAX COMPLEX + MELATONIN \u2013 tai maisto papildas, skirtas pad\u0117ti grei\u010diau u\u017emigti, ma\u017einti streso poj\u016bt\u012f, palaikyti nerv\u0173 sistem\u0105 ir geresn\u0119 savijaut\u0105. Tai idealus pasirinkimas tiems, kurie siekia nat\u016bralaus atsipalaidavimo ir kokybi\u0161ko poilsio. Kod\u0117l verta rinktis RELAX COMPLEX + MELATONIN? [&hellip;]<\/p>\n","protected":false},"featured_media":332,"comment_status":"open","ping_status":"closed","template":"","meta":[],"product_brand":[],"product_cat":[403,330,395,329,279,396,328,392,276,376,257,294,33,37,243,244,245,249,20,143,51,25,171,18,29,23,31,30,34,188,192,127,181,130,95],"product_tag":[],"class_list":{"0":"post-370","1":"product","2":"type-product","3":"status-publish","4":"has-post-thumbnail","6":"product_cat-11-viskam","7":"product_cat-augaliniai-ekstraktai","8":"product_cat-b-grupes","9":"product_cat-b-grupes-vitaminai","10":"product_cat-hormonu-reguliavimui-privalumai","11":"product_cat-itampai-nusiraminimui","12":"product_cat-kokybiskam-miegui","13":"product_cat-miegui-2","14":"product_cat-nervu-sistemai-privalumai","15":"product_cat-populiariausi-produktai","16":"product_cat-privalumai","17":"product_cat-psichologinei-funkcijai-privalumai","18":"product_cat-maisto-papildo-forma","19":"product_cat-kapsules","20":"product_cat-pagrindines-kategorijos","21":"product_cat-moterims","22":"product_cat-vyrams","23":"product_cat-nervu-sistemai-pagrindines-kategorijos","24":"product_cat-paskirtis","25":"product_cat-hormonu-reguliavimui","26":"product_cat-miegui","27":"product_cat-nervu-sistemai","28":"product_cat-nuovargio-mazinimui","29":"product_cat-vartotojas","30":"product_cat-moterys","31":"product_cat-paaugliai","32":"product_cat-senjorai","33":"product_cat-vyrai","34":"product_cat-veiklioji-medziaga","35":"product_cat-apyniai","36":"product_cat-grifonija","37":"product_cat-melisa","38":"product_cat-raudonziedziai-pasiflorai","39":"product_cat-valerijonas","40":"product_cat-vitaminas-b","42":"first","43":"instock","44":"shipping-taxable","45":"purchasable","46":"product-type-simple"},"yoast_head":"<!-- This site is optimized with the Yoast SEO plugin v26.6 - https:\/\/yoast.com\/wordpress\/plugins\/seo\/ -->\n<title>RELAX COMPLEX+MELATONIN N90 - Vitaminai ir maisto papildai internetu | Vitaminai.lt<\/title>\n<meta name=\"robots\" content=\"index, follow, max-snippet:-1, max-image-preview:large, max-video-preview:-1\" \/>\n<link rel=\"canonical\" href=\"https:\/\/vitaminai.lt\/produktas\/relax-complexmelatonin-n90\/\" \/>\n<meta property=\"og:locale\" content=\"en_US\" \/>\n<meta property=\"og:type\" content=\"article\" \/>\n<meta property=\"og:title\" content=\"RELAX COMPLEX+MELATONIN N90 - Vitaminai ir maisto papildai internetu | Vitaminai.lt\" \/>\n<meta property=\"og:description\" content=\"RELAX COMPLEX + MELATONIN Maisto papildas | 90 kapsuli\u0173 Sprendimas ramiam miegui ir emocinei pusiausvyrai palaikyti RELAX COMPLEX + MELATONIN \u2013 tai maisto papildas, skirtas pad\u0117ti grei\u010diau u\u017emigti, ma\u017einti streso poj\u016bt\u012f, palaikyti nerv\u0173 sistem\u0105 ir geresn\u0119 savijaut\u0105. Tai idealus pasirinkimas tiems, kurie siekia nat\u016bralaus atsipalaidavimo ir kokybi\u0161ko poilsio. Kod\u0117l verta rinktis RELAX COMPLEX + MELATONIN? [&hellip;]\" \/>\n<meta property=\"og:url\" content=\"https:\/\/vitaminai.lt\/produktas\/relax-complexmelatonin-n90\/\" \/>\n<meta property=\"og:site_name\" content=\"Vitaminai ir maisto papildai internetu | Vitaminai.lt\" \/>\n<meta property=\"article:publisher\" content=\"https:\/\/www.facebook.com\/vitaminai\/\" \/>\n<meta property=\"article:modified_time\" content=\"2026-04-02T13:04:39+00:00\" \/>\n<meta property=\"og:image\" content=\"https:\/\/vitaminai.lt\/wp-content\/uploads\/2024\/08\/Relax-baltas.png\" \/>\n\t<meta property=\"og:image:width\" content=\"3001\" \/>\n\t<meta property=\"og:image:height\" content=\"2928\" \/>\n\t<meta property=\"og:image:type\" content=\"image\/png\" \/>\n<meta name=\"twitter:card\" content=\"summary_large_image\" \/>\n<meta name=\"twitter:label1\" content=\"Est. reading time\" \/>\n\t<meta name=\"twitter:data1\" content=\"2 minutes\" \/>\n<script type=\"application\/ld+json\" class=\"yoast-schema-graph\">{\"@context\":\"https:\/\/schema.org\",\"@graph\":[{\"@type\":\"WebPage\",\"@id\":\"https:\/\/vitaminai.lt\/produktas\/relax-complexmelatonin-n90\/\",\"url\":\"https:\/\/vitaminai.lt\/produktas\/relax-complexmelatonin-n90\/\",\"name\":\"RELAX COMPLEX+MELATONIN N90 - Vitaminai ir maisto papildai internetu | Vitaminai.lt\",\"isPartOf\":{\"@id\":\"https:\/\/vitaminai.lt\/#website\"},\"primaryImageOfPage\":{\"@id\":\"https:\/\/vitaminai.lt\/produktas\/relax-complexmelatonin-n90\/#primaryimage\"},\"image\":{\"@id\":\"https:\/\/vitaminai.lt\/produktas\/relax-complexmelatonin-n90\/#primaryimage\"},\"thumbnailUrl\":\"https:\/\/vitaminai.lt\/wp-content\/uploads\/2024\/08\/Relax-baltas.png\",\"datePublished\":\"2024-08-13T05:36:40+00:00\",\"dateModified\":\"2026-04-02T13:04:39+00:00\",\"breadcrumb\":{\"@id\":\"https:\/\/vitaminai.lt\/produktas\/relax-complexmelatonin-n90\/#breadcrumb\"},\"inLanguage\":\"en-US\",\"potentialAction\":[{\"@type\":\"ReadAction\",\"target\":[\"https:\/\/vitaminai.lt\/produktas\/relax-complexmelatonin-n90\/\"]}]},{\"@type\":\"ImageObject\",\"inLanguage\":\"en-US\",\"@id\":\"https:\/\/vitaminai.lt\/produktas\/relax-complexmelatonin-n90\/#primaryimage\",\"url\":\"https:\/\/vitaminai.lt\/wp-content\/uploads\/2024\/08\/Relax-baltas.png\",\"contentUrl\":\"https:\/\/vitaminai.lt\/wp-content\/uploads\/2024\/08\/Relax-baltas.png\",\"width\":3001,\"height\":2928},{\"@type\":\"BreadcrumbList\",\"@id\":\"https:\/\/vitaminai.lt\/produktas\/relax-complexmelatonin-n90\/#breadcrumb\",\"itemListElement\":[{\"@type\":\"ListItem\",\"position\":1,\"name\":\"Home\",\"item\":\"https:\/\/vitaminai.lt\/\"},{\"@type\":\"ListItem\",\"position\":2,\"name\":\"Produktai\",\"item\":\"https:\/\/vitaminai.lt\/produktai\/\"},{\"@type\":\"ListItem\",\"position\":3,\"name\":\"RELAX COMPLEX+MELATONIN N90\"}]},{\"@type\":\"WebSite\",\"@id\":\"https:\/\/vitaminai.lt\/#website\",\"url\":\"https:\/\/vitaminai.lt\/\",\"name\":\"Vitaminai ir maisto papildai internetu | Vitaminai.lt\",\"description\":\"\",\"publisher\":{\"@id\":\"https:\/\/vitaminai.lt\/#organization\"},\"potentialAction\":[{\"@type\":\"SearchAction\",\"target\":{\"@type\":\"EntryPoint\",\"urlTemplate\":\"https:\/\/vitaminai.lt\/?s={search_term_string}\"},\"query-input\":{\"@type\":\"PropertyValueSpecification\",\"valueRequired\":true,\"valueName\":\"search_term_string\"}}],\"inLanguage\":\"en-US\"},{\"@type\":\"Organization\",\"@id\":\"https:\/\/vitaminai.lt\/#organization\",\"name\":\"Vitaminai ir maisto papildai internetu | Vitaminai.lt\",\"url\":\"https:\/\/vitaminai.lt\/\",\"logo\":{\"@type\":\"ImageObject\",\"inLanguage\":\"en-US\",\"@id\":\"https:\/\/vitaminai.lt\/#\/schema\/logo\/image\/\",\"url\":\"https:\/\/vitaminai.lt\/wp-content\/uploads\/2025\/01\/g212.png\",\"contentUrl\":\"https:\/\/vitaminai.lt\/wp-content\/uploads\/2025\/01\/g212.png\",\"width\":313,\"height\":74,\"caption\":\"Vitaminai ir maisto papildai internetu | Vitaminai.lt\"},\"image\":{\"@id\":\"https:\/\/vitaminai.lt\/#\/schema\/logo\/image\/\"},\"sameAs\":[\"https:\/\/www.facebook.com\/vitaminai\/\"]}]}<\/script>\n<!-- \/ Yoast SEO plugin. -->","yoast_head_json":{"title":"RELAX COMPLEX+MELATONIN N90 - Vitaminai ir maisto papildai internetu | Vitaminai.lt","robots":{"index":"index","follow":"follow","max-snippet":"max-snippet:-1","max-image-preview":"max-image-preview:large","max-video-preview":"max-video-preview:-1"},"canonical":"https:\/\/vitaminai.lt\/produktas\/relax-complexmelatonin-n90\/","og_locale":"en_US","og_type":"article","og_title":"RELAX COMPLEX+MELATONIN N90 - Vitaminai ir maisto papildai internetu | Vitaminai.lt","og_description":"RELAX COMPLEX + MELATONIN Maisto papildas | 90 kapsuli\u0173 Sprendimas ramiam miegui ir emocinei pusiausvyrai palaikyti RELAX COMPLEX + MELATONIN \u2013 tai maisto papildas, skirtas pad\u0117ti grei\u010diau u\u017emigti, ma\u017einti streso poj\u016bt\u012f, palaikyti nerv\u0173 sistem\u0105 ir geresn\u0119 savijaut\u0105. Tai idealus pasirinkimas tiems, kurie siekia nat\u016bralaus atsipalaidavimo ir kokybi\u0161ko poilsio. Kod\u0117l verta rinktis RELAX COMPLEX + MELATONIN? [&hellip;]","og_url":"https:\/\/vitaminai.lt\/produktas\/relax-complexmelatonin-n90\/","og_site_name":"Vitaminai ir maisto papildai internetu | Vitaminai.lt","article_publisher":"https:\/\/www.facebook.com\/vitaminai\/","article_modified_time":"2026-04-02T13:04:39+00:00","og_image":[{"width":3001,"height":2928,"url":"https:\/\/vitaminai.lt\/wp-content\/uploads\/2024\/08\/Relax-baltas.png","type":"image\/png"}],"twitter_card":"summary_large_image","twitter_misc":{"Est. reading time":"2 minutes"},"schema":{"@context":"https:\/\/schema.org","@graph":[{"@type":"WebPage","@id":"https:\/\/vitaminai.lt\/produktas\/relax-complexmelatonin-n90\/","url":"https:\/\/vitaminai.lt\/produktas\/relax-complexmelatonin-n90\/","name":"RELAX COMPLEX+MELATONIN N90 - Vitaminai ir maisto papildai internetu | Vitaminai.lt","isPartOf":{"@id":"https:\/\/vitaminai.lt\/#website"},"primaryImageOfPage":{"@id":"https:\/\/vitaminai.lt\/produktas\/relax-complexmelatonin-n90\/#primaryimage"},"image":{"@id":"https:\/\/vitaminai.lt\/produktas\/relax-complexmelatonin-n90\/#primaryimage"},"thumbnailUrl":"https:\/\/vitaminai.lt\/wp-content\/uploads\/2024\/08\/Relax-baltas.png","datePublished":"2024-08-13T05:36:40+00:00","dateModified":"2026-04-02T13:04:39+00:00","breadcrumb":{"@id":"https:\/\/vitaminai.lt\/produktas\/relax-complexmelatonin-n90\/#breadcrumb"},"inLanguage":"en-US","potentialAction":[{"@type":"ReadAction","target":["https:\/\/vitaminai.lt\/produktas\/relax-complexmelatonin-n90\/"]}]},{"@type":"ImageObject","inLanguage":"en-US","@id":"https:\/\/vitaminai.lt\/produktas\/relax-complexmelatonin-n90\/#primaryimage","url":"https:\/\/vitaminai.lt\/wp-content\/uploads\/2024\/08\/Relax-baltas.png","contentUrl":"https:\/\/vitaminai.lt\/wp-content\/uploads\/2024\/08\/Relax-baltas.png","width":3001,"height":2928},{"@type":"BreadcrumbList","@id":"https:\/\/vitaminai.lt\/produktas\/relax-complexmelatonin-n90\/#breadcrumb","itemListElement":[{"@type":"ListItem","position":1,"name":"Home","item":"https:\/\/vitaminai.lt\/"},{"@type":"ListItem","position":2,"name":"Produktai","item":"https:\/\/vitaminai.lt\/produktai\/"},{"@type":"ListItem","position":3,"name":"RELAX COMPLEX+MELATONIN N90"}]},{"@type":"WebSite","@id":"https:\/\/vitaminai.lt\/#website","url":"https:\/\/vitaminai.lt\/","name":"Vitaminai ir maisto papildai internetu | Vitaminai.lt","description":"","publisher":{"@id":"https:\/\/vitaminai.lt\/#organization"},"potentialAction":[{"@type":"SearchAction","target":{"@type":"EntryPoint","urlTemplate":"https:\/\/vitaminai.lt\/?s={search_term_string}"},"query-input":{"@type":"PropertyValueSpecification","valueRequired":true,"valueName":"search_term_string"}}],"inLanguage":"en-US"},{"@type":"Organization","@id":"https:\/\/vitaminai.lt\/#organization","name":"Vitaminai ir maisto papildai internetu | Vitaminai.lt","url":"https:\/\/vitaminai.lt\/","logo":{"@type":"ImageObject","inLanguage":"en-US","@id":"https:\/\/vitaminai.lt\/#\/schema\/logo\/image\/","url":"https:\/\/vitaminai.lt\/wp-content\/uploads\/2025\/01\/g212.png","contentUrl":"https:\/\/vitaminai.lt\/wp-content\/uploads\/2025\/01\/g212.png","width":313,"height":74,"caption":"Vitaminai ir maisto papildai internetu | Vitaminai.lt"},"image":{"@id":"https:\/\/vitaminai.lt\/#\/schema\/logo\/image\/"},"sameAs":["https:\/\/www.facebook.com\/vitaminai\/"]}]}},"_links":{"self":[{"href":"https:\/\/vitaminai.lt\/en\/wp-json\/wp\/v2\/product\/370","targetHints":{"allow":["GET"]}}],"collection":[{"href":"https:\/\/vitaminai.lt\/en\/wp-json\/wp\/v2\/product"}],"about":[{"href":"https:\/\/vitaminai.lt\/en\/wp-json\/wp\/v2\/types\/product"}],"replies":[{"embeddable":true,"href":"https:\/\/vitaminai.lt\/en\/wp-json\/wp\/v2\/comments?post=370"}],"wp:featuredmedia":[{"embeddable":true,"href":"https:\/\/vitaminai.lt\/en\/wp-json\/wp\/v2\/media\/332"}],"wp:attachment":[{"href":"https:\/\/vitaminai.lt\/en\/wp-json\/wp\/v2\/media?parent=370"}],"wp:term":[{"taxonomy":"product_brand","embeddable":true,"href":"https:\/\/vitaminai.lt\/en\/wp-json\/wp\/v2\/product_brand?post=370"},{"taxonomy":"product_cat","embeddable":true,"href":"https:\/\/vitaminai.lt\/en\/wp-json\/wp\/v2\/product_cat?post=370"},{"taxonomy":"product_tag","embeddable":true,"href":"https:\/\/vitaminai.lt\/en\/wp-json\/wp\/v2\/product_tag?post=370"}],"curies":[{"name":"wp","href":"https:\/\/api.w.org\/{rel}","templated":true}]}}