{"id":371,"date":"2024-08-13T05:38:40","date_gmt":"2024-08-13T05:38:40","guid":{"rendered":"https:\/\/vitaminai.lt\/?post_type=product&#038;p=371"},"modified":"2026-04-08T10:25:18","modified_gmt":"2026-04-08T08:25:18","slug":"selenas-200-%ce%bcg-n90","status":"publish","type":"product","link":"https:\/\/vitaminai.lt\/en\/produktas\/selenas-200-%ce%bcg-n90\/","title":{"rendered":"Stiprios koncentracijos selenas 200 \u03bcg N90"},"content":{"rendered":"<article class=\"text-token-text-primary w-full\" dir=\"auto\" data-testid=\"conversation-turn-244\" data-scroll-anchor=\"true\">\n<div class=\"text-base my-auto mx-auto py-5 [--thread-content-margin:--spacing(4)] @[37rem]:[--thread-content-margin:--spacing(6)] @[72rem]:[--thread-content-margin:--spacing(16)] px-(--thread-content-margin)\">\n<div class=\"[--thread-content-max-width:32rem] @[34rem]:[--thread-content-max-width:40rem] @[64rem]:[--thread-content-max-width:48rem] mx-auto flex max-w-(--thread-content-max-width) flex-1 text-base gap-4 md:gap-5 lg:gap-6 group\/turn-messages focus-visible:outline-hidden\">\n<div class=\"group\/conversation-turn relative flex w-full min-w-0 flex-col agent-turn\">\n<div class=\"relative flex-col gap-1 md:gap-3\">\n<div class=\"flex max-w-full flex-col grow\">\n<div class=\"min-h-8 text-message relative flex w-full flex-col items-end gap-2 text-start break-words whitespace-normal [.text-message+&amp;]:mt-5\" dir=\"auto\" data-message-author-role=\"assistant\" data-message-id=\"ac3928b1-3793-4fa2-9b42-a2bdb2221d39\" data-message-model-slug=\"gpt-4o\">\n<div class=\"flex w-full flex-col gap-1 empty:hidden first:pt-[3px]\">\n<div class=\"markdown prose dark:prose-invert w-full break-words light\">\n<h3 data-start=\"103\" data-end=\"157\"><strong data-start=\"103\" data-end=\"121\">SELENAS 200 \u00b5g<\/strong><\/h3>\n<p data-start=\"103\" data-end=\"157\"><strong data-start=\"124\" data-end=\"157\">Maisto papildas | 90 table\u010di\u0173<\/strong><\/p>\n<p data-start=\"159\" data-end=\"239\"><strong>Mikroelementas imuninei sistemai, skydliauk\u0117s funkcijai ir plauk\u0173 bei nag\u0173 b\u016bklei.<\/strong><\/p>\n<hr \/>\n<p data-start=\"241\" data-end=\"456\"><strong>Selenas<\/strong> padeda palaikyti normali\u0105 imunin\u0117s sistemos veikl\u0105, normali\u0105 skydliauk\u0117s funkcij\u0105,\u00a0spermatogenez\u0119 bei plauk\u0173 ir nag\u0173 b\u016bkl\u0119. Jis taip pat padeda apsaugoti l\u0105steles nuo oksidacin\u0117s pa\u017eaidos.<\/p>\n<hr \/>\n<p><strong>Kod\u0117l verta rinktis Selen\u0105 200 \u00b5g?<\/strong><\/p>\n<p><strong>Antioksidacin\u0117 apsauga<\/strong> \u2013 selenas padeda apsaugoti l\u0105steles nuo oksidacin\u0117s pa\u017eaidos.<\/p>\n<p><strong>Imunin\u0117s sistemos palaikymas<\/strong> \u2013 selenas padeda palaikyti normali\u0105 imunin\u0117s sistemos veikl\u0105.<\/p>\n<p><strong>Skydliauk\u0117s funkcija<\/strong> \u2013 selenas padeda palaikyti normali\u0105 skydliauk\u0117s funkcij\u0105.<\/p>\n<p><strong>Spermatogenez\u0117<\/strong> \u2013 selenas padeda palaikyti normali\u0105 spermatogenez\u0119.<\/p>\n<p><strong>Plauk\u0173 ir nag\u0173 sveikata<\/strong> \u2013 selenas padeda palaikyti normali\u0105 plauk\u0173 ir nag\u0173 b\u016bkl\u0119.<\/p>\n<hr \/>\n<p data-start=\"963\" data-end=\"1194\"><strong>Selenas 200 \u00b5g<\/strong> \u2013 maisto papildas, skirtas papildyti mityb\u0105. Selenas padeda palaikyti normali\u0105 imunin\u0117s sistemos veikl\u0105, normali\u0105 skydliauk\u0117s funkcij\u0105 bei apsaugoti l\u0105steles nuo oksidacin\u0117s pa\u017eaidos.<\/p>\n<\/div>\n<\/div>\n<\/div>\n<\/div>\n<\/div>\n<\/div>\n<\/div>\n<\/div>\n<\/article>\n","protected":false},"excerpt":{"rendered":"<p>SELENAS 200 \u00b5g Maisto papildas | 90 table\u010di\u0173 Mikroelementas imuninei sistemai, skydliauk\u0117s funkcijai ir plauk\u0173 bei nag\u0173 b\u016bklei. Selenas padeda palaikyti normali\u0105 imunin\u0117s sistemos veikl\u0105, normali\u0105 skydliauk\u0117s funkcij\u0105,\u00a0spermatogenez\u0119 bei plauk\u0173 ir nag\u0173 b\u016bkl\u0119. Jis taip pat padeda apsaugoti l\u0105steles nuo oksidacin\u0117s pa\u017eaidos. Kod\u0117l verta rinktis Selen\u0105 200 \u00b5g? Antioksidacin\u0117 apsauga \u2013 selenas padeda apsaugoti l\u0105steles [&hellip;]<\/p>\n","protected":false},"featured_media":333,"comment_status":"open","ping_status":"closed","template":"","meta":[],"product_brand":[],"product_cat":[403,311,260,371,261,314,257,331,259,33,40,243,244,245,246,248,253,20,32,52,55,191,186,61,18,29,23,30,34,62,92],"product_tag":[],"class_list":{"0":"post-371","1":"product","2":"type-product","3":"status-publish","4":"has-post-thumbnail","6":"product_cat-11-viskam","7":"product_cat-antioksidantas","8":"product_cat-imunitetui-privalumai","9":"product_cat-nagams-pagrindines-kategorijos","10":"product_cat-nagams-privalumai","11":"product_cat-plaukams-privalumai","12":"product_cat-privalumai","13":"product_cat-skydliaukei-privalumai","14":"product_cat-vyriskumui-privalumai","15":"product_cat-maisto-papildo-forma","16":"product_cat-tabletes","17":"product_cat-pagrindines-kategorijos","18":"product_cat-moterims","19":"product_cat-vyrams","20":"product_cat-groziui-2","21":"product_cat-imunitetui-pagrindines-kategorijos","22":"product_cat-plaukams-pagrindines-kategorijos","23":"product_cat-paskirtis","24":"product_cat-imunitetui","25":"product_cat-nagams","26":"product_cat-plaukams","27":"product_cat-skydliaukei","28":"product_cat-vyriskumo-palaikymui","29":"product_cat-vyriskumui","30":"product_cat-vartotojas","31":"product_cat-moterys","32":"product_cat-paaugliai","33":"product_cat-vyrai","34":"product_cat-veiklioji-medziaga","35":"product_cat-antioksidantai","36":"product_cat-selenas","38":"first","39":"instock","40":"shipping-taxable","41":"purchasable","42":"product-type-simple"},"yoast_head":"<!-- This site is optimized with the Yoast SEO plugin v26.6 - https:\/\/yoast.com\/wordpress\/plugins\/seo\/ -->\n<title>Stiprios koncentracijos selenas 200 \u03bcg N90 - Vitaminai ir maisto papildai internetu | Vitaminai.lt<\/title>\n<meta name=\"robots\" content=\"index, follow, max-snippet:-1, max-image-preview:large, max-video-preview:-1\" \/>\n<link rel=\"canonical\" href=\"https:\/\/vitaminai.lt\/produktas\/selenas-200-\u03bcg-n90\/\" \/>\n<meta property=\"og:locale\" content=\"en_US\" \/>\n<meta property=\"og:type\" content=\"article\" \/>\n<meta property=\"og:title\" content=\"Stiprios koncentracijos selenas 200 \u03bcg N90 - Vitaminai ir maisto papildai internetu | Vitaminai.lt\" \/>\n<meta property=\"og:description\" content=\"SELENAS 200 \u00b5g Maisto papildas | 90 table\u010di\u0173 Mikroelementas imuninei sistemai, skydliauk\u0117s funkcijai ir plauk\u0173 bei nag\u0173 b\u016bklei. Selenas padeda palaikyti normali\u0105 imunin\u0117s sistemos veikl\u0105, normali\u0105 skydliauk\u0117s funkcij\u0105,\u00a0spermatogenez\u0119 bei plauk\u0173 ir nag\u0173 b\u016bkl\u0119. Jis taip pat padeda apsaugoti l\u0105steles nuo oksidacin\u0117s pa\u017eaidos. Kod\u0117l verta rinktis Selen\u0105 200 \u00b5g? Antioksidacin\u0117 apsauga \u2013 selenas padeda apsaugoti l\u0105steles [&hellip;]\" \/>\n<meta property=\"og:url\" content=\"https:\/\/vitaminai.lt\/produktas\/selenas-200-\u03bcg-n90\/\" \/>\n<meta property=\"og:site_name\" content=\"Vitaminai ir maisto papildai internetu | Vitaminai.lt\" \/>\n<meta property=\"article:publisher\" content=\"https:\/\/www.facebook.com\/vitaminai\/\" \/>\n<meta property=\"article:modified_time\" content=\"2026-04-08T08:25:18+00:00\" \/>\n<meta property=\"og:image\" content=\"https:\/\/vitaminai.lt\/wp-content\/uploads\/2024\/08\/Selenas-200.png\" \/>\n\t<meta property=\"og:image:width\" content=\"3001\" \/>\n\t<meta property=\"og:image:height\" content=\"2928\" \/>\n\t<meta property=\"og:image:type\" content=\"image\/png\" \/>\n<meta name=\"twitter:card\" content=\"summary_large_image\" \/>\n<meta name=\"twitter:label1\" content=\"Est. reading time\" \/>\n\t<meta name=\"twitter:data1\" content=\"1 minute\" \/>\n<script type=\"application\/ld+json\" class=\"yoast-schema-graph\">{\"@context\":\"https:\/\/schema.org\",\"@graph\":[{\"@type\":\"WebPage\",\"@id\":\"https:\/\/vitaminai.lt\/produktas\/selenas-200-%ce%bcg-n90\/\",\"url\":\"https:\/\/vitaminai.lt\/produktas\/selenas-200-%ce%bcg-n90\/\",\"name\":\"Stiprios koncentracijos selenas 200 \u03bcg N90 - Vitaminai ir maisto papildai internetu | Vitaminai.lt\",\"isPartOf\":{\"@id\":\"https:\/\/vitaminai.lt\/#website\"},\"primaryImageOfPage\":{\"@id\":\"https:\/\/vitaminai.lt\/produktas\/selenas-200-%ce%bcg-n90\/#primaryimage\"},\"image\":{\"@id\":\"https:\/\/vitaminai.lt\/produktas\/selenas-200-%ce%bcg-n90\/#primaryimage\"},\"thumbnailUrl\":\"https:\/\/vitaminai.lt\/wp-content\/uploads\/2024\/08\/Selenas-200.png\",\"datePublished\":\"2024-08-13T05:38:40+00:00\",\"dateModified\":\"2026-04-08T08:25:18+00:00\",\"breadcrumb\":{\"@id\":\"https:\/\/vitaminai.lt\/produktas\/selenas-200-%ce%bcg-n90\/#breadcrumb\"},\"inLanguage\":\"en-US\",\"potentialAction\":[{\"@type\":\"ReadAction\",\"target\":[\"https:\/\/vitaminai.lt\/produktas\/selenas-200-%ce%bcg-n90\/\"]}]},{\"@type\":\"ImageObject\",\"inLanguage\":\"en-US\",\"@id\":\"https:\/\/vitaminai.lt\/produktas\/selenas-200-%ce%bcg-n90\/#primaryimage\",\"url\":\"https:\/\/vitaminai.lt\/wp-content\/uploads\/2024\/08\/Selenas-200.png\",\"contentUrl\":\"https:\/\/vitaminai.lt\/wp-content\/uploads\/2024\/08\/Selenas-200.png\",\"width\":3001,\"height\":2928},{\"@type\":\"BreadcrumbList\",\"@id\":\"https:\/\/vitaminai.lt\/produktas\/selenas-200-%ce%bcg-n90\/#breadcrumb\",\"itemListElement\":[{\"@type\":\"ListItem\",\"position\":1,\"name\":\"Home\",\"item\":\"https:\/\/vitaminai.lt\/\"},{\"@type\":\"ListItem\",\"position\":2,\"name\":\"Produktai\",\"item\":\"https:\/\/vitaminai.lt\/produktai\/\"},{\"@type\":\"ListItem\",\"position\":3,\"name\":\"Stiprios koncentracijos selenas 200 \u03bcg N90\"}]},{\"@type\":\"WebSite\",\"@id\":\"https:\/\/vitaminai.lt\/#website\",\"url\":\"https:\/\/vitaminai.lt\/\",\"name\":\"Vitaminai ir maisto papildai internetu | Vitaminai.lt\",\"description\":\"\",\"publisher\":{\"@id\":\"https:\/\/vitaminai.lt\/#organization\"},\"potentialAction\":[{\"@type\":\"SearchAction\",\"target\":{\"@type\":\"EntryPoint\",\"urlTemplate\":\"https:\/\/vitaminai.lt\/?s={search_term_string}\"},\"query-input\":{\"@type\":\"PropertyValueSpecification\",\"valueRequired\":true,\"valueName\":\"search_term_string\"}}],\"inLanguage\":\"en-US\"},{\"@type\":\"Organization\",\"@id\":\"https:\/\/vitaminai.lt\/#organization\",\"name\":\"Vitaminai ir maisto papildai internetu | Vitaminai.lt\",\"url\":\"https:\/\/vitaminai.lt\/\",\"logo\":{\"@type\":\"ImageObject\",\"inLanguage\":\"en-US\",\"@id\":\"https:\/\/vitaminai.lt\/#\/schema\/logo\/image\/\",\"url\":\"https:\/\/vitaminai.lt\/wp-content\/uploads\/2025\/01\/g212.png\",\"contentUrl\":\"https:\/\/vitaminai.lt\/wp-content\/uploads\/2025\/01\/g212.png\",\"width\":313,\"height\":74,\"caption\":\"Vitaminai ir maisto papildai internetu | Vitaminai.lt\"},\"image\":{\"@id\":\"https:\/\/vitaminai.lt\/#\/schema\/logo\/image\/\"},\"sameAs\":[\"https:\/\/www.facebook.com\/vitaminai\/\"]}]}<\/script>\n<!-- \/ Yoast SEO plugin. -->","yoast_head_json":{"title":"Stiprios koncentracijos selenas 200 \u03bcg N90 - Vitaminai ir maisto papildai internetu | Vitaminai.lt","robots":{"index":"index","follow":"follow","max-snippet":"max-snippet:-1","max-image-preview":"max-image-preview:large","max-video-preview":"max-video-preview:-1"},"canonical":"https:\/\/vitaminai.lt\/produktas\/selenas-200-\u03bcg-n90\/","og_locale":"en_US","og_type":"article","og_title":"Stiprios koncentracijos selenas 200 \u03bcg N90 - Vitaminai ir maisto papildai internetu | Vitaminai.lt","og_description":"SELENAS 200 \u00b5g Maisto papildas | 90 table\u010di\u0173 Mikroelementas imuninei sistemai, skydliauk\u0117s funkcijai ir plauk\u0173 bei nag\u0173 b\u016bklei. Selenas padeda palaikyti normali\u0105 imunin\u0117s sistemos veikl\u0105, normali\u0105 skydliauk\u0117s funkcij\u0105,\u00a0spermatogenez\u0119 bei plauk\u0173 ir nag\u0173 b\u016bkl\u0119. Jis taip pat padeda apsaugoti l\u0105steles nuo oksidacin\u0117s pa\u017eaidos. Kod\u0117l verta rinktis Selen\u0105 200 \u00b5g? Antioksidacin\u0117 apsauga \u2013 selenas padeda apsaugoti l\u0105steles [&hellip;]","og_url":"https:\/\/vitaminai.lt\/produktas\/selenas-200-\u03bcg-n90\/","og_site_name":"Vitaminai ir maisto papildai internetu | Vitaminai.lt","article_publisher":"https:\/\/www.facebook.com\/vitaminai\/","article_modified_time":"2026-04-08T08:25:18+00:00","og_image":[{"width":3001,"height":2928,"url":"https:\/\/vitaminai.lt\/wp-content\/uploads\/2024\/08\/Selenas-200.png","type":"image\/png"}],"twitter_card":"summary_large_image","twitter_misc":{"Est. reading time":"1 minute"},"schema":{"@context":"https:\/\/schema.org","@graph":[{"@type":"WebPage","@id":"https:\/\/vitaminai.lt\/produktas\/selenas-200-%ce%bcg-n90\/","url":"https:\/\/vitaminai.lt\/produktas\/selenas-200-%ce%bcg-n90\/","name":"Stiprios koncentracijos selenas 200 \u03bcg N90 - Vitaminai ir maisto papildai internetu | Vitaminai.lt","isPartOf":{"@id":"https:\/\/vitaminai.lt\/#website"},"primaryImageOfPage":{"@id":"https:\/\/vitaminai.lt\/produktas\/selenas-200-%ce%bcg-n90\/#primaryimage"},"image":{"@id":"https:\/\/vitaminai.lt\/produktas\/selenas-200-%ce%bcg-n90\/#primaryimage"},"thumbnailUrl":"https:\/\/vitaminai.lt\/wp-content\/uploads\/2024\/08\/Selenas-200.png","datePublished":"2024-08-13T05:38:40+00:00","dateModified":"2026-04-08T08:25:18+00:00","breadcrumb":{"@id":"https:\/\/vitaminai.lt\/produktas\/selenas-200-%ce%bcg-n90\/#breadcrumb"},"inLanguage":"en-US","potentialAction":[{"@type":"ReadAction","target":["https:\/\/vitaminai.lt\/produktas\/selenas-200-%ce%bcg-n90\/"]}]},{"@type":"ImageObject","inLanguage":"en-US","@id":"https:\/\/vitaminai.lt\/produktas\/selenas-200-%ce%bcg-n90\/#primaryimage","url":"https:\/\/vitaminai.lt\/wp-content\/uploads\/2024\/08\/Selenas-200.png","contentUrl":"https:\/\/vitaminai.lt\/wp-content\/uploads\/2024\/08\/Selenas-200.png","width":3001,"height":2928},{"@type":"BreadcrumbList","@id":"https:\/\/vitaminai.lt\/produktas\/selenas-200-%ce%bcg-n90\/#breadcrumb","itemListElement":[{"@type":"ListItem","position":1,"name":"Home","item":"https:\/\/vitaminai.lt\/"},{"@type":"ListItem","position":2,"name":"Produktai","item":"https:\/\/vitaminai.lt\/produktai\/"},{"@type":"ListItem","position":3,"name":"Stiprios koncentracijos selenas 200 \u03bcg N90"}]},{"@type":"WebSite","@id":"https:\/\/vitaminai.lt\/#website","url":"https:\/\/vitaminai.lt\/","name":"Vitaminai ir maisto papildai internetu | Vitaminai.lt","description":"","publisher":{"@id":"https:\/\/vitaminai.lt\/#organization"},"potentialAction":[{"@type":"SearchAction","target":{"@type":"EntryPoint","urlTemplate":"https:\/\/vitaminai.lt\/?s={search_term_string}"},"query-input":{"@type":"PropertyValueSpecification","valueRequired":true,"valueName":"search_term_string"}}],"inLanguage":"en-US"},{"@type":"Organization","@id":"https:\/\/vitaminai.lt\/#organization","name":"Vitaminai ir maisto papildai internetu | Vitaminai.lt","url":"https:\/\/vitaminai.lt\/","logo":{"@type":"ImageObject","inLanguage":"en-US","@id":"https:\/\/vitaminai.lt\/#\/schema\/logo\/image\/","url":"https:\/\/vitaminai.lt\/wp-content\/uploads\/2025\/01\/g212.png","contentUrl":"https:\/\/vitaminai.lt\/wp-content\/uploads\/2025\/01\/g212.png","width":313,"height":74,"caption":"Vitaminai ir maisto papildai internetu | Vitaminai.lt"},"image":{"@id":"https:\/\/vitaminai.lt\/#\/schema\/logo\/image\/"},"sameAs":["https:\/\/www.facebook.com\/vitaminai\/"]}]}},"_links":{"self":[{"href":"https:\/\/vitaminai.lt\/en\/wp-json\/wp\/v2\/product\/371","targetHints":{"allow":["GET"]}}],"collection":[{"href":"https:\/\/vitaminai.lt\/en\/wp-json\/wp\/v2\/product"}],"about":[{"href":"https:\/\/vitaminai.lt\/en\/wp-json\/wp\/v2\/types\/product"}],"replies":[{"embeddable":true,"href":"https:\/\/vitaminai.lt\/en\/wp-json\/wp\/v2\/comments?post=371"}],"wp:featuredmedia":[{"embeddable":true,"href":"https:\/\/vitaminai.lt\/en\/wp-json\/wp\/v2\/media\/333"}],"wp:attachment":[{"href":"https:\/\/vitaminai.lt\/en\/wp-json\/wp\/v2\/media?parent=371"}],"wp:term":[{"taxonomy":"product_brand","embeddable":true,"href":"https:\/\/vitaminai.lt\/en\/wp-json\/wp\/v2\/product_brand?post=371"},{"taxonomy":"product_cat","embeddable":true,"href":"https:\/\/vitaminai.lt\/en\/wp-json\/wp\/v2\/product_cat?post=371"},{"taxonomy":"product_tag","embeddable":true,"href":"https:\/\/vitaminai.lt\/en\/wp-json\/wp\/v2\/product_tag?post=371"}],"curies":[{"name":"wp","href":"https:\/\/api.w.org\/{rel}","templated":true}]}}