{"id":372,"date":"2024-08-13T05:39:18","date_gmt":"2024-08-13T05:39:18","guid":{"rendered":"https:\/\/vitaminai.lt\/?post_type=product&#038;p=372"},"modified":"2026-02-18T15:11:09","modified_gmt":"2026-02-18T13:11:09","slug":"vitaminai-d3k2-n60","status":"publish","type":"product","link":"https:\/\/vitaminai.lt\/en\/produktas\/vitaminai-d3k2-n60\/","title":{"rendered":"Vitamin\u0173 kompleksas D3+K2 N60"},"content":{"rendered":"<h3 data-start=\"84\" data-end=\"149\"><strong data-start=\"84\" data-end=\"105\">VITAMINAI D3 + K2<\/strong><\/h3>\n<p data-start=\"84\" data-end=\"149\"><strong data-start=\"108\" data-end=\"149\">Maisto papildas | 60 mink\u0161t\u0173 kapsuli\u0173<\/strong><\/p>\n<hr \/>\n<p data-start=\"2089\" data-end=\"2240\"><strong data-start=\"2089\" data-end=\"2110\">Vitaminai D3 + K2<\/strong> \u2013 tai maisto papildas, kurio sud\u0117tyje esantys vitaminai papildo vienas kit\u0105 ir yra svarb\u016bs normaliai organizmo veiklai palaikyti.<\/p>\n<hr \/>\n<p data-start=\"2242\" data-end=\"2284\"><strong>Vitaminas D padeda palaikyti normali\u0105:<\/strong><\/p>\n<p data-start=\"2287\" data-end=\"2314\">imunin\u0117s sistemos veikl\u0105;<\/p>\n<p data-start=\"2317\" data-end=\"2331\">kaul\u0173 b\u016bkl\u0119;<\/p>\n<p data-start=\"2334\" data-end=\"2350\">raumen\u0173 b\u016bkl\u0119;<\/p>\n<p data-start=\"2353\" data-end=\"2367\">dant\u0173 b\u016bkl\u0119;<\/p>\n<p data-start=\"2370\" data-end=\"2402\">kalcio koncentracij\u0105 kraujyje;<\/p>\n<p data-start=\"2405\" data-end=\"2458\">kalcio ir fosforo absorbcij\u0105 ir (arba) \u012fsisavinim\u0105.<\/p>\n<p data-start=\"2460\" data-end=\"2536\">Vitaminas D taip pat atlieka tam tikr\u0105 funkcij\u0105 l\u0105steli\u0173 dalijimosi procese.<\/p>\n<p data-start=\"2538\" data-end=\"2554\"><strong>Vitaminas K:<\/strong><\/p>\n<p data-start=\"2557\" data-end=\"2601\">padeda palaikyti normal\u0173 kraujo kre\u0161\u0117jim\u0105;<\/p>\n<p data-start=\"2604\" data-end=\"2644\">padeda palaikyti normali\u0105 kaul\u0173 b\u016bkl\u0119.<\/p>\n<hr \/>\n<p data-start=\"2646\" data-end=\"2823\"><strong data-start=\"2646\" data-end=\"2667\">Vitaminai D3 + K2<\/strong> \u2013 kasdien\u0117s mitybos papildymas \u017emon\u0117ms, siekiantiems palaikyti normali\u0105 kaul\u0173 b\u016bkl\u0119, kalcio apykait\u0105, imunin\u0117s sistemos veikl\u0105 ir normal\u0173 kraujo kre\u0161\u0117jim\u0105.<\/p>\n","protected":false},"excerpt":{"rendered":"<p>VITAMINAI D3 + K2 Maisto papildas | 60 mink\u0161t\u0173 kapsuli\u0173 Vitaminai D3 + K2 \u2013 tai maisto papildas, kurio sud\u0117tyje esantys vitaminai papildo vienas kit\u0105 ir yra svarb\u016bs normaliai organizmo veiklai palaikyti. Vitaminas D padeda palaikyti normali\u0105: imunin\u0117s sistemos veikl\u0105; kaul\u0173 b\u016bkl\u0119; raumen\u0173 b\u016bkl\u0119; dant\u0173 b\u016bkl\u0119; kalcio koncentracij\u0105 kraujyje; kalcio ir fosforo absorbcij\u0105 ir (arba) [&hellip;]<\/p>\n","protected":false},"featured_media":335,"comment_status":"open","ping_status":"closed","template":"","meta":[],"product_brand":[],"product_cat":[403,319,260,332,317,301,375,257,306,377,33,37,39,243,244,245,248,20,179,26,32,48,156,56,18,29,23,31,30,34,97,99],"product_tag":[],"class_list":{"0":"post-372","1":"product","2":"type-product","3":"status-publish","4":"has-post-thumbnail","6":"product_cat-11-viskam","7":"product_cat-dantims-privalumai","8":"product_cat-imunitetui-privalumai","9":"product_cat-kalcio-apykaitai","10":"product_cat-kaulams-privalumai","11":"product_cat-kraujagyslems-privalumai","12":"product_cat-menesio-prekes","13":"product_cat-privalumai","14":"product_cat-raumenims-privalumai","15":"product_cat-savaites-top-pasiulymai","16":"product_cat-maisto-papildo-forma","17":"product_cat-kapsules","18":"product_cat-minkstos-kapsules","19":"product_cat-pagrindines-kategorijos","20":"product_cat-moterims","21":"product_cat-vyrams","22":"product_cat-imunitetui-pagrindines-kategorijos","23":"product_cat-paskirtis","24":"product_cat-dantims","25":"product_cat-energijai","26":"product_cat-imunitetui","27":"product_cat-kaulams","28":"product_cat-kraujagyslems","29":"product_cat-raumenims","30":"product_cat-vartotojas","31":"product_cat-moterys","32":"product_cat-paaugliai","33":"product_cat-senjorai","34":"product_cat-vyrai","35":"product_cat-veiklioji-medziaga","36":"product_cat-vitaminas-d","37":"product_cat-vitaminas-k","39":"first","40":"outofstock","41":"shipping-taxable","42":"purchasable","43":"product-type-simple"},"yoast_head":"<!-- This site is optimized with the Yoast SEO plugin v26.6 - https:\/\/yoast.com\/wordpress\/plugins\/seo\/ -->\n<title>Vitamin\u0173 kompleksas D3+K2 N60 - Vitaminai ir maisto papildai internetu | Vitaminai.lt<\/title>\n<meta name=\"robots\" content=\"index, follow, max-snippet:-1, max-image-preview:large, max-video-preview:-1\" \/>\n<link rel=\"canonical\" href=\"https:\/\/vitaminai.lt\/produktas\/vitaminai-d3k2-n60\/\" \/>\n<meta property=\"og:locale\" content=\"en_US\" \/>\n<meta property=\"og:type\" content=\"article\" \/>\n<meta property=\"og:title\" content=\"Vitamin\u0173 kompleksas D3+K2 N60 - Vitaminai ir maisto papildai internetu | Vitaminai.lt\" \/>\n<meta property=\"og:description\" content=\"VITAMINAI D3 + K2 Maisto papildas | 60 mink\u0161t\u0173 kapsuli\u0173 Vitaminai D3 + K2 \u2013 tai maisto papildas, kurio sud\u0117tyje esantys vitaminai papildo vienas kit\u0105 ir yra svarb\u016bs normaliai organizmo veiklai palaikyti. Vitaminas D padeda palaikyti normali\u0105: imunin\u0117s sistemos veikl\u0105; kaul\u0173 b\u016bkl\u0119; raumen\u0173 b\u016bkl\u0119; dant\u0173 b\u016bkl\u0119; kalcio koncentracij\u0105 kraujyje; kalcio ir fosforo absorbcij\u0105 ir (arba) [&hellip;]\" \/>\n<meta property=\"og:url\" content=\"https:\/\/vitaminai.lt\/produktas\/vitaminai-d3k2-n60\/\" \/>\n<meta property=\"og:site_name\" content=\"Vitaminai ir maisto papildai internetu | Vitaminai.lt\" \/>\n<meta property=\"article:publisher\" content=\"https:\/\/www.facebook.com\/vitaminai\/\" \/>\n<meta property=\"article:modified_time\" content=\"2026-02-18T13:11:09+00:00\" \/>\n<meta property=\"og:image\" content=\"https:\/\/vitaminai.lt\/wp-content\/uploads\/2024\/08\/Vitaminai-D3_K2.png\" \/>\n\t<meta property=\"og:image:width\" content=\"3001\" \/>\n\t<meta property=\"og:image:height\" content=\"2928\" \/>\n\t<meta property=\"og:image:type\" content=\"image\/png\" \/>\n<meta name=\"twitter:card\" content=\"summary_large_image\" \/>\n<meta name=\"twitter:label1\" content=\"Est. reading time\" \/>\n\t<meta name=\"twitter:data1\" content=\"1 minute\" \/>\n<script type=\"application\/ld+json\" class=\"yoast-schema-graph\">{\"@context\":\"https:\/\/schema.org\",\"@graph\":[{\"@type\":\"WebPage\",\"@id\":\"https:\/\/vitaminai.lt\/produktas\/vitaminai-d3k2-n60\/\",\"url\":\"https:\/\/vitaminai.lt\/produktas\/vitaminai-d3k2-n60\/\",\"name\":\"Vitamin\u0173 kompleksas D3+K2 N60 - Vitaminai ir maisto papildai internetu | Vitaminai.lt\",\"isPartOf\":{\"@id\":\"https:\/\/vitaminai.lt\/#website\"},\"primaryImageOfPage\":{\"@id\":\"https:\/\/vitaminai.lt\/produktas\/vitaminai-d3k2-n60\/#primaryimage\"},\"image\":{\"@id\":\"https:\/\/vitaminai.lt\/produktas\/vitaminai-d3k2-n60\/#primaryimage\"},\"thumbnailUrl\":\"https:\/\/vitaminai.lt\/wp-content\/uploads\/2024\/08\/Vitaminai-D3_K2.png\",\"datePublished\":\"2024-08-13T05:39:18+00:00\",\"dateModified\":\"2026-02-18T13:11:09+00:00\",\"breadcrumb\":{\"@id\":\"https:\/\/vitaminai.lt\/produktas\/vitaminai-d3k2-n60\/#breadcrumb\"},\"inLanguage\":\"en-US\",\"potentialAction\":[{\"@type\":\"ReadAction\",\"target\":[\"https:\/\/vitaminai.lt\/produktas\/vitaminai-d3k2-n60\/\"]}]},{\"@type\":\"ImageObject\",\"inLanguage\":\"en-US\",\"@id\":\"https:\/\/vitaminai.lt\/produktas\/vitaminai-d3k2-n60\/#primaryimage\",\"url\":\"https:\/\/vitaminai.lt\/wp-content\/uploads\/2024\/08\/Vitaminai-D3_K2.png\",\"contentUrl\":\"https:\/\/vitaminai.lt\/wp-content\/uploads\/2024\/08\/Vitaminai-D3_K2.png\",\"width\":3001,\"height\":2928},{\"@type\":\"BreadcrumbList\",\"@id\":\"https:\/\/vitaminai.lt\/produktas\/vitaminai-d3k2-n60\/#breadcrumb\",\"itemListElement\":[{\"@type\":\"ListItem\",\"position\":1,\"name\":\"Home\",\"item\":\"https:\/\/vitaminai.lt\/\"},{\"@type\":\"ListItem\",\"position\":2,\"name\":\"Produktai\",\"item\":\"https:\/\/vitaminai.lt\/produktai\/\"},{\"@type\":\"ListItem\",\"position\":3,\"name\":\"Vitamin\u0173 kompleksas D3+K2 N60\"}]},{\"@type\":\"WebSite\",\"@id\":\"https:\/\/vitaminai.lt\/#website\",\"url\":\"https:\/\/vitaminai.lt\/\",\"name\":\"Vitaminai ir maisto papildai internetu | Vitaminai.lt\",\"description\":\"\",\"publisher\":{\"@id\":\"https:\/\/vitaminai.lt\/#organization\"},\"potentialAction\":[{\"@type\":\"SearchAction\",\"target\":{\"@type\":\"EntryPoint\",\"urlTemplate\":\"https:\/\/vitaminai.lt\/?s={search_term_string}\"},\"query-input\":{\"@type\":\"PropertyValueSpecification\",\"valueRequired\":true,\"valueName\":\"search_term_string\"}}],\"inLanguage\":\"en-US\"},{\"@type\":\"Organization\",\"@id\":\"https:\/\/vitaminai.lt\/#organization\",\"name\":\"Vitaminai ir maisto papildai internetu | Vitaminai.lt\",\"url\":\"https:\/\/vitaminai.lt\/\",\"logo\":{\"@type\":\"ImageObject\",\"inLanguage\":\"en-US\",\"@id\":\"https:\/\/vitaminai.lt\/#\/schema\/logo\/image\/\",\"url\":\"https:\/\/vitaminai.lt\/wp-content\/uploads\/2025\/01\/g212.png\",\"contentUrl\":\"https:\/\/vitaminai.lt\/wp-content\/uploads\/2025\/01\/g212.png\",\"width\":313,\"height\":74,\"caption\":\"Vitaminai ir maisto papildai internetu | Vitaminai.lt\"},\"image\":{\"@id\":\"https:\/\/vitaminai.lt\/#\/schema\/logo\/image\/\"},\"sameAs\":[\"https:\/\/www.facebook.com\/vitaminai\/\"]}]}<\/script>\n<!-- \/ Yoast SEO plugin. -->","yoast_head_json":{"title":"Vitamin\u0173 kompleksas D3+K2 N60 - Vitaminai ir maisto papildai internetu | Vitaminai.lt","robots":{"index":"index","follow":"follow","max-snippet":"max-snippet:-1","max-image-preview":"max-image-preview:large","max-video-preview":"max-video-preview:-1"},"canonical":"https:\/\/vitaminai.lt\/produktas\/vitaminai-d3k2-n60\/","og_locale":"en_US","og_type":"article","og_title":"Vitamin\u0173 kompleksas D3+K2 N60 - Vitaminai ir maisto papildai internetu | Vitaminai.lt","og_description":"VITAMINAI D3 + K2 Maisto papildas | 60 mink\u0161t\u0173 kapsuli\u0173 Vitaminai D3 + K2 \u2013 tai maisto papildas, kurio sud\u0117tyje esantys vitaminai papildo vienas kit\u0105 ir yra svarb\u016bs normaliai organizmo veiklai palaikyti. Vitaminas D padeda palaikyti normali\u0105: imunin\u0117s sistemos veikl\u0105; kaul\u0173 b\u016bkl\u0119; raumen\u0173 b\u016bkl\u0119; dant\u0173 b\u016bkl\u0119; kalcio koncentracij\u0105 kraujyje; kalcio ir fosforo absorbcij\u0105 ir (arba) [&hellip;]","og_url":"https:\/\/vitaminai.lt\/produktas\/vitaminai-d3k2-n60\/","og_site_name":"Vitaminai ir maisto papildai internetu | Vitaminai.lt","article_publisher":"https:\/\/www.facebook.com\/vitaminai\/","article_modified_time":"2026-02-18T13:11:09+00:00","og_image":[{"width":3001,"height":2928,"url":"https:\/\/vitaminai.lt\/wp-content\/uploads\/2024\/08\/Vitaminai-D3_K2.png","type":"image\/png"}],"twitter_card":"summary_large_image","twitter_misc":{"Est. reading time":"1 minute"},"schema":{"@context":"https:\/\/schema.org","@graph":[{"@type":"WebPage","@id":"https:\/\/vitaminai.lt\/produktas\/vitaminai-d3k2-n60\/","url":"https:\/\/vitaminai.lt\/produktas\/vitaminai-d3k2-n60\/","name":"Vitamin\u0173 kompleksas D3+K2 N60 - Vitaminai ir maisto papildai internetu | Vitaminai.lt","isPartOf":{"@id":"https:\/\/vitaminai.lt\/#website"},"primaryImageOfPage":{"@id":"https:\/\/vitaminai.lt\/produktas\/vitaminai-d3k2-n60\/#primaryimage"},"image":{"@id":"https:\/\/vitaminai.lt\/produktas\/vitaminai-d3k2-n60\/#primaryimage"},"thumbnailUrl":"https:\/\/vitaminai.lt\/wp-content\/uploads\/2024\/08\/Vitaminai-D3_K2.png","datePublished":"2024-08-13T05:39:18+00:00","dateModified":"2026-02-18T13:11:09+00:00","breadcrumb":{"@id":"https:\/\/vitaminai.lt\/produktas\/vitaminai-d3k2-n60\/#breadcrumb"},"inLanguage":"en-US","potentialAction":[{"@type":"ReadAction","target":["https:\/\/vitaminai.lt\/produktas\/vitaminai-d3k2-n60\/"]}]},{"@type":"ImageObject","inLanguage":"en-US","@id":"https:\/\/vitaminai.lt\/produktas\/vitaminai-d3k2-n60\/#primaryimage","url":"https:\/\/vitaminai.lt\/wp-content\/uploads\/2024\/08\/Vitaminai-D3_K2.png","contentUrl":"https:\/\/vitaminai.lt\/wp-content\/uploads\/2024\/08\/Vitaminai-D3_K2.png","width":3001,"height":2928},{"@type":"BreadcrumbList","@id":"https:\/\/vitaminai.lt\/produktas\/vitaminai-d3k2-n60\/#breadcrumb","itemListElement":[{"@type":"ListItem","position":1,"name":"Home","item":"https:\/\/vitaminai.lt\/"},{"@type":"ListItem","position":2,"name":"Produktai","item":"https:\/\/vitaminai.lt\/produktai\/"},{"@type":"ListItem","position":3,"name":"Vitamin\u0173 kompleksas D3+K2 N60"}]},{"@type":"WebSite","@id":"https:\/\/vitaminai.lt\/#website","url":"https:\/\/vitaminai.lt\/","name":"Vitaminai ir maisto papildai internetu | Vitaminai.lt","description":"","publisher":{"@id":"https:\/\/vitaminai.lt\/#organization"},"potentialAction":[{"@type":"SearchAction","target":{"@type":"EntryPoint","urlTemplate":"https:\/\/vitaminai.lt\/?s={search_term_string}"},"query-input":{"@type":"PropertyValueSpecification","valueRequired":true,"valueName":"search_term_string"}}],"inLanguage":"en-US"},{"@type":"Organization","@id":"https:\/\/vitaminai.lt\/#organization","name":"Vitaminai ir maisto papildai internetu | Vitaminai.lt","url":"https:\/\/vitaminai.lt\/","logo":{"@type":"ImageObject","inLanguage":"en-US","@id":"https:\/\/vitaminai.lt\/#\/schema\/logo\/image\/","url":"https:\/\/vitaminai.lt\/wp-content\/uploads\/2025\/01\/g212.png","contentUrl":"https:\/\/vitaminai.lt\/wp-content\/uploads\/2025\/01\/g212.png","width":313,"height":74,"caption":"Vitaminai ir maisto papildai internetu | Vitaminai.lt"},"image":{"@id":"https:\/\/vitaminai.lt\/#\/schema\/logo\/image\/"},"sameAs":["https:\/\/www.facebook.com\/vitaminai\/"]}]}},"_links":{"self":[{"href":"https:\/\/vitaminai.lt\/en\/wp-json\/wp\/v2\/product\/372","targetHints":{"allow":["GET"]}}],"collection":[{"href":"https:\/\/vitaminai.lt\/en\/wp-json\/wp\/v2\/product"}],"about":[{"href":"https:\/\/vitaminai.lt\/en\/wp-json\/wp\/v2\/types\/product"}],"replies":[{"embeddable":true,"href":"https:\/\/vitaminai.lt\/en\/wp-json\/wp\/v2\/comments?post=372"}],"wp:featuredmedia":[{"embeddable":true,"href":"https:\/\/vitaminai.lt\/en\/wp-json\/wp\/v2\/media\/335"}],"wp:attachment":[{"href":"https:\/\/vitaminai.lt\/en\/wp-json\/wp\/v2\/media?parent=372"}],"wp:term":[{"taxonomy":"product_brand","embeddable":true,"href":"https:\/\/vitaminai.lt\/en\/wp-json\/wp\/v2\/product_brand?post=372"},{"taxonomy":"product_cat","embeddable":true,"href":"https:\/\/vitaminai.lt\/en\/wp-json\/wp\/v2\/product_cat?post=372"},{"taxonomy":"product_tag","embeddable":true,"href":"https:\/\/vitaminai.lt\/en\/wp-json\/wp\/v2\/product_tag?post=372"}],"curies":[{"name":"wp","href":"https:\/\/api.w.org\/{rel}","templated":true}]}}