{"id":373,"date":"2024-08-13T05:40:25","date_gmt":"2024-08-13T05:40:25","guid":{"rendered":"https:\/\/vitaminai.lt\/?post_type=product&#038;p=373"},"modified":"2026-04-08T10:25:17","modified_gmt":"2026-04-08T08:25:17","slug":"vitaminas-d3-4000-tv-n90","status":"publish","type":"product","link":"https:\/\/vitaminai.lt\/en\/produktas\/vitaminas-d3-4000-tv-n90\/","title":{"rendered":"Vitaminas D3 su alyvuogi\u0173 aliejumi 4000 TV N90"},"content":{"rendered":"<h3 data-start=\"101\" data-end=\"199\"><strong data-start=\"101\" data-end=\"147\">VITAMINAS D3 SU ALYVUOGI\u0172 ALIEJUMI 4000 TV<\/strong><\/h3>\n<p data-start=\"101\" data-end=\"199\"><strong data-start=\"150\" data-end=\"199\">Maisto papildas | 90 mink\u0161t\u0173 kapsuli\u0173<\/strong><\/p>\n<hr \/>\n<p data-start=\"1267\" data-end=\"1368\"><strong>Vitaminas D3 4000 TV<\/strong> \u2013 tai maisto papildas su vitaminu D ir alyvuogi\u0173 aliejumi, skirtas kasdien\u0117s mitybos papildymui. Vitaminas D yra riebaluose tirpus vitaminas, tod\u0117l alyvuogi\u0173 aliejus parinktas kaip <strong data-start=\"544\" data-end=\"561\">tinkama terp\u0117<\/strong> \u0161io vitamino vartojimui kasdien\u0117je mityboje.<\/p>\n<hr \/>\n<p data-start=\"1817\" data-end=\"1859\"><strong data-start=\"1817\" data-end=\"1859\">Vitaminas D padeda palaikyti normali\u0105:<\/strong><\/p>\n<p data-start=\"1862\" data-end=\"1889\">imunin\u0117s sistemos veikl\u0105;<\/p>\n<p data-start=\"1892\" data-end=\"1915\">dant\u0173 ir kaul\u0173 b\u016bkl\u0119;<\/p>\n<p data-start=\"1918\" data-end=\"1937\">raumen\u0173 funkcij\u0105;<\/p>\n<p data-start=\"1940\" data-end=\"1993\">kalcio ir fosforo absorbcij\u0105 ir (arba) \u012fsisavinim\u0105;<\/p>\n<p data-start=\"1996\" data-end=\"2028\">kalcio koncentracij\u0105 kraujyje.<\/p>\n<p data-start=\"2030\" data-end=\"2106\">Vitaminas D taip pat atlieka tam tikr\u0105 funkcij\u0105 l\u0105steli\u0173 dalijimosi procese.<\/p>\n<hr \/>\n<p data-start=\"2231\" data-end=\"2323\">\u0160is produktas sukurtas patogiam kasdieniam vartojimui ir skirtas suaugusiesiems, kurie nori papildyti kasdien\u0119 mityb\u0105 <strong>didesne doze vitamino D<\/strong><\/p>\n","protected":false},"excerpt":{"rendered":"<p>VITAMINAS D3 SU ALYVUOGI\u0172 ALIEJUMI 4000 TV Maisto papildas | 90 mink\u0161t\u0173 kapsuli\u0173 Vitaminas D3 4000 TV \u2013 tai maisto papildas su vitaminu D ir alyvuogi\u0173 aliejumi, skirtas kasdien\u0117s mitybos papildymui. Vitaminas D yra riebaluose tirpus vitaminas, tod\u0117l alyvuogi\u0173 aliejus parinktas kaip tinkama terp\u0117 \u0161io vitamino vartojimui kasdien\u0117je mityboje. Vitaminas D padeda palaikyti normali\u0105: imunin\u0117s [&hellip;]<\/p>\n","protected":false},"featured_media":337,"comment_status":"open","ping_status":"closed","template":"","meta":[],"product_brand":[],"product_cat":[403,254,319,334,272,333,317,376,257,318,33,37,39,243,244,245,247,248,251,20,44,175,179,32,48,171,56,18,29,23,31,19,30,34,97],"product_tag":[],"class_list":{"0":"post-373","1":"product","2":"type-product","3":"status-publish","4":"has-post-thumbnail","6":"product_cat-11-viskam","7":"product_cat-akcijos","8":"product_cat-dantims-privalumai","9":"product_cat-fosforo-isisavinimui","10":"product_cat-imuninei-sistemai","11":"product_cat-kalcio-isisavinimui","12":"product_cat-kaulams-privalumai","13":"product_cat-populiariausi-produktai","14":"product_cat-privalumai","15":"product_cat-raumenims-privalumai-2","16":"product_cat-maisto-papildo-forma","17":"product_cat-kapsules","18":"product_cat-minkstos-kapsules","19":"product_cat-pagrindines-kategorijos","20":"product_cat-moterims","21":"product_cat-vyrams","22":"product_cat-energijai-pagrindines-kategorijos","23":"product_cat-imunitetui-pagrindines-kategorijos","24":"product_cat-vaikams","25":"product_cat-paskirtis","26":"product_cat-augimui","27":"product_cat-brendimui","28":"product_cat-dantims","29":"product_cat-imunitetui","30":"product_cat-kaulams","31":"product_cat-nuovargio-mazinimui","32":"product_cat-raumenims","33":"product_cat-vartotojas","34":"product_cat-moterys","35":"product_cat-paaugliai","36":"product_cat-senjorai","37":"product_cat-vaikai","38":"product_cat-vyrai","39":"product_cat-veiklioji-medziaga","40":"product_cat-vitaminas-d","42":"first","43":"instock","44":"sale","45":"shipping-taxable","46":"purchasable","47":"product-type-simple"},"yoast_head":"<!-- This site is optimized with the Yoast SEO plugin v26.6 - https:\/\/yoast.com\/wordpress\/plugins\/seo\/ -->\n<title>Vitaminas D3 su alyvuogi\u0173 aliejumi 4000 TV N90 - Vitaminai ir maisto papildai internetu | Vitaminai.lt<\/title>\n<meta name=\"robots\" content=\"index, follow, max-snippet:-1, max-image-preview:large, max-video-preview:-1\" \/>\n<link rel=\"canonical\" href=\"https:\/\/vitaminai.lt\/produktas\/vitaminas-d3-4000-tv-n90\/\" \/>\n<meta property=\"og:locale\" content=\"en_US\" \/>\n<meta property=\"og:type\" content=\"article\" \/>\n<meta property=\"og:title\" content=\"Vitaminas D3 su alyvuogi\u0173 aliejumi 4000 TV N90 - Vitaminai ir maisto papildai internetu | Vitaminai.lt\" \/>\n<meta property=\"og:description\" content=\"VITAMINAS D3 SU ALYVUOGI\u0172 ALIEJUMI 4000 TV Maisto papildas | 90 mink\u0161t\u0173 kapsuli\u0173 Vitaminas D3 4000 TV \u2013 tai maisto papildas su vitaminu D ir alyvuogi\u0173 aliejumi, skirtas kasdien\u0117s mitybos papildymui. Vitaminas D yra riebaluose tirpus vitaminas, tod\u0117l alyvuogi\u0173 aliejus parinktas kaip tinkama terp\u0117 \u0161io vitamino vartojimui kasdien\u0117je mityboje. Vitaminas D padeda palaikyti normali\u0105: imunin\u0117s [&hellip;]\" \/>\n<meta property=\"og:url\" content=\"https:\/\/vitaminai.lt\/produktas\/vitaminas-d3-4000-tv-n90\/\" \/>\n<meta property=\"og:site_name\" content=\"Vitaminai ir maisto papildai internetu | Vitaminai.lt\" \/>\n<meta property=\"article:publisher\" content=\"https:\/\/www.facebook.com\/vitaminai\/\" \/>\n<meta property=\"article:modified_time\" content=\"2026-04-08T08:25:17+00:00\" \/>\n<meta property=\"og:image\" content=\"https:\/\/vitaminai.lt\/wp-content\/uploads\/2024\/08\/Vitaminas-D3-4000.png\" \/>\n\t<meta property=\"og:image:width\" content=\"3001\" \/>\n\t<meta property=\"og:image:height\" content=\"2928\" \/>\n\t<meta property=\"og:image:type\" content=\"image\/png\" \/>\n<meta name=\"twitter:card\" content=\"summary_large_image\" \/>\n<meta name=\"twitter:label1\" content=\"Est. reading time\" \/>\n\t<meta name=\"twitter:data1\" content=\"1 minute\" \/>\n<script type=\"application\/ld+json\" class=\"yoast-schema-graph\">{\"@context\":\"https:\/\/schema.org\",\"@graph\":[{\"@type\":\"WebPage\",\"@id\":\"https:\/\/vitaminai.lt\/produktas\/vitaminas-d3-4000-tv-n90\/\",\"url\":\"https:\/\/vitaminai.lt\/produktas\/vitaminas-d3-4000-tv-n90\/\",\"name\":\"Vitaminas D3 su alyvuogi\u0173 aliejumi 4000 TV N90 - Vitaminai ir maisto papildai internetu | Vitaminai.lt\",\"isPartOf\":{\"@id\":\"https:\/\/vitaminai.lt\/#website\"},\"primaryImageOfPage\":{\"@id\":\"https:\/\/vitaminai.lt\/produktas\/vitaminas-d3-4000-tv-n90\/#primaryimage\"},\"image\":{\"@id\":\"https:\/\/vitaminai.lt\/produktas\/vitaminas-d3-4000-tv-n90\/#primaryimage\"},\"thumbnailUrl\":\"https:\/\/vitaminai.lt\/wp-content\/uploads\/2024\/08\/Vitaminas-D3-4000.png\",\"datePublished\":\"2024-08-13T05:40:25+00:00\",\"dateModified\":\"2026-04-08T08:25:17+00:00\",\"breadcrumb\":{\"@id\":\"https:\/\/vitaminai.lt\/produktas\/vitaminas-d3-4000-tv-n90\/#breadcrumb\"},\"inLanguage\":\"en-US\",\"potentialAction\":[{\"@type\":\"ReadAction\",\"target\":[\"https:\/\/vitaminai.lt\/produktas\/vitaminas-d3-4000-tv-n90\/\"]}]},{\"@type\":\"ImageObject\",\"inLanguage\":\"en-US\",\"@id\":\"https:\/\/vitaminai.lt\/produktas\/vitaminas-d3-4000-tv-n90\/#primaryimage\",\"url\":\"https:\/\/vitaminai.lt\/wp-content\/uploads\/2024\/08\/Vitaminas-D3-4000.png\",\"contentUrl\":\"https:\/\/vitaminai.lt\/wp-content\/uploads\/2024\/08\/Vitaminas-D3-4000.png\",\"width\":3001,\"height\":2928},{\"@type\":\"BreadcrumbList\",\"@id\":\"https:\/\/vitaminai.lt\/produktas\/vitaminas-d3-4000-tv-n90\/#breadcrumb\",\"itemListElement\":[{\"@type\":\"ListItem\",\"position\":1,\"name\":\"Home\",\"item\":\"https:\/\/vitaminai.lt\/\"},{\"@type\":\"ListItem\",\"position\":2,\"name\":\"Produktai\",\"item\":\"https:\/\/vitaminai.lt\/produktai\/\"},{\"@type\":\"ListItem\",\"position\":3,\"name\":\"Vitaminas D3 su alyvuogi\u0173 aliejumi 4000 TV N90\"}]},{\"@type\":\"WebSite\",\"@id\":\"https:\/\/vitaminai.lt\/#website\",\"url\":\"https:\/\/vitaminai.lt\/\",\"name\":\"Vitaminai ir maisto papildai internetu | Vitaminai.lt\",\"description\":\"\",\"publisher\":{\"@id\":\"https:\/\/vitaminai.lt\/#organization\"},\"potentialAction\":[{\"@type\":\"SearchAction\",\"target\":{\"@type\":\"EntryPoint\",\"urlTemplate\":\"https:\/\/vitaminai.lt\/?s={search_term_string}\"},\"query-input\":{\"@type\":\"PropertyValueSpecification\",\"valueRequired\":true,\"valueName\":\"search_term_string\"}}],\"inLanguage\":\"en-US\"},{\"@type\":\"Organization\",\"@id\":\"https:\/\/vitaminai.lt\/#organization\",\"name\":\"Vitaminai ir maisto papildai internetu | Vitaminai.lt\",\"url\":\"https:\/\/vitaminai.lt\/\",\"logo\":{\"@type\":\"ImageObject\",\"inLanguage\":\"en-US\",\"@id\":\"https:\/\/vitaminai.lt\/#\/schema\/logo\/image\/\",\"url\":\"https:\/\/vitaminai.lt\/wp-content\/uploads\/2025\/01\/g212.png\",\"contentUrl\":\"https:\/\/vitaminai.lt\/wp-content\/uploads\/2025\/01\/g212.png\",\"width\":313,\"height\":74,\"caption\":\"Vitaminai ir maisto papildai internetu | Vitaminai.lt\"},\"image\":{\"@id\":\"https:\/\/vitaminai.lt\/#\/schema\/logo\/image\/\"},\"sameAs\":[\"https:\/\/www.facebook.com\/vitaminai\/\"]}]}<\/script>\n<!-- \/ Yoast SEO plugin. -->","yoast_head_json":{"title":"Vitaminas D3 su alyvuogi\u0173 aliejumi 4000 TV N90 - Vitaminai ir maisto papildai internetu | Vitaminai.lt","robots":{"index":"index","follow":"follow","max-snippet":"max-snippet:-1","max-image-preview":"max-image-preview:large","max-video-preview":"max-video-preview:-1"},"canonical":"https:\/\/vitaminai.lt\/produktas\/vitaminas-d3-4000-tv-n90\/","og_locale":"en_US","og_type":"article","og_title":"Vitaminas D3 su alyvuogi\u0173 aliejumi 4000 TV N90 - Vitaminai ir maisto papildai internetu | Vitaminai.lt","og_description":"VITAMINAS D3 SU ALYVUOGI\u0172 ALIEJUMI 4000 TV Maisto papildas | 90 mink\u0161t\u0173 kapsuli\u0173 Vitaminas D3 4000 TV \u2013 tai maisto papildas su vitaminu D ir alyvuogi\u0173 aliejumi, skirtas kasdien\u0117s mitybos papildymui. Vitaminas D yra riebaluose tirpus vitaminas, tod\u0117l alyvuogi\u0173 aliejus parinktas kaip tinkama terp\u0117 \u0161io vitamino vartojimui kasdien\u0117je mityboje. Vitaminas D padeda palaikyti normali\u0105: imunin\u0117s [&hellip;]","og_url":"https:\/\/vitaminai.lt\/produktas\/vitaminas-d3-4000-tv-n90\/","og_site_name":"Vitaminai ir maisto papildai internetu | Vitaminai.lt","article_publisher":"https:\/\/www.facebook.com\/vitaminai\/","article_modified_time":"2026-04-08T08:25:17+00:00","og_image":[{"width":3001,"height":2928,"url":"https:\/\/vitaminai.lt\/wp-content\/uploads\/2024\/08\/Vitaminas-D3-4000.png","type":"image\/png"}],"twitter_card":"summary_large_image","twitter_misc":{"Est. reading time":"1 minute"},"schema":{"@context":"https:\/\/schema.org","@graph":[{"@type":"WebPage","@id":"https:\/\/vitaminai.lt\/produktas\/vitaminas-d3-4000-tv-n90\/","url":"https:\/\/vitaminai.lt\/produktas\/vitaminas-d3-4000-tv-n90\/","name":"Vitaminas D3 su alyvuogi\u0173 aliejumi 4000 TV N90 - Vitaminai ir maisto papildai internetu | Vitaminai.lt","isPartOf":{"@id":"https:\/\/vitaminai.lt\/#website"},"primaryImageOfPage":{"@id":"https:\/\/vitaminai.lt\/produktas\/vitaminas-d3-4000-tv-n90\/#primaryimage"},"image":{"@id":"https:\/\/vitaminai.lt\/produktas\/vitaminas-d3-4000-tv-n90\/#primaryimage"},"thumbnailUrl":"https:\/\/vitaminai.lt\/wp-content\/uploads\/2024\/08\/Vitaminas-D3-4000.png","datePublished":"2024-08-13T05:40:25+00:00","dateModified":"2026-04-08T08:25:17+00:00","breadcrumb":{"@id":"https:\/\/vitaminai.lt\/produktas\/vitaminas-d3-4000-tv-n90\/#breadcrumb"},"inLanguage":"en-US","potentialAction":[{"@type":"ReadAction","target":["https:\/\/vitaminai.lt\/produktas\/vitaminas-d3-4000-tv-n90\/"]}]},{"@type":"ImageObject","inLanguage":"en-US","@id":"https:\/\/vitaminai.lt\/produktas\/vitaminas-d3-4000-tv-n90\/#primaryimage","url":"https:\/\/vitaminai.lt\/wp-content\/uploads\/2024\/08\/Vitaminas-D3-4000.png","contentUrl":"https:\/\/vitaminai.lt\/wp-content\/uploads\/2024\/08\/Vitaminas-D3-4000.png","width":3001,"height":2928},{"@type":"BreadcrumbList","@id":"https:\/\/vitaminai.lt\/produktas\/vitaminas-d3-4000-tv-n90\/#breadcrumb","itemListElement":[{"@type":"ListItem","position":1,"name":"Home","item":"https:\/\/vitaminai.lt\/"},{"@type":"ListItem","position":2,"name":"Produktai","item":"https:\/\/vitaminai.lt\/produktai\/"},{"@type":"ListItem","position":3,"name":"Vitaminas D3 su alyvuogi\u0173 aliejumi 4000 TV N90"}]},{"@type":"WebSite","@id":"https:\/\/vitaminai.lt\/#website","url":"https:\/\/vitaminai.lt\/","name":"Vitaminai ir maisto papildai internetu | Vitaminai.lt","description":"","publisher":{"@id":"https:\/\/vitaminai.lt\/#organization"},"potentialAction":[{"@type":"SearchAction","target":{"@type":"EntryPoint","urlTemplate":"https:\/\/vitaminai.lt\/?s={search_term_string}"},"query-input":{"@type":"PropertyValueSpecification","valueRequired":true,"valueName":"search_term_string"}}],"inLanguage":"en-US"},{"@type":"Organization","@id":"https:\/\/vitaminai.lt\/#organization","name":"Vitaminai ir maisto papildai internetu | Vitaminai.lt","url":"https:\/\/vitaminai.lt\/","logo":{"@type":"ImageObject","inLanguage":"en-US","@id":"https:\/\/vitaminai.lt\/#\/schema\/logo\/image\/","url":"https:\/\/vitaminai.lt\/wp-content\/uploads\/2025\/01\/g212.png","contentUrl":"https:\/\/vitaminai.lt\/wp-content\/uploads\/2025\/01\/g212.png","width":313,"height":74,"caption":"Vitaminai ir maisto papildai internetu | Vitaminai.lt"},"image":{"@id":"https:\/\/vitaminai.lt\/#\/schema\/logo\/image\/"},"sameAs":["https:\/\/www.facebook.com\/vitaminai\/"]}]}},"_links":{"self":[{"href":"https:\/\/vitaminai.lt\/en\/wp-json\/wp\/v2\/product\/373","targetHints":{"allow":["GET"]}}],"collection":[{"href":"https:\/\/vitaminai.lt\/en\/wp-json\/wp\/v2\/product"}],"about":[{"href":"https:\/\/vitaminai.lt\/en\/wp-json\/wp\/v2\/types\/product"}],"replies":[{"embeddable":true,"href":"https:\/\/vitaminai.lt\/en\/wp-json\/wp\/v2\/comments?post=373"}],"wp:featuredmedia":[{"embeddable":true,"href":"https:\/\/vitaminai.lt\/en\/wp-json\/wp\/v2\/media\/337"}],"wp:attachment":[{"href":"https:\/\/vitaminai.lt\/en\/wp-json\/wp\/v2\/media?parent=373"}],"wp:term":[{"taxonomy":"product_brand","embeddable":true,"href":"https:\/\/vitaminai.lt\/en\/wp-json\/wp\/v2\/product_brand?post=373"},{"taxonomy":"product_cat","embeddable":true,"href":"https:\/\/vitaminai.lt\/en\/wp-json\/wp\/v2\/product_cat?post=373"},{"taxonomy":"product_tag","embeddable":true,"href":"https:\/\/vitaminai.lt\/en\/wp-json\/wp\/v2\/product_tag?post=373"}],"curies":[{"name":"wp","href":"https:\/\/api.w.org\/{rel}","templated":true}]}}