{"id":377,"date":"2024-08-13T05:42:35","date_gmt":"2024-08-13T05:42:35","guid":{"rendered":"https:\/\/vitaminai.lt\/?post_type=product&#038;p=377"},"modified":"2026-04-08T10:25:19","modified_gmt":"2026-04-08T08:25:19","slug":"zippy-panelems-n60","status":"publish","type":"product","link":"https:\/\/vitaminai.lt\/en\/produktas\/zippy-panelems-n60\/","title":{"rendered":"Multivitaminai ZIPPY panel\u0117ms N60"},"content":{"rendered":"<div class=\"flex-shrink-0 flex flex-col relative items-end\">\n<div class=\"pt-0\">\n<div class=\"gizmo-bot-avatar flex h-8 w-8 items-center justify-center overflow-hidden rounded-full\">\n<div class=\"relative p-1 rounded-sm flex items-center justify-center bg-token-main-surface-primary text-token-text-primary h-8 w-8\">\n<h3 data-start=\"144\" data-end=\"178\"><strong data-start=\"148\" data-end=\"176\">ZIPPY VITAMINAI PANEL\u0116MS<\/strong><\/h3>\n<p data-start=\"179\" data-end=\"220\"><strong data-start=\"179\" data-end=\"220\">Maisto papildas | 60 mink\u0161t\u0173 kapsuli\u0173<\/strong><\/p>\n<p data-start=\"222\" data-end=\"308\"><strong data-start=\"222\" data-end=\"308\">Subalansuotas kompleksas jaunoms panel\u0117ms \u2013 energijai, gro\u017eiui ir gerai savijautai<\/strong><\/p>\n<p data-start=\"310\" data-end=\"575\">Zippy Vitaminai Panel\u0117ms \u2013 tai specialiai sukurtas vitamin\u0173 ir mikroelement\u0173 derinys, skirtas palaikyti jaun\u0173 mergin\u0173 fizin\u0119 ir emocin\u0119 b\u016bkl\u0119 brendimo laikotarpiu. Mink\u0161tos kapsul\u0117s padeda palaikyti imunitet\u0105, odos ir plauk\u0173 b\u016bkl\u0119, energij\u0105 bei hormon\u0173 pusiausvyr\u0105.<\/p>\n<hr data-start=\"577\" data-end=\"580\" \/>\n<h4 data-start=\"582\" data-end=\"636\"><strong data-start=\"587\" data-end=\"636\">Kod\u0117l verta rinktis Zippy Vitaminus Panel\u0117ms?<\/strong><\/h4>\n<p data-start=\"638\" data-end=\"1292\"><strong data-start=\"638\" data-end=\"660\">Pa\u017einimo funkcijai<\/strong> \u2013 cinkas padeda palaikyti normali\u0105 pa\u017einimo funkcij\u0105 ir imunin\u0117s sistemos veikl\u0105<br data-start=\"741\" data-end=\"744\" \/><strong data-start=\"744\" data-end=\"775\">Odos, plauk\u0173 ir nag\u0173 b\u016bklei<\/strong> \u2013 biotinas palaiko sveik\u0105 plauk\u0173, nag\u0173 ir odos i\u0161vaizd\u0105<br data-start=\"831\" data-end=\"834\" \/><strong data-start=\"834\" data-end=\"852\">Nerv\u0173 sistemai<\/strong> \u2013 tiaminas ir vitaminas B6 padeda palaikyti normali\u0105 nerv\u0173 sistemos veikl\u0105<br data-start=\"927\" data-end=\"930\" \/><strong data-start=\"930\" data-end=\"959\">Energijai ir hemoglobinui<\/strong> \u2013 gele\u017eis svarbi energijos apykaitai ir raudon\u0173j\u0173 kraujo k\u016bneli\u0173 susidarymui<br data-start=\"1036\" data-end=\"1039\" \/><strong data-start=\"1039\" data-end=\"1062\">Skydliauk\u0117s veiklai<\/strong> \u2013 jodas ir selenas padeda palaikyti normali\u0105 skydliauk\u0117s veikl\u0105<br data-start=\"1126\" data-end=\"1129\" \/><strong data-start=\"1129\" data-end=\"1142\">Reg\u0117jimui<\/strong> \u2013 riboflavinas ir vitaminas A padeda i\u0161saugoti normal\u0173 reg\u0117jim\u0105<br data-start=\"1206\" data-end=\"1209\" data-is-only-node=\"\" \/><strong data-start=\"1209\" data-end=\"1237\">Nat\u016braliai pigmentacijai<\/strong> \u2013 varis palaiko normali\u0105 odos ir plauk\u0173 pigmentacij\u0105<\/p>\n<hr data-start=\"1294\" data-end=\"1297\" \/>\n<h4 data-start=\"1299\" data-end=\"1533\"><strong data-start=\"1299\" data-end=\"1314\">Kam skirta?<\/strong><\/h4>\n<p data-start=\"1299\" data-end=\"1533\">Zippy Vitaminai Panel\u0117ms yra skirtas jaunoms merginoms, siekian\u010dioms palaikyti savo organizmo pusiausvyr\u0105 brendimo laikotarpiu. Papildas padeda jaustis energingai, pasitikin\u010diai savimi ir u\u017etikrintai kiekvien\u0105 dien\u0105.<\/p>\n<p data-start=\"1535\" data-end=\"1633\" data-is-last-node=\"\" data-is-only-node=\"\"><strong data-start=\"1535\" data-end=\"1633\" data-is-last-node=\"\">Zippy Vitaminai Panel\u0117ms \u2013 nat\u016bralus pasirinkimas tavo sveikatai, gro\u017eiui ir gerai savijautai.<\/strong><\/p>\n<\/div>\n<\/div>\n<\/div>\n<\/div>\n","protected":false},"excerpt":{"rendered":"<p>ZIPPY VITAMINAI PANEL\u0116MS Maisto papildas | 60 mink\u0161t\u0173 kapsuli\u0173 Subalansuotas kompleksas jaunoms panel\u0117ms \u2013 energijai, gro\u017eiui ir gerai savijautai Zippy Vitaminai Panel\u0117ms \u2013 tai specialiai sukurtas vitamin\u0173 ir mikroelement\u0173 derinys, skirtas palaikyti jaun\u0173 mergin\u0173 fizin\u0119 ir emocin\u0119 b\u016bkl\u0119 brendimo laikotarpiu. Mink\u0161tos kapsul\u0117s padeda palaikyti imunitet\u0105, odos ir plauk\u0173 b\u016bkl\u0119, energij\u0105 bei hormon\u0173 pusiausvyr\u0105. Kod\u0117l verta [&hellip;]<\/p>\n","protected":false},"featured_media":853,"comment_status":"open","ping_status":"closed","template":"","meta":[],"product_brand":[],"product_cat":[403,372,391,395,266,289,371,261,276,404,314,257,258,368,33,39,243,247,248,249,250,251,252,253,20,179,26,47,32,48,52,25,171,55,144,59,18,23,34,62,66,69,70,76,85,92,93,94,95,96,97,98],"product_tag":[],"class_list":{"0":"post-377","1":"product","2":"type-product","3":"status-publish","4":"has-post-thumbnail","6":"product_cat-11-viskam","7":"product_cat-akims-pagrindines-kategorijos","8":"product_cat-atminciai-2","9":"product_cat-b-grupes","10":"product_cat-energijai-privalumai","11":"product_cat-kraujotakos-sistemai-privalumai","12":"product_cat-nagams-pagrindines-kategorijos","13":"product_cat-nagams-privalumai","14":"product_cat-nervu-sistemai-privalumai","15":"product_cat-papildai-susikaupimui-ir-protinei-veiklai","16":"product_cat-plaukams-privalumai","17":"product_cat-privalumai","18":"product_cat-regejimui","19":"product_cat-sportuojantiems-pagrindines-kategorijos","20":"product_cat-maisto-papildo-forma","21":"product_cat-minkstos-kapsules","22":"product_cat-pagrindines-kategorijos","23":"product_cat-energijai-pagrindines-kategorijos","24":"product_cat-imunitetui-pagrindines-kategorijos","25":"product_cat-nervu-sistemai-pagrindines-kategorijos","26":"product_cat-sirdziai","27":"product_cat-vaikams","28":"product_cat-odai-pagrindines-kategorijos","29":"product_cat-plaukams-pagrindines-kategorijos","30":"product_cat-paskirtis","31":"product_cat-dantims","32":"product_cat-energijai","33":"product_cat-groziui","34":"product_cat-imunitetui","35":"product_cat-kaulams","36":"product_cat-nagams","37":"product_cat-nervu-sistemai","38":"product_cat-nuovargio-mazinimui","39":"product_cat-plaukams","40":"product_cat-smegenu-veiklai","41":"product_cat-sportuojantiems","42":"product_cat-vartotojas","43":"product_cat-paaugliai","44":"product_cat-veiklioji-medziaga","45":"product_cat-antioksidantai","46":"product_cat-cinkas","47":"product_cat-folio-rugstis","48":"product_cat-gelezis","49":"product_cat-jodas","50":"product_cat-multivitaminai","51":"product_cat-selenas","52":"product_cat-varis","53":"product_cat-vitaminas-a","54":"product_cat-vitaminas-b","55":"product_cat-vitaminas-c","56":"product_cat-vitaminas-d","57":"product_cat-vitaminas-e","59":"first","60":"instock","61":"shipping-taxable","62":"purchasable","63":"product-type-simple"},"yoast_head":"<!-- This site is optimized with the Yoast SEO plugin v26.6 - https:\/\/yoast.com\/wordpress\/plugins\/seo\/ -->\n<title>Multivitaminai ZIPPY panel\u0117ms N60 - Vitaminai ir maisto papildai internetu | Vitaminai.lt<\/title>\n<meta name=\"robots\" content=\"index, follow, max-snippet:-1, max-image-preview:large, max-video-preview:-1\" \/>\n<link rel=\"canonical\" href=\"https:\/\/vitaminai.lt\/produktas\/zippy-panelems-n60\/\" \/>\n<meta property=\"og:locale\" content=\"en_US\" \/>\n<meta property=\"og:type\" content=\"article\" \/>\n<meta property=\"og:title\" content=\"Multivitaminai ZIPPY panel\u0117ms N60 - Vitaminai ir maisto papildai internetu | Vitaminai.lt\" \/>\n<meta property=\"og:description\" content=\"ZIPPY VITAMINAI PANEL\u0116MS Maisto papildas | 60 mink\u0161t\u0173 kapsuli\u0173 Subalansuotas kompleksas jaunoms panel\u0117ms \u2013 energijai, gro\u017eiui ir gerai savijautai Zippy Vitaminai Panel\u0117ms \u2013 tai specialiai sukurtas vitamin\u0173 ir mikroelement\u0173 derinys, skirtas palaikyti jaun\u0173 mergin\u0173 fizin\u0119 ir emocin\u0119 b\u016bkl\u0119 brendimo laikotarpiu. Mink\u0161tos kapsul\u0117s padeda palaikyti imunitet\u0105, odos ir plauk\u0173 b\u016bkl\u0119, energij\u0105 bei hormon\u0173 pusiausvyr\u0105. Kod\u0117l verta [&hellip;]\" \/>\n<meta property=\"og:url\" content=\"https:\/\/vitaminai.lt\/produktas\/zippy-panelems-n60\/\" \/>\n<meta property=\"og:site_name\" content=\"Vitaminai ir maisto papildai internetu | Vitaminai.lt\" \/>\n<meta property=\"article:publisher\" content=\"https:\/\/www.facebook.com\/vitaminai\/\" \/>\n<meta property=\"article:modified_time\" content=\"2026-04-08T08:25:19+00:00\" \/>\n<meta property=\"og:image\" content=\"https:\/\/vitaminai.lt\/wp-content\/uploads\/2024\/08\/1500x1455_Zippy_Panelems-10.png\" \/>\n\t<meta property=\"og:image:width\" content=\"5209\" \/>\n\t<meta property=\"og:image:height\" content=\"5052\" \/>\n\t<meta property=\"og:image:type\" content=\"image\/png\" \/>\n<meta name=\"twitter:card\" content=\"summary_large_image\" \/>\n<meta name=\"twitter:label1\" content=\"Est. reading time\" \/>\n\t<meta name=\"twitter:data1\" content=\"2 minutes\" \/>\n<script type=\"application\/ld+json\" class=\"yoast-schema-graph\">{\"@context\":\"https:\/\/schema.org\",\"@graph\":[{\"@type\":\"WebPage\",\"@id\":\"https:\/\/vitaminai.lt\/produktas\/zippy-panelems-n60\/\",\"url\":\"https:\/\/vitaminai.lt\/produktas\/zippy-panelems-n60\/\",\"name\":\"Multivitaminai ZIPPY panel\u0117ms N60 - Vitaminai ir maisto papildai internetu | Vitaminai.lt\",\"isPartOf\":{\"@id\":\"https:\/\/vitaminai.lt\/#website\"},\"primaryImageOfPage\":{\"@id\":\"https:\/\/vitaminai.lt\/produktas\/zippy-panelems-n60\/#primaryimage\"},\"image\":{\"@id\":\"https:\/\/vitaminai.lt\/produktas\/zippy-panelems-n60\/#primaryimage\"},\"thumbnailUrl\":\"https:\/\/vitaminai.lt\/wp-content\/uploads\/2024\/08\/1500x1455_Zippy_Panelems-10.png\",\"datePublished\":\"2024-08-13T05:42:35+00:00\",\"dateModified\":\"2026-04-08T08:25:19+00:00\",\"breadcrumb\":{\"@id\":\"https:\/\/vitaminai.lt\/produktas\/zippy-panelems-n60\/#breadcrumb\"},\"inLanguage\":\"en-US\",\"potentialAction\":[{\"@type\":\"ReadAction\",\"target\":[\"https:\/\/vitaminai.lt\/produktas\/zippy-panelems-n60\/\"]}]},{\"@type\":\"ImageObject\",\"inLanguage\":\"en-US\",\"@id\":\"https:\/\/vitaminai.lt\/produktas\/zippy-panelems-n60\/#primaryimage\",\"url\":\"https:\/\/vitaminai.lt\/wp-content\/uploads\/2024\/08\/1500x1455_Zippy_Panelems-10.png\",\"contentUrl\":\"https:\/\/vitaminai.lt\/wp-content\/uploads\/2024\/08\/1500x1455_Zippy_Panelems-10.png\",\"width\":5209,\"height\":5052},{\"@type\":\"BreadcrumbList\",\"@id\":\"https:\/\/vitaminai.lt\/produktas\/zippy-panelems-n60\/#breadcrumb\",\"itemListElement\":[{\"@type\":\"ListItem\",\"position\":1,\"name\":\"Home\",\"item\":\"https:\/\/vitaminai.lt\/\"},{\"@type\":\"ListItem\",\"position\":2,\"name\":\"Produktai\",\"item\":\"https:\/\/vitaminai.lt\/produktai\/\"},{\"@type\":\"ListItem\",\"position\":3,\"name\":\"Multivitaminai ZIPPY panel\u0117ms N60\"}]},{\"@type\":\"WebSite\",\"@id\":\"https:\/\/vitaminai.lt\/#website\",\"url\":\"https:\/\/vitaminai.lt\/\",\"name\":\"Vitaminai ir maisto papildai internetu | Vitaminai.lt\",\"description\":\"\",\"publisher\":{\"@id\":\"https:\/\/vitaminai.lt\/#organization\"},\"potentialAction\":[{\"@type\":\"SearchAction\",\"target\":{\"@type\":\"EntryPoint\",\"urlTemplate\":\"https:\/\/vitaminai.lt\/?s={search_term_string}\"},\"query-input\":{\"@type\":\"PropertyValueSpecification\",\"valueRequired\":true,\"valueName\":\"search_term_string\"}}],\"inLanguage\":\"en-US\"},{\"@type\":\"Organization\",\"@id\":\"https:\/\/vitaminai.lt\/#organization\",\"name\":\"Vitaminai ir maisto papildai internetu | Vitaminai.lt\",\"url\":\"https:\/\/vitaminai.lt\/\",\"logo\":{\"@type\":\"ImageObject\",\"inLanguage\":\"en-US\",\"@id\":\"https:\/\/vitaminai.lt\/#\/schema\/logo\/image\/\",\"url\":\"https:\/\/vitaminai.lt\/wp-content\/uploads\/2025\/01\/g212.png\",\"contentUrl\":\"https:\/\/vitaminai.lt\/wp-content\/uploads\/2025\/01\/g212.png\",\"width\":313,\"height\":74,\"caption\":\"Vitaminai ir maisto papildai internetu | Vitaminai.lt\"},\"image\":{\"@id\":\"https:\/\/vitaminai.lt\/#\/schema\/logo\/image\/\"},\"sameAs\":[\"https:\/\/www.facebook.com\/vitaminai\/\"]}]}<\/script>\n<!-- \/ Yoast SEO plugin. -->","yoast_head_json":{"title":"Multivitaminai ZIPPY panel\u0117ms N60 - Vitaminai ir maisto papildai internetu | Vitaminai.lt","robots":{"index":"index","follow":"follow","max-snippet":"max-snippet:-1","max-image-preview":"max-image-preview:large","max-video-preview":"max-video-preview:-1"},"canonical":"https:\/\/vitaminai.lt\/produktas\/zippy-panelems-n60\/","og_locale":"en_US","og_type":"article","og_title":"Multivitaminai ZIPPY panel\u0117ms N60 - Vitaminai ir maisto papildai internetu | Vitaminai.lt","og_description":"ZIPPY VITAMINAI PANEL\u0116MS Maisto papildas | 60 mink\u0161t\u0173 kapsuli\u0173 Subalansuotas kompleksas jaunoms panel\u0117ms \u2013 energijai, gro\u017eiui ir gerai savijautai Zippy Vitaminai Panel\u0117ms \u2013 tai specialiai sukurtas vitamin\u0173 ir mikroelement\u0173 derinys, skirtas palaikyti jaun\u0173 mergin\u0173 fizin\u0119 ir emocin\u0119 b\u016bkl\u0119 brendimo laikotarpiu. Mink\u0161tos kapsul\u0117s padeda palaikyti imunitet\u0105, odos ir plauk\u0173 b\u016bkl\u0119, energij\u0105 bei hormon\u0173 pusiausvyr\u0105. Kod\u0117l verta [&hellip;]","og_url":"https:\/\/vitaminai.lt\/produktas\/zippy-panelems-n60\/","og_site_name":"Vitaminai ir maisto papildai internetu | Vitaminai.lt","article_publisher":"https:\/\/www.facebook.com\/vitaminai\/","article_modified_time":"2026-04-08T08:25:19+00:00","og_image":[{"width":5209,"height":5052,"url":"https:\/\/vitaminai.lt\/wp-content\/uploads\/2024\/08\/1500x1455_Zippy_Panelems-10.png","type":"image\/png"}],"twitter_card":"summary_large_image","twitter_misc":{"Est. reading time":"2 minutes"},"schema":{"@context":"https:\/\/schema.org","@graph":[{"@type":"WebPage","@id":"https:\/\/vitaminai.lt\/produktas\/zippy-panelems-n60\/","url":"https:\/\/vitaminai.lt\/produktas\/zippy-panelems-n60\/","name":"Multivitaminai ZIPPY panel\u0117ms N60 - Vitaminai ir maisto papildai internetu | Vitaminai.lt","isPartOf":{"@id":"https:\/\/vitaminai.lt\/#website"},"primaryImageOfPage":{"@id":"https:\/\/vitaminai.lt\/produktas\/zippy-panelems-n60\/#primaryimage"},"image":{"@id":"https:\/\/vitaminai.lt\/produktas\/zippy-panelems-n60\/#primaryimage"},"thumbnailUrl":"https:\/\/vitaminai.lt\/wp-content\/uploads\/2024\/08\/1500x1455_Zippy_Panelems-10.png","datePublished":"2024-08-13T05:42:35+00:00","dateModified":"2026-04-08T08:25:19+00:00","breadcrumb":{"@id":"https:\/\/vitaminai.lt\/produktas\/zippy-panelems-n60\/#breadcrumb"},"inLanguage":"en-US","potentialAction":[{"@type":"ReadAction","target":["https:\/\/vitaminai.lt\/produktas\/zippy-panelems-n60\/"]}]},{"@type":"ImageObject","inLanguage":"en-US","@id":"https:\/\/vitaminai.lt\/produktas\/zippy-panelems-n60\/#primaryimage","url":"https:\/\/vitaminai.lt\/wp-content\/uploads\/2024\/08\/1500x1455_Zippy_Panelems-10.png","contentUrl":"https:\/\/vitaminai.lt\/wp-content\/uploads\/2024\/08\/1500x1455_Zippy_Panelems-10.png","width":5209,"height":5052},{"@type":"BreadcrumbList","@id":"https:\/\/vitaminai.lt\/produktas\/zippy-panelems-n60\/#breadcrumb","itemListElement":[{"@type":"ListItem","position":1,"name":"Home","item":"https:\/\/vitaminai.lt\/"},{"@type":"ListItem","position":2,"name":"Produktai","item":"https:\/\/vitaminai.lt\/produktai\/"},{"@type":"ListItem","position":3,"name":"Multivitaminai ZIPPY panel\u0117ms N60"}]},{"@type":"WebSite","@id":"https:\/\/vitaminai.lt\/#website","url":"https:\/\/vitaminai.lt\/","name":"Vitaminai ir maisto papildai internetu | Vitaminai.lt","description":"","publisher":{"@id":"https:\/\/vitaminai.lt\/#organization"},"potentialAction":[{"@type":"SearchAction","target":{"@type":"EntryPoint","urlTemplate":"https:\/\/vitaminai.lt\/?s={search_term_string}"},"query-input":{"@type":"PropertyValueSpecification","valueRequired":true,"valueName":"search_term_string"}}],"inLanguage":"en-US"},{"@type":"Organization","@id":"https:\/\/vitaminai.lt\/#organization","name":"Vitaminai ir maisto papildai internetu | Vitaminai.lt","url":"https:\/\/vitaminai.lt\/","logo":{"@type":"ImageObject","inLanguage":"en-US","@id":"https:\/\/vitaminai.lt\/#\/schema\/logo\/image\/","url":"https:\/\/vitaminai.lt\/wp-content\/uploads\/2025\/01\/g212.png","contentUrl":"https:\/\/vitaminai.lt\/wp-content\/uploads\/2025\/01\/g212.png","width":313,"height":74,"caption":"Vitaminai ir maisto papildai internetu | Vitaminai.lt"},"image":{"@id":"https:\/\/vitaminai.lt\/#\/schema\/logo\/image\/"},"sameAs":["https:\/\/www.facebook.com\/vitaminai\/"]}]}},"_links":{"self":[{"href":"https:\/\/vitaminai.lt\/en\/wp-json\/wp\/v2\/product\/377","targetHints":{"allow":["GET"]}}],"collection":[{"href":"https:\/\/vitaminai.lt\/en\/wp-json\/wp\/v2\/product"}],"about":[{"href":"https:\/\/vitaminai.lt\/en\/wp-json\/wp\/v2\/types\/product"}],"replies":[{"embeddable":true,"href":"https:\/\/vitaminai.lt\/en\/wp-json\/wp\/v2\/comments?post=377"}],"wp:featuredmedia":[{"embeddable":true,"href":"https:\/\/vitaminai.lt\/en\/wp-json\/wp\/v2\/media\/853"}],"wp:attachment":[{"href":"https:\/\/vitaminai.lt\/en\/wp-json\/wp\/v2\/media?parent=377"}],"wp:term":[{"taxonomy":"product_brand","embeddable":true,"href":"https:\/\/vitaminai.lt\/en\/wp-json\/wp\/v2\/product_brand?post=377"},{"taxonomy":"product_cat","embeddable":true,"href":"https:\/\/vitaminai.lt\/en\/wp-json\/wp\/v2\/product_cat?post=377"},{"taxonomy":"product_tag","embeddable":true,"href":"https:\/\/vitaminai.lt\/en\/wp-json\/wp\/v2\/product_tag?post=377"}],"curies":[{"name":"wp","href":"https:\/\/api.w.org\/{rel}","templated":true}]}}