{"id":382,"date":"2024-08-13T05:46:21","date_gmt":"2024-08-13T05:46:21","guid":{"rendered":"https:\/\/vitaminai.lt\/?post_type=product&#038;p=382"},"modified":"2026-04-08T10:25:20","modified_gmt":"2026-04-08T08:25:20","slug":"omega-3-forte-n90","status":"publish","type":"product","link":"https:\/\/vitaminai.lt\/en\/produktas\/omega-3-forte-n90\/","title":{"rendered":"\u017duv\u0173 taukai Omega-3 FORTE N90"},"content":{"rendered":"<h4 data-start=\"152\" data-end=\"175\"><strong data-start=\"156\" data-end=\"173\">OMEGA-3 FORTE<\/strong><\/h4>\n<p data-start=\"176\" data-end=\"217\"><strong data-start=\"176\" data-end=\"217\">Maisto papildas | 90 mink\u0161t\u0173 kapsuli\u0173<\/strong><\/p>\n<hr \/>\n<p><strong>Omega-3 \u017euv\u0173 taukai \u2013 maisto papildas, skirtas kasdien\u0117s mitybos papildymui nepakei\u010diamomis riebal\u0173 r\u016bg\u0161timis.<\/strong> Kiekvienoje porcijoje yra didel\u0117 koncentracija omega-3 riebal\u0173 r\u016bg\u0161\u010di\u0173 \u2013 350 mg EPR (eikozapentaeno r\u016bg\u0161ties) ir 250 mg DHR (dokozaheksaeno r\u016bg\u0161ties), kurios pla\u010diai vertinamos d\u0117l savo vaidmens organizmo funkcijoms palaikyti.<\/p>\n<hr \/>\n<p><strong>DHR<\/strong> padeda palaikyti normali\u0105 smegen\u0173 funkcij\u0105 ir i\u0161saugoti normal\u0173 reg\u0117jim\u0105. Teigiamas poveikis pasirei\u0161kia per par\u0105 suvartojant 250 mg DHR.<\/p>\n<p><strong>DHR ir EPR<\/strong> padeda palaikyti normali\u0105 \u0161irdies veikl\u0105. Teigiamas poveikis pasirei\u0161kia per par\u0105 suvartojant 250 mg EPR ir DHR.<\/p>\n<p>Papildomai sud\u0117tyje esantis <strong>vitaminas E<\/strong> padeda apsaugoti l\u0105steles nuo oksidacin\u0117s pa\u017eaidos, taip prisid\u0117damas prie organizmo apsaugos nuo oksidacinio streso.<\/p>\n<hr \/>\n<p><strong>Omega-3 riebal\u0173 r\u016bg\u0161tys<\/strong> yra pla\u010diai naudojamos maisto papild\u0173 sud\u0117tyje ir vertinamos kaip svarbi kasdien\u0117s mitybos dalis. \u0160is produktas yra\u00a0patogus pasirinkimas tiems, kurie r\u016bpinasi subalansuota mityba, aktyviu gyvenimo b\u016bdu ir siekia papildyti racion\u0105 auk\u0161tos kokyb\u0117s omega-3 riebal\u0173 r\u016bg\u0161timis.<\/p>\n","protected":false},"excerpt":{"rendered":"<p>OMEGA-3 FORTE Maisto papildas | 90 mink\u0161t\u0173 kapsuli\u0173 Omega-3 \u017euv\u0173 taukai \u2013 maisto papildas, skirtas kasdien\u0117s mitybos papildymui nepakei\u010diamomis riebal\u0173 r\u016bg\u0161timis. Kiekvienoje porcijoje yra didel\u0117 koncentracija omega-3 riebal\u0173 r\u016bg\u0161\u010di\u0173 \u2013 350 mg EPR (eikozapentaeno r\u016bg\u0161ties) ir 250 mg DHR (dokozaheksaeno r\u016bg\u0161ties), kurios pla\u010diai vertinamos d\u0117l savo vaidmens organizmo funkcijoms palaikyti. DHR padeda palaikyti normali\u0105 smegen\u0173 [&hellip;]<\/p>\n","protected":false},"featured_media":1282,"comment_status":"open","ping_status":"closed","template":"","meta":[],"product_brand":[],"product_cat":[403,311,404,257,258,290,267,368,33,37,39,243,244,245,247,248,250,20,21,32,28,144,18,29,23,31,19,30,34,62,88,98],"product_tag":[],"class_list":{"0":"post-382","1":"product","2":"type-product","3":"status-publish","4":"has-post-thumbnail","6":"product_cat-11-viskam","7":"product_cat-antioksidantas","8":"product_cat-papildai-susikaupimui-ir-protinei-veiklai","9":"product_cat-privalumai","10":"product_cat-regejimui","11":"product_cat-sirdies-veiklai","12":"product_cat-smegenu-veiklai-privalumai","13":"product_cat-sportuojantiems-pagrindines-kategorijos","14":"product_cat-maisto-papildo-forma","15":"product_cat-kapsules","16":"product_cat-minkstos-kapsules","17":"product_cat-pagrindines-kategorijos","18":"product_cat-moterims","19":"product_cat-vyrams","20":"product_cat-energijai-pagrindines-kategorijos","21":"product_cat-imunitetui-pagrindines-kategorijos","22":"product_cat-sirdziai","23":"product_cat-paskirtis","24":"product_cat-akims","25":"product_cat-imunitetui","26":"product_cat-sirdziai-paskirtis","27":"product_cat-smegenu-veiklai","28":"product_cat-vartotojas","29":"product_cat-moterys","30":"product_cat-paaugliai","31":"product_cat-senjorai","32":"product_cat-vaikai","33":"product_cat-vyrai","34":"product_cat-veiklioji-medziaga","35":"product_cat-antioksidantai","36":"product_cat-omega-3","37":"product_cat-vitaminas-e","39":"first","40":"instock","41":"shipping-taxable","42":"purchasable","43":"product-type-simple"},"yoast_head":"<!-- This site is optimized with the Yoast SEO plugin v26.6 - https:\/\/yoast.com\/wordpress\/plugins\/seo\/ -->\n<title>\u017duv\u0173 taukai Omega-3 FORTE N90 - Vitaminai ir maisto papildai internetu | Vitaminai.lt<\/title>\n<meta name=\"robots\" content=\"index, follow, max-snippet:-1, max-image-preview:large, max-video-preview:-1\" \/>\n<link rel=\"canonical\" href=\"https:\/\/vitaminai.lt\/produktas\/omega-3-forte-n90\/\" \/>\n<meta property=\"og:locale\" content=\"en_US\" \/>\n<meta property=\"og:type\" content=\"article\" \/>\n<meta property=\"og:title\" content=\"\u017duv\u0173 taukai Omega-3 FORTE N90 - Vitaminai ir maisto papildai internetu | Vitaminai.lt\" \/>\n<meta property=\"og:description\" content=\"OMEGA-3 FORTE Maisto papildas | 90 mink\u0161t\u0173 kapsuli\u0173 Omega-3 \u017euv\u0173 taukai \u2013 maisto papildas, skirtas kasdien\u0117s mitybos papildymui nepakei\u010diamomis riebal\u0173 r\u016bg\u0161timis. Kiekvienoje porcijoje yra didel\u0117 koncentracija omega-3 riebal\u0173 r\u016bg\u0161\u010di\u0173 \u2013 350 mg EPR (eikozapentaeno r\u016bg\u0161ties) ir 250 mg DHR (dokozaheksaeno r\u016bg\u0161ties), kurios pla\u010diai vertinamos d\u0117l savo vaidmens organizmo funkcijoms palaikyti. DHR padeda palaikyti normali\u0105 smegen\u0173 [&hellip;]\" \/>\n<meta property=\"og:url\" content=\"https:\/\/vitaminai.lt\/produktas\/omega-3-forte-n90\/\" \/>\n<meta property=\"og:site_name\" content=\"Vitaminai ir maisto papildai internetu | Vitaminai.lt\" \/>\n<meta property=\"article:publisher\" content=\"https:\/\/www.facebook.com\/vitaminai\/\" \/>\n<meta property=\"article:modified_time\" content=\"2026-04-08T08:25:20+00:00\" \/>\n<meta property=\"og:image\" content=\"https:\/\/vitaminai.lt\/wp-content\/uploads\/2024\/08\/Omega-3-Forte_Priekis.png\" \/>\n\t<meta property=\"og:image:width\" content=\"3001\" \/>\n\t<meta property=\"og:image:height\" content=\"2928\" \/>\n\t<meta property=\"og:image:type\" content=\"image\/png\" \/>\n<meta name=\"twitter:card\" content=\"summary_large_image\" \/>\n<meta name=\"twitter:label1\" content=\"Est. reading time\" \/>\n\t<meta name=\"twitter:data1\" content=\"1 minute\" \/>\n<script type=\"application\/ld+json\" class=\"yoast-schema-graph\">{\"@context\":\"https:\/\/schema.org\",\"@graph\":[{\"@type\":\"WebPage\",\"@id\":\"https:\/\/vitaminai.lt\/produktas\/omega-3-forte-n90\/\",\"url\":\"https:\/\/vitaminai.lt\/produktas\/omega-3-forte-n90\/\",\"name\":\"\u017duv\u0173 taukai Omega-3 FORTE N90 - Vitaminai ir maisto papildai internetu | Vitaminai.lt\",\"isPartOf\":{\"@id\":\"https:\/\/vitaminai.lt\/#website\"},\"primaryImageOfPage\":{\"@id\":\"https:\/\/vitaminai.lt\/produktas\/omega-3-forte-n90\/#primaryimage\"},\"image\":{\"@id\":\"https:\/\/vitaminai.lt\/produktas\/omega-3-forte-n90\/#primaryimage\"},\"thumbnailUrl\":\"https:\/\/vitaminai.lt\/wp-content\/uploads\/2024\/08\/Omega-3-Forte_Priekis.png\",\"datePublished\":\"2024-08-13T05:46:21+00:00\",\"dateModified\":\"2026-04-08T08:25:20+00:00\",\"breadcrumb\":{\"@id\":\"https:\/\/vitaminai.lt\/produktas\/omega-3-forte-n90\/#breadcrumb\"},\"inLanguage\":\"en-US\",\"potentialAction\":[{\"@type\":\"ReadAction\",\"target\":[\"https:\/\/vitaminai.lt\/produktas\/omega-3-forte-n90\/\"]}]},{\"@type\":\"ImageObject\",\"inLanguage\":\"en-US\",\"@id\":\"https:\/\/vitaminai.lt\/produktas\/omega-3-forte-n90\/#primaryimage\",\"url\":\"https:\/\/vitaminai.lt\/wp-content\/uploads\/2024\/08\/Omega-3-Forte_Priekis.png\",\"contentUrl\":\"https:\/\/vitaminai.lt\/wp-content\/uploads\/2024\/08\/Omega-3-Forte_Priekis.png\",\"width\":3001,\"height\":2928},{\"@type\":\"BreadcrumbList\",\"@id\":\"https:\/\/vitaminai.lt\/produktas\/omega-3-forte-n90\/#breadcrumb\",\"itemListElement\":[{\"@type\":\"ListItem\",\"position\":1,\"name\":\"Home\",\"item\":\"https:\/\/vitaminai.lt\/\"},{\"@type\":\"ListItem\",\"position\":2,\"name\":\"Produktai\",\"item\":\"https:\/\/vitaminai.lt\/produktai\/\"},{\"@type\":\"ListItem\",\"position\":3,\"name\":\"\u017duv\u0173 taukai Omega-3 FORTE N90\"}]},{\"@type\":\"WebSite\",\"@id\":\"https:\/\/vitaminai.lt\/#website\",\"url\":\"https:\/\/vitaminai.lt\/\",\"name\":\"Vitaminai ir maisto papildai internetu | Vitaminai.lt\",\"description\":\"\",\"publisher\":{\"@id\":\"https:\/\/vitaminai.lt\/#organization\"},\"potentialAction\":[{\"@type\":\"SearchAction\",\"target\":{\"@type\":\"EntryPoint\",\"urlTemplate\":\"https:\/\/vitaminai.lt\/?s={search_term_string}\"},\"query-input\":{\"@type\":\"PropertyValueSpecification\",\"valueRequired\":true,\"valueName\":\"search_term_string\"}}],\"inLanguage\":\"en-US\"},{\"@type\":\"Organization\",\"@id\":\"https:\/\/vitaminai.lt\/#organization\",\"name\":\"Vitaminai ir maisto papildai internetu | Vitaminai.lt\",\"url\":\"https:\/\/vitaminai.lt\/\",\"logo\":{\"@type\":\"ImageObject\",\"inLanguage\":\"en-US\",\"@id\":\"https:\/\/vitaminai.lt\/#\/schema\/logo\/image\/\",\"url\":\"https:\/\/vitaminai.lt\/wp-content\/uploads\/2025\/01\/g212.png\",\"contentUrl\":\"https:\/\/vitaminai.lt\/wp-content\/uploads\/2025\/01\/g212.png\",\"width\":313,\"height\":74,\"caption\":\"Vitaminai ir maisto papildai internetu | Vitaminai.lt\"},\"image\":{\"@id\":\"https:\/\/vitaminai.lt\/#\/schema\/logo\/image\/\"},\"sameAs\":[\"https:\/\/www.facebook.com\/vitaminai\/\"]}]}<\/script>\n<!-- \/ Yoast SEO plugin. -->","yoast_head_json":{"title":"\u017duv\u0173 taukai Omega-3 FORTE N90 - Vitaminai ir maisto papildai internetu | Vitaminai.lt","robots":{"index":"index","follow":"follow","max-snippet":"max-snippet:-1","max-image-preview":"max-image-preview:large","max-video-preview":"max-video-preview:-1"},"canonical":"https:\/\/vitaminai.lt\/produktas\/omega-3-forte-n90\/","og_locale":"en_US","og_type":"article","og_title":"\u017duv\u0173 taukai Omega-3 FORTE N90 - Vitaminai ir maisto papildai internetu | Vitaminai.lt","og_description":"OMEGA-3 FORTE Maisto papildas | 90 mink\u0161t\u0173 kapsuli\u0173 Omega-3 \u017euv\u0173 taukai \u2013 maisto papildas, skirtas kasdien\u0117s mitybos papildymui nepakei\u010diamomis riebal\u0173 r\u016bg\u0161timis. Kiekvienoje porcijoje yra didel\u0117 koncentracija omega-3 riebal\u0173 r\u016bg\u0161\u010di\u0173 \u2013 350 mg EPR (eikozapentaeno r\u016bg\u0161ties) ir 250 mg DHR (dokozaheksaeno r\u016bg\u0161ties), kurios pla\u010diai vertinamos d\u0117l savo vaidmens organizmo funkcijoms palaikyti. DHR padeda palaikyti normali\u0105 smegen\u0173 [&hellip;]","og_url":"https:\/\/vitaminai.lt\/produktas\/omega-3-forte-n90\/","og_site_name":"Vitaminai ir maisto papildai internetu | Vitaminai.lt","article_publisher":"https:\/\/www.facebook.com\/vitaminai\/","article_modified_time":"2026-04-08T08:25:20+00:00","og_image":[{"width":3001,"height":2928,"url":"https:\/\/vitaminai.lt\/wp-content\/uploads\/2024\/08\/Omega-3-Forte_Priekis.png","type":"image\/png"}],"twitter_card":"summary_large_image","twitter_misc":{"Est. reading time":"1 minute"},"schema":{"@context":"https:\/\/schema.org","@graph":[{"@type":"WebPage","@id":"https:\/\/vitaminai.lt\/produktas\/omega-3-forte-n90\/","url":"https:\/\/vitaminai.lt\/produktas\/omega-3-forte-n90\/","name":"\u017duv\u0173 taukai Omega-3 FORTE N90 - Vitaminai ir maisto papildai internetu | Vitaminai.lt","isPartOf":{"@id":"https:\/\/vitaminai.lt\/#website"},"primaryImageOfPage":{"@id":"https:\/\/vitaminai.lt\/produktas\/omega-3-forte-n90\/#primaryimage"},"image":{"@id":"https:\/\/vitaminai.lt\/produktas\/omega-3-forte-n90\/#primaryimage"},"thumbnailUrl":"https:\/\/vitaminai.lt\/wp-content\/uploads\/2024\/08\/Omega-3-Forte_Priekis.png","datePublished":"2024-08-13T05:46:21+00:00","dateModified":"2026-04-08T08:25:20+00:00","breadcrumb":{"@id":"https:\/\/vitaminai.lt\/produktas\/omega-3-forte-n90\/#breadcrumb"},"inLanguage":"en-US","potentialAction":[{"@type":"ReadAction","target":["https:\/\/vitaminai.lt\/produktas\/omega-3-forte-n90\/"]}]},{"@type":"ImageObject","inLanguage":"en-US","@id":"https:\/\/vitaminai.lt\/produktas\/omega-3-forte-n90\/#primaryimage","url":"https:\/\/vitaminai.lt\/wp-content\/uploads\/2024\/08\/Omega-3-Forte_Priekis.png","contentUrl":"https:\/\/vitaminai.lt\/wp-content\/uploads\/2024\/08\/Omega-3-Forte_Priekis.png","width":3001,"height":2928},{"@type":"BreadcrumbList","@id":"https:\/\/vitaminai.lt\/produktas\/omega-3-forte-n90\/#breadcrumb","itemListElement":[{"@type":"ListItem","position":1,"name":"Home","item":"https:\/\/vitaminai.lt\/"},{"@type":"ListItem","position":2,"name":"Produktai","item":"https:\/\/vitaminai.lt\/produktai\/"},{"@type":"ListItem","position":3,"name":"\u017duv\u0173 taukai Omega-3 FORTE N90"}]},{"@type":"WebSite","@id":"https:\/\/vitaminai.lt\/#website","url":"https:\/\/vitaminai.lt\/","name":"Vitaminai ir maisto papildai internetu | Vitaminai.lt","description":"","publisher":{"@id":"https:\/\/vitaminai.lt\/#organization"},"potentialAction":[{"@type":"SearchAction","target":{"@type":"EntryPoint","urlTemplate":"https:\/\/vitaminai.lt\/?s={search_term_string}"},"query-input":{"@type":"PropertyValueSpecification","valueRequired":true,"valueName":"search_term_string"}}],"inLanguage":"en-US"},{"@type":"Organization","@id":"https:\/\/vitaminai.lt\/#organization","name":"Vitaminai ir maisto papildai internetu | Vitaminai.lt","url":"https:\/\/vitaminai.lt\/","logo":{"@type":"ImageObject","inLanguage":"en-US","@id":"https:\/\/vitaminai.lt\/#\/schema\/logo\/image\/","url":"https:\/\/vitaminai.lt\/wp-content\/uploads\/2025\/01\/g212.png","contentUrl":"https:\/\/vitaminai.lt\/wp-content\/uploads\/2025\/01\/g212.png","width":313,"height":74,"caption":"Vitaminai ir maisto papildai internetu | Vitaminai.lt"},"image":{"@id":"https:\/\/vitaminai.lt\/#\/schema\/logo\/image\/"},"sameAs":["https:\/\/www.facebook.com\/vitaminai\/"]}]}},"_links":{"self":[{"href":"https:\/\/vitaminai.lt\/en\/wp-json\/wp\/v2\/product\/382","targetHints":{"allow":["GET"]}}],"collection":[{"href":"https:\/\/vitaminai.lt\/en\/wp-json\/wp\/v2\/product"}],"about":[{"href":"https:\/\/vitaminai.lt\/en\/wp-json\/wp\/v2\/types\/product"}],"replies":[{"embeddable":true,"href":"https:\/\/vitaminai.lt\/en\/wp-json\/wp\/v2\/comments?post=382"}],"wp:featuredmedia":[{"embeddable":true,"href":"https:\/\/vitaminai.lt\/en\/wp-json\/wp\/v2\/media\/1282"}],"wp:attachment":[{"href":"https:\/\/vitaminai.lt\/en\/wp-json\/wp\/v2\/media?parent=382"}],"wp:term":[{"taxonomy":"product_brand","embeddable":true,"href":"https:\/\/vitaminai.lt\/en\/wp-json\/wp\/v2\/product_brand?post=382"},{"taxonomy":"product_cat","embeddable":true,"href":"https:\/\/vitaminai.lt\/en\/wp-json\/wp\/v2\/product_cat?post=382"},{"taxonomy":"product_tag","embeddable":true,"href":"https:\/\/vitaminai.lt\/en\/wp-json\/wp\/v2\/product_tag?post=382"}],"curies":[{"name":"wp","href":"https:\/\/api.w.org\/{rel}","templated":true}]}}