{"id":387,"date":"2024-08-13T05:49:33","date_gmt":"2024-08-13T05:49:33","guid":{"rendered":"https:\/\/vitaminai.lt\/?post_type=product&#038;p=387"},"modified":"2026-04-02T15:04:38","modified_gmt":"2026-04-02T13:04:38","slug":"valerijono-ekstraktas-ramybei-n60","status":"publish","type":"product","link":"https:\/\/vitaminai.lt\/en\/produktas\/valerijono-ekstraktas-ramybei-n60\/","title":{"rendered":"Valerijono ekstraktas ramybei N60"},"content":{"rendered":"<div class=\"flex-shrink-0 flex flex-col relative items-end\">\n<div class=\"pt-0\">\n<div class=\"gizmo-bot-avatar flex h-8 w-8 items-center justify-center overflow-hidden rounded-full\">\n<div class=\"relative p-1 rounded-sm flex items-center justify-center bg-token-main-surface-primary text-token-text-primary h-8 w-8\">\n<article class=\"text-token-text-primary w-full\" dir=\"auto\" data-testid=\"conversation-turn-198\" data-scroll-anchor=\"true\">\n<div class=\"text-base my-auto mx-auto py-5 [--thread-content-margin:--spacing(4)] @[37rem]:[--thread-content-margin:--spacing(6)] @[72rem]:[--thread-content-margin:--spacing(16)] px-(--thread-content-margin)\">\n<div class=\"[--thread-content-max-width:32rem] @[34rem]:[--thread-content-max-width:40rem] @[64rem]:[--thread-content-max-width:48rem] mx-auto flex max-w-(--thread-content-max-width) flex-1 text-base gap-4 md:gap-5 lg:gap-6 group\/turn-messages focus-visible:outline-hidden\" tabindex=\"-1\">\n<div class=\"group\/conversation-turn relative flex w-full min-w-0 flex-col agent-turn\">\n<div class=\"relative flex-col gap-1 md:gap-3\">\n<div class=\"flex max-w-full flex-col grow\">\n<div class=\"min-h-8 text-message relative flex w-full flex-col items-end gap-2 text-start break-words whitespace-normal [.text-message+&amp;]:mt-5\" dir=\"auto\" data-message-author-role=\"assistant\" data-message-id=\"72ee90fa-2046-4e58-bf44-fb2068397c19\" data-message-model-slug=\"gpt-4o\">\n<div class=\"flex w-full flex-col gap-1 empty:hidden first:pt-[3px]\">\n<div class=\"markdown prose dark:prose-invert w-full break-words light\">\n<h3 data-start=\"134\" data-end=\"173\"><strong data-start=\"138\" data-end=\"171\">VALERIJONO EKSTRAKTAS RAMYBEI<\/strong><\/h3>\n<p data-start=\"174\" data-end=\"207\"><strong data-start=\"174\" data-end=\"207\">Maisto papildas | 60 table\u010di\u0173<\/strong><\/p>\n<hr \/>\n<p data-start=\"648\" data-end=\"877\"><strong>Valerijono ekstraktas<\/strong> \u2013 tai augalinis maisto papildas, kurio sud\u0117tyje yra valerijono (Valeriana officinalis L.) \u0161akn\u0173 ekstrakto. Valerijonas tradici\u0161kai vartojamas nerv\u0173 sistemos veiklai ir psichologinei pusiausvyrai palaikyti.<\/p>\n<hr \/>\n<p data-start=\"884\" data-end=\"1026\">Augalas nuo seno naudojamas kaip kasdien\u0117s mitybos dalis siekiant palaikyti bendr\u0105 savijaut\u0105 ir emocin\u0119 pusiausvyr\u0105 \u012ftemptais laikotarpiais.<\/p>\n<hr \/>\n<p data-start=\"1033\" data-end=\"1135\">Maisto papildas skirtas vartoti kaip subalansuotos ir \u012fvairios mitybos bei sveiko gyvenimo b\u016bdo dalis.<\/p>\n<\/div>\n<\/div>\n<\/div>\n<\/div>\n<\/div>\n<\/div>\n<\/div>\n<\/div>\n<\/article>\n<\/div>\n<\/div>\n<\/div>\n<\/div>\n","protected":false},"excerpt":{"rendered":"<p>VALERIJONO EKSTRAKTAS RAMYBEI Maisto papildas | 60 table\u010di\u0173 Valerijono ekstraktas \u2013 tai augalinis maisto papildas, kurio sud\u0117tyje yra valerijono (Valeriana officinalis L.) \u0161akn\u0173 ekstrakto. Valerijonas tradici\u0161kai vartojamas nerv\u0173 sistemos veiklai ir psichologinei pusiausvyrai palaikyti. Augalas nuo seno naudojamas kaip kasdien\u0117s mitybos dalis siekiant palaikyti bendr\u0105 savijaut\u0105 ir emocin\u0119 pusiausvyr\u0105 \u012ftemptais laikotarpiais. Maisto papildas skirtas vartoti [&hellip;]<\/p>\n","protected":false},"featured_media":855,"comment_status":"open","ping_status":"closed","template":"","meta":[],"product_brand":[],"product_cat":[403,254,339,269,396,301,392,292,257,294,290,281,33,40,243,244,245,249,250,20,156,25,167,165,28,60,18,29,23,31,30,34,130],"product_tag":[],"class_list":{"0":"post-387","1":"product","2":"type-product","3":"status-publish","4":"has-post-thumbnail","6":"product_cat-11-viskam","7":"product_cat-akcijos","8":"product_cat-ekstraktas-ramybei","9":"product_cat-ispardavimas","10":"product_cat-itampai-nusiraminimui","11":"product_cat-kraujagyslems-privalumai","12":"product_cat-miegui-2","13":"product_cat-pazinimo-funkcijai-privalumai","14":"product_cat-privalumai","15":"product_cat-psichologinei-funkcijai-privalumai","16":"product_cat-sirdies-veiklai","17":"product_cat-virskinimo-sistemai","18":"product_cat-maisto-papildo-forma","19":"product_cat-tabletes","20":"product_cat-pagrindines-kategorijos","21":"product_cat-moterims","22":"product_cat-vyrams","23":"product_cat-nervu-sistemai-pagrindines-kategorijos","24":"product_cat-sirdziai","25":"product_cat-paskirtis","26":"product_cat-kraujagyslems","27":"product_cat-nervu-sistemai","28":"product_cat-pazinimo-funkcijai","29":"product_cat-psichologinei-funkcijai","30":"product_cat-sirdziai-paskirtis","31":"product_cat-virskinimui","32":"product_cat-vartotojas","33":"product_cat-moterys","34":"product_cat-paaugliai","35":"product_cat-senjorai","36":"product_cat-vyrai","37":"product_cat-veiklioji-medziaga","38":"product_cat-valerijonas","40":"first","41":"instock","42":"sale","43":"shipping-taxable","44":"purchasable","45":"product-type-simple"},"yoast_head":"<!-- This site is optimized with the Yoast SEO plugin v26.6 - https:\/\/yoast.com\/wordpress\/plugins\/seo\/ -->\n<title>Valerijono ekstraktas ramybei N60 - Vitaminai ir maisto papildai internetu | Vitaminai.lt<\/title>\n<meta name=\"robots\" content=\"index, follow, max-snippet:-1, max-image-preview:large, max-video-preview:-1\" \/>\n<link rel=\"canonical\" href=\"https:\/\/vitaminai.lt\/produktas\/valerijono-ekstraktas-ramybei-n60\/\" \/>\n<meta property=\"og:locale\" content=\"en_US\" \/>\n<meta property=\"og:type\" content=\"article\" \/>\n<meta property=\"og:title\" content=\"Valerijono ekstraktas ramybei N60 - Vitaminai ir maisto papildai internetu | Vitaminai.lt\" \/>\n<meta property=\"og:description\" content=\"VALERIJONO EKSTRAKTAS RAMYBEI Maisto papildas | 60 table\u010di\u0173 Valerijono ekstraktas \u2013 tai augalinis maisto papildas, kurio sud\u0117tyje yra valerijono (Valeriana officinalis L.) \u0161akn\u0173 ekstrakto. Valerijonas tradici\u0161kai vartojamas nerv\u0173 sistemos veiklai ir psichologinei pusiausvyrai palaikyti. Augalas nuo seno naudojamas kaip kasdien\u0117s mitybos dalis siekiant palaikyti bendr\u0105 savijaut\u0105 ir emocin\u0119 pusiausvyr\u0105 \u012ftemptais laikotarpiais. Maisto papildas skirtas vartoti [&hellip;]\" \/>\n<meta property=\"og:url\" content=\"https:\/\/vitaminai.lt\/produktas\/valerijono-ekstraktas-ramybei-n60\/\" \/>\n<meta property=\"og:site_name\" content=\"Vitaminai ir maisto papildai internetu | Vitaminai.lt\" \/>\n<meta property=\"article:publisher\" content=\"https:\/\/www.facebook.com\/vitaminai\/\" \/>\n<meta property=\"article:modified_time\" content=\"2026-04-02T13:04:38+00:00\" \/>\n<meta property=\"og:image\" content=\"https:\/\/vitaminai.lt\/wp-content\/uploads\/2024\/08\/Valerijonas_su-fonu.jpg\" \/>\n\t<meta property=\"og:image:width\" content=\"1080\" \/>\n\t<meta property=\"og:image:height\" content=\"1080\" \/>\n\t<meta property=\"og:image:type\" content=\"image\/jpeg\" \/>\n<meta name=\"twitter:card\" content=\"summary_large_image\" \/>\n<meta name=\"twitter:label1\" content=\"Est. reading time\" \/>\n\t<meta name=\"twitter:data1\" content=\"1 minute\" \/>\n<script type=\"application\/ld+json\" class=\"yoast-schema-graph\">{\"@context\":\"https:\/\/schema.org\",\"@graph\":[{\"@type\":\"WebPage\",\"@id\":\"https:\/\/vitaminai.lt\/produktas\/valerijono-ekstraktas-ramybei-n60\/\",\"url\":\"https:\/\/vitaminai.lt\/produktas\/valerijono-ekstraktas-ramybei-n60\/\",\"name\":\"Valerijono ekstraktas ramybei N60 - Vitaminai ir maisto papildai internetu | Vitaminai.lt\",\"isPartOf\":{\"@id\":\"https:\/\/vitaminai.lt\/#website\"},\"primaryImageOfPage\":{\"@id\":\"https:\/\/vitaminai.lt\/produktas\/valerijono-ekstraktas-ramybei-n60\/#primaryimage\"},\"image\":{\"@id\":\"https:\/\/vitaminai.lt\/produktas\/valerijono-ekstraktas-ramybei-n60\/#primaryimage\"},\"thumbnailUrl\":\"https:\/\/vitaminai.lt\/wp-content\/uploads\/2024\/08\/Valerijonas_su-fonu.jpg\",\"datePublished\":\"2024-08-13T05:49:33+00:00\",\"dateModified\":\"2026-04-02T13:04:38+00:00\",\"breadcrumb\":{\"@id\":\"https:\/\/vitaminai.lt\/produktas\/valerijono-ekstraktas-ramybei-n60\/#breadcrumb\"},\"inLanguage\":\"en-US\",\"potentialAction\":[{\"@type\":\"ReadAction\",\"target\":[\"https:\/\/vitaminai.lt\/produktas\/valerijono-ekstraktas-ramybei-n60\/\"]}]},{\"@type\":\"ImageObject\",\"inLanguage\":\"en-US\",\"@id\":\"https:\/\/vitaminai.lt\/produktas\/valerijono-ekstraktas-ramybei-n60\/#primaryimage\",\"url\":\"https:\/\/vitaminai.lt\/wp-content\/uploads\/2024\/08\/Valerijonas_su-fonu.jpg\",\"contentUrl\":\"https:\/\/vitaminai.lt\/wp-content\/uploads\/2024\/08\/Valerijonas_su-fonu.jpg\",\"width\":1080,\"height\":1080},{\"@type\":\"BreadcrumbList\",\"@id\":\"https:\/\/vitaminai.lt\/produktas\/valerijono-ekstraktas-ramybei-n60\/#breadcrumb\",\"itemListElement\":[{\"@type\":\"ListItem\",\"position\":1,\"name\":\"Home\",\"item\":\"https:\/\/vitaminai.lt\/\"},{\"@type\":\"ListItem\",\"position\":2,\"name\":\"Produktai\",\"item\":\"https:\/\/vitaminai.lt\/produktai\/\"},{\"@type\":\"ListItem\",\"position\":3,\"name\":\"Valerijono ekstraktas ramybei N60\"}]},{\"@type\":\"WebSite\",\"@id\":\"https:\/\/vitaminai.lt\/#website\",\"url\":\"https:\/\/vitaminai.lt\/\",\"name\":\"Vitaminai ir maisto papildai internetu | Vitaminai.lt\",\"description\":\"\",\"publisher\":{\"@id\":\"https:\/\/vitaminai.lt\/#organization\"},\"potentialAction\":[{\"@type\":\"SearchAction\",\"target\":{\"@type\":\"EntryPoint\",\"urlTemplate\":\"https:\/\/vitaminai.lt\/?s={search_term_string}\"},\"query-input\":{\"@type\":\"PropertyValueSpecification\",\"valueRequired\":true,\"valueName\":\"search_term_string\"}}],\"inLanguage\":\"en-US\"},{\"@type\":\"Organization\",\"@id\":\"https:\/\/vitaminai.lt\/#organization\",\"name\":\"Vitaminai ir maisto papildai internetu | Vitaminai.lt\",\"url\":\"https:\/\/vitaminai.lt\/\",\"logo\":{\"@type\":\"ImageObject\",\"inLanguage\":\"en-US\",\"@id\":\"https:\/\/vitaminai.lt\/#\/schema\/logo\/image\/\",\"url\":\"https:\/\/vitaminai.lt\/wp-content\/uploads\/2025\/01\/g212.png\",\"contentUrl\":\"https:\/\/vitaminai.lt\/wp-content\/uploads\/2025\/01\/g212.png\",\"width\":313,\"height\":74,\"caption\":\"Vitaminai ir maisto papildai internetu | Vitaminai.lt\"},\"image\":{\"@id\":\"https:\/\/vitaminai.lt\/#\/schema\/logo\/image\/\"},\"sameAs\":[\"https:\/\/www.facebook.com\/vitaminai\/\"]}]}<\/script>\n<!-- \/ Yoast SEO plugin. -->","yoast_head_json":{"title":"Valerijono ekstraktas ramybei N60 - Vitaminai ir maisto papildai internetu | Vitaminai.lt","robots":{"index":"index","follow":"follow","max-snippet":"max-snippet:-1","max-image-preview":"max-image-preview:large","max-video-preview":"max-video-preview:-1"},"canonical":"https:\/\/vitaminai.lt\/produktas\/valerijono-ekstraktas-ramybei-n60\/","og_locale":"en_US","og_type":"article","og_title":"Valerijono ekstraktas ramybei N60 - Vitaminai ir maisto papildai internetu | Vitaminai.lt","og_description":"VALERIJONO EKSTRAKTAS RAMYBEI Maisto papildas | 60 table\u010di\u0173 Valerijono ekstraktas \u2013 tai augalinis maisto papildas, kurio sud\u0117tyje yra valerijono (Valeriana officinalis L.) \u0161akn\u0173 ekstrakto. Valerijonas tradici\u0161kai vartojamas nerv\u0173 sistemos veiklai ir psichologinei pusiausvyrai palaikyti. Augalas nuo seno naudojamas kaip kasdien\u0117s mitybos dalis siekiant palaikyti bendr\u0105 savijaut\u0105 ir emocin\u0119 pusiausvyr\u0105 \u012ftemptais laikotarpiais. Maisto papildas skirtas vartoti [&hellip;]","og_url":"https:\/\/vitaminai.lt\/produktas\/valerijono-ekstraktas-ramybei-n60\/","og_site_name":"Vitaminai ir maisto papildai internetu | Vitaminai.lt","article_publisher":"https:\/\/www.facebook.com\/vitaminai\/","article_modified_time":"2026-04-02T13:04:38+00:00","og_image":[{"width":1080,"height":1080,"url":"https:\/\/vitaminai.lt\/wp-content\/uploads\/2024\/08\/Valerijonas_su-fonu.jpg","type":"image\/jpeg"}],"twitter_card":"summary_large_image","twitter_misc":{"Est. reading time":"1 minute"},"schema":{"@context":"https:\/\/schema.org","@graph":[{"@type":"WebPage","@id":"https:\/\/vitaminai.lt\/produktas\/valerijono-ekstraktas-ramybei-n60\/","url":"https:\/\/vitaminai.lt\/produktas\/valerijono-ekstraktas-ramybei-n60\/","name":"Valerijono ekstraktas ramybei N60 - Vitaminai ir maisto papildai internetu | Vitaminai.lt","isPartOf":{"@id":"https:\/\/vitaminai.lt\/#website"},"primaryImageOfPage":{"@id":"https:\/\/vitaminai.lt\/produktas\/valerijono-ekstraktas-ramybei-n60\/#primaryimage"},"image":{"@id":"https:\/\/vitaminai.lt\/produktas\/valerijono-ekstraktas-ramybei-n60\/#primaryimage"},"thumbnailUrl":"https:\/\/vitaminai.lt\/wp-content\/uploads\/2024\/08\/Valerijonas_su-fonu.jpg","datePublished":"2024-08-13T05:49:33+00:00","dateModified":"2026-04-02T13:04:38+00:00","breadcrumb":{"@id":"https:\/\/vitaminai.lt\/produktas\/valerijono-ekstraktas-ramybei-n60\/#breadcrumb"},"inLanguage":"en-US","potentialAction":[{"@type":"ReadAction","target":["https:\/\/vitaminai.lt\/produktas\/valerijono-ekstraktas-ramybei-n60\/"]}]},{"@type":"ImageObject","inLanguage":"en-US","@id":"https:\/\/vitaminai.lt\/produktas\/valerijono-ekstraktas-ramybei-n60\/#primaryimage","url":"https:\/\/vitaminai.lt\/wp-content\/uploads\/2024\/08\/Valerijonas_su-fonu.jpg","contentUrl":"https:\/\/vitaminai.lt\/wp-content\/uploads\/2024\/08\/Valerijonas_su-fonu.jpg","width":1080,"height":1080},{"@type":"BreadcrumbList","@id":"https:\/\/vitaminai.lt\/produktas\/valerijono-ekstraktas-ramybei-n60\/#breadcrumb","itemListElement":[{"@type":"ListItem","position":1,"name":"Home","item":"https:\/\/vitaminai.lt\/"},{"@type":"ListItem","position":2,"name":"Produktai","item":"https:\/\/vitaminai.lt\/produktai\/"},{"@type":"ListItem","position":3,"name":"Valerijono ekstraktas ramybei N60"}]},{"@type":"WebSite","@id":"https:\/\/vitaminai.lt\/#website","url":"https:\/\/vitaminai.lt\/","name":"Vitaminai ir maisto papildai internetu | Vitaminai.lt","description":"","publisher":{"@id":"https:\/\/vitaminai.lt\/#organization"},"potentialAction":[{"@type":"SearchAction","target":{"@type":"EntryPoint","urlTemplate":"https:\/\/vitaminai.lt\/?s={search_term_string}"},"query-input":{"@type":"PropertyValueSpecification","valueRequired":true,"valueName":"search_term_string"}}],"inLanguage":"en-US"},{"@type":"Organization","@id":"https:\/\/vitaminai.lt\/#organization","name":"Vitaminai ir maisto papildai internetu | Vitaminai.lt","url":"https:\/\/vitaminai.lt\/","logo":{"@type":"ImageObject","inLanguage":"en-US","@id":"https:\/\/vitaminai.lt\/#\/schema\/logo\/image\/","url":"https:\/\/vitaminai.lt\/wp-content\/uploads\/2025\/01\/g212.png","contentUrl":"https:\/\/vitaminai.lt\/wp-content\/uploads\/2025\/01\/g212.png","width":313,"height":74,"caption":"Vitaminai ir maisto papildai internetu | Vitaminai.lt"},"image":{"@id":"https:\/\/vitaminai.lt\/#\/schema\/logo\/image\/"},"sameAs":["https:\/\/www.facebook.com\/vitaminai\/"]}]}},"_links":{"self":[{"href":"https:\/\/vitaminai.lt\/en\/wp-json\/wp\/v2\/product\/387","targetHints":{"allow":["GET"]}}],"collection":[{"href":"https:\/\/vitaminai.lt\/en\/wp-json\/wp\/v2\/product"}],"about":[{"href":"https:\/\/vitaminai.lt\/en\/wp-json\/wp\/v2\/types\/product"}],"replies":[{"embeddable":true,"href":"https:\/\/vitaminai.lt\/en\/wp-json\/wp\/v2\/comments?post=387"}],"wp:featuredmedia":[{"embeddable":true,"href":"https:\/\/vitaminai.lt\/en\/wp-json\/wp\/v2\/media\/855"}],"wp:attachment":[{"href":"https:\/\/vitaminai.lt\/en\/wp-json\/wp\/v2\/media?parent=387"}],"wp:term":[{"taxonomy":"product_brand","embeddable":true,"href":"https:\/\/vitaminai.lt\/en\/wp-json\/wp\/v2\/product_brand?post=387"},{"taxonomy":"product_cat","embeddable":true,"href":"https:\/\/vitaminai.lt\/en\/wp-json\/wp\/v2\/product_cat?post=387"},{"taxonomy":"product_tag","embeddable":true,"href":"https:\/\/vitaminai.lt\/en\/wp-json\/wp\/v2\/product_tag?post=387"}],"curies":[{"name":"wp","href":"https:\/\/api.w.org\/{rel}","templated":true}]}}