{"id":390,"date":"2024-08-13T05:50:49","date_gmt":"2024-08-13T05:50:49","guid":{"rendered":"https:\/\/vitaminai.lt\/?post_type=product&#038;p=390"},"modified":"2026-04-08T10:25:17","modified_gmt":"2026-04-08T08:25:17","slug":"vitaminas-c-500-kramtomos-tabletes-n40","status":"publish","type":"product","link":"https:\/\/vitaminai.lt\/en\/produktas\/vitaminas-c-500-kramtomos-tabletes-n40\/","title":{"rendered":"Vitaminas C 500 kramtomos tablet\u0117s N40"},"content":{"rendered":"<article class=\"text-token-text-primary w-full\" dir=\"auto\" data-testid=\"conversation-turn-196\" data-scroll-anchor=\"true\">\n<div class=\"text-base my-auto mx-auto py-5 [--thread-content-margin:--spacing(4)] @[37rem]:[--thread-content-margin:--spacing(6)] @[72rem]:[--thread-content-margin:--spacing(16)] px-(--thread-content-margin)\">\n<div class=\"[--thread-content-max-width:32rem] @[34rem]:[--thread-content-max-width:40rem] @[64rem]:[--thread-content-max-width:48rem] mx-auto flex max-w-(--thread-content-max-width) flex-1 text-base gap-4 md:gap-5 lg:gap-6 group\/turn-messages focus-visible:outline-hidden\" tabindex=\"-1\">\n<div class=\"group\/conversation-turn relative flex w-full min-w-0 flex-col agent-turn\">\n<div class=\"relative flex-col gap-1 md:gap-3\">\n<div class=\"flex max-w-full flex-col grow\">\n<div class=\"min-h-8 text-message relative flex w-full flex-col items-end gap-2 text-start break-words whitespace-normal [.text-message+&amp;]:mt-5\" dir=\"auto\" data-message-author-role=\"assistant\" data-message-id=\"71162c17-70c1-49b3-b75b-9a520bebb9c3\" data-message-model-slug=\"gpt-4o\">\n<div class=\"markdown prose dark:prose-invert w-full break-words light\">\n<h3 data-start=\"139\" data-end=\"186\"><strong data-start=\"143\" data-end=\"184\">VITAMINAS C 500 mg kramtomos tablet\u0117s<\/strong><\/h3>\n<p data-start=\"187\" data-end=\"249\"><strong data-start=\"187\" data-end=\"249\">Maisto papildas | 40 kramtom\u0173j\u0173 table\u010di\u0173 | Apelsin\u0173 skonio<\/strong><\/p>\n<hr \/>\n<\/div>\n<p data-start=\"1063\" data-end=\"1238\"><strong data-start=\"1063\" data-end=\"1104\">Vitaminas C 500 mg kramtomos tablet\u0117s<\/strong> \u2013 patogus b\u016bdas papildyti kasdien\u0119 mityb\u0105 vitaminu C. Malonus apelsin\u0173 skonis ir kramtomoji forma leid\u017eia lengvai vartoti be vandens.<\/p>\n<hr \/>\n<p data-start=\"1240\" data-end=\"1282\"><strong>Kod\u0117l verta rinktis Vitamin\u0105 C 500 mg?<\/strong><\/p>\n<p data-start=\"1284\" data-end=\"1378\"><strong data-start=\"1284\" data-end=\"1312\">Imunin\u0117s sistemos veikla<\/strong> \u2013 vitaminas C padeda palaikyti normali\u0105 imunin\u0117s sistemos veikl\u0105.<\/p>\n<p data-start=\"1380\" data-end=\"1550\"><strong data-start=\"1380\" data-end=\"1404\">Kolageno susidarymas<\/strong> \u2013 vitaminas C padeda palaikyti normal\u0173 kolageno susidarym\u0105, reikaling\u0105 normaliai odos, kraujagysli\u0173, kaul\u0173, kremzli\u0173, danten\u0173 ir dant\u0173 funkcijai.<\/p>\n<p data-start=\"1552\" data-end=\"1705\"><strong data-start=\"1552\" data-end=\"1597\">Energijos apykaita ir nuovargio ma\u017einimas<\/strong> \u2013 vitaminas C padeda palaikyti normali\u0105 energijos apykait\u0105 ir padeda ma\u017einti nuovarg\u012f bei pavargimo jausm\u0105.<\/p>\n<p data-start=\"1707\" data-end=\"1838\"><strong data-start=\"1707\" data-end=\"1750\">Nerv\u0173 sistemos ir psichologin\u0117 funkcija<\/strong> \u2013 vitaminas C padeda palaikyti normali\u0105 nerv\u0173 sistemos veikl\u0105 ir psichologin\u0119 funkcij\u0105.<\/p>\n<p data-start=\"1840\" data-end=\"1942\"><strong data-start=\"1840\" data-end=\"1876\">Apsauga nuo oksidacin\u0117s pa\u017eaidos<\/strong> \u2013 vitaminas C padeda apsaugoti l\u0105steles nuo oksidacin\u0117s pa\u017eaidos.<\/p>\n<p data-start=\"1944\" data-end=\"2037\"><strong data-start=\"1944\" data-end=\"1973\">Geras skonis ir patogumas<\/strong> \u2013 apelsin\u0173 skonio kramtomos tablet\u0117s, patogios vartoti kasdien.<\/p>\n<hr \/>\n<p data-start=\"2039\" data-end=\"2128\"><strong data-start=\"2039\" data-end=\"2061\">Vitaminas C 500 mg<\/strong> \u2013 apelsin\u0173 skonio kramtomos tablet\u0117s kasdien\u0117s mitybos papildymui.<\/p>\n<\/div>\n<\/div>\n<\/div>\n<\/div>\n<\/div>\n<\/div>\n<\/article>\n","protected":false},"excerpt":{"rendered":"<p>VITAMINAS C 500 mg kramtomos tablet\u0117s Maisto papildas | 40 kramtom\u0173j\u0173 table\u010di\u0173 | Apelsin\u0173 skonio Vitaminas C 500 mg kramtomos tablet\u0117s \u2013 patogus b\u016bdas papildyti kasdien\u0119 mityb\u0105 vitaminu C. Malonus apelsin\u0173 skonis ir kramtomoji forma leid\u017eia lengvai vartoti be vandens. Kod\u0117l verta rinktis Vitamin\u0105 C 500 mg? Imunin\u0117s sistemos veikla \u2013 vitaminas C padeda palaikyti [&hellip;]<\/p>\n","protected":false},"featured_media":391,"comment_status":"open","ping_status":"closed","template":"","meta":[],"product_brand":[],"product_cat":[403,254,311,278,260,276,307,257,294,368,33,40,243,244,245,247,248,249,251,20,26,32,168,25,171,174,165,152,18,29,23,31,19,30,34,96],"product_tag":[],"class_list":{"0":"post-390","1":"product","2":"type-product","3":"status-publish","4":"has-post-thumbnail","6":"product_cat-11-viskam","7":"product_cat-akcijos","8":"product_cat-antioksidantas","9":"product_cat-energijos-apykaitai","10":"product_cat-imunitetui-privalumai","11":"product_cat-nervu-sistemai-privalumai","12":"product_cat-nuovargio-mazinimui-privalumai-2","13":"product_cat-privalumai","14":"product_cat-psichologinei-funkcijai-privalumai","15":"product_cat-sportuojantiems-pagrindines-kategorijos","16":"product_cat-maisto-papildo-forma","17":"product_cat-tabletes","18":"product_cat-pagrindines-kategorijos","19":"product_cat-moterims","20":"product_cat-vyrams","21":"product_cat-energijai-pagrindines-kategorijos","22":"product_cat-imunitetui-pagrindines-kategorijos","23":"product_cat-nervu-sistemai-pagrindines-kategorijos","24":"product_cat-vaikams","25":"product_cat-paskirtis","26":"product_cat-energijai","27":"product_cat-imunitetui","28":"product_cat-istvermei","29":"product_cat-nervu-sistemai","30":"product_cat-nuovargio-mazinimui","31":"product_cat-organizmo-apsaugai","32":"product_cat-psichologinei-funkcijai","33":"product_cat-susirgus","34":"product_cat-vartotojas","35":"product_cat-moterys","36":"product_cat-paaugliai","37":"product_cat-senjorai","38":"product_cat-vaikai","39":"product_cat-vyrai","40":"product_cat-veiklioji-medziaga","41":"product_cat-vitaminas-c","43":"first","44":"instock","45":"sale","46":"shipping-taxable","47":"purchasable","48":"product-type-simple"},"yoast_head":"<!-- This site is optimized with the Yoast SEO plugin v26.6 - https:\/\/yoast.com\/wordpress\/plugins\/seo\/ -->\n<title>Vitaminas C 500 kramtomos tablet\u0117s N40 - Vitaminai ir maisto papildai internetu | Vitaminai.lt<\/title>\n<meta name=\"robots\" content=\"index, follow, max-snippet:-1, max-image-preview:large, max-video-preview:-1\" \/>\n<link rel=\"canonical\" href=\"https:\/\/vitaminai.lt\/produktas\/vitaminas-c-500-kramtomos-tabletes-n40\/\" \/>\n<meta property=\"og:locale\" content=\"en_US\" \/>\n<meta property=\"og:type\" content=\"article\" \/>\n<meta property=\"og:title\" content=\"Vitaminas C 500 kramtomos tablet\u0117s N40 - Vitaminai ir maisto papildai internetu | Vitaminai.lt\" \/>\n<meta property=\"og:description\" content=\"VITAMINAS C 500 mg kramtomos tablet\u0117s Maisto papildas | 40 kramtom\u0173j\u0173 table\u010di\u0173 | Apelsin\u0173 skonio Vitaminas C 500 mg kramtomos tablet\u0117s \u2013 patogus b\u016bdas papildyti kasdien\u0119 mityb\u0105 vitaminu C. Malonus apelsin\u0173 skonis ir kramtomoji forma leid\u017eia lengvai vartoti be vandens. Kod\u0117l verta rinktis Vitamin\u0105 C 500 mg? Imunin\u0117s sistemos veikla \u2013 vitaminas C padeda palaikyti [&hellip;]\" \/>\n<meta property=\"og:url\" content=\"https:\/\/vitaminai.lt\/produktas\/vitaminas-c-500-kramtomos-tabletes-n40\/\" \/>\n<meta property=\"og:site_name\" content=\"Vitaminai ir maisto papildai internetu | Vitaminai.lt\" \/>\n<meta property=\"article:publisher\" content=\"https:\/\/www.facebook.com\/vitaminai\/\" \/>\n<meta property=\"article:modified_time\" content=\"2026-04-08T08:25:17+00:00\" \/>\n<meta property=\"og:image\" content=\"https:\/\/vitaminai.lt\/wp-content\/uploads\/2024\/08\/Vitaminas-C-kita-puse_be-fono.png\" \/>\n\t<meta property=\"og:image:width\" content=\"1500\" \/>\n\t<meta property=\"og:image:height\" content=\"1455\" \/>\n\t<meta property=\"og:image:type\" content=\"image\/png\" \/>\n<meta name=\"twitter:card\" content=\"summary_large_image\" \/>\n<meta name=\"twitter:label1\" content=\"Est. reading time\" \/>\n\t<meta name=\"twitter:data1\" content=\"1 minute\" \/>\n<script type=\"application\/ld+json\" class=\"yoast-schema-graph\">{\"@context\":\"https:\/\/schema.org\",\"@graph\":[{\"@type\":\"WebPage\",\"@id\":\"https:\/\/vitaminai.lt\/produktas\/vitaminas-c-500-kramtomos-tabletes-n40\/\",\"url\":\"https:\/\/vitaminai.lt\/produktas\/vitaminas-c-500-kramtomos-tabletes-n40\/\",\"name\":\"Vitaminas C 500 kramtomos tablet\u0117s N40 - Vitaminai ir maisto papildai internetu | Vitaminai.lt\",\"isPartOf\":{\"@id\":\"https:\/\/vitaminai.lt\/#website\"},\"primaryImageOfPage\":{\"@id\":\"https:\/\/vitaminai.lt\/produktas\/vitaminas-c-500-kramtomos-tabletes-n40\/#primaryimage\"},\"image\":{\"@id\":\"https:\/\/vitaminai.lt\/produktas\/vitaminas-c-500-kramtomos-tabletes-n40\/#primaryimage\"},\"thumbnailUrl\":\"https:\/\/vitaminai.lt\/wp-content\/uploads\/2024\/08\/Vitaminas-C-kita-puse_be-fono.png\",\"datePublished\":\"2024-08-13T05:50:49+00:00\",\"dateModified\":\"2026-04-08T08:25:17+00:00\",\"breadcrumb\":{\"@id\":\"https:\/\/vitaminai.lt\/produktas\/vitaminas-c-500-kramtomos-tabletes-n40\/#breadcrumb\"},\"inLanguage\":\"en-US\",\"potentialAction\":[{\"@type\":\"ReadAction\",\"target\":[\"https:\/\/vitaminai.lt\/produktas\/vitaminas-c-500-kramtomos-tabletes-n40\/\"]}]},{\"@type\":\"ImageObject\",\"inLanguage\":\"en-US\",\"@id\":\"https:\/\/vitaminai.lt\/produktas\/vitaminas-c-500-kramtomos-tabletes-n40\/#primaryimage\",\"url\":\"https:\/\/vitaminai.lt\/wp-content\/uploads\/2024\/08\/Vitaminas-C-kita-puse_be-fono.png\",\"contentUrl\":\"https:\/\/vitaminai.lt\/wp-content\/uploads\/2024\/08\/Vitaminas-C-kita-puse_be-fono.png\",\"width\":1500,\"height\":1455},{\"@type\":\"BreadcrumbList\",\"@id\":\"https:\/\/vitaminai.lt\/produktas\/vitaminas-c-500-kramtomos-tabletes-n40\/#breadcrumb\",\"itemListElement\":[{\"@type\":\"ListItem\",\"position\":1,\"name\":\"Home\",\"item\":\"https:\/\/vitaminai.lt\/\"},{\"@type\":\"ListItem\",\"position\":2,\"name\":\"Produktai\",\"item\":\"https:\/\/vitaminai.lt\/produktai\/\"},{\"@type\":\"ListItem\",\"position\":3,\"name\":\"Vitaminas C 500 kramtomos tablet\u0117s N40\"}]},{\"@type\":\"WebSite\",\"@id\":\"https:\/\/vitaminai.lt\/#website\",\"url\":\"https:\/\/vitaminai.lt\/\",\"name\":\"Vitaminai ir maisto papildai internetu | Vitaminai.lt\",\"description\":\"\",\"publisher\":{\"@id\":\"https:\/\/vitaminai.lt\/#organization\"},\"potentialAction\":[{\"@type\":\"SearchAction\",\"target\":{\"@type\":\"EntryPoint\",\"urlTemplate\":\"https:\/\/vitaminai.lt\/?s={search_term_string}\"},\"query-input\":{\"@type\":\"PropertyValueSpecification\",\"valueRequired\":true,\"valueName\":\"search_term_string\"}}],\"inLanguage\":\"en-US\"},{\"@type\":\"Organization\",\"@id\":\"https:\/\/vitaminai.lt\/#organization\",\"name\":\"Vitaminai ir maisto papildai internetu | Vitaminai.lt\",\"url\":\"https:\/\/vitaminai.lt\/\",\"logo\":{\"@type\":\"ImageObject\",\"inLanguage\":\"en-US\",\"@id\":\"https:\/\/vitaminai.lt\/#\/schema\/logo\/image\/\",\"url\":\"https:\/\/vitaminai.lt\/wp-content\/uploads\/2025\/01\/g212.png\",\"contentUrl\":\"https:\/\/vitaminai.lt\/wp-content\/uploads\/2025\/01\/g212.png\",\"width\":313,\"height\":74,\"caption\":\"Vitaminai ir maisto papildai internetu | Vitaminai.lt\"},\"image\":{\"@id\":\"https:\/\/vitaminai.lt\/#\/schema\/logo\/image\/\"},\"sameAs\":[\"https:\/\/www.facebook.com\/vitaminai\/\"]}]}<\/script>\n<!-- \/ Yoast SEO plugin. -->","yoast_head_json":{"title":"Vitaminas C 500 kramtomos tablet\u0117s N40 - Vitaminai ir maisto papildai internetu | Vitaminai.lt","robots":{"index":"index","follow":"follow","max-snippet":"max-snippet:-1","max-image-preview":"max-image-preview:large","max-video-preview":"max-video-preview:-1"},"canonical":"https:\/\/vitaminai.lt\/produktas\/vitaminas-c-500-kramtomos-tabletes-n40\/","og_locale":"en_US","og_type":"article","og_title":"Vitaminas C 500 kramtomos tablet\u0117s N40 - Vitaminai ir maisto papildai internetu | Vitaminai.lt","og_description":"VITAMINAS C 500 mg kramtomos tablet\u0117s Maisto papildas | 40 kramtom\u0173j\u0173 table\u010di\u0173 | Apelsin\u0173 skonio Vitaminas C 500 mg kramtomos tablet\u0117s \u2013 patogus b\u016bdas papildyti kasdien\u0119 mityb\u0105 vitaminu C. Malonus apelsin\u0173 skonis ir kramtomoji forma leid\u017eia lengvai vartoti be vandens. Kod\u0117l verta rinktis Vitamin\u0105 C 500 mg? Imunin\u0117s sistemos veikla \u2013 vitaminas C padeda palaikyti [&hellip;]","og_url":"https:\/\/vitaminai.lt\/produktas\/vitaminas-c-500-kramtomos-tabletes-n40\/","og_site_name":"Vitaminai ir maisto papildai internetu | Vitaminai.lt","article_publisher":"https:\/\/www.facebook.com\/vitaminai\/","article_modified_time":"2026-04-08T08:25:17+00:00","og_image":[{"width":1500,"height":1455,"url":"https:\/\/vitaminai.lt\/wp-content\/uploads\/2024\/08\/Vitaminas-C-kita-puse_be-fono.png","type":"image\/png"}],"twitter_card":"summary_large_image","twitter_misc":{"Est. reading time":"1 minute"},"schema":{"@context":"https:\/\/schema.org","@graph":[{"@type":"WebPage","@id":"https:\/\/vitaminai.lt\/produktas\/vitaminas-c-500-kramtomos-tabletes-n40\/","url":"https:\/\/vitaminai.lt\/produktas\/vitaminas-c-500-kramtomos-tabletes-n40\/","name":"Vitaminas C 500 kramtomos tablet\u0117s N40 - Vitaminai ir maisto papildai internetu | Vitaminai.lt","isPartOf":{"@id":"https:\/\/vitaminai.lt\/#website"},"primaryImageOfPage":{"@id":"https:\/\/vitaminai.lt\/produktas\/vitaminas-c-500-kramtomos-tabletes-n40\/#primaryimage"},"image":{"@id":"https:\/\/vitaminai.lt\/produktas\/vitaminas-c-500-kramtomos-tabletes-n40\/#primaryimage"},"thumbnailUrl":"https:\/\/vitaminai.lt\/wp-content\/uploads\/2024\/08\/Vitaminas-C-kita-puse_be-fono.png","datePublished":"2024-08-13T05:50:49+00:00","dateModified":"2026-04-08T08:25:17+00:00","breadcrumb":{"@id":"https:\/\/vitaminai.lt\/produktas\/vitaminas-c-500-kramtomos-tabletes-n40\/#breadcrumb"},"inLanguage":"en-US","potentialAction":[{"@type":"ReadAction","target":["https:\/\/vitaminai.lt\/produktas\/vitaminas-c-500-kramtomos-tabletes-n40\/"]}]},{"@type":"ImageObject","inLanguage":"en-US","@id":"https:\/\/vitaminai.lt\/produktas\/vitaminas-c-500-kramtomos-tabletes-n40\/#primaryimage","url":"https:\/\/vitaminai.lt\/wp-content\/uploads\/2024\/08\/Vitaminas-C-kita-puse_be-fono.png","contentUrl":"https:\/\/vitaminai.lt\/wp-content\/uploads\/2024\/08\/Vitaminas-C-kita-puse_be-fono.png","width":1500,"height":1455},{"@type":"BreadcrumbList","@id":"https:\/\/vitaminai.lt\/produktas\/vitaminas-c-500-kramtomos-tabletes-n40\/#breadcrumb","itemListElement":[{"@type":"ListItem","position":1,"name":"Home","item":"https:\/\/vitaminai.lt\/"},{"@type":"ListItem","position":2,"name":"Produktai","item":"https:\/\/vitaminai.lt\/produktai\/"},{"@type":"ListItem","position":3,"name":"Vitaminas C 500 kramtomos tablet\u0117s N40"}]},{"@type":"WebSite","@id":"https:\/\/vitaminai.lt\/#website","url":"https:\/\/vitaminai.lt\/","name":"Vitaminai ir maisto papildai internetu | Vitaminai.lt","description":"","publisher":{"@id":"https:\/\/vitaminai.lt\/#organization"},"potentialAction":[{"@type":"SearchAction","target":{"@type":"EntryPoint","urlTemplate":"https:\/\/vitaminai.lt\/?s={search_term_string}"},"query-input":{"@type":"PropertyValueSpecification","valueRequired":true,"valueName":"search_term_string"}}],"inLanguage":"en-US"},{"@type":"Organization","@id":"https:\/\/vitaminai.lt\/#organization","name":"Vitaminai ir maisto papildai internetu | Vitaminai.lt","url":"https:\/\/vitaminai.lt\/","logo":{"@type":"ImageObject","inLanguage":"en-US","@id":"https:\/\/vitaminai.lt\/#\/schema\/logo\/image\/","url":"https:\/\/vitaminai.lt\/wp-content\/uploads\/2025\/01\/g212.png","contentUrl":"https:\/\/vitaminai.lt\/wp-content\/uploads\/2025\/01\/g212.png","width":313,"height":74,"caption":"Vitaminai ir maisto papildai internetu | Vitaminai.lt"},"image":{"@id":"https:\/\/vitaminai.lt\/#\/schema\/logo\/image\/"},"sameAs":["https:\/\/www.facebook.com\/vitaminai\/"]}]}},"_links":{"self":[{"href":"https:\/\/vitaminai.lt\/en\/wp-json\/wp\/v2\/product\/390","targetHints":{"allow":["GET"]}}],"collection":[{"href":"https:\/\/vitaminai.lt\/en\/wp-json\/wp\/v2\/product"}],"about":[{"href":"https:\/\/vitaminai.lt\/en\/wp-json\/wp\/v2\/types\/product"}],"replies":[{"embeddable":true,"href":"https:\/\/vitaminai.lt\/en\/wp-json\/wp\/v2\/comments?post=390"}],"wp:featuredmedia":[{"embeddable":true,"href":"https:\/\/vitaminai.lt\/en\/wp-json\/wp\/v2\/media\/391"}],"wp:attachment":[{"href":"https:\/\/vitaminai.lt\/en\/wp-json\/wp\/v2\/media?parent=390"}],"wp:term":[{"taxonomy":"product_brand","embeddable":true,"href":"https:\/\/vitaminai.lt\/en\/wp-json\/wp\/v2\/product_brand?post=390"},{"taxonomy":"product_cat","embeddable":true,"href":"https:\/\/vitaminai.lt\/en\/wp-json\/wp\/v2\/product_cat?post=390"},{"taxonomy":"product_tag","embeddable":true,"href":"https:\/\/vitaminai.lt\/en\/wp-json\/wp\/v2\/product_tag?post=390"}],"curies":[{"name":"wp","href":"https:\/\/api.w.org\/{rel}","templated":true}]}}