{"id":396,"date":"2024-08-13T05:53:33","date_gmt":"2024-08-13T05:53:33","guid":{"rendered":"https:\/\/vitaminai.lt\/?post_type=product&#038;p=396"},"modified":"2026-04-08T10:25:20","modified_gmt":"2026-04-08T08:25:20","slug":"b12folio-rugstis-n90","status":"publish","type":"product","link":"https:\/\/vitaminai.lt\/en\/produktas\/b12folio-rugstis-n90\/","title":{"rendered":"Vitaminas B12+Folio r\u016bg\u0161tis N90"},"content":{"rendered":"<h3 data-start=\"96\" data-end=\"137\"><strong data-start=\"100\" data-end=\"135\">VITAMINAS B12 SU FOLIO R\u016aG\u0160TIMI<\/strong><\/h3>\n<p data-start=\"138\" data-end=\"171\"><strong data-start=\"138\" data-end=\"171\">Maisto papildas | 90 table\u010di\u0173<\/strong><\/p>\n<p data-start=\"173\" data-end=\"242\"><strong data-start=\"173\" data-end=\"242\">Subalansuotas derinys energijai, imunitetui ir n\u0117\u0161tumo palaikymui<\/strong><\/p>\n<p data-start=\"244\" data-end=\"505\">Vitaminas B12 su folio r\u016bg\u0161timi \u2013 tai svarbus kompleksas, sukurtas palaikyti energijos apykait\u0105, nerv\u0173 sistem\u0105 ir kraujodar\u0105. Idealiai tinka moterims planuojan\u010dioms n\u0117\u0161tum\u0105 ar jau besilaukian\u010dioms, taip pat visiems, siekiantiems palaikyti ger\u0105 bendr\u0105 savijaut\u0105.<\/p>\n<hr data-start=\"507\" data-end=\"510\" \/>\n<p data-start=\"512\" data-end=\"575\"><strong data-start=\"517\" data-end=\"575\">Kod\u0117l verta pasirinkti Vitamin\u0105 B12 su Folio R\u016bg\u0161timi?<\/strong><\/p>\n<p data-start=\"577\" data-end=\"1163\"><strong data-start=\"577\" data-end=\"604\">Energijai ir imunitetui<\/strong> \u2013 vitaminas B12 padeda palaikyti energijos apykait\u0105, ma\u017eina nuovarg\u012f, svarbus imuninei sistemai<\/p>\n<p data-start=\"577\" data-end=\"1163\"><strong data-start=\"703\" data-end=\"745\">Nerv\u0173 sistemai ir psichologinei b\u016bklei<\/strong> \u2013 vitaminas B12 padeda palaikyti normali\u0105 nerv\u0173 sistemos ir psichologin\u0119 funkcij\u0105<\/p>\n<p data-start=\"577\" data-end=\"1163\"><strong data-start=\"830\" data-end=\"854\">Folio r\u016bg\u0161ties nauda<\/strong> \u2013 svarbi kraujodarai, psichologinei funkcijai, homocisteino apykaitai ir aminor\u016bg\u0161\u010di\u0173 sintezei<\/p>\n<p data-start=\"577\" data-end=\"1163\"><strong data-start=\"952\" data-end=\"968\">N\u0117\u0161tumo metu<\/strong> \u2013 folio r\u016bg\u0161tis padeda normaliai motinos audini\u0173 raidai ir vaisiaus vystymuisi<\/p>\n<p data-start=\"577\" data-end=\"1163\"><strong data-start=\"1050\" data-end=\"1065\">Kraujodarai<\/strong> \u2013 abu vitaminai prisideda prie raudon\u0173j\u0173 kraujo k\u016bneli\u0173 susidarymo ir l\u0105steli\u0173 dalijimosi proceso<\/p>\n<hr data-start=\"1165\" data-end=\"1168\" \/>\n<p data-start=\"1170\" data-end=\"1309\" data-is-last-node=\"\" data-is-only-node=\"\"><strong data-start=\"1170\" data-end=\"1309\" data-is-last-node=\"\">Vitaminas B12 su folio r\u016bg\u0161timi \u2013 tai i\u0161manus sprendimas tiems, kurie r\u016bpinasi savo energija, imunitetu, nerv\u0173 sistema ir n\u0117\u0161tumo eiga.<\/strong><\/p>\n","protected":false},"excerpt":{"rendered":"<p>VITAMINAS B12 SU FOLIO R\u016aG\u0160TIMI Maisto papildas | 90 table\u010di\u0173 Subalansuotas derinys energijai, imunitetui ir n\u0117\u0161tumo palaikymui Vitaminas B12 su folio r\u016bg\u0161timi \u2013 tai svarbus kompleksas, sukurtas palaikyti energijos apykait\u0105, nerv\u0173 sistem\u0105 ir kraujodar\u0105. Idealiai tinka moterims planuojan\u010dioms n\u0117\u0161tum\u0105 ar jau besilaukian\u010dioms, taip pat visiems, siekiantiems palaikyti ger\u0105 bendr\u0105 savijaut\u0105. Kod\u0117l verta pasirinkti Vitamin\u0105 B12 [&hellip;]<\/p>\n","protected":false},"featured_media":3984,"comment_status":"open","ping_status":"closed","template":"","meta":[],"product_brand":[],"product_cat":[403,254,395,278,272,269,396,340,276,277,404,257,294,377,33,40,243,244,245,247,248,249,20,26,32,193,171,165,144,18,29,23,31,30,34,69,95],"product_tag":[],"class_list":{"0":"post-396","1":"product","2":"type-product","3":"status-publish","4":"has-post-thumbnail","6":"product_cat-11-viskam","7":"product_cat-akcijos","8":"product_cat-b-grupes","9":"product_cat-energijos-apykaitai","10":"product_cat-imuninei-sistemai","11":"product_cat-ispardavimas","12":"product_cat-itampai-nusiraminimui","13":"product_cat-kraujodarai-privalumai","14":"product_cat-nervu-sistemai-privalumai","15":"product_cat-nuovargio-mazinimui-privalumai","16":"product_cat-papildai-susikaupimui-ir-protinei-veiklai","17":"product_cat-privalumai","18":"product_cat-psichologinei-funkcijai-privalumai","19":"product_cat-savaites-top-pasiulymai","20":"product_cat-maisto-papildo-forma","21":"product_cat-tabletes","22":"product_cat-pagrindines-kategorijos","23":"product_cat-moterims","24":"product_cat-vyrams","25":"product_cat-energijai-pagrindines-kategorijos","26":"product_cat-imunitetui-pagrindines-kategorijos","27":"product_cat-nervu-sistemai-pagrindines-kategorijos","28":"product_cat-paskirtis","29":"product_cat-energijai","30":"product_cat-imunitetui","31":"product_cat-kraujodarai","32":"product_cat-nuovargio-mazinimui","33":"product_cat-psichologinei-funkcijai","34":"product_cat-smegenu-veiklai","35":"product_cat-vartotojas","36":"product_cat-moterys","37":"product_cat-paaugliai","38":"product_cat-senjorai","39":"product_cat-vyrai","40":"product_cat-veiklioji-medziaga","41":"product_cat-folio-rugstis","42":"product_cat-vitaminas-b","44":"first","45":"instock","46":"sale","47":"shipping-taxable","48":"purchasable","49":"product-type-simple"},"yoast_head":"<!-- This site is optimized with the Yoast SEO plugin v26.6 - https:\/\/yoast.com\/wordpress\/plugins\/seo\/ -->\n<title>Vitaminas B12+Folio r\u016bg\u0161tis N90 - Vitaminai ir maisto papildai internetu | Vitaminai.lt<\/title>\n<meta name=\"robots\" content=\"index, follow, max-snippet:-1, max-image-preview:large, max-video-preview:-1\" \/>\n<link rel=\"canonical\" href=\"https:\/\/vitaminai.lt\/produktas\/b12folio-rugstis-n90\/\" \/>\n<meta property=\"og:locale\" content=\"en_US\" \/>\n<meta property=\"og:type\" content=\"article\" \/>\n<meta property=\"og:title\" content=\"Vitaminas B12+Folio r\u016bg\u0161tis N90 - Vitaminai ir maisto papildai internetu | Vitaminai.lt\" \/>\n<meta property=\"og:description\" content=\"VITAMINAS B12 SU FOLIO R\u016aG\u0160TIMI Maisto papildas | 90 table\u010di\u0173 Subalansuotas derinys energijai, imunitetui ir n\u0117\u0161tumo palaikymui Vitaminas B12 su folio r\u016bg\u0161timi \u2013 tai svarbus kompleksas, sukurtas palaikyti energijos apykait\u0105, nerv\u0173 sistem\u0105 ir kraujodar\u0105. Idealiai tinka moterims planuojan\u010dioms n\u0117\u0161tum\u0105 ar jau besilaukian\u010dioms, taip pat visiems, siekiantiems palaikyti ger\u0105 bendr\u0105 savijaut\u0105. Kod\u0117l verta pasirinkti Vitamin\u0105 B12 [&hellip;]\" \/>\n<meta property=\"og:url\" content=\"https:\/\/vitaminai.lt\/produktas\/b12folio-rugstis-n90\/\" \/>\n<meta property=\"og:site_name\" content=\"Vitaminai ir maisto papildai internetu | Vitaminai.lt\" \/>\n<meta property=\"article:publisher\" content=\"https:\/\/www.facebook.com\/vitaminai\/\" \/>\n<meta property=\"article:modified_time\" content=\"2026-04-08T08:25:20+00:00\" \/>\n<meta property=\"og:image\" content=\"https:\/\/vitaminai.lt\/wp-content\/uploads\/2024\/08\/viber_image_2025-05-12_17-35-17-002.jpg\" \/>\n\t<meta property=\"og:image:width\" content=\"1600\" \/>\n\t<meta property=\"og:image:height\" content=\"1561\" \/>\n\t<meta property=\"og:image:type\" content=\"image\/jpeg\" \/>\n<meta name=\"twitter:card\" content=\"summary_large_image\" \/>\n<meta name=\"twitter:label1\" content=\"Est. reading time\" \/>\n\t<meta name=\"twitter:data1\" content=\"1 minute\" \/>\n<script type=\"application\/ld+json\" class=\"yoast-schema-graph\">{\"@context\":\"https:\/\/schema.org\",\"@graph\":[{\"@type\":\"WebPage\",\"@id\":\"https:\/\/vitaminai.lt\/produktas\/b12folio-rugstis-n90\/\",\"url\":\"https:\/\/vitaminai.lt\/produktas\/b12folio-rugstis-n90\/\",\"name\":\"Vitaminas B12+Folio r\u016bg\u0161tis N90 - Vitaminai ir maisto papildai internetu | Vitaminai.lt\",\"isPartOf\":{\"@id\":\"https:\/\/vitaminai.lt\/#website\"},\"primaryImageOfPage\":{\"@id\":\"https:\/\/vitaminai.lt\/produktas\/b12folio-rugstis-n90\/#primaryimage\"},\"image\":{\"@id\":\"https:\/\/vitaminai.lt\/produktas\/b12folio-rugstis-n90\/#primaryimage\"},\"thumbnailUrl\":\"https:\/\/vitaminai.lt\/wp-content\/uploads\/2024\/08\/viber_image_2025-05-12_17-35-17-002.jpg\",\"datePublished\":\"2024-08-13T05:53:33+00:00\",\"dateModified\":\"2026-04-08T08:25:20+00:00\",\"breadcrumb\":{\"@id\":\"https:\/\/vitaminai.lt\/produktas\/b12folio-rugstis-n90\/#breadcrumb\"},\"inLanguage\":\"en-US\",\"potentialAction\":[{\"@type\":\"ReadAction\",\"target\":[\"https:\/\/vitaminai.lt\/produktas\/b12folio-rugstis-n90\/\"]}]},{\"@type\":\"ImageObject\",\"inLanguage\":\"en-US\",\"@id\":\"https:\/\/vitaminai.lt\/produktas\/b12folio-rugstis-n90\/#primaryimage\",\"url\":\"https:\/\/vitaminai.lt\/wp-content\/uploads\/2024\/08\/viber_image_2025-05-12_17-35-17-002.jpg\",\"contentUrl\":\"https:\/\/vitaminai.lt\/wp-content\/uploads\/2024\/08\/viber_image_2025-05-12_17-35-17-002.jpg\",\"width\":1600,\"height\":1561},{\"@type\":\"BreadcrumbList\",\"@id\":\"https:\/\/vitaminai.lt\/produktas\/b12folio-rugstis-n90\/#breadcrumb\",\"itemListElement\":[{\"@type\":\"ListItem\",\"position\":1,\"name\":\"Home\",\"item\":\"https:\/\/vitaminai.lt\/\"},{\"@type\":\"ListItem\",\"position\":2,\"name\":\"Produktai\",\"item\":\"https:\/\/vitaminai.lt\/produktai\/\"},{\"@type\":\"ListItem\",\"position\":3,\"name\":\"Vitaminas B12+Folio r\u016bg\u0161tis N90\"}]},{\"@type\":\"WebSite\",\"@id\":\"https:\/\/vitaminai.lt\/#website\",\"url\":\"https:\/\/vitaminai.lt\/\",\"name\":\"Vitaminai ir maisto papildai internetu | Vitaminai.lt\",\"description\":\"\",\"publisher\":{\"@id\":\"https:\/\/vitaminai.lt\/#organization\"},\"potentialAction\":[{\"@type\":\"SearchAction\",\"target\":{\"@type\":\"EntryPoint\",\"urlTemplate\":\"https:\/\/vitaminai.lt\/?s={search_term_string}\"},\"query-input\":{\"@type\":\"PropertyValueSpecification\",\"valueRequired\":true,\"valueName\":\"search_term_string\"}}],\"inLanguage\":\"en-US\"},{\"@type\":\"Organization\",\"@id\":\"https:\/\/vitaminai.lt\/#organization\",\"name\":\"Vitaminai ir maisto papildai internetu | Vitaminai.lt\",\"url\":\"https:\/\/vitaminai.lt\/\",\"logo\":{\"@type\":\"ImageObject\",\"inLanguage\":\"en-US\",\"@id\":\"https:\/\/vitaminai.lt\/#\/schema\/logo\/image\/\",\"url\":\"https:\/\/vitaminai.lt\/wp-content\/uploads\/2025\/01\/g212.png\",\"contentUrl\":\"https:\/\/vitaminai.lt\/wp-content\/uploads\/2025\/01\/g212.png\",\"width\":313,\"height\":74,\"caption\":\"Vitaminai ir maisto papildai internetu | Vitaminai.lt\"},\"image\":{\"@id\":\"https:\/\/vitaminai.lt\/#\/schema\/logo\/image\/\"},\"sameAs\":[\"https:\/\/www.facebook.com\/vitaminai\/\"]}]}<\/script>\n<!-- \/ Yoast SEO plugin. -->","yoast_head_json":{"title":"Vitaminas B12+Folio r\u016bg\u0161tis N90 - Vitaminai ir maisto papildai internetu | Vitaminai.lt","robots":{"index":"index","follow":"follow","max-snippet":"max-snippet:-1","max-image-preview":"max-image-preview:large","max-video-preview":"max-video-preview:-1"},"canonical":"https:\/\/vitaminai.lt\/produktas\/b12folio-rugstis-n90\/","og_locale":"en_US","og_type":"article","og_title":"Vitaminas B12+Folio r\u016bg\u0161tis N90 - Vitaminai ir maisto papildai internetu | Vitaminai.lt","og_description":"VITAMINAS B12 SU FOLIO R\u016aG\u0160TIMI Maisto papildas | 90 table\u010di\u0173 Subalansuotas derinys energijai, imunitetui ir n\u0117\u0161tumo palaikymui Vitaminas B12 su folio r\u016bg\u0161timi \u2013 tai svarbus kompleksas, sukurtas palaikyti energijos apykait\u0105, nerv\u0173 sistem\u0105 ir kraujodar\u0105. Idealiai tinka moterims planuojan\u010dioms n\u0117\u0161tum\u0105 ar jau besilaukian\u010dioms, taip pat visiems, siekiantiems palaikyti ger\u0105 bendr\u0105 savijaut\u0105. Kod\u0117l verta pasirinkti Vitamin\u0105 B12 [&hellip;]","og_url":"https:\/\/vitaminai.lt\/produktas\/b12folio-rugstis-n90\/","og_site_name":"Vitaminai ir maisto papildai internetu | Vitaminai.lt","article_publisher":"https:\/\/www.facebook.com\/vitaminai\/","article_modified_time":"2026-04-08T08:25:20+00:00","og_image":[{"width":1600,"height":1561,"url":"https:\/\/vitaminai.lt\/wp-content\/uploads\/2024\/08\/viber_image_2025-05-12_17-35-17-002.jpg","type":"image\/jpeg"}],"twitter_card":"summary_large_image","twitter_misc":{"Est. reading time":"1 minute"},"schema":{"@context":"https:\/\/schema.org","@graph":[{"@type":"WebPage","@id":"https:\/\/vitaminai.lt\/produktas\/b12folio-rugstis-n90\/","url":"https:\/\/vitaminai.lt\/produktas\/b12folio-rugstis-n90\/","name":"Vitaminas B12+Folio r\u016bg\u0161tis N90 - Vitaminai ir maisto papildai internetu | Vitaminai.lt","isPartOf":{"@id":"https:\/\/vitaminai.lt\/#website"},"primaryImageOfPage":{"@id":"https:\/\/vitaminai.lt\/produktas\/b12folio-rugstis-n90\/#primaryimage"},"image":{"@id":"https:\/\/vitaminai.lt\/produktas\/b12folio-rugstis-n90\/#primaryimage"},"thumbnailUrl":"https:\/\/vitaminai.lt\/wp-content\/uploads\/2024\/08\/viber_image_2025-05-12_17-35-17-002.jpg","datePublished":"2024-08-13T05:53:33+00:00","dateModified":"2026-04-08T08:25:20+00:00","breadcrumb":{"@id":"https:\/\/vitaminai.lt\/produktas\/b12folio-rugstis-n90\/#breadcrumb"},"inLanguage":"en-US","potentialAction":[{"@type":"ReadAction","target":["https:\/\/vitaminai.lt\/produktas\/b12folio-rugstis-n90\/"]}]},{"@type":"ImageObject","inLanguage":"en-US","@id":"https:\/\/vitaminai.lt\/produktas\/b12folio-rugstis-n90\/#primaryimage","url":"https:\/\/vitaminai.lt\/wp-content\/uploads\/2024\/08\/viber_image_2025-05-12_17-35-17-002.jpg","contentUrl":"https:\/\/vitaminai.lt\/wp-content\/uploads\/2024\/08\/viber_image_2025-05-12_17-35-17-002.jpg","width":1600,"height":1561},{"@type":"BreadcrumbList","@id":"https:\/\/vitaminai.lt\/produktas\/b12folio-rugstis-n90\/#breadcrumb","itemListElement":[{"@type":"ListItem","position":1,"name":"Home","item":"https:\/\/vitaminai.lt\/"},{"@type":"ListItem","position":2,"name":"Produktai","item":"https:\/\/vitaminai.lt\/produktai\/"},{"@type":"ListItem","position":3,"name":"Vitaminas B12+Folio r\u016bg\u0161tis N90"}]},{"@type":"WebSite","@id":"https:\/\/vitaminai.lt\/#website","url":"https:\/\/vitaminai.lt\/","name":"Vitaminai ir maisto papildai internetu | Vitaminai.lt","description":"","publisher":{"@id":"https:\/\/vitaminai.lt\/#organization"},"potentialAction":[{"@type":"SearchAction","target":{"@type":"EntryPoint","urlTemplate":"https:\/\/vitaminai.lt\/?s={search_term_string}"},"query-input":{"@type":"PropertyValueSpecification","valueRequired":true,"valueName":"search_term_string"}}],"inLanguage":"en-US"},{"@type":"Organization","@id":"https:\/\/vitaminai.lt\/#organization","name":"Vitaminai ir maisto papildai internetu | Vitaminai.lt","url":"https:\/\/vitaminai.lt\/","logo":{"@type":"ImageObject","inLanguage":"en-US","@id":"https:\/\/vitaminai.lt\/#\/schema\/logo\/image\/","url":"https:\/\/vitaminai.lt\/wp-content\/uploads\/2025\/01\/g212.png","contentUrl":"https:\/\/vitaminai.lt\/wp-content\/uploads\/2025\/01\/g212.png","width":313,"height":74,"caption":"Vitaminai ir maisto papildai internetu | Vitaminai.lt"},"image":{"@id":"https:\/\/vitaminai.lt\/#\/schema\/logo\/image\/"},"sameAs":["https:\/\/www.facebook.com\/vitaminai\/"]}]}},"_links":{"self":[{"href":"https:\/\/vitaminai.lt\/en\/wp-json\/wp\/v2\/product\/396","targetHints":{"allow":["GET"]}}],"collection":[{"href":"https:\/\/vitaminai.lt\/en\/wp-json\/wp\/v2\/product"}],"about":[{"href":"https:\/\/vitaminai.lt\/en\/wp-json\/wp\/v2\/types\/product"}],"replies":[{"embeddable":true,"href":"https:\/\/vitaminai.lt\/en\/wp-json\/wp\/v2\/comments?post=396"}],"wp:featuredmedia":[{"embeddable":true,"href":"https:\/\/vitaminai.lt\/en\/wp-json\/wp\/v2\/media\/3984"}],"wp:attachment":[{"href":"https:\/\/vitaminai.lt\/en\/wp-json\/wp\/v2\/media?parent=396"}],"wp:term":[{"taxonomy":"product_brand","embeddable":true,"href":"https:\/\/vitaminai.lt\/en\/wp-json\/wp\/v2\/product_brand?post=396"},{"taxonomy":"product_cat","embeddable":true,"href":"https:\/\/vitaminai.lt\/en\/wp-json\/wp\/v2\/product_cat?post=396"},{"taxonomy":"product_tag","embeddable":true,"href":"https:\/\/vitaminai.lt\/en\/wp-json\/wp\/v2\/product_tag?post=396"}],"curies":[{"name":"wp","href":"https:\/\/api.w.org\/{rel}","templated":true}]}}