{"id":403,"date":"2024-08-13T05:59:32","date_gmt":"2024-08-13T05:59:32","guid":{"rendered":"https:\/\/vitaminai.lt\/?post_type=product&#038;p=403"},"modified":"2026-04-08T10:27:32","modified_gmt":"2026-04-08T08:27:32","slug":"memory-shots-n14","status":"publish","type":"product","link":"https:\/\/vitaminai.lt\/en\/produktas\/memory-shots-n14\/","title":{"rendered":"Skystasis maisto papildas MEMORY SHOTS N14"},"content":{"rendered":"<article class=\"text-token-text-primary w-full\" dir=\"auto\" data-testid=\"conversation-turn-186\" data-scroll-anchor=\"true\">\n<div class=\"text-base my-auto mx-auto py-5 [--thread-content-margin:--spacing(4)] @[37rem]:[--thread-content-margin:--spacing(6)] @[72rem]:[--thread-content-margin:--spacing(16)] px-(--thread-content-margin)\">\n<div class=\"[--thread-content-max-width:32rem] @[34rem]:[--thread-content-max-width:40rem] @[64rem]:[--thread-content-max-width:48rem] mx-auto flex max-w-(--thread-content-max-width) flex-1 text-base gap-4 md:gap-5 lg:gap-6 group\/turn-messages focus-visible:outline-hidden\" tabindex=\"-1\">\n<div class=\"group\/conversation-turn relative flex w-full min-w-0 flex-col agent-turn\">\n<div class=\"relative flex-col gap-1 md:gap-3\">\n<div class=\"flex max-w-full flex-col grow\">\n<div class=\"min-h-8 text-message relative flex w-full flex-col items-end gap-2 text-start break-words whitespace-normal [.text-message+&amp;]:mt-5\" dir=\"auto\" data-message-author-role=\"assistant\" data-message-id=\"e9227d08-0f81-49ad-9a52-775ccf11ed52\" data-message-model-slug=\"gpt-4o\">\n<div class=\"flex w-full flex-col gap-1 empty:hidden first:pt-[3px]\">\n<div class=\"markdown prose dark:prose-invert w-full break-words light\">\n<h3 data-start=\"195\" data-end=\"211\"><strong data-start=\"199\" data-end=\"209\">MEMORY<\/strong><\/h3>\n<p data-start=\"212\" data-end=\"296\"><strong data-start=\"212\" data-end=\"296\">Maisto papildas | 14 buteliuk\u0173 po 25 ml | Skystas maisto papildas su saldikliais<\/strong><\/p>\n<p data-start=\"298\" data-end=\"368\"><strong data-start=\"298\" data-end=\"368\">Auk\u0161tos kokyb\u0117s sud\u0117tis j\u016bs\u0173 protinei veiklai ir atmin\u010diai gerinti<\/strong><\/p>\n<hr \/>\n<p data-start=\"370\" data-end=\"681\"><strong>\u201eMemory\u201c<\/strong> \u2013 tai unikalus skystas maisto papildas, sukurtas palaikyti normali\u0105 atminties funkcij\u0105, protin\u0119 veikl\u0105 ir bendr\u0105 savijaut\u0105. Formul\u0117je dera augaliniai ekstraktai, aminor\u016bg\u0161tys, vitaminai ir mineralai, kurie veikia sinergi\u0161kai \u2013 gerina koncentracij\u0105, stiprina nerv\u0173 sistem\u0105 ir palaiko pa\u017einimo funkcijas.<\/p>\n<hr data-start=\"1089\" data-end=\"1092\" \/>\n<p data-start=\"1094\" data-end=\"1126\"><strong>Vitaminai ir mineralai:<\/strong><\/p>\n<p><strong>Cinkas<\/strong> ir <strong>gele\u017eis<\/strong> padeda palaikyti normali\u0105 pa\u017einimo funkcij\u0105.<\/p>\n<p><strong>Pantoteno r\u016bg\u0161tis<\/strong> padeda palaikyti normali\u0105 protin\u0119 veikl\u0105.<\/p>\n<p><strong>Gele\u017eis, magnis, pantoteno r\u016bg\u0161tis<\/strong>, <strong>vitaminai B<sub>6<\/sub>, B<sub>12<\/sub> <\/strong>ir<strong> C<\/strong> padeda ma\u017einti pavargimo jausm\u0105 ir nuovarg\u012f, palaiko normali\u0105 energijos apykait\u0105.<\/p>\n<p><strong>Magnis, varis,<\/strong> <strong>vitaminai B<sub>6<\/sub>, B<sub>12<\/sub> <\/strong>ir<strong> C <\/strong>padeda palaikyti normali\u0105 nerv\u0173 sistemos veikl\u0105.<\/p>\n<p><strong>Magnis, vitaminai B<sub>6<\/sub>, B<sub>12<\/sub> <\/strong>ir<strong> C <\/strong>padeda palaikyti normali\u0105 psichologin\u0119 funkcij\u0105.<\/p>\n<p><strong>Cinkas, gele\u017eis, varis, vitaminai B<sub>6<\/sub>, B<sub>12<\/sub> <\/strong>ir<strong> C <\/strong>padeda palaikyti normali\u0105 imunin\u0117s sistemos veikl\u0105.<\/p>\n<p><strong>Cinkas, varis <\/strong>ir<strong> vitaminas C<\/strong> padeda apsaugoti l\u0105steles nuo oksidacin\u0117s pa\u017eaidos.<\/p>\n<p><strong>Vitaminas C<\/strong> gerina gele\u017eies absorbcij\u0105.<\/p>\n<p><strong>Gele\u017eis<\/strong> padeda palaikyti normal\u0173 deguonies perne\u0161im\u0105 organizme.<\/p>\n<p><strong>Varis<\/strong> padeda palaikyti normal\u0173 gele\u017eies perne\u0161im\u0105 organizme.<\/p>\n<p>Papildas sudarytas i\u0161 augalini\u0173 ekstrakt\u0173, toki\u0173 kaip m\u0117lyn\u017eied\u017ei\u0173 ta\u0161kuoni\u0173, ginkmed\u017ei\u0173, arbatmed\u017ei\u0173, ciber\u017eoli\u0173, \u0161alavij\u0173, brokoli\u0173 ir rozmarin\u0173 ekstrakt\u0173, bei amino r\u016bg\u0161\u010di\u0173 (acetil L-karnitino, L-taurino, L-arginino ir L-glutamino), \u012ftraukt\u0173 kaip nat\u016bralios kilm\u0117s sudedamosios dalys kasdien\u0117s mitybos papildymui.<\/p>\n<hr \/>\n<p data-start=\"1676\" data-end=\"1862\" data-is-last-node=\"\" data-is-only-node=\"\"><strong data-start=\"499\" data-end=\"573\">\u201eMemory\u201c\u00a0\u2013 nat\u016brali pagalba pa\u017einimo funkcijai ir nerv\u0173 sistemos veiklai<\/strong><br data-start=\"573\" data-end=\"576\" \/>Sud\u0117tyje esantys cinkas, gele\u017eis, magnis, vitaminai B6, B12 ir pantoteno r\u016bg\u0161tis padeda palaikyti normali\u0105 pa\u017einimo funkcij\u0105, nerv\u0173 sistemos veikl\u0105 ir psichologin\u0119 funkcij\u0105.<\/p>\n<\/div>\n<\/div>\n<\/div>\n<\/div>\n<\/div>\n<\/div>\n<\/div>\n<\/div>\n<\/article>\n","protected":false},"excerpt":{"rendered":"<p>MEMORY Maisto papildas | 14 buteliuk\u0173 po 25 ml | Skystas maisto papildas su saldikliais Auk\u0161tos kokyb\u0117s sud\u0117tis j\u016bs\u0173 protinei veiklai ir atmin\u010diai gerinti \u201eMemory\u201c \u2013 tai unikalus skystas maisto papildas, sukurtas palaikyti normali\u0105 atminties funkcij\u0105, protin\u0119 veikl\u0105 ir bendr\u0105 savijaut\u0105. Formul\u0117je dera augaliniai ekstraktai, aminor\u016bg\u0161tys, vitaminai ir mineralai, kurie veikia sinergi\u0161kai \u2013 gerina koncentracij\u0105, [&hellip;]<\/p>\n","protected":false},"featured_media":861,"comment_status":"open","ping_status":"closed","template":"","meta":[],"product_brand":[],"product_cat":[403,254,274,343,395,404,292,257,275,294,377,344,368,33,41,243,244,245,249,20,43,142,144,18,29,31,30,34,62,64,65,66,70,72,83,85,93,95,96],"product_tag":[],"class_list":{"0":"post-403","1":"product","2":"type-product","3":"status-publish","4":"has-post-thumbnail","6":"product_cat-11-viskam","7":"product_cat-akcijos","8":"product_cat-antioksidacinis-poveikis","9":"product_cat-atminciai-gerinti","10":"product_cat-b-grupes","11":"product_cat-papildai-susikaupimui-ir-protinei-veiklai","12":"product_cat-pazinimo-funkcijai-privalumai","13":"product_cat-privalumai","14":"product_cat-protinei-veiklai-privalumai","15":"product_cat-psichologinei-funkcijai-privalumai","16":"product_cat-savaites-top-pasiulymai","17":"product_cat-smegenu-ir-centrines-nervu-sistemos-veiklai","18":"product_cat-sportuojantiems-pagrindines-kategorijos","19":"product_cat-maisto-papildo-forma","20":"product_cat-skystieji-maisto-papildai","21":"product_cat-pagrindines-kategorijos","22":"product_cat-moterims","23":"product_cat-vyrams","24":"product_cat-nervu-sistemai-pagrindines-kategorijos","25":"product_cat-paskirtis","26":"product_cat-atminciai","27":"product_cat-protinei-veiklai","28":"product_cat-smegenu-veiklai","29":"product_cat-vartotojas","30":"product_cat-moterys","31":"product_cat-senjorai","32":"product_cat-vyrai","33":"product_cat-veiklioji-medziaga","34":"product_cat-antioksidantai","35":"product_cat-brokoliai","36":"product_cat-ciberzole","37":"product_cat-cinkas","38":"product_cat-gelezis","39":"product_cat-ginkmedis","40":"product_cat-magnis","41":"product_cat-multivitaminai","42":"product_cat-varis","43":"product_cat-vitaminas-b","44":"product_cat-vitaminas-c","46":"first","47":"instock","48":"sale","49":"shipping-taxable","50":"purchasable","51":"product-type-simple"},"yoast_head":"<!-- This site is optimized with the Yoast SEO plugin v26.6 - https:\/\/yoast.com\/wordpress\/plugins\/seo\/ -->\n<title>Skystasis maisto papildas MEMORY SHOTS N14 - Vitaminai ir maisto papildai internetu | Vitaminai.lt<\/title>\n<meta name=\"robots\" content=\"index, follow, max-snippet:-1, max-image-preview:large, max-video-preview:-1\" \/>\n<link rel=\"canonical\" href=\"https:\/\/vitaminai.lt\/produktas\/memory-shots-n14\/\" \/>\n<meta property=\"og:locale\" content=\"en_US\" \/>\n<meta property=\"og:type\" content=\"article\" \/>\n<meta property=\"og:title\" content=\"Skystasis maisto papildas MEMORY SHOTS N14 - Vitaminai ir maisto papildai internetu | Vitaminai.lt\" \/>\n<meta property=\"og:description\" content=\"MEMORY Maisto papildas | 14 buteliuk\u0173 po 25 ml | Skystas maisto papildas su saldikliais Auk\u0161tos kokyb\u0117s sud\u0117tis j\u016bs\u0173 protinei veiklai ir atmin\u010diai gerinti \u201eMemory\u201c \u2013 tai unikalus skystas maisto papildas, sukurtas palaikyti normali\u0105 atminties funkcij\u0105, protin\u0119 veikl\u0105 ir bendr\u0105 savijaut\u0105. Formul\u0117je dera augaliniai ekstraktai, aminor\u016bg\u0161tys, vitaminai ir mineralai, kurie veikia sinergi\u0161kai \u2013 gerina koncentracij\u0105, [&hellip;]\" \/>\n<meta property=\"og:url\" content=\"https:\/\/vitaminai.lt\/produktas\/memory-shots-n14\/\" \/>\n<meta property=\"og:site_name\" content=\"Vitaminai ir maisto papildai internetu | Vitaminai.lt\" \/>\n<meta property=\"article:publisher\" content=\"https:\/\/www.facebook.com\/vitaminai\/\" \/>\n<meta property=\"article:modified_time\" content=\"2026-04-08T08:27:32+00:00\" \/>\n<meta property=\"og:image\" content=\"https:\/\/vitaminai.lt\/wp-content\/uploads\/2024\/08\/GN_Memory-maketai-03-1024x1001.png\" \/>\n\t<meta property=\"og:image:width\" content=\"1024\" \/>\n\t<meta property=\"og:image:height\" content=\"1001\" \/>\n\t<meta property=\"og:image:type\" content=\"image\/png\" \/>\n<meta name=\"twitter:card\" content=\"summary_large_image\" \/>\n<meta name=\"twitter:label1\" content=\"Est. reading time\" \/>\n\t<meta name=\"twitter:data1\" content=\"2 minutes\" \/>\n<script type=\"application\/ld+json\" class=\"yoast-schema-graph\">{\"@context\":\"https:\/\/schema.org\",\"@graph\":[{\"@type\":\"WebPage\",\"@id\":\"https:\/\/vitaminai.lt\/produktas\/memory-shots-n14\/\",\"url\":\"https:\/\/vitaminai.lt\/produktas\/memory-shots-n14\/\",\"name\":\"Skystasis maisto papildas MEMORY SHOTS N14 - Vitaminai ir maisto papildai internetu | Vitaminai.lt\",\"isPartOf\":{\"@id\":\"https:\/\/vitaminai.lt\/#website\"},\"primaryImageOfPage\":{\"@id\":\"https:\/\/vitaminai.lt\/produktas\/memory-shots-n14\/#primaryimage\"},\"image\":{\"@id\":\"https:\/\/vitaminai.lt\/produktas\/memory-shots-n14\/#primaryimage\"},\"thumbnailUrl\":\"https:\/\/vitaminai.lt\/wp-content\/uploads\/2024\/08\/GN_Memory-maketai-03.png\",\"datePublished\":\"2024-08-13T05:59:32+00:00\",\"dateModified\":\"2026-04-08T08:27:32+00:00\",\"breadcrumb\":{\"@id\":\"https:\/\/vitaminai.lt\/produktas\/memory-shots-n14\/#breadcrumb\"},\"inLanguage\":\"en-US\",\"potentialAction\":[{\"@type\":\"ReadAction\",\"target\":[\"https:\/\/vitaminai.lt\/produktas\/memory-shots-n14\/\"]}]},{\"@type\":\"ImageObject\",\"inLanguage\":\"en-US\",\"@id\":\"https:\/\/vitaminai.lt\/produktas\/memory-shots-n14\/#primaryimage\",\"url\":\"https:\/\/vitaminai.lt\/wp-content\/uploads\/2024\/08\/GN_Memory-maketai-03.png\",\"contentUrl\":\"https:\/\/vitaminai.lt\/wp-content\/uploads\/2024\/08\/GN_Memory-maketai-03.png\",\"width\":4605,\"height\":4500},{\"@type\":\"BreadcrumbList\",\"@id\":\"https:\/\/vitaminai.lt\/produktas\/memory-shots-n14\/#breadcrumb\",\"itemListElement\":[{\"@type\":\"ListItem\",\"position\":1,\"name\":\"Home\",\"item\":\"https:\/\/vitaminai.lt\/\"},{\"@type\":\"ListItem\",\"position\":2,\"name\":\"Produktai\",\"item\":\"https:\/\/vitaminai.lt\/produktai\/\"},{\"@type\":\"ListItem\",\"position\":3,\"name\":\"Skystasis maisto papildas MEMORY SHOTS N14\"}]},{\"@type\":\"WebSite\",\"@id\":\"https:\/\/vitaminai.lt\/#website\",\"url\":\"https:\/\/vitaminai.lt\/\",\"name\":\"Vitaminai ir maisto papildai internetu | Vitaminai.lt\",\"description\":\"\",\"publisher\":{\"@id\":\"https:\/\/vitaminai.lt\/#organization\"},\"potentialAction\":[{\"@type\":\"SearchAction\",\"target\":{\"@type\":\"EntryPoint\",\"urlTemplate\":\"https:\/\/vitaminai.lt\/?s={search_term_string}\"},\"query-input\":{\"@type\":\"PropertyValueSpecification\",\"valueRequired\":true,\"valueName\":\"search_term_string\"}}],\"inLanguage\":\"en-US\"},{\"@type\":\"Organization\",\"@id\":\"https:\/\/vitaminai.lt\/#organization\",\"name\":\"Vitaminai ir maisto papildai internetu | Vitaminai.lt\",\"url\":\"https:\/\/vitaminai.lt\/\",\"logo\":{\"@type\":\"ImageObject\",\"inLanguage\":\"en-US\",\"@id\":\"https:\/\/vitaminai.lt\/#\/schema\/logo\/image\/\",\"url\":\"https:\/\/vitaminai.lt\/wp-content\/uploads\/2025\/01\/g212.png\",\"contentUrl\":\"https:\/\/vitaminai.lt\/wp-content\/uploads\/2025\/01\/g212.png\",\"width\":313,\"height\":74,\"caption\":\"Vitaminai ir maisto papildai internetu | Vitaminai.lt\"},\"image\":{\"@id\":\"https:\/\/vitaminai.lt\/#\/schema\/logo\/image\/\"},\"sameAs\":[\"https:\/\/www.facebook.com\/vitaminai\/\"]}]}<\/script>\n<!-- \/ Yoast SEO plugin. -->","yoast_head_json":{"title":"Skystasis maisto papildas MEMORY SHOTS N14 - Vitaminai ir maisto papildai internetu | Vitaminai.lt","robots":{"index":"index","follow":"follow","max-snippet":"max-snippet:-1","max-image-preview":"max-image-preview:large","max-video-preview":"max-video-preview:-1"},"canonical":"https:\/\/vitaminai.lt\/produktas\/memory-shots-n14\/","og_locale":"en_US","og_type":"article","og_title":"Skystasis maisto papildas MEMORY SHOTS N14 - Vitaminai ir maisto papildai internetu | Vitaminai.lt","og_description":"MEMORY Maisto papildas | 14 buteliuk\u0173 po 25 ml | Skystas maisto papildas su saldikliais Auk\u0161tos kokyb\u0117s sud\u0117tis j\u016bs\u0173 protinei veiklai ir atmin\u010diai gerinti \u201eMemory\u201c \u2013 tai unikalus skystas maisto papildas, sukurtas palaikyti normali\u0105 atminties funkcij\u0105, protin\u0119 veikl\u0105 ir bendr\u0105 savijaut\u0105. Formul\u0117je dera augaliniai ekstraktai, aminor\u016bg\u0161tys, vitaminai ir mineralai, kurie veikia sinergi\u0161kai \u2013 gerina koncentracij\u0105, [&hellip;]","og_url":"https:\/\/vitaminai.lt\/produktas\/memory-shots-n14\/","og_site_name":"Vitaminai ir maisto papildai internetu | Vitaminai.lt","article_publisher":"https:\/\/www.facebook.com\/vitaminai\/","article_modified_time":"2026-04-08T08:27:32+00:00","og_image":[{"width":1024,"height":1001,"url":"https:\/\/vitaminai.lt\/wp-content\/uploads\/2024\/08\/GN_Memory-maketai-03-1024x1001.png","type":"image\/png"}],"twitter_card":"summary_large_image","twitter_misc":{"Est. reading time":"2 minutes"},"schema":{"@context":"https:\/\/schema.org","@graph":[{"@type":"WebPage","@id":"https:\/\/vitaminai.lt\/produktas\/memory-shots-n14\/","url":"https:\/\/vitaminai.lt\/produktas\/memory-shots-n14\/","name":"Skystasis maisto papildas MEMORY SHOTS N14 - Vitaminai ir maisto papildai internetu | Vitaminai.lt","isPartOf":{"@id":"https:\/\/vitaminai.lt\/#website"},"primaryImageOfPage":{"@id":"https:\/\/vitaminai.lt\/produktas\/memory-shots-n14\/#primaryimage"},"image":{"@id":"https:\/\/vitaminai.lt\/produktas\/memory-shots-n14\/#primaryimage"},"thumbnailUrl":"https:\/\/vitaminai.lt\/wp-content\/uploads\/2024\/08\/GN_Memory-maketai-03.png","datePublished":"2024-08-13T05:59:32+00:00","dateModified":"2026-04-08T08:27:32+00:00","breadcrumb":{"@id":"https:\/\/vitaminai.lt\/produktas\/memory-shots-n14\/#breadcrumb"},"inLanguage":"en-US","potentialAction":[{"@type":"ReadAction","target":["https:\/\/vitaminai.lt\/produktas\/memory-shots-n14\/"]}]},{"@type":"ImageObject","inLanguage":"en-US","@id":"https:\/\/vitaminai.lt\/produktas\/memory-shots-n14\/#primaryimage","url":"https:\/\/vitaminai.lt\/wp-content\/uploads\/2024\/08\/GN_Memory-maketai-03.png","contentUrl":"https:\/\/vitaminai.lt\/wp-content\/uploads\/2024\/08\/GN_Memory-maketai-03.png","width":4605,"height":4500},{"@type":"BreadcrumbList","@id":"https:\/\/vitaminai.lt\/produktas\/memory-shots-n14\/#breadcrumb","itemListElement":[{"@type":"ListItem","position":1,"name":"Home","item":"https:\/\/vitaminai.lt\/"},{"@type":"ListItem","position":2,"name":"Produktai","item":"https:\/\/vitaminai.lt\/produktai\/"},{"@type":"ListItem","position":3,"name":"Skystasis maisto papildas MEMORY SHOTS N14"}]},{"@type":"WebSite","@id":"https:\/\/vitaminai.lt\/#website","url":"https:\/\/vitaminai.lt\/","name":"Vitaminai ir maisto papildai internetu | Vitaminai.lt","description":"","publisher":{"@id":"https:\/\/vitaminai.lt\/#organization"},"potentialAction":[{"@type":"SearchAction","target":{"@type":"EntryPoint","urlTemplate":"https:\/\/vitaminai.lt\/?s={search_term_string}"},"query-input":{"@type":"PropertyValueSpecification","valueRequired":true,"valueName":"search_term_string"}}],"inLanguage":"en-US"},{"@type":"Organization","@id":"https:\/\/vitaminai.lt\/#organization","name":"Vitaminai ir maisto papildai internetu | Vitaminai.lt","url":"https:\/\/vitaminai.lt\/","logo":{"@type":"ImageObject","inLanguage":"en-US","@id":"https:\/\/vitaminai.lt\/#\/schema\/logo\/image\/","url":"https:\/\/vitaminai.lt\/wp-content\/uploads\/2025\/01\/g212.png","contentUrl":"https:\/\/vitaminai.lt\/wp-content\/uploads\/2025\/01\/g212.png","width":313,"height":74,"caption":"Vitaminai ir maisto papildai internetu | Vitaminai.lt"},"image":{"@id":"https:\/\/vitaminai.lt\/#\/schema\/logo\/image\/"},"sameAs":["https:\/\/www.facebook.com\/vitaminai\/"]}]}},"_links":{"self":[{"href":"https:\/\/vitaminai.lt\/en\/wp-json\/wp\/v2\/product\/403","targetHints":{"allow":["GET"]}}],"collection":[{"href":"https:\/\/vitaminai.lt\/en\/wp-json\/wp\/v2\/product"}],"about":[{"href":"https:\/\/vitaminai.lt\/en\/wp-json\/wp\/v2\/types\/product"}],"replies":[{"embeddable":true,"href":"https:\/\/vitaminai.lt\/en\/wp-json\/wp\/v2\/comments?post=403"}],"wp:featuredmedia":[{"embeddable":true,"href":"https:\/\/vitaminai.lt\/en\/wp-json\/wp\/v2\/media\/861"}],"wp:attachment":[{"href":"https:\/\/vitaminai.lt\/en\/wp-json\/wp\/v2\/media?parent=403"}],"wp:term":[{"taxonomy":"product_brand","embeddable":true,"href":"https:\/\/vitaminai.lt\/en\/wp-json\/wp\/v2\/product_brand?post=403"},{"taxonomy":"product_cat","embeddable":true,"href":"https:\/\/vitaminai.lt\/en\/wp-json\/wp\/v2\/product_cat?post=403"},{"taxonomy":"product_tag","embeddable":true,"href":"https:\/\/vitaminai.lt\/en\/wp-json\/wp\/v2\/product_tag?post=403"}],"curies":[{"name":"wp","href":"https:\/\/api.w.org\/{rel}","templated":true}]}}