{"id":414,"date":"2024-08-13T06:04:21","date_gmt":"2024-08-13T06:04:21","guid":{"rendered":"https:\/\/vitaminai.lt\/?post_type=product&#038;p=414"},"modified":"2026-04-08T10:28:37","modified_gmt":"2026-04-08T08:28:37","slug":"energy-shots-n14","status":"publish","type":"product","link":"https:\/\/vitaminai.lt\/en\/produktas\/energy-shots-n14\/","title":{"rendered":"Skystasis maisto papildas ENERGY SHOTS N14"},"content":{"rendered":"<div class=\"flex-shrink-0 flex flex-col relative items-end\">\n<div class=\"pt-0\">\n<div class=\"gizmo-bot-avatar flex h-8 w-8 items-center justify-center overflow-hidden rounded-full\">\n<div class=\"relative p-1 rounded-sm flex items-center justify-center bg-token-main-surface-primary text-token-text-primary h-8 w-8\">\n<h3 data-start=\"171\" data-end=\"193\"><strong data-start=\"175\" data-end=\"191\">ENERGY Shots<\/strong><\/h3>\n<p data-start=\"194\" data-end=\"278\"><strong data-start=\"194\" data-end=\"278\">Maisto papildas | 14 buteliuk\u0173 po 25 ml | Skystas maisto papildas su saldikliais<\/strong><\/p>\n<hr \/>\n<p data-start=\"380\" data-end=\"666\"><strong>\u201eENERGY Shots\u201c<\/strong> \u2013 skystas maisto papildas su kofeinu, augaliniais ekstraktais, vitaminais ir aminor\u016bg\u0161timis. Sud\u0117tyje esantys vitaminai prisideda prie normalios energijos apykaitos ir padeda ma\u017einti pavargimo bei nuovargio jausm\u0105.<\/p>\n<hr \/>\n<p data-start=\"1239\" data-end=\"1301\"><strong>Vitaminai ir mineralai energijai bei gerai savijautai:<\/strong><\/p>\n<p data-start=\"1303\" data-end=\"1722\"><strong data-start=\"103\" data-end=\"118\">Vitaminas C<\/strong> \u2013 prisideda prie normalios imunin\u0117s sistemos veiklos, normalios energijos apykaitos ir normalios psichologin\u0117s funkcijos, padeda ma\u017einti pavargimo jausm\u0105 ir nuovarg\u012f bei prisideda prie normalaus kolageno susidarymo, reikalingo normaliai organizmo funkcijai palaikyti.<\/p>\n<p data-start=\"261\" data-end=\"434\"><strong data-start=\"261\" data-end=\"288\">Tiaminas (vitaminas B1)<\/strong> \u2013 prisideda prie normalios energijos apykaitos, normalios nerv\u0173 sistemos veiklos, normalios psichologin\u0117s funkcijos ir normalios \u0161irdies veiklos.<\/p>\n<p data-start=\"436\" data-end=\"651\"><strong data-start=\"436\" data-end=\"467\">Riboflavinas (vitaminas B2)<\/strong> \u2013 prisideda prie normalios energijos apykaitos ir normalios nerv\u0173 sistemos veiklos, padeda ma\u017einti pavargimo jausm\u0105 ir nuovarg\u012f bei padeda apsaugoti l\u0105steles nuo oksidacin\u0117s pa\u017eaidos.<\/p>\n<p data-start=\"653\" data-end=\"889\"><strong data-start=\"653\" data-end=\"680\">Niacinas (vitaminas B3)<\/strong> \u2013 prisideda prie normalios energijos apykaitos, normalios nerv\u0173 sistemos veiklos ir normalios psichologin\u0117s funkcijos, padeda ma\u017einti pavargimo jausm\u0105 ir nuovarg\u012f bei palaiko normali\u0105 gleivini\u0173 ir odos b\u016bkl\u0119.<\/p>\n<p data-start=\"891\" data-end=\"1130\"><strong data-start=\"891\" data-end=\"907\">Vitaminas B6<\/strong> \u2013 prisideda prie normalios nerv\u0173 sistemos veiklos, normalios energijos apykaitos ir normalios psichologin\u0117s funkcijos, padeda ma\u017einti pavargimo jausm\u0105 ir nuovarg\u012f bei prisideda prie normalios hormon\u0173 aktyvumo reguliacijos.<\/p>\n<p data-start=\"1132\" data-end=\"1270\"><strong data-start=\"1132\" data-end=\"1149\">Vitaminas B12<\/strong> \u2013 prisideda prie normalios energijos apykaitos, normalios nerv\u0173 sistemos veiklos ir normalios imunin\u0117s sistemos veiklos.<\/p>\n<p data-start=\"1272\" data-end=\"1456\"><strong data-start=\"1272\" data-end=\"1284\">Biotinas<\/strong> \u2013 prisideda prie normalios energijos apykaitos, normalios nerv\u0173 sistemos veiklos ir normalios psichologin\u0117s funkcijos bei palaiko normali\u0105 odos, plauk\u0173 ir gleivini\u0173 b\u016bkl\u0119.<\/p>\n<p data-start=\"1458\" data-end=\"1650\"><strong data-start=\"1458\" data-end=\"1490\">Folio r\u016bg\u0161tis (vitaminas B9)<\/strong> \u2013 prisideda prie normalios kraujodaros, normalios imunin\u0117s sistemos veiklos, normalios psichologin\u0117s funkcijos ir padeda ma\u017einti pavargimo jausm\u0105 bei nuovarg\u012f.<\/p>\n<p data-start=\"1652\" data-end=\"1803\"><strong data-start=\"1652\" data-end=\"1664\">Manganas<\/strong> \u2013 prisideda prie normalios energijos apykaitos ir normalios kaul\u0173 b\u016bkl\u0117s palaikymo bei padeda apsaugoti l\u0105steles nuo oksidacin\u0117s pa\u017eaidos.<\/p>\n<p data-start=\"1652\" data-end=\"1803\">Augalin\u0117s kilm\u0117s sudedamosios dalys papildo maisto papildo sud\u0117t\u012f: gvaranin\u0117 paulinija, paragvajinis bugienis, rausvoji radiol\u0117, juodasis eleuterokokas ir arbatmed\u017eio lapai.<\/p>\n<hr \/>\n<p><strong data-start=\"1734\" data-end=\"1765\">Kod\u0117l rinktis \u201eENERGY Shots\u201c?<\/strong><\/p>\n<\/div>\n<p data-start=\"1730\" data-end=\"1823\"><strong>Sud\u0117tyje yra<\/strong> augalini\u0173 ekstrakt\u0173, vitamin\u0173 ir aminor\u016bg\u0161\u010di\u0173.<\/p>\n<p data-start=\"1830\" data-end=\"2018\"><strong data-start=\"1830\" data-end=\"1863\">Vitaminai energijos apykaitai<\/strong> \u2013 vitaminai B6, B12, C, niacinas, riboflavinas ir tiaminas prisideda prie normalios energijos apykaitos ir padeda ma\u017einti pavargimo jausm\u0105 bei nuovarg\u012f.<\/p>\n<p data-start=\"2025\" data-end=\"2085\"><strong data-start=\"2025\" data-end=\"2041\">Patogi forma<\/strong> \u2013 skystas buteliukas patogiam vartojimui.<\/p>\n<p data-start=\"2092\" data-end=\"2173\"><strong data-start=\"2092\" data-end=\"2117\">Kasdieniam vartojimui<\/strong> \u2013 tinkamas \u017emon\u0117ms, gyvenantiems aktyviu gyvenimo b\u016bdu.<\/p>\n<\/div>\n<\/div>\n<\/div>\n","protected":false},"excerpt":{"rendered":"<p>ENERGY Shots Maisto papildas | 14 buteliuk\u0173 po 25 ml | Skystas maisto papildas su saldikliais \u201eENERGY Shots\u201c \u2013 skystas maisto papildas su kofeinu, augaliniais ekstraktais, vitaminais ir aminor\u016bg\u0161timis. Sud\u0117tyje esantys vitaminai prisideda prie normalios energijos apykaitos ir padeda ma\u017einti pavargimo bei nuovargio jausm\u0105. Vitaminai ir mineralai energijai bei gerai savijautai: Vitaminas C \u2013 prisideda [&hellip;]<\/p>\n","protected":false},"featured_media":862,"comment_status":"open","ping_status":"closed","template":"","meta":[],"product_brand":[],"product_cat":[403,254,395,278,349,272,347,277,404,257,348,377,368,33,41,243,244,245,247,20,26,32,171,59,18,29,31,30,34,62,63,69,79,123,85,95,96],"product_tag":[],"class_list":{"0":"post-414","1":"product","2":"type-product","3":"status-publish","4":"has-post-thumbnail","6":"product_cat-11-viskam","7":"product_cat-akcijos","8":"product_cat-b-grupes","9":"product_cat-energijos-apykaitai","10":"product_cat-gerai-psichologinei-savijautai","11":"product_cat-imuninei-sistemai","12":"product_cat-normalaus-kuno-svorio-palaikymui","13":"product_cat-nuovargio-mazinimui-privalumai","14":"product_cat-papildai-susikaupimui-ir-protinei-veiklai","15":"product_cat-privalumai","16":"product_cat-riebalu-ir-lipidu-apykaitai","17":"product_cat-savaites-top-pasiulymai","18":"product_cat-sportuojantiems-pagrindines-kategorijos","19":"product_cat-maisto-papildo-forma","20":"product_cat-skystieji-maisto-papildai","21":"product_cat-pagrindines-kategorijos","22":"product_cat-moterims","23":"product_cat-vyrams","24":"product_cat-energijai-pagrindines-kategorijos","25":"product_cat-paskirtis","26":"product_cat-energijai","27":"product_cat-imunitetui","28":"product_cat-nuovargio-mazinimui","29":"product_cat-sportuojantiems","30":"product_cat-vartotojas","31":"product_cat-moterys","32":"product_cat-senjorai","33":"product_cat-vyrai","34":"product_cat-veiklioji-medziaga","35":"product_cat-antioksidantai","36":"product_cat-biotinas","37":"product_cat-folio-rugstis","38":"product_cat-kofermentas-q10","39":"product_cat-manganas","40":"product_cat-multivitaminai","41":"product_cat-vitaminas-b","42":"product_cat-vitaminas-c","44":"first","45":"instock","46":"sale","47":"shipping-taxable","48":"purchasable","49":"product-type-simple"},"yoast_head":"<!-- This site is optimized with the Yoast SEO plugin v26.6 - https:\/\/yoast.com\/wordpress\/plugins\/seo\/ -->\n<title>Skystasis maisto papildas ENERGY SHOTS N14 - Vitaminai ir maisto papildai internetu | Vitaminai.lt<\/title>\n<meta name=\"robots\" content=\"index, follow, max-snippet:-1, max-image-preview:large, max-video-preview:-1\" \/>\n<link rel=\"canonical\" href=\"https:\/\/vitaminai.lt\/produktas\/energy-shots-n14\/\" \/>\n<meta property=\"og:locale\" content=\"en_US\" \/>\n<meta property=\"og:type\" content=\"article\" \/>\n<meta property=\"og:title\" content=\"Skystasis maisto papildas ENERGY SHOTS N14 - Vitaminai ir maisto papildai internetu | Vitaminai.lt\" \/>\n<meta property=\"og:description\" content=\"ENERGY Shots Maisto papildas | 14 buteliuk\u0173 po 25 ml | Skystas maisto papildas su saldikliais \u201eENERGY Shots\u201c \u2013 skystas maisto papildas su kofeinu, augaliniais ekstraktais, vitaminais ir aminor\u016bg\u0161timis. Sud\u0117tyje esantys vitaminai prisideda prie normalios energijos apykaitos ir padeda ma\u017einti pavargimo bei nuovargio jausm\u0105. Vitaminai ir mineralai energijai bei gerai savijautai: Vitaminas C \u2013 prisideda [&hellip;]\" \/>\n<meta property=\"og:url\" content=\"https:\/\/vitaminai.lt\/produktas\/energy-shots-n14\/\" \/>\n<meta property=\"og:site_name\" content=\"Vitaminai ir maisto papildai internetu | Vitaminai.lt\" \/>\n<meta property=\"article:publisher\" content=\"https:\/\/www.facebook.com\/vitaminai\/\" \/>\n<meta property=\"article:modified_time\" content=\"2026-04-08T08:28:37+00:00\" \/>\n<meta property=\"og:image\" content=\"https:\/\/vitaminai.lt\/wp-content\/uploads\/2024\/08\/GN_Energy_Maketai-03-1024x1001.png\" \/>\n\t<meta property=\"og:image:width\" content=\"1024\" \/>\n\t<meta property=\"og:image:height\" content=\"1001\" \/>\n\t<meta property=\"og:image:type\" content=\"image\/png\" \/>\n<meta name=\"twitter:card\" content=\"summary_large_image\" \/>\n<meta name=\"twitter:label1\" content=\"Est. reading time\" \/>\n\t<meta name=\"twitter:data1\" content=\"2 minutes\" \/>\n<script type=\"application\/ld+json\" class=\"yoast-schema-graph\">{\"@context\":\"https:\/\/schema.org\",\"@graph\":[{\"@type\":\"WebPage\",\"@id\":\"https:\/\/vitaminai.lt\/produktas\/energy-shots-n14\/\",\"url\":\"https:\/\/vitaminai.lt\/produktas\/energy-shots-n14\/\",\"name\":\"Skystasis maisto papildas ENERGY SHOTS N14 - Vitaminai ir maisto papildai internetu | Vitaminai.lt\",\"isPartOf\":{\"@id\":\"https:\/\/vitaminai.lt\/#website\"},\"primaryImageOfPage\":{\"@id\":\"https:\/\/vitaminai.lt\/produktas\/energy-shots-n14\/#primaryimage\"},\"image\":{\"@id\":\"https:\/\/vitaminai.lt\/produktas\/energy-shots-n14\/#primaryimage\"},\"thumbnailUrl\":\"https:\/\/vitaminai.lt\/wp-content\/uploads\/2024\/08\/GN_Energy_Maketai-03.png\",\"datePublished\":\"2024-08-13T06:04:21+00:00\",\"dateModified\":\"2026-04-08T08:28:37+00:00\",\"breadcrumb\":{\"@id\":\"https:\/\/vitaminai.lt\/produktas\/energy-shots-n14\/#breadcrumb\"},\"inLanguage\":\"en-US\",\"potentialAction\":[{\"@type\":\"ReadAction\",\"target\":[\"https:\/\/vitaminai.lt\/produktas\/energy-shots-n14\/\"]}]},{\"@type\":\"ImageObject\",\"inLanguage\":\"en-US\",\"@id\":\"https:\/\/vitaminai.lt\/produktas\/energy-shots-n14\/#primaryimage\",\"url\":\"https:\/\/vitaminai.lt\/wp-content\/uploads\/2024\/08\/GN_Energy_Maketai-03.png\",\"contentUrl\":\"https:\/\/vitaminai.lt\/wp-content\/uploads\/2024\/08\/GN_Energy_Maketai-03.png\",\"width\":4605,\"height\":4500},{\"@type\":\"BreadcrumbList\",\"@id\":\"https:\/\/vitaminai.lt\/produktas\/energy-shots-n14\/#breadcrumb\",\"itemListElement\":[{\"@type\":\"ListItem\",\"position\":1,\"name\":\"Home\",\"item\":\"https:\/\/vitaminai.lt\/\"},{\"@type\":\"ListItem\",\"position\":2,\"name\":\"Produktai\",\"item\":\"https:\/\/vitaminai.lt\/produktai\/\"},{\"@type\":\"ListItem\",\"position\":3,\"name\":\"Skystasis maisto papildas ENERGY SHOTS N14\"}]},{\"@type\":\"WebSite\",\"@id\":\"https:\/\/vitaminai.lt\/#website\",\"url\":\"https:\/\/vitaminai.lt\/\",\"name\":\"Vitaminai ir maisto papildai internetu | Vitaminai.lt\",\"description\":\"\",\"publisher\":{\"@id\":\"https:\/\/vitaminai.lt\/#organization\"},\"potentialAction\":[{\"@type\":\"SearchAction\",\"target\":{\"@type\":\"EntryPoint\",\"urlTemplate\":\"https:\/\/vitaminai.lt\/?s={search_term_string}\"},\"query-input\":{\"@type\":\"PropertyValueSpecification\",\"valueRequired\":true,\"valueName\":\"search_term_string\"}}],\"inLanguage\":\"en-US\"},{\"@type\":\"Organization\",\"@id\":\"https:\/\/vitaminai.lt\/#organization\",\"name\":\"Vitaminai ir maisto papildai internetu | Vitaminai.lt\",\"url\":\"https:\/\/vitaminai.lt\/\",\"logo\":{\"@type\":\"ImageObject\",\"inLanguage\":\"en-US\",\"@id\":\"https:\/\/vitaminai.lt\/#\/schema\/logo\/image\/\",\"url\":\"https:\/\/vitaminai.lt\/wp-content\/uploads\/2025\/01\/g212.png\",\"contentUrl\":\"https:\/\/vitaminai.lt\/wp-content\/uploads\/2025\/01\/g212.png\",\"width\":313,\"height\":74,\"caption\":\"Vitaminai ir maisto papildai internetu | Vitaminai.lt\"},\"image\":{\"@id\":\"https:\/\/vitaminai.lt\/#\/schema\/logo\/image\/\"},\"sameAs\":[\"https:\/\/www.facebook.com\/vitaminai\/\"]}]}<\/script>\n<!-- \/ Yoast SEO plugin. -->","yoast_head_json":{"title":"Skystasis maisto papildas ENERGY SHOTS N14 - Vitaminai ir maisto papildai internetu | Vitaminai.lt","robots":{"index":"index","follow":"follow","max-snippet":"max-snippet:-1","max-image-preview":"max-image-preview:large","max-video-preview":"max-video-preview:-1"},"canonical":"https:\/\/vitaminai.lt\/produktas\/energy-shots-n14\/","og_locale":"en_US","og_type":"article","og_title":"Skystasis maisto papildas ENERGY SHOTS N14 - Vitaminai ir maisto papildai internetu | Vitaminai.lt","og_description":"ENERGY Shots Maisto papildas | 14 buteliuk\u0173 po 25 ml | Skystas maisto papildas su saldikliais \u201eENERGY Shots\u201c \u2013 skystas maisto papildas su kofeinu, augaliniais ekstraktais, vitaminais ir aminor\u016bg\u0161timis. Sud\u0117tyje esantys vitaminai prisideda prie normalios energijos apykaitos ir padeda ma\u017einti pavargimo bei nuovargio jausm\u0105. Vitaminai ir mineralai energijai bei gerai savijautai: Vitaminas C \u2013 prisideda [&hellip;]","og_url":"https:\/\/vitaminai.lt\/produktas\/energy-shots-n14\/","og_site_name":"Vitaminai ir maisto papildai internetu | Vitaminai.lt","article_publisher":"https:\/\/www.facebook.com\/vitaminai\/","article_modified_time":"2026-04-08T08:28:37+00:00","og_image":[{"width":1024,"height":1001,"url":"https:\/\/vitaminai.lt\/wp-content\/uploads\/2024\/08\/GN_Energy_Maketai-03-1024x1001.png","type":"image\/png"}],"twitter_card":"summary_large_image","twitter_misc":{"Est. reading time":"2 minutes"},"schema":{"@context":"https:\/\/schema.org","@graph":[{"@type":"WebPage","@id":"https:\/\/vitaminai.lt\/produktas\/energy-shots-n14\/","url":"https:\/\/vitaminai.lt\/produktas\/energy-shots-n14\/","name":"Skystasis maisto papildas ENERGY SHOTS N14 - Vitaminai ir maisto papildai internetu | Vitaminai.lt","isPartOf":{"@id":"https:\/\/vitaminai.lt\/#website"},"primaryImageOfPage":{"@id":"https:\/\/vitaminai.lt\/produktas\/energy-shots-n14\/#primaryimage"},"image":{"@id":"https:\/\/vitaminai.lt\/produktas\/energy-shots-n14\/#primaryimage"},"thumbnailUrl":"https:\/\/vitaminai.lt\/wp-content\/uploads\/2024\/08\/GN_Energy_Maketai-03.png","datePublished":"2024-08-13T06:04:21+00:00","dateModified":"2026-04-08T08:28:37+00:00","breadcrumb":{"@id":"https:\/\/vitaminai.lt\/produktas\/energy-shots-n14\/#breadcrumb"},"inLanguage":"en-US","potentialAction":[{"@type":"ReadAction","target":["https:\/\/vitaminai.lt\/produktas\/energy-shots-n14\/"]}]},{"@type":"ImageObject","inLanguage":"en-US","@id":"https:\/\/vitaminai.lt\/produktas\/energy-shots-n14\/#primaryimage","url":"https:\/\/vitaminai.lt\/wp-content\/uploads\/2024\/08\/GN_Energy_Maketai-03.png","contentUrl":"https:\/\/vitaminai.lt\/wp-content\/uploads\/2024\/08\/GN_Energy_Maketai-03.png","width":4605,"height":4500},{"@type":"BreadcrumbList","@id":"https:\/\/vitaminai.lt\/produktas\/energy-shots-n14\/#breadcrumb","itemListElement":[{"@type":"ListItem","position":1,"name":"Home","item":"https:\/\/vitaminai.lt\/"},{"@type":"ListItem","position":2,"name":"Produktai","item":"https:\/\/vitaminai.lt\/produktai\/"},{"@type":"ListItem","position":3,"name":"Skystasis maisto papildas ENERGY SHOTS N14"}]},{"@type":"WebSite","@id":"https:\/\/vitaminai.lt\/#website","url":"https:\/\/vitaminai.lt\/","name":"Vitaminai ir maisto papildai internetu | Vitaminai.lt","description":"","publisher":{"@id":"https:\/\/vitaminai.lt\/#organization"},"potentialAction":[{"@type":"SearchAction","target":{"@type":"EntryPoint","urlTemplate":"https:\/\/vitaminai.lt\/?s={search_term_string}"},"query-input":{"@type":"PropertyValueSpecification","valueRequired":true,"valueName":"search_term_string"}}],"inLanguage":"en-US"},{"@type":"Organization","@id":"https:\/\/vitaminai.lt\/#organization","name":"Vitaminai ir maisto papildai internetu | Vitaminai.lt","url":"https:\/\/vitaminai.lt\/","logo":{"@type":"ImageObject","inLanguage":"en-US","@id":"https:\/\/vitaminai.lt\/#\/schema\/logo\/image\/","url":"https:\/\/vitaminai.lt\/wp-content\/uploads\/2025\/01\/g212.png","contentUrl":"https:\/\/vitaminai.lt\/wp-content\/uploads\/2025\/01\/g212.png","width":313,"height":74,"caption":"Vitaminai ir maisto papildai internetu | Vitaminai.lt"},"image":{"@id":"https:\/\/vitaminai.lt\/#\/schema\/logo\/image\/"},"sameAs":["https:\/\/www.facebook.com\/vitaminai\/"]}]}},"_links":{"self":[{"href":"https:\/\/vitaminai.lt\/en\/wp-json\/wp\/v2\/product\/414","targetHints":{"allow":["GET"]}}],"collection":[{"href":"https:\/\/vitaminai.lt\/en\/wp-json\/wp\/v2\/product"}],"about":[{"href":"https:\/\/vitaminai.lt\/en\/wp-json\/wp\/v2\/types\/product"}],"replies":[{"embeddable":true,"href":"https:\/\/vitaminai.lt\/en\/wp-json\/wp\/v2\/comments?post=414"}],"wp:featuredmedia":[{"embeddable":true,"href":"https:\/\/vitaminai.lt\/en\/wp-json\/wp\/v2\/media\/862"}],"wp:attachment":[{"href":"https:\/\/vitaminai.lt\/en\/wp-json\/wp\/v2\/media?parent=414"}],"wp:term":[{"taxonomy":"product_brand","embeddable":true,"href":"https:\/\/vitaminai.lt\/en\/wp-json\/wp\/v2\/product_brand?post=414"},{"taxonomy":"product_cat","embeddable":true,"href":"https:\/\/vitaminai.lt\/en\/wp-json\/wp\/v2\/product_cat?post=414"},{"taxonomy":"product_tag","embeddable":true,"href":"https:\/\/vitaminai.lt\/en\/wp-json\/wp\/v2\/product_tag?post=414"}],"curies":[{"name":"wp","href":"https:\/\/api.w.org\/{rel}","templated":true}]}}