{"id":432,"date":"2024-08-13T06:10:39","date_gmt":"2024-08-13T06:10:39","guid":{"rendered":"https:\/\/vitaminai.lt\/?post_type=product&#038;p=432"},"modified":"2026-04-08T10:25:19","modified_gmt":"2026-04-08T08:25:19","slug":"omega-3-1000-premium-n30","status":"publish","type":"product","link":"https:\/\/vitaminai.lt\/en\/produktas\/omega-3-1000-premium-n30\/","title":{"rendered":"Auk\u0161tos kokyb\u0117s \u017euv\u0173 taukai Omega-3 1000 PREMIUM N30"},"content":{"rendered":"<div class=\"flex-shrink-0 flex flex-col relative items-end\">\n<div class=\"pt-0\">\n<div class=\"gizmo-bot-avatar flex h-8 w-8 items-center justify-center overflow-hidden rounded-full\">\n<div class=\"relative p-1 rounded-sm flex items-center justify-center bg-token-main-surface-primary text-token-text-primary h-8 w-8\">\n<article class=\"text-token-text-primary w-full\" dir=\"auto\" data-testid=\"conversation-turn-178\" data-scroll-anchor=\"true\">\n<div class=\"text-base my-auto mx-auto py-5 [--thread-content-margin:--spacing(4)] @[37rem]:[--thread-content-margin:--spacing(6)] @[72rem]:[--thread-content-margin:--spacing(16)] px-(--thread-content-margin)\">\n<div class=\"[--thread-content-max-width:32rem] @[34rem]:[--thread-content-max-width:40rem] @[64rem]:[--thread-content-max-width:48rem] mx-auto flex max-w-(--thread-content-max-width) flex-1 text-base gap-4 md:gap-5 lg:gap-6 group\/turn-messages focus-visible:outline-hidden\" tabindex=\"-1\">\n<div class=\"group\/conversation-turn relative flex w-full min-w-0 flex-col agent-turn\">\n<div class=\"relative flex-col gap-1 md:gap-3\">\n<div class=\"flex max-w-full flex-col grow\">\n<div class=\"min-h-8 text-message relative flex w-full flex-col items-end gap-2 text-start break-words whitespace-normal [.text-message+&amp;]:mt-5\" dir=\"auto\" data-message-author-role=\"assistant\" data-message-id=\"19f348bd-a429-4bb5-9fe0-96b5cd8d08cf\" data-message-model-slug=\"gpt-4o\">\n<div class=\"flex w-full flex-col gap-1 empty:hidden first:pt-[3px]\">\n<div class=\"markdown prose dark:prose-invert w-full break-words light\">\n<h3 data-start=\"190\" data-end=\"216\">OMEGA-3 1000 PREMIUM<\/h3>\n<p data-start=\"217\" data-end=\"258\"><strong data-start=\"217\" data-end=\"258\">Maisto papildas | 30 mink\u0161t\u0173 kapsuli\u0173<\/strong><\/p>\n<hr \/>\n<p data-start=\"342\" data-end=\"557\"><strong data-start=\"1476\" data-end=\"1500\">Omega-3 1000 PREMIUM<\/strong> \u2013 tai maisto papildas i\u0161 \u017euv\u0173 tauk\u0173 koncentrato, apr\u016bpinantis organizm\u0105 eikozapentaeno (EPR) ir dokozaheksaeno (DHR) riebal\u0173 r\u016bg\u0161timis. Vienoje kapsul\u0117je yra 1000 mg \u017euv\u0173 tauk\u0173 koncentrato.<\/p>\n<hr \/>\n<p data-start=\"1692\" data-end=\"1737\"><strong>Kod\u0117l verta rinktis Omega-3 1000 PREMIUM?<\/strong><\/p>\n<p data-start=\"1739\" data-end=\"1809\"><strong data-start=\"1739\" data-end=\"1759\">Smegen\u0173 funkcija<\/strong> \u2013 DHR padeda palaikyti normali\u0105 smegen\u0173 funkcij\u0105.<\/p>\n<p data-start=\"1811\" data-end=\"1862\"><strong data-start=\"1811\" data-end=\"1824\">Reg\u0117jimas<\/strong> \u2013 DHR padeda palaikyti normali\u0105 reg\u0105.<\/p>\n<p data-start=\"1864\" data-end=\"2000\"><strong data-start=\"1864\" data-end=\"1884\">\u0160irdies funkcija<\/strong> \u2013 EPR ir DHR padeda palaikyti normali\u0105 \u0161irdies funkcij\u0105, kai per par\u0105 suvartojama ne ma\u017eiau kaip 250 mg EPR ir DHR.<\/p>\n<hr data-start=\"911\" data-end=\"914\" \/>\n<p data-start=\"916\" data-end=\"950\"><strong>Sud\u0117tyje (1 kapsul\u0117je):<\/strong><\/p>\n<p data-start=\"951\" data-end=\"1076\"><strong data-start=\"951\" data-end=\"980\">\u017duv\u0173 tauk\u0173 koncentratas \u2013<\/strong> 1000 mg<\/p>\n<p data-start=\"951\" data-end=\"1076\"><strong data-start=\"991\" data-end=\"1025\">Eikozapentaeno r\u016bg\u0161tis (EPR) \u2013<\/strong> 500 mg<\/p>\n<p data-start=\"951\" data-end=\"1076\"><strong data-start=\"1035\" data-end=\"1069\">Dokozaheksaeno r\u016bg\u0161tis (DHR) \u2013<\/strong> 250 mg<\/p>\n<hr data-start=\"1078\" data-end=\"1081\" \/>\n<p data-start=\"1083\" data-end=\"1207\" data-is-last-node=\"\" data-is-only-node=\"\"><strong>Omega-3 1000 PREMIUM \u2013 su EPR ir DHR, padedan\u010diais palaikyti normali\u0105 \u0161irdies funkcij\u0105, smegen\u0173 funkcij\u0105 ir reg\u0105.<\/strong><\/p>\n<\/div>\n<\/div>\n<\/div>\n<\/div>\n<\/div>\n<\/div>\n<\/div>\n<\/div>\n<\/article>\n<\/div>\n<\/div>\n<\/div>\n<\/div>\n","protected":false},"excerpt":{"rendered":"<p>OMEGA-3 1000 PREMIUM Maisto papildas | 30 mink\u0161t\u0173 kapsuli\u0173 Omega-3 1000 PREMIUM \u2013 tai maisto papildas i\u0161 \u017euv\u0173 tauk\u0173 koncentrato, apr\u016bpinantis organizm\u0105 eikozapentaeno (EPR) ir dokozaheksaeno (DHR) riebal\u0173 r\u016bg\u0161timis. Vienoje kapsul\u0117je yra 1000 mg \u017euv\u0173 tauk\u0173 koncentrato. Kod\u0117l verta rinktis Omega-3 1000 PREMIUM? Smegen\u0173 funkcija \u2013 DHR padeda palaikyti normali\u0105 smegen\u0173 funkcij\u0105. Reg\u0117jimas \u2013 DHR [&hellip;]<\/p>\n","protected":false},"featured_media":434,"comment_status":"open","ping_status":"closed","template":"","meta":[],"product_brand":[],"product_cat":[403,372,352,376,257,258,290,267,368,33,39,243,244,245,246,247,248,249,250,20,21,32,28,144,18,29,23,31,30,34,88],"product_tag":[],"class_list":{"0":"post-432","1":"product","2":"type-product","3":"status-publish","4":"has-post-thumbnail","6":"product_cat-11-viskam","7":"product_cat-akims-pagrindines-kategorijos","8":"product_cat-omega-3-saltinis","9":"product_cat-populiariausi-produktai","10":"product_cat-privalumai","11":"product_cat-regejimui","12":"product_cat-sirdies-veiklai","13":"product_cat-smegenu-veiklai-privalumai","14":"product_cat-sportuojantiems-pagrindines-kategorijos","15":"product_cat-maisto-papildo-forma","16":"product_cat-minkstos-kapsules","17":"product_cat-pagrindines-kategorijos","18":"product_cat-moterims","19":"product_cat-vyrams","20":"product_cat-groziui-2","21":"product_cat-energijai-pagrindines-kategorijos","22":"product_cat-imunitetui-pagrindines-kategorijos","23":"product_cat-nervu-sistemai-pagrindines-kategorijos","24":"product_cat-sirdziai","25":"product_cat-paskirtis","26":"product_cat-akims","27":"product_cat-imunitetui","28":"product_cat-sirdziai-paskirtis","29":"product_cat-smegenu-veiklai","30":"product_cat-vartotojas","31":"product_cat-moterys","32":"product_cat-paaugliai","33":"product_cat-senjorai","34":"product_cat-vyrai","35":"product_cat-veiklioji-medziaga","36":"product_cat-omega-3","38":"first","39":"instock","40":"shipping-taxable","41":"purchasable","42":"product-type-simple"},"yoast_head":"<!-- This site is optimized with the Yoast SEO plugin v26.6 - https:\/\/yoast.com\/wordpress\/plugins\/seo\/ -->\n<title>Auk\u0161tos kokyb\u0117s \u017euv\u0173 taukai Omega-3 1000 PREMIUM N30 - Vitaminai ir maisto papildai internetu | Vitaminai.lt<\/title>\n<meta name=\"robots\" content=\"index, follow, max-snippet:-1, max-image-preview:large, max-video-preview:-1\" \/>\n<link rel=\"canonical\" href=\"https:\/\/vitaminai.lt\/produktas\/omega-3-1000-premium-n30\/\" \/>\n<meta property=\"og:locale\" content=\"en_US\" \/>\n<meta property=\"og:type\" content=\"article\" \/>\n<meta property=\"og:title\" content=\"Auk\u0161tos kokyb\u0117s \u017euv\u0173 taukai Omega-3 1000 PREMIUM N30 - Vitaminai ir maisto papildai internetu | Vitaminai.lt\" \/>\n<meta property=\"og:description\" content=\"OMEGA-3 1000 PREMIUM Maisto papildas | 30 mink\u0161t\u0173 kapsuli\u0173 Omega-3 1000 PREMIUM \u2013 tai maisto papildas i\u0161 \u017euv\u0173 tauk\u0173 koncentrato, apr\u016bpinantis organizm\u0105 eikozapentaeno (EPR) ir dokozaheksaeno (DHR) riebal\u0173 r\u016bg\u0161timis. Vienoje kapsul\u0117je yra 1000 mg \u017euv\u0173 tauk\u0173 koncentrato. Kod\u0117l verta rinktis Omega-3 1000 PREMIUM? Smegen\u0173 funkcija \u2013 DHR padeda palaikyti normali\u0105 smegen\u0173 funkcij\u0105. Reg\u0117jimas \u2013 DHR [&hellip;]\" \/>\n<meta property=\"og:url\" content=\"https:\/\/vitaminai.lt\/produktas\/omega-3-1000-premium-n30\/\" \/>\n<meta property=\"og:site_name\" content=\"Vitaminai ir maisto papildai internetu | Vitaminai.lt\" \/>\n<meta property=\"article:publisher\" content=\"https:\/\/www.facebook.com\/vitaminai\/\" \/>\n<meta property=\"article:modified_time\" content=\"2026-04-08T08:25:19+00:00\" \/>\n<meta property=\"og:image\" content=\"https:\/\/vitaminai.lt\/wp-content\/uploads\/2024\/08\/Omega-3.png\" \/>\n\t<meta property=\"og:image:width\" content=\"1500\" \/>\n\t<meta property=\"og:image:height\" content=\"1455\" \/>\n\t<meta property=\"og:image:type\" content=\"image\/png\" \/>\n<meta name=\"twitter:card\" content=\"summary_large_image\" \/>\n<meta name=\"twitter:label1\" content=\"Est. reading time\" \/>\n\t<meta name=\"twitter:data1\" content=\"1 minute\" \/>\n<script type=\"application\/ld+json\" class=\"yoast-schema-graph\">{\"@context\":\"https:\/\/schema.org\",\"@graph\":[{\"@type\":\"WebPage\",\"@id\":\"https:\/\/vitaminai.lt\/produktas\/omega-3-1000-premium-n30\/\",\"url\":\"https:\/\/vitaminai.lt\/produktas\/omega-3-1000-premium-n30\/\",\"name\":\"Auk\u0161tos kokyb\u0117s \u017euv\u0173 taukai Omega-3 1000 PREMIUM N30 - Vitaminai ir maisto papildai internetu | Vitaminai.lt\",\"isPartOf\":{\"@id\":\"https:\/\/vitaminai.lt\/#website\"},\"primaryImageOfPage\":{\"@id\":\"https:\/\/vitaminai.lt\/produktas\/omega-3-1000-premium-n30\/#primaryimage\"},\"image\":{\"@id\":\"https:\/\/vitaminai.lt\/produktas\/omega-3-1000-premium-n30\/#primaryimage\"},\"thumbnailUrl\":\"https:\/\/vitaminai.lt\/wp-content\/uploads\/2024\/08\/Omega-3.png\",\"datePublished\":\"2024-08-13T06:10:39+00:00\",\"dateModified\":\"2026-04-08T08:25:19+00:00\",\"breadcrumb\":{\"@id\":\"https:\/\/vitaminai.lt\/produktas\/omega-3-1000-premium-n30\/#breadcrumb\"},\"inLanguage\":\"en-US\",\"potentialAction\":[{\"@type\":\"ReadAction\",\"target\":[\"https:\/\/vitaminai.lt\/produktas\/omega-3-1000-premium-n30\/\"]}]},{\"@type\":\"ImageObject\",\"inLanguage\":\"en-US\",\"@id\":\"https:\/\/vitaminai.lt\/produktas\/omega-3-1000-premium-n30\/#primaryimage\",\"url\":\"https:\/\/vitaminai.lt\/wp-content\/uploads\/2024\/08\/Omega-3.png\",\"contentUrl\":\"https:\/\/vitaminai.lt\/wp-content\/uploads\/2024\/08\/Omega-3.png\",\"width\":1500,\"height\":1455},{\"@type\":\"BreadcrumbList\",\"@id\":\"https:\/\/vitaminai.lt\/produktas\/omega-3-1000-premium-n30\/#breadcrumb\",\"itemListElement\":[{\"@type\":\"ListItem\",\"position\":1,\"name\":\"Home\",\"item\":\"https:\/\/vitaminai.lt\/\"},{\"@type\":\"ListItem\",\"position\":2,\"name\":\"Produktai\",\"item\":\"https:\/\/vitaminai.lt\/produktai\/\"},{\"@type\":\"ListItem\",\"position\":3,\"name\":\"Auk\u0161tos kokyb\u0117s \u017euv\u0173 taukai Omega-3 1000 PREMIUM N30\"}]},{\"@type\":\"WebSite\",\"@id\":\"https:\/\/vitaminai.lt\/#website\",\"url\":\"https:\/\/vitaminai.lt\/\",\"name\":\"Vitaminai ir maisto papildai internetu | Vitaminai.lt\",\"description\":\"\",\"publisher\":{\"@id\":\"https:\/\/vitaminai.lt\/#organization\"},\"potentialAction\":[{\"@type\":\"SearchAction\",\"target\":{\"@type\":\"EntryPoint\",\"urlTemplate\":\"https:\/\/vitaminai.lt\/?s={search_term_string}\"},\"query-input\":{\"@type\":\"PropertyValueSpecification\",\"valueRequired\":true,\"valueName\":\"search_term_string\"}}],\"inLanguage\":\"en-US\"},{\"@type\":\"Organization\",\"@id\":\"https:\/\/vitaminai.lt\/#organization\",\"name\":\"Vitaminai ir maisto papildai internetu | Vitaminai.lt\",\"url\":\"https:\/\/vitaminai.lt\/\",\"logo\":{\"@type\":\"ImageObject\",\"inLanguage\":\"en-US\",\"@id\":\"https:\/\/vitaminai.lt\/#\/schema\/logo\/image\/\",\"url\":\"https:\/\/vitaminai.lt\/wp-content\/uploads\/2025\/01\/g212.png\",\"contentUrl\":\"https:\/\/vitaminai.lt\/wp-content\/uploads\/2025\/01\/g212.png\",\"width\":313,\"height\":74,\"caption\":\"Vitaminai ir maisto papildai internetu | Vitaminai.lt\"},\"image\":{\"@id\":\"https:\/\/vitaminai.lt\/#\/schema\/logo\/image\/\"},\"sameAs\":[\"https:\/\/www.facebook.com\/vitaminai\/\"]}]}<\/script>\n<!-- \/ Yoast SEO plugin. -->","yoast_head_json":{"title":"Auk\u0161tos kokyb\u0117s \u017euv\u0173 taukai Omega-3 1000 PREMIUM N30 - Vitaminai ir maisto papildai internetu | Vitaminai.lt","robots":{"index":"index","follow":"follow","max-snippet":"max-snippet:-1","max-image-preview":"max-image-preview:large","max-video-preview":"max-video-preview:-1"},"canonical":"https:\/\/vitaminai.lt\/produktas\/omega-3-1000-premium-n30\/","og_locale":"en_US","og_type":"article","og_title":"Auk\u0161tos kokyb\u0117s \u017euv\u0173 taukai Omega-3 1000 PREMIUM N30 - Vitaminai ir maisto papildai internetu | Vitaminai.lt","og_description":"OMEGA-3 1000 PREMIUM Maisto papildas | 30 mink\u0161t\u0173 kapsuli\u0173 Omega-3 1000 PREMIUM \u2013 tai maisto papildas i\u0161 \u017euv\u0173 tauk\u0173 koncentrato, apr\u016bpinantis organizm\u0105 eikozapentaeno (EPR) ir dokozaheksaeno (DHR) riebal\u0173 r\u016bg\u0161timis. Vienoje kapsul\u0117je yra 1000 mg \u017euv\u0173 tauk\u0173 koncentrato. Kod\u0117l verta rinktis Omega-3 1000 PREMIUM? Smegen\u0173 funkcija \u2013 DHR padeda palaikyti normali\u0105 smegen\u0173 funkcij\u0105. Reg\u0117jimas \u2013 DHR [&hellip;]","og_url":"https:\/\/vitaminai.lt\/produktas\/omega-3-1000-premium-n30\/","og_site_name":"Vitaminai ir maisto papildai internetu | Vitaminai.lt","article_publisher":"https:\/\/www.facebook.com\/vitaminai\/","article_modified_time":"2026-04-08T08:25:19+00:00","og_image":[{"width":1500,"height":1455,"url":"https:\/\/vitaminai.lt\/wp-content\/uploads\/2024\/08\/Omega-3.png","type":"image\/png"}],"twitter_card":"summary_large_image","twitter_misc":{"Est. reading time":"1 minute"},"schema":{"@context":"https:\/\/schema.org","@graph":[{"@type":"WebPage","@id":"https:\/\/vitaminai.lt\/produktas\/omega-3-1000-premium-n30\/","url":"https:\/\/vitaminai.lt\/produktas\/omega-3-1000-premium-n30\/","name":"Auk\u0161tos kokyb\u0117s \u017euv\u0173 taukai Omega-3 1000 PREMIUM N30 - Vitaminai ir maisto papildai internetu | Vitaminai.lt","isPartOf":{"@id":"https:\/\/vitaminai.lt\/#website"},"primaryImageOfPage":{"@id":"https:\/\/vitaminai.lt\/produktas\/omega-3-1000-premium-n30\/#primaryimage"},"image":{"@id":"https:\/\/vitaminai.lt\/produktas\/omega-3-1000-premium-n30\/#primaryimage"},"thumbnailUrl":"https:\/\/vitaminai.lt\/wp-content\/uploads\/2024\/08\/Omega-3.png","datePublished":"2024-08-13T06:10:39+00:00","dateModified":"2026-04-08T08:25:19+00:00","breadcrumb":{"@id":"https:\/\/vitaminai.lt\/produktas\/omega-3-1000-premium-n30\/#breadcrumb"},"inLanguage":"en-US","potentialAction":[{"@type":"ReadAction","target":["https:\/\/vitaminai.lt\/produktas\/omega-3-1000-premium-n30\/"]}]},{"@type":"ImageObject","inLanguage":"en-US","@id":"https:\/\/vitaminai.lt\/produktas\/omega-3-1000-premium-n30\/#primaryimage","url":"https:\/\/vitaminai.lt\/wp-content\/uploads\/2024\/08\/Omega-3.png","contentUrl":"https:\/\/vitaminai.lt\/wp-content\/uploads\/2024\/08\/Omega-3.png","width":1500,"height":1455},{"@type":"BreadcrumbList","@id":"https:\/\/vitaminai.lt\/produktas\/omega-3-1000-premium-n30\/#breadcrumb","itemListElement":[{"@type":"ListItem","position":1,"name":"Home","item":"https:\/\/vitaminai.lt\/"},{"@type":"ListItem","position":2,"name":"Produktai","item":"https:\/\/vitaminai.lt\/produktai\/"},{"@type":"ListItem","position":3,"name":"Auk\u0161tos kokyb\u0117s \u017euv\u0173 taukai Omega-3 1000 PREMIUM N30"}]},{"@type":"WebSite","@id":"https:\/\/vitaminai.lt\/#website","url":"https:\/\/vitaminai.lt\/","name":"Vitaminai ir maisto papildai internetu | Vitaminai.lt","description":"","publisher":{"@id":"https:\/\/vitaminai.lt\/#organization"},"potentialAction":[{"@type":"SearchAction","target":{"@type":"EntryPoint","urlTemplate":"https:\/\/vitaminai.lt\/?s={search_term_string}"},"query-input":{"@type":"PropertyValueSpecification","valueRequired":true,"valueName":"search_term_string"}}],"inLanguage":"en-US"},{"@type":"Organization","@id":"https:\/\/vitaminai.lt\/#organization","name":"Vitaminai ir maisto papildai internetu | Vitaminai.lt","url":"https:\/\/vitaminai.lt\/","logo":{"@type":"ImageObject","inLanguage":"en-US","@id":"https:\/\/vitaminai.lt\/#\/schema\/logo\/image\/","url":"https:\/\/vitaminai.lt\/wp-content\/uploads\/2025\/01\/g212.png","contentUrl":"https:\/\/vitaminai.lt\/wp-content\/uploads\/2025\/01\/g212.png","width":313,"height":74,"caption":"Vitaminai ir maisto papildai internetu | Vitaminai.lt"},"image":{"@id":"https:\/\/vitaminai.lt\/#\/schema\/logo\/image\/"},"sameAs":["https:\/\/www.facebook.com\/vitaminai\/"]}]}},"_links":{"self":[{"href":"https:\/\/vitaminai.lt\/en\/wp-json\/wp\/v2\/product\/432","targetHints":{"allow":["GET"]}}],"collection":[{"href":"https:\/\/vitaminai.lt\/en\/wp-json\/wp\/v2\/product"}],"about":[{"href":"https:\/\/vitaminai.lt\/en\/wp-json\/wp\/v2\/types\/product"}],"replies":[{"embeddable":true,"href":"https:\/\/vitaminai.lt\/en\/wp-json\/wp\/v2\/comments?post=432"}],"wp:featuredmedia":[{"embeddable":true,"href":"https:\/\/vitaminai.lt\/en\/wp-json\/wp\/v2\/media\/434"}],"wp:attachment":[{"href":"https:\/\/vitaminai.lt\/en\/wp-json\/wp\/v2\/media?parent=432"}],"wp:term":[{"taxonomy":"product_brand","embeddable":true,"href":"https:\/\/vitaminai.lt\/en\/wp-json\/wp\/v2\/product_brand?post=432"},{"taxonomy":"product_cat","embeddable":true,"href":"https:\/\/vitaminai.lt\/en\/wp-json\/wp\/v2\/product_cat?post=432"},{"taxonomy":"product_tag","embeddable":true,"href":"https:\/\/vitaminai.lt\/en\/wp-json\/wp\/v2\/product_tag?post=432"}],"curies":[{"name":"wp","href":"https:\/\/api.w.org\/{rel}","templated":true}]}}